{"id":106314,"date":"2026-02-24T07:26:42","date_gmt":"2026-02-24T06:26:42","guid":{"rendered":"https:\/\/truusk.store\/product\/roterbar-accentstol-lasfatolj-i-linne-look-tyg-utan-armstod-med-bred-sits-och-metallben-morkgra\/"},"modified":"2026-03-12T08:53:41","modified_gmt":"2026-03-12T07:53:41","slug":"truusk-roterbar-accentstol-lasfatolj-i-linne-look-tyg-bred-sits-metallben-morkgra","status":"publish","type":"product","link":"https:\/\/truusk.store\/sv\/produkt\/truusk-roterbar-accentstol-lasfatolj-i-linne-look-tyg-bred-sits-metallben-morkgra\/","title":{"rendered":"TRUUSK Roterbar Accentstol &#8211; L\u00e4sf\u00e5t\u00f6lj i Linne-look Tyg &#8211; Bred Sits &#8211; Metallben &#8211; M\u00f6rkgr\u00e5"},"content":{"rendered":"<p>Njut av komfort med [BRAND NAME] loungef\u00e5t\u00f6lj! Med en sittbredd p\u00e5 62 cm och armfritt design kan du sitta bekv\u00e4mt i skr\u00e4ddarposition, str\u00e4cka ut dig eller \u00e4ndra position. H\u00f6jden kan justeras (92-102 cm) och den kan rotera 360\u00b0, vilket g\u00f6r den idealisk f\u00f6r avkoppling, arbete eller l\u00e4sning. Den andningsbara tyget p\u00e5 sv\u00e4ngstolen i linneutseende ger sval komfort &#8211; stilfull och funktionell.<\/p>\n<p>Beskrivning:<\/p>\n<ul>\n<li> Bred 62 cm sittplats m\u00f6jligg\u00f6r flexibelt sittande med korsade ben eller utstr\u00e4ckt h\u00e5llning<\/li>\n<li> H\u00f6jden kan justeras och 360\u00b0 rotationsfunktion ger komfort och enkel r\u00f6rlighet<\/li>\n<li> Andningsbart tyg i linneutseende h\u00e5ller dig sval och bekv\u00e4m<\/li>\n<li> Robust metallram och svart pulverlackerat stativ garanterar h\u00e5llbarhet och stabilitet, b\u00e4r s\u00e4kert upp till 120 kg<\/li>\n<li> Minimalistisk design av l\u00e4sf\u00e5t\u00f6ljen kompletterar olika inredningsstilar utan anstr\u00e4ngning<\/li>\n<li> Snabb montering med tydliga instruktioner f\u00f6renklar uppbyggnaden f\u00f6r mer komfort<\/li>\n<li> M\u00e5ngsidig stoppad stol, idealisk f\u00f6r vardagsrum, kontor eller sminkomr\u00e5den<\/li>\n<\/ul>\n<p> Tekniska data:<\/p>\n<ul>\n<li> F\u00e4rg: M\u00f6rkgr\u00e5+Svart<\/li>\n<li> Material: Tyg med linneutseende (100 % polyester), skum, dockvadd, flerskiktsplatta, metall<\/li>\n<li> Totala m\u00e5tt: 63B x 75T x 92-102H cm<\/li>\n<li> Sittstorlek: 62B x 43T x 44-54H cm<\/li>\n<li> Ryggstorlek: 61B x 55H cm<\/li>\n<li> Tjocklek: 10 cm (sits), 15 cm (rygg)<\/li>\n<li> B\u00e4rkapacitet: 120 kg<\/li>\n<\/ul>\n<p>Leveransinneh\u00e5ll:<\/p>\n<ul>\n<li> 1 x Accentstol<\/li>\n<li> 1 x Bruksanvisning<\/li>\n<\/ul>\n","protected":false},"excerpt":{"rendered":"<p>Njut av komfort med [BRAND NAME] loungef\u00e5t\u00f6lj! Med en sittbredd p\u00e5 62 cm och armfritt design kan du sitta bekv\u00e4mt&#8230;<\/p>\n","protected":false},"featured_media":106304,"template":"","meta":[],"product_brand":[],"product_cat":[871,519,910],"product_tag":[],"class_list":{"0":"post-106314","1":"product","2":"type-product","3":"status-publish","4":"has-post-thumbnail","6":"product_cat-hus-hem","7":"product_cat-stoppade-stolar","8":"product_cat-vardagsrum","10":"first","11":"instock","12":"sale","13":"taxable","14":"shipping-taxable","15":"purchasable","16":"product-type-simple"},"yoast_head":"<!-- This site is optimized with the Yoast SEO plugin v25.4 - https:\/\/yoast.com\/wordpress\/plugins\/seo\/ -->\n<title>TRUUSK Roterbar Accentstol - L\u00e4sf\u00e5t\u00f6lj i Linne-look Tyg - Bred Sits - Metallben - M\u00f6rkgr\u00e5 - TRUUSK - Hem, Tr\u00e4dg\u00e5rd &amp; Fritid<\/title>\n<meta name=\"robots\" content=\"index, follow, max-snippet:-1, max-image-preview:large, max-video-preview:-1\" \/>\n<link rel=\"canonical\" href=\"https:\/\/truusk.store\/sv\/produkt\/truusk-roterbar-accentstol-lasfatolj-i-linne-look-tyg-bred-sits-metallben-morkgra\/\" \/>\n<meta property=\"og:locale\" content=\"sv_SE\" \/>\n<meta property=\"og:type\" content=\"article\" \/>\n<meta property=\"og:title\" content=\"TRUUSK Roterbar Accentstol - L\u00e4sf\u00e5t\u00f6lj i Linne-look Tyg - Bred Sits - Metallben - M\u00f6rkgr\u00e5 - TRUUSK - Hem, Tr\u00e4dg\u00e5rd &amp; Fritid\" \/>\n<meta property=\"og:description\" content=\"Njut av komfort med [BRAND NAME] loungef\u00e5t\u00f6lj! Med en sittbredd p\u00e5 62 cm och armfritt design kan du sitta bekv\u00e4mt...\" \/>\n<meta property=\"og:url\" content=\"https:\/\/truusk.store\/sv\/produkt\/truusk-roterbar-accentstol-lasfatolj-i-linne-look-tyg-bred-sits-metallben-morkgra\/\" \/>\n<meta property=\"og:site_name\" content=\"TRUUSK - Hem, Tr\u00e4dg\u00e5rd &amp; Fritid\" \/>\n<meta property=\"article:modified_time\" content=\"2026-03-12T07:53:41+00:00\" \/>\n<meta property=\"og:image\" content=\"https:\/\/i0.wp.com\/truusk.se\/wp-content\/uploads\/2026\/02\/roterbar-accentstol-lasfatolj-i-linne-look-tyg-utan-armstod-med-bred-sits-och-metallben-morkgra-1.webp?fit=2000%2C2000&ssl=1\" \/>\n\t<meta property=\"og:image:width\" content=\"2000\" \/>\n\t<meta property=\"og:image:height\" content=\"2000\" \/>\n\t<meta property=\"og:image:type\" content=\"image\/webp\" \/>\n<meta name=\"twitter:card\" content=\"summary_large_image\" \/>\n<meta name=\"twitter:label1\" content=\"Ber\u00e4knad l\u00e4stid\" \/>\n\t<meta name=\"twitter:data1\" content=\"1 minut\" \/>\n<!-- \/ Yoast SEO plugin. -->","yoast_head_json":{"title":"TRUUSK Roterbar Accentstol - L\u00e4sf\u00e5t\u00f6lj i Linne-look Tyg - Bred Sits - Metallben - M\u00f6rkgr\u00e5 - TRUUSK - Hem, Tr\u00e4dg\u00e5rd &amp; Fritid","robots":{"index":"index","follow":"follow","max-snippet":"max-snippet:-1","max-image-preview":"max-image-preview:large","max-video-preview":"max-video-preview:-1"},"canonical":"https:\/\/truusk.store\/sv\/produkt\/truusk-roterbar-accentstol-lasfatolj-i-linne-look-tyg-bred-sits-metallben-morkgra\/","og_locale":"sv_SE","og_type":"article","og_title":"TRUUSK Roterbar Accentstol - L\u00e4sf\u00e5t\u00f6lj i Linne-look Tyg - Bred Sits - Metallben - M\u00f6rkgr\u00e5 - TRUUSK - Hem, Tr\u00e4dg\u00e5rd &amp; Fritid","og_description":"Njut av komfort med [BRAND NAME] loungef\u00e5t\u00f6lj! Med en sittbredd p\u00e5 62 cm och armfritt design kan du sitta bekv\u00e4mt...","og_url":"https:\/\/truusk.store\/sv\/produkt\/truusk-roterbar-accentstol-lasfatolj-i-linne-look-tyg-bred-sits-metallben-morkgra\/","og_site_name":"TRUUSK - Hem, Tr\u00e4dg\u00e5rd &amp; Fritid","article_modified_time":"2026-03-12T07:53:41+00:00","og_image":[{"width":2000,"height":2000,"url":"https:\/\/i0.wp.com\/truusk.se\/wp-content\/uploads\/2026\/02\/roterbar-accentstol-lasfatolj-i-linne-look-tyg-utan-armstod-med-bred-sits-och-metallben-morkgra-1.webp?fit=2000%2C2000&ssl=1","type":"image\/webp"}],"twitter_card":"summary_large_image","twitter_misc":{"Ber\u00e4knad l\u00e4stid":"1 minut"},"schema":{"@context":"https:\/\/schema.org","@graph":[{"@type":"WebPage","@id":"https:\/\/truusk.store\/sv\/produkt\/truusk-roterbar-accentstol-lasfatolj-i-linne-look-tyg-bred-sits-metallben-morkgra\/","url":"https:\/\/truusk.store\/sv\/produkt\/truusk-roterbar-accentstol-lasfatolj-i-linne-look-tyg-bred-sits-metallben-morkgra\/","name":"TRUUSK Roterbar Accentstol - L\u00e4sf\u00e5t\u00f6lj i Linne-look Tyg - Bred Sits - Metallben - M\u00f6rkgr\u00e5 - TRUUSK - Hem, Tr\u00e4dg\u00e5rd &amp; Fritid","isPartOf":{"@id":"https:\/\/truusk.store\/sv\/#website"},"primaryImageOfPage":{"@id":"https:\/\/truusk.store\/sv\/produkt\/truusk-roterbar-accentstol-lasfatolj-i-linne-look-tyg-bred-sits-metallben-morkgra\/#primaryimage"},"image":{"@id":"https:\/\/truusk.store\/sv\/produkt\/truusk-roterbar-accentstol-lasfatolj-i-linne-look-tyg-bred-sits-metallben-morkgra\/#primaryimage"},"thumbnailUrl":"https:\/\/i0.wp.com\/truusk.store\/wp-content\/uploads\/2026\/02\/roterbar-accentstol-lasfatolj-i-linne-look-tyg-utan-armstod-med-bred-sits-och-metallben-morkgra-1.webp?fit=2000%2C2000&ssl=1","datePublished":"2026-02-24T06:26:42+00:00","dateModified":"2026-03-12T07:53:41+00:00","breadcrumb":{"@id":"https:\/\/truusk.store\/sv\/produkt\/truusk-roterbar-accentstol-lasfatolj-i-linne-look-tyg-bred-sits-metallben-morkgra\/#breadcrumb"},"inLanguage":"sv-SE","potentialAction":[{"@type":"ReadAction","target":["https:\/\/truusk.store\/sv\/produkt\/truusk-roterbar-accentstol-lasfatolj-i-linne-look-tyg-bred-sits-metallben-morkgra\/"]}]},{"@type":"ImageObject","inLanguage":"sv-SE","@id":"https:\/\/truusk.store\/sv\/produkt\/truusk-roterbar-accentstol-lasfatolj-i-linne-look-tyg-bred-sits-metallben-morkgra\/#primaryimage","url":"https:\/\/i0.wp.com\/truusk.store\/wp-content\/uploads\/2026\/02\/roterbar-accentstol-lasfatolj-i-linne-look-tyg-utan-armstod-med-bred-sits-och-metallben-morkgra-1.webp?fit=2000%2C2000&ssl=1","contentUrl":"https:\/\/i0.wp.com\/truusk.store\/wp-content\/uploads\/2026\/02\/roterbar-accentstol-lasfatolj-i-linne-look-tyg-utan-armstod-med-bred-sits-och-metallben-morkgra-1.webp?fit=2000%2C2000&ssl=1","width":2000,"height":2000},{"@type":"BreadcrumbList","@id":"https:\/\/truusk.store\/sv\/produkt\/truusk-roterbar-accentstol-lasfatolj-i-linne-look-tyg-bred-sits-metallben-morkgra\/#breadcrumb","itemListElement":[{"@type":"ListItem","position":1,"name":"Home","item":"https:\/\/truusk.store\/sv\/"},{"@type":"ListItem","position":2,"name":"Shop","item":"https:\/\/truusk.store\/shop\/"},{"@type":"ListItem","position":3,"name":"TRUUSK Roterbar Accentstol &#8211; L\u00e4sf\u00e5t\u00f6lj i Linne-look Tyg &#8211; Bred Sits &#8211; Metallben &#8211; M\u00f6rkgr\u00e5"}]},{"@type":"WebSite","@id":"https:\/\/truusk.store\/sv\/#website","url":"https:\/\/truusk.store\/sv\/","name":"TRUUSK - Hem, Tr\u00e4dg\u00e5rd & Fritid","description":"","publisher":{"@id":"https:\/\/truusk.store\/sv\/#organization"},"potentialAction":[{"@type":"SearchAction","target":{"@type":"EntryPoint","urlTemplate":"https:\/\/truusk.store\/sv\/?s={search_term_string}"},"query-input":{"@type":"PropertyValueSpecification","valueRequired":true,"valueName":"search_term_string"}}],"inLanguage":"sv-SE"},{"@type":"Organization","@id":"https:\/\/truusk.store\/sv\/#organization","name":"TRUUSK - Hem, Tr\u00e4dg\u00e5rd & Fritid","url":"https:\/\/truusk.store\/sv\/","logo":{"@type":"ImageObject","inLanguage":"sv-SE","@id":"https:\/\/truusk.store\/sv\/#\/schema\/logo\/image\/","url":"https:\/\/i0.wp.com\/truusk.store\/wp-content\/uploads\/2026\/03\/cropped-TRUUSK.png?fit=2032%2C917&ssl=1","contentUrl":"https:\/\/i0.wp.com\/truusk.store\/wp-content\/uploads\/2026\/03\/cropped-TRUUSK.png?fit=2032%2C917&ssl=1","width":2032,"height":917,"caption":"TRUUSK - Hem, Tr\u00e4dg\u00e5rd & Fritid"},"image":{"@id":"https:\/\/truusk.store\/sv\/#\/schema\/logo\/image\/"}}]}},"jetpack_sharing_enabled":true,"_links":{"self":[{"href":"https:\/\/truusk.store\/sv\/wp-json\/wp\/v2\/product\/106314","targetHints":{"allow":["GET"]}}],"collection":[{"href":"https:\/\/truusk.store\/sv\/wp-json\/wp\/v2\/product"}],"about":[{"href":"https:\/\/truusk.store\/sv\/wp-json\/wp\/v2\/types\/product"}],"wp:featuredmedia":[{"embeddable":true,"href":"https:\/\/truusk.store\/sv\/wp-json\/wp\/v2\/media\/106304"}],"wp:attachment":[{"href":"https:\/\/truusk.store\/sv\/wp-json\/wp\/v2\/media?parent=106314"}],"wp:term":[{"taxonomy":"product_brand","embeddable":true,"href":"https:\/\/truusk.store\/sv\/wp-json\/wp\/v2\/product_brand?post=106314"},{"taxonomy":"product_cat","embeddable":true,"href":"https:\/\/truusk.store\/sv\/wp-json\/wp\/v2\/product_cat?post=106314"},{"taxonomy":"product_tag","embeddable":true,"href":"https:\/\/truusk.store\/sv\/wp-json\/wp\/v2\/product_tag?post=106314"}],"curies":[{"name":"wp","href":"https:\/\/api.w.org\/{rel}","templated":true}]}}