{"id":106324,"date":"2026-02-24T07:27:42","date_gmt":"2026-02-24T06:27:42","guid":{"rendered":"https:\/\/truusk.store\/product\/hollywood-sminkspegel-med-18-dimbara-led-lampor-3-farger-rgb-ljus-bluetooth-hogtalare-10x-forstoring-vit\/"},"modified":"2026-03-12T08:53:41","modified_gmt":"2026-03-12T07:53:41","slug":"truusk-hollywood-sminkspegel-med-18-dimbara-led-lampor-3-farger-rgb-ljus-bluetooth-hogtalare-10x-forstoring-vit","status":"publish","type":"product","link":"https:\/\/truusk.store\/sv\/produkt\/truusk-hollywood-sminkspegel-med-18-dimbara-led-lampor-3-farger-rgb-ljus-bluetooth-hogtalare-10x-forstoring-vit\/","title":{"rendered":"TRUUSK Hollywood Sminkspegel med 18 Dimbara LED-lampor &#8211; 3 F\u00e4rger &#8211; RGB-ljus &#8211; Bluetooth-h\u00f6gtalare &#8211; 10x F\u00f6rstoring &#8211; Vit"},"content":{"rendered":"<p>Att g\u00f6ra sig i ordning blir trevligare n\u00e4r [BRAND NAME]-sminkspegeln kommer in i bilden: justerbar LED-belysning, RGB-ambience och Bluetooth-h\u00f6gtalare skapar den perfekta atmosf\u00e4ren. Den stora sminkspegeln med 10x f\u00f6rstoring g\u00f6r det m\u00f6jligt att arbeta exakt, samtidigt som den omvandlar dagliga rutiner till en sj\u00e4lvs\u00e4ker trivselritual. Ingen bl\u00e4ndande belysning, inga dolda detaljer &#8211; bara en perfekt start p\u00e5 dagen.<\/p>\n<p>Beskrivning:<\/p>\n<ul>\n<li> 18-LED-Hollywood-spegel erbjuder 3 f\u00e4rgl\u00e4gen (varm\/naturlig\/kall) med justerbar ljusstyrka<\/li>\n<li> En sidlig RGB-ljusremsa skapar en imponerande atmosf\u00e4r i ditt rum<\/li>\n<li> Njut av din favoritmusik via den inbyggda Bluetooth-h\u00f6gtalaren medan du g\u00f6r dig i ordning<\/li>\n<li> Inneh\u00e5ller en 10x f\u00f6rstorande spegel f\u00f6r exakt detaljarbete<\/li>\n<li> Aluminiumbelagt glas p\u00e5 sminkspegeln med h\u00f6g uppl\u00f6sning ger en klar, distorsionsfri spegling<\/li>\n<li> Fyra pekknappar kontrollerar ljusbrytaren, Bluetooth, lamporna och RGB-ljusremsan separat<\/li>\n<li> Sminkspegeln st\u00f6der placering p\u00e5 bordet eller v\u00e4ggmontering f\u00f6r flexibel anv\u00e4ndning<\/li>\n<li> Montering kr\u00e4vs<\/li>\n<\/ul>\n<p> Tekniska data:<\/p>\n<ul>\n<li> F\u00e4rg: Vit<\/li>\n<li> Material: Glas, Metall<\/li>\n<li> Totala dimensioner: 80B x 14T x 60H cm<\/li>\n<li> Spegelstorlek: 80B x 0,4T x 60H cm<\/li>\n<li> Kabell\u00e4ngd: 1,5 m<\/li>\n<li> Ljusfl\u00f6de: 816 lm<\/li>\n<li> Effekt: 22W (totalt), 14W (Hollywood-gl\u00f6dlampor), 7W (RGB-ljusremsa)<\/li>\n<li> Adapter: AC 220-240 V, 50\/60 Hz (ing\u00e5ng), DC 12 V\/3 A\/36 W (utg\u00e5ng)<\/li>\n<\/ul>\n<p>Leverans inneh\u00e5ller:<\/p>\n<ul>\n<li> 1 x Sminkspegel med belysning<\/li>\n<li> 1 x 10x f\u00f6rstoring<\/li>\n<li> 1 x Avtagbar bas<\/li>\n<li> 1 x Instruktioner<\/li>\n<\/ul>\n","protected":false},"excerpt":{"rendered":"<p>Att g\u00f6ra sig i ordning blir trevligare n\u00e4r [BRAND NAME]-sminkspegeln kommer in i bilden: justerbar LED-belysning, RGB-ambience och Bluetooth-h\u00f6gtalare skapar&#8230;<\/p>\n","protected":false},"featured_media":106315,"template":"","meta":[],"product_brand":[],"product_cat":[935,504,897],"product_tag":[],"class_list":{"0":"post-106324","1":"product","2":"type-product","3":"status-publish","4":"has-post-thumbnail","6":"product_cat-hem-inredning","7":"product_cat-sminkbord-speglar","8":"product_cat-sovrum","10":"first","11":"instock","12":"sale","13":"taxable","14":"shipping-taxable","15":"purchasable","16":"product-type-simple"},"yoast_head":"<!-- This site is optimized with the Yoast SEO plugin v25.4 - https:\/\/yoast.com\/wordpress\/plugins\/seo\/ -->\n<title>TRUUSK Hollywood Sminkspegel med 18 Dimbara LED-lampor - 3 F\u00e4rger - RGB-ljus - Bluetooth-h\u00f6gtalare - 10x F\u00f6rstoring - Vit - TRUUSK - Hem, Tr\u00e4dg\u00e5rd &amp; Fritid<\/title>\n<meta name=\"robots\" content=\"index, follow, max-snippet:-1, max-image-preview:large, max-video-preview:-1\" \/>\n<link rel=\"canonical\" href=\"https:\/\/truusk.store\/sv\/produkt\/truusk-hollywood-sminkspegel-med-18-dimbara-led-lampor-3-farger-rgb-ljus-bluetooth-hogtalare-10x-forstoring-vit\/\" \/>\n<meta property=\"og:locale\" content=\"sv_SE\" \/>\n<meta property=\"og:type\" content=\"article\" \/>\n<meta property=\"og:title\" content=\"TRUUSK Hollywood Sminkspegel med 18 Dimbara LED-lampor - 3 F\u00e4rger - RGB-ljus - Bluetooth-h\u00f6gtalare - 10x F\u00f6rstoring - Vit - TRUUSK - Hem, Tr\u00e4dg\u00e5rd &amp; Fritid\" \/>\n<meta property=\"og:description\" content=\"Att g\u00f6ra sig i ordning blir trevligare n\u00e4r [BRAND NAME]-sminkspegeln kommer in i bilden: justerbar LED-belysning, RGB-ambience och Bluetooth-h\u00f6gtalare skapar...\" \/>\n<meta property=\"og:url\" content=\"https:\/\/truusk.store\/sv\/produkt\/truusk-hollywood-sminkspegel-med-18-dimbara-led-lampor-3-farger-rgb-ljus-bluetooth-hogtalare-10x-forstoring-vit\/\" \/>\n<meta property=\"og:site_name\" content=\"TRUUSK - Hem, Tr\u00e4dg\u00e5rd &amp; Fritid\" \/>\n<meta property=\"article:modified_time\" content=\"2026-03-12T07:53:41+00:00\" \/>\n<meta property=\"og:image\" content=\"https:\/\/i0.wp.com\/truusk.se\/wp-content\/uploads\/2026\/02\/hollywood-sminkspegel-med-18-dimbara-led-lampor-3-farger-rgb-ljus-bluetooth-hogtalare-10x-forstoring-vit-1.webp?fit=2000%2C2000&ssl=1\" \/>\n\t<meta property=\"og:image:width\" content=\"2000\" \/>\n\t<meta property=\"og:image:height\" content=\"2000\" \/>\n\t<meta property=\"og:image:type\" content=\"image\/webp\" \/>\n<meta name=\"twitter:card\" content=\"summary_large_image\" \/>\n<meta name=\"twitter:label1\" content=\"Ber\u00e4knad l\u00e4stid\" \/>\n\t<meta name=\"twitter:data1\" content=\"1 minut\" \/>\n<!-- \/ Yoast SEO plugin. -->","yoast_head_json":{"title":"TRUUSK Hollywood Sminkspegel med 18 Dimbara LED-lampor - 3 F\u00e4rger - RGB-ljus - Bluetooth-h\u00f6gtalare - 10x F\u00f6rstoring - Vit - TRUUSK - Hem, Tr\u00e4dg\u00e5rd &amp; Fritid","robots":{"index":"index","follow":"follow","max-snippet":"max-snippet:-1","max-image-preview":"max-image-preview:large","max-video-preview":"max-video-preview:-1"},"canonical":"https:\/\/truusk.store\/sv\/produkt\/truusk-hollywood-sminkspegel-med-18-dimbara-led-lampor-3-farger-rgb-ljus-bluetooth-hogtalare-10x-forstoring-vit\/","og_locale":"sv_SE","og_type":"article","og_title":"TRUUSK Hollywood Sminkspegel med 18 Dimbara LED-lampor - 3 F\u00e4rger - RGB-ljus - Bluetooth-h\u00f6gtalare - 10x F\u00f6rstoring - Vit - TRUUSK - Hem, Tr\u00e4dg\u00e5rd &amp; Fritid","og_description":"Att g\u00f6ra sig i ordning blir trevligare n\u00e4r [BRAND NAME]-sminkspegeln kommer in i bilden: justerbar LED-belysning, RGB-ambience och Bluetooth-h\u00f6gtalare skapar...","og_url":"https:\/\/truusk.store\/sv\/produkt\/truusk-hollywood-sminkspegel-med-18-dimbara-led-lampor-3-farger-rgb-ljus-bluetooth-hogtalare-10x-forstoring-vit\/","og_site_name":"TRUUSK - Hem, Tr\u00e4dg\u00e5rd &amp; Fritid","article_modified_time":"2026-03-12T07:53:41+00:00","og_image":[{"width":2000,"height":2000,"url":"https:\/\/i0.wp.com\/truusk.se\/wp-content\/uploads\/2026\/02\/hollywood-sminkspegel-med-18-dimbara-led-lampor-3-farger-rgb-ljus-bluetooth-hogtalare-10x-forstoring-vit-1.webp?fit=2000%2C2000&ssl=1","type":"image\/webp"}],"twitter_card":"summary_large_image","twitter_misc":{"Ber\u00e4knad l\u00e4stid":"1 minut"},"schema":{"@context":"https:\/\/schema.org","@graph":[{"@type":"WebPage","@id":"https:\/\/truusk.store\/sv\/produkt\/truusk-hollywood-sminkspegel-med-18-dimbara-led-lampor-3-farger-rgb-ljus-bluetooth-hogtalare-10x-forstoring-vit\/","url":"https:\/\/truusk.store\/sv\/produkt\/truusk-hollywood-sminkspegel-med-18-dimbara-led-lampor-3-farger-rgb-ljus-bluetooth-hogtalare-10x-forstoring-vit\/","name":"TRUUSK Hollywood Sminkspegel med 18 Dimbara LED-lampor - 3 F\u00e4rger - RGB-ljus - Bluetooth-h\u00f6gtalare - 10x F\u00f6rstoring - Vit - TRUUSK - Hem, Tr\u00e4dg\u00e5rd &amp; Fritid","isPartOf":{"@id":"https:\/\/truusk.store\/sv\/#website"},"primaryImageOfPage":{"@id":"https:\/\/truusk.store\/sv\/produkt\/truusk-hollywood-sminkspegel-med-18-dimbara-led-lampor-3-farger-rgb-ljus-bluetooth-hogtalare-10x-forstoring-vit\/#primaryimage"},"image":{"@id":"https:\/\/truusk.store\/sv\/produkt\/truusk-hollywood-sminkspegel-med-18-dimbara-led-lampor-3-farger-rgb-ljus-bluetooth-hogtalare-10x-forstoring-vit\/#primaryimage"},"thumbnailUrl":"https:\/\/i0.wp.com\/truusk.store\/wp-content\/uploads\/2026\/02\/hollywood-sminkspegel-med-18-dimbara-led-lampor-3-farger-rgb-ljus-bluetooth-hogtalare-10x-forstoring-vit-1.webp?fit=2000%2C2000&ssl=1","datePublished":"2026-02-24T06:27:42+00:00","dateModified":"2026-03-12T07:53:41+00:00","breadcrumb":{"@id":"https:\/\/truusk.store\/sv\/produkt\/truusk-hollywood-sminkspegel-med-18-dimbara-led-lampor-3-farger-rgb-ljus-bluetooth-hogtalare-10x-forstoring-vit\/#breadcrumb"},"inLanguage":"sv-SE","potentialAction":[{"@type":"ReadAction","target":["https:\/\/truusk.store\/sv\/produkt\/truusk-hollywood-sminkspegel-med-18-dimbara-led-lampor-3-farger-rgb-ljus-bluetooth-hogtalare-10x-forstoring-vit\/"]}]},{"@type":"ImageObject","inLanguage":"sv-SE","@id":"https:\/\/truusk.store\/sv\/produkt\/truusk-hollywood-sminkspegel-med-18-dimbara-led-lampor-3-farger-rgb-ljus-bluetooth-hogtalare-10x-forstoring-vit\/#primaryimage","url":"https:\/\/i0.wp.com\/truusk.store\/wp-content\/uploads\/2026\/02\/hollywood-sminkspegel-med-18-dimbara-led-lampor-3-farger-rgb-ljus-bluetooth-hogtalare-10x-forstoring-vit-1.webp?fit=2000%2C2000&ssl=1","contentUrl":"https:\/\/i0.wp.com\/truusk.store\/wp-content\/uploads\/2026\/02\/hollywood-sminkspegel-med-18-dimbara-led-lampor-3-farger-rgb-ljus-bluetooth-hogtalare-10x-forstoring-vit-1.webp?fit=2000%2C2000&ssl=1","width":2000,"height":2000},{"@type":"BreadcrumbList","@id":"https:\/\/truusk.store\/sv\/produkt\/truusk-hollywood-sminkspegel-med-18-dimbara-led-lampor-3-farger-rgb-ljus-bluetooth-hogtalare-10x-forstoring-vit\/#breadcrumb","itemListElement":[{"@type":"ListItem","position":1,"name":"Home","item":"https:\/\/truusk.store\/sv\/"},{"@type":"ListItem","position":2,"name":"Shop","item":"https:\/\/truusk.store\/shop\/"},{"@type":"ListItem","position":3,"name":"TRUUSK Hollywood Sminkspegel med 18 Dimbara LED-lampor &#8211; 3 F\u00e4rger &#8211; RGB-ljus &#8211; Bluetooth-h\u00f6gtalare &#8211; 10x F\u00f6rstoring &#8211; Vit"}]},{"@type":"WebSite","@id":"https:\/\/truusk.store\/sv\/#website","url":"https:\/\/truusk.store\/sv\/","name":"TRUUSK - Hem, Tr\u00e4dg\u00e5rd & Fritid","description":"","publisher":{"@id":"https:\/\/truusk.store\/sv\/#organization"},"potentialAction":[{"@type":"SearchAction","target":{"@type":"EntryPoint","urlTemplate":"https:\/\/truusk.store\/sv\/?s={search_term_string}"},"query-input":{"@type":"PropertyValueSpecification","valueRequired":true,"valueName":"search_term_string"}}],"inLanguage":"sv-SE"},{"@type":"Organization","@id":"https:\/\/truusk.store\/sv\/#organization","name":"TRUUSK - Hem, Tr\u00e4dg\u00e5rd & Fritid","url":"https:\/\/truusk.store\/sv\/","logo":{"@type":"ImageObject","inLanguage":"sv-SE","@id":"https:\/\/truusk.store\/sv\/#\/schema\/logo\/image\/","url":"https:\/\/i0.wp.com\/truusk.store\/wp-content\/uploads\/2026\/03\/cropped-TRUUSK.png?fit=2032%2C917&ssl=1","contentUrl":"https:\/\/i0.wp.com\/truusk.store\/wp-content\/uploads\/2026\/03\/cropped-TRUUSK.png?fit=2032%2C917&ssl=1","width":2032,"height":917,"caption":"TRUUSK - Hem, Tr\u00e4dg\u00e5rd & Fritid"},"image":{"@id":"https:\/\/truusk.store\/sv\/#\/schema\/logo\/image\/"}}]}},"jetpack_sharing_enabled":true,"_links":{"self":[{"href":"https:\/\/truusk.store\/sv\/wp-json\/wp\/v2\/product\/106324","targetHints":{"allow":["GET"]}}],"collection":[{"href":"https:\/\/truusk.store\/sv\/wp-json\/wp\/v2\/product"}],"about":[{"href":"https:\/\/truusk.store\/sv\/wp-json\/wp\/v2\/types\/product"}],"wp:featuredmedia":[{"embeddable":true,"href":"https:\/\/truusk.store\/sv\/wp-json\/wp\/v2\/media\/106315"}],"wp:attachment":[{"href":"https:\/\/truusk.store\/sv\/wp-json\/wp\/v2\/media?parent=106324"}],"wp:term":[{"taxonomy":"product_brand","embeddable":true,"href":"https:\/\/truusk.store\/sv\/wp-json\/wp\/v2\/product_brand?post=106324"},{"taxonomy":"product_cat","embeddable":true,"href":"https:\/\/truusk.store\/sv\/wp-json\/wp\/v2\/product_cat?post=106324"},{"taxonomy":"product_tag","embeddable":true,"href":"https:\/\/truusk.store\/sv\/wp-json\/wp\/v2\/product_tag?post=106324"}],"curies":[{"name":"wp","href":"https:\/\/api.w.org\/{rel}","templated":true}]}}