{"id":106334,"date":"2026-02-24T07:28:43","date_gmt":"2026-02-24T06:28:43","guid":{"rendered":"https:\/\/truusk.store\/product\/roterbar-accentstol-stoppad-lasfatolj-med-chenille-bred-sits-fjaderkudde-och-metallben-ljusgra\/"},"modified":"2026-03-12T08:53:42","modified_gmt":"2026-03-12T07:53:42","slug":"truusk-accentstol-med-stoppad-sits-chenille-tyg-fjaderkudde-metallben-ljusgra","status":"publish","type":"product","link":"https:\/\/truusk.store\/sv\/produkt\/truusk-accentstol-med-stoppad-sits-chenille-tyg-fjaderkudde-metallben-ljusgra\/","title":{"rendered":"TRUUSK Accentstol med stoppad sits &#8211; Chenille tyg &#8211; Fj\u00e4derkudde &#8211; Metallben &#8211; Ljusgr\u00e5"},"content":{"rendered":"<p>Dyk in i komfort med [BRAND NAME] loungef\u00e5t\u00f6lj! Den mjuka, andningsbara chenille\u00f6verdraget, fj\u00e4derstoppade sitsen och den 17 cm tjocka ryggst\u00f6det erbjuder h\u00f6gsta komfort f\u00f6r l\u00e5nga avkopplande stunder. Den extra breda 70 cm sittytan m\u00f6jligg\u00f6r mysigt inkrypande, sittande i skr\u00e4ddarst\u00e4llning eller avslappnat utstr\u00e4ckande. Tack vare f\u00e5t\u00f6ljens mjuka 360\u00b0-roteringsfunktion f\u00f6rblir du alltid flexibel och ansluten.<\/p>\n<p>Beskrivning:<\/p>\n<ul>\n<li> Mjukt chenille\u00f6verdrag ger andningsbar och lyxig sittkomfort<\/li>\n<li> Fj\u00e4derk\u00e4rnsits och 17 cm tjock ryggst\u00f6d erbjuder fast, mysigt st\u00f6d<\/li>\n<li> Gener\u00f6s 70 cm sittyta m\u00f6jligg\u00f6r avslappnat sittande med korsade ben eller utstr\u00e4ckt h\u00e5llning<\/li>\n<li> Mjuk 360\u00b0-rotation av l\u00e4sf\u00e5t\u00f6ljen erbjuder enkel r\u00f6relse och enkel interaktion<\/li>\n<li> Smala, galvaniserade metallben p\u00e5 sminkstolen ger stabilitet och en modern, minimalistisk look<\/li>\n<li> Robust ram b\u00e4r upp till 120 kg f\u00f6r p\u00e5litlig h\u00e5llbarhet<\/li>\n<li> Enkel montering med medf\u00f6ljande verktyg sparar tid och anstr\u00e4ngning<\/li>\n<li> Idealisk f\u00f6r vardagsrum, sovrum eller hemmakontor<\/li>\n<\/ul>\n<p> Tekniska data:<\/p>\n<ul>\n<li> F\u00e4rg: Ljusgr\u00e5<\/li>\n<li> Material: Chenille (100% polyester), skum, flerskiktsplatta, metall<\/li>\n<li> Totala dimensioner: 70B x 87D x 84H cm<\/li>\n<li> Sitsstorlek: 70B x 57D x 43H cm<\/li>\n<li> Ryggstorlek: 65B x 50H cm<\/li>\n<li> Tjocklek: 9 cm (sits), 17 cm (rygg)<\/li>\n<li> B\u00e4rkapacitet: 120 kg<\/li>\n<\/ul>\n<p>Leveransinneh\u00e5ll:<\/p>\n<ul>\n<li> 1 x accentstol<\/li>\n<li> 1 x instruktion<\/li>\n<\/ul>\n","protected":false},"excerpt":{"rendered":"<p>Dyk in i komfort med [BRAND NAME] loungef\u00e5t\u00f6lj! Den mjuka, andningsbara chenille\u00f6verdraget, fj\u00e4derstoppade sitsen och den 17 cm tjocka ryggst\u00f6det&#8230;<\/p>\n","protected":false},"featured_media":106325,"template":"","meta":[],"product_brand":[],"product_cat":[871,519,910],"product_tag":[],"class_list":{"0":"post-106334","1":"product","2":"type-product","3":"status-publish","4":"has-post-thumbnail","6":"product_cat-hus-hem","7":"product_cat-stoppade-stolar","8":"product_cat-vardagsrum","10":"first","11":"instock","12":"sale","13":"taxable","14":"shipping-taxable","15":"purchasable","16":"product-type-simple"},"yoast_head":"<!-- This site is optimized with the Yoast SEO plugin v25.4 - https:\/\/yoast.com\/wordpress\/plugins\/seo\/ -->\n<title>TRUUSK Accentstol med stoppad sits - Chenille tyg - Fj\u00e4derkudde - Metallben - Ljusgr\u00e5 - TRUUSK - Hem, Tr\u00e4dg\u00e5rd &amp; Fritid<\/title>\n<meta name=\"robots\" content=\"index, follow, max-snippet:-1, max-image-preview:large, max-video-preview:-1\" \/>\n<link rel=\"canonical\" href=\"https:\/\/truusk.store\/sv\/produkt\/truusk-accentstol-med-stoppad-sits-chenille-tyg-fjaderkudde-metallben-ljusgra\/\" \/>\n<meta property=\"og:locale\" content=\"sv_SE\" \/>\n<meta property=\"og:type\" content=\"article\" \/>\n<meta property=\"og:title\" content=\"TRUUSK Accentstol med stoppad sits - Chenille tyg - Fj\u00e4derkudde - Metallben - Ljusgr\u00e5 - TRUUSK - Hem, Tr\u00e4dg\u00e5rd &amp; Fritid\" \/>\n<meta property=\"og:description\" content=\"Dyk in i komfort med [BRAND NAME] loungef\u00e5t\u00f6lj! Den mjuka, andningsbara chenille\u00f6verdraget, fj\u00e4derstoppade sitsen och den 17 cm tjocka ryggst\u00f6det...\" \/>\n<meta property=\"og:url\" content=\"https:\/\/truusk.store\/sv\/produkt\/truusk-accentstol-med-stoppad-sits-chenille-tyg-fjaderkudde-metallben-ljusgra\/\" \/>\n<meta property=\"og:site_name\" content=\"TRUUSK - Hem, Tr\u00e4dg\u00e5rd &amp; Fritid\" \/>\n<meta property=\"article:modified_time\" content=\"2026-03-12T07:53:42+00:00\" \/>\n<meta property=\"og:image\" content=\"https:\/\/i0.wp.com\/truusk.se\/wp-content\/uploads\/2026\/02\/roterbar-accentstol-stoppad-lasfatolj-med-chenille-bred-sits-fjaderkudde-och-metallben-ljusgra-1.webp?fit=2000%2C2000&ssl=1\" \/>\n\t<meta property=\"og:image:width\" content=\"2000\" \/>\n\t<meta property=\"og:image:height\" content=\"2000\" \/>\n\t<meta property=\"og:image:type\" content=\"image\/webp\" \/>\n<meta name=\"twitter:card\" content=\"summary_large_image\" \/>\n<meta name=\"twitter:label1\" content=\"Ber\u00e4knad l\u00e4stid\" \/>\n\t<meta name=\"twitter:data1\" content=\"1 minut\" \/>\n<!-- \/ Yoast SEO plugin. -->","yoast_head_json":{"title":"TRUUSK Accentstol med stoppad sits - Chenille tyg - Fj\u00e4derkudde - Metallben - Ljusgr\u00e5 - TRUUSK - Hem, Tr\u00e4dg\u00e5rd &amp; Fritid","robots":{"index":"index","follow":"follow","max-snippet":"max-snippet:-1","max-image-preview":"max-image-preview:large","max-video-preview":"max-video-preview:-1"},"canonical":"https:\/\/truusk.store\/sv\/produkt\/truusk-accentstol-med-stoppad-sits-chenille-tyg-fjaderkudde-metallben-ljusgra\/","og_locale":"sv_SE","og_type":"article","og_title":"TRUUSK Accentstol med stoppad sits - Chenille tyg - Fj\u00e4derkudde - Metallben - Ljusgr\u00e5 - TRUUSK - Hem, Tr\u00e4dg\u00e5rd &amp; Fritid","og_description":"Dyk in i komfort med [BRAND NAME] loungef\u00e5t\u00f6lj! Den mjuka, andningsbara chenille\u00f6verdraget, fj\u00e4derstoppade sitsen och den 17 cm tjocka ryggst\u00f6det...","og_url":"https:\/\/truusk.store\/sv\/produkt\/truusk-accentstol-med-stoppad-sits-chenille-tyg-fjaderkudde-metallben-ljusgra\/","og_site_name":"TRUUSK - Hem, Tr\u00e4dg\u00e5rd &amp; Fritid","article_modified_time":"2026-03-12T07:53:42+00:00","og_image":[{"width":2000,"height":2000,"url":"https:\/\/i0.wp.com\/truusk.se\/wp-content\/uploads\/2026\/02\/roterbar-accentstol-stoppad-lasfatolj-med-chenille-bred-sits-fjaderkudde-och-metallben-ljusgra-1.webp?fit=2000%2C2000&ssl=1","type":"image\/webp"}],"twitter_card":"summary_large_image","twitter_misc":{"Ber\u00e4knad l\u00e4stid":"1 minut"},"schema":{"@context":"https:\/\/schema.org","@graph":[{"@type":"WebPage","@id":"https:\/\/truusk.store\/sv\/produkt\/truusk-accentstol-med-stoppad-sits-chenille-tyg-fjaderkudde-metallben-ljusgra\/","url":"https:\/\/truusk.store\/sv\/produkt\/truusk-accentstol-med-stoppad-sits-chenille-tyg-fjaderkudde-metallben-ljusgra\/","name":"TRUUSK Accentstol med stoppad sits - Chenille tyg - Fj\u00e4derkudde - Metallben - Ljusgr\u00e5 - TRUUSK - Hem, Tr\u00e4dg\u00e5rd &amp; Fritid","isPartOf":{"@id":"https:\/\/truusk.store\/sv\/#website"},"primaryImageOfPage":{"@id":"https:\/\/truusk.store\/sv\/produkt\/truusk-accentstol-med-stoppad-sits-chenille-tyg-fjaderkudde-metallben-ljusgra\/#primaryimage"},"image":{"@id":"https:\/\/truusk.store\/sv\/produkt\/truusk-accentstol-med-stoppad-sits-chenille-tyg-fjaderkudde-metallben-ljusgra\/#primaryimage"},"thumbnailUrl":"https:\/\/i0.wp.com\/truusk.store\/wp-content\/uploads\/2026\/02\/roterbar-accentstol-stoppad-lasfatolj-med-chenille-bred-sits-fjaderkudde-och-metallben-ljusgra-1.webp?fit=2000%2C2000&ssl=1","datePublished":"2026-02-24T06:28:43+00:00","dateModified":"2026-03-12T07:53:42+00:00","breadcrumb":{"@id":"https:\/\/truusk.store\/sv\/produkt\/truusk-accentstol-med-stoppad-sits-chenille-tyg-fjaderkudde-metallben-ljusgra\/#breadcrumb"},"inLanguage":"sv-SE","potentialAction":[{"@type":"ReadAction","target":["https:\/\/truusk.store\/sv\/produkt\/truusk-accentstol-med-stoppad-sits-chenille-tyg-fjaderkudde-metallben-ljusgra\/"]}]},{"@type":"ImageObject","inLanguage":"sv-SE","@id":"https:\/\/truusk.store\/sv\/produkt\/truusk-accentstol-med-stoppad-sits-chenille-tyg-fjaderkudde-metallben-ljusgra\/#primaryimage","url":"https:\/\/i0.wp.com\/truusk.store\/wp-content\/uploads\/2026\/02\/roterbar-accentstol-stoppad-lasfatolj-med-chenille-bred-sits-fjaderkudde-och-metallben-ljusgra-1.webp?fit=2000%2C2000&ssl=1","contentUrl":"https:\/\/i0.wp.com\/truusk.store\/wp-content\/uploads\/2026\/02\/roterbar-accentstol-stoppad-lasfatolj-med-chenille-bred-sits-fjaderkudde-och-metallben-ljusgra-1.webp?fit=2000%2C2000&ssl=1","width":2000,"height":2000},{"@type":"BreadcrumbList","@id":"https:\/\/truusk.store\/sv\/produkt\/truusk-accentstol-med-stoppad-sits-chenille-tyg-fjaderkudde-metallben-ljusgra\/#breadcrumb","itemListElement":[{"@type":"ListItem","position":1,"name":"Home","item":"https:\/\/truusk.store\/sv\/"},{"@type":"ListItem","position":2,"name":"Shop","item":"https:\/\/truusk.store\/shop\/"},{"@type":"ListItem","position":3,"name":"TRUUSK Accentstol med stoppad sits &#8211; Chenille tyg &#8211; Fj\u00e4derkudde &#8211; Metallben &#8211; Ljusgr\u00e5"}]},{"@type":"WebSite","@id":"https:\/\/truusk.store\/sv\/#website","url":"https:\/\/truusk.store\/sv\/","name":"TRUUSK - Hem, Tr\u00e4dg\u00e5rd & Fritid","description":"","publisher":{"@id":"https:\/\/truusk.store\/sv\/#organization"},"potentialAction":[{"@type":"SearchAction","target":{"@type":"EntryPoint","urlTemplate":"https:\/\/truusk.store\/sv\/?s={search_term_string}"},"query-input":{"@type":"PropertyValueSpecification","valueRequired":true,"valueName":"search_term_string"}}],"inLanguage":"sv-SE"},{"@type":"Organization","@id":"https:\/\/truusk.store\/sv\/#organization","name":"TRUUSK - Hem, Tr\u00e4dg\u00e5rd & Fritid","url":"https:\/\/truusk.store\/sv\/","logo":{"@type":"ImageObject","inLanguage":"sv-SE","@id":"https:\/\/truusk.store\/sv\/#\/schema\/logo\/image\/","url":"https:\/\/i0.wp.com\/truusk.store\/wp-content\/uploads\/2026\/03\/cropped-TRUUSK.png?fit=2032%2C917&ssl=1","contentUrl":"https:\/\/i0.wp.com\/truusk.store\/wp-content\/uploads\/2026\/03\/cropped-TRUUSK.png?fit=2032%2C917&ssl=1","width":2032,"height":917,"caption":"TRUUSK - Hem, Tr\u00e4dg\u00e5rd & Fritid"},"image":{"@id":"https:\/\/truusk.store\/sv\/#\/schema\/logo\/image\/"}}]}},"jetpack_sharing_enabled":true,"_links":{"self":[{"href":"https:\/\/truusk.store\/sv\/wp-json\/wp\/v2\/product\/106334","targetHints":{"allow":["GET"]}}],"collection":[{"href":"https:\/\/truusk.store\/sv\/wp-json\/wp\/v2\/product"}],"about":[{"href":"https:\/\/truusk.store\/sv\/wp-json\/wp\/v2\/types\/product"}],"wp:featuredmedia":[{"embeddable":true,"href":"https:\/\/truusk.store\/sv\/wp-json\/wp\/v2\/media\/106325"}],"wp:attachment":[{"href":"https:\/\/truusk.store\/sv\/wp-json\/wp\/v2\/media?parent=106334"}],"wp:term":[{"taxonomy":"product_brand","embeddable":true,"href":"https:\/\/truusk.store\/sv\/wp-json\/wp\/v2\/product_brand?post=106334"},{"taxonomy":"product_cat","embeddable":true,"href":"https:\/\/truusk.store\/sv\/wp-json\/wp\/v2\/product_cat?post=106334"},{"taxonomy":"product_tag","embeddable":true,"href":"https:\/\/truusk.store\/sv\/wp-json\/wp\/v2\/product_tag?post=106334"}],"curies":[{"name":"wp","href":"https:\/\/api.w.org\/{rel}","templated":true}]}}