{"id":106346,"date":"2026-02-24T07:29:51","date_gmt":"2026-02-24T06:29:51","guid":{"rendered":"https:\/\/truusk.store\/product\/roterbar-accentstol-chenille-kladd-fatolj-med-landkudde-hog-ryggstod-djupt-sate-morkgra\/"},"modified":"2026-03-12T08:53:42","modified_gmt":"2026-03-12T07:53:42","slug":"truusk-accentstol-med-chenillekladsel-landkudde-hog-ryggstod-djupt-sate-morkgra","status":"publish","type":"product","link":"https:\/\/truusk.store\/sv\/produkt\/truusk-accentstol-med-chenillekladsel-landkudde-hog-ryggstod-djupt-sate-morkgra\/","title":{"rendered":"TRUUSK Accentstol med Chenillekl\u00e4dsel &#8211; L\u00e4ndkudde &#8211; H\u00f6g Ryggst\u00f6d &#8211; Djupt S\u00e4te &#8211; M\u00f6rkgr\u00e5"},"content":{"rendered":"<p>Upplev ultimat komfort med [BRAND NAME] f\u00e5t\u00f6ljen: En 10 cm skumstol med fickfj\u00e4drar ger bekv\u00e4mt st\u00f6d, medan den h\u00f6ga ryggst\u00f6det omsluter din kropp. Den mjuka chenille-tyget p\u00e5 relaxf\u00e5t\u00f6ljen ger ditt vardagsrum eller sovrum en mysig touch. Tack vare 360\u00b0 rotation kan du r\u00f6ra dig utan anstr\u00e4ngning, och det robusta metallkorsramen ger tillf\u00f6rlitlig stabilitet n\u00e4r du slappnar av.<\/p>\n<p>Beskrivning:<\/p>\n<ul>\n<li> 10 cm skumstol med fickfj\u00e4drar ger elastisk komfort<\/li>\n<li> 70 cm h\u00f6g ryggst\u00f6d och 57 cm djup sittplats ger fullkroppsst\u00f6d<\/li>\n<li> Extra l\u00e4ndkudde f\u00f6rb\u00e4ttrar avkoppling och minskar ryggsm\u00e4rtor<\/li>\n<li> Mjukt chenille-tyg ger v\u00e4rme och en mysig, behaglig k\u00e4nsla<\/li>\n<li> Enkel 360\u00b0 rotation av sv\u00e4ngf\u00e5t\u00f6ljen m\u00f6jligg\u00f6r flexibla r\u00f6relser i alla riktningar<\/li>\n<li> Solid metallkorsfot p\u00e5 stoppf\u00e5t\u00f6ljen ger stabilitet och b\u00e4r upp till 120 kg<\/li>\n<li> Montering kr\u00e4vs<\/li>\n<\/ul>\n<p> Tekniska specifikationer:<\/p>\n<ul>\n<li> F\u00e4rg: M\u00f6rkgr\u00e5+Svart<\/li>\n<li> Material: Chenille (Polyester+Akryl), Skum, Dockvadd, Metall, Flerlagersplatta<\/li>\n<li> Totala dimensioner: 72B x 92D x 96H cm<\/li>\n<li> Sittstorlek: 48B x 57D x 41H cm<\/li>\n<li> Ryggst\u00f6dsstorlek: 65B x 70H cm<\/li>\n<li> Sitt tjocklek: 10 cm<\/li>\n<li> Ryggst\u00f6dets tjocklek: 14 cm<\/li>\n<li> Armst\u00f6dsstorlek: 62L x 16B cm<\/li>\n<li> Armst\u00f6dets h\u00f6jd till sittplats: 13 cm<\/li>\n<li> L\u00e4ndkuddens storlek: 40L x 35B x 10D cm<\/li>\n<li> B\u00e4rkapacitet: 120 kg<\/li>\n<\/ul>\n<p>Leveransinneh\u00e5ll:<\/p>\n<ul>\n<li> 1 x Accentstol<\/li>\n<li> 1 x L\u00e4ndkudde<\/li>\n<li> 1 x Instruktioner<\/li>\n<\/ul>\n","protected":false},"excerpt":{"rendered":"<p>Upplev ultimat komfort med [BRAND NAME] f\u00e5t\u00f6ljen: En 10 cm skumstol med fickfj\u00e4drar ger bekv\u00e4mt st\u00f6d, medan den h\u00f6ga ryggst\u00f6det&#8230;<\/p>\n","protected":false},"featured_media":106335,"template":"","meta":[],"product_brand":[],"product_cat":[871,519,910],"product_tag":[],"class_list":{"0":"post-106346","1":"product","2":"type-product","3":"status-publish","4":"has-post-thumbnail","6":"product_cat-hus-hem","7":"product_cat-stoppade-stolar","8":"product_cat-vardagsrum","10":"first","11":"instock","12":"sale","13":"taxable","14":"shipping-taxable","15":"purchasable","16":"product-type-simple"},"yoast_head":"<!-- This site is optimized with the Yoast SEO plugin v25.4 - https:\/\/yoast.com\/wordpress\/plugins\/seo\/ -->\n<title>TRUUSK Accentstol med Chenillekl\u00e4dsel - L\u00e4ndkudde - H\u00f6g Ryggst\u00f6d - Djupt S\u00e4te - M\u00f6rkgr\u00e5 - TRUUSK - Hem, Tr\u00e4dg\u00e5rd &amp; Fritid<\/title>\n<meta name=\"robots\" content=\"index, follow, max-snippet:-1, max-image-preview:large, max-video-preview:-1\" \/>\n<link rel=\"canonical\" href=\"https:\/\/truusk.store\/sv\/produkt\/truusk-accentstol-med-chenillekladsel-landkudde-hog-ryggstod-djupt-sate-morkgra\/\" \/>\n<meta property=\"og:locale\" content=\"sv_SE\" \/>\n<meta property=\"og:type\" content=\"article\" \/>\n<meta property=\"og:title\" content=\"TRUUSK Accentstol med Chenillekl\u00e4dsel - L\u00e4ndkudde - H\u00f6g Ryggst\u00f6d - Djupt S\u00e4te - M\u00f6rkgr\u00e5 - TRUUSK - Hem, Tr\u00e4dg\u00e5rd &amp; Fritid\" \/>\n<meta property=\"og:description\" content=\"Upplev ultimat komfort med [BRAND NAME] f\u00e5t\u00f6ljen: En 10 cm skumstol med fickfj\u00e4drar ger bekv\u00e4mt st\u00f6d, medan den h\u00f6ga ryggst\u00f6det...\" \/>\n<meta property=\"og:url\" content=\"https:\/\/truusk.store\/sv\/produkt\/truusk-accentstol-med-chenillekladsel-landkudde-hog-ryggstod-djupt-sate-morkgra\/\" \/>\n<meta property=\"og:site_name\" content=\"TRUUSK - Hem, Tr\u00e4dg\u00e5rd &amp; Fritid\" \/>\n<meta property=\"article:modified_time\" content=\"2026-03-12T07:53:42+00:00\" \/>\n<meta property=\"og:image\" content=\"https:\/\/i0.wp.com\/truusk.se\/wp-content\/uploads\/2026\/02\/roterbar-accentstol-chenille-kladd-fatolj-med-landkudde-hog-ryggstod-djupt-sate-morkgra-1.webp?fit=2000%2C2000&ssl=1\" \/>\n\t<meta property=\"og:image:width\" content=\"2000\" \/>\n\t<meta property=\"og:image:height\" content=\"2000\" \/>\n\t<meta property=\"og:image:type\" content=\"image\/webp\" \/>\n<meta name=\"twitter:card\" content=\"summary_large_image\" \/>\n<meta name=\"twitter:label1\" content=\"Ber\u00e4knad l\u00e4stid\" \/>\n\t<meta name=\"twitter:data1\" content=\"1 minut\" \/>\n<!-- \/ Yoast SEO plugin. -->","yoast_head_json":{"title":"TRUUSK Accentstol med Chenillekl\u00e4dsel - L\u00e4ndkudde - H\u00f6g Ryggst\u00f6d - Djupt S\u00e4te - M\u00f6rkgr\u00e5 - TRUUSK - Hem, Tr\u00e4dg\u00e5rd &amp; Fritid","robots":{"index":"index","follow":"follow","max-snippet":"max-snippet:-1","max-image-preview":"max-image-preview:large","max-video-preview":"max-video-preview:-1"},"canonical":"https:\/\/truusk.store\/sv\/produkt\/truusk-accentstol-med-chenillekladsel-landkudde-hog-ryggstod-djupt-sate-morkgra\/","og_locale":"sv_SE","og_type":"article","og_title":"TRUUSK Accentstol med Chenillekl\u00e4dsel - L\u00e4ndkudde - H\u00f6g Ryggst\u00f6d - Djupt S\u00e4te - M\u00f6rkgr\u00e5 - TRUUSK - Hem, Tr\u00e4dg\u00e5rd &amp; Fritid","og_description":"Upplev ultimat komfort med [BRAND NAME] f\u00e5t\u00f6ljen: En 10 cm skumstol med fickfj\u00e4drar ger bekv\u00e4mt st\u00f6d, medan den h\u00f6ga ryggst\u00f6det...","og_url":"https:\/\/truusk.store\/sv\/produkt\/truusk-accentstol-med-chenillekladsel-landkudde-hog-ryggstod-djupt-sate-morkgra\/","og_site_name":"TRUUSK - Hem, Tr\u00e4dg\u00e5rd &amp; Fritid","article_modified_time":"2026-03-12T07:53:42+00:00","og_image":[{"width":2000,"height":2000,"url":"https:\/\/i0.wp.com\/truusk.se\/wp-content\/uploads\/2026\/02\/roterbar-accentstol-chenille-kladd-fatolj-med-landkudde-hog-ryggstod-djupt-sate-morkgra-1.webp?fit=2000%2C2000&ssl=1","type":"image\/webp"}],"twitter_card":"summary_large_image","twitter_misc":{"Ber\u00e4knad l\u00e4stid":"1 minut"},"schema":{"@context":"https:\/\/schema.org","@graph":[{"@type":"WebPage","@id":"https:\/\/truusk.store\/sv\/produkt\/truusk-accentstol-med-chenillekladsel-landkudde-hog-ryggstod-djupt-sate-morkgra\/","url":"https:\/\/truusk.store\/sv\/produkt\/truusk-accentstol-med-chenillekladsel-landkudde-hog-ryggstod-djupt-sate-morkgra\/","name":"TRUUSK Accentstol med Chenillekl\u00e4dsel - L\u00e4ndkudde - H\u00f6g Ryggst\u00f6d - Djupt S\u00e4te - M\u00f6rkgr\u00e5 - TRUUSK - Hem, Tr\u00e4dg\u00e5rd &amp; Fritid","isPartOf":{"@id":"https:\/\/truusk.store\/sv\/#website"},"primaryImageOfPage":{"@id":"https:\/\/truusk.store\/sv\/produkt\/truusk-accentstol-med-chenillekladsel-landkudde-hog-ryggstod-djupt-sate-morkgra\/#primaryimage"},"image":{"@id":"https:\/\/truusk.store\/sv\/produkt\/truusk-accentstol-med-chenillekladsel-landkudde-hog-ryggstod-djupt-sate-morkgra\/#primaryimage"},"thumbnailUrl":"https:\/\/i0.wp.com\/truusk.store\/wp-content\/uploads\/2026\/02\/roterbar-accentstol-chenille-kladd-fatolj-med-landkudde-hog-ryggstod-djupt-sate-morkgra-1.webp?fit=2000%2C2000&ssl=1","datePublished":"2026-02-24T06:29:51+00:00","dateModified":"2026-03-12T07:53:42+00:00","breadcrumb":{"@id":"https:\/\/truusk.store\/sv\/produkt\/truusk-accentstol-med-chenillekladsel-landkudde-hog-ryggstod-djupt-sate-morkgra\/#breadcrumb"},"inLanguage":"sv-SE","potentialAction":[{"@type":"ReadAction","target":["https:\/\/truusk.store\/sv\/produkt\/truusk-accentstol-med-chenillekladsel-landkudde-hog-ryggstod-djupt-sate-morkgra\/"]}]},{"@type":"ImageObject","inLanguage":"sv-SE","@id":"https:\/\/truusk.store\/sv\/produkt\/truusk-accentstol-med-chenillekladsel-landkudde-hog-ryggstod-djupt-sate-morkgra\/#primaryimage","url":"https:\/\/i0.wp.com\/truusk.store\/wp-content\/uploads\/2026\/02\/roterbar-accentstol-chenille-kladd-fatolj-med-landkudde-hog-ryggstod-djupt-sate-morkgra-1.webp?fit=2000%2C2000&ssl=1","contentUrl":"https:\/\/i0.wp.com\/truusk.store\/wp-content\/uploads\/2026\/02\/roterbar-accentstol-chenille-kladd-fatolj-med-landkudde-hog-ryggstod-djupt-sate-morkgra-1.webp?fit=2000%2C2000&ssl=1","width":2000,"height":2000},{"@type":"BreadcrumbList","@id":"https:\/\/truusk.store\/sv\/produkt\/truusk-accentstol-med-chenillekladsel-landkudde-hog-ryggstod-djupt-sate-morkgra\/#breadcrumb","itemListElement":[{"@type":"ListItem","position":1,"name":"Home","item":"https:\/\/truusk.store\/sv\/"},{"@type":"ListItem","position":2,"name":"Shop","item":"https:\/\/truusk.store\/shop\/"},{"@type":"ListItem","position":3,"name":"TRUUSK Accentstol med Chenillekl\u00e4dsel &#8211; L\u00e4ndkudde &#8211; H\u00f6g Ryggst\u00f6d &#8211; Djupt S\u00e4te &#8211; M\u00f6rkgr\u00e5"}]},{"@type":"WebSite","@id":"https:\/\/truusk.store\/sv\/#website","url":"https:\/\/truusk.store\/sv\/","name":"TRUUSK - Hem, Tr\u00e4dg\u00e5rd & Fritid","description":"","publisher":{"@id":"https:\/\/truusk.store\/sv\/#organization"},"potentialAction":[{"@type":"SearchAction","target":{"@type":"EntryPoint","urlTemplate":"https:\/\/truusk.store\/sv\/?s={search_term_string}"},"query-input":{"@type":"PropertyValueSpecification","valueRequired":true,"valueName":"search_term_string"}}],"inLanguage":"sv-SE"},{"@type":"Organization","@id":"https:\/\/truusk.store\/sv\/#organization","name":"TRUUSK - Hem, Tr\u00e4dg\u00e5rd & Fritid","url":"https:\/\/truusk.store\/sv\/","logo":{"@type":"ImageObject","inLanguage":"sv-SE","@id":"https:\/\/truusk.store\/sv\/#\/schema\/logo\/image\/","url":"https:\/\/i0.wp.com\/truusk.store\/wp-content\/uploads\/2026\/03\/cropped-TRUUSK.png?fit=2032%2C917&ssl=1","contentUrl":"https:\/\/i0.wp.com\/truusk.store\/wp-content\/uploads\/2026\/03\/cropped-TRUUSK.png?fit=2032%2C917&ssl=1","width":2032,"height":917,"caption":"TRUUSK - Hem, Tr\u00e4dg\u00e5rd & Fritid"},"image":{"@id":"https:\/\/truusk.store\/sv\/#\/schema\/logo\/image\/"}}]}},"jetpack_sharing_enabled":true,"_links":{"self":[{"href":"https:\/\/truusk.store\/sv\/wp-json\/wp\/v2\/product\/106346","targetHints":{"allow":["GET"]}}],"collection":[{"href":"https:\/\/truusk.store\/sv\/wp-json\/wp\/v2\/product"}],"about":[{"href":"https:\/\/truusk.store\/sv\/wp-json\/wp\/v2\/types\/product"}],"wp:featuredmedia":[{"embeddable":true,"href":"https:\/\/truusk.store\/sv\/wp-json\/wp\/v2\/media\/106335"}],"wp:attachment":[{"href":"https:\/\/truusk.store\/sv\/wp-json\/wp\/v2\/media?parent=106346"}],"wp:term":[{"taxonomy":"product_brand","embeddable":true,"href":"https:\/\/truusk.store\/sv\/wp-json\/wp\/v2\/product_brand?post=106346"},{"taxonomy":"product_cat","embeddable":true,"href":"https:\/\/truusk.store\/sv\/wp-json\/wp\/v2\/product_cat?post=106346"},{"taxonomy":"product_tag","embeddable":true,"href":"https:\/\/truusk.store\/sv\/wp-json\/wp\/v2\/product_tag?post=106346"}],"curies":[{"name":"wp","href":"https:\/\/api.w.org\/{rel}","templated":true}]}}