{"id":106374,"date":"2026-02-24T07:32:45","date_gmt":"2026-02-24T06:32:45","guid":{"rendered":"https:\/\/truusk.store\/product\/kontorsstol-hojjusterbar-snurrstol-med-landstod-fotstod-snoflanell-80-x-80-x-106-114-cm-morkgra\/"},"modified":"2026-03-12T08:53:44","modified_gmt":"2026-03-12T07:53:44","slug":"truusk-kontorsstol-med-hojjusterbar-landstod-och-fotstod-snurrfunktion-snoflanell-morkgra-80-x-80-x-106-114-cm","status":"publish","type":"product","link":"https:\/\/truusk.store\/sv\/produkt\/truusk-kontorsstol-med-hojjusterbar-landstod-och-fotstod-snurrfunktion-snoflanell-morkgra-80-x-80-x-106-114-cm\/","title":{"rendered":"TRUUSK Kontorsstol med H\u00f6jjusterbar L\u00e4ndst\u00f6d och Fotst\u00f6d &#8211; Snurrfunktion &#8211; Sn\u00f6flanell &#8211; M\u00f6rkgr\u00e5 &#8211; 80 x 80 x 106-114 cm"},"content":{"rendered":"<p>L\u00e5nga timmar vid skrivbordet orsakar sp\u00e4nningar och oro? Med denna [BRAND NAME] kontorsstol med fotst\u00f6d hittar du avkoppling. Den trefaldigt justerbara ryggst\u00f6det g\u00f6r att du kan luta dig helt tillbaka, medan det utdragbara fotst\u00f6det fr\u00e4mjar blodcirkulationen. Njut av den tjocka, dubbelskiktade stoppningen med mjukt sn\u00f6flanell p\u00e5 denna bekv\u00e4ma kontorsstol och omvandla stress till lugnande avkoppling.<\/p>\n<p>Beskrivning:<\/p>\n<ul>\n<li> Mjukt sn\u00f6flanelltyg ger hudv\u00e4nligt, bekv\u00e4mt sittande<\/li>\n<li> 3-stegs justerbart ryggst\u00f6d (105\u00b0, 120\u00b0 och 135\u00b0) erbjuder komfort<\/li>\n<li> Utdragbart fotst\u00f6d lyfter benen och fr\u00e4mjar avkoppling<\/li>\n<li> H\u00f6jdjusterbart s\u00e4te och 360\u00b0-rotation m\u00f6jligg\u00f6r ergonomisk positionering och flexibla r\u00f6relser<\/li>\n<li> Snabb montering p\u00e5 10 minuter sparar tid och ger omedelbar komfort utan anstr\u00e4ngning<\/li>\n<li> Ljudl\u00f6sa hjul glider tyst p\u00e5 alla golv och skyddar ytan<\/li>\n<li> Robust st\u00e5lbas med fem stj\u00e4rnor och klass 3-gasfj\u00e4der f\u00f6r stabil konstruktion<\/li>\n<li> Montering kr\u00e4vs<\/li>\n<\/ul>\n<p> Tekniska data:<\/p>\n<ul>\n<li> F\u00e4rg: M\u00f6rkgr\u00e5<\/li>\n<li> Material: Sn\u00f6flanell (100 % polyester), skum, st\u00e5l, flerskiktsplatta<\/li>\n<li> Totala dimensioner: 80B x 80T x 106-114H cm<\/li>\n<li> Sitsstorlek: 55B x 50T cm<\/li>\n<li> Sitth\u00f6jd: 52-60 cm<\/li>\n<li> Sits tjocklek: 15 cm<\/li>\n<li> Ryggst\u00f6dsdimensioner: 65L x 64B x 12,5T cm<\/li>\n<li> Armst\u00f6dsdimensioner: 43L x 15B cm<\/li>\n<li> Armst\u00f6dsh\u00f6jd till sits: 21 cm<\/li>\n<li> Dimensioner i liggande tillst\u00e5nd: 80B x 152T x 90-98H cm<\/li>\n<li> Fotst\u00f6dsdimensioner: 34L x 21B x 5H cm<\/li>\n<li> Maximal belastning: 120 kg<\/li>\n<li> PU-hjulstorlek: \u00d85 cm<\/li>\n<\/ul>\n<p>Leveransinneh\u00e5ll:<\/p>\n<ul>\n<li> 1 x Kontorsstol<\/li>\n<li> 1 x Instruktioner<\/li>\n<\/ul>\n","protected":false},"excerpt":{"rendered":"<p>L\u00e5nga timmar vid skrivbordet orsakar sp\u00e4nningar och oro? Med denna [BRAND NAME] kontorsstol med fotst\u00f6d hittar du avkoppling. Den trefaldigt&#8230;<\/p>\n","protected":false},"featured_media":106362,"template":"","meta":[],"product_brand":[],"product_cat":[872,871,516],"product_tag":[],"class_list":{"0":"post-106374","1":"product","2":"type-product","3":"status-publish","4":"has-post-thumbnail","6":"product_cat-hemmakontor-arbetsplats","7":"product_cat-hus-hem","8":"product_cat-kontorsstolar","10":"first","11":"instock","12":"sale","13":"taxable","14":"shipping-taxable","15":"purchasable","16":"product-type-simple"},"yoast_head":"<!-- This site is optimized with the Yoast SEO plugin v25.4 - https:\/\/yoast.com\/wordpress\/plugins\/seo\/ -->\n<title>TRUUSK Kontorsstol med H\u00f6jjusterbar L\u00e4ndst\u00f6d och Fotst\u00f6d - Snurrfunktion - Sn\u00f6flanell - M\u00f6rkgr\u00e5 - 80 x 80 x 106-114 cm - TRUUSK - Hem, Tr\u00e4dg\u00e5rd &amp; Fritid<\/title>\n<meta name=\"robots\" content=\"index, follow, max-snippet:-1, max-image-preview:large, max-video-preview:-1\" \/>\n<link rel=\"canonical\" href=\"https:\/\/truusk.store\/sv\/produkt\/truusk-kontorsstol-med-hojjusterbar-landstod-och-fotstod-snurrfunktion-snoflanell-morkgra-80-x-80-x-106-114-cm\/\" \/>\n<meta property=\"og:locale\" content=\"sv_SE\" \/>\n<meta property=\"og:type\" content=\"article\" \/>\n<meta property=\"og:title\" content=\"TRUUSK Kontorsstol med H\u00f6jjusterbar L\u00e4ndst\u00f6d och Fotst\u00f6d - Snurrfunktion - Sn\u00f6flanell - M\u00f6rkgr\u00e5 - 80 x 80 x 106-114 cm - TRUUSK - Hem, Tr\u00e4dg\u00e5rd &amp; Fritid\" \/>\n<meta property=\"og:description\" content=\"L\u00e5nga timmar vid skrivbordet orsakar sp\u00e4nningar och oro? Med denna [BRAND NAME] kontorsstol med fotst\u00f6d hittar du avkoppling. Den trefaldigt...\" \/>\n<meta property=\"og:url\" content=\"https:\/\/truusk.store\/sv\/produkt\/truusk-kontorsstol-med-hojjusterbar-landstod-och-fotstod-snurrfunktion-snoflanell-morkgra-80-x-80-x-106-114-cm\/\" \/>\n<meta property=\"og:site_name\" content=\"TRUUSK - Hem, Tr\u00e4dg\u00e5rd &amp; Fritid\" \/>\n<meta property=\"article:modified_time\" content=\"2026-03-12T07:53:44+00:00\" \/>\n<meta property=\"og:image\" content=\"https:\/\/i0.wp.com\/truusk.se\/wp-content\/uploads\/2026\/02\/kontorsstol-hojjusterbar-snurrstol-med-landstod-fotstod-snoflanell-80-x-80-x-106-114-cm-morkgra-1.webp?fit=2000%2C2000&ssl=1\" \/>\n\t<meta property=\"og:image:width\" content=\"2000\" \/>\n\t<meta property=\"og:image:height\" content=\"2000\" \/>\n\t<meta property=\"og:image:type\" content=\"image\/webp\" \/>\n<meta name=\"twitter:card\" content=\"summary_large_image\" \/>\n<meta name=\"twitter:label1\" content=\"Ber\u00e4knad l\u00e4stid\" \/>\n\t<meta name=\"twitter:data1\" content=\"1 minut\" \/>\n<!-- \/ Yoast SEO plugin. -->","yoast_head_json":{"title":"TRUUSK Kontorsstol med H\u00f6jjusterbar L\u00e4ndst\u00f6d och Fotst\u00f6d - Snurrfunktion - Sn\u00f6flanell - M\u00f6rkgr\u00e5 - 80 x 80 x 106-114 cm - TRUUSK - Hem, Tr\u00e4dg\u00e5rd &amp; Fritid","robots":{"index":"index","follow":"follow","max-snippet":"max-snippet:-1","max-image-preview":"max-image-preview:large","max-video-preview":"max-video-preview:-1"},"canonical":"https:\/\/truusk.store\/sv\/produkt\/truusk-kontorsstol-med-hojjusterbar-landstod-och-fotstod-snurrfunktion-snoflanell-morkgra-80-x-80-x-106-114-cm\/","og_locale":"sv_SE","og_type":"article","og_title":"TRUUSK Kontorsstol med H\u00f6jjusterbar L\u00e4ndst\u00f6d och Fotst\u00f6d - Snurrfunktion - Sn\u00f6flanell - M\u00f6rkgr\u00e5 - 80 x 80 x 106-114 cm - TRUUSK - Hem, Tr\u00e4dg\u00e5rd &amp; Fritid","og_description":"L\u00e5nga timmar vid skrivbordet orsakar sp\u00e4nningar och oro? Med denna [BRAND NAME] kontorsstol med fotst\u00f6d hittar du avkoppling. Den trefaldigt...","og_url":"https:\/\/truusk.store\/sv\/produkt\/truusk-kontorsstol-med-hojjusterbar-landstod-och-fotstod-snurrfunktion-snoflanell-morkgra-80-x-80-x-106-114-cm\/","og_site_name":"TRUUSK - Hem, Tr\u00e4dg\u00e5rd &amp; Fritid","article_modified_time":"2026-03-12T07:53:44+00:00","og_image":[{"width":2000,"height":2000,"url":"https:\/\/i0.wp.com\/truusk.se\/wp-content\/uploads\/2026\/02\/kontorsstol-hojjusterbar-snurrstol-med-landstod-fotstod-snoflanell-80-x-80-x-106-114-cm-morkgra-1.webp?fit=2000%2C2000&ssl=1","type":"image\/webp"}],"twitter_card":"summary_large_image","twitter_misc":{"Ber\u00e4knad l\u00e4stid":"1 minut"},"schema":{"@context":"https:\/\/schema.org","@graph":[{"@type":"WebPage","@id":"https:\/\/truusk.store\/sv\/produkt\/truusk-kontorsstol-med-hojjusterbar-landstod-och-fotstod-snurrfunktion-snoflanell-morkgra-80-x-80-x-106-114-cm\/","url":"https:\/\/truusk.store\/sv\/produkt\/truusk-kontorsstol-med-hojjusterbar-landstod-och-fotstod-snurrfunktion-snoflanell-morkgra-80-x-80-x-106-114-cm\/","name":"TRUUSK Kontorsstol med H\u00f6jjusterbar L\u00e4ndst\u00f6d och Fotst\u00f6d - Snurrfunktion - Sn\u00f6flanell - M\u00f6rkgr\u00e5 - 80 x 80 x 106-114 cm - TRUUSK - Hem, Tr\u00e4dg\u00e5rd &amp; Fritid","isPartOf":{"@id":"https:\/\/truusk.store\/sv\/#website"},"primaryImageOfPage":{"@id":"https:\/\/truusk.store\/sv\/produkt\/truusk-kontorsstol-med-hojjusterbar-landstod-och-fotstod-snurrfunktion-snoflanell-morkgra-80-x-80-x-106-114-cm\/#primaryimage"},"image":{"@id":"https:\/\/truusk.store\/sv\/produkt\/truusk-kontorsstol-med-hojjusterbar-landstod-och-fotstod-snurrfunktion-snoflanell-morkgra-80-x-80-x-106-114-cm\/#primaryimage"},"thumbnailUrl":"https:\/\/i0.wp.com\/truusk.store\/wp-content\/uploads\/2026\/02\/kontorsstol-hojjusterbar-snurrstol-med-landstod-fotstod-snoflanell-80-x-80-x-106-114-cm-morkgra-1.webp?fit=2000%2C2000&ssl=1","datePublished":"2026-02-24T06:32:45+00:00","dateModified":"2026-03-12T07:53:44+00:00","breadcrumb":{"@id":"https:\/\/truusk.store\/sv\/produkt\/truusk-kontorsstol-med-hojjusterbar-landstod-och-fotstod-snurrfunktion-snoflanell-morkgra-80-x-80-x-106-114-cm\/#breadcrumb"},"inLanguage":"sv-SE","potentialAction":[{"@type":"ReadAction","target":["https:\/\/truusk.store\/sv\/produkt\/truusk-kontorsstol-med-hojjusterbar-landstod-och-fotstod-snurrfunktion-snoflanell-morkgra-80-x-80-x-106-114-cm\/"]}]},{"@type":"ImageObject","inLanguage":"sv-SE","@id":"https:\/\/truusk.store\/sv\/produkt\/truusk-kontorsstol-med-hojjusterbar-landstod-och-fotstod-snurrfunktion-snoflanell-morkgra-80-x-80-x-106-114-cm\/#primaryimage","url":"https:\/\/i0.wp.com\/truusk.store\/wp-content\/uploads\/2026\/02\/kontorsstol-hojjusterbar-snurrstol-med-landstod-fotstod-snoflanell-80-x-80-x-106-114-cm-morkgra-1.webp?fit=2000%2C2000&ssl=1","contentUrl":"https:\/\/i0.wp.com\/truusk.store\/wp-content\/uploads\/2026\/02\/kontorsstol-hojjusterbar-snurrstol-med-landstod-fotstod-snoflanell-80-x-80-x-106-114-cm-morkgra-1.webp?fit=2000%2C2000&ssl=1","width":2000,"height":2000},{"@type":"BreadcrumbList","@id":"https:\/\/truusk.store\/sv\/produkt\/truusk-kontorsstol-med-hojjusterbar-landstod-och-fotstod-snurrfunktion-snoflanell-morkgra-80-x-80-x-106-114-cm\/#breadcrumb","itemListElement":[{"@type":"ListItem","position":1,"name":"Home","item":"https:\/\/truusk.store\/sv\/"},{"@type":"ListItem","position":2,"name":"Shop","item":"https:\/\/truusk.store\/shop\/"},{"@type":"ListItem","position":3,"name":"TRUUSK Kontorsstol med H\u00f6jjusterbar L\u00e4ndst\u00f6d och Fotst\u00f6d &#8211; Snurrfunktion &#8211; Sn\u00f6flanell &#8211; M\u00f6rkgr\u00e5 &#8211; 80 x 80 x 106-114 cm"}]},{"@type":"WebSite","@id":"https:\/\/truusk.store\/sv\/#website","url":"https:\/\/truusk.store\/sv\/","name":"TRUUSK - Hem, Tr\u00e4dg\u00e5rd & Fritid","description":"","publisher":{"@id":"https:\/\/truusk.store\/sv\/#organization"},"potentialAction":[{"@type":"SearchAction","target":{"@type":"EntryPoint","urlTemplate":"https:\/\/truusk.store\/sv\/?s={search_term_string}"},"query-input":{"@type":"PropertyValueSpecification","valueRequired":true,"valueName":"search_term_string"}}],"inLanguage":"sv-SE"},{"@type":"Organization","@id":"https:\/\/truusk.store\/sv\/#organization","name":"TRUUSK - Hem, Tr\u00e4dg\u00e5rd & Fritid","url":"https:\/\/truusk.store\/sv\/","logo":{"@type":"ImageObject","inLanguage":"sv-SE","@id":"https:\/\/truusk.store\/sv\/#\/schema\/logo\/image\/","url":"https:\/\/i0.wp.com\/truusk.store\/wp-content\/uploads\/2026\/03\/cropped-TRUUSK.png?fit=2032%2C917&ssl=1","contentUrl":"https:\/\/i0.wp.com\/truusk.store\/wp-content\/uploads\/2026\/03\/cropped-TRUUSK.png?fit=2032%2C917&ssl=1","width":2032,"height":917,"caption":"TRUUSK - Hem, Tr\u00e4dg\u00e5rd & Fritid"},"image":{"@id":"https:\/\/truusk.store\/sv\/#\/schema\/logo\/image\/"}}]}},"jetpack_sharing_enabled":true,"_links":{"self":[{"href":"https:\/\/truusk.store\/sv\/wp-json\/wp\/v2\/product\/106374","targetHints":{"allow":["GET"]}}],"collection":[{"href":"https:\/\/truusk.store\/sv\/wp-json\/wp\/v2\/product"}],"about":[{"href":"https:\/\/truusk.store\/sv\/wp-json\/wp\/v2\/types\/product"}],"wp:featuredmedia":[{"embeddable":true,"href":"https:\/\/truusk.store\/sv\/wp-json\/wp\/v2\/media\/106362"}],"wp:attachment":[{"href":"https:\/\/truusk.store\/sv\/wp-json\/wp\/v2\/media?parent=106374"}],"wp:term":[{"taxonomy":"product_brand","embeddable":true,"href":"https:\/\/truusk.store\/sv\/wp-json\/wp\/v2\/product_brand?post=106374"},{"taxonomy":"product_cat","embeddable":true,"href":"https:\/\/truusk.store\/sv\/wp-json\/wp\/v2\/product_cat?post=106374"},{"taxonomy":"product_tag","embeddable":true,"href":"https:\/\/truusk.store\/sv\/wp-json\/wp\/v2\/product_tag?post=106374"}],"curies":[{"name":"wp","href":"https:\/\/api.w.org\/{rel}","templated":true}]}}