{"id":106395,"date":"2026-02-24T07:34:42","date_gmt":"2026-02-24T06:34:42","guid":{"rendered":"https:\/\/truusk.store\/product\/solstolplampa-i-rattan-med-ljussensor-led-sollampa-i-boho-stil-ip44-vattentat\/"},"modified":"2026-03-12T08:53:45","modified_gmt":"2026-03-12T07:53:45","slug":"truusk-rattan-solstolplampa-med-ljussensor-led-sollampa-i-boho-stil-vattentat-ip44-for-utomhusbruk","status":"publish","type":"product","link":"https:\/\/truusk.store\/sv\/produkt\/truusk-rattan-solstolplampa-med-ljussensor-led-sollampa-i-boho-stil-vattentat-ip44-for-utomhusbruk\/","title":{"rendered":"TRUUSK Rattan Solstolplampa med Ljussensor &#8211; LED-sollampa i Boho-stil &#8211; Vattent\u00e4t IP44 &#8211; F\u00f6r Utomhusbruk"},"content":{"rendered":"<p>N\u00e4r kv\u00e4llen n\u00e4rmar sig f\u00f6rtj\u00e4nar din terrass mer \u00e4n m\u00f6rker. Den moderna, koniska rottinglampan fr\u00e5n [BRAND NAME] \u00e4r redo att anv\u00e4ndas direkt. St\u00e4ll den bara p\u00e5 en solig plats, och solcellslampan ger automatiskt varmt 3500K-ljus vid skymning. Njut av enkel atmosf\u00e4r och f\u00f6rvandla ditt utomhusomr\u00e5de till en mysig oas.<\/p>\n<p>Beskrivning:<\/p>\n<ul>\n<li> Tr\u00e4dg\u00e5rdslampa gjord av \u00f6ppet v\u00e4vd burrotting, en stilfull till\u00e4gg till utomhusomr\u00e5den<\/li>\n<li> Solcellspanel f\u00f6r laddning i solljus<\/li>\n<li> Fem timmars full laddning = \u00e5tta timmars ljus<\/li>\n<li> Sl\u00e5r automatiskt p\u00e5\/av vid skymning och gryning<\/li>\n<li> Pulverlackerad st\u00e5lram f\u00f6r h\u00e5llbarhet och stabilitet<\/li>\n<li> IP44-vattent\u00e5lig, l\u00e4mplig f\u00f6r l\u00e4tt till medelregn och sn\u00f6<\/li>\n<li> Ingen montering kr\u00e4vs<\/li>\n<\/ul>\n<p> Tekniska specifikationer:<\/p>\n<ul>\n<li> F\u00e4rg: Gul<\/li>\n<li> Material: PE-rotting, st\u00e5l<\/li>\n<li> Totala dimensioner: 35L x 35B x 55H cm<\/li>\n<li> Storlek p\u00e5 solpanel: \u00d812 cm<\/li>\n<li> Bottenomr\u00e5desstorlek: \u00d814 cm<\/li>\n<li> LED-ljusprestanda: (enskild enhet) 0,06 W, (totalt) 1,5 W<\/li>\n<li> Laddningstid: 5 timmar vid tillr\u00e4ckligt solljus<\/li>\n<li> Ljusvaraktighet: (fulladdad) 8 timmar<\/li>\n<li> Ljus: 3500 K Varm<\/li>\n<li> Lumen: 15 lm<\/li>\n<li> Batterityp: AA (Ni-Mh, 1200 mAh, 1,2 V)<\/li>\n<li> Vattent\u00e4thetsklass: IP44<\/li>\n<\/ul>\n<p>Leveransinneh\u00e5ll:<\/p>\n<ul>\n<li> 1 x Rottinglampa<\/li>\n<li> 1 x Bruksanvisning<\/li>\n<\/ul>\n","protected":false},"excerpt":{"rendered":"<p>N\u00e4r kv\u00e4llen n\u00e4rmar sig f\u00f6rtj\u00e4nar din terrass mer \u00e4n m\u00f6rker. Den moderna, koniska rottinglampan fr\u00e5n [BRAND NAME] \u00e4r redo att&#8230;<\/p>\n","protected":false},"featured_media":106383,"template":"","meta":[],"product_brand":[],"product_cat":[858,465,464],"product_tag":[],"class_list":{"0":"post-106395","1":"product","2":"type-product","3":"status-publish","4":"has-post-thumbnail","6":"product_cat-tradgard-terrass","7":"product_cat-tradgardsbelysning","8":"product_cat-tradgardsdekoration","10":"first","11":"instock","12":"sale","13":"taxable","14":"shipping-taxable","15":"purchasable","16":"product-type-simple"},"yoast_head":"<!-- This site is optimized with the Yoast SEO plugin v25.4 - https:\/\/yoast.com\/wordpress\/plugins\/seo\/ -->\n<title>TRUUSK Rattan Solstolplampa med Ljussensor - LED-sollampa i Boho-stil - Vattent\u00e4t IP44 - F\u00f6r Utomhusbruk - TRUUSK - Hem, Tr\u00e4dg\u00e5rd &amp; Fritid<\/title>\n<meta name=\"robots\" content=\"index, follow, max-snippet:-1, max-image-preview:large, max-video-preview:-1\" \/>\n<link rel=\"canonical\" href=\"https:\/\/truusk.store\/sv\/produkt\/truusk-rattan-solstolplampa-med-ljussensor-led-sollampa-i-boho-stil-vattentat-ip44-for-utomhusbruk\/\" \/>\n<meta property=\"og:locale\" content=\"sv_SE\" \/>\n<meta property=\"og:type\" content=\"article\" \/>\n<meta property=\"og:title\" content=\"TRUUSK Rattan Solstolplampa med Ljussensor - LED-sollampa i Boho-stil - Vattent\u00e4t IP44 - F\u00f6r Utomhusbruk - TRUUSK - Hem, Tr\u00e4dg\u00e5rd &amp; Fritid\" \/>\n<meta property=\"og:description\" content=\"N\u00e4r kv\u00e4llen n\u00e4rmar sig f\u00f6rtj\u00e4nar din terrass mer \u00e4n m\u00f6rker. Den moderna, koniska rottinglampan fr\u00e5n [BRAND NAME] \u00e4r redo att...\" \/>\n<meta property=\"og:url\" content=\"https:\/\/truusk.store\/sv\/produkt\/truusk-rattan-solstolplampa-med-ljussensor-led-sollampa-i-boho-stil-vattentat-ip44-for-utomhusbruk\/\" \/>\n<meta property=\"og:site_name\" content=\"TRUUSK - Hem, Tr\u00e4dg\u00e5rd &amp; Fritid\" \/>\n<meta property=\"article:modified_time\" content=\"2026-03-12T07:53:45+00:00\" \/>\n<meta property=\"og:image\" content=\"https:\/\/i0.wp.com\/truusk.se\/wp-content\/uploads\/2026\/02\/solstolplampa-i-rattan-med-ljussensor-led-sollampa-i-boho-stil-ip44-vattentat-1.webp?fit=2000%2C2000&ssl=1\" \/>\n\t<meta property=\"og:image:width\" content=\"2000\" \/>\n\t<meta property=\"og:image:height\" content=\"2000\" \/>\n\t<meta property=\"og:image:type\" content=\"image\/webp\" \/>\n<meta name=\"twitter:card\" content=\"summary_large_image\" \/>\n<meta name=\"twitter:label1\" content=\"Ber\u00e4knad l\u00e4stid\" \/>\n\t<meta name=\"twitter:data1\" content=\"1 minut\" \/>\n<!-- \/ Yoast SEO plugin. -->","yoast_head_json":{"title":"TRUUSK Rattan Solstolplampa med Ljussensor - LED-sollampa i Boho-stil - Vattent\u00e4t IP44 - F\u00f6r Utomhusbruk - TRUUSK - Hem, Tr\u00e4dg\u00e5rd &amp; Fritid","robots":{"index":"index","follow":"follow","max-snippet":"max-snippet:-1","max-image-preview":"max-image-preview:large","max-video-preview":"max-video-preview:-1"},"canonical":"https:\/\/truusk.store\/sv\/produkt\/truusk-rattan-solstolplampa-med-ljussensor-led-sollampa-i-boho-stil-vattentat-ip44-for-utomhusbruk\/","og_locale":"sv_SE","og_type":"article","og_title":"TRUUSK Rattan Solstolplampa med Ljussensor - LED-sollampa i Boho-stil - Vattent\u00e4t IP44 - F\u00f6r Utomhusbruk - TRUUSK - Hem, Tr\u00e4dg\u00e5rd &amp; Fritid","og_description":"N\u00e4r kv\u00e4llen n\u00e4rmar sig f\u00f6rtj\u00e4nar din terrass mer \u00e4n m\u00f6rker. Den moderna, koniska rottinglampan fr\u00e5n [BRAND NAME] \u00e4r redo att...","og_url":"https:\/\/truusk.store\/sv\/produkt\/truusk-rattan-solstolplampa-med-ljussensor-led-sollampa-i-boho-stil-vattentat-ip44-for-utomhusbruk\/","og_site_name":"TRUUSK - Hem, Tr\u00e4dg\u00e5rd &amp; Fritid","article_modified_time":"2026-03-12T07:53:45+00:00","og_image":[{"width":2000,"height":2000,"url":"https:\/\/i0.wp.com\/truusk.se\/wp-content\/uploads\/2026\/02\/solstolplampa-i-rattan-med-ljussensor-led-sollampa-i-boho-stil-ip44-vattentat-1.webp?fit=2000%2C2000&ssl=1","type":"image\/webp"}],"twitter_card":"summary_large_image","twitter_misc":{"Ber\u00e4knad l\u00e4stid":"1 minut"},"schema":{"@context":"https:\/\/schema.org","@graph":[{"@type":"WebPage","@id":"https:\/\/truusk.store\/sv\/produkt\/truusk-rattan-solstolplampa-med-ljussensor-led-sollampa-i-boho-stil-vattentat-ip44-for-utomhusbruk\/","url":"https:\/\/truusk.store\/sv\/produkt\/truusk-rattan-solstolplampa-med-ljussensor-led-sollampa-i-boho-stil-vattentat-ip44-for-utomhusbruk\/","name":"TRUUSK Rattan Solstolplampa med Ljussensor - LED-sollampa i Boho-stil - Vattent\u00e4t IP44 - F\u00f6r Utomhusbruk - TRUUSK - Hem, Tr\u00e4dg\u00e5rd &amp; Fritid","isPartOf":{"@id":"https:\/\/truusk.store\/sv\/#website"},"primaryImageOfPage":{"@id":"https:\/\/truusk.store\/sv\/produkt\/truusk-rattan-solstolplampa-med-ljussensor-led-sollampa-i-boho-stil-vattentat-ip44-for-utomhusbruk\/#primaryimage"},"image":{"@id":"https:\/\/truusk.store\/sv\/produkt\/truusk-rattan-solstolplampa-med-ljussensor-led-sollampa-i-boho-stil-vattentat-ip44-for-utomhusbruk\/#primaryimage"},"thumbnailUrl":"https:\/\/i0.wp.com\/truusk.store\/wp-content\/uploads\/2026\/02\/solstolplampa-i-rattan-med-ljussensor-led-sollampa-i-boho-stil-ip44-vattentat-1.webp?fit=2000%2C2000&ssl=1","datePublished":"2026-02-24T06:34:42+00:00","dateModified":"2026-03-12T07:53:45+00:00","breadcrumb":{"@id":"https:\/\/truusk.store\/sv\/produkt\/truusk-rattan-solstolplampa-med-ljussensor-led-sollampa-i-boho-stil-vattentat-ip44-for-utomhusbruk\/#breadcrumb"},"inLanguage":"sv-SE","potentialAction":[{"@type":"ReadAction","target":["https:\/\/truusk.store\/sv\/produkt\/truusk-rattan-solstolplampa-med-ljussensor-led-sollampa-i-boho-stil-vattentat-ip44-for-utomhusbruk\/"]}]},{"@type":"ImageObject","inLanguage":"sv-SE","@id":"https:\/\/truusk.store\/sv\/produkt\/truusk-rattan-solstolplampa-med-ljussensor-led-sollampa-i-boho-stil-vattentat-ip44-for-utomhusbruk\/#primaryimage","url":"https:\/\/i0.wp.com\/truusk.store\/wp-content\/uploads\/2026\/02\/solstolplampa-i-rattan-med-ljussensor-led-sollampa-i-boho-stil-ip44-vattentat-1.webp?fit=2000%2C2000&ssl=1","contentUrl":"https:\/\/i0.wp.com\/truusk.store\/wp-content\/uploads\/2026\/02\/solstolplampa-i-rattan-med-ljussensor-led-sollampa-i-boho-stil-ip44-vattentat-1.webp?fit=2000%2C2000&ssl=1","width":2000,"height":2000},{"@type":"BreadcrumbList","@id":"https:\/\/truusk.store\/sv\/produkt\/truusk-rattan-solstolplampa-med-ljussensor-led-sollampa-i-boho-stil-vattentat-ip44-for-utomhusbruk\/#breadcrumb","itemListElement":[{"@type":"ListItem","position":1,"name":"Home","item":"https:\/\/truusk.store\/sv\/"},{"@type":"ListItem","position":2,"name":"Shop","item":"https:\/\/truusk.store\/shop\/"},{"@type":"ListItem","position":3,"name":"TRUUSK Rattan Solstolplampa med Ljussensor &#8211; LED-sollampa i Boho-stil &#8211; Vattent\u00e4t IP44 &#8211; F\u00f6r Utomhusbruk"}]},{"@type":"WebSite","@id":"https:\/\/truusk.store\/sv\/#website","url":"https:\/\/truusk.store\/sv\/","name":"TRUUSK - Hem, Tr\u00e4dg\u00e5rd & Fritid","description":"","publisher":{"@id":"https:\/\/truusk.store\/sv\/#organization"},"potentialAction":[{"@type":"SearchAction","target":{"@type":"EntryPoint","urlTemplate":"https:\/\/truusk.store\/sv\/?s={search_term_string}"},"query-input":{"@type":"PropertyValueSpecification","valueRequired":true,"valueName":"search_term_string"}}],"inLanguage":"sv-SE"},{"@type":"Organization","@id":"https:\/\/truusk.store\/sv\/#organization","name":"TRUUSK - Hem, Tr\u00e4dg\u00e5rd & Fritid","url":"https:\/\/truusk.store\/sv\/","logo":{"@type":"ImageObject","inLanguage":"sv-SE","@id":"https:\/\/truusk.store\/sv\/#\/schema\/logo\/image\/","url":"https:\/\/i0.wp.com\/truusk.store\/wp-content\/uploads\/2026\/03\/cropped-TRUUSK.png?fit=2032%2C917&ssl=1","contentUrl":"https:\/\/i0.wp.com\/truusk.store\/wp-content\/uploads\/2026\/03\/cropped-TRUUSK.png?fit=2032%2C917&ssl=1","width":2032,"height":917,"caption":"TRUUSK - Hem, Tr\u00e4dg\u00e5rd & Fritid"},"image":{"@id":"https:\/\/truusk.store\/sv\/#\/schema\/logo\/image\/"}}]}},"jetpack_sharing_enabled":true,"_links":{"self":[{"href":"https:\/\/truusk.store\/sv\/wp-json\/wp\/v2\/product\/106395","targetHints":{"allow":["GET"]}}],"collection":[{"href":"https:\/\/truusk.store\/sv\/wp-json\/wp\/v2\/product"}],"about":[{"href":"https:\/\/truusk.store\/sv\/wp-json\/wp\/v2\/types\/product"}],"wp:featuredmedia":[{"embeddable":true,"href":"https:\/\/truusk.store\/sv\/wp-json\/wp\/v2\/media\/106383"}],"wp:attachment":[{"href":"https:\/\/truusk.store\/sv\/wp-json\/wp\/v2\/media?parent=106395"}],"wp:term":[{"taxonomy":"product_brand","embeddable":true,"href":"https:\/\/truusk.store\/sv\/wp-json\/wp\/v2\/product_brand?post=106395"},{"taxonomy":"product_cat","embeddable":true,"href":"https:\/\/truusk.store\/sv\/wp-json\/wp\/v2\/product_cat?post=106395"},{"taxonomy":"product_tag","embeddable":true,"href":"https:\/\/truusk.store\/sv\/wp-json\/wp\/v2\/product_tag?post=106395"}],"curies":[{"name":"wp","href":"https:\/\/api.w.org\/{rel}","templated":true}]}}