{"id":106404,"date":"2026-02-24T07:35:44","date_gmt":"2026-02-24T06:35:44","guid":{"rendered":"https:\/\/truusk.store\/product\/solstolplampa-i-rattan-med-ljussensor-automatisk-led-sollampa-i-boho-stil-ip44\/"},"modified":"2026-03-12T08:53:45","modified_gmt":"2026-03-12T07:53:45","slug":"truusk-solstolplampa-i-rattan-automatisk-led-ljussensor-boho-stil-ip44","status":"publish","type":"product","link":"https:\/\/truusk.store\/sv\/produkt\/truusk-solstolplampa-i-rattan-automatisk-led-ljussensor-boho-stil-ip44\/","title":{"rendered":"TRUUSK Solstolplampa i Rattan &#8211; Automatisk LED-ljussensor &#8211; Boho-stil &#8211; IP44"},"content":{"rendered":"<p>Din terrass verkar livl\u00f6s efter solnedg\u00e5ngen, och svaga lampor som beh\u00f6ver kabeldragning eller misslyckas i regnet \u00e4r frustrerande. Rattan-golvlampan fr\u00e5n [BRAND NAME] ger en ny st\u00e4mning med sitt varma, automatiska ljus. Solenergidriven och med ett IP44-certifierat h\u00f6lje, erbjuder denna sollykta varaktig komfort. Med Rattan sollykt skapar du en avslappnad och inbjudande atmosf\u00e4r utomhus.<\/p>\n<p>Beskrivning:<\/p>\n<ul>\n<li> Denna fl\u00e4tade sollykta \u00e4r ett stilfullt tillskott till utomhusomr\u00e5den<\/li>\n<li> Solpanel f\u00f6r att ladda sollyktan under solljus<\/li>\n<li> Fem timmars full laddning = \u00e5tta timmars ljus<\/li>\n<li> Sollyktan sl\u00e5s automatiskt p\u00e5\/av vid skymning och gryning<\/li>\n<li> IP44 vattent\u00e5lig skyddsklass, l\u00e4mplig f\u00f6r l\u00e4tt till m\u00e5ttligt regn och sn\u00f6<\/li>\n<li> Kompakt design, utrymmesbesparande, b\u00e4rbar och energibesparande<\/li>\n<li> Ingen montering kr\u00e4vs<\/li>\n<\/ul>\n<p> Tekniska data:<\/p>\n<ul>\n<li> F\u00e4rg: Sand<\/li>\n<li> Material: PE-rattan, st\u00e5l, ABS<\/li>\n<li> Totala dimensioner: 19L x 19B x 68H cm<\/li>\n<li> Solpanelstorlek: 12L x 12B cm<\/li>\n<li> Bottenomr\u00e5desstorlek: 15L x 15B x 4H cm<\/li>\n<li> LED-ljusprestanda: (enskild enhet) 0,06 W, (totalt) 1,5 W<\/li>\n<li> Laddningstid: 5 timmar vid tillr\u00e4ckligt solljus<\/li>\n<li> Belysningstid: (fulladdad) 8 timmar<\/li>\n<li> Ljus: 3500 K Varm<\/li>\n<li> Lumen: 15 lm<\/li>\n<li> Batterityp: AA (Ni-Mh, 1200 mAh, 1,2 V)<\/li>\n<li> Vattent\u00e4thetsklass: IP44<\/li>\n<\/ul>\n<p>Leveransinneh\u00e5ll:<\/p>\n<ul>\n<li> 1 x Rattanlampa<\/li>\n<li> 1 x Bruksanvisning<\/li>\n<\/ul>\n","protected":false},"excerpt":{"rendered":"<p>Din terrass verkar livl\u00f6s efter solnedg\u00e5ngen, och svaga lampor som beh\u00f6ver kabeldragning eller misslyckas i regnet \u00e4r frustrerande. Rattan-golvlampan fr\u00e5n&#8230;<\/p>\n","protected":false},"featured_media":106394,"template":"","meta":[],"product_brand":[],"product_cat":[858,465,464],"product_tag":[],"class_list":{"0":"post-106404","1":"product","2":"type-product","3":"status-publish","4":"has-post-thumbnail","6":"product_cat-tradgard-terrass","7":"product_cat-tradgardsbelysning","8":"product_cat-tradgardsdekoration","10":"first","11":"instock","12":"sale","13":"taxable","14":"shipping-taxable","15":"purchasable","16":"product-type-simple"},"yoast_head":"<!-- This site is optimized with the Yoast SEO plugin v25.4 - https:\/\/yoast.com\/wordpress\/plugins\/seo\/ -->\n<title>TRUUSK Solstolplampa i Rattan - Automatisk LED-ljussensor - Boho-stil - IP44 - TRUUSK - Hem, Tr\u00e4dg\u00e5rd &amp; Fritid<\/title>\n<meta name=\"robots\" content=\"index, follow, max-snippet:-1, max-image-preview:large, max-video-preview:-1\" \/>\n<link rel=\"canonical\" href=\"https:\/\/truusk.store\/sv\/produkt\/truusk-solstolplampa-i-rattan-automatisk-led-ljussensor-boho-stil-ip44\/\" \/>\n<meta property=\"og:locale\" content=\"sv_SE\" \/>\n<meta property=\"og:type\" content=\"article\" \/>\n<meta property=\"og:title\" content=\"TRUUSK Solstolplampa i Rattan - Automatisk LED-ljussensor - Boho-stil - IP44 - TRUUSK - Hem, Tr\u00e4dg\u00e5rd &amp; Fritid\" \/>\n<meta property=\"og:description\" content=\"Din terrass verkar livl\u00f6s efter solnedg\u00e5ngen, och svaga lampor som beh\u00f6ver kabeldragning eller misslyckas i regnet \u00e4r frustrerande. Rattan-golvlampan fr\u00e5n...\" \/>\n<meta property=\"og:url\" content=\"https:\/\/truusk.store\/sv\/produkt\/truusk-solstolplampa-i-rattan-automatisk-led-ljussensor-boho-stil-ip44\/\" \/>\n<meta property=\"og:site_name\" content=\"TRUUSK - Hem, Tr\u00e4dg\u00e5rd &amp; Fritid\" \/>\n<meta property=\"article:modified_time\" content=\"2026-03-12T07:53:45+00:00\" \/>\n<meta property=\"og:image\" content=\"https:\/\/i0.wp.com\/truusk.se\/wp-content\/uploads\/2026\/02\/solstolplampa-i-rattan-med-ljussensor-automatisk-led-sollampa-i-boho-stil-ip44-1.webp?fit=2000%2C2000&ssl=1\" \/>\n\t<meta property=\"og:image:width\" content=\"2000\" \/>\n\t<meta property=\"og:image:height\" content=\"2000\" \/>\n\t<meta property=\"og:image:type\" content=\"image\/webp\" \/>\n<meta name=\"twitter:card\" content=\"summary_large_image\" \/>\n<meta name=\"twitter:label1\" content=\"Ber\u00e4knad l\u00e4stid\" \/>\n\t<meta name=\"twitter:data1\" content=\"1 minut\" \/>\n<!-- \/ Yoast SEO plugin. -->","yoast_head_json":{"title":"TRUUSK Solstolplampa i Rattan - Automatisk LED-ljussensor - Boho-stil - IP44 - TRUUSK - Hem, Tr\u00e4dg\u00e5rd &amp; Fritid","robots":{"index":"index","follow":"follow","max-snippet":"max-snippet:-1","max-image-preview":"max-image-preview:large","max-video-preview":"max-video-preview:-1"},"canonical":"https:\/\/truusk.store\/sv\/produkt\/truusk-solstolplampa-i-rattan-automatisk-led-ljussensor-boho-stil-ip44\/","og_locale":"sv_SE","og_type":"article","og_title":"TRUUSK Solstolplampa i Rattan - Automatisk LED-ljussensor - Boho-stil - IP44 - TRUUSK - Hem, Tr\u00e4dg\u00e5rd &amp; Fritid","og_description":"Din terrass verkar livl\u00f6s efter solnedg\u00e5ngen, och svaga lampor som beh\u00f6ver kabeldragning eller misslyckas i regnet \u00e4r frustrerande. Rattan-golvlampan fr\u00e5n...","og_url":"https:\/\/truusk.store\/sv\/produkt\/truusk-solstolplampa-i-rattan-automatisk-led-ljussensor-boho-stil-ip44\/","og_site_name":"TRUUSK - Hem, Tr\u00e4dg\u00e5rd &amp; Fritid","article_modified_time":"2026-03-12T07:53:45+00:00","og_image":[{"width":2000,"height":2000,"url":"https:\/\/i0.wp.com\/truusk.se\/wp-content\/uploads\/2026\/02\/solstolplampa-i-rattan-med-ljussensor-automatisk-led-sollampa-i-boho-stil-ip44-1.webp?fit=2000%2C2000&ssl=1","type":"image\/webp"}],"twitter_card":"summary_large_image","twitter_misc":{"Ber\u00e4knad l\u00e4stid":"1 minut"},"schema":{"@context":"https:\/\/schema.org","@graph":[{"@type":"WebPage","@id":"https:\/\/truusk.store\/sv\/produkt\/truusk-solstolplampa-i-rattan-automatisk-led-ljussensor-boho-stil-ip44\/","url":"https:\/\/truusk.store\/sv\/produkt\/truusk-solstolplampa-i-rattan-automatisk-led-ljussensor-boho-stil-ip44\/","name":"TRUUSK Solstolplampa i Rattan - Automatisk LED-ljussensor - Boho-stil - IP44 - TRUUSK - Hem, Tr\u00e4dg\u00e5rd &amp; Fritid","isPartOf":{"@id":"https:\/\/truusk.store\/sv\/#website"},"primaryImageOfPage":{"@id":"https:\/\/truusk.store\/sv\/produkt\/truusk-solstolplampa-i-rattan-automatisk-led-ljussensor-boho-stil-ip44\/#primaryimage"},"image":{"@id":"https:\/\/truusk.store\/sv\/produkt\/truusk-solstolplampa-i-rattan-automatisk-led-ljussensor-boho-stil-ip44\/#primaryimage"},"thumbnailUrl":"https:\/\/i0.wp.com\/truusk.store\/wp-content\/uploads\/2026\/02\/solstolplampa-i-rattan-med-ljussensor-automatisk-led-sollampa-i-boho-stil-ip44-1.webp?fit=2000%2C2000&ssl=1","datePublished":"2026-02-24T06:35:44+00:00","dateModified":"2026-03-12T07:53:45+00:00","breadcrumb":{"@id":"https:\/\/truusk.store\/sv\/produkt\/truusk-solstolplampa-i-rattan-automatisk-led-ljussensor-boho-stil-ip44\/#breadcrumb"},"inLanguage":"sv-SE","potentialAction":[{"@type":"ReadAction","target":["https:\/\/truusk.store\/sv\/produkt\/truusk-solstolplampa-i-rattan-automatisk-led-ljussensor-boho-stil-ip44\/"]}]},{"@type":"ImageObject","inLanguage":"sv-SE","@id":"https:\/\/truusk.store\/sv\/produkt\/truusk-solstolplampa-i-rattan-automatisk-led-ljussensor-boho-stil-ip44\/#primaryimage","url":"https:\/\/i0.wp.com\/truusk.store\/wp-content\/uploads\/2026\/02\/solstolplampa-i-rattan-med-ljussensor-automatisk-led-sollampa-i-boho-stil-ip44-1.webp?fit=2000%2C2000&ssl=1","contentUrl":"https:\/\/i0.wp.com\/truusk.store\/wp-content\/uploads\/2026\/02\/solstolplampa-i-rattan-med-ljussensor-automatisk-led-sollampa-i-boho-stil-ip44-1.webp?fit=2000%2C2000&ssl=1","width":2000,"height":2000},{"@type":"BreadcrumbList","@id":"https:\/\/truusk.store\/sv\/produkt\/truusk-solstolplampa-i-rattan-automatisk-led-ljussensor-boho-stil-ip44\/#breadcrumb","itemListElement":[{"@type":"ListItem","position":1,"name":"Home","item":"https:\/\/truusk.store\/sv\/"},{"@type":"ListItem","position":2,"name":"Shop","item":"https:\/\/truusk.store\/shop\/"},{"@type":"ListItem","position":3,"name":"TRUUSK Solstolplampa i Rattan &#8211; Automatisk LED-ljussensor &#8211; Boho-stil &#8211; IP44"}]},{"@type":"WebSite","@id":"https:\/\/truusk.store\/sv\/#website","url":"https:\/\/truusk.store\/sv\/","name":"TRUUSK - Hem, Tr\u00e4dg\u00e5rd & Fritid","description":"","publisher":{"@id":"https:\/\/truusk.store\/sv\/#organization"},"potentialAction":[{"@type":"SearchAction","target":{"@type":"EntryPoint","urlTemplate":"https:\/\/truusk.store\/sv\/?s={search_term_string}"},"query-input":{"@type":"PropertyValueSpecification","valueRequired":true,"valueName":"search_term_string"}}],"inLanguage":"sv-SE"},{"@type":"Organization","@id":"https:\/\/truusk.store\/sv\/#organization","name":"TRUUSK - Hem, Tr\u00e4dg\u00e5rd & Fritid","url":"https:\/\/truusk.store\/sv\/","logo":{"@type":"ImageObject","inLanguage":"sv-SE","@id":"https:\/\/truusk.store\/sv\/#\/schema\/logo\/image\/","url":"https:\/\/i0.wp.com\/truusk.store\/wp-content\/uploads\/2026\/03\/cropped-TRUUSK.png?fit=2032%2C917&ssl=1","contentUrl":"https:\/\/i0.wp.com\/truusk.store\/wp-content\/uploads\/2026\/03\/cropped-TRUUSK.png?fit=2032%2C917&ssl=1","width":2032,"height":917,"caption":"TRUUSK - Hem, Tr\u00e4dg\u00e5rd & Fritid"},"image":{"@id":"https:\/\/truusk.store\/sv\/#\/schema\/logo\/image\/"}}]}},"jetpack_sharing_enabled":true,"_links":{"self":[{"href":"https:\/\/truusk.store\/sv\/wp-json\/wp\/v2\/product\/106404","targetHints":{"allow":["GET"]}}],"collection":[{"href":"https:\/\/truusk.store\/sv\/wp-json\/wp\/v2\/product"}],"about":[{"href":"https:\/\/truusk.store\/sv\/wp-json\/wp\/v2\/types\/product"}],"wp:featuredmedia":[{"embeddable":true,"href":"https:\/\/truusk.store\/sv\/wp-json\/wp\/v2\/media\/106394"}],"wp:attachment":[{"href":"https:\/\/truusk.store\/sv\/wp-json\/wp\/v2\/media?parent=106404"}],"wp:term":[{"taxonomy":"product_brand","embeddable":true,"href":"https:\/\/truusk.store\/sv\/wp-json\/wp\/v2\/product_brand?post=106404"},{"taxonomy":"product_cat","embeddable":true,"href":"https:\/\/truusk.store\/sv\/wp-json\/wp\/v2\/product_cat?post=106404"},{"taxonomy":"product_tag","embeddable":true,"href":"https:\/\/truusk.store\/sv\/wp-json\/wp\/v2\/product_tag?post=106404"}],"curies":[{"name":"wp","href":"https:\/\/api.w.org\/{rel}","templated":true}]}}