{"id":106436,"date":"2026-02-24T07:38:47","date_gmt":"2026-02-24T06:38:47","guid":{"rendered":"https:\/\/truusk.store\/product\/parasoll-med-led-solenergi-ca-o300-cm-roterbar-solskydd-med-vev-stativ-skyddsholje-morkgra\/"},"modified":"2026-03-12T08:53:50","modified_gmt":"2026-03-12T07:53:50","slug":"truusk-parasoll-med-led-solenergi-o300-cm-roterbar-vev-stativ-skyddsholje-morkgra","status":"publish","type":"product","link":"https:\/\/truusk.store\/sv\/produkt\/truusk-parasoll-med-led-solenergi-o300-cm-roterbar-vev-stativ-skyddsholje-morkgra\/","title":{"rendered":"TRUUSK Parasoll med LED-solenergi \u00d8300 cm &#8211; Roterbar &#8211; Vev &#8211; Stativ &#8211; Skyddsh\u00f6lje &#8211; M\u00f6rkgr\u00e5"},"content":{"rendered":"<p>En pl\u00f6tslig vindst\u00f6t beh\u00f6ver inte st\u00f6ra din familjs avslappnade atmosf\u00e4r. [BRAND NAME] parasoll med LED st\u00e5r stabilt och f\u00f6rhindrar att det v\u00e4lter. Parasollets 360\u00b0 roteringsfunktion m\u00f6jligg\u00f6r enkelt skugga fr\u00e5n tidig morgon till sen kv\u00e4ll. Efter solnedg\u00e5ngen ger solcellsdrivna LED-lampor ett varmt ljus och f\u00f6rvandlar din terrass till en magisk plats f\u00f6r kv\u00e4llssamtal &#8211; f\u00f6r of\u00f6rgl\u00f6mliga stunder<\/p>\n<p>Beskrivning:<\/p>\n<ul>\n<li> Har en stabil korsbas och 8 ribbor som ger detta parasoll ett p\u00e5litligt, stabilt st\u00f6d<\/li>\n<li> 360\u00b0 roteringsfunktionen ger exakt, hela dagen skugga fr\u00e5n den vandrande solen<\/li>\n<li> Inneh\u00e5ller 32 solcellsdrivna LED-lampor som skapar en romantisk atmosf\u00e4r f\u00f6r dina kv\u00e4llar med detta solparasoll<\/li>\n<li> Det stora ca 3&#215;3 m taket \u00e4r UV-resistent och vattenavvisande, idealiskt som balkongparasoll f\u00f6r l\u00e5ngvarig utomhusanv\u00e4ndning<\/li>\n<li> Ett enkelt att anv\u00e4nda vevsystem m\u00f6jligg\u00f6r enkel \u00f6ppning och st\u00e4ngning av parasollet<\/li>\n<li> Levereras med ett skyddsfodral f\u00f6r att f\u00f6rl\u00e4nga parasollets livsl\u00e4ngd under lagring<\/li>\n<li> Montering kr\u00e4vs<\/li>\n<\/ul>\n<p> Tekniska specifikationer:<\/p>\n<ul>\n<li> F\u00e4rg: M\u00f6rkgr\u00e5+Svart<\/li>\n<li> Material: Metall, Polyester, Plast<\/li>\n<li> Totala m\u00e5tt: 300L x 300B x 240H cm<\/li>\n<li> Parasolldimensioner: 297L x 297B cm<\/li>\n<li> Parasollst\u00e5ngdimensioner: \u00d84,8 cm<\/li>\n<li> Korsfotsdimensioner: 80L x 80B cm<\/li>\n<li> Solpanel: 1,2W, 3,7V<\/li>\n<li> Batteri: 2000mAh 18650 Litiumbatteri<\/li>\n<\/ul>\n<p>Leveransinneh\u00e5ll:<\/p>\n<ul>\n<li> 1 x Frist\u00e5ende tr\u00e4dg\u00e5rdsparasoll<\/li>\n<li> 1 x Korsfot<\/li>\n<li> 1 x Parasollfodral<\/li>\n<li> 1 x Bruksanvisning<\/li>\n<\/ul>\n","protected":false},"excerpt":{"rendered":"<p>En pl\u00f6tslig vindst\u00f6t beh\u00f6ver inte st\u00f6ra din familjs avslappnade atmosf\u00e4r. [BRAND NAME] parasoll med LED st\u00e5r stabilt och f\u00f6rhindrar att&#8230;<\/p>\n","protected":false},"featured_media":106423,"template":"","meta":[],"product_brand":[],"product_cat":[472,862,858],"product_tag":[],"class_list":{"0":"post-106436","1":"product","2":"type-product","3":"status-publish","4":"has-post-thumbnail","6":"product_cat-parasoller","7":"product_cat-sol-insynsskydd","8":"product_cat-tradgard-terrass","10":"first","11":"instock","12":"sale","13":"taxable","14":"shipping-taxable","15":"purchasable","16":"product-type-simple"},"yoast_head":"<!-- This site is optimized with the Yoast SEO plugin v25.4 - https:\/\/yoast.com\/wordpress\/plugins\/seo\/ -->\n<title>TRUUSK Parasoll med LED-solenergi \u00d8300 cm - Roterbar - Vev - Stativ - Skyddsh\u00f6lje - M\u00f6rkgr\u00e5 - TRUUSK - Hem, Tr\u00e4dg\u00e5rd &amp; Fritid<\/title>\n<meta name=\"robots\" content=\"index, follow, max-snippet:-1, max-image-preview:large, max-video-preview:-1\" \/>\n<link rel=\"canonical\" href=\"https:\/\/truusk.store\/sv\/produkt\/truusk-parasoll-med-led-solenergi-o300-cm-roterbar-vev-stativ-skyddsholje-morkgra\/\" \/>\n<meta property=\"og:locale\" content=\"sv_SE\" \/>\n<meta property=\"og:type\" content=\"article\" \/>\n<meta property=\"og:title\" content=\"TRUUSK Parasoll med LED-solenergi \u00d8300 cm - Roterbar - Vev - Stativ - Skyddsh\u00f6lje - M\u00f6rkgr\u00e5 - TRUUSK - Hem, Tr\u00e4dg\u00e5rd &amp; Fritid\" \/>\n<meta property=\"og:description\" content=\"En pl\u00f6tslig vindst\u00f6t beh\u00f6ver inte st\u00f6ra din familjs avslappnade atmosf\u00e4r. [BRAND NAME] parasoll med LED st\u00e5r stabilt och f\u00f6rhindrar att...\" \/>\n<meta property=\"og:url\" content=\"https:\/\/truusk.store\/sv\/produkt\/truusk-parasoll-med-led-solenergi-o300-cm-roterbar-vev-stativ-skyddsholje-morkgra\/\" \/>\n<meta property=\"og:site_name\" content=\"TRUUSK - Hem, Tr\u00e4dg\u00e5rd &amp; Fritid\" \/>\n<meta property=\"article:modified_time\" content=\"2026-03-12T07:53:50+00:00\" \/>\n<meta property=\"og:image\" content=\"https:\/\/i0.wp.com\/truusk.se\/wp-content\/uploads\/2026\/02\/parasoll-med-led-solenergi-ca-o300-cm-roterbar-solskydd-med-vev-stativ-skyddsholje-morkgra-1.webp?fit=2000%2C2000&ssl=1\" \/>\n\t<meta property=\"og:image:width\" content=\"2000\" \/>\n\t<meta property=\"og:image:height\" content=\"2000\" \/>\n\t<meta property=\"og:image:type\" content=\"image\/webp\" \/>\n<meta name=\"twitter:card\" content=\"summary_large_image\" \/>\n<meta name=\"twitter:label1\" content=\"Ber\u00e4knad l\u00e4stid\" \/>\n\t<meta name=\"twitter:data1\" content=\"1 minut\" \/>\n<!-- \/ Yoast SEO plugin. -->","yoast_head_json":{"title":"TRUUSK Parasoll med LED-solenergi \u00d8300 cm - Roterbar - Vev - Stativ - Skyddsh\u00f6lje - M\u00f6rkgr\u00e5 - TRUUSK - Hem, Tr\u00e4dg\u00e5rd &amp; Fritid","robots":{"index":"index","follow":"follow","max-snippet":"max-snippet:-1","max-image-preview":"max-image-preview:large","max-video-preview":"max-video-preview:-1"},"canonical":"https:\/\/truusk.store\/sv\/produkt\/truusk-parasoll-med-led-solenergi-o300-cm-roterbar-vev-stativ-skyddsholje-morkgra\/","og_locale":"sv_SE","og_type":"article","og_title":"TRUUSK Parasoll med LED-solenergi \u00d8300 cm - Roterbar - Vev - Stativ - Skyddsh\u00f6lje - M\u00f6rkgr\u00e5 - TRUUSK - Hem, Tr\u00e4dg\u00e5rd &amp; Fritid","og_description":"En pl\u00f6tslig vindst\u00f6t beh\u00f6ver inte st\u00f6ra din familjs avslappnade atmosf\u00e4r. [BRAND NAME] parasoll med LED st\u00e5r stabilt och f\u00f6rhindrar att...","og_url":"https:\/\/truusk.store\/sv\/produkt\/truusk-parasoll-med-led-solenergi-o300-cm-roterbar-vev-stativ-skyddsholje-morkgra\/","og_site_name":"TRUUSK - Hem, Tr\u00e4dg\u00e5rd &amp; Fritid","article_modified_time":"2026-03-12T07:53:50+00:00","og_image":[{"width":2000,"height":2000,"url":"https:\/\/i0.wp.com\/truusk.se\/wp-content\/uploads\/2026\/02\/parasoll-med-led-solenergi-ca-o300-cm-roterbar-solskydd-med-vev-stativ-skyddsholje-morkgra-1.webp?fit=2000%2C2000&ssl=1","type":"image\/webp"}],"twitter_card":"summary_large_image","twitter_misc":{"Ber\u00e4knad l\u00e4stid":"1 minut"},"schema":{"@context":"https:\/\/schema.org","@graph":[{"@type":"WebPage","@id":"https:\/\/truusk.store\/sv\/produkt\/truusk-parasoll-med-led-solenergi-o300-cm-roterbar-vev-stativ-skyddsholje-morkgra\/","url":"https:\/\/truusk.store\/sv\/produkt\/truusk-parasoll-med-led-solenergi-o300-cm-roterbar-vev-stativ-skyddsholje-morkgra\/","name":"TRUUSK Parasoll med LED-solenergi \u00d8300 cm - Roterbar - Vev - Stativ - Skyddsh\u00f6lje - M\u00f6rkgr\u00e5 - TRUUSK - Hem, Tr\u00e4dg\u00e5rd &amp; Fritid","isPartOf":{"@id":"https:\/\/truusk.store\/sv\/#website"},"primaryImageOfPage":{"@id":"https:\/\/truusk.store\/sv\/produkt\/truusk-parasoll-med-led-solenergi-o300-cm-roterbar-vev-stativ-skyddsholje-morkgra\/#primaryimage"},"image":{"@id":"https:\/\/truusk.store\/sv\/produkt\/truusk-parasoll-med-led-solenergi-o300-cm-roterbar-vev-stativ-skyddsholje-morkgra\/#primaryimage"},"thumbnailUrl":"https:\/\/i0.wp.com\/truusk.store\/wp-content\/uploads\/2026\/02\/parasoll-med-led-solenergi-ca-o300-cm-roterbar-solskydd-med-vev-stativ-skyddsholje-morkgra-1.webp?fit=2000%2C2000&ssl=1","datePublished":"2026-02-24T06:38:47+00:00","dateModified":"2026-03-12T07:53:50+00:00","breadcrumb":{"@id":"https:\/\/truusk.store\/sv\/produkt\/truusk-parasoll-med-led-solenergi-o300-cm-roterbar-vev-stativ-skyddsholje-morkgra\/#breadcrumb"},"inLanguage":"sv-SE","potentialAction":[{"@type":"ReadAction","target":["https:\/\/truusk.store\/sv\/produkt\/truusk-parasoll-med-led-solenergi-o300-cm-roterbar-vev-stativ-skyddsholje-morkgra\/"]}]},{"@type":"ImageObject","inLanguage":"sv-SE","@id":"https:\/\/truusk.store\/sv\/produkt\/truusk-parasoll-med-led-solenergi-o300-cm-roterbar-vev-stativ-skyddsholje-morkgra\/#primaryimage","url":"https:\/\/i0.wp.com\/truusk.store\/wp-content\/uploads\/2026\/02\/parasoll-med-led-solenergi-ca-o300-cm-roterbar-solskydd-med-vev-stativ-skyddsholje-morkgra-1.webp?fit=2000%2C2000&ssl=1","contentUrl":"https:\/\/i0.wp.com\/truusk.store\/wp-content\/uploads\/2026\/02\/parasoll-med-led-solenergi-ca-o300-cm-roterbar-solskydd-med-vev-stativ-skyddsholje-morkgra-1.webp?fit=2000%2C2000&ssl=1","width":2000,"height":2000},{"@type":"BreadcrumbList","@id":"https:\/\/truusk.store\/sv\/produkt\/truusk-parasoll-med-led-solenergi-o300-cm-roterbar-vev-stativ-skyddsholje-morkgra\/#breadcrumb","itemListElement":[{"@type":"ListItem","position":1,"name":"Home","item":"https:\/\/truusk.store\/sv\/"},{"@type":"ListItem","position":2,"name":"Shop","item":"https:\/\/truusk.store\/shop\/"},{"@type":"ListItem","position":3,"name":"TRUUSK Parasoll med LED-solenergi \u00d8300 cm &#8211; Roterbar &#8211; Vev &#8211; Stativ &#8211; Skyddsh\u00f6lje &#8211; M\u00f6rkgr\u00e5"}]},{"@type":"WebSite","@id":"https:\/\/truusk.store\/sv\/#website","url":"https:\/\/truusk.store\/sv\/","name":"TRUUSK - Hem, Tr\u00e4dg\u00e5rd & Fritid","description":"","publisher":{"@id":"https:\/\/truusk.store\/sv\/#organization"},"potentialAction":[{"@type":"SearchAction","target":{"@type":"EntryPoint","urlTemplate":"https:\/\/truusk.store\/sv\/?s={search_term_string}"},"query-input":{"@type":"PropertyValueSpecification","valueRequired":true,"valueName":"search_term_string"}}],"inLanguage":"sv-SE"},{"@type":"Organization","@id":"https:\/\/truusk.store\/sv\/#organization","name":"TRUUSK - Hem, Tr\u00e4dg\u00e5rd & Fritid","url":"https:\/\/truusk.store\/sv\/","logo":{"@type":"ImageObject","inLanguage":"sv-SE","@id":"https:\/\/truusk.store\/sv\/#\/schema\/logo\/image\/","url":"https:\/\/i0.wp.com\/truusk.store\/wp-content\/uploads\/2026\/03\/cropped-TRUUSK.png?fit=2032%2C917&ssl=1","contentUrl":"https:\/\/i0.wp.com\/truusk.store\/wp-content\/uploads\/2026\/03\/cropped-TRUUSK.png?fit=2032%2C917&ssl=1","width":2032,"height":917,"caption":"TRUUSK - Hem, Tr\u00e4dg\u00e5rd & Fritid"},"image":{"@id":"https:\/\/truusk.store\/sv\/#\/schema\/logo\/image\/"}}]}},"jetpack_sharing_enabled":true,"_links":{"self":[{"href":"https:\/\/truusk.store\/sv\/wp-json\/wp\/v2\/product\/106436","targetHints":{"allow":["GET"]}}],"collection":[{"href":"https:\/\/truusk.store\/sv\/wp-json\/wp\/v2\/product"}],"about":[{"href":"https:\/\/truusk.store\/sv\/wp-json\/wp\/v2\/types\/product"}],"wp:featuredmedia":[{"embeddable":true,"href":"https:\/\/truusk.store\/sv\/wp-json\/wp\/v2\/media\/106423"}],"wp:attachment":[{"href":"https:\/\/truusk.store\/sv\/wp-json\/wp\/v2\/media?parent=106436"}],"wp:term":[{"taxonomy":"product_brand","embeddable":true,"href":"https:\/\/truusk.store\/sv\/wp-json\/wp\/v2\/product_brand?post=106436"},{"taxonomy":"product_cat","embeddable":true,"href":"https:\/\/truusk.store\/sv\/wp-json\/wp\/v2\/product_cat?post=106436"},{"taxonomy":"product_tag","embeddable":true,"href":"https:\/\/truusk.store\/sv\/wp-json\/wp\/v2\/product_tag?post=106436"}],"curies":[{"name":"wp","href":"https:\/\/api.w.org\/{rel}","templated":true}]}}