{"id":10647,"date":"2024-02-13T10:20:05","date_gmt":"2024-02-13T09:20:05","guid":{"rendered":"https:\/\/truusk.store\/product\/husdjursramp-med-halkfri-matta-justerbar-pet-stege-hundaramp-for-stor-hund-furu-polyester-svart-naturtra-90w-x-40d-x-61h-cm\/"},"modified":"2026-03-12T08:57:12","modified_gmt":"2026-03-12T07:57:12","slug":"truusk-justerbar-husdjursramp-for-stora-hundar-halkfri-matta-furu-polyester-svart-naturtra-90w-x-40d-x-61h-cm","status":"publish","type":"product","link":"https:\/\/truusk.store\/sv\/produkt\/truusk-justerbar-husdjursramp-for-stora-hundar-halkfri-matta-furu-polyester-svart-naturtra-90w-x-40d-x-61h-cm\/","title":{"rendered":"TRUUSK Justerbar Husdjursramp f\u00f6r Stora Hundar &#8211; Halkfri Matta &#8211; Furu Polyester &#8211; Svart + Naturtr\u00e4 &#8211; 90W x 40D x 61H cm"},"content":{"rendered":"<p>Om du har ett \u00e4ldre eller litet husdjur eller ditt husdjur har problem med tr\u00e4ningen, kanske det \u00e4r dags att v\u00e4lja en bra husdjursramp. Denna solida, v\u00e4lkonstruerade husdjursramp g\u00f6r att husdjur enkelt kan n\u00e5 husdjursm\u00f6blerna och h\u00f6gre platser. Med en halkfri yta s\u00e5 att dina husdjur kan kl\u00e4ttra s\u00e4kert. Denna husdjursramp \u00e4r h\u00e4r f\u00f6r att g\u00f6ra ditt husdjurs liv enklare.<\/p>\n<h3>Beskrivning:<\/h3>\n<ul>\n<li>Riktar sig till \u00e4ldre eller sm\u00e5 husdjur eller husdjur som har begr\u00e4nsad r\u00f6rlighet f\u00f6r att ge dem en mjuk vinkel att kl\u00e4ttra p\u00e5<\/li>\n<li>H\u00f6jden p\u00e5 rampen \u00e4r justerbar i fyra niv\u00e5er, vilket \u00e4r l\u00e4mpligt f\u00f6r m\u00f6bler och scener med olika h\u00f6jder<\/li>\n<li>Tillverkad av h\u00f6gkvalitativ furu f\u00f6r l\u00e5ngvarig anv\u00e4ndning<\/li>\n<li>Ocks\u00e5 en bra dekoration f\u00f6r ditt rum<\/li>\n<li>Mjuk polyester ger bra komfort och den halkfria ytan f\u00f6rhindrar att din k\u00e4ra v\u00e4n halkar eller ramlar<\/li>\n<li>Tillr\u00e4ckligt stor f\u00f6r stora hundar<\/li>\n<li>Ingen montering kr\u00e4vs<\/li>\n<\/ul>\n<h3>Teknisk data:<\/h3>\n<ul>\n<li>F\u00e4rg: Svart + Naturtr\u00e4<\/li>\n<li>Material: furu, polyester<\/li>\n<li>\u00d6vergripande m\u00e5tt: 90W x 40D x 61H cm<\/li>\n<li>Transportm\u00e5tt: 100W x 40D x 7H cm<\/li>\n<li>4 g\u00e5ngh\u00f6jder: 26 cm, 39 cm, 50 cm, 61 cm<\/li>\n<li>Lastkapacitet: 75 kg<\/li>\n<li>Rekommenderad vikt: H\u00f6gst 40 kg<\/li>\n<\/ul>\n<h3>Leveransens omfattning:<\/h3>\n<ul>\n<li>1 x Husdjursramp<\/li>\n<li>1 x Instruktioner<\/li>\n<\/ul>\n","protected":false},"excerpt":{"rendered":"<p>Om du har ett \u00e4ldre eller litet husdjur eller ditt husdjur har problem med tr\u00e4ningen, kanske det \u00e4r dags att&#8230;<\/p>\n","protected":false},"featured_media":10648,"template":"","meta":[],"product_brand":[],"product_cat":[574,586,573],"product_tag":[],"class_list":{"0":"post-10647","1":"product","2":"type-product","3":"status-publish","4":"has-post-thumbnail","6":"product_cat-hundtillbehor","7":"product_cat-hundtrappa","8":"product_cat-husdjursmaterial","10":"first","11":"instock","12":"sale","13":"taxable","14":"shipping-taxable","15":"purchasable","16":"product-type-simple"},"yoast_head":"<!-- This site is optimized with the Yoast SEO plugin v25.4 - https:\/\/yoast.com\/wordpress\/plugins\/seo\/ -->\n<title>TRUUSK Justerbar Husdjursramp f\u00f6r Stora Hundar - Halkfri Matta - Furu Polyester - Svart + Naturtr\u00e4 - 90W x 40D x 61H cm - TRUUSK - Hem, Tr\u00e4dg\u00e5rd &amp; Fritid<\/title>\n<meta name=\"robots\" content=\"index, follow, max-snippet:-1, max-image-preview:large, max-video-preview:-1\" \/>\n<link rel=\"canonical\" href=\"https:\/\/truusk.store\/sv\/produkt\/truusk-justerbar-husdjursramp-for-stora-hundar-halkfri-matta-furu-polyester-svart-naturtra-90w-x-40d-x-61h-cm\/\" \/>\n<meta property=\"og:locale\" content=\"sv_SE\" \/>\n<meta property=\"og:type\" content=\"article\" \/>\n<meta property=\"og:title\" content=\"TRUUSK Justerbar Husdjursramp f\u00f6r Stora Hundar - Halkfri Matta - Furu Polyester - Svart + Naturtr\u00e4 - 90W x 40D x 61H cm - TRUUSK - Hem, Tr\u00e4dg\u00e5rd &amp; Fritid\" \/>\n<meta property=\"og:description\" content=\"Om du har ett \u00e4ldre eller litet husdjur eller ditt husdjur har problem med tr\u00e4ningen, kanske det \u00e4r dags att...\" \/>\n<meta property=\"og:url\" content=\"https:\/\/truusk.store\/sv\/produkt\/truusk-justerbar-husdjursramp-for-stora-hundar-halkfri-matta-furu-polyester-svart-naturtra-90w-x-40d-x-61h-cm\/\" \/>\n<meta property=\"og:site_name\" content=\"TRUUSK - Hem, Tr\u00e4dg\u00e5rd &amp; Fritid\" \/>\n<meta property=\"article:modified_time\" content=\"2026-03-12T07:57:12+00:00\" \/>\n<meta property=\"og:image\" content=\"https:\/\/i0.wp.com\/truusk.se\/wp-content\/uploads\/2024\/02\/husdjursramp-med-halkfri-matta-justerbar-pet-stege-hundaramp-for-stor-hund-furu-polyester-svart-naturtra-90w-x-40d-x-61h-cm.webp?fit=800%2C800&ssl=1\" \/>\n\t<meta property=\"og:image:width\" content=\"800\" \/>\n\t<meta property=\"og:image:height\" content=\"800\" \/>\n\t<meta property=\"og:image:type\" content=\"image\/webp\" \/>\n<meta name=\"twitter:card\" content=\"summary_large_image\" \/>\n<meta name=\"twitter:label1\" content=\"Ber\u00e4knad l\u00e4stid\" \/>\n\t<meta name=\"twitter:data1\" content=\"1 minut\" \/>\n<!-- \/ Yoast SEO plugin. -->","yoast_head_json":{"title":"TRUUSK Justerbar Husdjursramp f\u00f6r Stora Hundar - Halkfri Matta - Furu Polyester - Svart + Naturtr\u00e4 - 90W x 40D x 61H cm - TRUUSK - Hem, Tr\u00e4dg\u00e5rd &amp; Fritid","robots":{"index":"index","follow":"follow","max-snippet":"max-snippet:-1","max-image-preview":"max-image-preview:large","max-video-preview":"max-video-preview:-1"},"canonical":"https:\/\/truusk.store\/sv\/produkt\/truusk-justerbar-husdjursramp-for-stora-hundar-halkfri-matta-furu-polyester-svart-naturtra-90w-x-40d-x-61h-cm\/","og_locale":"sv_SE","og_type":"article","og_title":"TRUUSK Justerbar Husdjursramp f\u00f6r Stora Hundar - Halkfri Matta - Furu Polyester - Svart + Naturtr\u00e4 - 90W x 40D x 61H cm - TRUUSK - Hem, Tr\u00e4dg\u00e5rd &amp; Fritid","og_description":"Om du har ett \u00e4ldre eller litet husdjur eller ditt husdjur har problem med tr\u00e4ningen, kanske det \u00e4r dags att...","og_url":"https:\/\/truusk.store\/sv\/produkt\/truusk-justerbar-husdjursramp-for-stora-hundar-halkfri-matta-furu-polyester-svart-naturtra-90w-x-40d-x-61h-cm\/","og_site_name":"TRUUSK - Hem, Tr\u00e4dg\u00e5rd &amp; Fritid","article_modified_time":"2026-03-12T07:57:12+00:00","og_image":[{"width":800,"height":800,"url":"https:\/\/i0.wp.com\/truusk.se\/wp-content\/uploads\/2024\/02\/husdjursramp-med-halkfri-matta-justerbar-pet-stege-hundaramp-for-stor-hund-furu-polyester-svart-naturtra-90w-x-40d-x-61h-cm.webp?fit=800%2C800&ssl=1","type":"image\/webp"}],"twitter_card":"summary_large_image","twitter_misc":{"Ber\u00e4knad l\u00e4stid":"1 minut"},"schema":{"@context":"https:\/\/schema.org","@graph":[{"@type":"WebPage","@id":"https:\/\/truusk.store\/sv\/produkt\/truusk-justerbar-husdjursramp-for-stora-hundar-halkfri-matta-furu-polyester-svart-naturtra-90w-x-40d-x-61h-cm\/","url":"https:\/\/truusk.store\/sv\/produkt\/truusk-justerbar-husdjursramp-for-stora-hundar-halkfri-matta-furu-polyester-svart-naturtra-90w-x-40d-x-61h-cm\/","name":"TRUUSK Justerbar Husdjursramp f\u00f6r Stora Hundar - Halkfri Matta - Furu Polyester - Svart + Naturtr\u00e4 - 90W x 40D x 61H cm - TRUUSK - Hem, Tr\u00e4dg\u00e5rd &amp; Fritid","isPartOf":{"@id":"https:\/\/truusk.store\/sv\/#website"},"primaryImageOfPage":{"@id":"https:\/\/truusk.store\/sv\/produkt\/truusk-justerbar-husdjursramp-for-stora-hundar-halkfri-matta-furu-polyester-svart-naturtra-90w-x-40d-x-61h-cm\/#primaryimage"},"image":{"@id":"https:\/\/truusk.store\/sv\/produkt\/truusk-justerbar-husdjursramp-for-stora-hundar-halkfri-matta-furu-polyester-svart-naturtra-90w-x-40d-x-61h-cm\/#primaryimage"},"thumbnailUrl":"https:\/\/i0.wp.com\/truusk.store\/wp-content\/uploads\/2024\/02\/husdjursramp-med-halkfri-matta-justerbar-pet-stege-hundaramp-for-stor-hund-furu-polyester-svart-naturtra-90w-x-40d-x-61h-cm.webp?fit=800%2C800&ssl=1","datePublished":"2024-02-13T09:20:05+00:00","dateModified":"2026-03-12T07:57:12+00:00","breadcrumb":{"@id":"https:\/\/truusk.store\/sv\/produkt\/truusk-justerbar-husdjursramp-for-stora-hundar-halkfri-matta-furu-polyester-svart-naturtra-90w-x-40d-x-61h-cm\/#breadcrumb"},"inLanguage":"sv-SE","potentialAction":[{"@type":"ReadAction","target":["https:\/\/truusk.store\/sv\/produkt\/truusk-justerbar-husdjursramp-for-stora-hundar-halkfri-matta-furu-polyester-svart-naturtra-90w-x-40d-x-61h-cm\/"]}]},{"@type":"ImageObject","inLanguage":"sv-SE","@id":"https:\/\/truusk.store\/sv\/produkt\/truusk-justerbar-husdjursramp-for-stora-hundar-halkfri-matta-furu-polyester-svart-naturtra-90w-x-40d-x-61h-cm\/#primaryimage","url":"https:\/\/i0.wp.com\/truusk.store\/wp-content\/uploads\/2024\/02\/husdjursramp-med-halkfri-matta-justerbar-pet-stege-hundaramp-for-stor-hund-furu-polyester-svart-naturtra-90w-x-40d-x-61h-cm.webp?fit=800%2C800&ssl=1","contentUrl":"https:\/\/i0.wp.com\/truusk.store\/wp-content\/uploads\/2024\/02\/husdjursramp-med-halkfri-matta-justerbar-pet-stege-hundaramp-for-stor-hund-furu-polyester-svart-naturtra-90w-x-40d-x-61h-cm.webp?fit=800%2C800&ssl=1","width":800,"height":800,"caption":"Husdjursramp Med Halkfri Matta Justerbar Pet Stege Hundaramp F\u00f6r Stor Hund Furu Polyester Svart + Naturtr\u00e4 90W X 40D X 61H Cm 1"},{"@type":"BreadcrumbList","@id":"https:\/\/truusk.store\/sv\/produkt\/truusk-justerbar-husdjursramp-for-stora-hundar-halkfri-matta-furu-polyester-svart-naturtra-90w-x-40d-x-61h-cm\/#breadcrumb","itemListElement":[{"@type":"ListItem","position":1,"name":"Home","item":"https:\/\/truusk.store\/sv\/"},{"@type":"ListItem","position":2,"name":"Shop","item":"https:\/\/truusk.store\/shop\/"},{"@type":"ListItem","position":3,"name":"TRUUSK Justerbar Husdjursramp f\u00f6r Stora Hundar &#8211; Halkfri Matta &#8211; Furu Polyester &#8211; Svart + Naturtr\u00e4 &#8211; 90W x 40D x 61H cm"}]},{"@type":"WebSite","@id":"https:\/\/truusk.store\/sv\/#website","url":"https:\/\/truusk.store\/sv\/","name":"TRUUSK - Hem, Tr\u00e4dg\u00e5rd & Fritid","description":"","publisher":{"@id":"https:\/\/truusk.store\/sv\/#organization"},"potentialAction":[{"@type":"SearchAction","target":{"@type":"EntryPoint","urlTemplate":"https:\/\/truusk.store\/sv\/?s={search_term_string}"},"query-input":{"@type":"PropertyValueSpecification","valueRequired":true,"valueName":"search_term_string"}}],"inLanguage":"sv-SE"},{"@type":"Organization","@id":"https:\/\/truusk.store\/sv\/#organization","name":"TRUUSK - Hem, Tr\u00e4dg\u00e5rd & Fritid","url":"https:\/\/truusk.store\/sv\/","logo":{"@type":"ImageObject","inLanguage":"sv-SE","@id":"https:\/\/truusk.store\/sv\/#\/schema\/logo\/image\/","url":"https:\/\/i0.wp.com\/truusk.store\/wp-content\/uploads\/2026\/03\/cropped-TRUUSK.png?fit=2032%2C917&ssl=1","contentUrl":"https:\/\/i0.wp.com\/truusk.store\/wp-content\/uploads\/2026\/03\/cropped-TRUUSK.png?fit=2032%2C917&ssl=1","width":2032,"height":917,"caption":"TRUUSK - Hem, Tr\u00e4dg\u00e5rd & Fritid"},"image":{"@id":"https:\/\/truusk.store\/sv\/#\/schema\/logo\/image\/"}}]}},"jetpack_sharing_enabled":true,"_links":{"self":[{"href":"https:\/\/truusk.store\/sv\/wp-json\/wp\/v2\/product\/10647","targetHints":{"allow":["GET"]}}],"collection":[{"href":"https:\/\/truusk.store\/sv\/wp-json\/wp\/v2\/product"}],"about":[{"href":"https:\/\/truusk.store\/sv\/wp-json\/wp\/v2\/types\/product"}],"wp:featuredmedia":[{"embeddable":true,"href":"https:\/\/truusk.store\/sv\/wp-json\/wp\/v2\/media\/10648"}],"wp:attachment":[{"href":"https:\/\/truusk.store\/sv\/wp-json\/wp\/v2\/media?parent=10647"}],"wp:term":[{"taxonomy":"product_brand","embeddable":true,"href":"https:\/\/truusk.store\/sv\/wp-json\/wp\/v2\/product_brand?post=10647"},{"taxonomy":"product_cat","embeddable":true,"href":"https:\/\/truusk.store\/sv\/wp-json\/wp\/v2\/product_cat?post=10647"},{"taxonomy":"product_tag","embeddable":true,"href":"https:\/\/truusk.store\/sv\/wp-json\/wp\/v2\/product_tag?post=10647"}],"curies":[{"name":"wp","href":"https:\/\/api.w.org\/{rel}","templated":true}]}}