{"id":106479,"date":"2026-02-24T07:43:23","date_gmt":"2026-02-24T06:43:23","guid":{"rendered":"https:\/\/truusk.store\/product\/vattenkokare-och-brodrost-set-17l-2200w-snabbkokande-vattenkokare-med-automatisk-avstangning-och-2-skivig-brodrost-med-smulbricka-rosa\/"},"modified":"2026-03-12T08:53:51","modified_gmt":"2026-03-12T07:53:51","slug":"truusk-vattenkokare-och-brodrost-set-snabbkokande-17l-vattenkokare-automatisk-avstangning-2-skivig-brodrost-med-smulbricka","status":"publish","type":"product","link":"https:\/\/truusk.store\/sv\/produkt\/truusk-vattenkokare-och-brodrost-set-snabbkokande-17l-vattenkokare-automatisk-avstangning-2-skivig-brodrost-med-smulbricka\/","title":{"rendered":"TRUUSK Vattenkokare och Br\u00f6drost Set &#8211; Snabbkokande 1,7L Vattenkokare &#8211; Automatisk avst\u00e4ngning &#8211; 2-skivig Br\u00f6drost med Smulbricka"},"content":{"rendered":"<p> Ett harmoniskt, samordnat k\u00f6kset b\u00f6rjar h\u00e4r med detta [BRAND NAME] vattenkokare br\u00f6drost set. Det best\u00e5r av en 1,7-liters snabbkokare och en br\u00f6drost f\u00f6r tv\u00e5 skivor. B\u00e5da enheterna har en stilfull bikakem\u00f6nsterdesign. Br\u00f6drosten erbjuder sju br\u00e4nningsniv\u00e5er, s\u00e5 att du kan v\u00e4lja din f\u00f6redragna br\u00e4nning. Vattenkokaren kan tillreda upp till sex koppar te &#8211; perfekt n\u00e4r v\u00e4nner kommer p\u00e5 bes\u00f6k och du vill umg\u00e5s. N\u00e5gon hungrig eller t\u00f6rstig? <\/p>\n<p> Beskrivning: <\/p>\n<ul>\n<li> 1,7-L snabbkokare och matchande tv\u00e5-skivig br\u00f6drost. Stilfull bikakem\u00f6nsterdesign <\/li>\n<li> Sju br\u00e4nningsniv\u00e5er p\u00e5 br\u00f6drosten, v\u00e4lj \u00f6nskad grad <\/li>\n<li> Din br\u00f6drost hoppar automatiskt upp n\u00e4r den \u00e4r klar och har en automatisk centreringsfunktion f\u00f6r ett j\u00e4mnt rostresultat <\/li>\n<li> Smulbricka p\u00e5 br\u00f6drosten f\u00f6r enkel reng\u00f6ring <\/li>\n<li> Frukostsetets vattenkokare med l\u00e4ttl\u00e4st vattenst\u00e5ndsf\u00f6nster och termostat <\/li>\n<li> Br\u00f6drost med avfrostnings-, uppv\u00e4rmnings- och avbrytningsfunktioner <\/li>\n<li> Vattenkokare med tre s\u00e4kerhetsfunktioner: automatisk avst\u00e4ngning, \u00f6verhettningsskydd och skydd mot torrkokning <\/li>\n<li> LED-indikatorer p\u00e5 br\u00f6drost och vattenkokare set p\u00e5 knapparna visar enhetens status och \u00e4r anv\u00e4ndarv\u00e4nliga. <\/li>\n<\/ul>\n<p> Tekniska specifikationer: <\/p>\n<ul>\n<li> F\u00e4rg: Rosa <\/li>\n<li> Material: Polypropen, rostfritt st\u00e5l <\/li>\n<li> Kanna dimensioner: 24,2L x 19,5B x 23,4H cm (med bas) <\/li>\n<li> Br\u00f6drost dimensioner: 27,4L x 17,7B x 18,8H cm <\/li>\n<li> Varje sp\u00e5rs storlek: 13,5L x 3,5B x 13,5H cm <\/li>\n<li> Kannkapacitet: 1,7L <\/li>\n<li> Sp\u00e4nning: 220-240V 50\/60Hz (br\u00f6drost, vattenkokare) <\/li>\n<li> Effekt: 780-930W (br\u00f6drost) 1850-2200W (vattenkokare) <\/li>\n<li> Str\u00f6mstyrka: 3,5-3,87A (br\u00f6drost) 8,4-9,16A (vattenkokare) <\/li>\n<li> Kabell\u00e4ngd: 0,7m (br\u00f6drost, vattenkokare) <\/li>\n<\/ul>\n<p> Leverans inneh\u00e5ller: <\/p>\n<ul>\n<li> 1 x Vattenkokare <\/li>\n<li> 1 x Br\u00f6drost <\/li>\n<li> 1 x Instruktioner <\/li>\n<\/ul>\n","protected":false},"excerpt":{"rendered":"<p>Ett harmoniskt, samordnat k\u00f6kset b\u00f6rjar h\u00e4r med detta [BRAND NAME] vattenkokare br\u00f6drost set. Det best\u00e5r av en 1,7-liters snabbkokare och&#8230;<\/p>\n","protected":false},"featured_media":106464,"template":"","meta":[],"product_brand":[],"product_cat":[871,498,933],"product_tag":[],"class_list":{"0":"post-106479","1":"product","2":"type-product","3":"status-publish","4":"has-post-thumbnail","6":"product_cat-hus-hem","7":"product_cat-hushallsapparater","8":"product_cat-koksapparater","10":"first","11":"instock","12":"sale","13":"taxable","14":"shipping-taxable","15":"purchasable","16":"product-type-simple"},"yoast_head":"<!-- This site is optimized with the Yoast SEO plugin v25.4 - https:\/\/yoast.com\/wordpress\/plugins\/seo\/ -->\n<title>TRUUSK Vattenkokare och Br\u00f6drost Set - Snabbkokande 1,7L Vattenkokare - Automatisk avst\u00e4ngning - 2-skivig Br\u00f6drost med Smulbricka - TRUUSK - Hem, Tr\u00e4dg\u00e5rd &amp; Fritid<\/title>\n<meta name=\"robots\" content=\"index, follow, max-snippet:-1, max-image-preview:large, max-video-preview:-1\" \/>\n<link rel=\"canonical\" href=\"https:\/\/truusk.store\/sv\/produkt\/truusk-vattenkokare-och-brodrost-set-snabbkokande-17l-vattenkokare-automatisk-avstangning-2-skivig-brodrost-med-smulbricka\/\" \/>\n<meta property=\"og:locale\" content=\"sv_SE\" \/>\n<meta property=\"og:type\" content=\"article\" \/>\n<meta property=\"og:title\" content=\"TRUUSK Vattenkokare och Br\u00f6drost Set - Snabbkokande 1,7L Vattenkokare - Automatisk avst\u00e4ngning - 2-skivig Br\u00f6drost med Smulbricka - TRUUSK - Hem, Tr\u00e4dg\u00e5rd &amp; Fritid\" \/>\n<meta property=\"og:description\" content=\"Ett harmoniskt, samordnat k\u00f6kset b\u00f6rjar h\u00e4r med detta [BRAND NAME] vattenkokare br\u00f6drost set. Det best\u00e5r av en 1,7-liters snabbkokare och...\" \/>\n<meta property=\"og:url\" content=\"https:\/\/truusk.store\/sv\/produkt\/truusk-vattenkokare-och-brodrost-set-snabbkokande-17l-vattenkokare-automatisk-avstangning-2-skivig-brodrost-med-smulbricka\/\" \/>\n<meta property=\"og:site_name\" content=\"TRUUSK - Hem, Tr\u00e4dg\u00e5rd &amp; Fritid\" \/>\n<meta property=\"article:modified_time\" content=\"2026-03-12T07:53:51+00:00\" \/>\n<meta property=\"og:image\" content=\"https:\/\/i0.wp.com\/truusk.se\/wp-content\/uploads\/2026\/02\/vattenkokare-och-brodrost-set-17l-2200w-snabbkokande-vattenkokare-med-automatisk-avstangning-och-2-skivig-brodrost-med-smulbricka-rosa-1.webp?fit=2000%2C2000&ssl=1\" \/>\n\t<meta property=\"og:image:width\" content=\"2000\" \/>\n\t<meta property=\"og:image:height\" content=\"2000\" \/>\n\t<meta property=\"og:image:type\" content=\"image\/webp\" \/>\n<meta name=\"twitter:card\" content=\"summary_large_image\" \/>\n<meta name=\"twitter:label1\" content=\"Ber\u00e4knad l\u00e4stid\" \/>\n\t<meta name=\"twitter:data1\" content=\"1 minut\" \/>\n<!-- \/ Yoast SEO plugin. -->","yoast_head_json":{"title":"TRUUSK Vattenkokare och Br\u00f6drost Set - Snabbkokande 1,7L Vattenkokare - Automatisk avst\u00e4ngning - 2-skivig Br\u00f6drost med Smulbricka - TRUUSK - Hem, Tr\u00e4dg\u00e5rd &amp; Fritid","robots":{"index":"index","follow":"follow","max-snippet":"max-snippet:-1","max-image-preview":"max-image-preview:large","max-video-preview":"max-video-preview:-1"},"canonical":"https:\/\/truusk.store\/sv\/produkt\/truusk-vattenkokare-och-brodrost-set-snabbkokande-17l-vattenkokare-automatisk-avstangning-2-skivig-brodrost-med-smulbricka\/","og_locale":"sv_SE","og_type":"article","og_title":"TRUUSK Vattenkokare och Br\u00f6drost Set - Snabbkokande 1,7L Vattenkokare - Automatisk avst\u00e4ngning - 2-skivig Br\u00f6drost med Smulbricka - TRUUSK - Hem, Tr\u00e4dg\u00e5rd &amp; Fritid","og_description":"Ett harmoniskt, samordnat k\u00f6kset b\u00f6rjar h\u00e4r med detta [BRAND NAME] vattenkokare br\u00f6drost set. Det best\u00e5r av en 1,7-liters snabbkokare och...","og_url":"https:\/\/truusk.store\/sv\/produkt\/truusk-vattenkokare-och-brodrost-set-snabbkokande-17l-vattenkokare-automatisk-avstangning-2-skivig-brodrost-med-smulbricka\/","og_site_name":"TRUUSK - Hem, Tr\u00e4dg\u00e5rd &amp; Fritid","article_modified_time":"2026-03-12T07:53:51+00:00","og_image":[{"width":2000,"height":2000,"url":"https:\/\/i0.wp.com\/truusk.se\/wp-content\/uploads\/2026\/02\/vattenkokare-och-brodrost-set-17l-2200w-snabbkokande-vattenkokare-med-automatisk-avstangning-och-2-skivig-brodrost-med-smulbricka-rosa-1.webp?fit=2000%2C2000&ssl=1","type":"image\/webp"}],"twitter_card":"summary_large_image","twitter_misc":{"Ber\u00e4knad l\u00e4stid":"1 minut"},"schema":{"@context":"https:\/\/schema.org","@graph":[{"@type":"WebPage","@id":"https:\/\/truusk.store\/sv\/produkt\/truusk-vattenkokare-och-brodrost-set-snabbkokande-17l-vattenkokare-automatisk-avstangning-2-skivig-brodrost-med-smulbricka\/","url":"https:\/\/truusk.store\/sv\/produkt\/truusk-vattenkokare-och-brodrost-set-snabbkokande-17l-vattenkokare-automatisk-avstangning-2-skivig-brodrost-med-smulbricka\/","name":"TRUUSK Vattenkokare och Br\u00f6drost Set - Snabbkokande 1,7L Vattenkokare - Automatisk avst\u00e4ngning - 2-skivig Br\u00f6drost med Smulbricka - TRUUSK - Hem, Tr\u00e4dg\u00e5rd &amp; Fritid","isPartOf":{"@id":"https:\/\/truusk.store\/sv\/#website"},"primaryImageOfPage":{"@id":"https:\/\/truusk.store\/sv\/produkt\/truusk-vattenkokare-och-brodrost-set-snabbkokande-17l-vattenkokare-automatisk-avstangning-2-skivig-brodrost-med-smulbricka\/#primaryimage"},"image":{"@id":"https:\/\/truusk.store\/sv\/produkt\/truusk-vattenkokare-och-brodrost-set-snabbkokande-17l-vattenkokare-automatisk-avstangning-2-skivig-brodrost-med-smulbricka\/#primaryimage"},"thumbnailUrl":"https:\/\/i0.wp.com\/truusk.store\/wp-content\/uploads\/2026\/02\/vattenkokare-och-brodrost-set-17l-2200w-snabbkokande-vattenkokare-med-automatisk-avstangning-och-2-skivig-brodrost-med-smulbricka-rosa-1.webp?fit=2000%2C2000&ssl=1","datePublished":"2026-02-24T06:43:23+00:00","dateModified":"2026-03-12T07:53:51+00:00","breadcrumb":{"@id":"https:\/\/truusk.store\/sv\/produkt\/truusk-vattenkokare-och-brodrost-set-snabbkokande-17l-vattenkokare-automatisk-avstangning-2-skivig-brodrost-med-smulbricka\/#breadcrumb"},"inLanguage":"sv-SE","potentialAction":[{"@type":"ReadAction","target":["https:\/\/truusk.store\/sv\/produkt\/truusk-vattenkokare-och-brodrost-set-snabbkokande-17l-vattenkokare-automatisk-avstangning-2-skivig-brodrost-med-smulbricka\/"]}]},{"@type":"ImageObject","inLanguage":"sv-SE","@id":"https:\/\/truusk.store\/sv\/produkt\/truusk-vattenkokare-och-brodrost-set-snabbkokande-17l-vattenkokare-automatisk-avstangning-2-skivig-brodrost-med-smulbricka\/#primaryimage","url":"https:\/\/i0.wp.com\/truusk.store\/wp-content\/uploads\/2026\/02\/vattenkokare-och-brodrost-set-17l-2200w-snabbkokande-vattenkokare-med-automatisk-avstangning-och-2-skivig-brodrost-med-smulbricka-rosa-1.webp?fit=2000%2C2000&ssl=1","contentUrl":"https:\/\/i0.wp.com\/truusk.store\/wp-content\/uploads\/2026\/02\/vattenkokare-och-brodrost-set-17l-2200w-snabbkokande-vattenkokare-med-automatisk-avstangning-och-2-skivig-brodrost-med-smulbricka-rosa-1.webp?fit=2000%2C2000&ssl=1","width":2000,"height":2000},{"@type":"BreadcrumbList","@id":"https:\/\/truusk.store\/sv\/produkt\/truusk-vattenkokare-och-brodrost-set-snabbkokande-17l-vattenkokare-automatisk-avstangning-2-skivig-brodrost-med-smulbricka\/#breadcrumb","itemListElement":[{"@type":"ListItem","position":1,"name":"Home","item":"https:\/\/truusk.store\/sv\/"},{"@type":"ListItem","position":2,"name":"Shop","item":"https:\/\/truusk.store\/shop\/"},{"@type":"ListItem","position":3,"name":"TRUUSK Vattenkokare och Br\u00f6drost Set &#8211; Snabbkokande 1,7L Vattenkokare &#8211; Automatisk avst\u00e4ngning &#8211; 2-skivig Br\u00f6drost med Smulbricka"}]},{"@type":"WebSite","@id":"https:\/\/truusk.store\/sv\/#website","url":"https:\/\/truusk.store\/sv\/","name":"TRUUSK - Hem, Tr\u00e4dg\u00e5rd & Fritid","description":"","publisher":{"@id":"https:\/\/truusk.store\/sv\/#organization"},"potentialAction":[{"@type":"SearchAction","target":{"@type":"EntryPoint","urlTemplate":"https:\/\/truusk.store\/sv\/?s={search_term_string}"},"query-input":{"@type":"PropertyValueSpecification","valueRequired":true,"valueName":"search_term_string"}}],"inLanguage":"sv-SE"},{"@type":"Organization","@id":"https:\/\/truusk.store\/sv\/#organization","name":"TRUUSK - Hem, Tr\u00e4dg\u00e5rd & Fritid","url":"https:\/\/truusk.store\/sv\/","logo":{"@type":"ImageObject","inLanguage":"sv-SE","@id":"https:\/\/truusk.store\/sv\/#\/schema\/logo\/image\/","url":"https:\/\/i0.wp.com\/truusk.store\/wp-content\/uploads\/2026\/03\/cropped-TRUUSK.png?fit=2032%2C917&ssl=1","contentUrl":"https:\/\/i0.wp.com\/truusk.store\/wp-content\/uploads\/2026\/03\/cropped-TRUUSK.png?fit=2032%2C917&ssl=1","width":2032,"height":917,"caption":"TRUUSK - Hem, Tr\u00e4dg\u00e5rd & Fritid"},"image":{"@id":"https:\/\/truusk.store\/sv\/#\/schema\/logo\/image\/"}}]}},"jetpack_sharing_enabled":true,"_links":{"self":[{"href":"https:\/\/truusk.store\/sv\/wp-json\/wp\/v2\/product\/106479","targetHints":{"allow":["GET"]}}],"collection":[{"href":"https:\/\/truusk.store\/sv\/wp-json\/wp\/v2\/product"}],"about":[{"href":"https:\/\/truusk.store\/sv\/wp-json\/wp\/v2\/types\/product"}],"wp:featuredmedia":[{"embeddable":true,"href":"https:\/\/truusk.store\/sv\/wp-json\/wp\/v2\/media\/106464"}],"wp:attachment":[{"href":"https:\/\/truusk.store\/sv\/wp-json\/wp\/v2\/media?parent=106479"}],"wp:term":[{"taxonomy":"product_brand","embeddable":true,"href":"https:\/\/truusk.store\/sv\/wp-json\/wp\/v2\/product_brand?post=106479"},{"taxonomy":"product_cat","embeddable":true,"href":"https:\/\/truusk.store\/sv\/wp-json\/wp\/v2\/product_cat?post=106479"},{"taxonomy":"product_tag","embeddable":true,"href":"https:\/\/truusk.store\/sv\/wp-json\/wp\/v2\/product_tag?post=106479"}],"curies":[{"name":"wp","href":"https:\/\/api.w.org\/{rel}","templated":true}]}}