{"id":106496,"date":"2026-02-24T07:44:49","date_gmt":"2026-02-24T06:44:49","guid":{"rendered":"https:\/\/truusk.store\/product\/paraplyhallare-metallstall-for-paraplyer-fristaende-paraplystall-med-krokar-och-droppbricka-plats-for-8-paraplyer-svart\/"},"modified":"2026-03-12T08:53:51","modified_gmt":"2026-03-12T07:53:51","slug":"truusk-paraplyhallare-metallstall-for-paraplyer-fristaende-med-krokar-och-droppbricka-plats-for-8-paraplyer-svart","status":"publish","type":"product","link":"https:\/\/truusk.store\/sv\/produkt\/truusk-paraplyhallare-metallstall-for-paraplyer-fristaende-med-krokar-och-droppbricka-plats-for-8-paraplyer-svart\/","title":{"rendered":"TRUUSK Paraplyh\u00e5llare &#8211; Metallst\u00e4ll f\u00f6r paraplyer &#8211; Frist\u00e5ende med krokar och droppbricka &#8211; Plats f\u00f6r 8 paraplyer &#8211; Svart"},"content":{"rendered":"<p>\u00c4r du tr\u00f6tt p\u00e5 att regniga dagar orsakar hala p\u00f6lar och obehagliga lukter i ditt entr\u00e9omr\u00e5de? Dessa problem skapar en s\u00e4kerhetsrisk och f\u00f6rs\u00e4mrar estetiken i ditt hem. [BRAND NAME] paraplyst\u00e4ll imponerar med sin \u00f6ppna design f\u00f6r snabb torkning och droppbricka f\u00f6r torra golv. Denna dekorativa accessoar f\u00f6r paraplyst\u00e4llet kombinerar organisation och stil, ger s\u00e4kerhet och ger ditt hem elegans.<\/p>\n<p>Beskrivning:<\/p>\n<ul>\n<li> Har en konstn\u00e4rlig regndroppe-utklippsdesign som f\u00f6rb\u00e4ttrar din moderna heminredning<\/li>\n<li> Inneh\u00e5ller en avtagbar droppbricka som h\u00e5ller dina entr\u00e9golv torra och rena<\/li>\n<li> Har fyra krokar f\u00f6r hopf\u00e4llbara paraplyn och har plats f\u00f6r totalt upp till \u00e5tta paraplyn<\/li>\n<li> Slimmad, utrymmesbesparande design av paraplyst\u00e4llet som passar perfekt i varje smal h\u00f6rna<\/li>\n<li> Tillverkad med en f\u00f6rst\u00e4rkt metallram f\u00f6r utm\u00e4rkt stabilitet och tipp-s\u00e4kerhet<\/li>\n<li> Pulverlackerad metallkonstruktion av paraplyst\u00e4llet garanterar att det f\u00f6rblir rostfritt och h\u00e5llbart i m\u00e5nga \u00e5r<\/li>\n<li> Montering kr\u00e4vs<\/li>\n<\/ul>\n<p>Tekniska data:<\/p>\n<ul>\n<li> F\u00e4rg: Svart+Transparent<\/li>\n<li> Material: Metall<\/li>\n<li> Totala dimensioner: 15,5B x 15,5T x 49H cm<\/li>\n<li> Drippbrickans dimensioner: 15L x 15B cm<\/li>\n<li> Paraplykapacitet: 8 (l\u00e5nga paraplyn)<\/li>\n<li> Maximal belastning: 10 kg (totalt), 2 kg (krokar)<\/li>\n<\/ul>\n<p>Leveransinneh\u00e5ll:<\/p>\n<ul>\n<li> 1 x Paraplyst\u00e4ll<\/li>\n<li> 1 x Avtagbar droppbricka<\/li>\n<li> 4 x Krokar<\/li>\n<li> 1 x Instruktioner<\/li>\n<\/ul>\n","protected":false},"excerpt":{"rendered":"<p>\u00c4r du tr\u00f6tt p\u00e5 att regniga dagar orsakar hala p\u00f6lar och obehagliga lukter i ditt entr\u00e9omr\u00e5de? Dessa problem skapar en&#8230;<\/p>\n","protected":false},"featured_media":106484,"template":"","meta":[],"product_brand":[],"product_cat":[886,862,1036,858],"product_tag":[],"class_list":{"0":"post-106496","1":"product","2":"type-product","3":"status-publish","4":"has-post-thumbnail","6":"product_cat-schirmstander","7":"product_cat-sol-insynsskydd","8":"product_cat-tillbehor-for-solparaplyer","9":"product_cat-tradgard-terrass","11":"first","12":"instock","13":"sale","14":"taxable","15":"shipping-taxable","16":"purchasable","17":"product-type-simple"},"yoast_head":"<!-- This site is optimized with the Yoast SEO plugin v25.4 - https:\/\/yoast.com\/wordpress\/plugins\/seo\/ -->\n<title>TRUUSK Paraplyh\u00e5llare - Metallst\u00e4ll f\u00f6r paraplyer - Frist\u00e5ende med krokar och droppbricka - Plats f\u00f6r 8 paraplyer - Svart - TRUUSK - Hem, Tr\u00e4dg\u00e5rd &amp; Fritid<\/title>\n<meta name=\"robots\" content=\"index, follow, max-snippet:-1, max-image-preview:large, max-video-preview:-1\" \/>\n<link rel=\"canonical\" href=\"https:\/\/truusk.store\/sv\/produkt\/truusk-paraplyhallare-metallstall-for-paraplyer-fristaende-med-krokar-och-droppbricka-plats-for-8-paraplyer-svart\/\" \/>\n<meta property=\"og:locale\" content=\"sv_SE\" \/>\n<meta property=\"og:type\" content=\"article\" \/>\n<meta property=\"og:title\" content=\"TRUUSK Paraplyh\u00e5llare - Metallst\u00e4ll f\u00f6r paraplyer - Frist\u00e5ende med krokar och droppbricka - Plats f\u00f6r 8 paraplyer - Svart - TRUUSK - Hem, Tr\u00e4dg\u00e5rd &amp; Fritid\" \/>\n<meta property=\"og:description\" content=\"\u00c4r du tr\u00f6tt p\u00e5 att regniga dagar orsakar hala p\u00f6lar och obehagliga lukter i ditt entr\u00e9omr\u00e5de? Dessa problem skapar en...\" \/>\n<meta property=\"og:url\" content=\"https:\/\/truusk.store\/sv\/produkt\/truusk-paraplyhallare-metallstall-for-paraplyer-fristaende-med-krokar-och-droppbricka-plats-for-8-paraplyer-svart\/\" \/>\n<meta property=\"og:site_name\" content=\"TRUUSK - Hem, Tr\u00e4dg\u00e5rd &amp; Fritid\" \/>\n<meta property=\"article:modified_time\" content=\"2026-03-12T07:53:51+00:00\" \/>\n<meta property=\"og:image\" content=\"https:\/\/i0.wp.com\/truusk.se\/wp-content\/uploads\/2026\/02\/paraplyhallare-metallstall-for-paraplyer-fristaende-paraplystall-med-krokar-och-droppbricka-plats-for-8-paraplyer-svart-1.webp?fit=2000%2C2000&ssl=1\" \/>\n\t<meta property=\"og:image:width\" content=\"2000\" \/>\n\t<meta property=\"og:image:height\" content=\"2000\" \/>\n\t<meta property=\"og:image:type\" content=\"image\/webp\" \/>\n<meta name=\"twitter:card\" content=\"summary_large_image\" \/>\n<meta name=\"twitter:label1\" content=\"Ber\u00e4knad l\u00e4stid\" \/>\n\t<meta name=\"twitter:data1\" content=\"1 minut\" \/>\n<!-- \/ Yoast SEO plugin. -->","yoast_head_json":{"title":"TRUUSK Paraplyh\u00e5llare - Metallst\u00e4ll f\u00f6r paraplyer - Frist\u00e5ende med krokar och droppbricka - Plats f\u00f6r 8 paraplyer - Svart - TRUUSK - Hem, Tr\u00e4dg\u00e5rd &amp; Fritid","robots":{"index":"index","follow":"follow","max-snippet":"max-snippet:-1","max-image-preview":"max-image-preview:large","max-video-preview":"max-video-preview:-1"},"canonical":"https:\/\/truusk.store\/sv\/produkt\/truusk-paraplyhallare-metallstall-for-paraplyer-fristaende-med-krokar-och-droppbricka-plats-for-8-paraplyer-svart\/","og_locale":"sv_SE","og_type":"article","og_title":"TRUUSK Paraplyh\u00e5llare - Metallst\u00e4ll f\u00f6r paraplyer - Frist\u00e5ende med krokar och droppbricka - Plats f\u00f6r 8 paraplyer - Svart - TRUUSK - Hem, Tr\u00e4dg\u00e5rd &amp; Fritid","og_description":"\u00c4r du tr\u00f6tt p\u00e5 att regniga dagar orsakar hala p\u00f6lar och obehagliga lukter i ditt entr\u00e9omr\u00e5de? Dessa problem skapar en...","og_url":"https:\/\/truusk.store\/sv\/produkt\/truusk-paraplyhallare-metallstall-for-paraplyer-fristaende-med-krokar-och-droppbricka-plats-for-8-paraplyer-svart\/","og_site_name":"TRUUSK - Hem, Tr\u00e4dg\u00e5rd &amp; Fritid","article_modified_time":"2026-03-12T07:53:51+00:00","og_image":[{"width":2000,"height":2000,"url":"https:\/\/i0.wp.com\/truusk.se\/wp-content\/uploads\/2026\/02\/paraplyhallare-metallstall-for-paraplyer-fristaende-paraplystall-med-krokar-och-droppbricka-plats-for-8-paraplyer-svart-1.webp?fit=2000%2C2000&ssl=1","type":"image\/webp"}],"twitter_card":"summary_large_image","twitter_misc":{"Ber\u00e4knad l\u00e4stid":"1 minut"},"schema":{"@context":"https:\/\/schema.org","@graph":[{"@type":"WebPage","@id":"https:\/\/truusk.store\/sv\/produkt\/truusk-paraplyhallare-metallstall-for-paraplyer-fristaende-med-krokar-och-droppbricka-plats-for-8-paraplyer-svart\/","url":"https:\/\/truusk.store\/sv\/produkt\/truusk-paraplyhallare-metallstall-for-paraplyer-fristaende-med-krokar-och-droppbricka-plats-for-8-paraplyer-svart\/","name":"TRUUSK Paraplyh\u00e5llare - Metallst\u00e4ll f\u00f6r paraplyer - Frist\u00e5ende med krokar och droppbricka - Plats f\u00f6r 8 paraplyer - Svart - TRUUSK - Hem, Tr\u00e4dg\u00e5rd &amp; Fritid","isPartOf":{"@id":"https:\/\/truusk.store\/sv\/#website"},"primaryImageOfPage":{"@id":"https:\/\/truusk.store\/sv\/produkt\/truusk-paraplyhallare-metallstall-for-paraplyer-fristaende-med-krokar-och-droppbricka-plats-for-8-paraplyer-svart\/#primaryimage"},"image":{"@id":"https:\/\/truusk.store\/sv\/produkt\/truusk-paraplyhallare-metallstall-for-paraplyer-fristaende-med-krokar-och-droppbricka-plats-for-8-paraplyer-svart\/#primaryimage"},"thumbnailUrl":"https:\/\/i0.wp.com\/truusk.store\/wp-content\/uploads\/2026\/02\/paraplyhallare-metallstall-for-paraplyer-fristaende-paraplystall-med-krokar-och-droppbricka-plats-for-8-paraplyer-svart-1.webp?fit=2000%2C2000&ssl=1","datePublished":"2026-02-24T06:44:49+00:00","dateModified":"2026-03-12T07:53:51+00:00","breadcrumb":{"@id":"https:\/\/truusk.store\/sv\/produkt\/truusk-paraplyhallare-metallstall-for-paraplyer-fristaende-med-krokar-och-droppbricka-plats-for-8-paraplyer-svart\/#breadcrumb"},"inLanguage":"sv-SE","potentialAction":[{"@type":"ReadAction","target":["https:\/\/truusk.store\/sv\/produkt\/truusk-paraplyhallare-metallstall-for-paraplyer-fristaende-med-krokar-och-droppbricka-plats-for-8-paraplyer-svart\/"]}]},{"@type":"ImageObject","inLanguage":"sv-SE","@id":"https:\/\/truusk.store\/sv\/produkt\/truusk-paraplyhallare-metallstall-for-paraplyer-fristaende-med-krokar-och-droppbricka-plats-for-8-paraplyer-svart\/#primaryimage","url":"https:\/\/i0.wp.com\/truusk.store\/wp-content\/uploads\/2026\/02\/paraplyhallare-metallstall-for-paraplyer-fristaende-paraplystall-med-krokar-och-droppbricka-plats-for-8-paraplyer-svart-1.webp?fit=2000%2C2000&ssl=1","contentUrl":"https:\/\/i0.wp.com\/truusk.store\/wp-content\/uploads\/2026\/02\/paraplyhallare-metallstall-for-paraplyer-fristaende-paraplystall-med-krokar-och-droppbricka-plats-for-8-paraplyer-svart-1.webp?fit=2000%2C2000&ssl=1","width":2000,"height":2000},{"@type":"BreadcrumbList","@id":"https:\/\/truusk.store\/sv\/produkt\/truusk-paraplyhallare-metallstall-for-paraplyer-fristaende-med-krokar-och-droppbricka-plats-for-8-paraplyer-svart\/#breadcrumb","itemListElement":[{"@type":"ListItem","position":1,"name":"Home","item":"https:\/\/truusk.store\/sv\/"},{"@type":"ListItem","position":2,"name":"Shop","item":"https:\/\/truusk.store\/shop\/"},{"@type":"ListItem","position":3,"name":"TRUUSK Paraplyh\u00e5llare &#8211; Metallst\u00e4ll f\u00f6r paraplyer &#8211; Frist\u00e5ende med krokar och droppbricka &#8211; Plats f\u00f6r 8 paraplyer &#8211; Svart"}]},{"@type":"WebSite","@id":"https:\/\/truusk.store\/sv\/#website","url":"https:\/\/truusk.store\/sv\/","name":"TRUUSK - Hem, Tr\u00e4dg\u00e5rd & Fritid","description":"","publisher":{"@id":"https:\/\/truusk.store\/sv\/#organization"},"potentialAction":[{"@type":"SearchAction","target":{"@type":"EntryPoint","urlTemplate":"https:\/\/truusk.store\/sv\/?s={search_term_string}"},"query-input":{"@type":"PropertyValueSpecification","valueRequired":true,"valueName":"search_term_string"}}],"inLanguage":"sv-SE"},{"@type":"Organization","@id":"https:\/\/truusk.store\/sv\/#organization","name":"TRUUSK - Hem, Tr\u00e4dg\u00e5rd & Fritid","url":"https:\/\/truusk.store\/sv\/","logo":{"@type":"ImageObject","inLanguage":"sv-SE","@id":"https:\/\/truusk.store\/sv\/#\/schema\/logo\/image\/","url":"https:\/\/i0.wp.com\/truusk.store\/wp-content\/uploads\/2026\/03\/cropped-TRUUSK.png?fit=2032%2C917&ssl=1","contentUrl":"https:\/\/i0.wp.com\/truusk.store\/wp-content\/uploads\/2026\/03\/cropped-TRUUSK.png?fit=2032%2C917&ssl=1","width":2032,"height":917,"caption":"TRUUSK - Hem, Tr\u00e4dg\u00e5rd & Fritid"},"image":{"@id":"https:\/\/truusk.store\/sv\/#\/schema\/logo\/image\/"}}]}},"jetpack_sharing_enabled":true,"_links":{"self":[{"href":"https:\/\/truusk.store\/sv\/wp-json\/wp\/v2\/product\/106496","targetHints":{"allow":["GET"]}}],"collection":[{"href":"https:\/\/truusk.store\/sv\/wp-json\/wp\/v2\/product"}],"about":[{"href":"https:\/\/truusk.store\/sv\/wp-json\/wp\/v2\/types\/product"}],"wp:featuredmedia":[{"embeddable":true,"href":"https:\/\/truusk.store\/sv\/wp-json\/wp\/v2\/media\/106484"}],"wp:attachment":[{"href":"https:\/\/truusk.store\/sv\/wp-json\/wp\/v2\/media?parent=106496"}],"wp:term":[{"taxonomy":"product_brand","embeddable":true,"href":"https:\/\/truusk.store\/sv\/wp-json\/wp\/v2\/product_brand?post=106496"},{"taxonomy":"product_cat","embeddable":true,"href":"https:\/\/truusk.store\/sv\/wp-json\/wp\/v2\/product_cat?post=106496"},{"taxonomy":"product_tag","embeddable":true,"href":"https:\/\/truusk.store\/sv\/wp-json\/wp\/v2\/product_tag?post=106496"}],"curies":[{"name":"wp","href":"https:\/\/api.w.org\/{rel}","templated":true}]}}