{"id":106515,"date":"2026-02-24T07:46:44","date_gmt":"2026-02-24T06:46:44","guid":{"rendered":"https:\/\/truusk.store\/product\/vaggmonterad-brevlada-vaderbestandig-med-tidningshallare-och-2-nycklar-for-yttervagg-morkgra\/"},"modified":"2026-03-12T08:53:52","modified_gmt":"2026-03-12T07:53:52","slug":"truusk-vaggmonterad-brevlada-vaderbestandig-tidningshallare-2-nycklar-morkgra","status":"publish","type":"product","link":"https:\/\/truusk.store\/sv\/produkt\/truusk-vaggmonterad-brevlada-vaderbestandig-tidningshallare-2-nycklar-morkgra\/","title":{"rendered":"TRUUSK V\u00e4ggmonterad Brevl\u00e5da &#8211; V\u00e4derbest\u00e4ndig &#8211; Tidningsh\u00e5llare &#8211; 2 Nycklar &#8211; M\u00f6rkgr\u00e5"},"content":{"rendered":"<p>Postleveranser b\u00f6r inte st\u00f6ra din frid eller l\u00e4mna din veranda i oordning. [BRAND NAME]-brevl\u00e5dan l\u00f6ser detta problem med ett tyst st\u00e4ngande lock och en separat tidningsh\u00e5llare. Denna moderna brevl\u00e5da med f\u00f6nster h\u00e5ller ordning vid entr\u00e9n och g\u00f6r det trevligt och enkelt att h\u00e4mta posten.<\/p>\n<p>Beskrivning:<\/p>\n<ul>\n<li> Denna moderna brevl\u00e5da har en slank geometrisk design f\u00f6r stilfulla entr\u00e9er<\/li>\n<li> Inbyggda ljudd\u00e4mpande kuddar g\u00f6r att locket st\u00e4nger mjukt och tyst<\/li>\n<li> Ett stort 13-liters fack och en separat tidningsrulleh\u00e5llare h\u00e5ller posten organiserad<\/li>\n<li> L\u00e5set p\u00e5 v\u00e4ggpostl\u00e5dan med tv\u00e5 nycklar ger utm\u00e4rkt s\u00e4kerhet f\u00f6r din post<\/li>\n<li> Dr\u00e4neringsh\u00e5len skyddar inneh\u00e5llet mot olika v\u00e4derf\u00f6rh\u00e5llanden<\/li>\n<li> V\u00e5r v\u00e4ggmonterade brevl\u00e5da \u00e4r enkel att installera med det medf\u00f6ljande monteringsmaterialet<\/li>\n<li> Ingen montering kr\u00e4vs<\/li>\n<\/ul>\n<p> Tekniska specifikationer:<\/p>\n<ul>\n<li> F\u00e4rg: M\u00f6rkgr\u00e5+Silver<\/li>\n<li> Material: Metall, Rostfritt st\u00e5l, Koppar<\/li>\n<li> Totala dimensioner: 37L x 10B x 37H cm<\/li>\n<li> Inre dimensioner: 36L x 9B x 26H cm<\/li>\n<li> D\u00f6rrstorlek: 37B x 26H cm<\/li>\n<li> Brevinkaststorlek: 34L x 3B cm<\/li>\n<li> B\u00e4rf\u00f6rm\u00e5ga: 10 kg<\/li>\n<li> Storlek p\u00e5 brev\u00e5tkomst\u00f6ppning: 34B x 23H cm<\/li>\n<\/ul>\n<p>Leveransinneh\u00e5ll:<\/p>\n<ul>\n<li> 1 x Brevl\u00e5da<\/li>\n<li> 2 x Nycklar<\/li>\n<li> 1 x Instruktioner<\/li>\n<\/ul>\n","protected":false},"excerpt":{"rendered":"<p>Postleveranser b\u00f6r inte st\u00f6ra din frid eller l\u00e4mna din veranda i oordning. [BRAND NAME]-brevl\u00e5dan l\u00f6ser detta problem med ett tyst&#8230;<\/p>\n","protected":false},"featured_media":106505,"template":"","meta":[],"product_brand":[],"product_cat":[674,867,672],"product_tag":[],"class_list":{"0":"post-106515","1":"product","2":"type-product","3":"status-publish","4":"has-post-thumbnail","6":"product_cat-brevlador","7":"product_cat-byggmarknad","8":"product_cat-runt-huset","10":"first","11":"instock","12":"sale","13":"taxable","14":"shipping-taxable","15":"purchasable","16":"product-type-simple"},"yoast_head":"<!-- This site is optimized with the Yoast SEO plugin v25.4 - https:\/\/yoast.com\/wordpress\/plugins\/seo\/ -->\n<title>TRUUSK V\u00e4ggmonterad Brevl\u00e5da - V\u00e4derbest\u00e4ndig - Tidningsh\u00e5llare - 2 Nycklar - M\u00f6rkgr\u00e5 - TRUUSK - Hem, Tr\u00e4dg\u00e5rd &amp; Fritid<\/title>\n<meta name=\"robots\" content=\"index, follow, max-snippet:-1, max-image-preview:large, max-video-preview:-1\" \/>\n<link rel=\"canonical\" href=\"https:\/\/truusk.store\/sv\/produkt\/truusk-vaggmonterad-brevlada-vaderbestandig-tidningshallare-2-nycklar-morkgra\/\" \/>\n<meta property=\"og:locale\" content=\"sv_SE\" \/>\n<meta property=\"og:type\" content=\"article\" \/>\n<meta property=\"og:title\" content=\"TRUUSK V\u00e4ggmonterad Brevl\u00e5da - V\u00e4derbest\u00e4ndig - Tidningsh\u00e5llare - 2 Nycklar - M\u00f6rkgr\u00e5 - TRUUSK - Hem, Tr\u00e4dg\u00e5rd &amp; Fritid\" \/>\n<meta property=\"og:description\" content=\"Postleveranser b\u00f6r inte st\u00f6ra din frid eller l\u00e4mna din veranda i oordning. [BRAND NAME]-brevl\u00e5dan l\u00f6ser detta problem med ett tyst...\" \/>\n<meta property=\"og:url\" content=\"https:\/\/truusk.store\/sv\/produkt\/truusk-vaggmonterad-brevlada-vaderbestandig-tidningshallare-2-nycklar-morkgra\/\" \/>\n<meta property=\"og:site_name\" content=\"TRUUSK - Hem, Tr\u00e4dg\u00e5rd &amp; Fritid\" \/>\n<meta property=\"article:modified_time\" content=\"2026-03-12T07:53:52+00:00\" \/>\n<meta property=\"og:image\" content=\"https:\/\/i0.wp.com\/truusk.se\/wp-content\/uploads\/2026\/02\/vaggmonterad-brevlada-vaderbestandig-med-tidningshallare-och-2-nycklar-for-yttervagg-morkgra-1.webp?fit=2000%2C2000&ssl=1\" \/>\n\t<meta property=\"og:image:width\" content=\"2000\" \/>\n\t<meta property=\"og:image:height\" content=\"2000\" \/>\n\t<meta property=\"og:image:type\" content=\"image\/webp\" \/>\n<meta name=\"twitter:card\" content=\"summary_large_image\" \/>\n<meta name=\"twitter:label1\" content=\"Ber\u00e4knad l\u00e4stid\" \/>\n\t<meta name=\"twitter:data1\" content=\"1 minut\" \/>\n<!-- \/ Yoast SEO plugin. -->","yoast_head_json":{"title":"TRUUSK V\u00e4ggmonterad Brevl\u00e5da - V\u00e4derbest\u00e4ndig - Tidningsh\u00e5llare - 2 Nycklar - M\u00f6rkgr\u00e5 - TRUUSK - Hem, Tr\u00e4dg\u00e5rd &amp; Fritid","robots":{"index":"index","follow":"follow","max-snippet":"max-snippet:-1","max-image-preview":"max-image-preview:large","max-video-preview":"max-video-preview:-1"},"canonical":"https:\/\/truusk.store\/sv\/produkt\/truusk-vaggmonterad-brevlada-vaderbestandig-tidningshallare-2-nycklar-morkgra\/","og_locale":"sv_SE","og_type":"article","og_title":"TRUUSK V\u00e4ggmonterad Brevl\u00e5da - V\u00e4derbest\u00e4ndig - Tidningsh\u00e5llare - 2 Nycklar - M\u00f6rkgr\u00e5 - TRUUSK - Hem, Tr\u00e4dg\u00e5rd &amp; Fritid","og_description":"Postleveranser b\u00f6r inte st\u00f6ra din frid eller l\u00e4mna din veranda i oordning. [BRAND NAME]-brevl\u00e5dan l\u00f6ser detta problem med ett tyst...","og_url":"https:\/\/truusk.store\/sv\/produkt\/truusk-vaggmonterad-brevlada-vaderbestandig-tidningshallare-2-nycklar-morkgra\/","og_site_name":"TRUUSK - Hem, Tr\u00e4dg\u00e5rd &amp; Fritid","article_modified_time":"2026-03-12T07:53:52+00:00","og_image":[{"width":2000,"height":2000,"url":"https:\/\/i0.wp.com\/truusk.se\/wp-content\/uploads\/2026\/02\/vaggmonterad-brevlada-vaderbestandig-med-tidningshallare-och-2-nycklar-for-yttervagg-morkgra-1.webp?fit=2000%2C2000&ssl=1","type":"image\/webp"}],"twitter_card":"summary_large_image","twitter_misc":{"Ber\u00e4knad l\u00e4stid":"1 minut"},"schema":{"@context":"https:\/\/schema.org","@graph":[{"@type":"WebPage","@id":"https:\/\/truusk.store\/sv\/produkt\/truusk-vaggmonterad-brevlada-vaderbestandig-tidningshallare-2-nycklar-morkgra\/","url":"https:\/\/truusk.store\/sv\/produkt\/truusk-vaggmonterad-brevlada-vaderbestandig-tidningshallare-2-nycklar-morkgra\/","name":"TRUUSK V\u00e4ggmonterad Brevl\u00e5da - V\u00e4derbest\u00e4ndig - Tidningsh\u00e5llare - 2 Nycklar - M\u00f6rkgr\u00e5 - TRUUSK - Hem, Tr\u00e4dg\u00e5rd &amp; Fritid","isPartOf":{"@id":"https:\/\/truusk.store\/sv\/#website"},"primaryImageOfPage":{"@id":"https:\/\/truusk.store\/sv\/produkt\/truusk-vaggmonterad-brevlada-vaderbestandig-tidningshallare-2-nycklar-morkgra\/#primaryimage"},"image":{"@id":"https:\/\/truusk.store\/sv\/produkt\/truusk-vaggmonterad-brevlada-vaderbestandig-tidningshallare-2-nycklar-morkgra\/#primaryimage"},"thumbnailUrl":"https:\/\/i0.wp.com\/truusk.store\/wp-content\/uploads\/2026\/02\/vaggmonterad-brevlada-vaderbestandig-med-tidningshallare-och-2-nycklar-for-yttervagg-morkgra-1.webp?fit=2000%2C2000&ssl=1","datePublished":"2026-02-24T06:46:44+00:00","dateModified":"2026-03-12T07:53:52+00:00","breadcrumb":{"@id":"https:\/\/truusk.store\/sv\/produkt\/truusk-vaggmonterad-brevlada-vaderbestandig-tidningshallare-2-nycklar-morkgra\/#breadcrumb"},"inLanguage":"sv-SE","potentialAction":[{"@type":"ReadAction","target":["https:\/\/truusk.store\/sv\/produkt\/truusk-vaggmonterad-brevlada-vaderbestandig-tidningshallare-2-nycklar-morkgra\/"]}]},{"@type":"ImageObject","inLanguage":"sv-SE","@id":"https:\/\/truusk.store\/sv\/produkt\/truusk-vaggmonterad-brevlada-vaderbestandig-tidningshallare-2-nycklar-morkgra\/#primaryimage","url":"https:\/\/i0.wp.com\/truusk.store\/wp-content\/uploads\/2026\/02\/vaggmonterad-brevlada-vaderbestandig-med-tidningshallare-och-2-nycklar-for-yttervagg-morkgra-1.webp?fit=2000%2C2000&ssl=1","contentUrl":"https:\/\/i0.wp.com\/truusk.store\/wp-content\/uploads\/2026\/02\/vaggmonterad-brevlada-vaderbestandig-med-tidningshallare-och-2-nycklar-for-yttervagg-morkgra-1.webp?fit=2000%2C2000&ssl=1","width":2000,"height":2000},{"@type":"BreadcrumbList","@id":"https:\/\/truusk.store\/sv\/produkt\/truusk-vaggmonterad-brevlada-vaderbestandig-tidningshallare-2-nycklar-morkgra\/#breadcrumb","itemListElement":[{"@type":"ListItem","position":1,"name":"Home","item":"https:\/\/truusk.store\/sv\/"},{"@type":"ListItem","position":2,"name":"Shop","item":"https:\/\/truusk.store\/shop\/"},{"@type":"ListItem","position":3,"name":"TRUUSK V\u00e4ggmonterad Brevl\u00e5da &#8211; V\u00e4derbest\u00e4ndig &#8211; Tidningsh\u00e5llare &#8211; 2 Nycklar &#8211; M\u00f6rkgr\u00e5"}]},{"@type":"WebSite","@id":"https:\/\/truusk.store\/sv\/#website","url":"https:\/\/truusk.store\/sv\/","name":"TRUUSK - Hem, Tr\u00e4dg\u00e5rd & Fritid","description":"","publisher":{"@id":"https:\/\/truusk.store\/sv\/#organization"},"potentialAction":[{"@type":"SearchAction","target":{"@type":"EntryPoint","urlTemplate":"https:\/\/truusk.store\/sv\/?s={search_term_string}"},"query-input":{"@type":"PropertyValueSpecification","valueRequired":true,"valueName":"search_term_string"}}],"inLanguage":"sv-SE"},{"@type":"Organization","@id":"https:\/\/truusk.store\/sv\/#organization","name":"TRUUSK - Hem, Tr\u00e4dg\u00e5rd & Fritid","url":"https:\/\/truusk.store\/sv\/","logo":{"@type":"ImageObject","inLanguage":"sv-SE","@id":"https:\/\/truusk.store\/sv\/#\/schema\/logo\/image\/","url":"https:\/\/i0.wp.com\/truusk.store\/wp-content\/uploads\/2026\/03\/cropped-TRUUSK.png?fit=2032%2C917&ssl=1","contentUrl":"https:\/\/i0.wp.com\/truusk.store\/wp-content\/uploads\/2026\/03\/cropped-TRUUSK.png?fit=2032%2C917&ssl=1","width":2032,"height":917,"caption":"TRUUSK - Hem, Tr\u00e4dg\u00e5rd & Fritid"},"image":{"@id":"https:\/\/truusk.store\/sv\/#\/schema\/logo\/image\/"}}]}},"jetpack_sharing_enabled":true,"_links":{"self":[{"href":"https:\/\/truusk.store\/sv\/wp-json\/wp\/v2\/product\/106515","targetHints":{"allow":["GET"]}}],"collection":[{"href":"https:\/\/truusk.store\/sv\/wp-json\/wp\/v2\/product"}],"about":[{"href":"https:\/\/truusk.store\/sv\/wp-json\/wp\/v2\/types\/product"}],"wp:featuredmedia":[{"embeddable":true,"href":"https:\/\/truusk.store\/sv\/wp-json\/wp\/v2\/media\/106505"}],"wp:attachment":[{"href":"https:\/\/truusk.store\/sv\/wp-json\/wp\/v2\/media?parent=106515"}],"wp:term":[{"taxonomy":"product_brand","embeddable":true,"href":"https:\/\/truusk.store\/sv\/wp-json\/wp\/v2\/product_brand?post=106515"},{"taxonomy":"product_cat","embeddable":true,"href":"https:\/\/truusk.store\/sv\/wp-json\/wp\/v2\/product_cat?post=106515"},{"taxonomy":"product_tag","embeddable":true,"href":"https:\/\/truusk.store\/sv\/wp-json\/wp\/v2\/product_tag?post=106515"}],"curies":[{"name":"wp","href":"https:\/\/api.w.org\/{rel}","templated":true}]}}