{"id":106524,"date":"2026-02-24T07:47:38","date_gmt":"2026-02-24T06:47:38","guid":{"rendered":"https:\/\/truusk.store\/product\/mobil-hopfallbart-bord-med-6-hjul-och-bromsar-hopfallbart-koksmatbord-for-sma-utrymmen-vit\/"},"modified":"2026-03-12T08:53:53","modified_gmt":"2026-03-12T07:53:53","slug":"truusk-hopfallbart-matbord-med-6-hjul-vit-for-sma-utrymmen-med-bromsar","status":"publish","type":"product","link":"https:\/\/truusk.store\/sv\/produkt\/truusk-hopfallbart-matbord-med-6-hjul-vit-for-sma-utrymmen-med-bromsar\/","title":{"rendered":"TRUUSK Hopf\u00e4llbart Matbord Med 6 Hjul &#8211; Vit &#8211; F\u00f6r Sm\u00e5 Utrymmen &#8211; Med Bromsar"},"content":{"rendered":"<p>Mer g\u00e4ster till middag? Inget problem med detta [BRAND NAME] hopf\u00e4llbara bord. Hopf\u00e4llt till 26 cm tar det knappt n\u00e5gon plats &#8211; men erbjuder plats f\u00f6r upp till sex personer: tillr\u00e4ckligt rymligt f\u00f6r dig och dina v\u00e4nner. Med robusta st\u00e5lben och smidiga hjul med bromsar kombinerar detta lilla hopf\u00e4llbara bord flexibilitet med enkel r\u00f6rlighet och \u00e4r ett utm\u00e4rkt tillskott till alla sm\u00e5 k\u00f6k eller matplatser.<\/p>\n<p>Beskrivning:<\/p>\n<ul>\n<li> F\u00e4llbladsdesign erbjuder plats f\u00f6r upp till sex personer. Idealiskt om du beh\u00f6ver skapa mer matplats, men utrymmet \u00e4r begr\u00e4nsat i vardagen<\/li>\n<li> St\u00e5lramen \u00e4r stabil och st\u00f6djande<\/li>\n<li> Sex hjul f\u00f6r enkel f\u00f6rflyttning, med bromsar f\u00f6r s\u00e4ker st\u00e5nd<\/li>\n<li> Hopf\u00e4llbar till endast 26 cm, perfekt f\u00f6r platsbesparande f\u00f6rvaring<\/li>\n<li> Montering kr\u00e4vs<\/li>\n<\/ul>\n<p> Tekniska specifikationer:<\/p>\n<ul>\n<li> F\u00e4rg: Vit<\/li>\n<li> Material: Sp\u00e5nskiva, st\u00e5l<\/li>\n<li> Fullt utf\u00e4lld storlek: 120B x 80D x 73H cm<\/li>\n<li> Hopf\u00e4lld storlek: 80B x 26B x 73H cm<\/li>\n<li> Bordsskivans storlek: 120L x 80B cm<\/li>\n<li> Ensidigt f\u00e4llbart panel: 52,5L x 80B cm<\/li>\n<li> Bredd p\u00e5 mittenplatta: (hopf\u00e4lld) 15 cm<\/li>\n<li> Benl\u00e4ngd: 5 cm<\/li>\n<li> B\u00e4rkapacitet: 50 kg<\/li>\n<li> Minsta erforderliga golvutrymme: 2,4 m\u00b2<\/li>\n<\/ul>\n<p>Leverans inneh\u00e5ller:<\/p>\n<ul>\n<li> 1 x Hopf\u00e4llbart matbord<\/li>\n<li> 1 x Instruktioner<\/li>\n<\/ul>\n","protected":false},"excerpt":{"rendered":"<p>Mer g\u00e4ster till middag? Inget problem med detta [BRAND NAME] hopf\u00e4llbara bord. Hopf\u00e4llt till 26 cm tar det knappt n\u00e5gon&#8230;<\/p>\n","protected":false},"featured_media":106514,"template":"","meta":[],"product_brand":[],"product_cat":[871,889,509],"product_tag":[],"class_list":{"0":"post-106524","1":"product","2":"type-product","3":"status-publish","4":"has-post-thumbnail","6":"product_cat-hus-hem","7":"product_cat-kok-matsal","8":"product_cat-matbord","10":"first","11":"instock","12":"sale","13":"taxable","14":"shipping-taxable","15":"purchasable","16":"product-type-simple"},"yoast_head":"<!-- This site is optimized with the Yoast SEO plugin v25.4 - https:\/\/yoast.com\/wordpress\/plugins\/seo\/ -->\n<title>TRUUSK Hopf\u00e4llbart Matbord Med 6 Hjul - Vit - F\u00f6r Sm\u00e5 Utrymmen - Med Bromsar - TRUUSK - Hem, Tr\u00e4dg\u00e5rd &amp; Fritid<\/title>\n<meta name=\"robots\" content=\"index, follow, max-snippet:-1, max-image-preview:large, max-video-preview:-1\" \/>\n<link rel=\"canonical\" href=\"https:\/\/truusk.store\/sv\/produkt\/truusk-hopfallbart-matbord-med-6-hjul-vit-for-sma-utrymmen-med-bromsar\/\" \/>\n<meta property=\"og:locale\" content=\"sv_SE\" \/>\n<meta property=\"og:type\" content=\"article\" \/>\n<meta property=\"og:title\" content=\"TRUUSK Hopf\u00e4llbart Matbord Med 6 Hjul - Vit - F\u00f6r Sm\u00e5 Utrymmen - Med Bromsar - TRUUSK - Hem, Tr\u00e4dg\u00e5rd &amp; Fritid\" \/>\n<meta property=\"og:description\" content=\"Mer g\u00e4ster till middag? Inget problem med detta [BRAND NAME] hopf\u00e4llbara bord. Hopf\u00e4llt till 26 cm tar det knappt n\u00e5gon...\" \/>\n<meta property=\"og:url\" content=\"https:\/\/truusk.store\/sv\/produkt\/truusk-hopfallbart-matbord-med-6-hjul-vit-for-sma-utrymmen-med-bromsar\/\" \/>\n<meta property=\"og:site_name\" content=\"TRUUSK - Hem, Tr\u00e4dg\u00e5rd &amp; Fritid\" \/>\n<meta property=\"article:modified_time\" content=\"2026-03-12T07:53:53+00:00\" \/>\n<meta property=\"og:image\" content=\"https:\/\/i0.wp.com\/truusk.se\/wp-content\/uploads\/2026\/02\/mobil-hopfallbart-bord-med-6-hjul-och-bromsar-hopfallbart-koksmatbord-for-sma-utrymmen-vit-1.webp?fit=2000%2C2000&ssl=1\" \/>\n\t<meta property=\"og:image:width\" content=\"2000\" \/>\n\t<meta property=\"og:image:height\" content=\"2000\" \/>\n\t<meta property=\"og:image:type\" content=\"image\/webp\" \/>\n<meta name=\"twitter:card\" content=\"summary_large_image\" \/>\n<meta name=\"twitter:label1\" content=\"Ber\u00e4knad l\u00e4stid\" \/>\n\t<meta name=\"twitter:data1\" content=\"1 minut\" \/>\n<!-- \/ Yoast SEO plugin. -->","yoast_head_json":{"title":"TRUUSK Hopf\u00e4llbart Matbord Med 6 Hjul - Vit - F\u00f6r Sm\u00e5 Utrymmen - Med Bromsar - TRUUSK - Hem, Tr\u00e4dg\u00e5rd &amp; Fritid","robots":{"index":"index","follow":"follow","max-snippet":"max-snippet:-1","max-image-preview":"max-image-preview:large","max-video-preview":"max-video-preview:-1"},"canonical":"https:\/\/truusk.store\/sv\/produkt\/truusk-hopfallbart-matbord-med-6-hjul-vit-for-sma-utrymmen-med-bromsar\/","og_locale":"sv_SE","og_type":"article","og_title":"TRUUSK Hopf\u00e4llbart Matbord Med 6 Hjul - Vit - F\u00f6r Sm\u00e5 Utrymmen - Med Bromsar - TRUUSK - Hem, Tr\u00e4dg\u00e5rd &amp; Fritid","og_description":"Mer g\u00e4ster till middag? Inget problem med detta [BRAND NAME] hopf\u00e4llbara bord. Hopf\u00e4llt till 26 cm tar det knappt n\u00e5gon...","og_url":"https:\/\/truusk.store\/sv\/produkt\/truusk-hopfallbart-matbord-med-6-hjul-vit-for-sma-utrymmen-med-bromsar\/","og_site_name":"TRUUSK - Hem, Tr\u00e4dg\u00e5rd &amp; Fritid","article_modified_time":"2026-03-12T07:53:53+00:00","og_image":[{"width":2000,"height":2000,"url":"https:\/\/i0.wp.com\/truusk.se\/wp-content\/uploads\/2026\/02\/mobil-hopfallbart-bord-med-6-hjul-och-bromsar-hopfallbart-koksmatbord-for-sma-utrymmen-vit-1.webp?fit=2000%2C2000&ssl=1","type":"image\/webp"}],"twitter_card":"summary_large_image","twitter_misc":{"Ber\u00e4knad l\u00e4stid":"1 minut"},"schema":{"@context":"https:\/\/schema.org","@graph":[{"@type":"WebPage","@id":"https:\/\/truusk.store\/sv\/produkt\/truusk-hopfallbart-matbord-med-6-hjul-vit-for-sma-utrymmen-med-bromsar\/","url":"https:\/\/truusk.store\/sv\/produkt\/truusk-hopfallbart-matbord-med-6-hjul-vit-for-sma-utrymmen-med-bromsar\/","name":"TRUUSK Hopf\u00e4llbart Matbord Med 6 Hjul - Vit - F\u00f6r Sm\u00e5 Utrymmen - Med Bromsar - TRUUSK - Hem, Tr\u00e4dg\u00e5rd &amp; Fritid","isPartOf":{"@id":"https:\/\/truusk.store\/sv\/#website"},"primaryImageOfPage":{"@id":"https:\/\/truusk.store\/sv\/produkt\/truusk-hopfallbart-matbord-med-6-hjul-vit-for-sma-utrymmen-med-bromsar\/#primaryimage"},"image":{"@id":"https:\/\/truusk.store\/sv\/produkt\/truusk-hopfallbart-matbord-med-6-hjul-vit-for-sma-utrymmen-med-bromsar\/#primaryimage"},"thumbnailUrl":"https:\/\/i0.wp.com\/truusk.store\/wp-content\/uploads\/2026\/02\/mobil-hopfallbart-bord-med-6-hjul-och-bromsar-hopfallbart-koksmatbord-for-sma-utrymmen-vit-1.webp?fit=2000%2C2000&ssl=1","datePublished":"2026-02-24T06:47:38+00:00","dateModified":"2026-03-12T07:53:53+00:00","breadcrumb":{"@id":"https:\/\/truusk.store\/sv\/produkt\/truusk-hopfallbart-matbord-med-6-hjul-vit-for-sma-utrymmen-med-bromsar\/#breadcrumb"},"inLanguage":"sv-SE","potentialAction":[{"@type":"ReadAction","target":["https:\/\/truusk.store\/sv\/produkt\/truusk-hopfallbart-matbord-med-6-hjul-vit-for-sma-utrymmen-med-bromsar\/"]}]},{"@type":"ImageObject","inLanguage":"sv-SE","@id":"https:\/\/truusk.store\/sv\/produkt\/truusk-hopfallbart-matbord-med-6-hjul-vit-for-sma-utrymmen-med-bromsar\/#primaryimage","url":"https:\/\/i0.wp.com\/truusk.store\/wp-content\/uploads\/2026\/02\/mobil-hopfallbart-bord-med-6-hjul-och-bromsar-hopfallbart-koksmatbord-for-sma-utrymmen-vit-1.webp?fit=2000%2C2000&ssl=1","contentUrl":"https:\/\/i0.wp.com\/truusk.store\/wp-content\/uploads\/2026\/02\/mobil-hopfallbart-bord-med-6-hjul-och-bromsar-hopfallbart-koksmatbord-for-sma-utrymmen-vit-1.webp?fit=2000%2C2000&ssl=1","width":2000,"height":2000},{"@type":"BreadcrumbList","@id":"https:\/\/truusk.store\/sv\/produkt\/truusk-hopfallbart-matbord-med-6-hjul-vit-for-sma-utrymmen-med-bromsar\/#breadcrumb","itemListElement":[{"@type":"ListItem","position":1,"name":"Home","item":"https:\/\/truusk.store\/sv\/"},{"@type":"ListItem","position":2,"name":"Shop","item":"https:\/\/truusk.store\/shop\/"},{"@type":"ListItem","position":3,"name":"TRUUSK Hopf\u00e4llbart Matbord Med 6 Hjul &#8211; Vit &#8211; F\u00f6r Sm\u00e5 Utrymmen &#8211; Med Bromsar"}]},{"@type":"WebSite","@id":"https:\/\/truusk.store\/sv\/#website","url":"https:\/\/truusk.store\/sv\/","name":"TRUUSK - Hem, Tr\u00e4dg\u00e5rd & Fritid","description":"","publisher":{"@id":"https:\/\/truusk.store\/sv\/#organization"},"potentialAction":[{"@type":"SearchAction","target":{"@type":"EntryPoint","urlTemplate":"https:\/\/truusk.store\/sv\/?s={search_term_string}"},"query-input":{"@type":"PropertyValueSpecification","valueRequired":true,"valueName":"search_term_string"}}],"inLanguage":"sv-SE"},{"@type":"Organization","@id":"https:\/\/truusk.store\/sv\/#organization","name":"TRUUSK - Hem, Tr\u00e4dg\u00e5rd & Fritid","url":"https:\/\/truusk.store\/sv\/","logo":{"@type":"ImageObject","inLanguage":"sv-SE","@id":"https:\/\/truusk.store\/sv\/#\/schema\/logo\/image\/","url":"https:\/\/i0.wp.com\/truusk.store\/wp-content\/uploads\/2026\/03\/cropped-TRUUSK.png?fit=2032%2C917&ssl=1","contentUrl":"https:\/\/i0.wp.com\/truusk.store\/wp-content\/uploads\/2026\/03\/cropped-TRUUSK.png?fit=2032%2C917&ssl=1","width":2032,"height":917,"caption":"TRUUSK - Hem, Tr\u00e4dg\u00e5rd & Fritid"},"image":{"@id":"https:\/\/truusk.store\/sv\/#\/schema\/logo\/image\/"}}]}},"jetpack_sharing_enabled":true,"_links":{"self":[{"href":"https:\/\/truusk.store\/sv\/wp-json\/wp\/v2\/product\/106524","targetHints":{"allow":["GET"]}}],"collection":[{"href":"https:\/\/truusk.store\/sv\/wp-json\/wp\/v2\/product"}],"about":[{"href":"https:\/\/truusk.store\/sv\/wp-json\/wp\/v2\/types\/product"}],"wp:featuredmedia":[{"embeddable":true,"href":"https:\/\/truusk.store\/sv\/wp-json\/wp\/v2\/media\/106514"}],"wp:attachment":[{"href":"https:\/\/truusk.store\/sv\/wp-json\/wp\/v2\/media?parent=106524"}],"wp:term":[{"taxonomy":"product_brand","embeddable":true,"href":"https:\/\/truusk.store\/sv\/wp-json\/wp\/v2\/product_brand?post=106524"},{"taxonomy":"product_cat","embeddable":true,"href":"https:\/\/truusk.store\/sv\/wp-json\/wp\/v2\/product_cat?post=106524"},{"taxonomy":"product_tag","embeddable":true,"href":"https:\/\/truusk.store\/sv\/wp-json\/wp\/v2\/product_tag?post=106524"}],"curies":[{"name":"wp","href":"https:\/\/api.w.org\/{rel}","templated":true}]}}