{"id":106545,"date":"2026-02-24T07:49:59","date_gmt":"2026-02-24T06:49:59","guid":{"rendered":"https:\/\/truusk.store\/product\/hopfallbar-cykelvagn-med-sakerhetsreflektorer-koppel-for-medelstora-hundar-upp-till-20-kg-143-x-70-x-90-cm-ljusbla\/"},"modified":"2026-03-12T08:53:53","modified_gmt":"2026-03-12T07:53:53","slug":"truusk-hopfallbar-cykelvagn-sakerhetsreflektorer-koppel-for-hundar-upp-till-20-kg-ljusbla","status":"publish","type":"product","link":"https:\/\/truusk.store\/sv\/produkt\/truusk-hopfallbar-cykelvagn-sakerhetsreflektorer-koppel-for-hundar-upp-till-20-kg-ljusbla\/","title":{"rendered":"TRUUSK Hopf\u00e4llbar Cykelvagn &#8211; S\u00e4kerhetsreflektorer &#8211; Koppel &#8211; F\u00f6r Hundar Upp Till 20 kg &#8211; Ljusbl\u00e5"},"content":{"rendered":"<p>L\u00e4mna inte din lurviga v\u00e4n bakom &#8211; oavsett om det \u00e4r f\u00f6r en kort resa till parken eller ett helg\u00e4ventyr: Denna [BRAND NAME] hundcykelvagn h\u00e5ller ditt husdjur s\u00e4kert och bekv\u00e4mt. Stora hjul absorberar oj\u00e4mnheter, medan det inbyggda st\u00f6dbenet till\u00e5ter uppr\u00e4tt st\u00e5ende f\u00f6r enkel lastning. Dragkedjed\u00f6rrar och mesh-f\u00f6nster ger frisk luft och skydd, och reflekterande remsor, en r\u00f6d s\u00e4kerhetsflagga och en inre koppel g\u00f6r varje resa bekymmersfri.<\/p>\n<p>Beskrivning:<\/p>\n<ul>\n<li> Robust metallram med 600D Oxford-tyg garanterar l\u00e5ngvarig anv\u00e4ndning<\/li>\n<li> Rymlig hytt passar f\u00f6r sm\u00e5 till medelstora hundar under 20 kg och 52 cm i l\u00e4ngd<\/li>\n<li> Tv\u00e5 \u00d851cm hjul absorberar st\u00f6tar f\u00f6r en lugn resa<\/li>\n<li> Ett st\u00f6dben h\u00e5ller vagnen uppr\u00e4tt f\u00f6r enkel lastning<\/li>\n<li> Reflekterande element, r\u00f6d s\u00e4kerhetsflagga och inre koppel \u00f6kar s\u00e4kerheten<\/li>\n<li> Dragkedjed\u00f6rrar och mesh-f\u00f6nster p\u00e5 hundvagnen ger ventilation<\/li>\n<li> L\u00e4tt att koppla till de flesta cyklar med 61-71 cm bakhjul<\/li>\n<li> Snabbt nedmonterbar f\u00f6r kompakt f\u00f6rvaring hemma eller i bilen<\/li>\n<\/ul>\n<p> Tekniska data:<\/p>\n<ul>\n<li> F\u00e4rg: Ljusbl\u00e5+svart<\/li>\n<li> Material: Oxford-tyg, polyester, metall<\/li>\n<li> Totala dimensioner: 143L x 70B x 90H cm<\/li>\n<li> Hyttstorlek: 77L x 55B x 64H cm<\/li>\n<li> Avst\u00e5nd fr\u00e5n marken: 26 cm<\/li>\n<li> Nedmonterad storlek: 78L x 57B x 25H cm<\/li>\n<li> Storlek p\u00e5 fr\u00e4mre d\u00f6rren: 37B x 51H cm<\/li>\n<li> Storlek p\u00e5 bakd\u00f6rren: 39B x 48H cm<\/li>\n<li> Storlek p\u00e5 n\u00e4tverksf\u00f6nster: 30B x 44H cm, 57B x 32H cm<\/li>\n<li> Hjulstorlek: \u00d851 cm<\/li>\n<li> B\u00e4rkapacitet: 20 kg<\/li>\n<\/ul>\n<p>Leveransinneh\u00e5ll:<\/p>\n<ul>\n<li> 1 x hundcykelvagn<\/li>\n<li> 1 x instruktionsbok<\/li>\n<\/ul>\n","protected":false},"excerpt":{"rendered":"<p>L\u00e4mna inte din lurviga v\u00e4n bakom &#8211; oavsett om det \u00e4r f\u00f6r en kort resa till parken eller ett helg\u00e4ventyr:&#8230;<\/p>\n","protected":false},"featured_media":106533,"template":"","meta":[],"product_brand":[],"product_cat":[878,574,579],"product_tag":[],"class_list":{"0":"post-106545","1":"product","2":"type-product","3":"status-publish","4":"has-post-thumbnail","6":"product_cat-djurbehov","7":"product_cat-hundtillbehor","8":"product_cat-hundvagn","10":"first","11":"instock","12":"sale","13":"taxable","14":"shipping-taxable","15":"purchasable","16":"product-type-simple"},"yoast_head":"<!-- This site is optimized with the Yoast SEO plugin v25.4 - https:\/\/yoast.com\/wordpress\/plugins\/seo\/ -->\n<title>TRUUSK Hopf\u00e4llbar Cykelvagn - S\u00e4kerhetsreflektorer - Koppel - F\u00f6r Hundar Upp Till 20 kg - Ljusbl\u00e5 - TRUUSK - Hem, Tr\u00e4dg\u00e5rd &amp; Fritid<\/title>\n<meta name=\"robots\" content=\"index, follow, max-snippet:-1, max-image-preview:large, max-video-preview:-1\" \/>\n<link rel=\"canonical\" href=\"https:\/\/truusk.store\/sv\/produkt\/truusk-hopfallbar-cykelvagn-sakerhetsreflektorer-koppel-for-hundar-upp-till-20-kg-ljusbla\/\" \/>\n<meta property=\"og:locale\" content=\"sv_SE\" \/>\n<meta property=\"og:type\" content=\"article\" \/>\n<meta property=\"og:title\" content=\"TRUUSK Hopf\u00e4llbar Cykelvagn - S\u00e4kerhetsreflektorer - Koppel - F\u00f6r Hundar Upp Till 20 kg - Ljusbl\u00e5 - TRUUSK - Hem, Tr\u00e4dg\u00e5rd &amp; Fritid\" \/>\n<meta property=\"og:description\" content=\"L\u00e4mna inte din lurviga v\u00e4n bakom &#8211; oavsett om det \u00e4r f\u00f6r en kort resa till parken eller ett helg\u00e4ventyr:...\" \/>\n<meta property=\"og:url\" content=\"https:\/\/truusk.store\/sv\/produkt\/truusk-hopfallbar-cykelvagn-sakerhetsreflektorer-koppel-for-hundar-upp-till-20-kg-ljusbla\/\" \/>\n<meta property=\"og:site_name\" content=\"TRUUSK - Hem, Tr\u00e4dg\u00e5rd &amp; Fritid\" \/>\n<meta property=\"article:modified_time\" content=\"2026-03-12T07:53:53+00:00\" \/>\n<meta property=\"og:image\" content=\"https:\/\/i0.wp.com\/truusk.se\/wp-content\/uploads\/2026\/02\/hopfallbar-cykelvagn-med-sakerhetsreflektorer-koppel-for-medelstora-hundar-upp-till-20-kg-143-x-70-x-90-cm-ljusbla-1.webp?fit=2000%2C2000&ssl=1\" \/>\n\t<meta property=\"og:image:width\" content=\"2000\" \/>\n\t<meta property=\"og:image:height\" content=\"2000\" \/>\n\t<meta property=\"og:image:type\" content=\"image\/webp\" \/>\n<meta name=\"twitter:card\" content=\"summary_large_image\" \/>\n<meta name=\"twitter:label1\" content=\"Ber\u00e4knad l\u00e4stid\" \/>\n\t<meta name=\"twitter:data1\" content=\"1 minut\" \/>\n<!-- \/ Yoast SEO plugin. -->","yoast_head_json":{"title":"TRUUSK Hopf\u00e4llbar Cykelvagn - S\u00e4kerhetsreflektorer - Koppel - F\u00f6r Hundar Upp Till 20 kg - Ljusbl\u00e5 - TRUUSK - Hem, Tr\u00e4dg\u00e5rd &amp; Fritid","robots":{"index":"index","follow":"follow","max-snippet":"max-snippet:-1","max-image-preview":"max-image-preview:large","max-video-preview":"max-video-preview:-1"},"canonical":"https:\/\/truusk.store\/sv\/produkt\/truusk-hopfallbar-cykelvagn-sakerhetsreflektorer-koppel-for-hundar-upp-till-20-kg-ljusbla\/","og_locale":"sv_SE","og_type":"article","og_title":"TRUUSK Hopf\u00e4llbar Cykelvagn - S\u00e4kerhetsreflektorer - Koppel - F\u00f6r Hundar Upp Till 20 kg - Ljusbl\u00e5 - TRUUSK - Hem, Tr\u00e4dg\u00e5rd &amp; Fritid","og_description":"L\u00e4mna inte din lurviga v\u00e4n bakom &#8211; oavsett om det \u00e4r f\u00f6r en kort resa till parken eller ett helg\u00e4ventyr:...","og_url":"https:\/\/truusk.store\/sv\/produkt\/truusk-hopfallbar-cykelvagn-sakerhetsreflektorer-koppel-for-hundar-upp-till-20-kg-ljusbla\/","og_site_name":"TRUUSK - Hem, Tr\u00e4dg\u00e5rd &amp; Fritid","article_modified_time":"2026-03-12T07:53:53+00:00","og_image":[{"width":2000,"height":2000,"url":"https:\/\/i0.wp.com\/truusk.se\/wp-content\/uploads\/2026\/02\/hopfallbar-cykelvagn-med-sakerhetsreflektorer-koppel-for-medelstora-hundar-upp-till-20-kg-143-x-70-x-90-cm-ljusbla-1.webp?fit=2000%2C2000&ssl=1","type":"image\/webp"}],"twitter_card":"summary_large_image","twitter_misc":{"Ber\u00e4knad l\u00e4stid":"1 minut"},"schema":{"@context":"https:\/\/schema.org","@graph":[{"@type":"WebPage","@id":"https:\/\/truusk.store\/sv\/produkt\/truusk-hopfallbar-cykelvagn-sakerhetsreflektorer-koppel-for-hundar-upp-till-20-kg-ljusbla\/","url":"https:\/\/truusk.store\/sv\/produkt\/truusk-hopfallbar-cykelvagn-sakerhetsreflektorer-koppel-for-hundar-upp-till-20-kg-ljusbla\/","name":"TRUUSK Hopf\u00e4llbar Cykelvagn - S\u00e4kerhetsreflektorer - Koppel - F\u00f6r Hundar Upp Till 20 kg - Ljusbl\u00e5 - TRUUSK - Hem, Tr\u00e4dg\u00e5rd &amp; Fritid","isPartOf":{"@id":"https:\/\/truusk.store\/sv\/#website"},"primaryImageOfPage":{"@id":"https:\/\/truusk.store\/sv\/produkt\/truusk-hopfallbar-cykelvagn-sakerhetsreflektorer-koppel-for-hundar-upp-till-20-kg-ljusbla\/#primaryimage"},"image":{"@id":"https:\/\/truusk.store\/sv\/produkt\/truusk-hopfallbar-cykelvagn-sakerhetsreflektorer-koppel-for-hundar-upp-till-20-kg-ljusbla\/#primaryimage"},"thumbnailUrl":"https:\/\/i0.wp.com\/truusk.store\/wp-content\/uploads\/2026\/02\/hopfallbar-cykelvagn-med-sakerhetsreflektorer-koppel-for-medelstora-hundar-upp-till-20-kg-143-x-70-x-90-cm-ljusbla-1.webp?fit=2000%2C2000&ssl=1","datePublished":"2026-02-24T06:49:59+00:00","dateModified":"2026-03-12T07:53:53+00:00","breadcrumb":{"@id":"https:\/\/truusk.store\/sv\/produkt\/truusk-hopfallbar-cykelvagn-sakerhetsreflektorer-koppel-for-hundar-upp-till-20-kg-ljusbla\/#breadcrumb"},"inLanguage":"sv-SE","potentialAction":[{"@type":"ReadAction","target":["https:\/\/truusk.store\/sv\/produkt\/truusk-hopfallbar-cykelvagn-sakerhetsreflektorer-koppel-for-hundar-upp-till-20-kg-ljusbla\/"]}]},{"@type":"ImageObject","inLanguage":"sv-SE","@id":"https:\/\/truusk.store\/sv\/produkt\/truusk-hopfallbar-cykelvagn-sakerhetsreflektorer-koppel-for-hundar-upp-till-20-kg-ljusbla\/#primaryimage","url":"https:\/\/i0.wp.com\/truusk.store\/wp-content\/uploads\/2026\/02\/hopfallbar-cykelvagn-med-sakerhetsreflektorer-koppel-for-medelstora-hundar-upp-till-20-kg-143-x-70-x-90-cm-ljusbla-1.webp?fit=2000%2C2000&ssl=1","contentUrl":"https:\/\/i0.wp.com\/truusk.store\/wp-content\/uploads\/2026\/02\/hopfallbar-cykelvagn-med-sakerhetsreflektorer-koppel-for-medelstora-hundar-upp-till-20-kg-143-x-70-x-90-cm-ljusbla-1.webp?fit=2000%2C2000&ssl=1","width":2000,"height":2000},{"@type":"BreadcrumbList","@id":"https:\/\/truusk.store\/sv\/produkt\/truusk-hopfallbar-cykelvagn-sakerhetsreflektorer-koppel-for-hundar-upp-till-20-kg-ljusbla\/#breadcrumb","itemListElement":[{"@type":"ListItem","position":1,"name":"Home","item":"https:\/\/truusk.store\/sv\/"},{"@type":"ListItem","position":2,"name":"Shop","item":"https:\/\/truusk.store\/shop\/"},{"@type":"ListItem","position":3,"name":"TRUUSK Hopf\u00e4llbar Cykelvagn &#8211; S\u00e4kerhetsreflektorer &#8211; Koppel &#8211; F\u00f6r Hundar Upp Till 20 kg &#8211; Ljusbl\u00e5"}]},{"@type":"WebSite","@id":"https:\/\/truusk.store\/sv\/#website","url":"https:\/\/truusk.store\/sv\/","name":"TRUUSK - Hem, Tr\u00e4dg\u00e5rd & Fritid","description":"","publisher":{"@id":"https:\/\/truusk.store\/sv\/#organization"},"potentialAction":[{"@type":"SearchAction","target":{"@type":"EntryPoint","urlTemplate":"https:\/\/truusk.store\/sv\/?s={search_term_string}"},"query-input":{"@type":"PropertyValueSpecification","valueRequired":true,"valueName":"search_term_string"}}],"inLanguage":"sv-SE"},{"@type":"Organization","@id":"https:\/\/truusk.store\/sv\/#organization","name":"TRUUSK - Hem, Tr\u00e4dg\u00e5rd & Fritid","url":"https:\/\/truusk.store\/sv\/","logo":{"@type":"ImageObject","inLanguage":"sv-SE","@id":"https:\/\/truusk.store\/sv\/#\/schema\/logo\/image\/","url":"https:\/\/i0.wp.com\/truusk.store\/wp-content\/uploads\/2026\/03\/cropped-TRUUSK.png?fit=2032%2C917&ssl=1","contentUrl":"https:\/\/i0.wp.com\/truusk.store\/wp-content\/uploads\/2026\/03\/cropped-TRUUSK.png?fit=2032%2C917&ssl=1","width":2032,"height":917,"caption":"TRUUSK - Hem, Tr\u00e4dg\u00e5rd & Fritid"},"image":{"@id":"https:\/\/truusk.store\/sv\/#\/schema\/logo\/image\/"}}]}},"jetpack_sharing_enabled":true,"_links":{"self":[{"href":"https:\/\/truusk.store\/sv\/wp-json\/wp\/v2\/product\/106545","targetHints":{"allow":["GET"]}}],"collection":[{"href":"https:\/\/truusk.store\/sv\/wp-json\/wp\/v2\/product"}],"about":[{"href":"https:\/\/truusk.store\/sv\/wp-json\/wp\/v2\/types\/product"}],"wp:featuredmedia":[{"embeddable":true,"href":"https:\/\/truusk.store\/sv\/wp-json\/wp\/v2\/media\/106533"}],"wp:attachment":[{"href":"https:\/\/truusk.store\/sv\/wp-json\/wp\/v2\/media?parent=106545"}],"wp:term":[{"taxonomy":"product_brand","embeddable":true,"href":"https:\/\/truusk.store\/sv\/wp-json\/wp\/v2\/product_brand?post=106545"},{"taxonomy":"product_cat","embeddable":true,"href":"https:\/\/truusk.store\/sv\/wp-json\/wp\/v2\/product_cat?post=106545"},{"taxonomy":"product_tag","embeddable":true,"href":"https:\/\/truusk.store\/sv\/wp-json\/wp\/v2\/product_tag?post=106545"}],"curies":[{"name":"wp","href":"https:\/\/api.w.org\/{rel}","templated":true}]}}