{"id":106556,"date":"2026-02-24T07:51:11","date_gmt":"2026-02-24T06:51:11","guid":{"rendered":"https:\/\/truusk.store\/product\/hopfallbar-hundvagn-med-reflektorer-mesh-fonster-hjul-dorr-sakerhetsflagga-for-hundar-upp-till-20-kg-138x70x89-cm-bla\/"},"modified":"2026-03-12T08:53:54","modified_gmt":"2026-03-12T07:53:54","slug":"truusk-hopfallbar-hundvagn-reflektorer-mesh-fonster-hjul-dorr-sakerhetsflagga-for-hundar-upp-till-20-kg-bla","status":"publish","type":"product","link":"https:\/\/truusk.store\/sv\/produkt\/truusk-hopfallbar-hundvagn-reflektorer-mesh-fonster-hjul-dorr-sakerhetsflagga-for-hundar-upp-till-20-kg-bla\/","title":{"rendered":"TRUUSK Hopf\u00e4llbar Hundvagn &#8211; Reflektorer &#8211; Mesh-f\u00f6nster &#8211; Hjul &#8211; D\u00f6rr &#8211; S\u00e4kerhetsflagga &#8211; F\u00f6r Hundar Upp Till 20 Kg &#8211; Bl\u00e5"},"content":{"rendered":"<p>\u00c4r du tr\u00f6tt p\u00e5 att l\u00e4mna din fyrbenta v\u00e4n hemma n\u00e4r du cyklar? [BRAND NAME] hundcykelvagn f\u00f6r husdjur \u00e4ndrar allt. Den kan enkelt f\u00e4stas p\u00e5 din cykel, och tack vare dess smidiga hjul och den rymliga, l\u00e4ttillg\u00e4ngliga kabinen kommer din \u00e4lskling att njuta av varje \u00e4ventyr till fullo. Gemensamma utflykter och vackra turer \u00e4r nu m\u00f6jliga n\u00e4r som helst.<\/p>\n<p>Beskrivning:<\/p>\n<ul>\n<li> Universellt f\u00e4ste passar f\u00f6r 22&#8243;-28&#8243; hjul, vilket g\u00f6r installationen snabb och okomplicerad<\/li>\n<li> Tv\u00e5 20&#8243; hjul absorberar oj\u00e4mnheter och ger en mycket mjukare \u00e5ktur<\/li>\n<li> Har en rymlig kabin med sluttande rygg, som ger komfort f\u00f6r husdjur<\/li>\n<li> Stora meshf\u00f6nster ger utm\u00e4rkt luftcirkulation f\u00f6r husdjur<\/li>\n<li> Inneh\u00e5ller reflexer, en flagga och en koppel f\u00f6r att garantera h\u00f6g synlighet och s\u00e4kerhet<\/li>\n<li> Kan snabbt demonteras f\u00f6r kompakt f\u00f6rvaring hemma eller i bilen<\/li>\n<li> Montering kr\u00e4vs<\/li>\n<\/ul>\n<p> Tekniska specifikationer:<\/p>\n<ul>\n<li> F\u00e4rg: Bl\u00e5+Svart<\/li>\n<li> Material: Oxford-tyg, Polyester, St\u00e5l<\/li>\n<li> Totala dimensioner: 138L x 70B x 89H cm<\/li>\n<li> Kabinens dimensioner: 78L x 55B x 63H cm<\/li>\n<li> Demonterade dimensioner: 78L x 57B x 23H cm<\/li>\n<li> Hjulstorlek: \u00d820&#8243;<\/li>\n<li> Lastkapacitet: 20 kg<\/li>\n<li> L\u00e4mplig f\u00f6r cykel: 22&#8243;-28&#8243; (bakhjul)<\/li>\n<\/ul>\n<p>Leverans inneh\u00e5ller:<\/p>\n<ul>\n<li> 1 x Hundvagn f\u00f6r cykel<\/li>\n<li> 1 x Instruktioner<\/li>\n<\/ul>\n","protected":false},"excerpt":{"rendered":"<p>\u00c4r du tr\u00f6tt p\u00e5 att l\u00e4mna din fyrbenta v\u00e4n hemma n\u00e4r du cyklar? [BRAND NAME] hundcykelvagn f\u00f6r husdjur \u00e4ndrar allt&#8230;.<\/p>\n","protected":false},"featured_media":106544,"template":"","meta":[],"product_brand":[],"product_cat":[895,574,579],"product_tag":[],"class_list":{"0":"post-106556","1":"product","2":"type-product","3":"status-publish","4":"has-post-thumbnail","6":"product_cat-djurutrustning","7":"product_cat-hundtillbehor","8":"product_cat-hundvagn","10":"first","11":"instock","12":"sale","13":"taxable","14":"shipping-taxable","15":"purchasable","16":"product-type-simple"},"yoast_head":"<!-- This site is optimized with the Yoast SEO plugin v25.4 - https:\/\/yoast.com\/wordpress\/plugins\/seo\/ -->\n<title>TRUUSK Hopf\u00e4llbar Hundvagn - Reflektorer - Mesh-f\u00f6nster - Hjul - D\u00f6rr - S\u00e4kerhetsflagga - F\u00f6r Hundar Upp Till 20 Kg - Bl\u00e5 - TRUUSK - Hem, Tr\u00e4dg\u00e5rd &amp; Fritid<\/title>\n<meta name=\"robots\" content=\"index, follow, max-snippet:-1, max-image-preview:large, max-video-preview:-1\" \/>\n<link rel=\"canonical\" href=\"https:\/\/truusk.store\/sv\/produkt\/truusk-hopfallbar-hundvagn-reflektorer-mesh-fonster-hjul-dorr-sakerhetsflagga-for-hundar-upp-till-20-kg-bla\/\" \/>\n<meta property=\"og:locale\" content=\"sv_SE\" \/>\n<meta property=\"og:type\" content=\"article\" \/>\n<meta property=\"og:title\" content=\"TRUUSK Hopf\u00e4llbar Hundvagn - Reflektorer - Mesh-f\u00f6nster - Hjul - D\u00f6rr - S\u00e4kerhetsflagga - F\u00f6r Hundar Upp Till 20 Kg - Bl\u00e5 - TRUUSK - Hem, Tr\u00e4dg\u00e5rd &amp; Fritid\" \/>\n<meta property=\"og:description\" content=\"\u00c4r du tr\u00f6tt p\u00e5 att l\u00e4mna din fyrbenta v\u00e4n hemma n\u00e4r du cyklar? [BRAND NAME] hundcykelvagn f\u00f6r husdjur \u00e4ndrar allt....\" \/>\n<meta property=\"og:url\" content=\"https:\/\/truusk.store\/sv\/produkt\/truusk-hopfallbar-hundvagn-reflektorer-mesh-fonster-hjul-dorr-sakerhetsflagga-for-hundar-upp-till-20-kg-bla\/\" \/>\n<meta property=\"og:site_name\" content=\"TRUUSK - Hem, Tr\u00e4dg\u00e5rd &amp; Fritid\" \/>\n<meta property=\"article:modified_time\" content=\"2026-03-12T07:53:54+00:00\" \/>\n<meta property=\"og:image\" content=\"https:\/\/i0.wp.com\/truusk.se\/wp-content\/uploads\/2026\/02\/hopfallbar-hundvagn-med-reflektorer-mesh-fonster-hjul-dorr-sakerhetsflagga-for-hundar-upp-till-20-kg-138x70x89-cm-bla-1.webp?fit=2000%2C2000&ssl=1\" \/>\n\t<meta property=\"og:image:width\" content=\"2000\" \/>\n\t<meta property=\"og:image:height\" content=\"2000\" \/>\n\t<meta property=\"og:image:type\" content=\"image\/webp\" \/>\n<meta name=\"twitter:card\" content=\"summary_large_image\" \/>\n<meta name=\"twitter:label1\" content=\"Ber\u00e4knad l\u00e4stid\" \/>\n\t<meta name=\"twitter:data1\" content=\"1 minut\" \/>\n<!-- \/ Yoast SEO plugin. -->","yoast_head_json":{"title":"TRUUSK Hopf\u00e4llbar Hundvagn - Reflektorer - Mesh-f\u00f6nster - Hjul - D\u00f6rr - S\u00e4kerhetsflagga - F\u00f6r Hundar Upp Till 20 Kg - Bl\u00e5 - TRUUSK - Hem, Tr\u00e4dg\u00e5rd &amp; Fritid","robots":{"index":"index","follow":"follow","max-snippet":"max-snippet:-1","max-image-preview":"max-image-preview:large","max-video-preview":"max-video-preview:-1"},"canonical":"https:\/\/truusk.store\/sv\/produkt\/truusk-hopfallbar-hundvagn-reflektorer-mesh-fonster-hjul-dorr-sakerhetsflagga-for-hundar-upp-till-20-kg-bla\/","og_locale":"sv_SE","og_type":"article","og_title":"TRUUSK Hopf\u00e4llbar Hundvagn - Reflektorer - Mesh-f\u00f6nster - Hjul - D\u00f6rr - S\u00e4kerhetsflagga - F\u00f6r Hundar Upp Till 20 Kg - Bl\u00e5 - TRUUSK - Hem, Tr\u00e4dg\u00e5rd &amp; Fritid","og_description":"\u00c4r du tr\u00f6tt p\u00e5 att l\u00e4mna din fyrbenta v\u00e4n hemma n\u00e4r du cyklar? [BRAND NAME] hundcykelvagn f\u00f6r husdjur \u00e4ndrar allt....","og_url":"https:\/\/truusk.store\/sv\/produkt\/truusk-hopfallbar-hundvagn-reflektorer-mesh-fonster-hjul-dorr-sakerhetsflagga-for-hundar-upp-till-20-kg-bla\/","og_site_name":"TRUUSK - Hem, Tr\u00e4dg\u00e5rd &amp; Fritid","article_modified_time":"2026-03-12T07:53:54+00:00","og_image":[{"width":2000,"height":2000,"url":"https:\/\/i0.wp.com\/truusk.se\/wp-content\/uploads\/2026\/02\/hopfallbar-hundvagn-med-reflektorer-mesh-fonster-hjul-dorr-sakerhetsflagga-for-hundar-upp-till-20-kg-138x70x89-cm-bla-1.webp?fit=2000%2C2000&ssl=1","type":"image\/webp"}],"twitter_card":"summary_large_image","twitter_misc":{"Ber\u00e4knad l\u00e4stid":"1 minut"},"schema":{"@context":"https:\/\/schema.org","@graph":[{"@type":"WebPage","@id":"https:\/\/truusk.store\/sv\/produkt\/truusk-hopfallbar-hundvagn-reflektorer-mesh-fonster-hjul-dorr-sakerhetsflagga-for-hundar-upp-till-20-kg-bla\/","url":"https:\/\/truusk.store\/sv\/produkt\/truusk-hopfallbar-hundvagn-reflektorer-mesh-fonster-hjul-dorr-sakerhetsflagga-for-hundar-upp-till-20-kg-bla\/","name":"TRUUSK Hopf\u00e4llbar Hundvagn - Reflektorer - Mesh-f\u00f6nster - Hjul - D\u00f6rr - S\u00e4kerhetsflagga - F\u00f6r Hundar Upp Till 20 Kg - Bl\u00e5 - TRUUSK - Hem, Tr\u00e4dg\u00e5rd &amp; Fritid","isPartOf":{"@id":"https:\/\/truusk.store\/sv\/#website"},"primaryImageOfPage":{"@id":"https:\/\/truusk.store\/sv\/produkt\/truusk-hopfallbar-hundvagn-reflektorer-mesh-fonster-hjul-dorr-sakerhetsflagga-for-hundar-upp-till-20-kg-bla\/#primaryimage"},"image":{"@id":"https:\/\/truusk.store\/sv\/produkt\/truusk-hopfallbar-hundvagn-reflektorer-mesh-fonster-hjul-dorr-sakerhetsflagga-for-hundar-upp-till-20-kg-bla\/#primaryimage"},"thumbnailUrl":"https:\/\/i0.wp.com\/truusk.store\/wp-content\/uploads\/2026\/02\/hopfallbar-hundvagn-med-reflektorer-mesh-fonster-hjul-dorr-sakerhetsflagga-for-hundar-upp-till-20-kg-138x70x89-cm-bla-1.webp?fit=2000%2C2000&ssl=1","datePublished":"2026-02-24T06:51:11+00:00","dateModified":"2026-03-12T07:53:54+00:00","breadcrumb":{"@id":"https:\/\/truusk.store\/sv\/produkt\/truusk-hopfallbar-hundvagn-reflektorer-mesh-fonster-hjul-dorr-sakerhetsflagga-for-hundar-upp-till-20-kg-bla\/#breadcrumb"},"inLanguage":"sv-SE","potentialAction":[{"@type":"ReadAction","target":["https:\/\/truusk.store\/sv\/produkt\/truusk-hopfallbar-hundvagn-reflektorer-mesh-fonster-hjul-dorr-sakerhetsflagga-for-hundar-upp-till-20-kg-bla\/"]}]},{"@type":"ImageObject","inLanguage":"sv-SE","@id":"https:\/\/truusk.store\/sv\/produkt\/truusk-hopfallbar-hundvagn-reflektorer-mesh-fonster-hjul-dorr-sakerhetsflagga-for-hundar-upp-till-20-kg-bla\/#primaryimage","url":"https:\/\/i0.wp.com\/truusk.store\/wp-content\/uploads\/2026\/02\/hopfallbar-hundvagn-med-reflektorer-mesh-fonster-hjul-dorr-sakerhetsflagga-for-hundar-upp-till-20-kg-138x70x89-cm-bla-1.webp?fit=2000%2C2000&ssl=1","contentUrl":"https:\/\/i0.wp.com\/truusk.store\/wp-content\/uploads\/2026\/02\/hopfallbar-hundvagn-med-reflektorer-mesh-fonster-hjul-dorr-sakerhetsflagga-for-hundar-upp-till-20-kg-138x70x89-cm-bla-1.webp?fit=2000%2C2000&ssl=1","width":2000,"height":2000},{"@type":"BreadcrumbList","@id":"https:\/\/truusk.store\/sv\/produkt\/truusk-hopfallbar-hundvagn-reflektorer-mesh-fonster-hjul-dorr-sakerhetsflagga-for-hundar-upp-till-20-kg-bla\/#breadcrumb","itemListElement":[{"@type":"ListItem","position":1,"name":"Home","item":"https:\/\/truusk.store\/sv\/"},{"@type":"ListItem","position":2,"name":"Shop","item":"https:\/\/truusk.store\/shop\/"},{"@type":"ListItem","position":3,"name":"TRUUSK Hopf\u00e4llbar Hundvagn &#8211; Reflektorer &#8211; Mesh-f\u00f6nster &#8211; Hjul &#8211; D\u00f6rr &#8211; S\u00e4kerhetsflagga &#8211; F\u00f6r Hundar Upp Till 20 Kg &#8211; Bl\u00e5"}]},{"@type":"WebSite","@id":"https:\/\/truusk.store\/sv\/#website","url":"https:\/\/truusk.store\/sv\/","name":"TRUUSK - Hem, Tr\u00e4dg\u00e5rd & Fritid","description":"","publisher":{"@id":"https:\/\/truusk.store\/sv\/#organization"},"potentialAction":[{"@type":"SearchAction","target":{"@type":"EntryPoint","urlTemplate":"https:\/\/truusk.store\/sv\/?s={search_term_string}"},"query-input":{"@type":"PropertyValueSpecification","valueRequired":true,"valueName":"search_term_string"}}],"inLanguage":"sv-SE"},{"@type":"Organization","@id":"https:\/\/truusk.store\/sv\/#organization","name":"TRUUSK - Hem, Tr\u00e4dg\u00e5rd & Fritid","url":"https:\/\/truusk.store\/sv\/","logo":{"@type":"ImageObject","inLanguage":"sv-SE","@id":"https:\/\/truusk.store\/sv\/#\/schema\/logo\/image\/","url":"https:\/\/i0.wp.com\/truusk.store\/wp-content\/uploads\/2026\/03\/cropped-TRUUSK.png?fit=2032%2C917&ssl=1","contentUrl":"https:\/\/i0.wp.com\/truusk.store\/wp-content\/uploads\/2026\/03\/cropped-TRUUSK.png?fit=2032%2C917&ssl=1","width":2032,"height":917,"caption":"TRUUSK - Hem, Tr\u00e4dg\u00e5rd & Fritid"},"image":{"@id":"https:\/\/truusk.store\/sv\/#\/schema\/logo\/image\/"}}]}},"jetpack_sharing_enabled":true,"_links":{"self":[{"href":"https:\/\/truusk.store\/sv\/wp-json\/wp\/v2\/product\/106556","targetHints":{"allow":["GET"]}}],"collection":[{"href":"https:\/\/truusk.store\/sv\/wp-json\/wp\/v2\/product"}],"about":[{"href":"https:\/\/truusk.store\/sv\/wp-json\/wp\/v2\/types\/product"}],"wp:featuredmedia":[{"embeddable":true,"href":"https:\/\/truusk.store\/sv\/wp-json\/wp\/v2\/media\/106544"}],"wp:attachment":[{"href":"https:\/\/truusk.store\/sv\/wp-json\/wp\/v2\/media?parent=106556"}],"wp:term":[{"taxonomy":"product_brand","embeddable":true,"href":"https:\/\/truusk.store\/sv\/wp-json\/wp\/v2\/product_brand?post=106556"},{"taxonomy":"product_cat","embeddable":true,"href":"https:\/\/truusk.store\/sv\/wp-json\/wp\/v2\/product_cat?post=106556"},{"taxonomy":"product_tag","embeddable":true,"href":"https:\/\/truusk.store\/sv\/wp-json\/wp\/v2\/product_tag?post=106556"}],"curies":[{"name":"wp","href":"https:\/\/api.w.org\/{rel}","templated":true}]}}