{"id":106575,"date":"2026-02-24T07:52:45","date_gmt":"2026-02-24T06:52:45","guid":{"rendered":"https:\/\/truusk.store\/product\/cykelvagn-170-liter-cykellastvagn-med-koppling-tackplan-51-cm-snabbkoppling-luftdack-upp-till-40-kg\/"},"modified":"2026-03-12T08:53:54","modified_gmt":"2026-03-12T07:53:54","slug":"truusk-cykelvagn-170-liter-med-koppling-tackplan-51-cm-luftdack-upp-till-40-kg","status":"publish","type":"product","link":"https:\/\/truusk.store\/sv\/produkt\/truusk-cykelvagn-170-liter-med-koppling-tackplan-51-cm-luftdack-upp-till-40-kg\/","title":{"rendered":"TRUUSK Cykelvagn 170 Liter &#8211; Med Koppling &#8211; T\u00e4ckplan 51 Cm &#8211; Luftd\u00e4ck Upp Till 40 Kg"},"content":{"rendered":"<p>Denna h\u00f6gkvalitativa cykelvagn passar cyklar med 22&#8243;-28&#8243; bakhjulsdiameter. Med en 170L transportl\u00e5da erbjuder den mycket utrymme f\u00f6r livsmedel. Ett r\u00f6tt lock skyddar mot regn. Den robusta st\u00e5lramen garanterar h\u00e5llbarhet och kvalitet. Oavsett om det \u00e4r f\u00f6r shopping eller camping \u00e4r denna praktiska sl\u00e4pvagn den perfekta f\u00f6ljeslagaren.<\/p>\n<p>Beskrivning:<\/p>\n<ul>\n<li> Kan f\u00e4stas p\u00e5 cyklar med en bakhjulsdiameter p\u00e5 22&#8243;-28&#8243;<\/li>\n<li> Har en rymlig 170L Oxford-beh\u00e5llare<\/li>\n<li> Utrustad med 2 hjul f\u00f6r f\u00f6rb\u00e4ttrad transport och \u00f6kad b\u00e4rkapacitet<\/li>\n<li> Snabbsp\u00e4nnhjul erbjuder praktisk lagring och organisering av dina tillbeh\u00f6r<\/li>\n<li> Gula reflexer p\u00e5 lastvagnen f\u00f6r \u00f6kad s\u00e4kerhet<\/li>\n<li> 600D Oxford-tygskydd skyddar mot regn<\/li>\n<li> Enkel montering kr\u00e4vs<\/li>\n<\/ul>\n<p> Tekniska data:<\/p>\n<ul>\n<li> F\u00e4rg: Svart+R\u00f6d<\/li>\n<li> Material: St\u00e5l, Oxfordtyg<\/li>\n<li> Totala dimensioner: 143L x 74B x 71H cm<\/li>\n<li> Storlek p\u00e5 lastutrymmet: 78L x 57B x 38\/45H cm<\/li>\n<li> Hjulstorlek: \u00d820&#8243;<\/li>\n<li> Maximal belastning: 40 kg<\/li>\n<\/ul>\n<p>Leveransinneh\u00e5ll:<\/p>\n<ul>\n<li> 1 x Lagertrailer<\/li>\n<li> 1 x Bruksanvisning<\/li>\n<\/ul>\n","protected":false},"excerpt":{"rendered":"<p>Denna h\u00f6gkvalitativa cykelvagn passar cyklar med 22&#8243;-28&#8243; bakhjulsdiameter. Med en 170L transportl\u00e5da erbjuder den mycket utrymme f\u00f6r livsmedel. Ett r\u00f6tt&#8230;<\/p>\n","protected":false},"featured_media":106561,"template":"","meta":[],"product_brand":[],"product_cat":[652,653,647],"product_tag":[],"class_list":{"0":"post-106575","1":"product","2":"type-product","3":"status-publish","4":"has-post-thumbnail","6":"product_cat-cykel","7":"product_cat-cykelvagn","8":"product_cat-sport-fritid","10":"first","11":"instock","12":"sale","13":"taxable","14":"shipping-taxable","15":"purchasable","16":"product-type-simple"},"yoast_head":"<!-- This site is optimized with the Yoast SEO plugin v25.4 - https:\/\/yoast.com\/wordpress\/plugins\/seo\/ -->\n<title>TRUUSK Cykelvagn 170 Liter - Med Koppling - T\u00e4ckplan 51 Cm - Luftd\u00e4ck Upp Till 40 Kg - TRUUSK - Hem, Tr\u00e4dg\u00e5rd &amp; Fritid<\/title>\n<meta name=\"robots\" content=\"index, follow, max-snippet:-1, max-image-preview:large, max-video-preview:-1\" \/>\n<link rel=\"canonical\" href=\"https:\/\/truusk.store\/sv\/produkt\/truusk-cykelvagn-170-liter-med-koppling-tackplan-51-cm-luftdack-upp-till-40-kg\/\" \/>\n<meta property=\"og:locale\" content=\"sv_SE\" \/>\n<meta property=\"og:type\" content=\"article\" \/>\n<meta property=\"og:title\" content=\"TRUUSK Cykelvagn 170 Liter - Med Koppling - T\u00e4ckplan 51 Cm - Luftd\u00e4ck Upp Till 40 Kg - TRUUSK - Hem, Tr\u00e4dg\u00e5rd &amp; Fritid\" \/>\n<meta property=\"og:description\" content=\"Denna h\u00f6gkvalitativa cykelvagn passar cyklar med 22&#8243;-28&#8243; bakhjulsdiameter. Med en 170L transportl\u00e5da erbjuder den mycket utrymme f\u00f6r livsmedel. Ett r\u00f6tt...\" \/>\n<meta property=\"og:url\" content=\"https:\/\/truusk.store\/sv\/produkt\/truusk-cykelvagn-170-liter-med-koppling-tackplan-51-cm-luftdack-upp-till-40-kg\/\" \/>\n<meta property=\"og:site_name\" content=\"TRUUSK - Hem, Tr\u00e4dg\u00e5rd &amp; Fritid\" \/>\n<meta property=\"article:modified_time\" content=\"2026-03-12T07:53:54+00:00\" \/>\n<meta property=\"og:image\" content=\"https:\/\/i0.wp.com\/truusk.se\/wp-content\/uploads\/2026\/02\/cykelvagn-170-liter-cykellastvagn-med-koppling-tackplan-51-cm-snabbkoppling-luftdack-upp-till-40-kg-1.webp?fit=2000%2C2000&ssl=1\" \/>\n\t<meta property=\"og:image:width\" content=\"2000\" \/>\n\t<meta property=\"og:image:height\" content=\"2000\" \/>\n\t<meta property=\"og:image:type\" content=\"image\/webp\" \/>\n<meta name=\"twitter:card\" content=\"summary_large_image\" \/>\n<meta name=\"twitter:label1\" content=\"Ber\u00e4knad l\u00e4stid\" \/>\n\t<meta name=\"twitter:data1\" content=\"1 minut\" \/>\n<!-- \/ Yoast SEO plugin. -->","yoast_head_json":{"title":"TRUUSK Cykelvagn 170 Liter - Med Koppling - T\u00e4ckplan 51 Cm - Luftd\u00e4ck Upp Till 40 Kg - TRUUSK - Hem, Tr\u00e4dg\u00e5rd &amp; Fritid","robots":{"index":"index","follow":"follow","max-snippet":"max-snippet:-1","max-image-preview":"max-image-preview:large","max-video-preview":"max-video-preview:-1"},"canonical":"https:\/\/truusk.store\/sv\/produkt\/truusk-cykelvagn-170-liter-med-koppling-tackplan-51-cm-luftdack-upp-till-40-kg\/","og_locale":"sv_SE","og_type":"article","og_title":"TRUUSK Cykelvagn 170 Liter - Med Koppling - T\u00e4ckplan 51 Cm - Luftd\u00e4ck Upp Till 40 Kg - TRUUSK - Hem, Tr\u00e4dg\u00e5rd &amp; Fritid","og_description":"Denna h\u00f6gkvalitativa cykelvagn passar cyklar med 22&#8243;-28&#8243; bakhjulsdiameter. Med en 170L transportl\u00e5da erbjuder den mycket utrymme f\u00f6r livsmedel. Ett r\u00f6tt...","og_url":"https:\/\/truusk.store\/sv\/produkt\/truusk-cykelvagn-170-liter-med-koppling-tackplan-51-cm-luftdack-upp-till-40-kg\/","og_site_name":"TRUUSK - Hem, Tr\u00e4dg\u00e5rd &amp; Fritid","article_modified_time":"2026-03-12T07:53:54+00:00","og_image":[{"width":2000,"height":2000,"url":"https:\/\/i0.wp.com\/truusk.se\/wp-content\/uploads\/2026\/02\/cykelvagn-170-liter-cykellastvagn-med-koppling-tackplan-51-cm-snabbkoppling-luftdack-upp-till-40-kg-1.webp?fit=2000%2C2000&ssl=1","type":"image\/webp"}],"twitter_card":"summary_large_image","twitter_misc":{"Ber\u00e4knad l\u00e4stid":"1 minut"},"schema":{"@context":"https:\/\/schema.org","@graph":[{"@type":"WebPage","@id":"https:\/\/truusk.store\/sv\/produkt\/truusk-cykelvagn-170-liter-med-koppling-tackplan-51-cm-luftdack-upp-till-40-kg\/","url":"https:\/\/truusk.store\/sv\/produkt\/truusk-cykelvagn-170-liter-med-koppling-tackplan-51-cm-luftdack-upp-till-40-kg\/","name":"TRUUSK Cykelvagn 170 Liter - Med Koppling - T\u00e4ckplan 51 Cm - Luftd\u00e4ck Upp Till 40 Kg - TRUUSK - Hem, Tr\u00e4dg\u00e5rd &amp; Fritid","isPartOf":{"@id":"https:\/\/truusk.store\/sv\/#website"},"primaryImageOfPage":{"@id":"https:\/\/truusk.store\/sv\/produkt\/truusk-cykelvagn-170-liter-med-koppling-tackplan-51-cm-luftdack-upp-till-40-kg\/#primaryimage"},"image":{"@id":"https:\/\/truusk.store\/sv\/produkt\/truusk-cykelvagn-170-liter-med-koppling-tackplan-51-cm-luftdack-upp-till-40-kg\/#primaryimage"},"thumbnailUrl":"https:\/\/i0.wp.com\/truusk.store\/wp-content\/uploads\/2026\/02\/cykelvagn-170-liter-cykellastvagn-med-koppling-tackplan-51-cm-snabbkoppling-luftdack-upp-till-40-kg-1.webp?fit=2000%2C2000&ssl=1","datePublished":"2026-02-24T06:52:45+00:00","dateModified":"2026-03-12T07:53:54+00:00","breadcrumb":{"@id":"https:\/\/truusk.store\/sv\/produkt\/truusk-cykelvagn-170-liter-med-koppling-tackplan-51-cm-luftdack-upp-till-40-kg\/#breadcrumb"},"inLanguage":"sv-SE","potentialAction":[{"@type":"ReadAction","target":["https:\/\/truusk.store\/sv\/produkt\/truusk-cykelvagn-170-liter-med-koppling-tackplan-51-cm-luftdack-upp-till-40-kg\/"]}]},{"@type":"ImageObject","inLanguage":"sv-SE","@id":"https:\/\/truusk.store\/sv\/produkt\/truusk-cykelvagn-170-liter-med-koppling-tackplan-51-cm-luftdack-upp-till-40-kg\/#primaryimage","url":"https:\/\/i0.wp.com\/truusk.store\/wp-content\/uploads\/2026\/02\/cykelvagn-170-liter-cykellastvagn-med-koppling-tackplan-51-cm-snabbkoppling-luftdack-upp-till-40-kg-1.webp?fit=2000%2C2000&ssl=1","contentUrl":"https:\/\/i0.wp.com\/truusk.store\/wp-content\/uploads\/2026\/02\/cykelvagn-170-liter-cykellastvagn-med-koppling-tackplan-51-cm-snabbkoppling-luftdack-upp-till-40-kg-1.webp?fit=2000%2C2000&ssl=1","width":2000,"height":2000},{"@type":"BreadcrumbList","@id":"https:\/\/truusk.store\/sv\/produkt\/truusk-cykelvagn-170-liter-med-koppling-tackplan-51-cm-luftdack-upp-till-40-kg\/#breadcrumb","itemListElement":[{"@type":"ListItem","position":1,"name":"Home","item":"https:\/\/truusk.store\/sv\/"},{"@type":"ListItem","position":2,"name":"Shop","item":"https:\/\/truusk.store\/shop\/"},{"@type":"ListItem","position":3,"name":"TRUUSK Cykelvagn 170 Liter &#8211; Med Koppling &#8211; T\u00e4ckplan 51 Cm &#8211; Luftd\u00e4ck Upp Till 40 Kg"}]},{"@type":"WebSite","@id":"https:\/\/truusk.store\/sv\/#website","url":"https:\/\/truusk.store\/sv\/","name":"TRUUSK - Hem, Tr\u00e4dg\u00e5rd & Fritid","description":"","publisher":{"@id":"https:\/\/truusk.store\/sv\/#organization"},"potentialAction":[{"@type":"SearchAction","target":{"@type":"EntryPoint","urlTemplate":"https:\/\/truusk.store\/sv\/?s={search_term_string}"},"query-input":{"@type":"PropertyValueSpecification","valueRequired":true,"valueName":"search_term_string"}}],"inLanguage":"sv-SE"},{"@type":"Organization","@id":"https:\/\/truusk.store\/sv\/#organization","name":"TRUUSK - Hem, Tr\u00e4dg\u00e5rd & Fritid","url":"https:\/\/truusk.store\/sv\/","logo":{"@type":"ImageObject","inLanguage":"sv-SE","@id":"https:\/\/truusk.store\/sv\/#\/schema\/logo\/image\/","url":"https:\/\/i0.wp.com\/truusk.store\/wp-content\/uploads\/2026\/03\/cropped-TRUUSK.png?fit=2032%2C917&ssl=1","contentUrl":"https:\/\/i0.wp.com\/truusk.store\/wp-content\/uploads\/2026\/03\/cropped-TRUUSK.png?fit=2032%2C917&ssl=1","width":2032,"height":917,"caption":"TRUUSK - Hem, Tr\u00e4dg\u00e5rd & Fritid"},"image":{"@id":"https:\/\/truusk.store\/sv\/#\/schema\/logo\/image\/"}}]}},"jetpack_sharing_enabled":true,"_links":{"self":[{"href":"https:\/\/truusk.store\/sv\/wp-json\/wp\/v2\/product\/106575","targetHints":{"allow":["GET"]}}],"collection":[{"href":"https:\/\/truusk.store\/sv\/wp-json\/wp\/v2\/product"}],"about":[{"href":"https:\/\/truusk.store\/sv\/wp-json\/wp\/v2\/types\/product"}],"wp:featuredmedia":[{"embeddable":true,"href":"https:\/\/truusk.store\/sv\/wp-json\/wp\/v2\/media\/106561"}],"wp:attachment":[{"href":"https:\/\/truusk.store\/sv\/wp-json\/wp\/v2\/media?parent=106575"}],"wp:term":[{"taxonomy":"product_brand","embeddable":true,"href":"https:\/\/truusk.store\/sv\/wp-json\/wp\/v2\/product_brand?post=106575"},{"taxonomy":"product_cat","embeddable":true,"href":"https:\/\/truusk.store\/sv\/wp-json\/wp\/v2\/product_cat?post=106575"},{"taxonomy":"product_tag","embeddable":true,"href":"https:\/\/truusk.store\/sv\/wp-json\/wp\/v2\/product_tag?post=106575"}],"curies":[{"name":"wp","href":"https:\/\/api.w.org\/{rel}","templated":true}]}}