{"id":106606,"date":"2026-02-24T07:55:51","date_gmt":"2026-02-24T06:55:51","guid":{"rendered":"https:\/\/truusk.store\/product\/runt-matbord-for-4-personer-koksbord-i-industriell-stil-med-stalbens-for-matsal-kok-rustikt-brun\/"},"modified":"2026-03-12T08:53:57","modified_gmt":"2026-03-12T07:53:57","slug":"truusk-matbord-for-4-personer-industriell-stil-med-stalbens-rustikt-brun-for-matsal-kok-130-cm","status":"publish","type":"product","link":"https:\/\/truusk.store\/sv\/produkt\/truusk-matbord-for-4-personer-industriell-stil-med-stalbens-rustikt-brun-for-matsal-kok-130-cm\/","title":{"rendered":"TRUUSK Matbord f\u00f6r 4 personer &#8211; Industriell stil med st\u00e5lbens &#8211; Rustikt brun &#8211; F\u00f6r matsal, k\u00f6k &#8211; 130 cm"},"content":{"rendered":"<p>Detta runda matbord har en yta i tr\u00e4look och de i\u00f6gonfallande X-benen erbjuder en perfekt blandning av komfort och stil. K\u00f6ksbordet f\u00f6r fyra personer \u00e4r utm\u00e4rkt f\u00f6r en avslappnad brunch, livliga spelkv\u00e4llar eller en middag vid levande ljus. Tack vare justerbara fotdynor f\u00f6rblir det stabilt \u00e4ven p\u00e5 oj\u00e4mna golv.<\/p>\n<p>Beskrivning:<\/p>\n<ul>\n<li> Den rustika tr\u00e4looken p\u00e5 bordsskivan och de svarta korsbenen utstr\u00e5lar industriell charm<\/li>\n<li> Det 100 cm breda, runda bordet rymmer fyra personer, perfekt f\u00f6r familjem\u00e5ltider<\/li>\n<li> Den rept\u00e5liga ytan st\u00e5r emot daglig anv\u00e4ndning<\/li>\n<li> Det pulverlackerade st\u00e5lramen ger st\u00f6d och stabilitet<\/li>\n<li> Justerbara f\u00f6tter ger stabilitet, \u00e4ven p\u00e5 oj\u00e4mna golv<\/li>\n<li> Idealisk f\u00f6r k\u00f6ket, matplatsen, vardagsrummet eller hemmakontoret<\/li>\n<li> Snabb montering med tydliga instruktioner och inkluderade verktyg<\/li>\n<\/ul>\n<p> Tekniska data:<\/p>\n<ul>\n<li> F\u00e4rg: Rustik brun<\/li>\n<li> Material: Sp\u00e5nskiva, st\u00e5l<\/li>\n<li> Totala dimensioner: \u00d8100 x 75H cm<\/li>\n<li> B\u00e4rkapacitet: 40 kg<\/li>\n<\/ul>\n<p>Leveransinneh\u00e5ll:<\/p>\n<ul>\n<li> 1 x Matbord<\/li>\n<li> 1 x Handbok<\/li>\n<\/ul>\n","protected":false},"excerpt":{"rendered":"<p>Detta runda matbord har en yta i tr\u00e4look och de i\u00f6gonfallande X-benen erbjuder en perfekt blandning av komfort och stil&#8230;.<\/p>\n","protected":false},"featured_media":106594,"template":"","meta":[],"product_brand":[],"product_cat":[871,889,509],"product_tag":[],"class_list":{"0":"post-106606","1":"product","2":"type-product","3":"status-publish","4":"has-post-thumbnail","6":"product_cat-hus-hem","7":"product_cat-kok-matsal","8":"product_cat-matbord","10":"first","11":"instock","12":"sale","13":"taxable","14":"shipping-taxable","15":"purchasable","16":"product-type-simple"},"yoast_head":"<!-- This site is optimized with the Yoast SEO plugin v25.4 - https:\/\/yoast.com\/wordpress\/plugins\/seo\/ -->\n<title>TRUUSK Matbord f\u00f6r 4 personer - Industriell stil med st\u00e5lbens - Rustikt brun - F\u00f6r matsal, k\u00f6k - 130 cm - TRUUSK - Hem, Tr\u00e4dg\u00e5rd &amp; Fritid<\/title>\n<meta name=\"robots\" content=\"index, follow, max-snippet:-1, max-image-preview:large, max-video-preview:-1\" \/>\n<link rel=\"canonical\" href=\"https:\/\/truusk.store\/sv\/produkt\/truusk-matbord-for-4-personer-industriell-stil-med-stalbens-rustikt-brun-for-matsal-kok-130-cm\/\" \/>\n<meta property=\"og:locale\" content=\"sv_SE\" \/>\n<meta property=\"og:type\" content=\"article\" \/>\n<meta property=\"og:title\" content=\"TRUUSK Matbord f\u00f6r 4 personer - Industriell stil med st\u00e5lbens - Rustikt brun - F\u00f6r matsal, k\u00f6k - 130 cm - TRUUSK - Hem, Tr\u00e4dg\u00e5rd &amp; Fritid\" \/>\n<meta property=\"og:description\" content=\"Detta runda matbord har en yta i tr\u00e4look och de i\u00f6gonfallande X-benen erbjuder en perfekt blandning av komfort och stil....\" \/>\n<meta property=\"og:url\" content=\"https:\/\/truusk.store\/sv\/produkt\/truusk-matbord-for-4-personer-industriell-stil-med-stalbens-rustikt-brun-for-matsal-kok-130-cm\/\" \/>\n<meta property=\"og:site_name\" content=\"TRUUSK - Hem, Tr\u00e4dg\u00e5rd &amp; Fritid\" \/>\n<meta property=\"article:modified_time\" content=\"2026-03-12T07:53:57+00:00\" \/>\n<meta property=\"og:image\" content=\"https:\/\/i0.wp.com\/truusk.se\/wp-content\/uploads\/2026\/02\/runt-matbord-for-4-personer-koksbord-i-industriell-stil-med-stalbens-for-matsal-kok-rustikt-brun-1.webp?fit=2000%2C2000&ssl=1\" \/>\n\t<meta property=\"og:image:width\" content=\"2000\" \/>\n\t<meta property=\"og:image:height\" content=\"2000\" \/>\n\t<meta property=\"og:image:type\" content=\"image\/webp\" \/>\n<meta name=\"twitter:card\" content=\"summary_large_image\" \/>\n<meta name=\"twitter:label1\" content=\"Ber\u00e4knad l\u00e4stid\" \/>\n\t<meta name=\"twitter:data1\" content=\"1 minut\" \/>\n<!-- \/ Yoast SEO plugin. -->","yoast_head_json":{"title":"TRUUSK Matbord f\u00f6r 4 personer - Industriell stil med st\u00e5lbens - Rustikt brun - F\u00f6r matsal, k\u00f6k - 130 cm - TRUUSK - Hem, Tr\u00e4dg\u00e5rd &amp; Fritid","robots":{"index":"index","follow":"follow","max-snippet":"max-snippet:-1","max-image-preview":"max-image-preview:large","max-video-preview":"max-video-preview:-1"},"canonical":"https:\/\/truusk.store\/sv\/produkt\/truusk-matbord-for-4-personer-industriell-stil-med-stalbens-rustikt-brun-for-matsal-kok-130-cm\/","og_locale":"sv_SE","og_type":"article","og_title":"TRUUSK Matbord f\u00f6r 4 personer - Industriell stil med st\u00e5lbens - Rustikt brun - F\u00f6r matsal, k\u00f6k - 130 cm - TRUUSK - Hem, Tr\u00e4dg\u00e5rd &amp; Fritid","og_description":"Detta runda matbord har en yta i tr\u00e4look och de i\u00f6gonfallande X-benen erbjuder en perfekt blandning av komfort och stil....","og_url":"https:\/\/truusk.store\/sv\/produkt\/truusk-matbord-for-4-personer-industriell-stil-med-stalbens-rustikt-brun-for-matsal-kok-130-cm\/","og_site_name":"TRUUSK - Hem, Tr\u00e4dg\u00e5rd &amp; Fritid","article_modified_time":"2026-03-12T07:53:57+00:00","og_image":[{"width":2000,"height":2000,"url":"https:\/\/i0.wp.com\/truusk.se\/wp-content\/uploads\/2026\/02\/runt-matbord-for-4-personer-koksbord-i-industriell-stil-med-stalbens-for-matsal-kok-rustikt-brun-1.webp?fit=2000%2C2000&ssl=1","type":"image\/webp"}],"twitter_card":"summary_large_image","twitter_misc":{"Ber\u00e4knad l\u00e4stid":"1 minut"},"schema":{"@context":"https:\/\/schema.org","@graph":[{"@type":"WebPage","@id":"https:\/\/truusk.store\/sv\/produkt\/truusk-matbord-for-4-personer-industriell-stil-med-stalbens-rustikt-brun-for-matsal-kok-130-cm\/","url":"https:\/\/truusk.store\/sv\/produkt\/truusk-matbord-for-4-personer-industriell-stil-med-stalbens-rustikt-brun-for-matsal-kok-130-cm\/","name":"TRUUSK Matbord f\u00f6r 4 personer - Industriell stil med st\u00e5lbens - Rustikt brun - F\u00f6r matsal, k\u00f6k - 130 cm - TRUUSK - Hem, Tr\u00e4dg\u00e5rd &amp; Fritid","isPartOf":{"@id":"https:\/\/truusk.store\/sv\/#website"},"primaryImageOfPage":{"@id":"https:\/\/truusk.store\/sv\/produkt\/truusk-matbord-for-4-personer-industriell-stil-med-stalbens-rustikt-brun-for-matsal-kok-130-cm\/#primaryimage"},"image":{"@id":"https:\/\/truusk.store\/sv\/produkt\/truusk-matbord-for-4-personer-industriell-stil-med-stalbens-rustikt-brun-for-matsal-kok-130-cm\/#primaryimage"},"thumbnailUrl":"https:\/\/i0.wp.com\/truusk.store\/wp-content\/uploads\/2026\/02\/runt-matbord-for-4-personer-koksbord-i-industriell-stil-med-stalbens-for-matsal-kok-rustikt-brun-1.webp?fit=2000%2C2000&ssl=1","datePublished":"2026-02-24T06:55:51+00:00","dateModified":"2026-03-12T07:53:57+00:00","breadcrumb":{"@id":"https:\/\/truusk.store\/sv\/produkt\/truusk-matbord-for-4-personer-industriell-stil-med-stalbens-rustikt-brun-for-matsal-kok-130-cm\/#breadcrumb"},"inLanguage":"sv-SE","potentialAction":[{"@type":"ReadAction","target":["https:\/\/truusk.store\/sv\/produkt\/truusk-matbord-for-4-personer-industriell-stil-med-stalbens-rustikt-brun-for-matsal-kok-130-cm\/"]}]},{"@type":"ImageObject","inLanguage":"sv-SE","@id":"https:\/\/truusk.store\/sv\/produkt\/truusk-matbord-for-4-personer-industriell-stil-med-stalbens-rustikt-brun-for-matsal-kok-130-cm\/#primaryimage","url":"https:\/\/i0.wp.com\/truusk.store\/wp-content\/uploads\/2026\/02\/runt-matbord-for-4-personer-koksbord-i-industriell-stil-med-stalbens-for-matsal-kok-rustikt-brun-1.webp?fit=2000%2C2000&ssl=1","contentUrl":"https:\/\/i0.wp.com\/truusk.store\/wp-content\/uploads\/2026\/02\/runt-matbord-for-4-personer-koksbord-i-industriell-stil-med-stalbens-for-matsal-kok-rustikt-brun-1.webp?fit=2000%2C2000&ssl=1","width":2000,"height":2000},{"@type":"BreadcrumbList","@id":"https:\/\/truusk.store\/sv\/produkt\/truusk-matbord-for-4-personer-industriell-stil-med-stalbens-rustikt-brun-for-matsal-kok-130-cm\/#breadcrumb","itemListElement":[{"@type":"ListItem","position":1,"name":"Home","item":"https:\/\/truusk.store\/sv\/"},{"@type":"ListItem","position":2,"name":"Shop","item":"https:\/\/truusk.store\/shop\/"},{"@type":"ListItem","position":3,"name":"TRUUSK Matbord f\u00f6r 4 personer &#8211; Industriell stil med st\u00e5lbens &#8211; Rustikt brun &#8211; F\u00f6r matsal, k\u00f6k &#8211; 130 cm"}]},{"@type":"WebSite","@id":"https:\/\/truusk.store\/sv\/#website","url":"https:\/\/truusk.store\/sv\/","name":"TRUUSK - Hem, Tr\u00e4dg\u00e5rd & Fritid","description":"","publisher":{"@id":"https:\/\/truusk.store\/sv\/#organization"},"potentialAction":[{"@type":"SearchAction","target":{"@type":"EntryPoint","urlTemplate":"https:\/\/truusk.store\/sv\/?s={search_term_string}"},"query-input":{"@type":"PropertyValueSpecification","valueRequired":true,"valueName":"search_term_string"}}],"inLanguage":"sv-SE"},{"@type":"Organization","@id":"https:\/\/truusk.store\/sv\/#organization","name":"TRUUSK - Hem, Tr\u00e4dg\u00e5rd & Fritid","url":"https:\/\/truusk.store\/sv\/","logo":{"@type":"ImageObject","inLanguage":"sv-SE","@id":"https:\/\/truusk.store\/sv\/#\/schema\/logo\/image\/","url":"https:\/\/i0.wp.com\/truusk.store\/wp-content\/uploads\/2026\/03\/cropped-TRUUSK.png?fit=2032%2C917&ssl=1","contentUrl":"https:\/\/i0.wp.com\/truusk.store\/wp-content\/uploads\/2026\/03\/cropped-TRUUSK.png?fit=2032%2C917&ssl=1","width":2032,"height":917,"caption":"TRUUSK - Hem, Tr\u00e4dg\u00e5rd & Fritid"},"image":{"@id":"https:\/\/truusk.store\/sv\/#\/schema\/logo\/image\/"}}]}},"jetpack_sharing_enabled":true,"_links":{"self":[{"href":"https:\/\/truusk.store\/sv\/wp-json\/wp\/v2\/product\/106606","targetHints":{"allow":["GET"]}}],"collection":[{"href":"https:\/\/truusk.store\/sv\/wp-json\/wp\/v2\/product"}],"about":[{"href":"https:\/\/truusk.store\/sv\/wp-json\/wp\/v2\/types\/product"}],"wp:featuredmedia":[{"embeddable":true,"href":"https:\/\/truusk.store\/sv\/wp-json\/wp\/v2\/media\/106594"}],"wp:attachment":[{"href":"https:\/\/truusk.store\/sv\/wp-json\/wp\/v2\/media?parent=106606"}],"wp:term":[{"taxonomy":"product_brand","embeddable":true,"href":"https:\/\/truusk.store\/sv\/wp-json\/wp\/v2\/product_brand?post=106606"},{"taxonomy":"product_cat","embeddable":true,"href":"https:\/\/truusk.store\/sv\/wp-json\/wp\/v2\/product_cat?post=106606"},{"taxonomy":"product_tag","embeddable":true,"href":"https:\/\/truusk.store\/sv\/wp-json\/wp\/v2\/product_tag?post=106606"}],"curies":[{"name":"wp","href":"https:\/\/api.w.org\/{rel}","templated":true}]}}