{"id":106654,"date":"2026-02-24T20:27:55","date_gmt":"2026-02-24T19:27:55","guid":{"rendered":"https:\/\/truusk.store\/product\/poolrengorare-tradlos-80-min-drift-lag-vikt-800g-19l-vatten-minut-aluminium-%d1%846-x-106-162-cm\/"},"modified":"2026-03-12T09:25:30","modified_gmt":"2026-03-12T08:25:30","slug":"truusk-poolrengorare-tradlos-80-min-drift-lag-vikt-800g-19l-vatten-minut-aluminium-justerbar-hojd-106-162-cm","status":"publish","type":"product","link":"https:\/\/truusk.store\/sv\/produkt\/truusk-poolrengorare-tradlos-80-min-drift-lag-vikt-800g-19l-vatten-minut-aluminium-justerbar-hojd-106-162-cm\/","title":{"rendered":"TRUUSK Poolreng\u00f6rare &#8211; Tr\u00e5dl\u00f6s &#8211; 80 Min Drift &#8211; L\u00e5g Vikt: 800g &#8211; 19L Vatten\/minut &#8211; Aluminium &#8211; Justerbar H\u00f6jd: 106-162 Cm"},"content":{"rendered":"<p>Med den tr\u00e5dl\u00f6sa och l\u00e4tta poolst\u00e4daren fr\u00e5n [BRAND NAME] blir reng\u00f6ringen av din pool en barnlek. Du kan enkelt h\u00e5lla st\u00e4daren p\u00e5 \u00f6nskad h\u00f6jd tack vare det justerbara handtaget, som kan anv\u00e4ndas med bara en hand. Den h\u00f6ga sugkraften p\u00e5 upp till 19 liter per minut och den l\u00e5nga drifttiden p\u00e5 80 minuter g\u00f6r reng\u00f6ringen snabb och enkel. Det transparenta smutsfacket g\u00f6r det enkelt att t\u00f6mma och reng\u00f6ra st\u00e4daren. Ett m\u00e5ste f\u00f6r varje pool\u00e4gare!<\/p>\n<p>Beskrivning:<\/p>\n<ul>\n<li> Tr\u00e5dl\u00f6s drift och l\u00e5g vikt p\u00e5 800g f\u00f6r bekv\u00e4m hantering<\/li>\n<li> Justerbart handtag fr\u00e5n 106 till 162 cm f\u00f6r individuell anpassning till dina behov<\/li>\n<li> H\u00f6g sugkraft p\u00e5 upp till 19 liter per minut f\u00f6r snabb och effektiv reng\u00f6ring<\/li>\n<li> L\u00e5ng drifttid p\u00e5 80 minuter f\u00f6r en utdragen reng\u00f6ringssession<\/li>\n<li> Transparent smutsfack f\u00f6r enkel t\u00f6mning och reng\u00f6ring av st\u00e4daren<\/li>\n<li> Idealisk f\u00f6r reng\u00f6ring av pooler och andra vattenytor<\/li>\n<li> Enkel hantering med bara en hand<\/li>\n<li> L\u00e4tt att transportera och f\u00f6rvara tack vare den kompakta designen<\/li>\n<li> Borsthuvudet kan borsta bort fl\u00e4ckar som fastnat p\u00e5 poolv\u00e4ggen<\/li>\n<\/ul>\n<p>Tekniska data:<\/p>\n<ul>\n<li> F\u00e4rg: Bl\u00e5+Vit<\/li>\n<li> Material: ABS, Aluminium<\/li>\n<li> Totala dimensioner: \u00d86 x 106-162H cm<\/li>\n<li> Dimensioner p\u00e5 sugmunstycket: 12,3L x 9B x 5,8H cm<\/li>\n<li> Dimensioner p\u00e5 filtern\u00e4tet: \u00d84,1 x 15,4H cm<\/li>\n<li> Smutsupptagningskapacitet: 520 cm\u00b3<\/li>\n<li> Sugkapacitet: 19L\/min<\/li>\n<li> Drifttid: 80 min<\/li>\n<li> Vikt: 800 g<\/li>\n<li> Skydd mot intr\u00e5ng: IPX7<\/li>\n<li> Batteri: 8 x AA (ing\u00e5r ej)<\/li>\n<\/ul>\n<p>Leveransinneh\u00e5ll:<\/p>\n<ul>\n<li> 1 x Poolst\u00e4dare<\/li>\n<li> 1 x Handbok<\/li>\n<\/ul>\n","protected":false},"excerpt":{"rendered":"<p>Med den tr\u00e5dl\u00f6sa och l\u00e4tta poolst\u00e4daren fr\u00e5n [BRAND NAME] blir reng\u00f6ringen av din pool en barnlek. Du kan enkelt h\u00e5lla&#8230;<\/p>\n","protected":false},"featured_media":106645,"template":"","meta":[],"product_brand":[],"product_cat":[481,1111,858],"product_tag":[],"class_list":{"0":"post-106654","1":"product","2":"type-product","3":"status-publish","4":"has-post-thumbnail","6":"product_cat-badkul","7":"product_cat-bubbelpooler","8":"product_cat-tradgard-terrass","10":"first","11":"instock","12":"sale","13":"taxable","14":"shipping-taxable","15":"purchasable","16":"product-type-simple"},"yoast_head":"<!-- This site is optimized with the Yoast SEO plugin v25.4 - https:\/\/yoast.com\/wordpress\/plugins\/seo\/ -->\n<title>TRUUSK Poolreng\u00f6rare - Tr\u00e5dl\u00f6s - 80 Min Drift - L\u00e5g Vikt: 800g - 19L Vatten\/minut - Aluminium - Justerbar H\u00f6jd: 106-162 Cm - TRUUSK - Hem, Tr\u00e4dg\u00e5rd &amp; Fritid<\/title>\n<meta name=\"robots\" content=\"index, follow, max-snippet:-1, max-image-preview:large, max-video-preview:-1\" \/>\n<link rel=\"canonical\" href=\"https:\/\/truusk.store\/sv\/produkt\/truusk-poolrengorare-tradlos-80-min-drift-lag-vikt-800g-19l-vatten-minut-aluminium-justerbar-hojd-106-162-cm\/\" \/>\n<meta property=\"og:locale\" content=\"sv_SE\" \/>\n<meta property=\"og:type\" content=\"article\" \/>\n<meta property=\"og:title\" content=\"TRUUSK Poolreng\u00f6rare - Tr\u00e5dl\u00f6s - 80 Min Drift - L\u00e5g Vikt: 800g - 19L Vatten\/minut - Aluminium - Justerbar H\u00f6jd: 106-162 Cm - TRUUSK - Hem, Tr\u00e4dg\u00e5rd &amp; Fritid\" \/>\n<meta property=\"og:description\" content=\"Med den tr\u00e5dl\u00f6sa och l\u00e4tta poolst\u00e4daren fr\u00e5n [BRAND NAME] blir reng\u00f6ringen av din pool en barnlek. Du kan enkelt h\u00e5lla...\" \/>\n<meta property=\"og:url\" content=\"https:\/\/truusk.store\/sv\/produkt\/truusk-poolrengorare-tradlos-80-min-drift-lag-vikt-800g-19l-vatten-minut-aluminium-justerbar-hojd-106-162-cm\/\" \/>\n<meta property=\"og:site_name\" content=\"TRUUSK - Hem, Tr\u00e4dg\u00e5rd &amp; Fritid\" \/>\n<meta property=\"article:modified_time\" content=\"2026-03-12T08:25:30+00:00\" \/>\n<meta property=\"og:image\" content=\"https:\/\/i0.wp.com\/truusk.se\/wp-content\/uploads\/2026\/02\/poolrengorare-tradlos-80-min-drift-lag-vikt-800g-19l-vatten-minut-aluminium-d1846-x-106-162-cm-1.webp?fit=2000%2C2000&ssl=1\" \/>\n\t<meta property=\"og:image:width\" content=\"2000\" \/>\n\t<meta property=\"og:image:height\" content=\"2000\" \/>\n\t<meta property=\"og:image:type\" content=\"image\/webp\" \/>\n<meta name=\"twitter:card\" content=\"summary_large_image\" \/>\n<meta name=\"twitter:label1\" content=\"Ber\u00e4knad l\u00e4stid\" \/>\n\t<meta name=\"twitter:data1\" content=\"1 minut\" \/>\n<!-- \/ Yoast SEO plugin. -->","yoast_head_json":{"title":"TRUUSK Poolreng\u00f6rare - Tr\u00e5dl\u00f6s - 80 Min Drift - L\u00e5g Vikt: 800g - 19L Vatten\/minut - Aluminium - Justerbar H\u00f6jd: 106-162 Cm - TRUUSK - Hem, Tr\u00e4dg\u00e5rd &amp; Fritid","robots":{"index":"index","follow":"follow","max-snippet":"max-snippet:-1","max-image-preview":"max-image-preview:large","max-video-preview":"max-video-preview:-1"},"canonical":"https:\/\/truusk.store\/sv\/produkt\/truusk-poolrengorare-tradlos-80-min-drift-lag-vikt-800g-19l-vatten-minut-aluminium-justerbar-hojd-106-162-cm\/","og_locale":"sv_SE","og_type":"article","og_title":"TRUUSK Poolreng\u00f6rare - Tr\u00e5dl\u00f6s - 80 Min Drift - L\u00e5g Vikt: 800g - 19L Vatten\/minut - Aluminium - Justerbar H\u00f6jd: 106-162 Cm - TRUUSK - Hem, Tr\u00e4dg\u00e5rd &amp; Fritid","og_description":"Med den tr\u00e5dl\u00f6sa och l\u00e4tta poolst\u00e4daren fr\u00e5n [BRAND NAME] blir reng\u00f6ringen av din pool en barnlek. Du kan enkelt h\u00e5lla...","og_url":"https:\/\/truusk.store\/sv\/produkt\/truusk-poolrengorare-tradlos-80-min-drift-lag-vikt-800g-19l-vatten-minut-aluminium-justerbar-hojd-106-162-cm\/","og_site_name":"TRUUSK - Hem, Tr\u00e4dg\u00e5rd &amp; Fritid","article_modified_time":"2026-03-12T08:25:30+00:00","og_image":[{"width":2000,"height":2000,"url":"https:\/\/i0.wp.com\/truusk.se\/wp-content\/uploads\/2026\/02\/poolrengorare-tradlos-80-min-drift-lag-vikt-800g-19l-vatten-minut-aluminium-d1846-x-106-162-cm-1.webp?fit=2000%2C2000&ssl=1","type":"image\/webp"}],"twitter_card":"summary_large_image","twitter_misc":{"Ber\u00e4knad l\u00e4stid":"1 minut"},"schema":{"@context":"https:\/\/schema.org","@graph":[{"@type":"WebPage","@id":"https:\/\/truusk.store\/sv\/produkt\/truusk-poolrengorare-tradlos-80-min-drift-lag-vikt-800g-19l-vatten-minut-aluminium-justerbar-hojd-106-162-cm\/","url":"https:\/\/truusk.store\/sv\/produkt\/truusk-poolrengorare-tradlos-80-min-drift-lag-vikt-800g-19l-vatten-minut-aluminium-justerbar-hojd-106-162-cm\/","name":"TRUUSK Poolreng\u00f6rare - Tr\u00e5dl\u00f6s - 80 Min Drift - L\u00e5g Vikt: 800g - 19L Vatten\/minut - Aluminium - Justerbar H\u00f6jd: 106-162 Cm - TRUUSK - Hem, Tr\u00e4dg\u00e5rd &amp; Fritid","isPartOf":{"@id":"https:\/\/truusk.store\/sv\/#website"},"primaryImageOfPage":{"@id":"https:\/\/truusk.store\/sv\/produkt\/truusk-poolrengorare-tradlos-80-min-drift-lag-vikt-800g-19l-vatten-minut-aluminium-justerbar-hojd-106-162-cm\/#primaryimage"},"image":{"@id":"https:\/\/truusk.store\/sv\/produkt\/truusk-poolrengorare-tradlos-80-min-drift-lag-vikt-800g-19l-vatten-minut-aluminium-justerbar-hojd-106-162-cm\/#primaryimage"},"thumbnailUrl":"https:\/\/i0.wp.com\/truusk.store\/wp-content\/uploads\/2026\/02\/poolrengorare-tradlos-80-min-drift-lag-vikt-800g-19l-vatten-minut-aluminium-d1846-x-106-162-cm-1.webp?fit=2000%2C2000&ssl=1","datePublished":"2026-02-24T19:27:55+00:00","dateModified":"2026-03-12T08:25:30+00:00","breadcrumb":{"@id":"https:\/\/truusk.store\/sv\/produkt\/truusk-poolrengorare-tradlos-80-min-drift-lag-vikt-800g-19l-vatten-minut-aluminium-justerbar-hojd-106-162-cm\/#breadcrumb"},"inLanguage":"sv-SE","potentialAction":[{"@type":"ReadAction","target":["https:\/\/truusk.store\/sv\/produkt\/truusk-poolrengorare-tradlos-80-min-drift-lag-vikt-800g-19l-vatten-minut-aluminium-justerbar-hojd-106-162-cm\/"]}]},{"@type":"ImageObject","inLanguage":"sv-SE","@id":"https:\/\/truusk.store\/sv\/produkt\/truusk-poolrengorare-tradlos-80-min-drift-lag-vikt-800g-19l-vatten-minut-aluminium-justerbar-hojd-106-162-cm\/#primaryimage","url":"https:\/\/i0.wp.com\/truusk.store\/wp-content\/uploads\/2026\/02\/poolrengorare-tradlos-80-min-drift-lag-vikt-800g-19l-vatten-minut-aluminium-d1846-x-106-162-cm-1.webp?fit=2000%2C2000&ssl=1","contentUrl":"https:\/\/i0.wp.com\/truusk.store\/wp-content\/uploads\/2026\/02\/poolrengorare-tradlos-80-min-drift-lag-vikt-800g-19l-vatten-minut-aluminium-d1846-x-106-162-cm-1.webp?fit=2000%2C2000&ssl=1","width":2000,"height":2000},{"@type":"BreadcrumbList","@id":"https:\/\/truusk.store\/sv\/produkt\/truusk-poolrengorare-tradlos-80-min-drift-lag-vikt-800g-19l-vatten-minut-aluminium-justerbar-hojd-106-162-cm\/#breadcrumb","itemListElement":[{"@type":"ListItem","position":1,"name":"Home","item":"https:\/\/truusk.store\/sv\/"},{"@type":"ListItem","position":2,"name":"Shop","item":"https:\/\/truusk.store\/shop\/"},{"@type":"ListItem","position":3,"name":"TRUUSK Poolreng\u00f6rare &#8211; Tr\u00e5dl\u00f6s &#8211; 80 Min Drift &#8211; L\u00e5g Vikt: 800g &#8211; 19L Vatten\/minut &#8211; Aluminium &#8211; Justerbar H\u00f6jd: 106-162 Cm"}]},{"@type":"WebSite","@id":"https:\/\/truusk.store\/sv\/#website","url":"https:\/\/truusk.store\/sv\/","name":"TRUUSK - Hem, Tr\u00e4dg\u00e5rd & Fritid","description":"","publisher":{"@id":"https:\/\/truusk.store\/sv\/#organization"},"potentialAction":[{"@type":"SearchAction","target":{"@type":"EntryPoint","urlTemplate":"https:\/\/truusk.store\/sv\/?s={search_term_string}"},"query-input":{"@type":"PropertyValueSpecification","valueRequired":true,"valueName":"search_term_string"}}],"inLanguage":"sv-SE"},{"@type":"Organization","@id":"https:\/\/truusk.store\/sv\/#organization","name":"TRUUSK - Hem, Tr\u00e4dg\u00e5rd & Fritid","url":"https:\/\/truusk.store\/sv\/","logo":{"@type":"ImageObject","inLanguage":"sv-SE","@id":"https:\/\/truusk.store\/sv\/#\/schema\/logo\/image\/","url":"https:\/\/i0.wp.com\/truusk.store\/wp-content\/uploads\/2026\/03\/cropped-TRUUSK.png?fit=2032%2C917&ssl=1","contentUrl":"https:\/\/i0.wp.com\/truusk.store\/wp-content\/uploads\/2026\/03\/cropped-TRUUSK.png?fit=2032%2C917&ssl=1","width":2032,"height":917,"caption":"TRUUSK - Hem, Tr\u00e4dg\u00e5rd & Fritid"},"image":{"@id":"https:\/\/truusk.store\/sv\/#\/schema\/logo\/image\/"}}]}},"jetpack_sharing_enabled":true,"_links":{"self":[{"href":"https:\/\/truusk.store\/sv\/wp-json\/wp\/v2\/product\/106654","targetHints":{"allow":["GET"]}}],"collection":[{"href":"https:\/\/truusk.store\/sv\/wp-json\/wp\/v2\/product"}],"about":[{"href":"https:\/\/truusk.store\/sv\/wp-json\/wp\/v2\/types\/product"}],"wp:featuredmedia":[{"embeddable":true,"href":"https:\/\/truusk.store\/sv\/wp-json\/wp\/v2\/media\/106645"}],"wp:attachment":[{"href":"https:\/\/truusk.store\/sv\/wp-json\/wp\/v2\/media?parent=106654"}],"wp:term":[{"taxonomy":"product_brand","embeddable":true,"href":"https:\/\/truusk.store\/sv\/wp-json\/wp\/v2\/product_brand?post=106654"},{"taxonomy":"product_cat","embeddable":true,"href":"https:\/\/truusk.store\/sv\/wp-json\/wp\/v2\/product_cat?post=106654"},{"taxonomy":"product_tag","embeddable":true,"href":"https:\/\/truusk.store\/sv\/wp-json\/wp\/v2\/product_tag?post=106654"}],"curies":[{"name":"wp","href":"https:\/\/api.w.org\/{rel}","templated":true}]}}