{"id":106686,"date":"2026-02-25T12:45:13","date_gmt":"2026-02-25T11:45:13","guid":{"rendered":"https:\/\/truusk.store\/?post_type=product&#038;p=106686"},"modified":"2026-03-12T09:05:28","modified_gmt":"2026-03-12T08:05:28","slug":"truusk-robust-2-sits-tradgardsbank-rostfri-parkbank-for-terrass-och-tradgard-svart-107cm-x-555cm-x-905cm","status":"publish","type":"product","link":"https:\/\/truusk.store\/sv\/produkt\/truusk-robust-2-sits-tradgardsbank-rostfri-parkbank-for-terrass-och-tradgard-svart-107cm-x-555cm-x-905cm\/","title":{"rendered":"TRUUSK Robust 2-sits Tr\u00e4dg\u00e5rdsb\u00e4nk &#8211; Rostfri Parkb\u00e4nk &#8211; F\u00f6r Terrass och Tr\u00e4dg\u00e5rd &#8211; Svart &#8211; 107cm x 55,5cm x 90,5cm"},"content":{"rendered":"<p>Med denna h\u00f6gkvalitativa tr\u00e4dg\u00e5rdsb\u00e4nk i tidl\u00f6st elegant design kommer din tr\u00e4dg\u00e5rd eller balkong att bli mycket vackrare och uppgraderad. Denna sittb\u00e4nk i svart \u00e4r tillverkad av pulverlackerade metallr\u00f6r. Den starka konstruktionen ger b\u00e4nken en h\u00f6g b\u00e4rkapacitet p\u00e5 upp till 200 kg. S\u00e4tt dig p\u00e5 denna tr\u00e4dg\u00e5rdsb\u00e4nk och njut av frisk luft och s\u00f6t sol p\u00e5 ett avslappnat s\u00e4tt p\u00e5 din fritid!<\/p>\n<p>Beskrivning:<\/p>\n<ul>\n<li>Tr\u00e4dg\u00e5rdsb\u00e4nk i vacker design i svart<\/li>\n<li>Ger bekv\u00e4mt utrymme f\u00f6r upp till 2 personer<\/li>\n<li>S\u00e4rskilt l\u00e4mplig f\u00f6r utomhusomr\u00e5den som tr\u00e4dg\u00e5rd, balkong<\/li>\n<li>Tillverkad av pulverlackerade metallr\u00f6r, robust och b\u00e4rkraftig<\/li>\n<li>Kan belastas upp till 200 kg<\/li>\n<li>Enkel montering<\/li>\n<\/ul>\n<p>Tekniska data:<\/p>\n<ul>\n<li> Material: Metall<\/li>\n<li> F\u00e4rg: Svart<\/li>\n<li> Vikt: 10,4 kg<\/li>\n<li> Totala m\u00e5tt: L107 x B55,5 x H90,5 cm<\/li>\n<li> Sittplats: L103,5 x B48,5 cm<\/li>\n<li> Sitth\u00f6jd: 43,5 cm<\/li>\n<li> B\u00e4rkapacitet: 200 kg<\/li>\n<\/ul>\n<p>Leveransinneh\u00e5ll:<\/p>\n<ul>\n<li>1 x Tr\u00e4dg\u00e5rdsb\u00e4nk<\/li>\n<\/ul>\n","protected":false},"excerpt":{"rendered":"<p>Med denna h\u00f6gkvalitativa tr\u00e4dg\u00e5rdsb\u00e4nk i tidl\u00f6st elegant design kommer din tr\u00e4dg\u00e5rd eller balkong att bli mycket vackrare och uppgraderad. Denna&#8230;<\/p>\n","protected":false},"featured_media":106675,"template":"","meta":[],"product_brand":[],"product_cat":[858,454,450],"product_tag":[],"class_list":{"0":"post-106686","1":"product","2":"type-product","3":"status-publish","4":"has-post-thumbnail","6":"product_cat-tradgard-terrass","7":"product_cat-tradgardsbankar","8":"product_cat-tradgardsmobler","10":"first","11":"instock","12":"sale","13":"taxable","14":"shipping-taxable","15":"purchasable","16":"product-type-simple"},"yoast_head":"<!-- This site is optimized with the Yoast SEO plugin v25.4 - https:\/\/yoast.com\/wordpress\/plugins\/seo\/ -->\n<title>TRUUSK Robust 2-sits Tr\u00e4dg\u00e5rdsb\u00e4nk - Rostfri Parkb\u00e4nk - F\u00f6r Terrass och Tr\u00e4dg\u00e5rd - Svart - 107cm x 55,5cm x 90,5cm - TRUUSK - Hem, Tr\u00e4dg\u00e5rd &amp; Fritid<\/title>\n<meta name=\"robots\" content=\"index, follow, max-snippet:-1, max-image-preview:large, max-video-preview:-1\" \/>\n<link rel=\"canonical\" href=\"https:\/\/truusk.store\/sv\/produkt\/truusk-robust-2-sits-tradgardsbank-rostfri-parkbank-for-terrass-och-tradgard-svart-107cm-x-555cm-x-905cm\/\" \/>\n<meta property=\"og:locale\" content=\"sv_SE\" \/>\n<meta property=\"og:type\" content=\"article\" \/>\n<meta property=\"og:title\" content=\"TRUUSK Robust 2-sits Tr\u00e4dg\u00e5rdsb\u00e4nk - Rostfri Parkb\u00e4nk - F\u00f6r Terrass och Tr\u00e4dg\u00e5rd - Svart - 107cm x 55,5cm x 90,5cm - TRUUSK - Hem, Tr\u00e4dg\u00e5rd &amp; Fritid\" \/>\n<meta property=\"og:description\" content=\"Med denna h\u00f6gkvalitativa tr\u00e4dg\u00e5rdsb\u00e4nk i tidl\u00f6st elegant design kommer din tr\u00e4dg\u00e5rd eller balkong att bli mycket vackrare och uppgraderad. Denna...\" \/>\n<meta property=\"og:url\" content=\"https:\/\/truusk.store\/sv\/produkt\/truusk-robust-2-sits-tradgardsbank-rostfri-parkbank-for-terrass-och-tradgard-svart-107cm-x-555cm-x-905cm\/\" \/>\n<meta property=\"og:site_name\" content=\"TRUUSK - Hem, Tr\u00e4dg\u00e5rd &amp; Fritid\" \/>\n<meta property=\"article:modified_time\" content=\"2026-03-12T08:05:28+00:00\" \/>\n<meta property=\"og:image\" content=\"https:\/\/i0.wp.com\/truusk.se\/wp-content\/uploads\/2026\/02\/2-sits-tradgardsbank-robust-rostfri-parkbank-sittbank-tradgardsmobler-for-terrass-tradgard-och-allmanna-utomhusomraden-107cm-x-555cm-x-905cm-svart-1.webp?fit=2000%2C2000&ssl=1\" \/>\n\t<meta property=\"og:image:width\" content=\"2000\" \/>\n\t<meta property=\"og:image:height\" content=\"2000\" \/>\n\t<meta property=\"og:image:type\" content=\"image\/webp\" \/>\n<meta name=\"twitter:card\" content=\"summary_large_image\" \/>\n<meta name=\"twitter:label1\" content=\"Ber\u00e4knad l\u00e4stid\" \/>\n\t<meta name=\"twitter:data1\" content=\"1 minut\" \/>\n<!-- \/ Yoast SEO plugin. -->","yoast_head_json":{"title":"TRUUSK Robust 2-sits Tr\u00e4dg\u00e5rdsb\u00e4nk - Rostfri Parkb\u00e4nk - F\u00f6r Terrass och Tr\u00e4dg\u00e5rd - Svart - 107cm x 55,5cm x 90,5cm - TRUUSK - Hem, Tr\u00e4dg\u00e5rd &amp; Fritid","robots":{"index":"index","follow":"follow","max-snippet":"max-snippet:-1","max-image-preview":"max-image-preview:large","max-video-preview":"max-video-preview:-1"},"canonical":"https:\/\/truusk.store\/sv\/produkt\/truusk-robust-2-sits-tradgardsbank-rostfri-parkbank-for-terrass-och-tradgard-svart-107cm-x-555cm-x-905cm\/","og_locale":"sv_SE","og_type":"article","og_title":"TRUUSK Robust 2-sits Tr\u00e4dg\u00e5rdsb\u00e4nk - Rostfri Parkb\u00e4nk - F\u00f6r Terrass och Tr\u00e4dg\u00e5rd - Svart - 107cm x 55,5cm x 90,5cm - TRUUSK - Hem, Tr\u00e4dg\u00e5rd &amp; Fritid","og_description":"Med denna h\u00f6gkvalitativa tr\u00e4dg\u00e5rdsb\u00e4nk i tidl\u00f6st elegant design kommer din tr\u00e4dg\u00e5rd eller balkong att bli mycket vackrare och uppgraderad. Denna...","og_url":"https:\/\/truusk.store\/sv\/produkt\/truusk-robust-2-sits-tradgardsbank-rostfri-parkbank-for-terrass-och-tradgard-svart-107cm-x-555cm-x-905cm\/","og_site_name":"TRUUSK - Hem, Tr\u00e4dg\u00e5rd &amp; Fritid","article_modified_time":"2026-03-12T08:05:28+00:00","og_image":[{"width":2000,"height":2000,"url":"https:\/\/i0.wp.com\/truusk.se\/wp-content\/uploads\/2026\/02\/2-sits-tradgardsbank-robust-rostfri-parkbank-sittbank-tradgardsmobler-for-terrass-tradgard-och-allmanna-utomhusomraden-107cm-x-555cm-x-905cm-svart-1.webp?fit=2000%2C2000&ssl=1","type":"image\/webp"}],"twitter_card":"summary_large_image","twitter_misc":{"Ber\u00e4knad l\u00e4stid":"1 minut"},"schema":{"@context":"https:\/\/schema.org","@graph":[{"@type":"WebPage","@id":"https:\/\/truusk.store\/sv\/produkt\/truusk-robust-2-sits-tradgardsbank-rostfri-parkbank-for-terrass-och-tradgard-svart-107cm-x-555cm-x-905cm\/","url":"https:\/\/truusk.store\/sv\/produkt\/truusk-robust-2-sits-tradgardsbank-rostfri-parkbank-for-terrass-och-tradgard-svart-107cm-x-555cm-x-905cm\/","name":"TRUUSK Robust 2-sits Tr\u00e4dg\u00e5rdsb\u00e4nk - Rostfri Parkb\u00e4nk - F\u00f6r Terrass och Tr\u00e4dg\u00e5rd - Svart - 107cm x 55,5cm x 90,5cm - TRUUSK - Hem, Tr\u00e4dg\u00e5rd &amp; Fritid","isPartOf":{"@id":"https:\/\/truusk.store\/sv\/#website"},"primaryImageOfPage":{"@id":"https:\/\/truusk.store\/sv\/produkt\/truusk-robust-2-sits-tradgardsbank-rostfri-parkbank-for-terrass-och-tradgard-svart-107cm-x-555cm-x-905cm\/#primaryimage"},"image":{"@id":"https:\/\/truusk.store\/sv\/produkt\/truusk-robust-2-sits-tradgardsbank-rostfri-parkbank-for-terrass-och-tradgard-svart-107cm-x-555cm-x-905cm\/#primaryimage"},"thumbnailUrl":"https:\/\/i0.wp.com\/truusk.store\/wp-content\/uploads\/2026\/02\/2-sits-tradgardsbank-robust-rostfri-parkbank-sittbank-tradgardsmobler-for-terrass-tradgard-och-allmanna-utomhusomraden-107cm-x-555cm-x-905cm-svart-1.webp?fit=2000%2C2000&ssl=1","datePublished":"2026-02-25T11:45:13+00:00","dateModified":"2026-03-12T08:05:28+00:00","breadcrumb":{"@id":"https:\/\/truusk.store\/sv\/produkt\/truusk-robust-2-sits-tradgardsbank-rostfri-parkbank-for-terrass-och-tradgard-svart-107cm-x-555cm-x-905cm\/#breadcrumb"},"inLanguage":"sv-SE","potentialAction":[{"@type":"ReadAction","target":["https:\/\/truusk.store\/sv\/produkt\/truusk-robust-2-sits-tradgardsbank-rostfri-parkbank-for-terrass-och-tradgard-svart-107cm-x-555cm-x-905cm\/"]}]},{"@type":"ImageObject","inLanguage":"sv-SE","@id":"https:\/\/truusk.store\/sv\/produkt\/truusk-robust-2-sits-tradgardsbank-rostfri-parkbank-for-terrass-och-tradgard-svart-107cm-x-555cm-x-905cm\/#primaryimage","url":"https:\/\/i0.wp.com\/truusk.store\/wp-content\/uploads\/2026\/02\/2-sits-tradgardsbank-robust-rostfri-parkbank-sittbank-tradgardsmobler-for-terrass-tradgard-och-allmanna-utomhusomraden-107cm-x-555cm-x-905cm-svart-1.webp?fit=2000%2C2000&ssl=1","contentUrl":"https:\/\/i0.wp.com\/truusk.store\/wp-content\/uploads\/2026\/02\/2-sits-tradgardsbank-robust-rostfri-parkbank-sittbank-tradgardsmobler-for-terrass-tradgard-och-allmanna-utomhusomraden-107cm-x-555cm-x-905cm-svart-1.webp?fit=2000%2C2000&ssl=1","width":2000,"height":2000},{"@type":"BreadcrumbList","@id":"https:\/\/truusk.store\/sv\/produkt\/truusk-robust-2-sits-tradgardsbank-rostfri-parkbank-for-terrass-och-tradgard-svart-107cm-x-555cm-x-905cm\/#breadcrumb","itemListElement":[{"@type":"ListItem","position":1,"name":"Home","item":"https:\/\/truusk.store\/sv\/"},{"@type":"ListItem","position":2,"name":"Shop","item":"https:\/\/truusk.store\/shop\/"},{"@type":"ListItem","position":3,"name":"TRUUSK Robust 2-sits Tr\u00e4dg\u00e5rdsb\u00e4nk &#8211; Rostfri Parkb\u00e4nk &#8211; F\u00f6r Terrass och Tr\u00e4dg\u00e5rd &#8211; Svart &#8211; 107cm x 55,5cm x 90,5cm"}]},{"@type":"WebSite","@id":"https:\/\/truusk.store\/sv\/#website","url":"https:\/\/truusk.store\/sv\/","name":"TRUUSK - Hem, Tr\u00e4dg\u00e5rd & Fritid","description":"","publisher":{"@id":"https:\/\/truusk.store\/sv\/#organization"},"potentialAction":[{"@type":"SearchAction","target":{"@type":"EntryPoint","urlTemplate":"https:\/\/truusk.store\/sv\/?s={search_term_string}"},"query-input":{"@type":"PropertyValueSpecification","valueRequired":true,"valueName":"search_term_string"}}],"inLanguage":"sv-SE"},{"@type":"Organization","@id":"https:\/\/truusk.store\/sv\/#organization","name":"TRUUSK - Hem, Tr\u00e4dg\u00e5rd & Fritid","url":"https:\/\/truusk.store\/sv\/","logo":{"@type":"ImageObject","inLanguage":"sv-SE","@id":"https:\/\/truusk.store\/sv\/#\/schema\/logo\/image\/","url":"https:\/\/i0.wp.com\/truusk.store\/wp-content\/uploads\/2026\/03\/cropped-TRUUSK.png?fit=2032%2C917&ssl=1","contentUrl":"https:\/\/i0.wp.com\/truusk.store\/wp-content\/uploads\/2026\/03\/cropped-TRUUSK.png?fit=2032%2C917&ssl=1","width":2032,"height":917,"caption":"TRUUSK - Hem, Tr\u00e4dg\u00e5rd & Fritid"},"image":{"@id":"https:\/\/truusk.store\/sv\/#\/schema\/logo\/image\/"}}]}},"jetpack_sharing_enabled":true,"_links":{"self":[{"href":"https:\/\/truusk.store\/sv\/wp-json\/wp\/v2\/product\/106686","targetHints":{"allow":["GET"]}}],"collection":[{"href":"https:\/\/truusk.store\/sv\/wp-json\/wp\/v2\/product"}],"about":[{"href":"https:\/\/truusk.store\/sv\/wp-json\/wp\/v2\/types\/product"}],"wp:featuredmedia":[{"embeddable":true,"href":"https:\/\/truusk.store\/sv\/wp-json\/wp\/v2\/media\/106675"}],"wp:attachment":[{"href":"https:\/\/truusk.store\/sv\/wp-json\/wp\/v2\/media?parent=106686"}],"wp:term":[{"taxonomy":"product_brand","embeddable":true,"href":"https:\/\/truusk.store\/sv\/wp-json\/wp\/v2\/product_brand?post=106686"},{"taxonomy":"product_cat","embeddable":true,"href":"https:\/\/truusk.store\/sv\/wp-json\/wp\/v2\/product_cat?post=106686"},{"taxonomy":"product_tag","embeddable":true,"href":"https:\/\/truusk.store\/sv\/wp-json\/wp\/v2\/product_tag?post=106686"}],"curies":[{"name":"wp","href":"https:\/\/api.w.org\/{rel}","templated":true}]}}