{"id":106714,"date":"2026-02-25T13:03:33","date_gmt":"2026-02-25T12:03:33","guid":{"rendered":"https:\/\/truusk.store\/?post_type=product&#038;p=106714"},"modified":"2026-03-12T09:24:25","modified_gmt":"2026-03-12T08:24:25","slug":"truusk-parasollstall-med-basvikter-fyllbara-med-vatten-och-sand-plast-103l-x-103b-x-83h-cm-svart","status":"publish","type":"product","link":"https:\/\/truusk.store\/sv\/produkt\/truusk-parasollstall-med-basvikter-fyllbara-med-vatten-och-sand-plast-103l-x-103b-x-83h-cm-svart\/","title":{"rendered":"TRUUSK Parasollst\u00e4ll med Basvikter &#8211; Fyllbara med Vatten och Sand &#8211; Plast &#8211; 103L x 103B x 8,3H cm &#8211; Svart"},"content":{"rendered":"<p>S\u00e4kra dina [BRAND NAME] Cantilever parasoller p\u00e5litligt &#8211; hela dagen: Investera i v\u00e5ra viktplattor f\u00f6r parasoll. Tillverkade av robust HDPE-plast, \u00e4r den fyllbara parasollfoten idealisk f\u00f6r utomhusbruk. Viktplattorna f\u00f6r parasollbasen har en p\u00e5fyllnings\u00f6ppning och en skruvkork, kan fyllas med 12 kg vatten, 16 kg sand eller b\u00e5da f\u00f6r totalt 19 kg. Tomma kan baserna enkelt transporteras. Njut av din personliga skuggoas med v\u00e5ra plattor f\u00f6r h\u00e4ngparasoll.<\/p>\n<p>Beskrivning:<\/p>\n<ul>\n<li> Fyrdelad design av parasollvikter s\u00e4krar foten f\u00f6r h\u00e4ngparasoll<\/li>\n<li> Robust HDPE-plast med skyddande bel\u00e4ggning, l\u00e4mplig f\u00f6r utomhusbruk<\/li>\n<li> Detta parasollviktset b\u00e4r 56 kg vatten eller 72 kg sand<\/li>\n<li> P\u00e5fyllnings\u00f6ppning av parasollvikter f\u00f6r p\u00e5fyllning och t\u00f6mning<\/li>\n<li> L\u00e4mplig f\u00f6r anv\u00e4ndning i din tr\u00e4dg\u00e5rd, p\u00e5 terrassen och andra utomhusomr\u00e5den<\/li>\n<li> Fyra kopplingsstift h\u00e5ller plattorna s\u00e4kert samman<\/li>\n<li> Montering kr\u00e4vs, korsbas ing\u00e5r inte<\/li>\n<\/ul>\n<p> Tekniska data:<\/p>\n<ul>\n<li> F\u00e4rg: Svart<\/li>\n<li> Material: Plast<\/li>\n<li> Totala dimensioner: 103L x 103B x 8,3H cm<\/li>\n<li> M\u00e5tt p\u00e5 varje platta: 50L x 50B cm<\/li>\n<li> Diameter p\u00e5 p\u00e5fyllnings\u00f6ppning: 2,6 cm<\/li>\n<li> Vikt p\u00e5 varje platta: 14 kg (vatten), 18 kg (sand) (efter p\u00e5fyllning)<\/li>\n<li> Netto vikt: 8 kg (totalt)<\/li>\n<\/ul>\n<p>Leveransinneh\u00e5ll:<\/p>\n<ul>\n<li> 4 x viktplattor<\/li>\n<li> 4 x kopplingskrokar<\/li>\n<li> 1 x handbok<\/li>\n<\/ul>\n","protected":false},"excerpt":{"rendered":"<p>S\u00e4kra dina [BRAND NAME] Cantilever parasoller p\u00e5litligt &#8211; hela dagen: Investera i v\u00e5ra viktplattor f\u00f6r parasoll. Tillverkade av robust HDPE-plast,&#8230;<\/p>\n","protected":false},"featured_media":106701,"template":"","meta":[],"product_brand":[],"product_cat":[886,862,885,858],"product_tag":[],"class_list":{"0":"post-106714","1":"product","2":"type-product","3":"status-publish","4":"has-post-thumbnail","6":"product_cat-schirmstander","7":"product_cat-sol-insynsskydd","8":"product_cat-tillbehor-till-parasoller","9":"product_cat-tradgard-terrass","11":"first","12":"instock","13":"sale","14":"taxable","15":"shipping-taxable","16":"purchasable","17":"product-type-simple"},"yoast_head":"<!-- This site is optimized with the Yoast SEO plugin v25.4 - https:\/\/yoast.com\/wordpress\/plugins\/seo\/ -->\n<title>TRUUSK Parasollst\u00e4ll med Basvikter - Fyllbara med Vatten och Sand - Plast - 103L x 103B x 8,3H cm - Svart - TRUUSK - Hem, Tr\u00e4dg\u00e5rd &amp; Fritid<\/title>\n<meta name=\"robots\" content=\"index, follow, max-snippet:-1, max-image-preview:large, max-video-preview:-1\" \/>\n<link rel=\"canonical\" href=\"https:\/\/truusk.store\/sv\/produkt\/truusk-parasollstall-med-basvikter-fyllbara-med-vatten-och-sand-plast-103l-x-103b-x-83h-cm-svart\/\" \/>\n<meta property=\"og:locale\" content=\"sv_SE\" \/>\n<meta property=\"og:type\" content=\"article\" \/>\n<meta property=\"og:title\" content=\"TRUUSK Parasollst\u00e4ll med Basvikter - Fyllbara med Vatten och Sand - Plast - 103L x 103B x 8,3H cm - Svart - TRUUSK - Hem, Tr\u00e4dg\u00e5rd &amp; Fritid\" \/>\n<meta property=\"og:description\" content=\"S\u00e4kra dina [BRAND NAME] Cantilever parasoller p\u00e5litligt &#8211; hela dagen: Investera i v\u00e5ra viktplattor f\u00f6r parasoll. Tillverkade av robust HDPE-plast,...\" \/>\n<meta property=\"og:url\" content=\"https:\/\/truusk.store\/sv\/produkt\/truusk-parasollstall-med-basvikter-fyllbara-med-vatten-och-sand-plast-103l-x-103b-x-83h-cm-svart\/\" \/>\n<meta property=\"og:site_name\" content=\"TRUUSK - Hem, Tr\u00e4dg\u00e5rd &amp; Fritid\" \/>\n<meta property=\"article:modified_time\" content=\"2026-03-12T08:24:25+00:00\" \/>\n<meta property=\"og:image\" content=\"https:\/\/i0.wp.com\/truusk.se\/wp-content\/uploads\/2026\/02\/basvikter-for-parasollstall-fyllbara-med-vatten-och-sand-plast-103l-x-103b-x-83h-cm-svart-1.webp?fit=2000%2C2000&ssl=1\" \/>\n\t<meta property=\"og:image:width\" content=\"2000\" \/>\n\t<meta property=\"og:image:height\" content=\"2000\" \/>\n\t<meta property=\"og:image:type\" content=\"image\/webp\" \/>\n<meta name=\"twitter:card\" content=\"summary_large_image\" \/>\n<meta name=\"twitter:label1\" content=\"Ber\u00e4knad l\u00e4stid\" \/>\n\t<meta name=\"twitter:data1\" content=\"1 minut\" \/>\n<!-- \/ Yoast SEO plugin. -->","yoast_head_json":{"title":"TRUUSK Parasollst\u00e4ll med Basvikter - Fyllbara med Vatten och Sand - Plast - 103L x 103B x 8,3H cm - Svart - TRUUSK - Hem, Tr\u00e4dg\u00e5rd &amp; Fritid","robots":{"index":"index","follow":"follow","max-snippet":"max-snippet:-1","max-image-preview":"max-image-preview:large","max-video-preview":"max-video-preview:-1"},"canonical":"https:\/\/truusk.store\/sv\/produkt\/truusk-parasollstall-med-basvikter-fyllbara-med-vatten-och-sand-plast-103l-x-103b-x-83h-cm-svart\/","og_locale":"sv_SE","og_type":"article","og_title":"TRUUSK Parasollst\u00e4ll med Basvikter - Fyllbara med Vatten och Sand - Plast - 103L x 103B x 8,3H cm - Svart - TRUUSK - Hem, Tr\u00e4dg\u00e5rd &amp; Fritid","og_description":"S\u00e4kra dina [BRAND NAME] Cantilever parasoller p\u00e5litligt &#8211; hela dagen: Investera i v\u00e5ra viktplattor f\u00f6r parasoll. Tillverkade av robust HDPE-plast,...","og_url":"https:\/\/truusk.store\/sv\/produkt\/truusk-parasollstall-med-basvikter-fyllbara-med-vatten-och-sand-plast-103l-x-103b-x-83h-cm-svart\/","og_site_name":"TRUUSK - Hem, Tr\u00e4dg\u00e5rd &amp; Fritid","article_modified_time":"2026-03-12T08:24:25+00:00","og_image":[{"width":2000,"height":2000,"url":"https:\/\/i0.wp.com\/truusk.se\/wp-content\/uploads\/2026\/02\/basvikter-for-parasollstall-fyllbara-med-vatten-och-sand-plast-103l-x-103b-x-83h-cm-svart-1.webp?fit=2000%2C2000&ssl=1","type":"image\/webp"}],"twitter_card":"summary_large_image","twitter_misc":{"Ber\u00e4knad l\u00e4stid":"1 minut"},"schema":{"@context":"https:\/\/schema.org","@graph":[{"@type":"WebPage","@id":"https:\/\/truusk.store\/sv\/produkt\/truusk-parasollstall-med-basvikter-fyllbara-med-vatten-och-sand-plast-103l-x-103b-x-83h-cm-svart\/","url":"https:\/\/truusk.store\/sv\/produkt\/truusk-parasollstall-med-basvikter-fyllbara-med-vatten-och-sand-plast-103l-x-103b-x-83h-cm-svart\/","name":"TRUUSK Parasollst\u00e4ll med Basvikter - Fyllbara med Vatten och Sand - Plast - 103L x 103B x 8,3H cm - Svart - TRUUSK - Hem, Tr\u00e4dg\u00e5rd &amp; Fritid","isPartOf":{"@id":"https:\/\/truusk.store\/sv\/#website"},"primaryImageOfPage":{"@id":"https:\/\/truusk.store\/sv\/produkt\/truusk-parasollstall-med-basvikter-fyllbara-med-vatten-och-sand-plast-103l-x-103b-x-83h-cm-svart\/#primaryimage"},"image":{"@id":"https:\/\/truusk.store\/sv\/produkt\/truusk-parasollstall-med-basvikter-fyllbara-med-vatten-och-sand-plast-103l-x-103b-x-83h-cm-svart\/#primaryimage"},"thumbnailUrl":"https:\/\/i0.wp.com\/truusk.store\/wp-content\/uploads\/2026\/02\/basvikter-for-parasollstall-fyllbara-med-vatten-och-sand-plast-103l-x-103b-x-83h-cm-svart-1.webp?fit=2000%2C2000&ssl=1","datePublished":"2026-02-25T12:03:33+00:00","dateModified":"2026-03-12T08:24:25+00:00","breadcrumb":{"@id":"https:\/\/truusk.store\/sv\/produkt\/truusk-parasollstall-med-basvikter-fyllbara-med-vatten-och-sand-plast-103l-x-103b-x-83h-cm-svart\/#breadcrumb"},"inLanguage":"sv-SE","potentialAction":[{"@type":"ReadAction","target":["https:\/\/truusk.store\/sv\/produkt\/truusk-parasollstall-med-basvikter-fyllbara-med-vatten-och-sand-plast-103l-x-103b-x-83h-cm-svart\/"]}]},{"@type":"ImageObject","inLanguage":"sv-SE","@id":"https:\/\/truusk.store\/sv\/produkt\/truusk-parasollstall-med-basvikter-fyllbara-med-vatten-och-sand-plast-103l-x-103b-x-83h-cm-svart\/#primaryimage","url":"https:\/\/i0.wp.com\/truusk.store\/wp-content\/uploads\/2026\/02\/basvikter-for-parasollstall-fyllbara-med-vatten-och-sand-plast-103l-x-103b-x-83h-cm-svart-1.webp?fit=2000%2C2000&ssl=1","contentUrl":"https:\/\/i0.wp.com\/truusk.store\/wp-content\/uploads\/2026\/02\/basvikter-for-parasollstall-fyllbara-med-vatten-och-sand-plast-103l-x-103b-x-83h-cm-svart-1.webp?fit=2000%2C2000&ssl=1","width":2000,"height":2000},{"@type":"BreadcrumbList","@id":"https:\/\/truusk.store\/sv\/produkt\/truusk-parasollstall-med-basvikter-fyllbara-med-vatten-och-sand-plast-103l-x-103b-x-83h-cm-svart\/#breadcrumb","itemListElement":[{"@type":"ListItem","position":1,"name":"Home","item":"https:\/\/truusk.store\/sv\/"},{"@type":"ListItem","position":2,"name":"Shop","item":"https:\/\/truusk.store\/shop\/"},{"@type":"ListItem","position":3,"name":"TRUUSK Parasollst\u00e4ll med Basvikter &#8211; Fyllbara med Vatten och Sand &#8211; Plast &#8211; 103L x 103B x 8,3H cm &#8211; Svart"}]},{"@type":"WebSite","@id":"https:\/\/truusk.store\/sv\/#website","url":"https:\/\/truusk.store\/sv\/","name":"TRUUSK - Hem, Tr\u00e4dg\u00e5rd & Fritid","description":"","publisher":{"@id":"https:\/\/truusk.store\/sv\/#organization"},"potentialAction":[{"@type":"SearchAction","target":{"@type":"EntryPoint","urlTemplate":"https:\/\/truusk.store\/sv\/?s={search_term_string}"},"query-input":{"@type":"PropertyValueSpecification","valueRequired":true,"valueName":"search_term_string"}}],"inLanguage":"sv-SE"},{"@type":"Organization","@id":"https:\/\/truusk.store\/sv\/#organization","name":"TRUUSK - Hem, Tr\u00e4dg\u00e5rd & Fritid","url":"https:\/\/truusk.store\/sv\/","logo":{"@type":"ImageObject","inLanguage":"sv-SE","@id":"https:\/\/truusk.store\/sv\/#\/schema\/logo\/image\/","url":"https:\/\/i0.wp.com\/truusk.store\/wp-content\/uploads\/2026\/03\/cropped-TRUUSK.png?fit=2032%2C917&ssl=1","contentUrl":"https:\/\/i0.wp.com\/truusk.store\/wp-content\/uploads\/2026\/03\/cropped-TRUUSK.png?fit=2032%2C917&ssl=1","width":2032,"height":917,"caption":"TRUUSK - Hem, Tr\u00e4dg\u00e5rd & Fritid"},"image":{"@id":"https:\/\/truusk.store\/sv\/#\/schema\/logo\/image\/"}}]}},"jetpack_sharing_enabled":true,"_links":{"self":[{"href":"https:\/\/truusk.store\/sv\/wp-json\/wp\/v2\/product\/106714","targetHints":{"allow":["GET"]}}],"collection":[{"href":"https:\/\/truusk.store\/sv\/wp-json\/wp\/v2\/product"}],"about":[{"href":"https:\/\/truusk.store\/sv\/wp-json\/wp\/v2\/types\/product"}],"wp:featuredmedia":[{"embeddable":true,"href":"https:\/\/truusk.store\/sv\/wp-json\/wp\/v2\/media\/106701"}],"wp:attachment":[{"href":"https:\/\/truusk.store\/sv\/wp-json\/wp\/v2\/media?parent=106714"}],"wp:term":[{"taxonomy":"product_brand","embeddable":true,"href":"https:\/\/truusk.store\/sv\/wp-json\/wp\/v2\/product_brand?post=106714"},{"taxonomy":"product_cat","embeddable":true,"href":"https:\/\/truusk.store\/sv\/wp-json\/wp\/v2\/product_cat?post=106714"},{"taxonomy":"product_tag","embeddable":true,"href":"https:\/\/truusk.store\/sv\/wp-json\/wp\/v2\/product_tag?post=106714"}],"curies":[{"name":"wp","href":"https:\/\/api.w.org\/{rel}","templated":true}]}}