{"id":106724,"date":"2026-02-25T13:04:51","date_gmt":"2026-02-25T12:04:51","guid":{"rendered":"https:\/\/truusk.store\/?post_type=product&#038;p=106724"},"modified":"2026-03-12T09:25:31","modified_gmt":"2026-03-12T08:25:31","slug":"truusk-parasollfot-av-betong-parasollstall-med-stalror-rund-parasollhallare-for-balkong-terrass-tradgard-svart","status":"publish","type":"product","link":"https:\/\/truusk.store\/sv\/produkt\/truusk-parasollfot-av-betong-parasollstall-med-stalror-rund-parasollhallare-for-balkong-terrass-tradgard-svart\/","title":{"rendered":"TRUUSK Parasollfot av Betong &#8211; Parasollst\u00e4ll med St\u00e5lr\u00f6r &#8211; Rund Parasollh\u00e5llare &#8211; F\u00f6r Balkong, Terrass, Tr\u00e4dg\u00e5rd &#8211; Svart"},"content":{"rendered":"<p>Upplev utomhuslivsstilen med denna robusta [BRAND NAME] p\u00e5fyllningsbara parasollfot. L\u00e4mplig f\u00f6r parasollst\u00e4nger med en diameter p\u00e5 1,5&#8243; och 2,0&#8243;, erbjuder den cementfyllda parasollfoten optimal stabilitet. Den attraktiva rottingstilen p\u00e5 denna parasollfot f\u00f6rsk\u00f6nar varje terrass. Kombinera den med en elegant uteplatsparasoll och bord f\u00f6r din personliga skuggoas.<\/p>\n<p>Beskrivning:<\/p>\n<ul>\n<li> Idealisk f\u00f6r anv\u00e4ndning tillsammans med ditt marknadsparasoll i din tr\u00e4dg\u00e5rd, p\u00e5 terrassen, d\u00e4cket etc.<\/li>\n<li> Passar f\u00f6r \u00d838 mm och \u00d848 mm parasollst\u00e4nger<\/li>\n<li> Parasollfoten \u00e4r tillverkad av HDPE-plast, l\u00e4mplig f\u00f6r utomhusbruk<\/li>\n<li> Cementfylld bas av parasollfoten garanterar dess stabilitet<\/li>\n<li> Dra \u00e5t vridknappen f\u00f6r extra stabilitet f\u00f6r parasollfoten<\/li>\n<li> Montering kr\u00e4vs<\/li>\n<\/ul>\n<p> Tekniska specifikationer:<\/p>\n<ul>\n<li> F\u00e4rg: Svart<\/li>\n<li> Material: Plast, metall, cement<\/li>\n<li> Totala dimensioner: \u00d8 45 cm x 33H cm<\/li>\n<li> Basdimension: \u00d8 45 cm x 6H cm<\/li>\n<li> St\u00e5lr\u00f6rdiameter: 5,5 cm<\/li>\n<li> Nettovikt: 9,5 kg<\/li>\n<li> Obs: 1, Passar f\u00f6r parasollst\u00e5ngdiameter: \u00d83,8 cm \/ \u00d84,8 cm.2, M\u00e4t i f\u00f6rv\u00e4g diametern p\u00e5 din parasollst\u00e5ng f\u00f6r att s\u00e4kerst\u00e4lla att v\u00e5r bas passar bra<\/li>\n<\/ul>\n<p>Leveransinneh\u00e5ll:<\/p>\n<ul>\n<li> 1 x Parasollfot<\/li>\n<li> 2 x Kopplingar<\/li>\n<li> 1 x Bruksanvisning<\/li>\n<\/ul>\n","protected":false},"excerpt":{"rendered":"<p>Upplev utomhuslivsstilen med denna robusta [BRAND NAME] p\u00e5fyllningsbara parasollfot. L\u00e4mplig f\u00f6r parasollst\u00e4nger med en diameter p\u00e5 1,5&#8243; och 2,0&#8243;, erbjuder&#8230;<\/p>\n","protected":false},"featured_media":106715,"template":"","meta":[],"product_brand":[],"product_cat":[886,862,1028,858],"product_tag":[],"class_list":{"0":"post-106724","1":"product","2":"type-product","3":"status-publish","4":"has-post-thumbnail","6":"product_cat-schirmstander","7":"product_cat-sol-insynsskydd","8":"product_cat-tillbehor-for-parasoller","9":"product_cat-tradgard-terrass","11":"first","12":"instock","13":"sale","14":"taxable","15":"shipping-taxable","16":"purchasable","17":"product-type-simple"},"yoast_head":"<!-- This site is optimized with the Yoast SEO plugin v25.4 - https:\/\/yoast.com\/wordpress\/plugins\/seo\/ -->\n<title>TRUUSK Parasollfot av Betong - Parasollst\u00e4ll med St\u00e5lr\u00f6r - Rund Parasollh\u00e5llare - F\u00f6r Balkong, Terrass, Tr\u00e4dg\u00e5rd - Svart - TRUUSK - Hem, Tr\u00e4dg\u00e5rd &amp; Fritid<\/title>\n<meta name=\"robots\" content=\"index, follow, max-snippet:-1, max-image-preview:large, max-video-preview:-1\" \/>\n<link rel=\"canonical\" href=\"https:\/\/truusk.store\/sv\/produkt\/truusk-parasollfot-av-betong-parasollstall-med-stalror-rund-parasollhallare-for-balkong-terrass-tradgard-svart\/\" \/>\n<meta property=\"og:locale\" content=\"sv_SE\" \/>\n<meta property=\"og:type\" content=\"article\" \/>\n<meta property=\"og:title\" content=\"TRUUSK Parasollfot av Betong - Parasollst\u00e4ll med St\u00e5lr\u00f6r - Rund Parasollh\u00e5llare - F\u00f6r Balkong, Terrass, Tr\u00e4dg\u00e5rd - Svart - TRUUSK - Hem, Tr\u00e4dg\u00e5rd &amp; Fritid\" \/>\n<meta property=\"og:description\" content=\"Upplev utomhuslivsstilen med denna robusta [BRAND NAME] p\u00e5fyllningsbara parasollfot. L\u00e4mplig f\u00f6r parasollst\u00e4nger med en diameter p\u00e5 1,5&#8243; och 2,0&#8243;, erbjuder...\" \/>\n<meta property=\"og:url\" content=\"https:\/\/truusk.store\/sv\/produkt\/truusk-parasollfot-av-betong-parasollstall-med-stalror-rund-parasollhallare-for-balkong-terrass-tradgard-svart\/\" \/>\n<meta property=\"og:site_name\" content=\"TRUUSK - Hem, Tr\u00e4dg\u00e5rd &amp; Fritid\" \/>\n<meta property=\"article:modified_time\" content=\"2026-03-12T08:25:31+00:00\" \/>\n<meta property=\"og:image\" content=\"https:\/\/i0.wp.com\/truusk.se\/wp-content\/uploads\/2026\/02\/parasollfot-av-betong-parasollstall-med-stalror-rund-parasollhallare-for-balkong-terrass-tradgard-svart-1.webp?fit=2000%2C2000&ssl=1\" \/>\n\t<meta property=\"og:image:width\" content=\"2000\" \/>\n\t<meta property=\"og:image:height\" content=\"2000\" \/>\n\t<meta property=\"og:image:type\" content=\"image\/webp\" \/>\n<meta name=\"twitter:card\" content=\"summary_large_image\" \/>\n<meta name=\"twitter:label1\" content=\"Ber\u00e4knad l\u00e4stid\" \/>\n\t<meta name=\"twitter:data1\" content=\"1 minut\" \/>\n<!-- \/ Yoast SEO plugin. -->","yoast_head_json":{"title":"TRUUSK Parasollfot av Betong - Parasollst\u00e4ll med St\u00e5lr\u00f6r - Rund Parasollh\u00e5llare - F\u00f6r Balkong, Terrass, Tr\u00e4dg\u00e5rd - Svart - TRUUSK - Hem, Tr\u00e4dg\u00e5rd &amp; Fritid","robots":{"index":"index","follow":"follow","max-snippet":"max-snippet:-1","max-image-preview":"max-image-preview:large","max-video-preview":"max-video-preview:-1"},"canonical":"https:\/\/truusk.store\/sv\/produkt\/truusk-parasollfot-av-betong-parasollstall-med-stalror-rund-parasollhallare-for-balkong-terrass-tradgard-svart\/","og_locale":"sv_SE","og_type":"article","og_title":"TRUUSK Parasollfot av Betong - Parasollst\u00e4ll med St\u00e5lr\u00f6r - Rund Parasollh\u00e5llare - F\u00f6r Balkong, Terrass, Tr\u00e4dg\u00e5rd - Svart - TRUUSK - Hem, Tr\u00e4dg\u00e5rd &amp; Fritid","og_description":"Upplev utomhuslivsstilen med denna robusta [BRAND NAME] p\u00e5fyllningsbara parasollfot. L\u00e4mplig f\u00f6r parasollst\u00e4nger med en diameter p\u00e5 1,5&#8243; och 2,0&#8243;, erbjuder...","og_url":"https:\/\/truusk.store\/sv\/produkt\/truusk-parasollfot-av-betong-parasollstall-med-stalror-rund-parasollhallare-for-balkong-terrass-tradgard-svart\/","og_site_name":"TRUUSK - Hem, Tr\u00e4dg\u00e5rd &amp; Fritid","article_modified_time":"2026-03-12T08:25:31+00:00","og_image":[{"width":2000,"height":2000,"url":"https:\/\/i0.wp.com\/truusk.se\/wp-content\/uploads\/2026\/02\/parasollfot-av-betong-parasollstall-med-stalror-rund-parasollhallare-for-balkong-terrass-tradgard-svart-1.webp?fit=2000%2C2000&ssl=1","type":"image\/webp"}],"twitter_card":"summary_large_image","twitter_misc":{"Ber\u00e4knad l\u00e4stid":"1 minut"},"schema":{"@context":"https:\/\/schema.org","@graph":[{"@type":"WebPage","@id":"https:\/\/truusk.store\/sv\/produkt\/truusk-parasollfot-av-betong-parasollstall-med-stalror-rund-parasollhallare-for-balkong-terrass-tradgard-svart\/","url":"https:\/\/truusk.store\/sv\/produkt\/truusk-parasollfot-av-betong-parasollstall-med-stalror-rund-parasollhallare-for-balkong-terrass-tradgard-svart\/","name":"TRUUSK Parasollfot av Betong - Parasollst\u00e4ll med St\u00e5lr\u00f6r - Rund Parasollh\u00e5llare - F\u00f6r Balkong, Terrass, Tr\u00e4dg\u00e5rd - Svart - TRUUSK - Hem, Tr\u00e4dg\u00e5rd &amp; Fritid","isPartOf":{"@id":"https:\/\/truusk.store\/sv\/#website"},"primaryImageOfPage":{"@id":"https:\/\/truusk.store\/sv\/produkt\/truusk-parasollfot-av-betong-parasollstall-med-stalror-rund-parasollhallare-for-balkong-terrass-tradgard-svart\/#primaryimage"},"image":{"@id":"https:\/\/truusk.store\/sv\/produkt\/truusk-parasollfot-av-betong-parasollstall-med-stalror-rund-parasollhallare-for-balkong-terrass-tradgard-svart\/#primaryimage"},"thumbnailUrl":"https:\/\/i0.wp.com\/truusk.store\/wp-content\/uploads\/2026\/02\/parasollfot-av-betong-parasollstall-med-stalror-rund-parasollhallare-for-balkong-terrass-tradgard-svart-1.webp?fit=2000%2C2000&ssl=1","datePublished":"2026-02-25T12:04:51+00:00","dateModified":"2026-03-12T08:25:31+00:00","breadcrumb":{"@id":"https:\/\/truusk.store\/sv\/produkt\/truusk-parasollfot-av-betong-parasollstall-med-stalror-rund-parasollhallare-for-balkong-terrass-tradgard-svart\/#breadcrumb"},"inLanguage":"sv-SE","potentialAction":[{"@type":"ReadAction","target":["https:\/\/truusk.store\/sv\/produkt\/truusk-parasollfot-av-betong-parasollstall-med-stalror-rund-parasollhallare-for-balkong-terrass-tradgard-svart\/"]}]},{"@type":"ImageObject","inLanguage":"sv-SE","@id":"https:\/\/truusk.store\/sv\/produkt\/truusk-parasollfot-av-betong-parasollstall-med-stalror-rund-parasollhallare-for-balkong-terrass-tradgard-svart\/#primaryimage","url":"https:\/\/i0.wp.com\/truusk.store\/wp-content\/uploads\/2026\/02\/parasollfot-av-betong-parasollstall-med-stalror-rund-parasollhallare-for-balkong-terrass-tradgard-svart-1.webp?fit=2000%2C2000&ssl=1","contentUrl":"https:\/\/i0.wp.com\/truusk.store\/wp-content\/uploads\/2026\/02\/parasollfot-av-betong-parasollstall-med-stalror-rund-parasollhallare-for-balkong-terrass-tradgard-svart-1.webp?fit=2000%2C2000&ssl=1","width":2000,"height":2000},{"@type":"BreadcrumbList","@id":"https:\/\/truusk.store\/sv\/produkt\/truusk-parasollfot-av-betong-parasollstall-med-stalror-rund-parasollhallare-for-balkong-terrass-tradgard-svart\/#breadcrumb","itemListElement":[{"@type":"ListItem","position":1,"name":"Home","item":"https:\/\/truusk.store\/sv\/"},{"@type":"ListItem","position":2,"name":"Shop","item":"https:\/\/truusk.store\/shop\/"},{"@type":"ListItem","position":3,"name":"TRUUSK Parasollfot av Betong &#8211; Parasollst\u00e4ll med St\u00e5lr\u00f6r &#8211; Rund Parasollh\u00e5llare &#8211; F\u00f6r Balkong, Terrass, Tr\u00e4dg\u00e5rd &#8211; Svart"}]},{"@type":"WebSite","@id":"https:\/\/truusk.store\/sv\/#website","url":"https:\/\/truusk.store\/sv\/","name":"TRUUSK - Hem, Tr\u00e4dg\u00e5rd & Fritid","description":"","publisher":{"@id":"https:\/\/truusk.store\/sv\/#organization"},"potentialAction":[{"@type":"SearchAction","target":{"@type":"EntryPoint","urlTemplate":"https:\/\/truusk.store\/sv\/?s={search_term_string}"},"query-input":{"@type":"PropertyValueSpecification","valueRequired":true,"valueName":"search_term_string"}}],"inLanguage":"sv-SE"},{"@type":"Organization","@id":"https:\/\/truusk.store\/sv\/#organization","name":"TRUUSK - Hem, Tr\u00e4dg\u00e5rd & Fritid","url":"https:\/\/truusk.store\/sv\/","logo":{"@type":"ImageObject","inLanguage":"sv-SE","@id":"https:\/\/truusk.store\/sv\/#\/schema\/logo\/image\/","url":"https:\/\/i0.wp.com\/truusk.store\/wp-content\/uploads\/2026\/03\/cropped-TRUUSK.png?fit=2032%2C917&ssl=1","contentUrl":"https:\/\/i0.wp.com\/truusk.store\/wp-content\/uploads\/2026\/03\/cropped-TRUUSK.png?fit=2032%2C917&ssl=1","width":2032,"height":917,"caption":"TRUUSK - Hem, Tr\u00e4dg\u00e5rd & Fritid"},"image":{"@id":"https:\/\/truusk.store\/sv\/#\/schema\/logo\/image\/"}}]}},"jetpack_sharing_enabled":true,"_links":{"self":[{"href":"https:\/\/truusk.store\/sv\/wp-json\/wp\/v2\/product\/106724","targetHints":{"allow":["GET"]}}],"collection":[{"href":"https:\/\/truusk.store\/sv\/wp-json\/wp\/v2\/product"}],"about":[{"href":"https:\/\/truusk.store\/sv\/wp-json\/wp\/v2\/types\/product"}],"wp:featuredmedia":[{"embeddable":true,"href":"https:\/\/truusk.store\/sv\/wp-json\/wp\/v2\/media\/106715"}],"wp:attachment":[{"href":"https:\/\/truusk.store\/sv\/wp-json\/wp\/v2\/media?parent=106724"}],"wp:term":[{"taxonomy":"product_brand","embeddable":true,"href":"https:\/\/truusk.store\/sv\/wp-json\/wp\/v2\/product_brand?post=106724"},{"taxonomy":"product_cat","embeddable":true,"href":"https:\/\/truusk.store\/sv\/wp-json\/wp\/v2\/product_cat?post=106724"},{"taxonomy":"product_tag","embeddable":true,"href":"https:\/\/truusk.store\/sv\/wp-json\/wp\/v2\/product_tag?post=106724"}],"curies":[{"name":"wp","href":"https:\/\/api.w.org\/{rel}","templated":true}]}}