{"id":106770,"date":"2026-02-25T13:29:39","date_gmt":"2026-02-25T12:29:39","guid":{"rendered":"https:\/\/truusk.store\/?post_type=product&#038;p=106770"},"modified":"2026-03-12T08:40:32","modified_gmt":"2026-03-12T07:40:32","slug":"truusk-metall-utomhus-rumdelare-lamelldesign-dekorativ-for-terrass-tradgard-balkong-svart","status":"publish","type":"product","link":"https:\/\/truusk.store\/sv\/produkt\/truusk-metall-utomhus-rumdelare-lamelldesign-dekorativ-for-terrass-tradgard-balkong-svart\/","title":{"rendered":"TRUUSK Metall Utomhus Rumdelare &#8211; Lamelldesign &#8211; Dekorativ &#8211; F\u00f6r Terrass, Tr\u00e4dg\u00e5rd, Balkong &#8211; Svart"},"content":{"rendered":"<p>G\u00f6r om ditt utomhusomr\u00e5de med [BRAND NAME] v\u00e4derbest\u00e4ndiga paravent f\u00f6r utomhusbruk! Denna eleganta avsk\u00e4rmning f\u00f6r tr\u00e4dg\u00e5rden erbjuder inte bara snabb rumsdelning, utan uppfyller ocks\u00e5 dekorativa syften. Tillverkad av robust st\u00e5l med skyddande bel\u00e4ggning, lovar rumsdelaren f\u00f6r utomhusbruk h\u00e5llbarhet och f\u00f6rsk\u00f6nar din tr\u00e4dg\u00e5rd. Med de medf\u00f6ljande expansionsbultarna kan den dessutom f\u00e4stas ordentligt f\u00f6r \u00e4nnu s\u00e4krare grepp.<\/p>\n<p>Beskrivning:<\/p>\n<ul>\n<li> Med st\u00e5lram och rostfri bel\u00e4ggning<\/li>\n<li> Rumsdelaren f\u00f6r utomhusbruk fungerar ocks\u00e5 som kl\u00e4tterst\u00f6d och st\u00f6djer kl\u00e4tterv\u00e4xter<\/li>\n<li> Vertikalt sammansatt av tre paneler<\/li>\n<li> Breda f\u00f6tter och fyra expansionspluggar f\u00f6r balkongavdelaren f\u00f6r golvmontering<\/li>\n<li> Vi rekommenderar att l\u00e4gga till vikter under avsk\u00e4rmningen f\u00f6r tr\u00e4dg\u00e5rden f\u00f6r att \u00f6ka stabiliteten<\/li>\n<li> Montering kr\u00e4vs<\/li>\n<\/ul>\n<p>Tekniska data:<\/p>\n<ul>\n<li> Stil: Lameller<\/li>\n<li> F\u00e4rg: Svart<\/li>\n<li> Material: St\u00e5l<\/li>\n<li> Totala dimensioner: 122L x 45B x 198H cm<\/li>\n<li> Dimensioner f\u00f6r varje panel: 120B x 60H cm<\/li>\n<li> H\u00f6jd p\u00e5 den nedre panelkanten: 18 cm<\/li>\n<li> Obs: Endast f\u00f6r dekorativ anv\u00e4ndning\/rumsdelning<\/li>\n<\/ul>\n<p>Leveransinneh\u00e5ll:<\/p>\n<ul>\n<li> 1 x Avsk\u00e4rmning f\u00f6r utomhusbruk<\/li>\n<li> 4 x Expansionspluggar<\/li>\n<li> 1 x Handbok<\/li>\n<\/ul>\n","protected":false},"excerpt":{"rendered":"<p>G\u00f6r om ditt utomhusomr\u00e5de med [BRAND NAME] v\u00e4derbest\u00e4ndiga paravent f\u00f6r utomhusbruk! Denna eleganta avsk\u00e4rmning f\u00f6r tr\u00e4dg\u00e5rden erbjuder inte bara snabb&#8230;<\/p>\n","protected":false},"featured_media":106755,"template":"","meta":[],"product_brand":[],"product_cat":[1031,862,858],"product_tag":[],"class_list":{"0":"post-106770","1":"product","2":"type-product","3":"status-publish","4":"has-post-thumbnail","6":"product_cat-insynsskydd-konstgjorda-hackar","7":"product_cat-sol-insynsskydd","8":"product_cat-tradgard-terrass","10":"first","11":"instock","12":"sale","13":"taxable","14":"shipping-taxable","15":"purchasable","16":"product-type-simple"},"yoast_head":"<!-- This site is optimized with the Yoast SEO plugin v25.4 - https:\/\/yoast.com\/wordpress\/plugins\/seo\/ -->\n<title>TRUUSK Metall Utomhus Rumdelare - Lamelldesign - Dekorativ - F\u00f6r Terrass, Tr\u00e4dg\u00e5rd, Balkong - Svart - TRUUSK - Hem, Tr\u00e4dg\u00e5rd &amp; Fritid<\/title>\n<meta name=\"robots\" content=\"index, follow, max-snippet:-1, max-image-preview:large, max-video-preview:-1\" \/>\n<link rel=\"canonical\" href=\"https:\/\/truusk.store\/sv\/produkt\/truusk-metall-utomhus-rumdelare-lamelldesign-dekorativ-for-terrass-tradgard-balkong-svart\/\" \/>\n<meta property=\"og:locale\" content=\"sv_SE\" \/>\n<meta property=\"og:type\" content=\"article\" \/>\n<meta property=\"og:title\" content=\"TRUUSK Metall Utomhus Rumdelare - Lamelldesign - Dekorativ - F\u00f6r Terrass, Tr\u00e4dg\u00e5rd, Balkong - Svart - TRUUSK - Hem, Tr\u00e4dg\u00e5rd &amp; Fritid\" \/>\n<meta property=\"og:description\" content=\"G\u00f6r om ditt utomhusomr\u00e5de med [BRAND NAME] v\u00e4derbest\u00e4ndiga paravent f\u00f6r utomhusbruk! Denna eleganta avsk\u00e4rmning f\u00f6r tr\u00e4dg\u00e5rden erbjuder inte bara snabb...\" \/>\n<meta property=\"og:url\" content=\"https:\/\/truusk.store\/sv\/produkt\/truusk-metall-utomhus-rumdelare-lamelldesign-dekorativ-for-terrass-tradgard-balkong-svart\/\" \/>\n<meta property=\"og:site_name\" content=\"TRUUSK - Hem, Tr\u00e4dg\u00e5rd &amp; Fritid\" \/>\n<meta property=\"article:modified_time\" content=\"2026-03-12T07:40:32+00:00\" \/>\n<meta property=\"og:image\" content=\"https:\/\/i0.wp.com\/truusk.se\/wp-content\/uploads\/2026\/02\/utomhus-rumdelare-i-metall-lamelldesign-dekorativ-rumdelare-for-terrass-tradgard-balkong-svart-1.webp?fit=2000%2C2000&ssl=1\" \/>\n\t<meta property=\"og:image:width\" content=\"2000\" \/>\n\t<meta property=\"og:image:height\" content=\"2000\" \/>\n\t<meta property=\"og:image:type\" content=\"image\/webp\" \/>\n<meta name=\"twitter:card\" content=\"summary_large_image\" \/>\n<meta name=\"twitter:label1\" content=\"Ber\u00e4knad l\u00e4stid\" \/>\n\t<meta name=\"twitter:data1\" content=\"1 minut\" \/>\n<!-- \/ Yoast SEO plugin. -->","yoast_head_json":{"title":"TRUUSK Metall Utomhus Rumdelare - Lamelldesign - Dekorativ - F\u00f6r Terrass, Tr\u00e4dg\u00e5rd, Balkong - Svart - TRUUSK - Hem, Tr\u00e4dg\u00e5rd &amp; Fritid","robots":{"index":"index","follow":"follow","max-snippet":"max-snippet:-1","max-image-preview":"max-image-preview:large","max-video-preview":"max-video-preview:-1"},"canonical":"https:\/\/truusk.store\/sv\/produkt\/truusk-metall-utomhus-rumdelare-lamelldesign-dekorativ-for-terrass-tradgard-balkong-svart\/","og_locale":"sv_SE","og_type":"article","og_title":"TRUUSK Metall Utomhus Rumdelare - Lamelldesign - Dekorativ - F\u00f6r Terrass, Tr\u00e4dg\u00e5rd, Balkong - Svart - TRUUSK - Hem, Tr\u00e4dg\u00e5rd &amp; Fritid","og_description":"G\u00f6r om ditt utomhusomr\u00e5de med [BRAND NAME] v\u00e4derbest\u00e4ndiga paravent f\u00f6r utomhusbruk! Denna eleganta avsk\u00e4rmning f\u00f6r tr\u00e4dg\u00e5rden erbjuder inte bara snabb...","og_url":"https:\/\/truusk.store\/sv\/produkt\/truusk-metall-utomhus-rumdelare-lamelldesign-dekorativ-for-terrass-tradgard-balkong-svart\/","og_site_name":"TRUUSK - Hem, Tr\u00e4dg\u00e5rd &amp; Fritid","article_modified_time":"2026-03-12T07:40:32+00:00","og_image":[{"width":2000,"height":2000,"url":"https:\/\/i0.wp.com\/truusk.se\/wp-content\/uploads\/2026\/02\/utomhus-rumdelare-i-metall-lamelldesign-dekorativ-rumdelare-for-terrass-tradgard-balkong-svart-1.webp?fit=2000%2C2000&ssl=1","type":"image\/webp"}],"twitter_card":"summary_large_image","twitter_misc":{"Ber\u00e4knad l\u00e4stid":"1 minut"},"schema":{"@context":"https:\/\/schema.org","@graph":[{"@type":"WebPage","@id":"https:\/\/truusk.store\/sv\/produkt\/truusk-metall-utomhus-rumdelare-lamelldesign-dekorativ-for-terrass-tradgard-balkong-svart\/","url":"https:\/\/truusk.store\/sv\/produkt\/truusk-metall-utomhus-rumdelare-lamelldesign-dekorativ-for-terrass-tradgard-balkong-svart\/","name":"TRUUSK Metall Utomhus Rumdelare - Lamelldesign - Dekorativ - F\u00f6r Terrass, Tr\u00e4dg\u00e5rd, Balkong - Svart - TRUUSK - Hem, Tr\u00e4dg\u00e5rd &amp; Fritid","isPartOf":{"@id":"https:\/\/truusk.store\/sv\/#website"},"primaryImageOfPage":{"@id":"https:\/\/truusk.store\/sv\/produkt\/truusk-metall-utomhus-rumdelare-lamelldesign-dekorativ-for-terrass-tradgard-balkong-svart\/#primaryimage"},"image":{"@id":"https:\/\/truusk.store\/sv\/produkt\/truusk-metall-utomhus-rumdelare-lamelldesign-dekorativ-for-terrass-tradgard-balkong-svart\/#primaryimage"},"thumbnailUrl":"https:\/\/i0.wp.com\/truusk.store\/wp-content\/uploads\/2026\/02\/utomhus-rumdelare-i-metall-lamelldesign-dekorativ-rumdelare-for-terrass-tradgard-balkong-svart-1.webp?fit=2000%2C2000&ssl=1","datePublished":"2026-02-25T12:29:39+00:00","dateModified":"2026-03-12T07:40:32+00:00","breadcrumb":{"@id":"https:\/\/truusk.store\/sv\/produkt\/truusk-metall-utomhus-rumdelare-lamelldesign-dekorativ-for-terrass-tradgard-balkong-svart\/#breadcrumb"},"inLanguage":"sv-SE","potentialAction":[{"@type":"ReadAction","target":["https:\/\/truusk.store\/sv\/produkt\/truusk-metall-utomhus-rumdelare-lamelldesign-dekorativ-for-terrass-tradgard-balkong-svart\/"]}]},{"@type":"ImageObject","inLanguage":"sv-SE","@id":"https:\/\/truusk.store\/sv\/produkt\/truusk-metall-utomhus-rumdelare-lamelldesign-dekorativ-for-terrass-tradgard-balkong-svart\/#primaryimage","url":"https:\/\/i0.wp.com\/truusk.store\/wp-content\/uploads\/2026\/02\/utomhus-rumdelare-i-metall-lamelldesign-dekorativ-rumdelare-for-terrass-tradgard-balkong-svart-1.webp?fit=2000%2C2000&ssl=1","contentUrl":"https:\/\/i0.wp.com\/truusk.store\/wp-content\/uploads\/2026\/02\/utomhus-rumdelare-i-metall-lamelldesign-dekorativ-rumdelare-for-terrass-tradgard-balkong-svart-1.webp?fit=2000%2C2000&ssl=1","width":2000,"height":2000},{"@type":"BreadcrumbList","@id":"https:\/\/truusk.store\/sv\/produkt\/truusk-metall-utomhus-rumdelare-lamelldesign-dekorativ-for-terrass-tradgard-balkong-svart\/#breadcrumb","itemListElement":[{"@type":"ListItem","position":1,"name":"Home","item":"https:\/\/truusk.store\/sv\/"},{"@type":"ListItem","position":2,"name":"Shop","item":"https:\/\/truusk.store\/shop\/"},{"@type":"ListItem","position":3,"name":"TRUUSK Metall Utomhus Rumdelare &#8211; Lamelldesign &#8211; Dekorativ &#8211; F\u00f6r Terrass, Tr\u00e4dg\u00e5rd, Balkong &#8211; Svart"}]},{"@type":"WebSite","@id":"https:\/\/truusk.store\/sv\/#website","url":"https:\/\/truusk.store\/sv\/","name":"TRUUSK - Hem, Tr\u00e4dg\u00e5rd & Fritid","description":"","publisher":{"@id":"https:\/\/truusk.store\/sv\/#organization"},"potentialAction":[{"@type":"SearchAction","target":{"@type":"EntryPoint","urlTemplate":"https:\/\/truusk.store\/sv\/?s={search_term_string}"},"query-input":{"@type":"PropertyValueSpecification","valueRequired":true,"valueName":"search_term_string"}}],"inLanguage":"sv-SE"},{"@type":"Organization","@id":"https:\/\/truusk.store\/sv\/#organization","name":"TRUUSK - Hem, Tr\u00e4dg\u00e5rd & Fritid","url":"https:\/\/truusk.store\/sv\/","logo":{"@type":"ImageObject","inLanguage":"sv-SE","@id":"https:\/\/truusk.store\/sv\/#\/schema\/logo\/image\/","url":"https:\/\/i0.wp.com\/truusk.store\/wp-content\/uploads\/2026\/03\/cropped-TRUUSK.png?fit=2032%2C917&ssl=1","contentUrl":"https:\/\/i0.wp.com\/truusk.store\/wp-content\/uploads\/2026\/03\/cropped-TRUUSK.png?fit=2032%2C917&ssl=1","width":2032,"height":917,"caption":"TRUUSK - Hem, Tr\u00e4dg\u00e5rd & Fritid"},"image":{"@id":"https:\/\/truusk.store\/sv\/#\/schema\/logo\/image\/"}}]}},"jetpack_sharing_enabled":true,"_links":{"self":[{"href":"https:\/\/truusk.store\/sv\/wp-json\/wp\/v2\/product\/106770","targetHints":{"allow":["GET"]}}],"collection":[{"href":"https:\/\/truusk.store\/sv\/wp-json\/wp\/v2\/product"}],"about":[{"href":"https:\/\/truusk.store\/sv\/wp-json\/wp\/v2\/types\/product"}],"wp:featuredmedia":[{"embeddable":true,"href":"https:\/\/truusk.store\/sv\/wp-json\/wp\/v2\/media\/106755"}],"wp:attachment":[{"href":"https:\/\/truusk.store\/sv\/wp-json\/wp\/v2\/media?parent=106770"}],"wp:term":[{"taxonomy":"product_brand","embeddable":true,"href":"https:\/\/truusk.store\/sv\/wp-json\/wp\/v2\/product_brand?post=106770"},{"taxonomy":"product_cat","embeddable":true,"href":"https:\/\/truusk.store\/sv\/wp-json\/wp\/v2\/product_cat?post=106770"},{"taxonomy":"product_tag","embeddable":true,"href":"https:\/\/truusk.store\/sv\/wp-json\/wp\/v2\/product_tag?post=106770"}],"curies":[{"name":"wp","href":"https:\/\/api.w.org\/{rel}","templated":true}]}}