{"id":106804,"date":"2026-02-27T12:44:55","date_gmt":"2026-02-27T11:44:55","guid":{"rendered":"https:\/\/truusk.store\/product\/konstgjord-julgran-smal-tallkottar-flamskyddande-54-x-195-cm-gron\/"},"modified":"2026-03-12T09:14:31","modified_gmt":"2026-03-12T08:14:31","slug":"truusk-smal-konstgjord-julgran-tallkottar-flamskyddande-54-x-195-cm-gron","status":"publish","type":"product","link":"https:\/\/truusk.store\/sv\/produkt\/truusk-smal-konstgjord-julgran-tallkottar-flamskyddande-54-x-195-cm-gron\/","title":{"rendered":"TRUUSK Smal konstgjord julgran &#8211; Tallkottar &#8211; Flamskyddande &#8211; 54 x 195 cm &#8211; Gr\u00f6n"},"content":{"rendered":"<p>Upplev magin med julen utan stress med den smala julgranen fr\u00e5n [BRAND NAME]. Denna eleganta konstgjorda julgran ger en festlig st\u00e4mning i ditt hem, utan det vanliga besv\u00e4ret. Njut av v\u00e4rdefulla stunder med dina n\u00e4ra och k\u00e4ra, medan [BRAND NAME] julgran gl\u00e4nser med minimal anstr\u00e4ngning och maximal effekt. Enkel montering, inga barr och en f\u00f6rtrollande atmosf\u00e4r &#8211; s\u00e5 blir din fest of\u00f6rgl\u00f6mlig.<\/p>\n<p>Beskrivning:<\/p>\n<ul>\n<li> Lummiga grenar med tv\u00e5 typer av toppar f\u00f6r ett flerskiktat utseende (granbarr och vanliga grenar), kottar ger ett h\u00e4lsosamt, naturligt utseende<\/li>\n<li> Smal form tar liten plats p\u00e5 golvet eller bordet, idealisk f\u00f6r sm\u00e5 utrymmen eller som en andra julgran i entr\u00e9n<\/li>\n<li> Sektionell design av julgranen f\u00f6r snabb montering<\/li>\n<li> Flams\u00e4kra grenar p\u00e5 julgranen \u00e4r osannolika att fatta eld eller orsaka allvarliga skador i hemmet<\/li>\n<li> Robust och h\u00e5llbar fot till julgranen f\u00f6r b\u00e4ttre stabilitet<\/li>\n<\/ul>\n<p>Tekniska specifikationer:<\/p>\n<ul>\n<li> F\u00e4rg: Gr\u00f6n<\/li>\n<li> Material: Plast, metall<\/li>\n<li> Totala dimensioner: \u00d854 x 195H cm<\/li>\n<li> Antal toppar: 556<\/li>\n<li> Antal kottar: 25<\/li>\n<li> Obs:1, Endast f\u00f6r inomhusbruk, inte f\u00f6r utomhusbruk<\/li>\n<li>2, F\u00f6r att f\u00e5 ett fullt utseende, v\u00e4nligen sprid ut alla enskilda toppar f\u00f6r att uppn\u00e5 b\u00e4sta m\u00f6jliga utseende p\u00e5 tr\u00e4det. Det rekommenderas att planera in cirka 20-25 minuter f\u00f6r att forma tr\u00e4det<\/li>\n<li>Endast tr\u00e4det med st\u00e4llningen ing\u00e5r<\/li>\n<\/ul>\n<p>Leveransinneh\u00e5ll:<\/p>\n<ul>\n<li> 1 x Julgran<\/li>\n<li> 1 x Instruktioner<\/li>\n<\/ul>\n","protected":false},"excerpt":{"rendered":"<p>Upplev magin med julen utan stress med den smala julgranen fr\u00e5n [BRAND NAME]. Denna eleganta konstgjorda julgran ger en festlig&#8230;<\/p>\n","protected":false},"featured_media":106795,"template":"","meta":[],"product_brand":[],"product_cat":[706,709,894],"product_tag":[],"class_list":{"0":"post-106804","1":"product","2":"type-product","3":"status-publish","4":"has-post-thumbnail","6":"product_cat-julgranar","7":"product_cat-julgranar-over-180cm","8":"product_cat-julvarld","10":"first","11":"instock","12":"sale","13":"taxable","14":"shipping-taxable","15":"purchasable","16":"product-type-simple"},"yoast_head":"<!-- This site is optimized with the Yoast SEO plugin v25.4 - https:\/\/yoast.com\/wordpress\/plugins\/seo\/ -->\n<title>TRUUSK Smal konstgjord julgran - Tallkottar - Flamskyddande - 54 x 195 cm - Gr\u00f6n - TRUUSK - Hem, Tr\u00e4dg\u00e5rd &amp; Fritid<\/title>\n<meta name=\"robots\" content=\"index, follow, max-snippet:-1, max-image-preview:large, max-video-preview:-1\" \/>\n<link rel=\"canonical\" href=\"https:\/\/truusk.store\/sv\/produkt\/truusk-smal-konstgjord-julgran-tallkottar-flamskyddande-54-x-195-cm-gron\/\" \/>\n<meta property=\"og:locale\" content=\"sv_SE\" \/>\n<meta property=\"og:type\" content=\"article\" \/>\n<meta property=\"og:title\" content=\"TRUUSK Smal konstgjord julgran - Tallkottar - Flamskyddande - 54 x 195 cm - Gr\u00f6n - TRUUSK - Hem, Tr\u00e4dg\u00e5rd &amp; Fritid\" \/>\n<meta property=\"og:description\" content=\"Upplev magin med julen utan stress med den smala julgranen fr\u00e5n [BRAND NAME]. Denna eleganta konstgjorda julgran ger en festlig...\" \/>\n<meta property=\"og:url\" content=\"https:\/\/truusk.store\/sv\/produkt\/truusk-smal-konstgjord-julgran-tallkottar-flamskyddande-54-x-195-cm-gron\/\" \/>\n<meta property=\"og:site_name\" content=\"TRUUSK - Hem, Tr\u00e4dg\u00e5rd &amp; Fritid\" \/>\n<meta property=\"article:modified_time\" content=\"2026-03-12T08:14:31+00:00\" \/>\n<meta property=\"og:image\" content=\"https:\/\/i0.wp.com\/truusk.se\/wp-content\/uploads\/2026\/02\/konstgjord-julgran-smal-tallkottar-flamskyddande-54-x-195-cm-gron-1.webp?fit=2000%2C2000&ssl=1\" \/>\n\t<meta property=\"og:image:width\" content=\"2000\" \/>\n\t<meta property=\"og:image:height\" content=\"2000\" \/>\n\t<meta property=\"og:image:type\" content=\"image\/webp\" \/>\n<meta name=\"twitter:card\" content=\"summary_large_image\" \/>\n<meta name=\"twitter:label1\" content=\"Ber\u00e4knad l\u00e4stid\" \/>\n\t<meta name=\"twitter:data1\" content=\"1 minut\" \/>\n<!-- \/ Yoast SEO plugin. -->","yoast_head_json":{"title":"TRUUSK Smal konstgjord julgran - Tallkottar - Flamskyddande - 54 x 195 cm - Gr\u00f6n - TRUUSK - Hem, Tr\u00e4dg\u00e5rd &amp; Fritid","robots":{"index":"index","follow":"follow","max-snippet":"max-snippet:-1","max-image-preview":"max-image-preview:large","max-video-preview":"max-video-preview:-1"},"canonical":"https:\/\/truusk.store\/sv\/produkt\/truusk-smal-konstgjord-julgran-tallkottar-flamskyddande-54-x-195-cm-gron\/","og_locale":"sv_SE","og_type":"article","og_title":"TRUUSK Smal konstgjord julgran - Tallkottar - Flamskyddande - 54 x 195 cm - Gr\u00f6n - TRUUSK - Hem, Tr\u00e4dg\u00e5rd &amp; Fritid","og_description":"Upplev magin med julen utan stress med den smala julgranen fr\u00e5n [BRAND NAME]. Denna eleganta konstgjorda julgran ger en festlig...","og_url":"https:\/\/truusk.store\/sv\/produkt\/truusk-smal-konstgjord-julgran-tallkottar-flamskyddande-54-x-195-cm-gron\/","og_site_name":"TRUUSK - Hem, Tr\u00e4dg\u00e5rd &amp; Fritid","article_modified_time":"2026-03-12T08:14:31+00:00","og_image":[{"width":2000,"height":2000,"url":"https:\/\/i0.wp.com\/truusk.se\/wp-content\/uploads\/2026\/02\/konstgjord-julgran-smal-tallkottar-flamskyddande-54-x-195-cm-gron-1.webp?fit=2000%2C2000&ssl=1","type":"image\/webp"}],"twitter_card":"summary_large_image","twitter_misc":{"Ber\u00e4knad l\u00e4stid":"1 minut"},"schema":{"@context":"https:\/\/schema.org","@graph":[{"@type":"WebPage","@id":"https:\/\/truusk.store\/sv\/produkt\/truusk-smal-konstgjord-julgran-tallkottar-flamskyddande-54-x-195-cm-gron\/","url":"https:\/\/truusk.store\/sv\/produkt\/truusk-smal-konstgjord-julgran-tallkottar-flamskyddande-54-x-195-cm-gron\/","name":"TRUUSK Smal konstgjord julgran - Tallkottar - Flamskyddande - 54 x 195 cm - Gr\u00f6n - TRUUSK - Hem, Tr\u00e4dg\u00e5rd &amp; Fritid","isPartOf":{"@id":"https:\/\/truusk.store\/sv\/#website"},"primaryImageOfPage":{"@id":"https:\/\/truusk.store\/sv\/produkt\/truusk-smal-konstgjord-julgran-tallkottar-flamskyddande-54-x-195-cm-gron\/#primaryimage"},"image":{"@id":"https:\/\/truusk.store\/sv\/produkt\/truusk-smal-konstgjord-julgran-tallkottar-flamskyddande-54-x-195-cm-gron\/#primaryimage"},"thumbnailUrl":"https:\/\/i0.wp.com\/truusk.store\/wp-content\/uploads\/2026\/02\/konstgjord-julgran-smal-tallkottar-flamskyddande-54-x-195-cm-gron-1.webp?fit=2000%2C2000&ssl=1","datePublished":"2026-02-27T11:44:55+00:00","dateModified":"2026-03-12T08:14:31+00:00","breadcrumb":{"@id":"https:\/\/truusk.store\/sv\/produkt\/truusk-smal-konstgjord-julgran-tallkottar-flamskyddande-54-x-195-cm-gron\/#breadcrumb"},"inLanguage":"sv-SE","potentialAction":[{"@type":"ReadAction","target":["https:\/\/truusk.store\/sv\/produkt\/truusk-smal-konstgjord-julgran-tallkottar-flamskyddande-54-x-195-cm-gron\/"]}]},{"@type":"ImageObject","inLanguage":"sv-SE","@id":"https:\/\/truusk.store\/sv\/produkt\/truusk-smal-konstgjord-julgran-tallkottar-flamskyddande-54-x-195-cm-gron\/#primaryimage","url":"https:\/\/i0.wp.com\/truusk.store\/wp-content\/uploads\/2026\/02\/konstgjord-julgran-smal-tallkottar-flamskyddande-54-x-195-cm-gron-1.webp?fit=2000%2C2000&ssl=1","contentUrl":"https:\/\/i0.wp.com\/truusk.store\/wp-content\/uploads\/2026\/02\/konstgjord-julgran-smal-tallkottar-flamskyddande-54-x-195-cm-gron-1.webp?fit=2000%2C2000&ssl=1","width":2000,"height":2000},{"@type":"BreadcrumbList","@id":"https:\/\/truusk.store\/sv\/produkt\/truusk-smal-konstgjord-julgran-tallkottar-flamskyddande-54-x-195-cm-gron\/#breadcrumb","itemListElement":[{"@type":"ListItem","position":1,"name":"Home","item":"https:\/\/truusk.store\/sv\/"},{"@type":"ListItem","position":2,"name":"Shop","item":"https:\/\/truusk.store\/shop\/"},{"@type":"ListItem","position":3,"name":"TRUUSK Smal konstgjord julgran &#8211; Tallkottar &#8211; Flamskyddande &#8211; 54 x 195 cm &#8211; Gr\u00f6n"}]},{"@type":"WebSite","@id":"https:\/\/truusk.store\/sv\/#website","url":"https:\/\/truusk.store\/sv\/","name":"TRUUSK - Hem, Tr\u00e4dg\u00e5rd & Fritid","description":"","publisher":{"@id":"https:\/\/truusk.store\/sv\/#organization"},"potentialAction":[{"@type":"SearchAction","target":{"@type":"EntryPoint","urlTemplate":"https:\/\/truusk.store\/sv\/?s={search_term_string}"},"query-input":{"@type":"PropertyValueSpecification","valueRequired":true,"valueName":"search_term_string"}}],"inLanguage":"sv-SE"},{"@type":"Organization","@id":"https:\/\/truusk.store\/sv\/#organization","name":"TRUUSK - Hem, Tr\u00e4dg\u00e5rd & Fritid","url":"https:\/\/truusk.store\/sv\/","logo":{"@type":"ImageObject","inLanguage":"sv-SE","@id":"https:\/\/truusk.store\/sv\/#\/schema\/logo\/image\/","url":"https:\/\/i0.wp.com\/truusk.store\/wp-content\/uploads\/2026\/03\/cropped-TRUUSK.png?fit=2032%2C917&ssl=1","contentUrl":"https:\/\/i0.wp.com\/truusk.store\/wp-content\/uploads\/2026\/03\/cropped-TRUUSK.png?fit=2032%2C917&ssl=1","width":2032,"height":917,"caption":"TRUUSK - Hem, Tr\u00e4dg\u00e5rd & Fritid"},"image":{"@id":"https:\/\/truusk.store\/sv\/#\/schema\/logo\/image\/"}}]}},"jetpack_sharing_enabled":true,"_links":{"self":[{"href":"https:\/\/truusk.store\/sv\/wp-json\/wp\/v2\/product\/106804","targetHints":{"allow":["GET"]}}],"collection":[{"href":"https:\/\/truusk.store\/sv\/wp-json\/wp\/v2\/product"}],"about":[{"href":"https:\/\/truusk.store\/sv\/wp-json\/wp\/v2\/types\/product"}],"wp:featuredmedia":[{"embeddable":true,"href":"https:\/\/truusk.store\/sv\/wp-json\/wp\/v2\/media\/106795"}],"wp:attachment":[{"href":"https:\/\/truusk.store\/sv\/wp-json\/wp\/v2\/media?parent=106804"}],"wp:term":[{"taxonomy":"product_brand","embeddable":true,"href":"https:\/\/truusk.store\/sv\/wp-json\/wp\/v2\/product_brand?post=106804"},{"taxonomy":"product_cat","embeddable":true,"href":"https:\/\/truusk.store\/sv\/wp-json\/wp\/v2\/product_cat?post=106804"},{"taxonomy":"product_tag","embeddable":true,"href":"https:\/\/truusk.store\/sv\/wp-json\/wp\/v2\/product_tag?post=106804"}],"curies":[{"name":"wp","href":"https:\/\/api.w.org\/{rel}","templated":true}]}}