{"id":106816,"date":"2026-03-03T12:28:31","date_gmt":"2026-03-03T11:28:31","guid":{"rendered":"https:\/\/truusk.store\/product\/rullbar-tradgardsvag-185-x-60-cm-utvikbar-travag-gangvag-av-grantra-for-tradgard-terrass-strand\/"},"modified":"2026-03-12T09:16:36","modified_gmt":"2026-03-12T08:16:36","slug":"truusk-rullbar-tradgardsvag-185-x-60-cm-utvikbar-travag-gangvag-av-grantra-for-tradgard-terrass-strand","status":"publish","type":"product","link":"https:\/\/truusk.store\/sv\/produkt\/truusk-rullbar-tradgardsvag-185-x-60-cm-utvikbar-travag-gangvag-av-grantra-for-tradgard-terrass-strand\/","title":{"rendered":"TRUUSK Rullbar Tr\u00e4dg\u00e5rdsv\u00e4g 185 x 60 cm &#8211; Utvikbar Tr\u00e4v\u00e4g &#8211; G\u00e5ngv\u00e4g av Grantr\u00e4 f\u00f6r Tr\u00e4dg\u00e5rd, Terrass, Strand"},"content":{"rendered":"<p>G\u00f6r dina utomhusomr\u00e5den mer tillg\u00e4ngliga med den tr\u00e4tr\u00e4dg\u00e5rdsstigen fr\u00e5n [BRAND NAME]! Den upprullbara stigen ger stil till din utomhusdesign och passar i rustika eller Zen-tr\u00e4dg\u00e5rdar, terrasser eller bredvid strandduschar. Tack vare mellanrummen mellan br\u00e4dorna dr\u00e4neras vatten snabbt, vilket undviker stillast\u00e5ende vatten p\u00e5 regniga dagar.<\/p>\n<p>Beskrivning:<\/p>\n<ul>\n<li> Denna tr\u00e4tr\u00e4dg\u00e5rdsstig f\u00f6rb\u00e4ttrar alla utomhusomr\u00e5den, fr\u00e5n g\u00e5rden till terrassen<\/li>\n<li> Tr\u00e4dg\u00e5rdsstig som ocks\u00e5 kan anv\u00e4ndas som matta f\u00f6r utomhusduschen f\u00f6r att undvika halka<\/li>\n<li> Den halvflexibla designen g\u00f6r tr\u00e4dg\u00e5rdsstigen l\u00e4mplig f\u00f6r oj\u00e4mna ytor som stranden, obef\u00e4stade v\u00e4gar, leriga v\u00e4gar osv.<\/li>\n<li> Denna tr\u00e4dg\u00e5rdsstig h\u00e5ller sulorna eller f\u00f6tterna rena fr\u00e5n smuts, lera och gr\u00e4s \u00e4ven i regn<\/li>\n<li> Tr\u00e4dg\u00e5rdsstig, sammanbunden med rep och gummispacers, motst\u00e5ndskraftig mot st\u00f6tar och r\u00f6relser<\/li>\n<li> Upprullbar tr\u00e4dg\u00e5rdsstig, l\u00e4tt att transportera \u00f6verallt<\/li>\n<li> Tr\u00e4dg\u00e5rdsstig av massivt tr\u00e4 med en skyddslack som \u00e4r motst\u00e5ndskraftig mot yttre p\u00e5verkan som regn, vatten, vattendroppar osv.<\/li>\n<li> L\u00e4tt att reng\u00f6ra med slangar eller h\u00f6gtryckstv\u00e4ttar.<\/li>\n<\/ul>\n<p> Tekniska data:<\/p>\n<ul>\n<li> F\u00e4rg: Gul<\/li>\n<li> Material: Grantr\u00e4<\/li>\n<li> Totala m\u00e5tt: 185L x 60B x 1,9T cm<\/li>\n<li> M\u00e5tt f\u00f6r varje br\u00e4da: 60B x 4,5T cm<\/li>\n<li> Storlek i upprullat tillst\u00e5nd: \u00d8 22 x 60H cm<\/li>\n<\/ul>\n<p>Leveransinneh\u00e5ll:<\/p>\n<ul>\n<li> 1 x Tr\u00e4dg\u00e5rdsstig;<\/li>\n<\/ul>\n","protected":false},"excerpt":{"rendered":"<p>G\u00f6r dina utomhusomr\u00e5den mer tillg\u00e4ngliga med den tr\u00e4tr\u00e4dg\u00e5rdsstigen fr\u00e5n [BRAND NAME]! Den upprullbara stigen ger stil till din utomhusdesign och&#8230;<\/p>\n","protected":false},"featured_media":106805,"template":"","meta":[],"product_brand":[],"product_cat":[858,464],"product_tag":[],"class_list":{"0":"post-106816","1":"product","2":"type-product","3":"status-publish","4":"has-post-thumbnail","6":"product_cat-tradgard-terrass","7":"product_cat-tradgardsdekoration","9":"first","10":"instock","11":"sale","12":"taxable","13":"shipping-taxable","14":"purchasable","15":"product-type-simple"},"yoast_head":"<!-- This site is optimized with the Yoast SEO plugin v25.4 - https:\/\/yoast.com\/wordpress\/plugins\/seo\/ -->\n<title>TRUUSK Rullbar Tr\u00e4dg\u00e5rdsv\u00e4g 185 x 60 cm - Utvikbar Tr\u00e4v\u00e4g - G\u00e5ngv\u00e4g av Grantr\u00e4 f\u00f6r Tr\u00e4dg\u00e5rd, Terrass, Strand - TRUUSK - Hem, Tr\u00e4dg\u00e5rd &amp; Fritid<\/title>\n<meta name=\"robots\" content=\"index, follow, max-snippet:-1, max-image-preview:large, max-video-preview:-1\" \/>\n<link rel=\"canonical\" href=\"https:\/\/truusk.store\/sv\/produkt\/truusk-rullbar-tradgardsvag-185-x-60-cm-utvikbar-travag-gangvag-av-grantra-for-tradgard-terrass-strand\/\" \/>\n<meta property=\"og:locale\" content=\"sv_SE\" \/>\n<meta property=\"og:type\" content=\"article\" \/>\n<meta property=\"og:title\" content=\"TRUUSK Rullbar Tr\u00e4dg\u00e5rdsv\u00e4g 185 x 60 cm - Utvikbar Tr\u00e4v\u00e4g - G\u00e5ngv\u00e4g av Grantr\u00e4 f\u00f6r Tr\u00e4dg\u00e5rd, Terrass, Strand - TRUUSK - Hem, Tr\u00e4dg\u00e5rd &amp; Fritid\" \/>\n<meta property=\"og:description\" content=\"G\u00f6r dina utomhusomr\u00e5den mer tillg\u00e4ngliga med den tr\u00e4tr\u00e4dg\u00e5rdsstigen fr\u00e5n [BRAND NAME]! Den upprullbara stigen ger stil till din utomhusdesign och...\" \/>\n<meta property=\"og:url\" content=\"https:\/\/truusk.store\/sv\/produkt\/truusk-rullbar-tradgardsvag-185-x-60-cm-utvikbar-travag-gangvag-av-grantra-for-tradgard-terrass-strand\/\" \/>\n<meta property=\"og:site_name\" content=\"TRUUSK - Hem, Tr\u00e4dg\u00e5rd &amp; Fritid\" \/>\n<meta property=\"article:modified_time\" content=\"2026-03-12T08:16:36+00:00\" \/>\n<meta property=\"og:image\" content=\"https:\/\/i0.wp.com\/truusk.se\/wp-content\/uploads\/2026\/03\/rullbar-tradgardsvag-185-x-60-cm-utvikbar-travag-gangvag-av-grantra-for-tradgard-terrass-strand-1.webp?fit=2000%2C2000&ssl=1\" \/>\n\t<meta property=\"og:image:width\" content=\"2000\" \/>\n\t<meta property=\"og:image:height\" content=\"2000\" \/>\n\t<meta property=\"og:image:type\" content=\"image\/webp\" \/>\n<meta name=\"twitter:card\" content=\"summary_large_image\" \/>\n<meta name=\"twitter:label1\" content=\"Ber\u00e4knad l\u00e4stid\" \/>\n\t<meta name=\"twitter:data1\" content=\"1 minut\" \/>\n<!-- \/ Yoast SEO plugin. -->","yoast_head_json":{"title":"TRUUSK Rullbar Tr\u00e4dg\u00e5rdsv\u00e4g 185 x 60 cm - Utvikbar Tr\u00e4v\u00e4g - G\u00e5ngv\u00e4g av Grantr\u00e4 f\u00f6r Tr\u00e4dg\u00e5rd, Terrass, Strand - TRUUSK - Hem, Tr\u00e4dg\u00e5rd &amp; Fritid","robots":{"index":"index","follow":"follow","max-snippet":"max-snippet:-1","max-image-preview":"max-image-preview:large","max-video-preview":"max-video-preview:-1"},"canonical":"https:\/\/truusk.store\/sv\/produkt\/truusk-rullbar-tradgardsvag-185-x-60-cm-utvikbar-travag-gangvag-av-grantra-for-tradgard-terrass-strand\/","og_locale":"sv_SE","og_type":"article","og_title":"TRUUSK Rullbar Tr\u00e4dg\u00e5rdsv\u00e4g 185 x 60 cm - Utvikbar Tr\u00e4v\u00e4g - G\u00e5ngv\u00e4g av Grantr\u00e4 f\u00f6r Tr\u00e4dg\u00e5rd, Terrass, Strand - TRUUSK - Hem, Tr\u00e4dg\u00e5rd &amp; Fritid","og_description":"G\u00f6r dina utomhusomr\u00e5den mer tillg\u00e4ngliga med den tr\u00e4tr\u00e4dg\u00e5rdsstigen fr\u00e5n [BRAND NAME]! Den upprullbara stigen ger stil till din utomhusdesign och...","og_url":"https:\/\/truusk.store\/sv\/produkt\/truusk-rullbar-tradgardsvag-185-x-60-cm-utvikbar-travag-gangvag-av-grantra-for-tradgard-terrass-strand\/","og_site_name":"TRUUSK - Hem, Tr\u00e4dg\u00e5rd &amp; Fritid","article_modified_time":"2026-03-12T08:16:36+00:00","og_image":[{"width":2000,"height":2000,"url":"https:\/\/i0.wp.com\/truusk.se\/wp-content\/uploads\/2026\/03\/rullbar-tradgardsvag-185-x-60-cm-utvikbar-travag-gangvag-av-grantra-for-tradgard-terrass-strand-1.webp?fit=2000%2C2000&ssl=1","type":"image\/webp"}],"twitter_card":"summary_large_image","twitter_misc":{"Ber\u00e4knad l\u00e4stid":"1 minut"},"schema":{"@context":"https:\/\/schema.org","@graph":[{"@type":"WebPage","@id":"https:\/\/truusk.store\/sv\/produkt\/truusk-rullbar-tradgardsvag-185-x-60-cm-utvikbar-travag-gangvag-av-grantra-for-tradgard-terrass-strand\/","url":"https:\/\/truusk.store\/sv\/produkt\/truusk-rullbar-tradgardsvag-185-x-60-cm-utvikbar-travag-gangvag-av-grantra-for-tradgard-terrass-strand\/","name":"TRUUSK Rullbar Tr\u00e4dg\u00e5rdsv\u00e4g 185 x 60 cm - Utvikbar Tr\u00e4v\u00e4g - G\u00e5ngv\u00e4g av Grantr\u00e4 f\u00f6r Tr\u00e4dg\u00e5rd, Terrass, Strand - TRUUSK - Hem, Tr\u00e4dg\u00e5rd &amp; Fritid","isPartOf":{"@id":"https:\/\/truusk.store\/sv\/#website"},"primaryImageOfPage":{"@id":"https:\/\/truusk.store\/sv\/produkt\/truusk-rullbar-tradgardsvag-185-x-60-cm-utvikbar-travag-gangvag-av-grantra-for-tradgard-terrass-strand\/#primaryimage"},"image":{"@id":"https:\/\/truusk.store\/sv\/produkt\/truusk-rullbar-tradgardsvag-185-x-60-cm-utvikbar-travag-gangvag-av-grantra-for-tradgard-terrass-strand\/#primaryimage"},"thumbnailUrl":"https:\/\/i0.wp.com\/truusk.store\/wp-content\/uploads\/2026\/03\/rullbar-tradgardsvag-185-x-60-cm-utvikbar-travag-gangvag-av-grantra-for-tradgard-terrass-strand-1.webp?fit=2000%2C2000&ssl=1","datePublished":"2026-03-03T11:28:31+00:00","dateModified":"2026-03-12T08:16:36+00:00","breadcrumb":{"@id":"https:\/\/truusk.store\/sv\/produkt\/truusk-rullbar-tradgardsvag-185-x-60-cm-utvikbar-travag-gangvag-av-grantra-for-tradgard-terrass-strand\/#breadcrumb"},"inLanguage":"sv-SE","potentialAction":[{"@type":"ReadAction","target":["https:\/\/truusk.store\/sv\/produkt\/truusk-rullbar-tradgardsvag-185-x-60-cm-utvikbar-travag-gangvag-av-grantra-for-tradgard-terrass-strand\/"]}]},{"@type":"ImageObject","inLanguage":"sv-SE","@id":"https:\/\/truusk.store\/sv\/produkt\/truusk-rullbar-tradgardsvag-185-x-60-cm-utvikbar-travag-gangvag-av-grantra-for-tradgard-terrass-strand\/#primaryimage","url":"https:\/\/i0.wp.com\/truusk.store\/wp-content\/uploads\/2026\/03\/rullbar-tradgardsvag-185-x-60-cm-utvikbar-travag-gangvag-av-grantra-for-tradgard-terrass-strand-1.webp?fit=2000%2C2000&ssl=1","contentUrl":"https:\/\/i0.wp.com\/truusk.store\/wp-content\/uploads\/2026\/03\/rullbar-tradgardsvag-185-x-60-cm-utvikbar-travag-gangvag-av-grantra-for-tradgard-terrass-strand-1.webp?fit=2000%2C2000&ssl=1","width":2000,"height":2000},{"@type":"BreadcrumbList","@id":"https:\/\/truusk.store\/sv\/produkt\/truusk-rullbar-tradgardsvag-185-x-60-cm-utvikbar-travag-gangvag-av-grantra-for-tradgard-terrass-strand\/#breadcrumb","itemListElement":[{"@type":"ListItem","position":1,"name":"Home","item":"https:\/\/truusk.store\/sv\/"},{"@type":"ListItem","position":2,"name":"Shop","item":"https:\/\/truusk.store\/shop\/"},{"@type":"ListItem","position":3,"name":"TRUUSK Rullbar Tr\u00e4dg\u00e5rdsv\u00e4g 185 x 60 cm &#8211; Utvikbar Tr\u00e4v\u00e4g &#8211; G\u00e5ngv\u00e4g av Grantr\u00e4 f\u00f6r Tr\u00e4dg\u00e5rd, Terrass, Strand"}]},{"@type":"WebSite","@id":"https:\/\/truusk.store\/sv\/#website","url":"https:\/\/truusk.store\/sv\/","name":"TRUUSK - Hem, Tr\u00e4dg\u00e5rd & Fritid","description":"","publisher":{"@id":"https:\/\/truusk.store\/sv\/#organization"},"potentialAction":[{"@type":"SearchAction","target":{"@type":"EntryPoint","urlTemplate":"https:\/\/truusk.store\/sv\/?s={search_term_string}"},"query-input":{"@type":"PropertyValueSpecification","valueRequired":true,"valueName":"search_term_string"}}],"inLanguage":"sv-SE"},{"@type":"Organization","@id":"https:\/\/truusk.store\/sv\/#organization","name":"TRUUSK - Hem, Tr\u00e4dg\u00e5rd & Fritid","url":"https:\/\/truusk.store\/sv\/","logo":{"@type":"ImageObject","inLanguage":"sv-SE","@id":"https:\/\/truusk.store\/sv\/#\/schema\/logo\/image\/","url":"https:\/\/i0.wp.com\/truusk.store\/wp-content\/uploads\/2026\/03\/cropped-TRUUSK.png?fit=2032%2C917&ssl=1","contentUrl":"https:\/\/i0.wp.com\/truusk.store\/wp-content\/uploads\/2026\/03\/cropped-TRUUSK.png?fit=2032%2C917&ssl=1","width":2032,"height":917,"caption":"TRUUSK - Hem, Tr\u00e4dg\u00e5rd & Fritid"},"image":{"@id":"https:\/\/truusk.store\/sv\/#\/schema\/logo\/image\/"}}]}},"jetpack_sharing_enabled":true,"_links":{"self":[{"href":"https:\/\/truusk.store\/sv\/wp-json\/wp\/v2\/product\/106816","targetHints":{"allow":["GET"]}}],"collection":[{"href":"https:\/\/truusk.store\/sv\/wp-json\/wp\/v2\/product"}],"about":[{"href":"https:\/\/truusk.store\/sv\/wp-json\/wp\/v2\/types\/product"}],"wp:featuredmedia":[{"embeddable":true,"href":"https:\/\/truusk.store\/sv\/wp-json\/wp\/v2\/media\/106805"}],"wp:attachment":[{"href":"https:\/\/truusk.store\/sv\/wp-json\/wp\/v2\/media?parent=106816"}],"wp:term":[{"taxonomy":"product_brand","embeddable":true,"href":"https:\/\/truusk.store\/sv\/wp-json\/wp\/v2\/product_brand?post=106816"},{"taxonomy":"product_cat","embeddable":true,"href":"https:\/\/truusk.store\/sv\/wp-json\/wp\/v2\/product_cat?post=106816"},{"taxonomy":"product_tag","embeddable":true,"href":"https:\/\/truusk.store\/sv\/wp-json\/wp\/v2\/product_tag?post=106816"}],"curies":[{"name":"wp","href":"https:\/\/api.w.org\/{rel}","templated":true}]}}