{"id":106827,"date":"2026-03-03T12:29:36","date_gmt":"2026-03-03T11:29:36","guid":{"rendered":"https:\/\/truusk.store\/product\/utomhusmatta-robust-vaderbestandig-utomhusmatta-med-natmonster-182-x-274-cm-gra\/"},"modified":"2026-03-12T09:17:27","modified_gmt":"2026-03-12T08:17:27","slug":"truusk-robust-utomhusmatta-vaderbestandig-med-natmonster-182-x-274-cm-gra","status":"publish","type":"product","link":"https:\/\/truusk.store\/sv\/produkt\/truusk-robust-utomhusmatta-vaderbestandig-med-natmonster-182-x-274-cm-gra\/","title":{"rendered":"TRUUSK Robust Utomhusmatta &#8211; V\u00e4derbest\u00e4ndig &#8211; Med N\u00e4tmonster &#8211; 182 x 274 cm &#8211; Gr\u00e5"},"content":{"rendered":"<p>St\u00e4ll in din bas f\u00f6r camping eller utomhusaktiviteter. Den vattent\u00e4ta utomhusmattan har speciellt utvecklats f\u00f6r camping, picknick, v\u00e4gturer och mer. Idealisk f\u00f6r husbilar, husvagnar, strand, paviljonger, terrasser, lekrum och \u00f6verallt annars. Det slitstarka materialet \u00e4r vatten- och UV-resistent, f\u00e4rg\u00e4kta och skyddar mot markfuktighet. V\u00e4nd helt enkelt f\u00f6r att \u00e4ndra stil och utseende! Imponera p\u00e5 dina v\u00e4nner.<\/p>\n<p>Beskrivning:<\/p>\n<ul>\n<li> Reversibel design, kan anv\u00e4ndas p\u00e5 b\u00e5da sidor<\/li>\n<li> Tillverkad av polypropen med skyddande bel\u00e4ggning f\u00f6r att f\u00f6rhindra blekning och solskador<\/li>\n<li> Hopf\u00e4llbar f\u00f6r att spara utrymme vid f\u00f6rvaring och transport<\/li>\n<li> B\u00e4rp\u00e5se ing\u00e5r<\/li>\n<li> Fyra h\u00f6rn\u00f6glor p\u00e5 utomhusmattan st\u00e5r emot vinden<\/li>\n<li> L\u00e4mplig f\u00f6r camping, picknick, v\u00e4gturer etc.<\/li>\n<\/ul>\n<p> Tekniska specifikationer:<\/p>\n<ul>\n<li> Stil: N\u00e4t m\u00f6nster<\/li>\n<li> F\u00e4rg: Gr\u00e5+Vit<\/li>\n<li> Material: Polypropen, non-woven tyg<\/li>\n<li> Total storlek: 182L x 274B cm<\/li>\n<li> Tjocklek: 0,3 cm<\/li>\n<li> Storlek p\u00e5 b\u00e4rp\u00e5sen: 39L x 37,5B x 15H cm<\/li>\n<li> OBS: Denna tr\u00e4dg\u00e5rdsmatta \u00e4r inte eldfast, h\u00e5ll den borta fr\u00e5n eld.<\/li>\n<\/ul>\n<p>Leveransinneh\u00e5ll:<\/p>\n<ul>\n<li> 1 x Utomhusmatta<\/li>\n<li> 1 x B\u00e4rp\u00e5se<\/li>\n<\/ul>\n","protected":false},"excerpt":{"rendered":"<p>St\u00e4ll in din bas f\u00f6r camping eller utomhusaktiviteter. Den vattent\u00e4ta utomhusmattan har speciellt utvecklats f\u00f6r camping, picknick, v\u00e4gturer och mer&#8230;.<\/p>\n","protected":false},"featured_media":106812,"template":"","meta":[],"product_brand":[],"product_cat":[871,566,467],"product_tag":[],"class_list":{"0":"post-106827","1":"product","2":"type-product","3":"status-publish","4":"has-post-thumbnail","6":"product_cat-hus-hem","7":"product_cat-mattor","8":"product_cat-utomhusmattor","10":"first","11":"instock","12":"sale","13":"taxable","14":"shipping-taxable","15":"purchasable","16":"product-type-simple"},"yoast_head":"<!-- This site is optimized with the Yoast SEO plugin v25.4 - https:\/\/yoast.com\/wordpress\/plugins\/seo\/ -->\n<title>TRUUSK Robust Utomhusmatta - V\u00e4derbest\u00e4ndig - Med N\u00e4tmonster - 182 x 274 cm - Gr\u00e5 - TRUUSK - Hem, Tr\u00e4dg\u00e5rd &amp; Fritid<\/title>\n<meta name=\"robots\" content=\"index, follow, max-snippet:-1, max-image-preview:large, max-video-preview:-1\" \/>\n<link rel=\"canonical\" href=\"https:\/\/truusk.store\/sv\/produkt\/truusk-robust-utomhusmatta-vaderbestandig-med-natmonster-182-x-274-cm-gra\/\" \/>\n<meta property=\"og:locale\" content=\"sv_SE\" \/>\n<meta property=\"og:type\" content=\"article\" \/>\n<meta property=\"og:title\" content=\"TRUUSK Robust Utomhusmatta - V\u00e4derbest\u00e4ndig - Med N\u00e4tmonster - 182 x 274 cm - Gr\u00e5 - TRUUSK - Hem, Tr\u00e4dg\u00e5rd &amp; Fritid\" \/>\n<meta property=\"og:description\" content=\"St\u00e4ll in din bas f\u00f6r camping eller utomhusaktiviteter. Den vattent\u00e4ta utomhusmattan har speciellt utvecklats f\u00f6r camping, picknick, v\u00e4gturer och mer....\" \/>\n<meta property=\"og:url\" content=\"https:\/\/truusk.store\/sv\/produkt\/truusk-robust-utomhusmatta-vaderbestandig-med-natmonster-182-x-274-cm-gra\/\" \/>\n<meta property=\"og:site_name\" content=\"TRUUSK - Hem, Tr\u00e4dg\u00e5rd &amp; Fritid\" \/>\n<meta property=\"article:modified_time\" content=\"2026-03-12T08:17:27+00:00\" \/>\n<meta property=\"og:image\" content=\"https:\/\/i0.wp.com\/truusk.se\/wp-content\/uploads\/2026\/03\/utomhusmatta-robust-vaderbestandig-utomhusmatta-med-natmonster-182-x-274-cm-gra-1.webp?fit=2000%2C2000&ssl=1\" \/>\n\t<meta property=\"og:image:width\" content=\"2000\" \/>\n\t<meta property=\"og:image:height\" content=\"2000\" \/>\n\t<meta property=\"og:image:type\" content=\"image\/webp\" \/>\n<meta name=\"twitter:card\" content=\"summary_large_image\" \/>\n<meta name=\"twitter:label1\" content=\"Ber\u00e4knad l\u00e4stid\" \/>\n\t<meta name=\"twitter:data1\" content=\"1 minut\" \/>\n<!-- \/ Yoast SEO plugin. -->","yoast_head_json":{"title":"TRUUSK Robust Utomhusmatta - V\u00e4derbest\u00e4ndig - Med N\u00e4tmonster - 182 x 274 cm - Gr\u00e5 - TRUUSK - Hem, Tr\u00e4dg\u00e5rd &amp; Fritid","robots":{"index":"index","follow":"follow","max-snippet":"max-snippet:-1","max-image-preview":"max-image-preview:large","max-video-preview":"max-video-preview:-1"},"canonical":"https:\/\/truusk.store\/sv\/produkt\/truusk-robust-utomhusmatta-vaderbestandig-med-natmonster-182-x-274-cm-gra\/","og_locale":"sv_SE","og_type":"article","og_title":"TRUUSK Robust Utomhusmatta - V\u00e4derbest\u00e4ndig - Med N\u00e4tmonster - 182 x 274 cm - Gr\u00e5 - TRUUSK - Hem, Tr\u00e4dg\u00e5rd &amp; Fritid","og_description":"St\u00e4ll in din bas f\u00f6r camping eller utomhusaktiviteter. Den vattent\u00e4ta utomhusmattan har speciellt utvecklats f\u00f6r camping, picknick, v\u00e4gturer och mer....","og_url":"https:\/\/truusk.store\/sv\/produkt\/truusk-robust-utomhusmatta-vaderbestandig-med-natmonster-182-x-274-cm-gra\/","og_site_name":"TRUUSK - Hem, Tr\u00e4dg\u00e5rd &amp; Fritid","article_modified_time":"2026-03-12T08:17:27+00:00","og_image":[{"width":2000,"height":2000,"url":"https:\/\/i0.wp.com\/truusk.se\/wp-content\/uploads\/2026\/03\/utomhusmatta-robust-vaderbestandig-utomhusmatta-med-natmonster-182-x-274-cm-gra-1.webp?fit=2000%2C2000&ssl=1","type":"image\/webp"}],"twitter_card":"summary_large_image","twitter_misc":{"Ber\u00e4knad l\u00e4stid":"1 minut"},"schema":{"@context":"https:\/\/schema.org","@graph":[{"@type":"WebPage","@id":"https:\/\/truusk.store\/sv\/produkt\/truusk-robust-utomhusmatta-vaderbestandig-med-natmonster-182-x-274-cm-gra\/","url":"https:\/\/truusk.store\/sv\/produkt\/truusk-robust-utomhusmatta-vaderbestandig-med-natmonster-182-x-274-cm-gra\/","name":"TRUUSK Robust Utomhusmatta - V\u00e4derbest\u00e4ndig - Med N\u00e4tmonster - 182 x 274 cm - Gr\u00e5 - TRUUSK - Hem, Tr\u00e4dg\u00e5rd &amp; Fritid","isPartOf":{"@id":"https:\/\/truusk.store\/sv\/#website"},"primaryImageOfPage":{"@id":"https:\/\/truusk.store\/sv\/produkt\/truusk-robust-utomhusmatta-vaderbestandig-med-natmonster-182-x-274-cm-gra\/#primaryimage"},"image":{"@id":"https:\/\/truusk.store\/sv\/produkt\/truusk-robust-utomhusmatta-vaderbestandig-med-natmonster-182-x-274-cm-gra\/#primaryimage"},"thumbnailUrl":"https:\/\/i0.wp.com\/truusk.store\/wp-content\/uploads\/2026\/03\/utomhusmatta-robust-vaderbestandig-utomhusmatta-med-natmonster-182-x-274-cm-gra-1.webp?fit=2000%2C2000&ssl=1","datePublished":"2026-03-03T11:29:36+00:00","dateModified":"2026-03-12T08:17:27+00:00","breadcrumb":{"@id":"https:\/\/truusk.store\/sv\/produkt\/truusk-robust-utomhusmatta-vaderbestandig-med-natmonster-182-x-274-cm-gra\/#breadcrumb"},"inLanguage":"sv-SE","potentialAction":[{"@type":"ReadAction","target":["https:\/\/truusk.store\/sv\/produkt\/truusk-robust-utomhusmatta-vaderbestandig-med-natmonster-182-x-274-cm-gra\/"]}]},{"@type":"ImageObject","inLanguage":"sv-SE","@id":"https:\/\/truusk.store\/sv\/produkt\/truusk-robust-utomhusmatta-vaderbestandig-med-natmonster-182-x-274-cm-gra\/#primaryimage","url":"https:\/\/i0.wp.com\/truusk.store\/wp-content\/uploads\/2026\/03\/utomhusmatta-robust-vaderbestandig-utomhusmatta-med-natmonster-182-x-274-cm-gra-1.webp?fit=2000%2C2000&ssl=1","contentUrl":"https:\/\/i0.wp.com\/truusk.store\/wp-content\/uploads\/2026\/03\/utomhusmatta-robust-vaderbestandig-utomhusmatta-med-natmonster-182-x-274-cm-gra-1.webp?fit=2000%2C2000&ssl=1","width":2000,"height":2000},{"@type":"BreadcrumbList","@id":"https:\/\/truusk.store\/sv\/produkt\/truusk-robust-utomhusmatta-vaderbestandig-med-natmonster-182-x-274-cm-gra\/#breadcrumb","itemListElement":[{"@type":"ListItem","position":1,"name":"Home","item":"https:\/\/truusk.store\/sv\/"},{"@type":"ListItem","position":2,"name":"Shop","item":"https:\/\/truusk.store\/shop\/"},{"@type":"ListItem","position":3,"name":"TRUUSK Robust Utomhusmatta &#8211; V\u00e4derbest\u00e4ndig &#8211; Med N\u00e4tmonster &#8211; 182 x 274 cm &#8211; Gr\u00e5"}]},{"@type":"WebSite","@id":"https:\/\/truusk.store\/sv\/#website","url":"https:\/\/truusk.store\/sv\/","name":"TRUUSK - Hem, Tr\u00e4dg\u00e5rd & Fritid","description":"","publisher":{"@id":"https:\/\/truusk.store\/sv\/#organization"},"potentialAction":[{"@type":"SearchAction","target":{"@type":"EntryPoint","urlTemplate":"https:\/\/truusk.store\/sv\/?s={search_term_string}"},"query-input":{"@type":"PropertyValueSpecification","valueRequired":true,"valueName":"search_term_string"}}],"inLanguage":"sv-SE"},{"@type":"Organization","@id":"https:\/\/truusk.store\/sv\/#organization","name":"TRUUSK - Hem, Tr\u00e4dg\u00e5rd & Fritid","url":"https:\/\/truusk.store\/sv\/","logo":{"@type":"ImageObject","inLanguage":"sv-SE","@id":"https:\/\/truusk.store\/sv\/#\/schema\/logo\/image\/","url":"https:\/\/i0.wp.com\/truusk.store\/wp-content\/uploads\/2026\/03\/cropped-TRUUSK.png?fit=2032%2C917&ssl=1","contentUrl":"https:\/\/i0.wp.com\/truusk.store\/wp-content\/uploads\/2026\/03\/cropped-TRUUSK.png?fit=2032%2C917&ssl=1","width":2032,"height":917,"caption":"TRUUSK - Hem, Tr\u00e4dg\u00e5rd & Fritid"},"image":{"@id":"https:\/\/truusk.store\/sv\/#\/schema\/logo\/image\/"}}]}},"jetpack_sharing_enabled":true,"_links":{"self":[{"href":"https:\/\/truusk.store\/sv\/wp-json\/wp\/v2\/product\/106827","targetHints":{"allow":["GET"]}}],"collection":[{"href":"https:\/\/truusk.store\/sv\/wp-json\/wp\/v2\/product"}],"about":[{"href":"https:\/\/truusk.store\/sv\/wp-json\/wp\/v2\/types\/product"}],"wp:featuredmedia":[{"embeddable":true,"href":"https:\/\/truusk.store\/sv\/wp-json\/wp\/v2\/media\/106812"}],"wp:attachment":[{"href":"https:\/\/truusk.store\/sv\/wp-json\/wp\/v2\/media?parent=106827"}],"wp:term":[{"taxonomy":"product_brand","embeddable":true,"href":"https:\/\/truusk.store\/sv\/wp-json\/wp\/v2\/product_brand?post=106827"},{"taxonomy":"product_cat","embeddable":true,"href":"https:\/\/truusk.store\/sv\/wp-json\/wp\/v2\/product_cat?post=106827"},{"taxonomy":"product_tag","embeddable":true,"href":"https:\/\/truusk.store\/sv\/wp-json\/wp\/v2\/product_tag?post=106827"}],"curies":[{"name":"wp","href":"https:\/\/api.w.org\/{rel}","templated":true}]}}