{"id":106834,"date":"2026-03-03T12:30:27","date_gmt":"2026-03-03T11:30:27","guid":{"rendered":"https:\/\/truusk.store\/product\/utomhusmatta-vandbar-vaderbestandig-utomhusmatta-med-bladmonster-152-x-243-cm-morkgron\/"},"modified":"2026-03-12T09:17:28","modified_gmt":"2026-03-12T08:17:28","slug":"truusk-vandbar-utomhusmatta-vaderbestandig-bladmonster-152-x-243-cm-morkgron","status":"publish","type":"product","link":"https:\/\/truusk.store\/sv\/produkt\/truusk-vandbar-utomhusmatta-vaderbestandig-bladmonster-152-x-243-cm-morkgron\/","title":{"rendered":"TRUUSK V\u00e4ndbar Utomhusmatta &#8211; V\u00e4derbest\u00e4ndig &#8211; Bladm\u00f6nster &#8211; 152 x 243 cm &#8211; M\u00f6rkgr\u00f6n"},"content":{"rendered":"<p>Forma om din bas f\u00f6r camping och utomhusaktiviteter. Den vattent\u00e4ta v\u00e4derbest\u00e4ndiga utomhusmattan \u00e4r perfekt f\u00f6r camping, picknick, roadtrips och mer. M\u00e5ngsidigt anv\u00e4ndbar f\u00f6r husbilar, husvagnar, strand, paviljonger, terrasser, lekrum och \u00f6verallt d\u00e4r du beh\u00f6ver den. Robust material skyddar mot vatten, UV-str\u00e5lar och fukt. V\u00e4nd helt enkelt f\u00f6r en fr\u00e4sch stil! Imponera p\u00e5 dina v\u00e4nner.<\/p>\n<p>Beskrivning:<\/p>\n<ul>\n<li> Reversibel design, kan anv\u00e4ndas p\u00e5 b\u00e5da sidor<\/li>\n<li> Hopf\u00e4llbar f\u00f6r platsbesparande f\u00f6rvaring och transport<\/li>\n<li> Plastmaterial med solskyddsbehandling f\u00f6r att skydda mot blekning och andra solskador<\/li>\n<li> L\u00e4mplig utomhusmatta f\u00f6r camping, picknick, husbilsturer etc.<\/li>\n<li> Ingen montering kr\u00e4vs<\/li>\n<\/ul>\n<p> Tekniska specifikationer:<\/p>\n<ul>\n<li> F\u00e4rg: M\u00f6rkgr\u00f6n+Vit<\/li>\n<li> Stil: Gr\u00f6na blad<\/li>\n<li> Material: Plast<\/li>\n<li> Totala dimensioner: 152L x 243B cm<\/li>\n<li> OBS: Denna utomhusmatta \u00e4r inte eldfast, h\u00e5ll den borta fr\u00e5n eld.<\/li>\n<\/ul>\n<p>Leveransinneh\u00e5ll:<\/p>\n<ul>\n<li> 1 x Utomhusmatta;<\/li>\n<\/ul>\n","protected":false},"excerpt":{"rendered":"<p>Forma om din bas f\u00f6r camping och utomhusaktiviteter. Den vattent\u00e4ta v\u00e4derbest\u00e4ndiga utomhusmattan \u00e4r perfekt f\u00f6r camping, picknick, roadtrips och mer&#8230;.<\/p>\n","protected":false},"featured_media":106822,"template":"","meta":[],"product_brand":[],"product_cat":[871,566,467],"product_tag":[],"class_list":{"0":"post-106834","1":"product","2":"type-product","3":"status-publish","4":"has-post-thumbnail","6":"product_cat-hus-hem","7":"product_cat-mattor","8":"product_cat-utomhusmattor","10":"first","11":"instock","12":"sale","13":"taxable","14":"shipping-taxable","15":"purchasable","16":"product-type-simple"},"yoast_head":"<!-- This site is optimized with the Yoast SEO plugin v25.4 - https:\/\/yoast.com\/wordpress\/plugins\/seo\/ -->\n<title>TRUUSK V\u00e4ndbar Utomhusmatta - V\u00e4derbest\u00e4ndig - Bladm\u00f6nster - 152 x 243 cm - M\u00f6rkgr\u00f6n - TRUUSK - Hem, Tr\u00e4dg\u00e5rd &amp; Fritid<\/title>\n<meta name=\"robots\" content=\"index, follow, max-snippet:-1, max-image-preview:large, max-video-preview:-1\" \/>\n<link rel=\"canonical\" href=\"https:\/\/truusk.store\/sv\/produkt\/truusk-vandbar-utomhusmatta-vaderbestandig-bladmonster-152-x-243-cm-morkgron\/\" \/>\n<meta property=\"og:locale\" content=\"sv_SE\" \/>\n<meta property=\"og:type\" content=\"article\" \/>\n<meta property=\"og:title\" content=\"TRUUSK V\u00e4ndbar Utomhusmatta - V\u00e4derbest\u00e4ndig - Bladm\u00f6nster - 152 x 243 cm - M\u00f6rkgr\u00f6n - TRUUSK - Hem, Tr\u00e4dg\u00e5rd &amp; Fritid\" \/>\n<meta property=\"og:description\" content=\"Forma om din bas f\u00f6r camping och utomhusaktiviteter. Den vattent\u00e4ta v\u00e4derbest\u00e4ndiga utomhusmattan \u00e4r perfekt f\u00f6r camping, picknick, roadtrips och mer....\" \/>\n<meta property=\"og:url\" content=\"https:\/\/truusk.store\/sv\/produkt\/truusk-vandbar-utomhusmatta-vaderbestandig-bladmonster-152-x-243-cm-morkgron\/\" \/>\n<meta property=\"og:site_name\" content=\"TRUUSK - Hem, Tr\u00e4dg\u00e5rd &amp; Fritid\" \/>\n<meta property=\"article:modified_time\" content=\"2026-03-12T08:17:28+00:00\" \/>\n<meta property=\"og:image\" content=\"https:\/\/i0.wp.com\/truusk.se\/wp-content\/uploads\/2026\/03\/utomhusmatta-vandbar-vaderbestandig-utomhusmatta-med-bladmonster-152-x-243-cm-morkgron-1.webp?fit=2000%2C2000&ssl=1\" \/>\n\t<meta property=\"og:image:width\" content=\"2000\" \/>\n\t<meta property=\"og:image:height\" content=\"2000\" \/>\n\t<meta property=\"og:image:type\" content=\"image\/webp\" \/>\n<meta name=\"twitter:card\" content=\"summary_large_image\" \/>\n<meta name=\"twitter:label1\" content=\"Ber\u00e4knad l\u00e4stid\" \/>\n\t<meta name=\"twitter:data1\" content=\"1 minut\" \/>\n<!-- \/ Yoast SEO plugin. -->","yoast_head_json":{"title":"TRUUSK V\u00e4ndbar Utomhusmatta - V\u00e4derbest\u00e4ndig - Bladm\u00f6nster - 152 x 243 cm - M\u00f6rkgr\u00f6n - TRUUSK - Hem, Tr\u00e4dg\u00e5rd &amp; Fritid","robots":{"index":"index","follow":"follow","max-snippet":"max-snippet:-1","max-image-preview":"max-image-preview:large","max-video-preview":"max-video-preview:-1"},"canonical":"https:\/\/truusk.store\/sv\/produkt\/truusk-vandbar-utomhusmatta-vaderbestandig-bladmonster-152-x-243-cm-morkgron\/","og_locale":"sv_SE","og_type":"article","og_title":"TRUUSK V\u00e4ndbar Utomhusmatta - V\u00e4derbest\u00e4ndig - Bladm\u00f6nster - 152 x 243 cm - M\u00f6rkgr\u00f6n - TRUUSK - Hem, Tr\u00e4dg\u00e5rd &amp; Fritid","og_description":"Forma om din bas f\u00f6r camping och utomhusaktiviteter. Den vattent\u00e4ta v\u00e4derbest\u00e4ndiga utomhusmattan \u00e4r perfekt f\u00f6r camping, picknick, roadtrips och mer....","og_url":"https:\/\/truusk.store\/sv\/produkt\/truusk-vandbar-utomhusmatta-vaderbestandig-bladmonster-152-x-243-cm-morkgron\/","og_site_name":"TRUUSK - Hem, Tr\u00e4dg\u00e5rd &amp; Fritid","article_modified_time":"2026-03-12T08:17:28+00:00","og_image":[{"width":2000,"height":2000,"url":"https:\/\/i0.wp.com\/truusk.se\/wp-content\/uploads\/2026\/03\/utomhusmatta-vandbar-vaderbestandig-utomhusmatta-med-bladmonster-152-x-243-cm-morkgron-1.webp?fit=2000%2C2000&ssl=1","type":"image\/webp"}],"twitter_card":"summary_large_image","twitter_misc":{"Ber\u00e4knad l\u00e4stid":"1 minut"},"schema":{"@context":"https:\/\/schema.org","@graph":[{"@type":"WebPage","@id":"https:\/\/truusk.store\/sv\/produkt\/truusk-vandbar-utomhusmatta-vaderbestandig-bladmonster-152-x-243-cm-morkgron\/","url":"https:\/\/truusk.store\/sv\/produkt\/truusk-vandbar-utomhusmatta-vaderbestandig-bladmonster-152-x-243-cm-morkgron\/","name":"TRUUSK V\u00e4ndbar Utomhusmatta - V\u00e4derbest\u00e4ndig - Bladm\u00f6nster - 152 x 243 cm - M\u00f6rkgr\u00f6n - TRUUSK - Hem, Tr\u00e4dg\u00e5rd &amp; Fritid","isPartOf":{"@id":"https:\/\/truusk.store\/sv\/#website"},"primaryImageOfPage":{"@id":"https:\/\/truusk.store\/sv\/produkt\/truusk-vandbar-utomhusmatta-vaderbestandig-bladmonster-152-x-243-cm-morkgron\/#primaryimage"},"image":{"@id":"https:\/\/truusk.store\/sv\/produkt\/truusk-vandbar-utomhusmatta-vaderbestandig-bladmonster-152-x-243-cm-morkgron\/#primaryimage"},"thumbnailUrl":"https:\/\/i0.wp.com\/truusk.store\/wp-content\/uploads\/2026\/03\/utomhusmatta-vandbar-vaderbestandig-utomhusmatta-med-bladmonster-152-x-243-cm-morkgron-1.webp?fit=2000%2C2000&ssl=1","datePublished":"2026-03-03T11:30:27+00:00","dateModified":"2026-03-12T08:17:28+00:00","breadcrumb":{"@id":"https:\/\/truusk.store\/sv\/produkt\/truusk-vandbar-utomhusmatta-vaderbestandig-bladmonster-152-x-243-cm-morkgron\/#breadcrumb"},"inLanguage":"sv-SE","potentialAction":[{"@type":"ReadAction","target":["https:\/\/truusk.store\/sv\/produkt\/truusk-vandbar-utomhusmatta-vaderbestandig-bladmonster-152-x-243-cm-morkgron\/"]}]},{"@type":"ImageObject","inLanguage":"sv-SE","@id":"https:\/\/truusk.store\/sv\/produkt\/truusk-vandbar-utomhusmatta-vaderbestandig-bladmonster-152-x-243-cm-morkgron\/#primaryimage","url":"https:\/\/i0.wp.com\/truusk.store\/wp-content\/uploads\/2026\/03\/utomhusmatta-vandbar-vaderbestandig-utomhusmatta-med-bladmonster-152-x-243-cm-morkgron-1.webp?fit=2000%2C2000&ssl=1","contentUrl":"https:\/\/i0.wp.com\/truusk.store\/wp-content\/uploads\/2026\/03\/utomhusmatta-vandbar-vaderbestandig-utomhusmatta-med-bladmonster-152-x-243-cm-morkgron-1.webp?fit=2000%2C2000&ssl=1","width":2000,"height":2000},{"@type":"BreadcrumbList","@id":"https:\/\/truusk.store\/sv\/produkt\/truusk-vandbar-utomhusmatta-vaderbestandig-bladmonster-152-x-243-cm-morkgron\/#breadcrumb","itemListElement":[{"@type":"ListItem","position":1,"name":"Home","item":"https:\/\/truusk.store\/sv\/"},{"@type":"ListItem","position":2,"name":"Shop","item":"https:\/\/truusk.store\/shop\/"},{"@type":"ListItem","position":3,"name":"TRUUSK V\u00e4ndbar Utomhusmatta &#8211; V\u00e4derbest\u00e4ndig &#8211; Bladm\u00f6nster &#8211; 152 x 243 cm &#8211; M\u00f6rkgr\u00f6n"}]},{"@type":"WebSite","@id":"https:\/\/truusk.store\/sv\/#website","url":"https:\/\/truusk.store\/sv\/","name":"TRUUSK - Hem, Tr\u00e4dg\u00e5rd & Fritid","description":"","publisher":{"@id":"https:\/\/truusk.store\/sv\/#organization"},"potentialAction":[{"@type":"SearchAction","target":{"@type":"EntryPoint","urlTemplate":"https:\/\/truusk.store\/sv\/?s={search_term_string}"},"query-input":{"@type":"PropertyValueSpecification","valueRequired":true,"valueName":"search_term_string"}}],"inLanguage":"sv-SE"},{"@type":"Organization","@id":"https:\/\/truusk.store\/sv\/#organization","name":"TRUUSK - Hem, Tr\u00e4dg\u00e5rd & Fritid","url":"https:\/\/truusk.store\/sv\/","logo":{"@type":"ImageObject","inLanguage":"sv-SE","@id":"https:\/\/truusk.store\/sv\/#\/schema\/logo\/image\/","url":"https:\/\/i0.wp.com\/truusk.store\/wp-content\/uploads\/2026\/03\/cropped-TRUUSK.png?fit=2032%2C917&ssl=1","contentUrl":"https:\/\/i0.wp.com\/truusk.store\/wp-content\/uploads\/2026\/03\/cropped-TRUUSK.png?fit=2032%2C917&ssl=1","width":2032,"height":917,"caption":"TRUUSK - Hem, Tr\u00e4dg\u00e5rd & Fritid"},"image":{"@id":"https:\/\/truusk.store\/sv\/#\/schema\/logo\/image\/"}}]}},"jetpack_sharing_enabled":true,"_links":{"self":[{"href":"https:\/\/truusk.store\/sv\/wp-json\/wp\/v2\/product\/106834","targetHints":{"allow":["GET"]}}],"collection":[{"href":"https:\/\/truusk.store\/sv\/wp-json\/wp\/v2\/product"}],"about":[{"href":"https:\/\/truusk.store\/sv\/wp-json\/wp\/v2\/types\/product"}],"wp:featuredmedia":[{"embeddable":true,"href":"https:\/\/truusk.store\/sv\/wp-json\/wp\/v2\/media\/106822"}],"wp:attachment":[{"href":"https:\/\/truusk.store\/sv\/wp-json\/wp\/v2\/media?parent=106834"}],"wp:term":[{"taxonomy":"product_brand","embeddable":true,"href":"https:\/\/truusk.store\/sv\/wp-json\/wp\/v2\/product_brand?post=106834"},{"taxonomy":"product_cat","embeddable":true,"href":"https:\/\/truusk.store\/sv\/wp-json\/wp\/v2\/product_cat?post=106834"},{"taxonomy":"product_tag","embeddable":true,"href":"https:\/\/truusk.store\/sv\/wp-json\/wp\/v2\/product_tag?post=106834"}],"curies":[{"name":"wp","href":"https:\/\/api.w.org\/{rel}","templated":true}]}}