{"id":106844,"date":"2026-03-03T12:34:16","date_gmt":"2026-03-03T11:34:16","guid":{"rendered":"https:\/\/truusk.store\/product\/transportvagn-justerbar-alu-kajakvagn-upp-till-100-kg-batvagn-med-spannband\/"},"modified":"2026-03-12T09:24:19","modified_gmt":"2026-03-12T08:24:19","slug":"truusk-justerbar-alu-transportvagn-upp-till-100-kg-med-spannband-for-batar-och-kajaker-silver","status":"publish","type":"product","link":"https:\/\/truusk.store\/sv\/produkt\/truusk-justerbar-alu-transportvagn-upp-till-100-kg-med-spannband-for-batar-och-kajaker-silver\/","title":{"rendered":"TRUUSK Justerbar Alu Transportvagn &#8211; Upp Till 100 Kg &#8211; Med Sp\u00e4nnband &#8211; F\u00f6r B\u00e5tar och Kajaker &#8211; Silver"},"content":{"rendered":"<p>Underl\u00e4tta ditt liv med kajakvagnen fr\u00e5n [BRAND NAME]. Aluminiumramen p\u00e5 denna kajakvagn, med sina tv\u00e5 stora hjul och en h\u00f6gkvalitativ men \u00e4nd\u00e5 l\u00e4tt konstruktion, g\u00f6r det m\u00f6jligt att r\u00f6ra sig utan anstr\u00e4ngning p\u00e5 alla underlag, fr\u00e5n sandiga str\u00e4nder till gr\u00e4sbevuxna str\u00e4nder. Tack vare den justerbara bredden \u00e4r transport av b\u00e5tar av olika storlekar inget problem. S\u00e5 n\u00e4sta paddel\u00e4ventyr kan komma!<\/p>\n<p>Beskrivning:<\/p>\n<ul>\n<li> Utvecklad f\u00f6r alla typer av kajaker, kanoter och paddelb\u00e5tar<\/li>\n<li> H\u00e5llarramen kan justeras i bredd fr\u00e5n 13,5 &#8211; 41 cm<\/li>\n<li> Kajakvagnens stora massiva d\u00e4ck passar f\u00f6r alla underlag<\/li>\n<li> St\u00e4llningen ger extra stabilitet vid lastning och lossning<\/li>\n<li> Tv\u00e5 sp\u00e4nnband ing\u00e5r<\/li>\n<li> Tillverkad av h\u00f6gh\u00e5llfast aluminium<\/li>\n<\/ul>\n<p> Tekniska data:<\/p>\n<ul>\n<li> F\u00e4rg: Svart+R\u00f6d<\/li>\n<li> Material: Aluminium, konstl\u00e4der<\/li>\n<li> Totala m\u00e5tt: 79L x 72,5B x 42H cm<\/li>\n<li> Ramens bredd: 13,5 &#8211; 41B cm<\/li>\n<li> Hjulstorlek: \u00d825,4 cm, 8,5B cm<\/li>\n<li> B\u00e4rkapacitet: 100 kg<\/li>\n<\/ul>\n<p>Leveransinneh\u00e5ll:<\/p>\n<ul>\n<li> 1 x B\u00e5tvagn<\/li>\n<li> 2 x Sp\u00e4nnband<\/li>\n<li> 1 x Handbok<\/li>\n<\/ul>\n","protected":false},"excerpt":{"rendered":"<p>Underl\u00e4tta ditt liv med kajakvagnen fr\u00e5n [BRAND NAME]. Aluminiumramen p\u00e5 denna kajakvagn, med sina tv\u00e5 stora hjul och en h\u00f6gkvalitativ&#8230;<\/p>\n","protected":false},"featured_media":106835,"template":"","meta":[],"product_brand":[],"product_cat":[873,647,665],"product_tag":[],"class_list":{"0":"post-106844","1":"product","2":"type-product","3":"status-publish","4":"has-post-thumbnail","6":"product_cat-fitness-styrketraning","7":"product_cat-sport-fritid","8":"product_cat-styrketraning","10":"first","11":"instock","12":"sale","13":"taxable","14":"shipping-taxable","15":"purchasable","16":"product-type-simple"},"yoast_head":"<!-- This site is optimized with the Yoast SEO plugin v25.4 - https:\/\/yoast.com\/wordpress\/plugins\/seo\/ -->\n<title>TRUUSK Justerbar Alu Transportvagn - Upp Till 100 Kg - Med Sp\u00e4nnband - F\u00f6r B\u00e5tar och Kajaker - Silver - TRUUSK - Hem, Tr\u00e4dg\u00e5rd &amp; Fritid<\/title>\n<meta name=\"robots\" content=\"index, follow, max-snippet:-1, max-image-preview:large, max-video-preview:-1\" \/>\n<link rel=\"canonical\" href=\"https:\/\/truusk.store\/sv\/produkt\/truusk-justerbar-alu-transportvagn-upp-till-100-kg-med-spannband-for-batar-och-kajaker-silver\/\" \/>\n<meta property=\"og:locale\" content=\"sv_SE\" \/>\n<meta property=\"og:type\" content=\"article\" \/>\n<meta property=\"og:title\" content=\"TRUUSK Justerbar Alu Transportvagn - Upp Till 100 Kg - Med Sp\u00e4nnband - F\u00f6r B\u00e5tar och Kajaker - Silver - TRUUSK - Hem, Tr\u00e4dg\u00e5rd &amp; Fritid\" \/>\n<meta property=\"og:description\" content=\"Underl\u00e4tta ditt liv med kajakvagnen fr\u00e5n [BRAND NAME]. Aluminiumramen p\u00e5 denna kajakvagn, med sina tv\u00e5 stora hjul och en h\u00f6gkvalitativ...\" \/>\n<meta property=\"og:url\" content=\"https:\/\/truusk.store\/sv\/produkt\/truusk-justerbar-alu-transportvagn-upp-till-100-kg-med-spannband-for-batar-och-kajaker-silver\/\" \/>\n<meta property=\"og:site_name\" content=\"TRUUSK - Hem, Tr\u00e4dg\u00e5rd &amp; Fritid\" \/>\n<meta property=\"article:modified_time\" content=\"2026-03-12T08:24:19+00:00\" \/>\n<meta property=\"og:image\" content=\"https:\/\/i0.wp.com\/truusk.se\/wp-content\/uploads\/2026\/03\/transportvagn-justerbar-alu-kajakvagn-upp-till-100-kg-batvagn-med-spannband-1.webp?fit=2000%2C2000&ssl=1\" \/>\n\t<meta property=\"og:image:width\" content=\"2000\" \/>\n\t<meta property=\"og:image:height\" content=\"2000\" \/>\n\t<meta property=\"og:image:type\" content=\"image\/webp\" \/>\n<meta name=\"twitter:card\" content=\"summary_large_image\" \/>\n<meta name=\"twitter:label1\" content=\"Ber\u00e4knad l\u00e4stid\" \/>\n\t<meta name=\"twitter:data1\" content=\"1 minut\" \/>\n<!-- \/ Yoast SEO plugin. -->","yoast_head_json":{"title":"TRUUSK Justerbar Alu Transportvagn - Upp Till 100 Kg - Med Sp\u00e4nnband - F\u00f6r B\u00e5tar och Kajaker - Silver - TRUUSK - Hem, Tr\u00e4dg\u00e5rd &amp; Fritid","robots":{"index":"index","follow":"follow","max-snippet":"max-snippet:-1","max-image-preview":"max-image-preview:large","max-video-preview":"max-video-preview:-1"},"canonical":"https:\/\/truusk.store\/sv\/produkt\/truusk-justerbar-alu-transportvagn-upp-till-100-kg-med-spannband-for-batar-och-kajaker-silver\/","og_locale":"sv_SE","og_type":"article","og_title":"TRUUSK Justerbar Alu Transportvagn - Upp Till 100 Kg - Med Sp\u00e4nnband - F\u00f6r B\u00e5tar och Kajaker - Silver - TRUUSK - Hem, Tr\u00e4dg\u00e5rd &amp; Fritid","og_description":"Underl\u00e4tta ditt liv med kajakvagnen fr\u00e5n [BRAND NAME]. Aluminiumramen p\u00e5 denna kajakvagn, med sina tv\u00e5 stora hjul och en h\u00f6gkvalitativ...","og_url":"https:\/\/truusk.store\/sv\/produkt\/truusk-justerbar-alu-transportvagn-upp-till-100-kg-med-spannband-for-batar-och-kajaker-silver\/","og_site_name":"TRUUSK - Hem, Tr\u00e4dg\u00e5rd &amp; Fritid","article_modified_time":"2026-03-12T08:24:19+00:00","og_image":[{"width":2000,"height":2000,"url":"https:\/\/i0.wp.com\/truusk.se\/wp-content\/uploads\/2026\/03\/transportvagn-justerbar-alu-kajakvagn-upp-till-100-kg-batvagn-med-spannband-1.webp?fit=2000%2C2000&ssl=1","type":"image\/webp"}],"twitter_card":"summary_large_image","twitter_misc":{"Ber\u00e4knad l\u00e4stid":"1 minut"},"schema":{"@context":"https:\/\/schema.org","@graph":[{"@type":"WebPage","@id":"https:\/\/truusk.store\/sv\/produkt\/truusk-justerbar-alu-transportvagn-upp-till-100-kg-med-spannband-for-batar-och-kajaker-silver\/","url":"https:\/\/truusk.store\/sv\/produkt\/truusk-justerbar-alu-transportvagn-upp-till-100-kg-med-spannband-for-batar-och-kajaker-silver\/","name":"TRUUSK Justerbar Alu Transportvagn - Upp Till 100 Kg - Med Sp\u00e4nnband - F\u00f6r B\u00e5tar och Kajaker - Silver - TRUUSK - Hem, Tr\u00e4dg\u00e5rd &amp; Fritid","isPartOf":{"@id":"https:\/\/truusk.store\/sv\/#website"},"primaryImageOfPage":{"@id":"https:\/\/truusk.store\/sv\/produkt\/truusk-justerbar-alu-transportvagn-upp-till-100-kg-med-spannband-for-batar-och-kajaker-silver\/#primaryimage"},"image":{"@id":"https:\/\/truusk.store\/sv\/produkt\/truusk-justerbar-alu-transportvagn-upp-till-100-kg-med-spannband-for-batar-och-kajaker-silver\/#primaryimage"},"thumbnailUrl":"https:\/\/i0.wp.com\/truusk.store\/wp-content\/uploads\/2026\/03\/transportvagn-justerbar-alu-kajakvagn-upp-till-100-kg-batvagn-med-spannband-1.webp?fit=2000%2C2000&ssl=1","datePublished":"2026-03-03T11:34:16+00:00","dateModified":"2026-03-12T08:24:19+00:00","breadcrumb":{"@id":"https:\/\/truusk.store\/sv\/produkt\/truusk-justerbar-alu-transportvagn-upp-till-100-kg-med-spannband-for-batar-och-kajaker-silver\/#breadcrumb"},"inLanguage":"sv-SE","potentialAction":[{"@type":"ReadAction","target":["https:\/\/truusk.store\/sv\/produkt\/truusk-justerbar-alu-transportvagn-upp-till-100-kg-med-spannband-for-batar-och-kajaker-silver\/"]}]},{"@type":"ImageObject","inLanguage":"sv-SE","@id":"https:\/\/truusk.store\/sv\/produkt\/truusk-justerbar-alu-transportvagn-upp-till-100-kg-med-spannband-for-batar-och-kajaker-silver\/#primaryimage","url":"https:\/\/i0.wp.com\/truusk.store\/wp-content\/uploads\/2026\/03\/transportvagn-justerbar-alu-kajakvagn-upp-till-100-kg-batvagn-med-spannband-1.webp?fit=2000%2C2000&ssl=1","contentUrl":"https:\/\/i0.wp.com\/truusk.store\/wp-content\/uploads\/2026\/03\/transportvagn-justerbar-alu-kajakvagn-upp-till-100-kg-batvagn-med-spannband-1.webp?fit=2000%2C2000&ssl=1","width":2000,"height":2000},{"@type":"BreadcrumbList","@id":"https:\/\/truusk.store\/sv\/produkt\/truusk-justerbar-alu-transportvagn-upp-till-100-kg-med-spannband-for-batar-och-kajaker-silver\/#breadcrumb","itemListElement":[{"@type":"ListItem","position":1,"name":"Home","item":"https:\/\/truusk.store\/sv\/"},{"@type":"ListItem","position":2,"name":"Shop","item":"https:\/\/truusk.store\/shop\/"},{"@type":"ListItem","position":3,"name":"TRUUSK Justerbar Alu Transportvagn &#8211; Upp Till 100 Kg &#8211; Med Sp\u00e4nnband &#8211; F\u00f6r B\u00e5tar och Kajaker &#8211; Silver"}]},{"@type":"WebSite","@id":"https:\/\/truusk.store\/sv\/#website","url":"https:\/\/truusk.store\/sv\/","name":"TRUUSK - Hem, Tr\u00e4dg\u00e5rd & Fritid","description":"","publisher":{"@id":"https:\/\/truusk.store\/sv\/#organization"},"potentialAction":[{"@type":"SearchAction","target":{"@type":"EntryPoint","urlTemplate":"https:\/\/truusk.store\/sv\/?s={search_term_string}"},"query-input":{"@type":"PropertyValueSpecification","valueRequired":true,"valueName":"search_term_string"}}],"inLanguage":"sv-SE"},{"@type":"Organization","@id":"https:\/\/truusk.store\/sv\/#organization","name":"TRUUSK - Hem, Tr\u00e4dg\u00e5rd & Fritid","url":"https:\/\/truusk.store\/sv\/","logo":{"@type":"ImageObject","inLanguage":"sv-SE","@id":"https:\/\/truusk.store\/sv\/#\/schema\/logo\/image\/","url":"https:\/\/i0.wp.com\/truusk.store\/wp-content\/uploads\/2026\/03\/cropped-TRUUSK.png?fit=2032%2C917&ssl=1","contentUrl":"https:\/\/i0.wp.com\/truusk.store\/wp-content\/uploads\/2026\/03\/cropped-TRUUSK.png?fit=2032%2C917&ssl=1","width":2032,"height":917,"caption":"TRUUSK - Hem, Tr\u00e4dg\u00e5rd & Fritid"},"image":{"@id":"https:\/\/truusk.store\/sv\/#\/schema\/logo\/image\/"}}]}},"jetpack_sharing_enabled":true,"_links":{"self":[{"href":"https:\/\/truusk.store\/sv\/wp-json\/wp\/v2\/product\/106844","targetHints":{"allow":["GET"]}}],"collection":[{"href":"https:\/\/truusk.store\/sv\/wp-json\/wp\/v2\/product"}],"about":[{"href":"https:\/\/truusk.store\/sv\/wp-json\/wp\/v2\/types\/product"}],"wp:featuredmedia":[{"embeddable":true,"href":"https:\/\/truusk.store\/sv\/wp-json\/wp\/v2\/media\/106835"}],"wp:attachment":[{"href":"https:\/\/truusk.store\/sv\/wp-json\/wp\/v2\/media?parent=106844"}],"wp:term":[{"taxonomy":"product_brand","embeddable":true,"href":"https:\/\/truusk.store\/sv\/wp-json\/wp\/v2\/product_brand?post=106844"},{"taxonomy":"product_cat","embeddable":true,"href":"https:\/\/truusk.store\/sv\/wp-json\/wp\/v2\/product_cat?post=106844"},{"taxonomy":"product_tag","embeddable":true,"href":"https:\/\/truusk.store\/sv\/wp-json\/wp\/v2\/product_tag?post=106844"}],"curies":[{"name":"wp","href":"https:\/\/api.w.org\/{rel}","templated":true}]}}