{"id":106854,"date":"2026-03-03T12:42:32","date_gmt":"2026-03-03T11:42:32","guid":{"rendered":"https:\/\/truusk.store\/product\/85-oscillerande-tornflakt-med-fjarrkontroll-3-hastigheter-2-lagen-timer-led-display-30x30x78-cm-vit\/"},"modified":"2026-03-12T09:38:07","modified_gmt":"2026-03-12T08:38:07","slug":"truusk-85-oscillerande-tornflakt-med-fjarrkontroll-3-hastigheter-2-lagen-timer-led-display-30x30x78-cm-vit","status":"publish","type":"product","link":"https:\/\/truusk.store\/sv\/produkt\/truusk-85-oscillerande-tornflakt-med-fjarrkontroll-3-hastigheter-2-lagen-timer-led-display-30x30x78-cm-vit\/","title":{"rendered":"TRUUSK 85\u00b0 Oscillerande Tornfl\u00e4kt Med Fj\u00e4rrkontroll &#8211; 3 Hastigheter &#8211; 2 L\u00e4gen &#8211; Timer &#8211; LED-display &#8211; 30x30x78 Cm &#8211; Vit"},"content":{"rendered":"<p>H\u00e5ll dig sval hela sommaren med [BRAND NAME] tornfl\u00e4kt med fj\u00e4rrkontroll. Perfekt f\u00f6r kontor, hem eller studio, den erbjuder 3 hastighetsniv\u00e5er och 2 driftl\u00e4gen som passar dina behov. 85\u00b0-oscillationen och timern upp till 15 timmar m\u00f6jligg\u00f6r en individuellt anpassbar kylning. Inst\u00e4llningar kan enkelt g\u00f6ras via LED-displayen eller den praktiska fj\u00e4rrkontrollen. V\u00e4nta inte l\u00e4ngre &#8211; fr\u00e4scha upp ditt hem denna sommar!<\/p>\n<p>Beskrivning:<\/p>\n<ul>\n<li> Kompakt pelarfl\u00e4kt, idealisk f\u00f6r hem eller kontor<\/li>\n<li> Erbjuder 2 driftl\u00e4gen och 3 hastighetsniv\u00e5er (h\u00f6g, medel, l\u00e5g)<\/li>\n<li> 85-graders oscillation f\u00f6r snabb och effektiv rumsavkylning<\/li>\n<li> Tyst tornfl\u00e4kt med manuell och fj\u00e4rrkontroll<\/li>\n<li> Fj\u00e4rrkontrollens r\u00e4ckvidd upp till 5 meter<\/li>\n<li> Auto-avst\u00e4ngningstimer upp till 15 timmar<\/li>\n<li> Timern hj\u00e4lper till att styra kyltiden f\u00f6r energibesparing<\/li>\n<li> Inbyggt handtag f\u00f6r enkel transport mellan rum<\/li>\n<li> Enkel montering &#8211; bara f\u00e4sta basen p\u00e5 fl\u00e4kten<\/li>\n<\/ul>\n<p> Tekniska data:<\/p>\n<ul>\n<li> F\u00e4rg: Vit+Svart<\/li>\n<li> Material: ABS<\/li>\n<li> Totala dimensioner: \u00d830 x 78H cm<\/li>\n<li> Huvudkroppens storlek: 14L x 13,5B x 75,5H cm<\/li>\n<li> Basstorlek: \u00d830 x 2,5H cm<\/li>\n<li> Kabell\u00e4ngd: 160 cm<\/li>\n<li> Fj\u00e4rrkontrollens r\u00e4ckvidd: 5 meter<\/li>\n<li> Sp\u00e4nning: 220-240 V \/ 50 Hz<\/li>\n<li> Effekt: 50 W<\/li>\n<li> Ljudniv\u00e5: 56 dB<\/li>\n<li> Kr\u00e4vd batteri: 1 x CR2025 knappcell (ing\u00e5r ej)<\/li>\n<\/ul>\n<p>Leveransinneh\u00e5ll:<\/p>\n<ul>\n<li> 1 x Tornfl\u00e4kt<\/li>\n<li> 1 x Bruksanvisning<\/li>\n<\/ul>\n","protected":false},"excerpt":{"rendered":"<p>H\u00e5ll dig sval hela sommaren med [BRAND NAME] tornfl\u00e4kt med fj\u00e4rrkontroll. Perfekt f\u00f6r kontor, hem eller studio, den erbjuder 3&#8230;<\/p>\n","protected":false},"featured_media":106845,"template":"","meta":[],"product_brand":[],"product_cat":[867,905],"product_tag":[],"class_list":{"0":"post-106854","1":"product","2":"type-product","3":"status-publish","4":"has-post-thumbnail","6":"product_cat-byggmarknad","7":"product_cat-klimatkontroll-flaktar","9":"first","10":"instock","11":"sale","12":"taxable","13":"shipping-taxable","14":"purchasable","15":"product-type-simple"},"yoast_head":"<!-- This site is optimized with the Yoast SEO plugin v25.4 - https:\/\/yoast.com\/wordpress\/plugins\/seo\/ -->\n<title>TRUUSK 85\u00b0 Oscillerande Tornfl\u00e4kt Med Fj\u00e4rrkontroll - 3 Hastigheter - 2 L\u00e4gen - Timer - LED-display - 30x30x78 Cm - Vit - TRUUSK - Hem, Tr\u00e4dg\u00e5rd &amp; Fritid<\/title>\n<meta name=\"robots\" content=\"index, follow, max-snippet:-1, max-image-preview:large, max-video-preview:-1\" \/>\n<link rel=\"canonical\" href=\"https:\/\/truusk.store\/sv\/produkt\/truusk-85-oscillerande-tornflakt-med-fjarrkontroll-3-hastigheter-2-lagen-timer-led-display-30x30x78-cm-vit\/\" \/>\n<meta property=\"og:locale\" content=\"sv_SE\" \/>\n<meta property=\"og:type\" content=\"article\" \/>\n<meta property=\"og:title\" content=\"TRUUSK 85\u00b0 Oscillerande Tornfl\u00e4kt Med Fj\u00e4rrkontroll - 3 Hastigheter - 2 L\u00e4gen - Timer - LED-display - 30x30x78 Cm - Vit - TRUUSK - Hem, Tr\u00e4dg\u00e5rd &amp; Fritid\" \/>\n<meta property=\"og:description\" content=\"H\u00e5ll dig sval hela sommaren med [BRAND NAME] tornfl\u00e4kt med fj\u00e4rrkontroll. Perfekt f\u00f6r kontor, hem eller studio, den erbjuder 3...\" \/>\n<meta property=\"og:url\" content=\"https:\/\/truusk.store\/sv\/produkt\/truusk-85-oscillerande-tornflakt-med-fjarrkontroll-3-hastigheter-2-lagen-timer-led-display-30x30x78-cm-vit\/\" \/>\n<meta property=\"og:site_name\" content=\"TRUUSK - Hem, Tr\u00e4dg\u00e5rd &amp; Fritid\" \/>\n<meta property=\"article:modified_time\" content=\"2026-03-12T08:38:07+00:00\" \/>\n<meta property=\"og:image\" content=\"https:\/\/i0.wp.com\/truusk.se\/wp-content\/uploads\/2026\/03\/85-oscillerande-tornflakt-med-fjarrkontroll-3-hastigheter-2-lagen-timer-led-display-30x30x78-cm-vit-1.webp?fit=2000%2C2000&ssl=1\" \/>\n\t<meta property=\"og:image:width\" content=\"2000\" \/>\n\t<meta property=\"og:image:height\" content=\"2000\" \/>\n\t<meta property=\"og:image:type\" content=\"image\/webp\" \/>\n<meta name=\"twitter:card\" content=\"summary_large_image\" \/>\n<meta name=\"twitter:label1\" content=\"Ber\u00e4knad l\u00e4stid\" \/>\n\t<meta name=\"twitter:data1\" content=\"1 minut\" \/>\n<!-- \/ Yoast SEO plugin. -->","yoast_head_json":{"title":"TRUUSK 85\u00b0 Oscillerande Tornfl\u00e4kt Med Fj\u00e4rrkontroll - 3 Hastigheter - 2 L\u00e4gen - Timer - LED-display - 30x30x78 Cm - Vit - TRUUSK - Hem, Tr\u00e4dg\u00e5rd &amp; Fritid","robots":{"index":"index","follow":"follow","max-snippet":"max-snippet:-1","max-image-preview":"max-image-preview:large","max-video-preview":"max-video-preview:-1"},"canonical":"https:\/\/truusk.store\/sv\/produkt\/truusk-85-oscillerande-tornflakt-med-fjarrkontroll-3-hastigheter-2-lagen-timer-led-display-30x30x78-cm-vit\/","og_locale":"sv_SE","og_type":"article","og_title":"TRUUSK 85\u00b0 Oscillerande Tornfl\u00e4kt Med Fj\u00e4rrkontroll - 3 Hastigheter - 2 L\u00e4gen - Timer - LED-display - 30x30x78 Cm - Vit - TRUUSK - Hem, Tr\u00e4dg\u00e5rd &amp; Fritid","og_description":"H\u00e5ll dig sval hela sommaren med [BRAND NAME] tornfl\u00e4kt med fj\u00e4rrkontroll. Perfekt f\u00f6r kontor, hem eller studio, den erbjuder 3...","og_url":"https:\/\/truusk.store\/sv\/produkt\/truusk-85-oscillerande-tornflakt-med-fjarrkontroll-3-hastigheter-2-lagen-timer-led-display-30x30x78-cm-vit\/","og_site_name":"TRUUSK - Hem, Tr\u00e4dg\u00e5rd &amp; Fritid","article_modified_time":"2026-03-12T08:38:07+00:00","og_image":[{"width":2000,"height":2000,"url":"https:\/\/i0.wp.com\/truusk.se\/wp-content\/uploads\/2026\/03\/85-oscillerande-tornflakt-med-fjarrkontroll-3-hastigheter-2-lagen-timer-led-display-30x30x78-cm-vit-1.webp?fit=2000%2C2000&ssl=1","type":"image\/webp"}],"twitter_card":"summary_large_image","twitter_misc":{"Ber\u00e4knad l\u00e4stid":"1 minut"},"schema":{"@context":"https:\/\/schema.org","@graph":[{"@type":"WebPage","@id":"https:\/\/truusk.store\/sv\/produkt\/truusk-85-oscillerande-tornflakt-med-fjarrkontroll-3-hastigheter-2-lagen-timer-led-display-30x30x78-cm-vit\/","url":"https:\/\/truusk.store\/sv\/produkt\/truusk-85-oscillerande-tornflakt-med-fjarrkontroll-3-hastigheter-2-lagen-timer-led-display-30x30x78-cm-vit\/","name":"TRUUSK 85\u00b0 Oscillerande Tornfl\u00e4kt Med Fj\u00e4rrkontroll - 3 Hastigheter - 2 L\u00e4gen - Timer - LED-display - 30x30x78 Cm - Vit - TRUUSK - Hem, Tr\u00e4dg\u00e5rd &amp; Fritid","isPartOf":{"@id":"https:\/\/truusk.store\/sv\/#website"},"primaryImageOfPage":{"@id":"https:\/\/truusk.store\/sv\/produkt\/truusk-85-oscillerande-tornflakt-med-fjarrkontroll-3-hastigheter-2-lagen-timer-led-display-30x30x78-cm-vit\/#primaryimage"},"image":{"@id":"https:\/\/truusk.store\/sv\/produkt\/truusk-85-oscillerande-tornflakt-med-fjarrkontroll-3-hastigheter-2-lagen-timer-led-display-30x30x78-cm-vit\/#primaryimage"},"thumbnailUrl":"https:\/\/i0.wp.com\/truusk.store\/wp-content\/uploads\/2026\/03\/85-oscillerande-tornflakt-med-fjarrkontroll-3-hastigheter-2-lagen-timer-led-display-30x30x78-cm-vit-1.webp?fit=2000%2C2000&ssl=1","datePublished":"2026-03-03T11:42:32+00:00","dateModified":"2026-03-12T08:38:07+00:00","breadcrumb":{"@id":"https:\/\/truusk.store\/sv\/produkt\/truusk-85-oscillerande-tornflakt-med-fjarrkontroll-3-hastigheter-2-lagen-timer-led-display-30x30x78-cm-vit\/#breadcrumb"},"inLanguage":"sv-SE","potentialAction":[{"@type":"ReadAction","target":["https:\/\/truusk.store\/sv\/produkt\/truusk-85-oscillerande-tornflakt-med-fjarrkontroll-3-hastigheter-2-lagen-timer-led-display-30x30x78-cm-vit\/"]}]},{"@type":"ImageObject","inLanguage":"sv-SE","@id":"https:\/\/truusk.store\/sv\/produkt\/truusk-85-oscillerande-tornflakt-med-fjarrkontroll-3-hastigheter-2-lagen-timer-led-display-30x30x78-cm-vit\/#primaryimage","url":"https:\/\/i0.wp.com\/truusk.store\/wp-content\/uploads\/2026\/03\/85-oscillerande-tornflakt-med-fjarrkontroll-3-hastigheter-2-lagen-timer-led-display-30x30x78-cm-vit-1.webp?fit=2000%2C2000&ssl=1","contentUrl":"https:\/\/i0.wp.com\/truusk.store\/wp-content\/uploads\/2026\/03\/85-oscillerande-tornflakt-med-fjarrkontroll-3-hastigheter-2-lagen-timer-led-display-30x30x78-cm-vit-1.webp?fit=2000%2C2000&ssl=1","width":2000,"height":2000},{"@type":"BreadcrumbList","@id":"https:\/\/truusk.store\/sv\/produkt\/truusk-85-oscillerande-tornflakt-med-fjarrkontroll-3-hastigheter-2-lagen-timer-led-display-30x30x78-cm-vit\/#breadcrumb","itemListElement":[{"@type":"ListItem","position":1,"name":"Home","item":"https:\/\/truusk.store\/sv\/"},{"@type":"ListItem","position":2,"name":"Shop","item":"https:\/\/truusk.store\/shop\/"},{"@type":"ListItem","position":3,"name":"TRUUSK 85\u00b0 Oscillerande Tornfl\u00e4kt Med Fj\u00e4rrkontroll &#8211; 3 Hastigheter &#8211; 2 L\u00e4gen &#8211; Timer &#8211; LED-display &#8211; 30x30x78 Cm &#8211; Vit"}]},{"@type":"WebSite","@id":"https:\/\/truusk.store\/sv\/#website","url":"https:\/\/truusk.store\/sv\/","name":"TRUUSK - Hem, Tr\u00e4dg\u00e5rd & Fritid","description":"","publisher":{"@id":"https:\/\/truusk.store\/sv\/#organization"},"potentialAction":[{"@type":"SearchAction","target":{"@type":"EntryPoint","urlTemplate":"https:\/\/truusk.store\/sv\/?s={search_term_string}"},"query-input":{"@type":"PropertyValueSpecification","valueRequired":true,"valueName":"search_term_string"}}],"inLanguage":"sv-SE"},{"@type":"Organization","@id":"https:\/\/truusk.store\/sv\/#organization","name":"TRUUSK - Hem, Tr\u00e4dg\u00e5rd & Fritid","url":"https:\/\/truusk.store\/sv\/","logo":{"@type":"ImageObject","inLanguage":"sv-SE","@id":"https:\/\/truusk.store\/sv\/#\/schema\/logo\/image\/","url":"https:\/\/i0.wp.com\/truusk.store\/wp-content\/uploads\/2026\/03\/cropped-TRUUSK.png?fit=2032%2C917&ssl=1","contentUrl":"https:\/\/i0.wp.com\/truusk.store\/wp-content\/uploads\/2026\/03\/cropped-TRUUSK.png?fit=2032%2C917&ssl=1","width":2032,"height":917,"caption":"TRUUSK - Hem, Tr\u00e4dg\u00e5rd & Fritid"},"image":{"@id":"https:\/\/truusk.store\/sv\/#\/schema\/logo\/image\/"}}]}},"jetpack_sharing_enabled":true,"_links":{"self":[{"href":"https:\/\/truusk.store\/sv\/wp-json\/wp\/v2\/product\/106854","targetHints":{"allow":["GET"]}}],"collection":[{"href":"https:\/\/truusk.store\/sv\/wp-json\/wp\/v2\/product"}],"about":[{"href":"https:\/\/truusk.store\/sv\/wp-json\/wp\/v2\/types\/product"}],"wp:featuredmedia":[{"embeddable":true,"href":"https:\/\/truusk.store\/sv\/wp-json\/wp\/v2\/media\/106845"}],"wp:attachment":[{"href":"https:\/\/truusk.store\/sv\/wp-json\/wp\/v2\/media?parent=106854"}],"wp:term":[{"taxonomy":"product_brand","embeddable":true,"href":"https:\/\/truusk.store\/sv\/wp-json\/wp\/v2\/product_brand?post=106854"},{"taxonomy":"product_cat","embeddable":true,"href":"https:\/\/truusk.store\/sv\/wp-json\/wp\/v2\/product_cat?post=106854"},{"taxonomy":"product_tag","embeddable":true,"href":"https:\/\/truusk.store\/sv\/wp-json\/wp\/v2\/product_tag?post=106854"}],"curies":[{"name":"wp","href":"https:\/\/api.w.org\/{rel}","templated":true}]}}