{"id":106864,"date":"2026-03-03T12:48:28","date_gmt":"2026-03-03T11:48:28","guid":{"rendered":"https:\/\/truusk.store\/product\/verktygslada-verktygsvagn-verktygslada-3-nivaer-4-hjul-82-cm-x-35-cm-x-76-cm-bla\/"},"modified":"2026-03-12T09:42:24","modified_gmt":"2026-03-12T08:42:24","slug":"truusk-verktygslada-med-3-nivaer-4-hjul-82-cm-x-35-cm-x-76-cm-bla","status":"publish","type":"product","link":"https:\/\/truusk.store\/sv\/produkt\/truusk-verktygslada-med-3-nivaer-4-hjul-82-cm-x-35-cm-x-76-cm-bla\/","title":{"rendered":"TRUUSK Verktygsl\u00e5da med 3 Niv\u00e5er &#8211; 4 Hjul &#8211; 82 cm x 35 cm x 76 cm &#8211; Bl\u00e5"},"content":{"rendered":"<p>Den ideala verktygsf\u00f6rvaringsl\u00f6sningen fr\u00e5n [BRAND NAME]. Den praktiska verktygsvagnen \u00e4r fullt utrustad med 3 hyllor och en l\u00e5da f\u00f6r att ordentligt f\u00f6rvara alla dina verktyg. Den erbjuder mycket f\u00f6rvaringsutrymme f\u00f6r verktyg och annat sm\u00e5tt tillbeh\u00f6r. F\u00f6r enkel transport finns det fyra hjul (2 universella och 2 styrhjul). Passar i alla garage eller verkst\u00e4der.<\/p>\n<p>Beskrivning:<\/p>\n<ul>\n<li> Handtag p\u00e5 sidan och 4 hjul med tv\u00e5 bromsar f\u00f6r att underl\u00e4tta r\u00f6relse av denna enhet<\/li>\n<li> Robust konstruktion i st\u00e5l f\u00f6r h\u00f6g motst\u00e5ndskraft mot repor och korrosion<\/li>\n<li> 3 niv\u00e5er f\u00f6r organisering och f\u00f6rvaring av verktyg<\/li>\n<li> Idealisk verktygsf\u00f6rvaringsenhet f\u00f6r garage och verkst\u00e4der<\/li>\n<\/ul>\n<p> Tekniska data:<\/p>\n<ul>\n<li> Material: St\u00e5l<\/li>\n<li> F\u00e4rger: R\u00f6d+Svart<\/li>\n<li> Produktm\u00e5tt: 82L x 35B x 76H cm<\/li>\n<li> Varje niv\u00e5storlek: 70L x 35B x 6H cm<\/li>\n<li> Kistans dimensioner: 71,5L x 36B x 20H cm<\/li>\n<li> Viktkapacitet: 30 kg (varje niv\u00e5), 60 kg (totalt)<\/li>\n<\/ul>\n<p>Leveransinneh\u00e5ll:<\/p>\n<ul>\n<li> 1 x Verktygsvagn<\/li>\n<li> 1 x Instruktioner<\/li>\n<\/ul>\n","protected":false},"excerpt":{"rendered":"<p>Den ideala verktygsf\u00f6rvaringsl\u00f6sningen fr\u00e5n [BRAND NAME]. Den praktiska verktygsvagnen \u00e4r fullt utrustad med 3 hyllor och en l\u00e5da f\u00f6r att&#8230;<\/p>\n","protected":false},"featured_media":106855,"template":"","meta":[],"product_brand":[],"product_cat":[867,898,899],"product_tag":[],"class_list":{"0":"post-106864","1":"product","2":"type-product","3":"status-publish","4":"has-post-thumbnail","6":"product_cat-byggmarknad","7":"product_cat-gor-det-sjalv","8":"product_cat-organiseringssystemer","10":"first","11":"instock","12":"sale","13":"taxable","14":"shipping-taxable","15":"purchasable","16":"product-type-simple"},"yoast_head":"<!-- This site is optimized with the Yoast SEO plugin v25.4 - https:\/\/yoast.com\/wordpress\/plugins\/seo\/ -->\n<title>TRUUSK Verktygsl\u00e5da med 3 Niv\u00e5er - 4 Hjul - 82 cm x 35 cm x 76 cm - Bl\u00e5 - TRUUSK - Hem, Tr\u00e4dg\u00e5rd &amp; Fritid<\/title>\n<meta name=\"robots\" content=\"index, follow, max-snippet:-1, max-image-preview:large, max-video-preview:-1\" \/>\n<link rel=\"canonical\" href=\"https:\/\/truusk.store\/sv\/produkt\/truusk-verktygslada-med-3-nivaer-4-hjul-82-cm-x-35-cm-x-76-cm-bla\/\" \/>\n<meta property=\"og:locale\" content=\"sv_SE\" \/>\n<meta property=\"og:type\" content=\"article\" \/>\n<meta property=\"og:title\" content=\"TRUUSK Verktygsl\u00e5da med 3 Niv\u00e5er - 4 Hjul - 82 cm x 35 cm x 76 cm - Bl\u00e5 - TRUUSK - Hem, Tr\u00e4dg\u00e5rd &amp; Fritid\" \/>\n<meta property=\"og:description\" content=\"Den ideala verktygsf\u00f6rvaringsl\u00f6sningen fr\u00e5n [BRAND NAME]. Den praktiska verktygsvagnen \u00e4r fullt utrustad med 3 hyllor och en l\u00e5da f\u00f6r att...\" \/>\n<meta property=\"og:url\" content=\"https:\/\/truusk.store\/sv\/produkt\/truusk-verktygslada-med-3-nivaer-4-hjul-82-cm-x-35-cm-x-76-cm-bla\/\" \/>\n<meta property=\"og:site_name\" content=\"TRUUSK - Hem, Tr\u00e4dg\u00e5rd &amp; Fritid\" \/>\n<meta property=\"article:modified_time\" content=\"2026-03-12T08:42:24+00:00\" \/>\n<meta property=\"og:image\" content=\"https:\/\/i0.wp.com\/truusk.se\/wp-content\/uploads\/2026\/03\/verktygslada-verktygsvagn-verktygslada-3-nivaer-4-hjul-82-cm-x-35-cm-x-76-cm-bla-1.webp?fit=2000%2C2000&ssl=1\" \/>\n\t<meta property=\"og:image:width\" content=\"2000\" \/>\n\t<meta property=\"og:image:height\" content=\"2000\" \/>\n\t<meta property=\"og:image:type\" content=\"image\/webp\" \/>\n<meta name=\"twitter:card\" content=\"summary_large_image\" \/>\n<meta name=\"twitter:label1\" content=\"Ber\u00e4knad l\u00e4stid\" \/>\n\t<meta name=\"twitter:data1\" content=\"1 minut\" \/>\n<!-- \/ Yoast SEO plugin. -->","yoast_head_json":{"title":"TRUUSK Verktygsl\u00e5da med 3 Niv\u00e5er - 4 Hjul - 82 cm x 35 cm x 76 cm - Bl\u00e5 - TRUUSK - Hem, Tr\u00e4dg\u00e5rd &amp; Fritid","robots":{"index":"index","follow":"follow","max-snippet":"max-snippet:-1","max-image-preview":"max-image-preview:large","max-video-preview":"max-video-preview:-1"},"canonical":"https:\/\/truusk.store\/sv\/produkt\/truusk-verktygslada-med-3-nivaer-4-hjul-82-cm-x-35-cm-x-76-cm-bla\/","og_locale":"sv_SE","og_type":"article","og_title":"TRUUSK Verktygsl\u00e5da med 3 Niv\u00e5er - 4 Hjul - 82 cm x 35 cm x 76 cm - Bl\u00e5 - TRUUSK - Hem, Tr\u00e4dg\u00e5rd &amp; Fritid","og_description":"Den ideala verktygsf\u00f6rvaringsl\u00f6sningen fr\u00e5n [BRAND NAME]. Den praktiska verktygsvagnen \u00e4r fullt utrustad med 3 hyllor och en l\u00e5da f\u00f6r att...","og_url":"https:\/\/truusk.store\/sv\/produkt\/truusk-verktygslada-med-3-nivaer-4-hjul-82-cm-x-35-cm-x-76-cm-bla\/","og_site_name":"TRUUSK - Hem, Tr\u00e4dg\u00e5rd &amp; Fritid","article_modified_time":"2026-03-12T08:42:24+00:00","og_image":[{"width":2000,"height":2000,"url":"https:\/\/i0.wp.com\/truusk.se\/wp-content\/uploads\/2026\/03\/verktygslada-verktygsvagn-verktygslada-3-nivaer-4-hjul-82-cm-x-35-cm-x-76-cm-bla-1.webp?fit=2000%2C2000&ssl=1","type":"image\/webp"}],"twitter_card":"summary_large_image","twitter_misc":{"Ber\u00e4knad l\u00e4stid":"1 minut"},"schema":{"@context":"https:\/\/schema.org","@graph":[{"@type":"WebPage","@id":"https:\/\/truusk.store\/sv\/produkt\/truusk-verktygslada-med-3-nivaer-4-hjul-82-cm-x-35-cm-x-76-cm-bla\/","url":"https:\/\/truusk.store\/sv\/produkt\/truusk-verktygslada-med-3-nivaer-4-hjul-82-cm-x-35-cm-x-76-cm-bla\/","name":"TRUUSK Verktygsl\u00e5da med 3 Niv\u00e5er - 4 Hjul - 82 cm x 35 cm x 76 cm - Bl\u00e5 - TRUUSK - Hem, Tr\u00e4dg\u00e5rd &amp; Fritid","isPartOf":{"@id":"https:\/\/truusk.store\/sv\/#website"},"primaryImageOfPage":{"@id":"https:\/\/truusk.store\/sv\/produkt\/truusk-verktygslada-med-3-nivaer-4-hjul-82-cm-x-35-cm-x-76-cm-bla\/#primaryimage"},"image":{"@id":"https:\/\/truusk.store\/sv\/produkt\/truusk-verktygslada-med-3-nivaer-4-hjul-82-cm-x-35-cm-x-76-cm-bla\/#primaryimage"},"thumbnailUrl":"https:\/\/i0.wp.com\/truusk.store\/wp-content\/uploads\/2026\/03\/verktygslada-verktygsvagn-verktygslada-3-nivaer-4-hjul-82-cm-x-35-cm-x-76-cm-bla-1.webp?fit=2000%2C2000&ssl=1","datePublished":"2026-03-03T11:48:28+00:00","dateModified":"2026-03-12T08:42:24+00:00","breadcrumb":{"@id":"https:\/\/truusk.store\/sv\/produkt\/truusk-verktygslada-med-3-nivaer-4-hjul-82-cm-x-35-cm-x-76-cm-bla\/#breadcrumb"},"inLanguage":"sv-SE","potentialAction":[{"@type":"ReadAction","target":["https:\/\/truusk.store\/sv\/produkt\/truusk-verktygslada-med-3-nivaer-4-hjul-82-cm-x-35-cm-x-76-cm-bla\/"]}]},{"@type":"ImageObject","inLanguage":"sv-SE","@id":"https:\/\/truusk.store\/sv\/produkt\/truusk-verktygslada-med-3-nivaer-4-hjul-82-cm-x-35-cm-x-76-cm-bla\/#primaryimage","url":"https:\/\/i0.wp.com\/truusk.store\/wp-content\/uploads\/2026\/03\/verktygslada-verktygsvagn-verktygslada-3-nivaer-4-hjul-82-cm-x-35-cm-x-76-cm-bla-1.webp?fit=2000%2C2000&ssl=1","contentUrl":"https:\/\/i0.wp.com\/truusk.store\/wp-content\/uploads\/2026\/03\/verktygslada-verktygsvagn-verktygslada-3-nivaer-4-hjul-82-cm-x-35-cm-x-76-cm-bla-1.webp?fit=2000%2C2000&ssl=1","width":2000,"height":2000},{"@type":"BreadcrumbList","@id":"https:\/\/truusk.store\/sv\/produkt\/truusk-verktygslada-med-3-nivaer-4-hjul-82-cm-x-35-cm-x-76-cm-bla\/#breadcrumb","itemListElement":[{"@type":"ListItem","position":1,"name":"Home","item":"https:\/\/truusk.store\/sv\/"},{"@type":"ListItem","position":2,"name":"Shop","item":"https:\/\/truusk.store\/shop\/"},{"@type":"ListItem","position":3,"name":"TRUUSK Verktygsl\u00e5da med 3 Niv\u00e5er &#8211; 4 Hjul &#8211; 82 cm x 35 cm x 76 cm &#8211; Bl\u00e5"}]},{"@type":"WebSite","@id":"https:\/\/truusk.store\/sv\/#website","url":"https:\/\/truusk.store\/sv\/","name":"TRUUSK - Hem, Tr\u00e4dg\u00e5rd & Fritid","description":"","publisher":{"@id":"https:\/\/truusk.store\/sv\/#organization"},"potentialAction":[{"@type":"SearchAction","target":{"@type":"EntryPoint","urlTemplate":"https:\/\/truusk.store\/sv\/?s={search_term_string}"},"query-input":{"@type":"PropertyValueSpecification","valueRequired":true,"valueName":"search_term_string"}}],"inLanguage":"sv-SE"},{"@type":"Organization","@id":"https:\/\/truusk.store\/sv\/#organization","name":"TRUUSK - Hem, Tr\u00e4dg\u00e5rd & Fritid","url":"https:\/\/truusk.store\/sv\/","logo":{"@type":"ImageObject","inLanguage":"sv-SE","@id":"https:\/\/truusk.store\/sv\/#\/schema\/logo\/image\/","url":"https:\/\/i0.wp.com\/truusk.store\/wp-content\/uploads\/2026\/03\/cropped-TRUUSK.png?fit=2032%2C917&ssl=1","contentUrl":"https:\/\/i0.wp.com\/truusk.store\/wp-content\/uploads\/2026\/03\/cropped-TRUUSK.png?fit=2032%2C917&ssl=1","width":2032,"height":917,"caption":"TRUUSK - Hem, Tr\u00e4dg\u00e5rd & Fritid"},"image":{"@id":"https:\/\/truusk.store\/sv\/#\/schema\/logo\/image\/"}}]}},"jetpack_sharing_enabled":true,"_links":{"self":[{"href":"https:\/\/truusk.store\/sv\/wp-json\/wp\/v2\/product\/106864","targetHints":{"allow":["GET"]}}],"collection":[{"href":"https:\/\/truusk.store\/sv\/wp-json\/wp\/v2\/product"}],"about":[{"href":"https:\/\/truusk.store\/sv\/wp-json\/wp\/v2\/types\/product"}],"wp:featuredmedia":[{"embeddable":true,"href":"https:\/\/truusk.store\/sv\/wp-json\/wp\/v2\/media\/106855"}],"wp:attachment":[{"href":"https:\/\/truusk.store\/sv\/wp-json\/wp\/v2\/media?parent=106864"}],"wp:term":[{"taxonomy":"product_brand","embeddable":true,"href":"https:\/\/truusk.store\/sv\/wp-json\/wp\/v2\/product_brand?post=106864"},{"taxonomy":"product_cat","embeddable":true,"href":"https:\/\/truusk.store\/sv\/wp-json\/wp\/v2\/product_cat?post=106864"},{"taxonomy":"product_tag","embeddable":true,"href":"https:\/\/truusk.store\/sv\/wp-json\/wp\/v2\/product_tag?post=106864"}],"curies":[{"name":"wp","href":"https:\/\/api.w.org\/{rel}","templated":true}]}}