{"id":106904,"date":"2026-03-03T13:00:41","date_gmt":"2026-03-03T12:00:41","guid":{"rendered":"https:\/\/truusk.store\/product\/tradgardsbord-i-metall-175x78-cm-vaderbestandigt-balkongbord-med-trautseende-halkfritt-matbord-svart\/"},"modified":"2026-03-12T08:41:09","modified_gmt":"2026-03-12T07:41:09","slug":"truusk-tradgardsbord-i-metall-175x78-cm-vaderbestandigt-balkongbord-med-trautseende-halkfritt-matbord-svart","status":"publish","type":"product","link":"https:\/\/truusk.store\/sv\/produkt\/truusk-tradgardsbord-i-metall-175x78-cm-vaderbestandigt-balkongbord-med-trautseende-halkfritt-matbord-svart\/","title":{"rendered":"TRUUSK Tr\u00e4dg\u00e5rdsbord i Metall 175&#215;78 cm &#8211; V\u00e4derbest\u00e4ndigt Balkongbord med Tr\u00e4utseende &#8211; Halkfritt Matbord &#8211; Svart"},"content":{"rendered":"<p>Anordna f\u00f6rtrollande middagar utomhus med det v\u00e4derbest\u00e4ndiga tr\u00e4dg\u00e5rdsbordet fr\u00e5n [BRAND NAME] som bekv\u00e4mt rymmer sex personer. Tr\u00e4dg\u00e5rdsbordets charmiga tr\u00e4utseende och lamellyta \u00e4r inte bara stilfulla, utan ocks\u00e5 tillverkade av ett underh\u00e5llsfritt tr\u00e4-plast-komposit. Den robusta, pulverlackerade ramen \u00e4r rostbest\u00e4ndig, s\u00e5 att ditt tr\u00e4dg\u00e5rdsbord f\u00f6rblir en central del \u00f6ver m\u00e5nga s\u00e4songer.<\/p>\n<p>Beskrivning:<\/p>\n<ul>\n<li> Det lilla tr\u00e4dg\u00e5rdsbordet rymmer bekv\u00e4mt sex personer vid familjem\u00e5ltider och sociala sammankomster<\/li>\n<li> Tr\u00e4utseende, lamelldesignen f\u00f6rb\u00e4ttrar tr\u00e4dg\u00e5rdens estetik<\/li>\n<li> Terrassbordets komposit yta \u00e4r l\u00e4tt att reng\u00f6ra och motst\u00e5r slitage<\/li>\n<li> Rostbest\u00e4ndig, pulverlackerad ram f\u00f6rl\u00e4nger terrassbordets livsl\u00e4ngd<\/li>\n<li> Montering kr\u00e4vs<\/li>\n<\/ul>\n<p> Tekniska data:<\/p>\n<ul>\n<li> F\u00e4rg: Teak<\/li>\n<li> Material: Plast, Metall<\/li>\n<li> Totala dimensioner: 175L x 78B x 75H cm<\/li>\n<li> Maximal belastning: 50 kg<\/li>\n<\/ul>\n<p>Ing\u00e5r i leveransen:<\/p>\n<ul>\n<li> 1 x Tr\u00e4dg\u00e5rdsbord<\/li>\n<li> 1 x Bruksanvisning<\/li>\n<\/ul>\n","protected":false},"excerpt":{"rendered":"<p>Anordna f\u00f6rtrollande middagar utomhus med det v\u00e4derbest\u00e4ndiga tr\u00e4dg\u00e5rdsbordet fr\u00e5n [BRAND NAME] som bekv\u00e4mt rymmer sex personer. Tr\u00e4dg\u00e5rdsbordets charmiga tr\u00e4utseende och&#8230;<\/p>\n","protected":false},"featured_media":106894,"template":"","meta":[],"product_brand":[],"product_cat":[858,457,450],"product_tag":[],"class_list":{"0":"post-106904","1":"product","2":"type-product","3":"status-publish","4":"has-post-thumbnail","6":"product_cat-tradgard-terrass","7":"product_cat-tradgardsbord","8":"product_cat-tradgardsmobler","10":"first","11":"instock","12":"sale","13":"taxable","14":"shipping-taxable","15":"purchasable","16":"product-type-simple"},"yoast_head":"<!-- This site is optimized with the Yoast SEO plugin v25.4 - https:\/\/yoast.com\/wordpress\/plugins\/seo\/ -->\n<title>TRUUSK Tr\u00e4dg\u00e5rdsbord i Metall 175x78 cm - V\u00e4derbest\u00e4ndigt Balkongbord med Tr\u00e4utseende - Halkfritt Matbord - Svart - TRUUSK - Hem, Tr\u00e4dg\u00e5rd &amp; Fritid<\/title>\n<meta name=\"robots\" content=\"index, follow, max-snippet:-1, max-image-preview:large, max-video-preview:-1\" \/>\n<link rel=\"canonical\" href=\"https:\/\/truusk.store\/sv\/produkt\/truusk-tradgardsbord-i-metall-175x78-cm-vaderbestandigt-balkongbord-med-trautseende-halkfritt-matbord-svart\/\" \/>\n<meta property=\"og:locale\" content=\"sv_SE\" \/>\n<meta property=\"og:type\" content=\"article\" \/>\n<meta property=\"og:title\" content=\"TRUUSK Tr\u00e4dg\u00e5rdsbord i Metall 175x78 cm - V\u00e4derbest\u00e4ndigt Balkongbord med Tr\u00e4utseende - Halkfritt Matbord - Svart - TRUUSK - Hem, Tr\u00e4dg\u00e5rd &amp; Fritid\" \/>\n<meta property=\"og:description\" content=\"Anordna f\u00f6rtrollande middagar utomhus med det v\u00e4derbest\u00e4ndiga tr\u00e4dg\u00e5rdsbordet fr\u00e5n [BRAND NAME] som bekv\u00e4mt rymmer sex personer. Tr\u00e4dg\u00e5rdsbordets charmiga tr\u00e4utseende och...\" \/>\n<meta property=\"og:url\" content=\"https:\/\/truusk.store\/sv\/produkt\/truusk-tradgardsbord-i-metall-175x78-cm-vaderbestandigt-balkongbord-med-trautseende-halkfritt-matbord-svart\/\" \/>\n<meta property=\"og:site_name\" content=\"TRUUSK - Hem, Tr\u00e4dg\u00e5rd &amp; Fritid\" \/>\n<meta property=\"article:modified_time\" content=\"2026-03-12T07:41:09+00:00\" \/>\n<meta property=\"og:image\" content=\"https:\/\/i0.wp.com\/truusk.se\/wp-content\/uploads\/2026\/03\/tradgardsbord-i-metall-175x78-cm-vaderbestandigt-balkongbord-med-trautseende-halkfritt-matbord-svart-1.webp?fit=2000%2C2000&ssl=1\" \/>\n\t<meta property=\"og:image:width\" content=\"2000\" \/>\n\t<meta property=\"og:image:height\" content=\"2000\" \/>\n\t<meta property=\"og:image:type\" content=\"image\/webp\" \/>\n<meta name=\"twitter:card\" content=\"summary_large_image\" \/>\n<meta name=\"twitter:label1\" content=\"Ber\u00e4knad l\u00e4stid\" \/>\n\t<meta name=\"twitter:data1\" content=\"1 minut\" \/>\n<!-- \/ Yoast SEO plugin. -->","yoast_head_json":{"title":"TRUUSK Tr\u00e4dg\u00e5rdsbord i Metall 175x78 cm - V\u00e4derbest\u00e4ndigt Balkongbord med Tr\u00e4utseende - Halkfritt Matbord - Svart - TRUUSK - Hem, Tr\u00e4dg\u00e5rd &amp; Fritid","robots":{"index":"index","follow":"follow","max-snippet":"max-snippet:-1","max-image-preview":"max-image-preview:large","max-video-preview":"max-video-preview:-1"},"canonical":"https:\/\/truusk.store\/sv\/produkt\/truusk-tradgardsbord-i-metall-175x78-cm-vaderbestandigt-balkongbord-med-trautseende-halkfritt-matbord-svart\/","og_locale":"sv_SE","og_type":"article","og_title":"TRUUSK Tr\u00e4dg\u00e5rdsbord i Metall 175x78 cm - V\u00e4derbest\u00e4ndigt Balkongbord med Tr\u00e4utseende - Halkfritt Matbord - Svart - TRUUSK - Hem, Tr\u00e4dg\u00e5rd &amp; Fritid","og_description":"Anordna f\u00f6rtrollande middagar utomhus med det v\u00e4derbest\u00e4ndiga tr\u00e4dg\u00e5rdsbordet fr\u00e5n [BRAND NAME] som bekv\u00e4mt rymmer sex personer. Tr\u00e4dg\u00e5rdsbordets charmiga tr\u00e4utseende och...","og_url":"https:\/\/truusk.store\/sv\/produkt\/truusk-tradgardsbord-i-metall-175x78-cm-vaderbestandigt-balkongbord-med-trautseende-halkfritt-matbord-svart\/","og_site_name":"TRUUSK - Hem, Tr\u00e4dg\u00e5rd &amp; Fritid","article_modified_time":"2026-03-12T07:41:09+00:00","og_image":[{"width":2000,"height":2000,"url":"https:\/\/i0.wp.com\/truusk.se\/wp-content\/uploads\/2026\/03\/tradgardsbord-i-metall-175x78-cm-vaderbestandigt-balkongbord-med-trautseende-halkfritt-matbord-svart-1.webp?fit=2000%2C2000&ssl=1","type":"image\/webp"}],"twitter_card":"summary_large_image","twitter_misc":{"Ber\u00e4knad l\u00e4stid":"1 minut"},"schema":{"@context":"https:\/\/schema.org","@graph":[{"@type":"WebPage","@id":"https:\/\/truusk.store\/sv\/produkt\/truusk-tradgardsbord-i-metall-175x78-cm-vaderbestandigt-balkongbord-med-trautseende-halkfritt-matbord-svart\/","url":"https:\/\/truusk.store\/sv\/produkt\/truusk-tradgardsbord-i-metall-175x78-cm-vaderbestandigt-balkongbord-med-trautseende-halkfritt-matbord-svart\/","name":"TRUUSK Tr\u00e4dg\u00e5rdsbord i Metall 175x78 cm - V\u00e4derbest\u00e4ndigt Balkongbord med Tr\u00e4utseende - Halkfritt Matbord - Svart - TRUUSK - Hem, Tr\u00e4dg\u00e5rd &amp; Fritid","isPartOf":{"@id":"https:\/\/truusk.store\/sv\/#website"},"primaryImageOfPage":{"@id":"https:\/\/truusk.store\/sv\/produkt\/truusk-tradgardsbord-i-metall-175x78-cm-vaderbestandigt-balkongbord-med-trautseende-halkfritt-matbord-svart\/#primaryimage"},"image":{"@id":"https:\/\/truusk.store\/sv\/produkt\/truusk-tradgardsbord-i-metall-175x78-cm-vaderbestandigt-balkongbord-med-trautseende-halkfritt-matbord-svart\/#primaryimage"},"thumbnailUrl":"https:\/\/i0.wp.com\/truusk.store\/wp-content\/uploads\/2026\/03\/tradgardsbord-i-metall-175x78-cm-vaderbestandigt-balkongbord-med-trautseende-halkfritt-matbord-svart-1.webp?fit=2000%2C2000&ssl=1","datePublished":"2026-03-03T12:00:41+00:00","dateModified":"2026-03-12T07:41:09+00:00","breadcrumb":{"@id":"https:\/\/truusk.store\/sv\/produkt\/truusk-tradgardsbord-i-metall-175x78-cm-vaderbestandigt-balkongbord-med-trautseende-halkfritt-matbord-svart\/#breadcrumb"},"inLanguage":"sv-SE","potentialAction":[{"@type":"ReadAction","target":["https:\/\/truusk.store\/sv\/produkt\/truusk-tradgardsbord-i-metall-175x78-cm-vaderbestandigt-balkongbord-med-trautseende-halkfritt-matbord-svart\/"]}]},{"@type":"ImageObject","inLanguage":"sv-SE","@id":"https:\/\/truusk.store\/sv\/produkt\/truusk-tradgardsbord-i-metall-175x78-cm-vaderbestandigt-balkongbord-med-trautseende-halkfritt-matbord-svart\/#primaryimage","url":"https:\/\/i0.wp.com\/truusk.store\/wp-content\/uploads\/2026\/03\/tradgardsbord-i-metall-175x78-cm-vaderbestandigt-balkongbord-med-trautseende-halkfritt-matbord-svart-1.webp?fit=2000%2C2000&ssl=1","contentUrl":"https:\/\/i0.wp.com\/truusk.store\/wp-content\/uploads\/2026\/03\/tradgardsbord-i-metall-175x78-cm-vaderbestandigt-balkongbord-med-trautseende-halkfritt-matbord-svart-1.webp?fit=2000%2C2000&ssl=1","width":2000,"height":2000},{"@type":"BreadcrumbList","@id":"https:\/\/truusk.store\/sv\/produkt\/truusk-tradgardsbord-i-metall-175x78-cm-vaderbestandigt-balkongbord-med-trautseende-halkfritt-matbord-svart\/#breadcrumb","itemListElement":[{"@type":"ListItem","position":1,"name":"Home","item":"https:\/\/truusk.store\/sv\/"},{"@type":"ListItem","position":2,"name":"Shop","item":"https:\/\/truusk.store\/shop\/"},{"@type":"ListItem","position":3,"name":"TRUUSK Tr\u00e4dg\u00e5rdsbord i Metall 175&#215;78 cm &#8211; V\u00e4derbest\u00e4ndigt Balkongbord med Tr\u00e4utseende &#8211; Halkfritt Matbord &#8211; Svart"}]},{"@type":"WebSite","@id":"https:\/\/truusk.store\/sv\/#website","url":"https:\/\/truusk.store\/sv\/","name":"TRUUSK - Hem, Tr\u00e4dg\u00e5rd & Fritid","description":"","publisher":{"@id":"https:\/\/truusk.store\/sv\/#organization"},"potentialAction":[{"@type":"SearchAction","target":{"@type":"EntryPoint","urlTemplate":"https:\/\/truusk.store\/sv\/?s={search_term_string}"},"query-input":{"@type":"PropertyValueSpecification","valueRequired":true,"valueName":"search_term_string"}}],"inLanguage":"sv-SE"},{"@type":"Organization","@id":"https:\/\/truusk.store\/sv\/#organization","name":"TRUUSK - Hem, Tr\u00e4dg\u00e5rd & Fritid","url":"https:\/\/truusk.store\/sv\/","logo":{"@type":"ImageObject","inLanguage":"sv-SE","@id":"https:\/\/truusk.store\/sv\/#\/schema\/logo\/image\/","url":"https:\/\/i0.wp.com\/truusk.store\/wp-content\/uploads\/2026\/03\/cropped-TRUUSK.png?fit=2032%2C917&ssl=1","contentUrl":"https:\/\/i0.wp.com\/truusk.store\/wp-content\/uploads\/2026\/03\/cropped-TRUUSK.png?fit=2032%2C917&ssl=1","width":2032,"height":917,"caption":"TRUUSK - Hem, Tr\u00e4dg\u00e5rd & Fritid"},"image":{"@id":"https:\/\/truusk.store\/sv\/#\/schema\/logo\/image\/"}}]}},"jetpack_sharing_enabled":true,"_links":{"self":[{"href":"https:\/\/truusk.store\/sv\/wp-json\/wp\/v2\/product\/106904","targetHints":{"allow":["GET"]}}],"collection":[{"href":"https:\/\/truusk.store\/sv\/wp-json\/wp\/v2\/product"}],"about":[{"href":"https:\/\/truusk.store\/sv\/wp-json\/wp\/v2\/types\/product"}],"wp:featuredmedia":[{"embeddable":true,"href":"https:\/\/truusk.store\/sv\/wp-json\/wp\/v2\/media\/106894"}],"wp:attachment":[{"href":"https:\/\/truusk.store\/sv\/wp-json\/wp\/v2\/media?parent=106904"}],"wp:term":[{"taxonomy":"product_brand","embeddable":true,"href":"https:\/\/truusk.store\/sv\/wp-json\/wp\/v2\/product_brand?post=106904"},{"taxonomy":"product_cat","embeddable":true,"href":"https:\/\/truusk.store\/sv\/wp-json\/wp\/v2\/product_cat?post=106904"},{"taxonomy":"product_tag","embeddable":true,"href":"https:\/\/truusk.store\/sv\/wp-json\/wp\/v2\/product_tag?post=106904"}],"curies":[{"name":"wp","href":"https:\/\/api.w.org\/{rel}","templated":true}]}}