{"id":106926,"date":"2026-03-03T13:03:12","date_gmt":"2026-03-03T12:03:12","guid":{"rendered":"https:\/\/truusk.store\/product\/solstol-2-pack-vikbar-zero-gravity-med-huvudstod-sidobord-inklusive-2-dryckhallare\/"},"modified":"2026-03-12T08:42:16","modified_gmt":"2026-03-12T07:42:16","slug":"truusk-2-pack-fallbara-zero-gravity-solstolar-med-nackstod-sidobord-och-2-dryckeshallare-svart","status":"publish","type":"product","link":"https:\/\/truusk.store\/sv\/produkt\/truusk-2-pack-fallbara-zero-gravity-solstolar-med-nackstod-sidobord-och-2-dryckeshallare-svart\/","title":{"rendered":"TRUUSK 2-pack F\u00e4llbara Zero Gravity Solstolar &#8211; Med Nackst\u00f6d, Sidobord och 2 Dryckesh\u00e5llare &#8211; Svart"},"content":{"rendered":"<p>Slappna av utan anstr\u00e4ngning med en v\u00e4n med [BRAND NAME] solstolset. Den justerbara ryggst\u00f6det p\u00e5 solstolen m\u00f6jligg\u00f6r en perfekt liggande position. Textilene-tyget p\u00e5 solstolen, h\u00e5lls av robusta elastiska band, minskar kroppstrycket och \u00f6kar komforten. Det praktiska sidobordet med tv\u00e5 inbyggda dryckesh\u00e5llare ser till att dina drycker alltid \u00e4r inom r\u00e4ckh\u00e5ll. Idealisk f\u00f6r of\u00f6rgl\u00f6mliga timmar utomhus, kombinerar det komfort, funktionalitet och stil.<\/p>\n<p>Beskrivning:<\/p>\n<ul>\n<li> Detta set inneh\u00e5ller 2 Zero-Gravity solstolar och 1 bord<\/li>\n<li> 5 ryggst\u00f6dsinst\u00e4llningar och avtagbara huvudst\u00f6d p\u00e5 solstolarna ger komfort f\u00f6r avkoppling<\/li>\n<li> Ett kvadratiskt bord med 2 inbyggda muggst\u00e4ll<\/li>\n<li> Andningsbart Textilene-tyg med elastiska band f\u00f6r tryckavlastning<\/li>\n<li> Pulverlackerad metallram ger en stabil struktur<\/li>\n<li> Detta bord- och stolset kan f\u00e4llas ihop f\u00f6r enkel f\u00f6rvaring och transport<\/li>\n<li> Huvudst\u00f6dets \u00f6verdrag kan tas bort f\u00f6r reng\u00f6ring<\/li>\n<li> Ingen montering kr\u00e4vs<\/li>\n<\/ul>\n<p> Tekniska data:<\/p>\n<ul>\n<li> F\u00e4rg: Gr\u00e5<\/li>\n<li> Material: Metall, Textilene (70 % plast, 30 % polyester)<\/li>\n<li> Bordets dimensioner: 47L x 47B x 54H cm<\/li>\n<li> Stolens dimensioner: 90L x 65B x 110H cm<\/li>\n<li> Maximal liggande storlek: 160L x 65B x 77H cm<\/li>\n<li> F\u00e4llda m\u00e5tt: 65L x 15B x 101H cm (stol), 70L x 47B x 5H cm (bord)<\/li>\n<li> Sitsstorlek: 52B x 52T cm<\/li>\n<li> Sitth\u00f6jd: 48 cm<\/li>\n<li> Ryggstorlek: 72L x 51B cm<\/li>\n<li> Armst\u00f6dsh\u00f6jd fr\u00e5n golvet: 65 cm<\/li>\n<li> Kuddstorlek: 34L x 16B x 5T cm<\/li>\n<li> B\u00e4rkapacitet: 120 kg (stol), 40 kg (bord)<\/li>\n<\/ul>\n<p>Leverans inneh\u00e5ller:<\/p>\n<ul>\n<li> 2 x Stol<\/li>\n<li> 1 x Bord<\/li>\n<li> 2 x Kudde<\/li>\n<li> 1 x Manual<\/li>\n<\/ul>\n","protected":false},"excerpt":{"rendered":"<p>Slappna av utan anstr\u00e4ngning med en v\u00e4n med [BRAND NAME] solstolset. Den justerbara ryggst\u00f6det p\u00e5 solstolen m\u00f6jligg\u00f6r en perfekt liggande&#8230;<\/p>\n","protected":false},"featured_media":106914,"template":"","meta":[],"product_brand":[],"product_cat":[858,450,456],"product_tag":[],"class_list":{"0":"post-106926","1":"product","2":"type-product","3":"status-publish","4":"has-post-thumbnail","6":"product_cat-tradgard-terrass","7":"product_cat-tradgardsmobler","8":"product_cat-tradgardsmobler-set","10":"first","11":"instock","12":"sale","13":"taxable","14":"shipping-taxable","15":"purchasable","16":"product-type-simple"},"yoast_head":"<!-- This site is optimized with the Yoast SEO plugin v25.4 - https:\/\/yoast.com\/wordpress\/plugins\/seo\/ -->\n<title>TRUUSK 2-pack F\u00e4llbara Zero Gravity Solstolar - Med Nackst\u00f6d, Sidobord och 2 Dryckesh\u00e5llare - Svart - TRUUSK - Hem, Tr\u00e4dg\u00e5rd &amp; Fritid<\/title>\n<meta name=\"robots\" content=\"index, follow, max-snippet:-1, max-image-preview:large, max-video-preview:-1\" \/>\n<link rel=\"canonical\" href=\"https:\/\/truusk.store\/sv\/produkt\/truusk-2-pack-fallbara-zero-gravity-solstolar-med-nackstod-sidobord-och-2-dryckeshallare-svart\/\" \/>\n<meta property=\"og:locale\" content=\"sv_SE\" \/>\n<meta property=\"og:type\" content=\"article\" \/>\n<meta property=\"og:title\" content=\"TRUUSK 2-pack F\u00e4llbara Zero Gravity Solstolar - Med Nackst\u00f6d, Sidobord och 2 Dryckesh\u00e5llare - Svart - TRUUSK - Hem, Tr\u00e4dg\u00e5rd &amp; Fritid\" \/>\n<meta property=\"og:description\" content=\"Slappna av utan anstr\u00e4ngning med en v\u00e4n med [BRAND NAME] solstolset. Den justerbara ryggst\u00f6det p\u00e5 solstolen m\u00f6jligg\u00f6r en perfekt liggande...\" \/>\n<meta property=\"og:url\" content=\"https:\/\/truusk.store\/sv\/produkt\/truusk-2-pack-fallbara-zero-gravity-solstolar-med-nackstod-sidobord-och-2-dryckeshallare-svart\/\" \/>\n<meta property=\"og:site_name\" content=\"TRUUSK - Hem, Tr\u00e4dg\u00e5rd &amp; Fritid\" \/>\n<meta property=\"article:modified_time\" content=\"2026-03-12T07:42:16+00:00\" \/>\n<meta property=\"og:image\" content=\"https:\/\/i0.wp.com\/truusk.se\/wp-content\/uploads\/2026\/03\/solstol-2-pack-vikbar-zero-gravity-med-huvudstod-sidobord-inklusive-2-dryckhallare-1.webp?fit=2000%2C2000&ssl=1\" \/>\n\t<meta property=\"og:image:width\" content=\"2000\" \/>\n\t<meta property=\"og:image:height\" content=\"2000\" \/>\n\t<meta property=\"og:image:type\" content=\"image\/webp\" \/>\n<meta name=\"twitter:card\" content=\"summary_large_image\" \/>\n<meta name=\"twitter:label1\" content=\"Ber\u00e4knad l\u00e4stid\" \/>\n\t<meta name=\"twitter:data1\" content=\"1 minut\" \/>\n<!-- \/ Yoast SEO plugin. -->","yoast_head_json":{"title":"TRUUSK 2-pack F\u00e4llbara Zero Gravity Solstolar - Med Nackst\u00f6d, Sidobord och 2 Dryckesh\u00e5llare - Svart - TRUUSK - Hem, Tr\u00e4dg\u00e5rd &amp; Fritid","robots":{"index":"index","follow":"follow","max-snippet":"max-snippet:-1","max-image-preview":"max-image-preview:large","max-video-preview":"max-video-preview:-1"},"canonical":"https:\/\/truusk.store\/sv\/produkt\/truusk-2-pack-fallbara-zero-gravity-solstolar-med-nackstod-sidobord-och-2-dryckeshallare-svart\/","og_locale":"sv_SE","og_type":"article","og_title":"TRUUSK 2-pack F\u00e4llbara Zero Gravity Solstolar - Med Nackst\u00f6d, Sidobord och 2 Dryckesh\u00e5llare - Svart - TRUUSK - Hem, Tr\u00e4dg\u00e5rd &amp; Fritid","og_description":"Slappna av utan anstr\u00e4ngning med en v\u00e4n med [BRAND NAME] solstolset. Den justerbara ryggst\u00f6det p\u00e5 solstolen m\u00f6jligg\u00f6r en perfekt liggande...","og_url":"https:\/\/truusk.store\/sv\/produkt\/truusk-2-pack-fallbara-zero-gravity-solstolar-med-nackstod-sidobord-och-2-dryckeshallare-svart\/","og_site_name":"TRUUSK - Hem, Tr\u00e4dg\u00e5rd &amp; Fritid","article_modified_time":"2026-03-12T07:42:16+00:00","og_image":[{"width":2000,"height":2000,"url":"https:\/\/i0.wp.com\/truusk.se\/wp-content\/uploads\/2026\/03\/solstol-2-pack-vikbar-zero-gravity-med-huvudstod-sidobord-inklusive-2-dryckhallare-1.webp?fit=2000%2C2000&ssl=1","type":"image\/webp"}],"twitter_card":"summary_large_image","twitter_misc":{"Ber\u00e4knad l\u00e4stid":"1 minut"},"schema":{"@context":"https:\/\/schema.org","@graph":[{"@type":"WebPage","@id":"https:\/\/truusk.store\/sv\/produkt\/truusk-2-pack-fallbara-zero-gravity-solstolar-med-nackstod-sidobord-och-2-dryckeshallare-svart\/","url":"https:\/\/truusk.store\/sv\/produkt\/truusk-2-pack-fallbara-zero-gravity-solstolar-med-nackstod-sidobord-och-2-dryckeshallare-svart\/","name":"TRUUSK 2-pack F\u00e4llbara Zero Gravity Solstolar - Med Nackst\u00f6d, Sidobord och 2 Dryckesh\u00e5llare - Svart - TRUUSK - Hem, Tr\u00e4dg\u00e5rd &amp; Fritid","isPartOf":{"@id":"https:\/\/truusk.store\/sv\/#website"},"primaryImageOfPage":{"@id":"https:\/\/truusk.store\/sv\/produkt\/truusk-2-pack-fallbara-zero-gravity-solstolar-med-nackstod-sidobord-och-2-dryckeshallare-svart\/#primaryimage"},"image":{"@id":"https:\/\/truusk.store\/sv\/produkt\/truusk-2-pack-fallbara-zero-gravity-solstolar-med-nackstod-sidobord-och-2-dryckeshallare-svart\/#primaryimage"},"thumbnailUrl":"https:\/\/i0.wp.com\/truusk.store\/wp-content\/uploads\/2026\/03\/solstol-2-pack-vikbar-zero-gravity-med-huvudstod-sidobord-inklusive-2-dryckhallare-1.webp?fit=2000%2C2000&ssl=1","datePublished":"2026-03-03T12:03:12+00:00","dateModified":"2026-03-12T07:42:16+00:00","breadcrumb":{"@id":"https:\/\/truusk.store\/sv\/produkt\/truusk-2-pack-fallbara-zero-gravity-solstolar-med-nackstod-sidobord-och-2-dryckeshallare-svart\/#breadcrumb"},"inLanguage":"sv-SE","potentialAction":[{"@type":"ReadAction","target":["https:\/\/truusk.store\/sv\/produkt\/truusk-2-pack-fallbara-zero-gravity-solstolar-med-nackstod-sidobord-och-2-dryckeshallare-svart\/"]}]},{"@type":"ImageObject","inLanguage":"sv-SE","@id":"https:\/\/truusk.store\/sv\/produkt\/truusk-2-pack-fallbara-zero-gravity-solstolar-med-nackstod-sidobord-och-2-dryckeshallare-svart\/#primaryimage","url":"https:\/\/i0.wp.com\/truusk.store\/wp-content\/uploads\/2026\/03\/solstol-2-pack-vikbar-zero-gravity-med-huvudstod-sidobord-inklusive-2-dryckhallare-1.webp?fit=2000%2C2000&ssl=1","contentUrl":"https:\/\/i0.wp.com\/truusk.store\/wp-content\/uploads\/2026\/03\/solstol-2-pack-vikbar-zero-gravity-med-huvudstod-sidobord-inklusive-2-dryckhallare-1.webp?fit=2000%2C2000&ssl=1","width":2000,"height":2000},{"@type":"BreadcrumbList","@id":"https:\/\/truusk.store\/sv\/produkt\/truusk-2-pack-fallbara-zero-gravity-solstolar-med-nackstod-sidobord-och-2-dryckeshallare-svart\/#breadcrumb","itemListElement":[{"@type":"ListItem","position":1,"name":"Home","item":"https:\/\/truusk.store\/sv\/"},{"@type":"ListItem","position":2,"name":"Shop","item":"https:\/\/truusk.store\/shop\/"},{"@type":"ListItem","position":3,"name":"TRUUSK 2-pack F\u00e4llbara Zero Gravity Solstolar &#8211; Med Nackst\u00f6d, Sidobord och 2 Dryckesh\u00e5llare &#8211; Svart"}]},{"@type":"WebSite","@id":"https:\/\/truusk.store\/sv\/#website","url":"https:\/\/truusk.store\/sv\/","name":"TRUUSK - Hem, Tr\u00e4dg\u00e5rd & Fritid","description":"","publisher":{"@id":"https:\/\/truusk.store\/sv\/#organization"},"potentialAction":[{"@type":"SearchAction","target":{"@type":"EntryPoint","urlTemplate":"https:\/\/truusk.store\/sv\/?s={search_term_string}"},"query-input":{"@type":"PropertyValueSpecification","valueRequired":true,"valueName":"search_term_string"}}],"inLanguage":"sv-SE"},{"@type":"Organization","@id":"https:\/\/truusk.store\/sv\/#organization","name":"TRUUSK - Hem, Tr\u00e4dg\u00e5rd & Fritid","url":"https:\/\/truusk.store\/sv\/","logo":{"@type":"ImageObject","inLanguage":"sv-SE","@id":"https:\/\/truusk.store\/sv\/#\/schema\/logo\/image\/","url":"https:\/\/i0.wp.com\/truusk.store\/wp-content\/uploads\/2026\/03\/cropped-TRUUSK.png?fit=2032%2C917&ssl=1","contentUrl":"https:\/\/i0.wp.com\/truusk.store\/wp-content\/uploads\/2026\/03\/cropped-TRUUSK.png?fit=2032%2C917&ssl=1","width":2032,"height":917,"caption":"TRUUSK - Hem, Tr\u00e4dg\u00e5rd & Fritid"},"image":{"@id":"https:\/\/truusk.store\/sv\/#\/schema\/logo\/image\/"}}]}},"jetpack_sharing_enabled":true,"_links":{"self":[{"href":"https:\/\/truusk.store\/sv\/wp-json\/wp\/v2\/product\/106926","targetHints":{"allow":["GET"]}}],"collection":[{"href":"https:\/\/truusk.store\/sv\/wp-json\/wp\/v2\/product"}],"about":[{"href":"https:\/\/truusk.store\/sv\/wp-json\/wp\/v2\/types\/product"}],"wp:featuredmedia":[{"embeddable":true,"href":"https:\/\/truusk.store\/sv\/wp-json\/wp\/v2\/media\/106914"}],"wp:attachment":[{"href":"https:\/\/truusk.store\/sv\/wp-json\/wp\/v2\/media?parent=106926"}],"wp:term":[{"taxonomy":"product_brand","embeddable":true,"href":"https:\/\/truusk.store\/sv\/wp-json\/wp\/v2\/product_brand?post=106926"},{"taxonomy":"product_cat","embeddable":true,"href":"https:\/\/truusk.store\/sv\/wp-json\/wp\/v2\/product_cat?post=106926"},{"taxonomy":"product_tag","embeddable":true,"href":"https:\/\/truusk.store\/sv\/wp-json\/wp\/v2\/product_tag?post=106926"}],"curies":[{"name":"wp","href":"https:\/\/api.w.org\/{rel}","templated":true}]}}