{"id":106936,"date":"2026-03-03T13:03:54","date_gmt":"2026-03-03T12:03:54","guid":{"rendered":"https:\/\/truusk.store\/product\/grillvagn-med-2-vaningar-serveringsvagn-med-arbetsyta-hyllor-krokar-hjul-rostfritt-stal-102-x-56-x-81cm\/"},"modified":"2026-03-12T08:42:38","modified_gmt":"2026-03-12T07:42:38","slug":"truusk-grillvagn-med-2-vaningar-serveringsvagn-med-arbetsyta-hjul-rostfritt-stal-102-x-56-x-81cm","status":"publish","type":"product","link":"https:\/\/truusk.store\/sv\/produkt\/truusk-grillvagn-med-2-vaningar-serveringsvagn-med-arbetsyta-hjul-rostfritt-stal-102-x-56-x-81cm\/","title":{"rendered":"TRUUSK Grillvagn Med 2 V\u00e5ningar &#8211; Serveringsvagn Med Arbetsyta &#8211; Hjul &#8211; Rostfritt St\u00e5l 102 x 56 x 81cm"},"content":{"rendered":"<p>Planerar du att imponera p\u00e5 dina v\u00e4nner? Med [BRAND NAME] utomhusgrillbord blir varje sammankomst till en h\u00f6jdpunkt. Bordsskivan i rostfritt st\u00e5l, en hylla, ett handduksst\u00e4ll-handtag och praktiska krokar erbjuder plats f\u00f6r mat, dryck och kryddor. Stora hjul och ett sidohandtag g\u00f6r den mobil &#8211; perfekt f\u00f6r picknick, BBQs och familjetr\u00e4ffar. Med [BRAND NAME] blir varje event speciellt.<\/p>\n<p>Beskrivning:<\/p>\n<ul>\n<li> Bordsskivan i rostfritt st\u00e5l \u00e4r robust och l\u00e4tt att reng\u00f6ra<\/li>\n<li> Utrustad med en hylla, ett handtag som \u00e4ven fungerar som handduksst\u00e4ll, och fyra S-krokar<\/li>\n<li> Inneh\u00e5ller en stor krok f\u00f6r gasflaskan<\/li>\n<li> Portabel design med praktiskt handtag och tv\u00e5 stora hjul<\/li>\n<li> Pulverlackerad metallram p\u00e5 grillvagnen f\u00f6r p\u00e5litlig utomhusanv\u00e4ndning<\/li>\n<li> Max. belastning 30 kg, montering kr\u00e4vs<\/li>\n<\/ul>\n<p> Tekniska data:<\/p>\n<ul>\n<li> F\u00e4rg: M\u00f6rkgr\u00e5+Silver<\/li>\n<li> Material: Metall, rostfritt st\u00e5l<\/li>\n<li> Totala dimensioner: 102B x 56T x 81H cm<\/li>\n<li> Storlek p\u00e5 rostfritt st\u00e5lyta: 85B x 50T cm<\/li>\n<li> Hyllans dimensioner: 76B x 49T x 12H cm<\/li>\n<li> Handduksst\u00e4llsdimensioner: 45,8L x 12,5B cm<\/li>\n<li> Belastningskapacitet: ovan 30 kg, hylla 20 kg, handtag 10 kg, krok 3 kg<\/li>\n<\/ul>\n<p>Leveransinneh\u00e5ll:<\/p>\n<ul>\n<li> 1 x Pizzabord<\/li>\n<li> 4 x Krok<\/li>\n<li> 1 x Instruktioner<\/li>\n<\/ul>\n","protected":false},"excerpt":{"rendered":"<p>Planerar du att imponera p\u00e5 dina v\u00e4nner? Med [BRAND NAME] utomhusgrillbord blir varje sammankomst till en h\u00f6jdpunkt. Bordsskivan i rostfritt&#8230;<\/p>\n","protected":false},"featured_media":106920,"template":"","meta":[],"product_brand":[],"product_cat":[1043,440,858],"product_tag":[],"class_list":{"0":"post-106936","1":"product","2":"type-product","3":"status-publish","4":"has-post-thumbnail","6":"product_cat-grilla-varma","7":"product_cat-grillar","8":"product_cat-tradgard-terrass","10":"first","11":"instock","12":"sale","13":"taxable","14":"shipping-taxable","15":"purchasable","16":"product-type-simple"},"yoast_head":"<!-- This site is optimized with the Yoast SEO plugin v25.4 - https:\/\/yoast.com\/wordpress\/plugins\/seo\/ -->\n<title>TRUUSK Grillvagn Med 2 V\u00e5ningar - Serveringsvagn Med Arbetsyta - Hjul - Rostfritt St\u00e5l 102 x 56 x 81cm - TRUUSK - Hem, Tr\u00e4dg\u00e5rd &amp; Fritid<\/title>\n<meta name=\"robots\" content=\"index, follow, max-snippet:-1, max-image-preview:large, max-video-preview:-1\" \/>\n<link rel=\"canonical\" href=\"https:\/\/truusk.store\/sv\/produkt\/truusk-grillvagn-med-2-vaningar-serveringsvagn-med-arbetsyta-hjul-rostfritt-stal-102-x-56-x-81cm\/\" \/>\n<meta property=\"og:locale\" content=\"sv_SE\" \/>\n<meta property=\"og:type\" content=\"article\" \/>\n<meta property=\"og:title\" content=\"TRUUSK Grillvagn Med 2 V\u00e5ningar - Serveringsvagn Med Arbetsyta - Hjul - Rostfritt St\u00e5l 102 x 56 x 81cm - TRUUSK - Hem, Tr\u00e4dg\u00e5rd &amp; Fritid\" \/>\n<meta property=\"og:description\" content=\"Planerar du att imponera p\u00e5 dina v\u00e4nner? Med [BRAND NAME] utomhusgrillbord blir varje sammankomst till en h\u00f6jdpunkt. Bordsskivan i rostfritt...\" \/>\n<meta property=\"og:url\" content=\"https:\/\/truusk.store\/sv\/produkt\/truusk-grillvagn-med-2-vaningar-serveringsvagn-med-arbetsyta-hjul-rostfritt-stal-102-x-56-x-81cm\/\" \/>\n<meta property=\"og:site_name\" content=\"TRUUSK - Hem, Tr\u00e4dg\u00e5rd &amp; Fritid\" \/>\n<meta property=\"article:modified_time\" content=\"2026-03-12T07:42:38+00:00\" \/>\n<meta property=\"og:image\" content=\"https:\/\/i0.wp.com\/truusk.se\/wp-content\/uploads\/2026\/03\/grillvagn-med-2-vaningar-serveringsvagn-med-arbetsyta-hyllor-krokar-hjul-rostfritt-stal-102-x-56-x-81cm-1.webp?fit=2000%2C2000&ssl=1\" \/>\n\t<meta property=\"og:image:width\" content=\"2000\" \/>\n\t<meta property=\"og:image:height\" content=\"2000\" \/>\n\t<meta property=\"og:image:type\" content=\"image\/webp\" \/>\n<meta name=\"twitter:card\" content=\"summary_large_image\" \/>\n<meta name=\"twitter:label1\" content=\"Ber\u00e4knad l\u00e4stid\" \/>\n\t<meta name=\"twitter:data1\" content=\"1 minut\" \/>\n<!-- \/ Yoast SEO plugin. -->","yoast_head_json":{"title":"TRUUSK Grillvagn Med 2 V\u00e5ningar - Serveringsvagn Med Arbetsyta - Hjul - Rostfritt St\u00e5l 102 x 56 x 81cm - TRUUSK - Hem, Tr\u00e4dg\u00e5rd &amp; Fritid","robots":{"index":"index","follow":"follow","max-snippet":"max-snippet:-1","max-image-preview":"max-image-preview:large","max-video-preview":"max-video-preview:-1"},"canonical":"https:\/\/truusk.store\/sv\/produkt\/truusk-grillvagn-med-2-vaningar-serveringsvagn-med-arbetsyta-hjul-rostfritt-stal-102-x-56-x-81cm\/","og_locale":"sv_SE","og_type":"article","og_title":"TRUUSK Grillvagn Med 2 V\u00e5ningar - Serveringsvagn Med Arbetsyta - Hjul - Rostfritt St\u00e5l 102 x 56 x 81cm - TRUUSK - Hem, Tr\u00e4dg\u00e5rd &amp; Fritid","og_description":"Planerar du att imponera p\u00e5 dina v\u00e4nner? Med [BRAND NAME] utomhusgrillbord blir varje sammankomst till en h\u00f6jdpunkt. Bordsskivan i rostfritt...","og_url":"https:\/\/truusk.store\/sv\/produkt\/truusk-grillvagn-med-2-vaningar-serveringsvagn-med-arbetsyta-hjul-rostfritt-stal-102-x-56-x-81cm\/","og_site_name":"TRUUSK - Hem, Tr\u00e4dg\u00e5rd &amp; Fritid","article_modified_time":"2026-03-12T07:42:38+00:00","og_image":[{"width":2000,"height":2000,"url":"https:\/\/i0.wp.com\/truusk.se\/wp-content\/uploads\/2026\/03\/grillvagn-med-2-vaningar-serveringsvagn-med-arbetsyta-hyllor-krokar-hjul-rostfritt-stal-102-x-56-x-81cm-1.webp?fit=2000%2C2000&ssl=1","type":"image\/webp"}],"twitter_card":"summary_large_image","twitter_misc":{"Ber\u00e4knad l\u00e4stid":"1 minut"},"schema":{"@context":"https:\/\/schema.org","@graph":[{"@type":"WebPage","@id":"https:\/\/truusk.store\/sv\/produkt\/truusk-grillvagn-med-2-vaningar-serveringsvagn-med-arbetsyta-hjul-rostfritt-stal-102-x-56-x-81cm\/","url":"https:\/\/truusk.store\/sv\/produkt\/truusk-grillvagn-med-2-vaningar-serveringsvagn-med-arbetsyta-hjul-rostfritt-stal-102-x-56-x-81cm\/","name":"TRUUSK Grillvagn Med 2 V\u00e5ningar - Serveringsvagn Med Arbetsyta - Hjul - Rostfritt St\u00e5l 102 x 56 x 81cm - TRUUSK - Hem, Tr\u00e4dg\u00e5rd &amp; Fritid","isPartOf":{"@id":"https:\/\/truusk.store\/sv\/#website"},"primaryImageOfPage":{"@id":"https:\/\/truusk.store\/sv\/produkt\/truusk-grillvagn-med-2-vaningar-serveringsvagn-med-arbetsyta-hjul-rostfritt-stal-102-x-56-x-81cm\/#primaryimage"},"image":{"@id":"https:\/\/truusk.store\/sv\/produkt\/truusk-grillvagn-med-2-vaningar-serveringsvagn-med-arbetsyta-hjul-rostfritt-stal-102-x-56-x-81cm\/#primaryimage"},"thumbnailUrl":"https:\/\/i0.wp.com\/truusk.store\/wp-content\/uploads\/2026\/03\/grillvagn-med-2-vaningar-serveringsvagn-med-arbetsyta-hyllor-krokar-hjul-rostfritt-stal-102-x-56-x-81cm-1.webp?fit=2000%2C2000&ssl=1","datePublished":"2026-03-03T12:03:54+00:00","dateModified":"2026-03-12T07:42:38+00:00","breadcrumb":{"@id":"https:\/\/truusk.store\/sv\/produkt\/truusk-grillvagn-med-2-vaningar-serveringsvagn-med-arbetsyta-hjul-rostfritt-stal-102-x-56-x-81cm\/#breadcrumb"},"inLanguage":"sv-SE","potentialAction":[{"@type":"ReadAction","target":["https:\/\/truusk.store\/sv\/produkt\/truusk-grillvagn-med-2-vaningar-serveringsvagn-med-arbetsyta-hjul-rostfritt-stal-102-x-56-x-81cm\/"]}]},{"@type":"ImageObject","inLanguage":"sv-SE","@id":"https:\/\/truusk.store\/sv\/produkt\/truusk-grillvagn-med-2-vaningar-serveringsvagn-med-arbetsyta-hjul-rostfritt-stal-102-x-56-x-81cm\/#primaryimage","url":"https:\/\/i0.wp.com\/truusk.store\/wp-content\/uploads\/2026\/03\/grillvagn-med-2-vaningar-serveringsvagn-med-arbetsyta-hyllor-krokar-hjul-rostfritt-stal-102-x-56-x-81cm-1.webp?fit=2000%2C2000&ssl=1","contentUrl":"https:\/\/i0.wp.com\/truusk.store\/wp-content\/uploads\/2026\/03\/grillvagn-med-2-vaningar-serveringsvagn-med-arbetsyta-hyllor-krokar-hjul-rostfritt-stal-102-x-56-x-81cm-1.webp?fit=2000%2C2000&ssl=1","width":2000,"height":2000},{"@type":"BreadcrumbList","@id":"https:\/\/truusk.store\/sv\/produkt\/truusk-grillvagn-med-2-vaningar-serveringsvagn-med-arbetsyta-hjul-rostfritt-stal-102-x-56-x-81cm\/#breadcrumb","itemListElement":[{"@type":"ListItem","position":1,"name":"Home","item":"https:\/\/truusk.store\/sv\/"},{"@type":"ListItem","position":2,"name":"Shop","item":"https:\/\/truusk.store\/shop\/"},{"@type":"ListItem","position":3,"name":"TRUUSK Grillvagn Med 2 V\u00e5ningar &#8211; Serveringsvagn Med Arbetsyta &#8211; Hjul &#8211; Rostfritt St\u00e5l 102 x 56 x 81cm"}]},{"@type":"WebSite","@id":"https:\/\/truusk.store\/sv\/#website","url":"https:\/\/truusk.store\/sv\/","name":"TRUUSK - Hem, Tr\u00e4dg\u00e5rd & Fritid","description":"","publisher":{"@id":"https:\/\/truusk.store\/sv\/#organization"},"potentialAction":[{"@type":"SearchAction","target":{"@type":"EntryPoint","urlTemplate":"https:\/\/truusk.store\/sv\/?s={search_term_string}"},"query-input":{"@type":"PropertyValueSpecification","valueRequired":true,"valueName":"search_term_string"}}],"inLanguage":"sv-SE"},{"@type":"Organization","@id":"https:\/\/truusk.store\/sv\/#organization","name":"TRUUSK - Hem, Tr\u00e4dg\u00e5rd & Fritid","url":"https:\/\/truusk.store\/sv\/","logo":{"@type":"ImageObject","inLanguage":"sv-SE","@id":"https:\/\/truusk.store\/sv\/#\/schema\/logo\/image\/","url":"https:\/\/i0.wp.com\/truusk.store\/wp-content\/uploads\/2026\/03\/cropped-TRUUSK.png?fit=2032%2C917&ssl=1","contentUrl":"https:\/\/i0.wp.com\/truusk.store\/wp-content\/uploads\/2026\/03\/cropped-TRUUSK.png?fit=2032%2C917&ssl=1","width":2032,"height":917,"caption":"TRUUSK - Hem, Tr\u00e4dg\u00e5rd & Fritid"},"image":{"@id":"https:\/\/truusk.store\/sv\/#\/schema\/logo\/image\/"}}]}},"jetpack_sharing_enabled":true,"_links":{"self":[{"href":"https:\/\/truusk.store\/sv\/wp-json\/wp\/v2\/product\/106936","targetHints":{"allow":["GET"]}}],"collection":[{"href":"https:\/\/truusk.store\/sv\/wp-json\/wp\/v2\/product"}],"about":[{"href":"https:\/\/truusk.store\/sv\/wp-json\/wp\/v2\/types\/product"}],"wp:featuredmedia":[{"embeddable":true,"href":"https:\/\/truusk.store\/sv\/wp-json\/wp\/v2\/media\/106920"}],"wp:attachment":[{"href":"https:\/\/truusk.store\/sv\/wp-json\/wp\/v2\/media?parent=106936"}],"wp:term":[{"taxonomy":"product_brand","embeddable":true,"href":"https:\/\/truusk.store\/sv\/wp-json\/wp\/v2\/product_brand?post=106936"},{"taxonomy":"product_cat","embeddable":true,"href":"https:\/\/truusk.store\/sv\/wp-json\/wp\/v2\/product_cat?post=106936"},{"taxonomy":"product_tag","embeddable":true,"href":"https:\/\/truusk.store\/sv\/wp-json\/wp\/v2\/product_tag?post=106936"}],"curies":[{"name":"wp","href":"https:\/\/api.w.org\/{rel}","templated":true}]}}