{"id":106954,"date":"2026-03-03T13:06:30","date_gmt":"2026-03-03T12:06:30","guid":{"rendered":"https:\/\/truusk.store\/product\/kontorsstol-hojdjusterbar-justerbart-huvudstod-upp-till-120-kg-60x59x114-122-cm-svart\/"},"modified":"2026-03-12T08:42:57","modified_gmt":"2026-03-12T07:42:57","slug":"truusk-kontorsstol-hojdjusterbar-med-justerbart-huvudstod-upp-till-120-kg-60x59x114-122-cm-svart","status":"publish","type":"product","link":"https:\/\/truusk.store\/sv\/produkt\/truusk-kontorsstol-hojdjusterbar-med-justerbart-huvudstod-upp-till-120-kg-60x59x114-122-cm-svart\/","title":{"rendered":"TRUUSK Kontorsstol &#8211; H\u00f6jdjusterbar med Justerbart Huvudst\u00f6d &#8211; Upp Till 120 Kg &#8211; 60x59x114-122 Cm &#8211; Svart"},"content":{"rendered":"<p>Spenderar du ofta flera timmar vid skrivbordet? D\u00e5 har vi den perfekta f\u00f6ljeslagaren f\u00f6r dig: [BRAND NAME] kontorsstol! Denna kontorsstol \u00e4r inte bara bekv\u00e4m, utan ocks\u00e5 robust nog att st\u00e5 emot den hektiska kontorsmilj\u00f6n. Med gener\u00f6s stoppning och en gungfunktion erbjuder den den perfekta blandningen av komfort och funktionalitet. Nackst\u00f6det och l\u00e4ndkudden lindrar nacken och nedre delen av ryggen, s\u00e5 att du k\u00e4nner dig fr\u00e4sch och utvilad \u00e4ven efter m\u00e5nga arbetstimmar.<\/p>\n<p>Beskrivning:<\/p>\n<ul>\n<li> Njut av ren avkoppling med denna kontorsstols lutande ryggst\u00f6d<\/li>\n<li> Den ergonomiska kontorsstolen \u00e4r h\u00f6jdjusterbar och anpassar sig perfekt till din sittstil<\/li>\n<li> L\u00e4ndkudden lindrar din rygg och ger extra komfort<\/li>\n<li> Det avtagbara och roterande nackst\u00f6det kan flyttas upp eller ner<\/li>\n<li> Den andningsbara, mjuka kl\u00e4dseln p\u00e5 skrivbordsstolen ger behaglig sittkomfort, \u00e4ven vid l\u00e4ngre sittperioder<\/li>\n<li> Med 5 styrhjul f\u00f6r fri r\u00f6rlighet p\u00e5 kontoret eller hemma<\/li>\n<li> Montering kr\u00e4vs<\/li>\n<\/ul>\n<p> Tekniska data:<\/p>\n<ul>\n<li> F\u00e4rg: Svart<\/li>\n<li> Material: Mesh (polyester), plast, skum, MDF<\/li>\n<li> Totala dimensioner: 60L x 59B x 114-122H cm<\/li>\n<li> Sitsdimensioner: 48L x 45B cm<\/li>\n<li> Sitth\u00f6jd: 45-53 cm<\/li>\n<li> Armst\u00f6dets h\u00f6jd (till sitsen): 20 cm<\/li>\n<li> Ryggst\u00f6dets dimensioner: 50L x 80B cm<\/li>\n<li> B\u00e4rkapacitet: 120 kg<\/li>\n<\/ul>\n<p>Leveransinneh\u00e5ll:<\/p>\n<ul>\n<li> 1 x kontorsstol<\/li>\n<li> 1 x bruksanvisning<\/li>\n<\/ul>\n","protected":false},"excerpt":{"rendered":"<p>Spenderar du ofta flera timmar vid skrivbordet? D\u00e5 har vi den perfekta f\u00f6ljeslagaren f\u00f6r dig: [BRAND NAME] kontorsstol! Denna kontorsstol&#8230;<\/p>\n","protected":false},"featured_media":106944,"template":"","meta":[],"product_brand":[],"product_cat":[872,871,516],"product_tag":[],"class_list":{"0":"post-106954","1":"product","2":"type-product","3":"status-publish","4":"has-post-thumbnail","6":"product_cat-hemmakontor-arbetsplats","7":"product_cat-hus-hem","8":"product_cat-kontorsstolar","10":"first","11":"instock","12":"sale","13":"taxable","14":"shipping-taxable","15":"purchasable","16":"product-type-simple"},"yoast_head":"<!-- This site is optimized with the Yoast SEO plugin v25.4 - https:\/\/yoast.com\/wordpress\/plugins\/seo\/ -->\n<title>TRUUSK Kontorsstol - H\u00f6jdjusterbar med Justerbart Huvudst\u00f6d - Upp Till 120 Kg - 60x59x114-122 Cm - Svart - TRUUSK - Hem, Tr\u00e4dg\u00e5rd &amp; Fritid<\/title>\n<meta name=\"robots\" content=\"index, follow, max-snippet:-1, max-image-preview:large, max-video-preview:-1\" \/>\n<link rel=\"canonical\" href=\"https:\/\/truusk.store\/sv\/produkt\/truusk-kontorsstol-hojdjusterbar-med-justerbart-huvudstod-upp-till-120-kg-60x59x114-122-cm-svart\/\" \/>\n<meta property=\"og:locale\" content=\"sv_SE\" \/>\n<meta property=\"og:type\" content=\"article\" \/>\n<meta property=\"og:title\" content=\"TRUUSK Kontorsstol - H\u00f6jdjusterbar med Justerbart Huvudst\u00f6d - Upp Till 120 Kg - 60x59x114-122 Cm - Svart - TRUUSK - Hem, Tr\u00e4dg\u00e5rd &amp; Fritid\" \/>\n<meta property=\"og:description\" content=\"Spenderar du ofta flera timmar vid skrivbordet? D\u00e5 har vi den perfekta f\u00f6ljeslagaren f\u00f6r dig: [BRAND NAME] kontorsstol! Denna kontorsstol...\" \/>\n<meta property=\"og:url\" content=\"https:\/\/truusk.store\/sv\/produkt\/truusk-kontorsstol-hojdjusterbar-med-justerbart-huvudstod-upp-till-120-kg-60x59x114-122-cm-svart\/\" \/>\n<meta property=\"og:site_name\" content=\"TRUUSK - Hem, Tr\u00e4dg\u00e5rd &amp; Fritid\" \/>\n<meta property=\"article:modified_time\" content=\"2026-03-12T07:42:57+00:00\" \/>\n<meta property=\"og:image\" content=\"https:\/\/i0.wp.com\/truusk.se\/wp-content\/uploads\/2026\/03\/kontorsstol-hojdjusterbar-justerbart-huvudstod-upp-till-120-kg-60x59x114-122-cm-svart-1.webp?fit=2000%2C2000&ssl=1\" \/>\n\t<meta property=\"og:image:width\" content=\"2000\" \/>\n\t<meta property=\"og:image:height\" content=\"2000\" \/>\n\t<meta property=\"og:image:type\" content=\"image\/webp\" \/>\n<meta name=\"twitter:card\" content=\"summary_large_image\" \/>\n<meta name=\"twitter:label1\" content=\"Ber\u00e4knad l\u00e4stid\" \/>\n\t<meta name=\"twitter:data1\" content=\"1 minut\" \/>\n<!-- \/ Yoast SEO plugin. -->","yoast_head_json":{"title":"TRUUSK Kontorsstol - H\u00f6jdjusterbar med Justerbart Huvudst\u00f6d - Upp Till 120 Kg - 60x59x114-122 Cm - Svart - TRUUSK - Hem, Tr\u00e4dg\u00e5rd &amp; Fritid","robots":{"index":"index","follow":"follow","max-snippet":"max-snippet:-1","max-image-preview":"max-image-preview:large","max-video-preview":"max-video-preview:-1"},"canonical":"https:\/\/truusk.store\/sv\/produkt\/truusk-kontorsstol-hojdjusterbar-med-justerbart-huvudstod-upp-till-120-kg-60x59x114-122-cm-svart\/","og_locale":"sv_SE","og_type":"article","og_title":"TRUUSK Kontorsstol - H\u00f6jdjusterbar med Justerbart Huvudst\u00f6d - Upp Till 120 Kg - 60x59x114-122 Cm - Svart - TRUUSK - Hem, Tr\u00e4dg\u00e5rd &amp; Fritid","og_description":"Spenderar du ofta flera timmar vid skrivbordet? D\u00e5 har vi den perfekta f\u00f6ljeslagaren f\u00f6r dig: [BRAND NAME] kontorsstol! Denna kontorsstol...","og_url":"https:\/\/truusk.store\/sv\/produkt\/truusk-kontorsstol-hojdjusterbar-med-justerbart-huvudstod-upp-till-120-kg-60x59x114-122-cm-svart\/","og_site_name":"TRUUSK - Hem, Tr\u00e4dg\u00e5rd &amp; Fritid","article_modified_time":"2026-03-12T07:42:57+00:00","og_image":[{"width":2000,"height":2000,"url":"https:\/\/i0.wp.com\/truusk.se\/wp-content\/uploads\/2026\/03\/kontorsstol-hojdjusterbar-justerbart-huvudstod-upp-till-120-kg-60x59x114-122-cm-svart-1.webp?fit=2000%2C2000&ssl=1","type":"image\/webp"}],"twitter_card":"summary_large_image","twitter_misc":{"Ber\u00e4knad l\u00e4stid":"1 minut"},"schema":{"@context":"https:\/\/schema.org","@graph":[{"@type":"WebPage","@id":"https:\/\/truusk.store\/sv\/produkt\/truusk-kontorsstol-hojdjusterbar-med-justerbart-huvudstod-upp-till-120-kg-60x59x114-122-cm-svart\/","url":"https:\/\/truusk.store\/sv\/produkt\/truusk-kontorsstol-hojdjusterbar-med-justerbart-huvudstod-upp-till-120-kg-60x59x114-122-cm-svart\/","name":"TRUUSK Kontorsstol - H\u00f6jdjusterbar med Justerbart Huvudst\u00f6d - Upp Till 120 Kg - 60x59x114-122 Cm - Svart - TRUUSK - Hem, Tr\u00e4dg\u00e5rd &amp; Fritid","isPartOf":{"@id":"https:\/\/truusk.store\/sv\/#website"},"primaryImageOfPage":{"@id":"https:\/\/truusk.store\/sv\/produkt\/truusk-kontorsstol-hojdjusterbar-med-justerbart-huvudstod-upp-till-120-kg-60x59x114-122-cm-svart\/#primaryimage"},"image":{"@id":"https:\/\/truusk.store\/sv\/produkt\/truusk-kontorsstol-hojdjusterbar-med-justerbart-huvudstod-upp-till-120-kg-60x59x114-122-cm-svart\/#primaryimage"},"thumbnailUrl":"https:\/\/i0.wp.com\/truusk.store\/wp-content\/uploads\/2026\/03\/kontorsstol-hojdjusterbar-justerbart-huvudstod-upp-till-120-kg-60x59x114-122-cm-svart-1.webp?fit=2000%2C2000&ssl=1","datePublished":"2026-03-03T12:06:30+00:00","dateModified":"2026-03-12T07:42:57+00:00","breadcrumb":{"@id":"https:\/\/truusk.store\/sv\/produkt\/truusk-kontorsstol-hojdjusterbar-med-justerbart-huvudstod-upp-till-120-kg-60x59x114-122-cm-svart\/#breadcrumb"},"inLanguage":"sv-SE","potentialAction":[{"@type":"ReadAction","target":["https:\/\/truusk.store\/sv\/produkt\/truusk-kontorsstol-hojdjusterbar-med-justerbart-huvudstod-upp-till-120-kg-60x59x114-122-cm-svart\/"]}]},{"@type":"ImageObject","inLanguage":"sv-SE","@id":"https:\/\/truusk.store\/sv\/produkt\/truusk-kontorsstol-hojdjusterbar-med-justerbart-huvudstod-upp-till-120-kg-60x59x114-122-cm-svart\/#primaryimage","url":"https:\/\/i0.wp.com\/truusk.store\/wp-content\/uploads\/2026\/03\/kontorsstol-hojdjusterbar-justerbart-huvudstod-upp-till-120-kg-60x59x114-122-cm-svart-1.webp?fit=2000%2C2000&ssl=1","contentUrl":"https:\/\/i0.wp.com\/truusk.store\/wp-content\/uploads\/2026\/03\/kontorsstol-hojdjusterbar-justerbart-huvudstod-upp-till-120-kg-60x59x114-122-cm-svart-1.webp?fit=2000%2C2000&ssl=1","width":2000,"height":2000},{"@type":"BreadcrumbList","@id":"https:\/\/truusk.store\/sv\/produkt\/truusk-kontorsstol-hojdjusterbar-med-justerbart-huvudstod-upp-till-120-kg-60x59x114-122-cm-svart\/#breadcrumb","itemListElement":[{"@type":"ListItem","position":1,"name":"Home","item":"https:\/\/truusk.store\/sv\/"},{"@type":"ListItem","position":2,"name":"Shop","item":"https:\/\/truusk.store\/shop\/"},{"@type":"ListItem","position":3,"name":"TRUUSK Kontorsstol &#8211; H\u00f6jdjusterbar med Justerbart Huvudst\u00f6d &#8211; Upp Till 120 Kg &#8211; 60x59x114-122 Cm &#8211; Svart"}]},{"@type":"WebSite","@id":"https:\/\/truusk.store\/sv\/#website","url":"https:\/\/truusk.store\/sv\/","name":"TRUUSK - Hem, Tr\u00e4dg\u00e5rd & Fritid","description":"","publisher":{"@id":"https:\/\/truusk.store\/sv\/#organization"},"potentialAction":[{"@type":"SearchAction","target":{"@type":"EntryPoint","urlTemplate":"https:\/\/truusk.store\/sv\/?s={search_term_string}"},"query-input":{"@type":"PropertyValueSpecification","valueRequired":true,"valueName":"search_term_string"}}],"inLanguage":"sv-SE"},{"@type":"Organization","@id":"https:\/\/truusk.store\/sv\/#organization","name":"TRUUSK - Hem, Tr\u00e4dg\u00e5rd & Fritid","url":"https:\/\/truusk.store\/sv\/","logo":{"@type":"ImageObject","inLanguage":"sv-SE","@id":"https:\/\/truusk.store\/sv\/#\/schema\/logo\/image\/","url":"https:\/\/i0.wp.com\/truusk.store\/wp-content\/uploads\/2026\/03\/cropped-TRUUSK.png?fit=2032%2C917&ssl=1","contentUrl":"https:\/\/i0.wp.com\/truusk.store\/wp-content\/uploads\/2026\/03\/cropped-TRUUSK.png?fit=2032%2C917&ssl=1","width":2032,"height":917,"caption":"TRUUSK - Hem, Tr\u00e4dg\u00e5rd & Fritid"},"image":{"@id":"https:\/\/truusk.store\/sv\/#\/schema\/logo\/image\/"}}]}},"jetpack_sharing_enabled":true,"_links":{"self":[{"href":"https:\/\/truusk.store\/sv\/wp-json\/wp\/v2\/product\/106954","targetHints":{"allow":["GET"]}}],"collection":[{"href":"https:\/\/truusk.store\/sv\/wp-json\/wp\/v2\/product"}],"about":[{"href":"https:\/\/truusk.store\/sv\/wp-json\/wp\/v2\/types\/product"}],"wp:featuredmedia":[{"embeddable":true,"href":"https:\/\/truusk.store\/sv\/wp-json\/wp\/v2\/media\/106944"}],"wp:attachment":[{"href":"https:\/\/truusk.store\/sv\/wp-json\/wp\/v2\/media?parent=106954"}],"wp:term":[{"taxonomy":"product_brand","embeddable":true,"href":"https:\/\/truusk.store\/sv\/wp-json\/wp\/v2\/product_brand?post=106954"},{"taxonomy":"product_cat","embeddable":true,"href":"https:\/\/truusk.store\/sv\/wp-json\/wp\/v2\/product_cat?post=106954"},{"taxonomy":"product_tag","embeddable":true,"href":"https:\/\/truusk.store\/sv\/wp-json\/wp\/v2\/product_tag?post=106954"}],"curies":[{"name":"wp","href":"https:\/\/api.w.org\/{rel}","templated":true}]}}