{"id":106983,"date":"2026-03-03T13:09:49","date_gmt":"2026-03-03T12:09:49","guid":{"rendered":"https:\/\/truusk.store\/product\/tunnel-talt-for-2-3-personer-campingtalt-med-forrum-lampkrok-2000mm-vattenspelare-orange\/"},"modified":"2026-03-12T08:43:21","modified_gmt":"2026-03-12T07:43:21","slug":"truusk-tunnel-talt-for-camping-2-3-personer-med-forrum-lampkrok-2000mm-vattenspelare-orange","status":"publish","type":"product","link":"https:\/\/truusk.store\/sv\/produkt\/truusk-tunnel-talt-for-camping-2-3-personer-med-forrum-lampkrok-2000mm-vattenspelare-orange\/","title":{"rendered":"TRUUSK Tunnel T\u00e4lt F\u00f6r Camping &#8211; 2-3 Personer &#8211; Med F\u00f6rrum &#8211; Lampkrok &#8211; 2000mm Vattenspelare &#8211; Orange"},"content":{"rendered":"<p>Detta 2-3 personers t\u00e4lt fr\u00e5n [BRAND NAME] \u00e4r idealiskt f\u00f6r campingresor, \u00f6vernattningar eller vandringar. Det rymliga t\u00e4ltet erbjuder tillr\u00e4ckligt med utrymme f\u00f6r par eller familjer och det v\u00e4derbest\u00e4ndiga \u00f6verdraget skyddar dig p\u00e5 din resa mot elementen och farlig UV-str\u00e5lning. Inkluderat i leveransen \u00e4r t\u00e4ltspikar och en transportv\u00e4ska f\u00f6r enkel transport.<\/p>\n<p>Beskrivning:<\/p>\n<ul>\n<li> 2-3 personers campingt\u00e4lt, det stora utrymmet g\u00f6r det l\u00e4mpligt f\u00f6r en familjeresa<\/li>\n<li>F\u00f6rrum som erbjuder gott om plats f\u00f6r ditt bagage eller din utrustning<\/li>\n<li>Den fr\u00e4mre d\u00f6rren till det fr\u00e4mre facket har en dragkedja och kardborreband f\u00f6r att s\u00e4kert st\u00e4nga d\u00f6rren<\/li>\n<li> Meshventilations\u00f6ppningarna \u00f6kar luftcirkulationen och erbjuder en bekv\u00e4m upplevelse<\/li>\n<li> Lampkroken p\u00e5 insidan f\u00f6r att h\u00e4nga upp lampor och ljusa upp din natt utomhus<\/li>\n<li> 4 sidofickor erbjuder plats f\u00f6r dina mobiltelefoner eller andra sm\u00e5 f\u00f6rem\u00e5l<\/li>\n<li> Med en vattent\u00e4t b\u00e4rv\u00e4ska<\/li>\n<li> Den vattent\u00e4ta polyesterregnfly och markspiken g\u00f6r det idealiskt f\u00f6r utomhusbruk<\/li>\n<\/ul>\n<p> Tekniska specifikationer:<\/p>\n<ul>\n<li> F\u00e4rg: Orange<\/li>\n<li> Material: Polyester, PE, Glasfiber<\/li>\n<li> Totala m\u00e5tt: 426L x 206B x 154H cm<\/li>\n<li> Hopf\u00e4lld storlek: 63L x 16B x 17H cm<\/li>\n<li> Storlek p\u00e5 fr\u00e4mre d\u00f6rren: 164L x 122B cm<\/li>\n<li> Storlek p\u00e5 sidod\u00f6rren: 134L x 100B cm<\/li>\n<li> F\u00f6rrumsstorlek: 200L x 176B x 150H cm<\/li>\n<li> Inre rumsdimensioner: 202L x 178B x 150H cm<\/li>\n<li> Storlek (d\u00f6rr till innert\u00e4lt): 110L x 95B cm<\/li>\n<li> Storlek p\u00e5 f\u00f6rvaringsfickan: 24,5L x 20B cm<\/li>\n<li> F\u00f6nsterstorlek: 116L x 46B cm<\/li>\n<\/ul>\n<p>Leveransinneh\u00e5ll:<\/p>\n<ul>\n<li> 1 x Campingt\u00e4lt<\/li>\n<li> 20 x Markspik<\/li>\n<li> 10 x Draglina<\/li>\n<li> 1 x B\u00e4rv\u00e4ska<\/li>\n<li> 1 x Instruktioner<\/li>\n<\/ul>\n","protected":false},"excerpt":{"rendered":"<p>Detta 2-3 personers t\u00e4lt fr\u00e5n [BRAND NAME] \u00e4r idealiskt f\u00f6r campingresor, \u00f6vernattningar eller vandringar. Det rymliga t\u00e4ltet erbjuder tillr\u00e4ckligt med&#8230;<\/p>\n","protected":false},"featured_media":106973,"template":"","meta":[],"product_brand":[],"product_cat":[648,647,650],"product_tag":[],"class_list":{"0":"post-106983","1":"product","2":"type-product","3":"status-publish","4":"has-post-thumbnail","6":"product_cat-camping-tillbehor","7":"product_cat-sport-fritid","8":"product_cat-talt","10":"first","11":"instock","12":"sale","13":"taxable","14":"shipping-taxable","15":"purchasable","16":"product-type-simple"},"yoast_head":"<!-- This site is optimized with the Yoast SEO plugin v25.4 - https:\/\/yoast.com\/wordpress\/plugins\/seo\/ -->\n<title>TRUUSK Tunnel T\u00e4lt F\u00f6r Camping - 2-3 Personer - Med F\u00f6rrum - Lampkrok - 2000mm Vattenspelare - Orange - TRUUSK - Hem, Tr\u00e4dg\u00e5rd &amp; Fritid<\/title>\n<meta name=\"robots\" content=\"index, follow, max-snippet:-1, max-image-preview:large, max-video-preview:-1\" \/>\n<link rel=\"canonical\" href=\"https:\/\/truusk.store\/sv\/produkt\/truusk-tunnel-talt-for-camping-2-3-personer-med-forrum-lampkrok-2000mm-vattenspelare-orange\/\" \/>\n<meta property=\"og:locale\" content=\"sv_SE\" \/>\n<meta property=\"og:type\" content=\"article\" \/>\n<meta property=\"og:title\" content=\"TRUUSK Tunnel T\u00e4lt F\u00f6r Camping - 2-3 Personer - Med F\u00f6rrum - Lampkrok - 2000mm Vattenspelare - Orange - TRUUSK - Hem, Tr\u00e4dg\u00e5rd &amp; Fritid\" \/>\n<meta property=\"og:description\" content=\"Detta 2-3 personers t\u00e4lt fr\u00e5n [BRAND NAME] \u00e4r idealiskt f\u00f6r campingresor, \u00f6vernattningar eller vandringar. Det rymliga t\u00e4ltet erbjuder tillr\u00e4ckligt med...\" \/>\n<meta property=\"og:url\" content=\"https:\/\/truusk.store\/sv\/produkt\/truusk-tunnel-talt-for-camping-2-3-personer-med-forrum-lampkrok-2000mm-vattenspelare-orange\/\" \/>\n<meta property=\"og:site_name\" content=\"TRUUSK - Hem, Tr\u00e4dg\u00e5rd &amp; Fritid\" \/>\n<meta property=\"article:modified_time\" content=\"2026-03-12T07:43:21+00:00\" \/>\n<meta property=\"og:image\" content=\"https:\/\/i0.wp.com\/truusk.se\/wp-content\/uploads\/2026\/03\/tunnel-talt-for-2-3-personer-campingtalt-med-forrum-lampkrok-2000mm-vattenspelare-orange-1.webp?fit=2000%2C2000&ssl=1\" \/>\n\t<meta property=\"og:image:width\" content=\"2000\" \/>\n\t<meta property=\"og:image:height\" content=\"2000\" \/>\n\t<meta property=\"og:image:type\" content=\"image\/webp\" \/>\n<meta name=\"twitter:card\" content=\"summary_large_image\" \/>\n<meta name=\"twitter:label1\" content=\"Ber\u00e4knad l\u00e4stid\" \/>\n\t<meta name=\"twitter:data1\" content=\"1 minut\" \/>\n<!-- \/ Yoast SEO plugin. -->","yoast_head_json":{"title":"TRUUSK Tunnel T\u00e4lt F\u00f6r Camping - 2-3 Personer - Med F\u00f6rrum - Lampkrok - 2000mm Vattenspelare - Orange - TRUUSK - Hem, Tr\u00e4dg\u00e5rd &amp; Fritid","robots":{"index":"index","follow":"follow","max-snippet":"max-snippet:-1","max-image-preview":"max-image-preview:large","max-video-preview":"max-video-preview:-1"},"canonical":"https:\/\/truusk.store\/sv\/produkt\/truusk-tunnel-talt-for-camping-2-3-personer-med-forrum-lampkrok-2000mm-vattenspelare-orange\/","og_locale":"sv_SE","og_type":"article","og_title":"TRUUSK Tunnel T\u00e4lt F\u00f6r Camping - 2-3 Personer - Med F\u00f6rrum - Lampkrok - 2000mm Vattenspelare - Orange - TRUUSK - Hem, Tr\u00e4dg\u00e5rd &amp; Fritid","og_description":"Detta 2-3 personers t\u00e4lt fr\u00e5n [BRAND NAME] \u00e4r idealiskt f\u00f6r campingresor, \u00f6vernattningar eller vandringar. Det rymliga t\u00e4ltet erbjuder tillr\u00e4ckligt med...","og_url":"https:\/\/truusk.store\/sv\/produkt\/truusk-tunnel-talt-for-camping-2-3-personer-med-forrum-lampkrok-2000mm-vattenspelare-orange\/","og_site_name":"TRUUSK - Hem, Tr\u00e4dg\u00e5rd &amp; Fritid","article_modified_time":"2026-03-12T07:43:21+00:00","og_image":[{"width":2000,"height":2000,"url":"https:\/\/i0.wp.com\/truusk.se\/wp-content\/uploads\/2026\/03\/tunnel-talt-for-2-3-personer-campingtalt-med-forrum-lampkrok-2000mm-vattenspelare-orange-1.webp?fit=2000%2C2000&ssl=1","type":"image\/webp"}],"twitter_card":"summary_large_image","twitter_misc":{"Ber\u00e4knad l\u00e4stid":"1 minut"},"schema":{"@context":"https:\/\/schema.org","@graph":[{"@type":"WebPage","@id":"https:\/\/truusk.store\/sv\/produkt\/truusk-tunnel-talt-for-camping-2-3-personer-med-forrum-lampkrok-2000mm-vattenspelare-orange\/","url":"https:\/\/truusk.store\/sv\/produkt\/truusk-tunnel-talt-for-camping-2-3-personer-med-forrum-lampkrok-2000mm-vattenspelare-orange\/","name":"TRUUSK Tunnel T\u00e4lt F\u00f6r Camping - 2-3 Personer - Med F\u00f6rrum - Lampkrok - 2000mm Vattenspelare - Orange - TRUUSK - Hem, Tr\u00e4dg\u00e5rd &amp; Fritid","isPartOf":{"@id":"https:\/\/truusk.store\/sv\/#website"},"primaryImageOfPage":{"@id":"https:\/\/truusk.store\/sv\/produkt\/truusk-tunnel-talt-for-camping-2-3-personer-med-forrum-lampkrok-2000mm-vattenspelare-orange\/#primaryimage"},"image":{"@id":"https:\/\/truusk.store\/sv\/produkt\/truusk-tunnel-talt-for-camping-2-3-personer-med-forrum-lampkrok-2000mm-vattenspelare-orange\/#primaryimage"},"thumbnailUrl":"https:\/\/i0.wp.com\/truusk.store\/wp-content\/uploads\/2026\/03\/tunnel-talt-for-2-3-personer-campingtalt-med-forrum-lampkrok-2000mm-vattenspelare-orange-1.webp?fit=2000%2C2000&ssl=1","datePublished":"2026-03-03T12:09:49+00:00","dateModified":"2026-03-12T07:43:21+00:00","breadcrumb":{"@id":"https:\/\/truusk.store\/sv\/produkt\/truusk-tunnel-talt-for-camping-2-3-personer-med-forrum-lampkrok-2000mm-vattenspelare-orange\/#breadcrumb"},"inLanguage":"sv-SE","potentialAction":[{"@type":"ReadAction","target":["https:\/\/truusk.store\/sv\/produkt\/truusk-tunnel-talt-for-camping-2-3-personer-med-forrum-lampkrok-2000mm-vattenspelare-orange\/"]}]},{"@type":"ImageObject","inLanguage":"sv-SE","@id":"https:\/\/truusk.store\/sv\/produkt\/truusk-tunnel-talt-for-camping-2-3-personer-med-forrum-lampkrok-2000mm-vattenspelare-orange\/#primaryimage","url":"https:\/\/i0.wp.com\/truusk.store\/wp-content\/uploads\/2026\/03\/tunnel-talt-for-2-3-personer-campingtalt-med-forrum-lampkrok-2000mm-vattenspelare-orange-1.webp?fit=2000%2C2000&ssl=1","contentUrl":"https:\/\/i0.wp.com\/truusk.store\/wp-content\/uploads\/2026\/03\/tunnel-talt-for-2-3-personer-campingtalt-med-forrum-lampkrok-2000mm-vattenspelare-orange-1.webp?fit=2000%2C2000&ssl=1","width":2000,"height":2000},{"@type":"BreadcrumbList","@id":"https:\/\/truusk.store\/sv\/produkt\/truusk-tunnel-talt-for-camping-2-3-personer-med-forrum-lampkrok-2000mm-vattenspelare-orange\/#breadcrumb","itemListElement":[{"@type":"ListItem","position":1,"name":"Home","item":"https:\/\/truusk.store\/sv\/"},{"@type":"ListItem","position":2,"name":"Shop","item":"https:\/\/truusk.store\/shop\/"},{"@type":"ListItem","position":3,"name":"TRUUSK Tunnel T\u00e4lt F\u00f6r Camping &#8211; 2-3 Personer &#8211; Med F\u00f6rrum &#8211; Lampkrok &#8211; 2000mm Vattenspelare &#8211; Orange"}]},{"@type":"WebSite","@id":"https:\/\/truusk.store\/sv\/#website","url":"https:\/\/truusk.store\/sv\/","name":"TRUUSK - Hem, Tr\u00e4dg\u00e5rd & Fritid","description":"","publisher":{"@id":"https:\/\/truusk.store\/sv\/#organization"},"potentialAction":[{"@type":"SearchAction","target":{"@type":"EntryPoint","urlTemplate":"https:\/\/truusk.store\/sv\/?s={search_term_string}"},"query-input":{"@type":"PropertyValueSpecification","valueRequired":true,"valueName":"search_term_string"}}],"inLanguage":"sv-SE"},{"@type":"Organization","@id":"https:\/\/truusk.store\/sv\/#organization","name":"TRUUSK - Hem, Tr\u00e4dg\u00e5rd & Fritid","url":"https:\/\/truusk.store\/sv\/","logo":{"@type":"ImageObject","inLanguage":"sv-SE","@id":"https:\/\/truusk.store\/sv\/#\/schema\/logo\/image\/","url":"https:\/\/i0.wp.com\/truusk.store\/wp-content\/uploads\/2026\/03\/cropped-TRUUSK.png?fit=2032%2C917&ssl=1","contentUrl":"https:\/\/i0.wp.com\/truusk.store\/wp-content\/uploads\/2026\/03\/cropped-TRUUSK.png?fit=2032%2C917&ssl=1","width":2032,"height":917,"caption":"TRUUSK - Hem, Tr\u00e4dg\u00e5rd & Fritid"},"image":{"@id":"https:\/\/truusk.store\/sv\/#\/schema\/logo\/image\/"}}]}},"jetpack_sharing_enabled":true,"_links":{"self":[{"href":"https:\/\/truusk.store\/sv\/wp-json\/wp\/v2\/product\/106983","targetHints":{"allow":["GET"]}}],"collection":[{"href":"https:\/\/truusk.store\/sv\/wp-json\/wp\/v2\/product"}],"about":[{"href":"https:\/\/truusk.store\/sv\/wp-json\/wp\/v2\/types\/product"}],"wp:featuredmedia":[{"embeddable":true,"href":"https:\/\/truusk.store\/sv\/wp-json\/wp\/v2\/media\/106973"}],"wp:attachment":[{"href":"https:\/\/truusk.store\/sv\/wp-json\/wp\/v2\/media?parent=106983"}],"wp:term":[{"taxonomy":"product_brand","embeddable":true,"href":"https:\/\/truusk.store\/sv\/wp-json\/wp\/v2\/product_brand?post=106983"},{"taxonomy":"product_cat","embeddable":true,"href":"https:\/\/truusk.store\/sv\/wp-json\/wp\/v2\/product_cat?post=106983"},{"taxonomy":"product_tag","embeddable":true,"href":"https:\/\/truusk.store\/sv\/wp-json\/wp\/v2\/product_tag?post=106983"}],"curies":[{"name":"wp","href":"https:\/\/api.w.org\/{rel}","templated":true}]}}