{"id":106993,"date":"2026-03-03T13:12:26","date_gmt":"2026-03-03T12:12:26","guid":{"rendered":"https:\/\/truusk.store\/product\/motorcykelstall-for-15-21-381-5334-mm-framhjul-justerbar-motorcykelvippa-8165-kg-barkapacitet-orange\/"},"modified":"2026-03-12T08:45:11","modified_gmt":"2026-03-12T07:45:11","slug":"truusk-motorcykelstall-for-15-21-framhjul-justerbar-vippa-8165-kg-barkapacitet-orange","status":"publish","type":"product","link":"https:\/\/truusk.store\/sv\/produkt\/truusk-motorcykelstall-for-15-21-framhjul-justerbar-vippa-8165-kg-barkapacitet-orange\/","title":{"rendered":"TRUUSK Motorcykelst\u00e4ll &#8211; F\u00f6r 15-21&#8243; Framhjul &#8211; Justerbar Vippa &#8211; 816,5 Kg B\u00e4rkapacitet &#8211; Orange"},"content":{"rendered":"<p>Ge din motorcykel s\u00e4kerhet med [BRAND NAME] motorcykelst\u00f6d! Designad f\u00f6r att s\u00e4kert h\u00e5lla motorcykeld\u00e4ck med en bredd p\u00e5 76,2-203,2 mm och en diameter p\u00e5 381-533,4 mm, kan denna chock justeras till tre olika h\u00f6jder och passar enkelt olika motorcyklar. Den robusta st\u00e5lkonstruktionen b\u00e4r upp till 816,5 kg och m\u00f6jligg\u00f6r enkel golvmontering, vilket g\u00f6r stabilitet till en lek.<\/p>\n<p>Beskrivning:<\/p>\n<ul>\n<li> Passar de flesta motorcykeld\u00e4ck med bredder p\u00e5 76,2-203,2 mm och diametrar p\u00e5 381-533,4 mm<\/li>\n<li> H\u00f6jdjusterbara inst\u00e4llningar f\u00f6r olika motorcykelmodeller, inklusive offroad-motorcyklar och standardmodeller<\/li>\n<li> Robust st\u00e5lchock f\u00f6r motorcykelst\u00f6d st\u00f6der upp till 816,5 kg f\u00f6r stabilitet<\/li>\n<li> Pulverlackering f\u00f6r rostskydd<\/li>\n<li> Med f\u00f6rborrade h\u00e5l f\u00f6r s\u00e4ker golvmontering<\/li>\n<li> OBS: Skruvar f\u00f6r golvmontering kr\u00e4vs, ing\u00e5r ej<\/li>\n<li> Montering kr\u00e4vs<\/li>\n<\/ul>\n<p> Tekniska specifikationer:<\/p>\n<ul>\n<li> F\u00e4rg: Orange<\/li>\n<li> Material: St\u00e5l<\/li>\n<li> Totala dimensioner: 27B x 71,5T x 33,5H cm<\/li>\n<li> L\u00e4mplig f\u00f6r d\u00e4ckbredd: 76,2-203,2 mm<\/li>\n<li> L\u00e4mplig f\u00f6r d\u00e4ckdiameter: 381-533,4 mm<\/li>\n<li> Maximal belastning: 816,5 kg<\/li>\n<\/ul>\n<p>Leverans inneh\u00e5ller:<\/p>\n<ul>\n<li> 1 x Motorcykelhjulchock<\/li>\n<li> 1 x Instruktioner<\/li>\n<\/ul>\n","protected":false},"excerpt":{"rendered":"<p>Ge din motorcykel s\u00e4kerhet med [BRAND NAME] motorcykelst\u00f6d! Designad f\u00f6r att s\u00e4kert h\u00e5lla motorcykeld\u00e4ck med en bredd p\u00e5 76,2-203,2 mm&#8230;<\/p>\n","protected":false},"featured_media":106984,"template":"","meta":[],"product_brand":[],"product_cat":[1051,867,1090],"product_tag":[],"class_list":{"0":"post-106993","1":"product","2":"type-product","3":"status-publish","4":"has-post-thumbnail","6":"product_cat-bildelar","7":"product_cat-byggmarknad","8":"product_cat-verktyg-verkstad","10":"first","11":"instock","12":"sale","13":"taxable","14":"shipping-taxable","15":"purchasable","16":"product-type-simple"},"yoast_head":"<!-- This site is optimized with the Yoast SEO plugin v25.4 - https:\/\/yoast.com\/wordpress\/plugins\/seo\/ -->\n<title>TRUUSK Motorcykelst\u00e4ll - F\u00f6r 15-21&quot; Framhjul - Justerbar Vippa - 816,5 Kg B\u00e4rkapacitet - Orange - TRUUSK - Hem, Tr\u00e4dg\u00e5rd &amp; Fritid<\/title>\n<meta name=\"robots\" content=\"index, follow, max-snippet:-1, max-image-preview:large, max-video-preview:-1\" \/>\n<link rel=\"canonical\" href=\"https:\/\/truusk.store\/sv\/produkt\/truusk-motorcykelstall-for-15-21-framhjul-justerbar-vippa-8165-kg-barkapacitet-orange\/\" \/>\n<meta property=\"og:locale\" content=\"sv_SE\" \/>\n<meta property=\"og:type\" content=\"article\" \/>\n<meta property=\"og:title\" content=\"TRUUSK Motorcykelst\u00e4ll - F\u00f6r 15-21&quot; Framhjul - Justerbar Vippa - 816,5 Kg B\u00e4rkapacitet - Orange - TRUUSK - Hem, Tr\u00e4dg\u00e5rd &amp; Fritid\" \/>\n<meta property=\"og:description\" content=\"Ge din motorcykel s\u00e4kerhet med [BRAND NAME] motorcykelst\u00f6d! Designad f\u00f6r att s\u00e4kert h\u00e5lla motorcykeld\u00e4ck med en bredd p\u00e5 76,2-203,2 mm...\" \/>\n<meta property=\"og:url\" content=\"https:\/\/truusk.store\/sv\/produkt\/truusk-motorcykelstall-for-15-21-framhjul-justerbar-vippa-8165-kg-barkapacitet-orange\/\" \/>\n<meta property=\"og:site_name\" content=\"TRUUSK - Hem, Tr\u00e4dg\u00e5rd &amp; Fritid\" \/>\n<meta property=\"article:modified_time\" content=\"2026-03-12T07:45:11+00:00\" \/>\n<meta property=\"og:image\" content=\"https:\/\/i0.wp.com\/truusk.se\/wp-content\/uploads\/2026\/03\/motorcykelstall-for-15-21-381-5334-mm-framhjul-justerbar-motorcykelvippa-8165-kg-barkapacitet-orange-1.webp?fit=2000%2C2000&ssl=1\" \/>\n\t<meta property=\"og:image:width\" content=\"2000\" \/>\n\t<meta property=\"og:image:height\" content=\"2000\" \/>\n\t<meta property=\"og:image:type\" content=\"image\/webp\" \/>\n<meta name=\"twitter:card\" content=\"summary_large_image\" \/>\n<meta name=\"twitter:label1\" content=\"Ber\u00e4knad l\u00e4stid\" \/>\n\t<meta name=\"twitter:data1\" content=\"1 minut\" \/>\n<!-- \/ Yoast SEO plugin. -->","yoast_head_json":{"title":"TRUUSK Motorcykelst\u00e4ll - F\u00f6r 15-21\" Framhjul - Justerbar Vippa - 816,5 Kg B\u00e4rkapacitet - Orange - TRUUSK - Hem, Tr\u00e4dg\u00e5rd &amp; Fritid","robots":{"index":"index","follow":"follow","max-snippet":"max-snippet:-1","max-image-preview":"max-image-preview:large","max-video-preview":"max-video-preview:-1"},"canonical":"https:\/\/truusk.store\/sv\/produkt\/truusk-motorcykelstall-for-15-21-framhjul-justerbar-vippa-8165-kg-barkapacitet-orange\/","og_locale":"sv_SE","og_type":"article","og_title":"TRUUSK Motorcykelst\u00e4ll - F\u00f6r 15-21\" Framhjul - Justerbar Vippa - 816,5 Kg B\u00e4rkapacitet - Orange - TRUUSK - Hem, Tr\u00e4dg\u00e5rd &amp; Fritid","og_description":"Ge din motorcykel s\u00e4kerhet med [BRAND NAME] motorcykelst\u00f6d! Designad f\u00f6r att s\u00e4kert h\u00e5lla motorcykeld\u00e4ck med en bredd p\u00e5 76,2-203,2 mm...","og_url":"https:\/\/truusk.store\/sv\/produkt\/truusk-motorcykelstall-for-15-21-framhjul-justerbar-vippa-8165-kg-barkapacitet-orange\/","og_site_name":"TRUUSK - Hem, Tr\u00e4dg\u00e5rd &amp; Fritid","article_modified_time":"2026-03-12T07:45:11+00:00","og_image":[{"width":2000,"height":2000,"url":"https:\/\/i0.wp.com\/truusk.se\/wp-content\/uploads\/2026\/03\/motorcykelstall-for-15-21-381-5334-mm-framhjul-justerbar-motorcykelvippa-8165-kg-barkapacitet-orange-1.webp?fit=2000%2C2000&ssl=1","type":"image\/webp"}],"twitter_card":"summary_large_image","twitter_misc":{"Ber\u00e4knad l\u00e4stid":"1 minut"},"schema":{"@context":"https:\/\/schema.org","@graph":[{"@type":"WebPage","@id":"https:\/\/truusk.store\/sv\/produkt\/truusk-motorcykelstall-for-15-21-framhjul-justerbar-vippa-8165-kg-barkapacitet-orange\/","url":"https:\/\/truusk.store\/sv\/produkt\/truusk-motorcykelstall-for-15-21-framhjul-justerbar-vippa-8165-kg-barkapacitet-orange\/","name":"TRUUSK Motorcykelst\u00e4ll - F\u00f6r 15-21\" Framhjul - Justerbar Vippa - 816,5 Kg B\u00e4rkapacitet - Orange - TRUUSK - Hem, Tr\u00e4dg\u00e5rd &amp; Fritid","isPartOf":{"@id":"https:\/\/truusk.store\/sv\/#website"},"primaryImageOfPage":{"@id":"https:\/\/truusk.store\/sv\/produkt\/truusk-motorcykelstall-for-15-21-framhjul-justerbar-vippa-8165-kg-barkapacitet-orange\/#primaryimage"},"image":{"@id":"https:\/\/truusk.store\/sv\/produkt\/truusk-motorcykelstall-for-15-21-framhjul-justerbar-vippa-8165-kg-barkapacitet-orange\/#primaryimage"},"thumbnailUrl":"https:\/\/i0.wp.com\/truusk.store\/wp-content\/uploads\/2026\/03\/motorcykelstall-for-15-21-381-5334-mm-framhjul-justerbar-motorcykelvippa-8165-kg-barkapacitet-orange-1.webp?fit=2000%2C2000&ssl=1","datePublished":"2026-03-03T12:12:26+00:00","dateModified":"2026-03-12T07:45:11+00:00","breadcrumb":{"@id":"https:\/\/truusk.store\/sv\/produkt\/truusk-motorcykelstall-for-15-21-framhjul-justerbar-vippa-8165-kg-barkapacitet-orange\/#breadcrumb"},"inLanguage":"sv-SE","potentialAction":[{"@type":"ReadAction","target":["https:\/\/truusk.store\/sv\/produkt\/truusk-motorcykelstall-for-15-21-framhjul-justerbar-vippa-8165-kg-barkapacitet-orange\/"]}]},{"@type":"ImageObject","inLanguage":"sv-SE","@id":"https:\/\/truusk.store\/sv\/produkt\/truusk-motorcykelstall-for-15-21-framhjul-justerbar-vippa-8165-kg-barkapacitet-orange\/#primaryimage","url":"https:\/\/i0.wp.com\/truusk.store\/wp-content\/uploads\/2026\/03\/motorcykelstall-for-15-21-381-5334-mm-framhjul-justerbar-motorcykelvippa-8165-kg-barkapacitet-orange-1.webp?fit=2000%2C2000&ssl=1","contentUrl":"https:\/\/i0.wp.com\/truusk.store\/wp-content\/uploads\/2026\/03\/motorcykelstall-for-15-21-381-5334-mm-framhjul-justerbar-motorcykelvippa-8165-kg-barkapacitet-orange-1.webp?fit=2000%2C2000&ssl=1","width":2000,"height":2000},{"@type":"BreadcrumbList","@id":"https:\/\/truusk.store\/sv\/produkt\/truusk-motorcykelstall-for-15-21-framhjul-justerbar-vippa-8165-kg-barkapacitet-orange\/#breadcrumb","itemListElement":[{"@type":"ListItem","position":1,"name":"Home","item":"https:\/\/truusk.store\/sv\/"},{"@type":"ListItem","position":2,"name":"Shop","item":"https:\/\/truusk.store\/shop\/"},{"@type":"ListItem","position":3,"name":"TRUUSK Motorcykelst\u00e4ll &#8211; F\u00f6r 15-21&#8243; Framhjul &#8211; Justerbar Vippa &#8211; 816,5 Kg B\u00e4rkapacitet &#8211; Orange"}]},{"@type":"WebSite","@id":"https:\/\/truusk.store\/sv\/#website","url":"https:\/\/truusk.store\/sv\/","name":"TRUUSK - Hem, Tr\u00e4dg\u00e5rd & Fritid","description":"","publisher":{"@id":"https:\/\/truusk.store\/sv\/#organization"},"potentialAction":[{"@type":"SearchAction","target":{"@type":"EntryPoint","urlTemplate":"https:\/\/truusk.store\/sv\/?s={search_term_string}"},"query-input":{"@type":"PropertyValueSpecification","valueRequired":true,"valueName":"search_term_string"}}],"inLanguage":"sv-SE"},{"@type":"Organization","@id":"https:\/\/truusk.store\/sv\/#organization","name":"TRUUSK - Hem, Tr\u00e4dg\u00e5rd & Fritid","url":"https:\/\/truusk.store\/sv\/","logo":{"@type":"ImageObject","inLanguage":"sv-SE","@id":"https:\/\/truusk.store\/sv\/#\/schema\/logo\/image\/","url":"https:\/\/i0.wp.com\/truusk.store\/wp-content\/uploads\/2026\/03\/cropped-TRUUSK.png?fit=2032%2C917&ssl=1","contentUrl":"https:\/\/i0.wp.com\/truusk.store\/wp-content\/uploads\/2026\/03\/cropped-TRUUSK.png?fit=2032%2C917&ssl=1","width":2032,"height":917,"caption":"TRUUSK - Hem, Tr\u00e4dg\u00e5rd & Fritid"},"image":{"@id":"https:\/\/truusk.store\/sv\/#\/schema\/logo\/image\/"}}]}},"jetpack_sharing_enabled":true,"_links":{"self":[{"href":"https:\/\/truusk.store\/sv\/wp-json\/wp\/v2\/product\/106993","targetHints":{"allow":["GET"]}}],"collection":[{"href":"https:\/\/truusk.store\/sv\/wp-json\/wp\/v2\/product"}],"about":[{"href":"https:\/\/truusk.store\/sv\/wp-json\/wp\/v2\/types\/product"}],"wp:featuredmedia":[{"embeddable":true,"href":"https:\/\/truusk.store\/sv\/wp-json\/wp\/v2\/media\/106984"}],"wp:attachment":[{"href":"https:\/\/truusk.store\/sv\/wp-json\/wp\/v2\/media?parent=106993"}],"wp:term":[{"taxonomy":"product_brand","embeddable":true,"href":"https:\/\/truusk.store\/sv\/wp-json\/wp\/v2\/product_brand?post=106993"},{"taxonomy":"product_cat","embeddable":true,"href":"https:\/\/truusk.store\/sv\/wp-json\/wp\/v2\/product_cat?post=106993"},{"taxonomy":"product_tag","embeddable":true,"href":"https:\/\/truusk.store\/sv\/wp-json\/wp\/v2\/product_tag?post=106993"}],"curies":[{"name":"wp","href":"https:\/\/api.w.org\/{rel}","templated":true}]}}