{"id":107013,"date":"2026-03-03T13:16:57","date_gmt":"2026-03-03T12:16:57","guid":{"rendered":"https:\/\/truusk.store\/product\/kontorsstol-arbetsstol-skrivbordsstol-hojdjusterbar-stoppad-ljusgra\/"},"modified":"2026-03-12T08:47:01","modified_gmt":"2026-03-12T07:47:01","slug":"truusk-kontorsstol-arbetsstol-skrivbordsstol-hojdjusterbar-stoppad-ljusgra","status":"publish","type":"product","link":"https:\/\/truusk.store\/sv\/produkt\/truusk-kontorsstol-arbetsstol-skrivbordsstol-hojdjusterbar-stoppad-ljusgra\/","title":{"rendered":"TRUUSK Kontorsstol &#8211; Arbetsstol &#8211; Skrivbordsstol &#8211; H\u00f6jdjusterbar &#8211; Stoppad &#8211; Ljusgr\u00e5"},"content":{"rendered":"<p>Hitta den idealiska stolen f\u00f6r h\u00f6ga arbetsbord med [BRAND NAME] kontorsstol. Sitt h\u00f6jden kan justeras fr\u00e5n 68-88 cm f\u00f6r att s\u00e4kerst\u00e4lla en optimal sitt position och undvika kroppsstress. Komfort erbjuds av den vadderade s\u00e4tet och den h\u00f6ga ryggst\u00f6det. Den armfria designen och den roterande s\u00e4tet p\u00e5 skrivbordsstolen \u00f6kar din r\u00f6relsefrihet. Inklusive justerbar fotst\u00f6d.<\/p>\n<p>Beskrivning:<\/p>\n<ul>\n<li> Sitt h\u00f6jd justerbar fr\u00e5n 68-88 cm och fotring h\u00f6jd (upp till sitt) justerbar fr\u00e5n 21-49 cm<\/li>\n<li> Vadderad sitt f\u00f6r komfort, ryggst\u00f6d erbjuder st\u00f6d<\/li>\n<li> Armfri design och 360\u00b0 roterande sitt p\u00e5 datorstolen erbjuder mycket frihet och r\u00f6relse<\/li>\n<li> Rygg p\u00e5 den roterande stolen \u00e4r andningsbar<\/li>\n<li> Maximal belastning 120 kg, montering kr\u00e4vs.<\/li>\n<\/ul>\n<p> Tekniska data:<\/p>\n<ul>\n<li> F\u00e4rg: Ljusgr\u00e5<\/li>\n<li> Material: Mesh-tyg (100% polyester), skum, PU, st\u00e5l<\/li>\n<li> Totala dimensioner: 59B x 59T x 106-126H cm<\/li>\n<li> Sittm\u00e5tt: 45B x 42T x 68-88H cm<\/li>\n<li> Ryggst\u00f6d storlek: 42B x 45H cm<\/li>\n<li> Fotst\u00f6d h\u00f6jd (upp till sitt): 21-49 cm<\/li>\n<li> Total belastningskapacitet: 120 kg<\/li>\n<\/ul>\n<p>Leverans inneh\u00e5ller:<\/p>\n<ul>\n<li> 1 x ritstol<\/li>\n<li> 1 x manual<\/li>\n<\/ul>\n","protected":false},"excerpt":{"rendered":"<p>Hitta den idealiska stolen f\u00f6r h\u00f6ga arbetsbord med [BRAND NAME] kontorsstol. Sitt h\u00f6jden kan justeras fr\u00e5n 68-88 cm f\u00f6r att&#8230;<\/p>\n","protected":false},"featured_media":107004,"template":"","meta":[],"product_brand":[],"product_cat":[872,871,516],"product_tag":[],"class_list":{"0":"post-107013","1":"product","2":"type-product","3":"status-publish","4":"has-post-thumbnail","6":"product_cat-hemmakontor-arbetsplats","7":"product_cat-hus-hem","8":"product_cat-kontorsstolar","10":"first","11":"instock","12":"sale","13":"taxable","14":"shipping-taxable","15":"purchasable","16":"product-type-simple"},"yoast_head":"<!-- This site is optimized with the Yoast SEO plugin v25.4 - https:\/\/yoast.com\/wordpress\/plugins\/seo\/ -->\n<title>TRUUSK Kontorsstol - Arbetsstol - Skrivbordsstol - H\u00f6jdjusterbar - Stoppad - Ljusgr\u00e5 - TRUUSK - Hem, Tr\u00e4dg\u00e5rd &amp; Fritid<\/title>\n<meta name=\"robots\" content=\"index, follow, max-snippet:-1, max-image-preview:large, max-video-preview:-1\" \/>\n<link rel=\"canonical\" href=\"https:\/\/truusk.store\/sv\/produkt\/truusk-kontorsstol-arbetsstol-skrivbordsstol-hojdjusterbar-stoppad-ljusgra\/\" \/>\n<meta property=\"og:locale\" content=\"sv_SE\" \/>\n<meta property=\"og:type\" content=\"article\" \/>\n<meta property=\"og:title\" content=\"TRUUSK Kontorsstol - Arbetsstol - Skrivbordsstol - H\u00f6jdjusterbar - Stoppad - Ljusgr\u00e5 - TRUUSK - Hem, Tr\u00e4dg\u00e5rd &amp; Fritid\" \/>\n<meta property=\"og:description\" content=\"Hitta den idealiska stolen f\u00f6r h\u00f6ga arbetsbord med [BRAND NAME] kontorsstol. Sitt h\u00f6jden kan justeras fr\u00e5n 68-88 cm f\u00f6r att...\" \/>\n<meta property=\"og:url\" content=\"https:\/\/truusk.store\/sv\/produkt\/truusk-kontorsstol-arbetsstol-skrivbordsstol-hojdjusterbar-stoppad-ljusgra\/\" \/>\n<meta property=\"og:site_name\" content=\"TRUUSK - Hem, Tr\u00e4dg\u00e5rd &amp; Fritid\" \/>\n<meta property=\"article:modified_time\" content=\"2026-03-12T07:47:01+00:00\" \/>\n<meta property=\"og:image\" content=\"https:\/\/i0.wp.com\/truusk.se\/wp-content\/uploads\/2026\/03\/kontorsstol-arbetsstol-skrivbordsstol-hojdjusterbar-stoppad-ljusgra-1.webp?fit=2000%2C2000&ssl=1\" \/>\n\t<meta property=\"og:image:width\" content=\"2000\" \/>\n\t<meta property=\"og:image:height\" content=\"2000\" \/>\n\t<meta property=\"og:image:type\" content=\"image\/webp\" \/>\n<meta name=\"twitter:card\" content=\"summary_large_image\" \/>\n<meta name=\"twitter:label1\" content=\"Ber\u00e4knad l\u00e4stid\" \/>\n\t<meta name=\"twitter:data1\" content=\"1 minut\" \/>\n<!-- \/ Yoast SEO plugin. -->","yoast_head_json":{"title":"TRUUSK Kontorsstol - Arbetsstol - Skrivbordsstol - H\u00f6jdjusterbar - Stoppad - Ljusgr\u00e5 - TRUUSK - Hem, Tr\u00e4dg\u00e5rd &amp; Fritid","robots":{"index":"index","follow":"follow","max-snippet":"max-snippet:-1","max-image-preview":"max-image-preview:large","max-video-preview":"max-video-preview:-1"},"canonical":"https:\/\/truusk.store\/sv\/produkt\/truusk-kontorsstol-arbetsstol-skrivbordsstol-hojdjusterbar-stoppad-ljusgra\/","og_locale":"sv_SE","og_type":"article","og_title":"TRUUSK Kontorsstol - Arbetsstol - Skrivbordsstol - H\u00f6jdjusterbar - Stoppad - Ljusgr\u00e5 - TRUUSK - Hem, Tr\u00e4dg\u00e5rd &amp; Fritid","og_description":"Hitta den idealiska stolen f\u00f6r h\u00f6ga arbetsbord med [BRAND NAME] kontorsstol. Sitt h\u00f6jden kan justeras fr\u00e5n 68-88 cm f\u00f6r att...","og_url":"https:\/\/truusk.store\/sv\/produkt\/truusk-kontorsstol-arbetsstol-skrivbordsstol-hojdjusterbar-stoppad-ljusgra\/","og_site_name":"TRUUSK - Hem, Tr\u00e4dg\u00e5rd &amp; Fritid","article_modified_time":"2026-03-12T07:47:01+00:00","og_image":[{"width":2000,"height":2000,"url":"https:\/\/i0.wp.com\/truusk.se\/wp-content\/uploads\/2026\/03\/kontorsstol-arbetsstol-skrivbordsstol-hojdjusterbar-stoppad-ljusgra-1.webp?fit=2000%2C2000&ssl=1","type":"image\/webp"}],"twitter_card":"summary_large_image","twitter_misc":{"Ber\u00e4knad l\u00e4stid":"1 minut"},"schema":{"@context":"https:\/\/schema.org","@graph":[{"@type":"WebPage","@id":"https:\/\/truusk.store\/sv\/produkt\/truusk-kontorsstol-arbetsstol-skrivbordsstol-hojdjusterbar-stoppad-ljusgra\/","url":"https:\/\/truusk.store\/sv\/produkt\/truusk-kontorsstol-arbetsstol-skrivbordsstol-hojdjusterbar-stoppad-ljusgra\/","name":"TRUUSK Kontorsstol - Arbetsstol - Skrivbordsstol - H\u00f6jdjusterbar - Stoppad - Ljusgr\u00e5 - TRUUSK - Hem, Tr\u00e4dg\u00e5rd &amp; Fritid","isPartOf":{"@id":"https:\/\/truusk.store\/sv\/#website"},"primaryImageOfPage":{"@id":"https:\/\/truusk.store\/sv\/produkt\/truusk-kontorsstol-arbetsstol-skrivbordsstol-hojdjusterbar-stoppad-ljusgra\/#primaryimage"},"image":{"@id":"https:\/\/truusk.store\/sv\/produkt\/truusk-kontorsstol-arbetsstol-skrivbordsstol-hojdjusterbar-stoppad-ljusgra\/#primaryimage"},"thumbnailUrl":"https:\/\/i0.wp.com\/truusk.store\/wp-content\/uploads\/2026\/03\/kontorsstol-arbetsstol-skrivbordsstol-hojdjusterbar-stoppad-ljusgra-1.webp?fit=2000%2C2000&ssl=1","datePublished":"2026-03-03T12:16:57+00:00","dateModified":"2026-03-12T07:47:01+00:00","breadcrumb":{"@id":"https:\/\/truusk.store\/sv\/produkt\/truusk-kontorsstol-arbetsstol-skrivbordsstol-hojdjusterbar-stoppad-ljusgra\/#breadcrumb"},"inLanguage":"sv-SE","potentialAction":[{"@type":"ReadAction","target":["https:\/\/truusk.store\/sv\/produkt\/truusk-kontorsstol-arbetsstol-skrivbordsstol-hojdjusterbar-stoppad-ljusgra\/"]}]},{"@type":"ImageObject","inLanguage":"sv-SE","@id":"https:\/\/truusk.store\/sv\/produkt\/truusk-kontorsstol-arbetsstol-skrivbordsstol-hojdjusterbar-stoppad-ljusgra\/#primaryimage","url":"https:\/\/i0.wp.com\/truusk.store\/wp-content\/uploads\/2026\/03\/kontorsstol-arbetsstol-skrivbordsstol-hojdjusterbar-stoppad-ljusgra-1.webp?fit=2000%2C2000&ssl=1","contentUrl":"https:\/\/i0.wp.com\/truusk.store\/wp-content\/uploads\/2026\/03\/kontorsstol-arbetsstol-skrivbordsstol-hojdjusterbar-stoppad-ljusgra-1.webp?fit=2000%2C2000&ssl=1","width":2000,"height":2000},{"@type":"BreadcrumbList","@id":"https:\/\/truusk.store\/sv\/produkt\/truusk-kontorsstol-arbetsstol-skrivbordsstol-hojdjusterbar-stoppad-ljusgra\/#breadcrumb","itemListElement":[{"@type":"ListItem","position":1,"name":"Home","item":"https:\/\/truusk.store\/sv\/"},{"@type":"ListItem","position":2,"name":"Shop","item":"https:\/\/truusk.store\/shop\/"},{"@type":"ListItem","position":3,"name":"TRUUSK Kontorsstol &#8211; Arbetsstol &#8211; Skrivbordsstol &#8211; H\u00f6jdjusterbar &#8211; Stoppad &#8211; Ljusgr\u00e5"}]},{"@type":"WebSite","@id":"https:\/\/truusk.store\/sv\/#website","url":"https:\/\/truusk.store\/sv\/","name":"TRUUSK - Hem, Tr\u00e4dg\u00e5rd & Fritid","description":"","publisher":{"@id":"https:\/\/truusk.store\/sv\/#organization"},"potentialAction":[{"@type":"SearchAction","target":{"@type":"EntryPoint","urlTemplate":"https:\/\/truusk.store\/sv\/?s={search_term_string}"},"query-input":{"@type":"PropertyValueSpecification","valueRequired":true,"valueName":"search_term_string"}}],"inLanguage":"sv-SE"},{"@type":"Organization","@id":"https:\/\/truusk.store\/sv\/#organization","name":"TRUUSK - Hem, Tr\u00e4dg\u00e5rd & Fritid","url":"https:\/\/truusk.store\/sv\/","logo":{"@type":"ImageObject","inLanguage":"sv-SE","@id":"https:\/\/truusk.store\/sv\/#\/schema\/logo\/image\/","url":"https:\/\/i0.wp.com\/truusk.store\/wp-content\/uploads\/2026\/03\/cropped-TRUUSK.png?fit=2032%2C917&ssl=1","contentUrl":"https:\/\/i0.wp.com\/truusk.store\/wp-content\/uploads\/2026\/03\/cropped-TRUUSK.png?fit=2032%2C917&ssl=1","width":2032,"height":917,"caption":"TRUUSK - Hem, Tr\u00e4dg\u00e5rd & Fritid"},"image":{"@id":"https:\/\/truusk.store\/sv\/#\/schema\/logo\/image\/"}}]}},"jetpack_sharing_enabled":true,"_links":{"self":[{"href":"https:\/\/truusk.store\/sv\/wp-json\/wp\/v2\/product\/107013","targetHints":{"allow":["GET"]}}],"collection":[{"href":"https:\/\/truusk.store\/sv\/wp-json\/wp\/v2\/product"}],"about":[{"href":"https:\/\/truusk.store\/sv\/wp-json\/wp\/v2\/types\/product"}],"wp:featuredmedia":[{"embeddable":true,"href":"https:\/\/truusk.store\/sv\/wp-json\/wp\/v2\/media\/107004"}],"wp:attachment":[{"href":"https:\/\/truusk.store\/sv\/wp-json\/wp\/v2\/media?parent=107013"}],"wp:term":[{"taxonomy":"product_brand","embeddable":true,"href":"https:\/\/truusk.store\/sv\/wp-json\/wp\/v2\/product_brand?post=107013"},{"taxonomy":"product_cat","embeddable":true,"href":"https:\/\/truusk.store\/sv\/wp-json\/wp\/v2\/product_cat?post=107013"},{"taxonomy":"product_tag","embeddable":true,"href":"https:\/\/truusk.store\/sv\/wp-json\/wp\/v2\/product_tag?post=107013"}],"curies":[{"name":"wp","href":"https:\/\/api.w.org\/{rel}","templated":true}]}}