{"id":107023,"date":"2026-03-03T13:19:13","date_gmt":"2026-03-03T12:19:13","guid":{"rendered":"https:\/\/truusk.store\/product\/kontorsstol-lutbar-hojdjusterbar-skrivbordsstol-med-armstod-fotstod-hog-ryggstod-75-x-77-x-110-118-cm-gra\/"},"modified":"2026-03-12T08:48:19","modified_gmt":"2026-03-12T07:48:19","slug":"truusk-kontorsstol-lutbar-hojdjusterbar-med-armstod-fotstod-hog-ryggstod-75-x-77-x-110-118-cm-gra","status":"publish","type":"product","link":"https:\/\/truusk.store\/sv\/produkt\/truusk-kontorsstol-lutbar-hojdjusterbar-med-armstod-fotstod-hog-ryggstod-75-x-77-x-110-118-cm-gra\/","title":{"rendered":"TRUUSK Kontorsstol &#8211; Lutbar &#8211; H\u00f6jdjusterbar &#8211; Med Armst\u00f6d &#8211; Fotst\u00f6d &#8211; H\u00f6g Ryggst\u00f6d &#8211; 75 x 77 x 110-118 cm &#8211; Gr\u00e5"},"content":{"rendered":"<p>L\u00e5nga timmar vid skrivbordet kan g\u00f6ra dig stel och rastl\u00f6s. [BRAND NAME]-kontorsstolen med fotst\u00f6d f\u00f6rvandlar din arbetsplats till en oas av komfort med mjuka kuddar och sammetskl\u00e4dd tyg f\u00f6r hela dagens komfort. Byt smidigt fr\u00e5n koncentrerat arbete till en avkopplande paus med tre lutningsvinklar och ett utdragbart fotst\u00f6d, medan tysta hjul ger mjuka, distraktionsfria r\u00f6relser.<\/p>\n<p>Beskrivning:<\/p>\n<ul>\n<li> Tjock stoppning p\u00e5 ryggst\u00f6d och sits, stoppade armst\u00f6d, sammetmjukt tyg f\u00f6r komfort<\/li>\n<li> Justerbart ryggst\u00f6d med 3 vinklar och utdragbart fotst\u00f6d f\u00f6r avkoppling<\/li>\n<li> 360\u00b0-rotation, tysta PU-hjul glider mjukt p\u00e5 alla golv<\/li>\n<li> Robust st\u00e5lram, femstj\u00e4rnig bas och klass 3 gasfj\u00e4der f\u00f6r stabil konstruktion<\/li>\n<li> Justerbar sitth\u00f6jd f\u00f6r olika anv\u00e4ndare<\/li>\n<li> Montering kr\u00e4vs<\/li>\n<\/ul>\n<p> Tekniska specifikationer:<\/p>\n<ul>\n<li> F\u00e4rg: Ljusgr\u00e5<\/li>\n<li> Material: Sn\u00f6velour (100 % polyester), skum (75 % polyeter, 25 % toluendiisocyanat), st\u00e5l<\/li>\n<li> Totala m\u00e5tt: 75B x 77D x 110-118H cm<\/li>\n<li> M\u00e5tt vid lutning: 80B x 152D x 87-95H cm<\/li>\n<li> Sitsstorlek: 50B x 54D cm<\/li>\n<li> Sitth\u00f6jd: 51-59 cm<\/li>\n<li> Ryggstorlek: 55B x 65H cm<\/li>\n<li> Tjocklek p\u00e5 sits och rygg: Sits: 18D cm, Rygg: 15D cm<\/li>\n<li> Armst\u00f6dsh\u00f6jd till sits: 21 cm<\/li>\n<li> Viktkapacitet: 120 kg<\/li>\n<\/ul>\n<p>Leveransinneh\u00e5ll:<\/p>\n<ul>\n<li> 1 x kontorsstol med hjul<\/li>\n<li> 1 x instruktioner<\/li>\n<\/ul>\n","protected":false},"excerpt":{"rendered":"<p>L\u00e5nga timmar vid skrivbordet kan g\u00f6ra dig stel och rastl\u00f6s. [BRAND NAME]-kontorsstolen med fotst\u00f6d f\u00f6rvandlar din arbetsplats till en oas&#8230;<\/p>\n","protected":false},"featured_media":107014,"template":"","meta":[],"product_brand":[],"product_cat":[872,871,516],"product_tag":[],"class_list":{"0":"post-107023","1":"product","2":"type-product","3":"status-publish","4":"has-post-thumbnail","6":"product_cat-hemmakontor-arbetsplats","7":"product_cat-hus-hem","8":"product_cat-kontorsstolar","10":"first","11":"instock","12":"sale","13":"taxable","14":"shipping-taxable","15":"purchasable","16":"product-type-simple"},"yoast_head":"<!-- This site is optimized with the Yoast SEO plugin v25.4 - https:\/\/yoast.com\/wordpress\/plugins\/seo\/ -->\n<title>TRUUSK Kontorsstol - Lutbar - H\u00f6jdjusterbar - Med Armst\u00f6d - Fotst\u00f6d - H\u00f6g Ryggst\u00f6d - 75 x 77 x 110-118 cm - Gr\u00e5 - TRUUSK - Hem, Tr\u00e4dg\u00e5rd &amp; Fritid<\/title>\n<meta name=\"robots\" content=\"index, follow, max-snippet:-1, max-image-preview:large, max-video-preview:-1\" \/>\n<link rel=\"canonical\" href=\"https:\/\/truusk.store\/sv\/produkt\/truusk-kontorsstol-lutbar-hojdjusterbar-med-armstod-fotstod-hog-ryggstod-75-x-77-x-110-118-cm-gra\/\" \/>\n<meta property=\"og:locale\" content=\"sv_SE\" \/>\n<meta property=\"og:type\" content=\"article\" \/>\n<meta property=\"og:title\" content=\"TRUUSK Kontorsstol - Lutbar - H\u00f6jdjusterbar - Med Armst\u00f6d - Fotst\u00f6d - H\u00f6g Ryggst\u00f6d - 75 x 77 x 110-118 cm - Gr\u00e5 - TRUUSK - Hem, Tr\u00e4dg\u00e5rd &amp; Fritid\" \/>\n<meta property=\"og:description\" content=\"L\u00e5nga timmar vid skrivbordet kan g\u00f6ra dig stel och rastl\u00f6s. [BRAND NAME]-kontorsstolen med fotst\u00f6d f\u00f6rvandlar din arbetsplats till en oas...\" \/>\n<meta property=\"og:url\" content=\"https:\/\/truusk.store\/sv\/produkt\/truusk-kontorsstol-lutbar-hojdjusterbar-med-armstod-fotstod-hog-ryggstod-75-x-77-x-110-118-cm-gra\/\" \/>\n<meta property=\"og:site_name\" content=\"TRUUSK - Hem, Tr\u00e4dg\u00e5rd &amp; Fritid\" \/>\n<meta property=\"article:modified_time\" content=\"2026-03-12T07:48:19+00:00\" \/>\n<meta property=\"og:image\" content=\"https:\/\/i0.wp.com\/truusk.se\/wp-content\/uploads\/2026\/03\/kontorsstol-lutbar-hojdjusterbar-skrivbordsstol-med-armstod-fotstod-hog-ryggstod-75-x-77-x-110-118-cm-gra-1.webp?fit=2000%2C2000&ssl=1\" \/>\n\t<meta property=\"og:image:width\" content=\"2000\" \/>\n\t<meta property=\"og:image:height\" content=\"2000\" \/>\n\t<meta property=\"og:image:type\" content=\"image\/webp\" \/>\n<meta name=\"twitter:card\" content=\"summary_large_image\" \/>\n<meta name=\"twitter:label1\" content=\"Ber\u00e4knad l\u00e4stid\" \/>\n\t<meta name=\"twitter:data1\" content=\"1 minut\" \/>\n<!-- \/ Yoast SEO plugin. -->","yoast_head_json":{"title":"TRUUSK Kontorsstol - Lutbar - H\u00f6jdjusterbar - Med Armst\u00f6d - Fotst\u00f6d - H\u00f6g Ryggst\u00f6d - 75 x 77 x 110-118 cm - Gr\u00e5 - TRUUSK - Hem, Tr\u00e4dg\u00e5rd &amp; Fritid","robots":{"index":"index","follow":"follow","max-snippet":"max-snippet:-1","max-image-preview":"max-image-preview:large","max-video-preview":"max-video-preview:-1"},"canonical":"https:\/\/truusk.store\/sv\/produkt\/truusk-kontorsstol-lutbar-hojdjusterbar-med-armstod-fotstod-hog-ryggstod-75-x-77-x-110-118-cm-gra\/","og_locale":"sv_SE","og_type":"article","og_title":"TRUUSK Kontorsstol - Lutbar - H\u00f6jdjusterbar - Med Armst\u00f6d - Fotst\u00f6d - H\u00f6g Ryggst\u00f6d - 75 x 77 x 110-118 cm - Gr\u00e5 - TRUUSK - Hem, Tr\u00e4dg\u00e5rd &amp; Fritid","og_description":"L\u00e5nga timmar vid skrivbordet kan g\u00f6ra dig stel och rastl\u00f6s. [BRAND NAME]-kontorsstolen med fotst\u00f6d f\u00f6rvandlar din arbetsplats till en oas...","og_url":"https:\/\/truusk.store\/sv\/produkt\/truusk-kontorsstol-lutbar-hojdjusterbar-med-armstod-fotstod-hog-ryggstod-75-x-77-x-110-118-cm-gra\/","og_site_name":"TRUUSK - Hem, Tr\u00e4dg\u00e5rd &amp; Fritid","article_modified_time":"2026-03-12T07:48:19+00:00","og_image":[{"width":2000,"height":2000,"url":"https:\/\/i0.wp.com\/truusk.se\/wp-content\/uploads\/2026\/03\/kontorsstol-lutbar-hojdjusterbar-skrivbordsstol-med-armstod-fotstod-hog-ryggstod-75-x-77-x-110-118-cm-gra-1.webp?fit=2000%2C2000&ssl=1","type":"image\/webp"}],"twitter_card":"summary_large_image","twitter_misc":{"Ber\u00e4knad l\u00e4stid":"1 minut"},"schema":{"@context":"https:\/\/schema.org","@graph":[{"@type":"WebPage","@id":"https:\/\/truusk.store\/sv\/produkt\/truusk-kontorsstol-lutbar-hojdjusterbar-med-armstod-fotstod-hog-ryggstod-75-x-77-x-110-118-cm-gra\/","url":"https:\/\/truusk.store\/sv\/produkt\/truusk-kontorsstol-lutbar-hojdjusterbar-med-armstod-fotstod-hog-ryggstod-75-x-77-x-110-118-cm-gra\/","name":"TRUUSK Kontorsstol - Lutbar - H\u00f6jdjusterbar - Med Armst\u00f6d - Fotst\u00f6d - H\u00f6g Ryggst\u00f6d - 75 x 77 x 110-118 cm - Gr\u00e5 - TRUUSK - Hem, Tr\u00e4dg\u00e5rd &amp; Fritid","isPartOf":{"@id":"https:\/\/truusk.store\/sv\/#website"},"primaryImageOfPage":{"@id":"https:\/\/truusk.store\/sv\/produkt\/truusk-kontorsstol-lutbar-hojdjusterbar-med-armstod-fotstod-hog-ryggstod-75-x-77-x-110-118-cm-gra\/#primaryimage"},"image":{"@id":"https:\/\/truusk.store\/sv\/produkt\/truusk-kontorsstol-lutbar-hojdjusterbar-med-armstod-fotstod-hog-ryggstod-75-x-77-x-110-118-cm-gra\/#primaryimage"},"thumbnailUrl":"https:\/\/i0.wp.com\/truusk.store\/wp-content\/uploads\/2026\/03\/kontorsstol-lutbar-hojdjusterbar-skrivbordsstol-med-armstod-fotstod-hog-ryggstod-75-x-77-x-110-118-cm-gra-1.webp?fit=2000%2C2000&ssl=1","datePublished":"2026-03-03T12:19:13+00:00","dateModified":"2026-03-12T07:48:19+00:00","breadcrumb":{"@id":"https:\/\/truusk.store\/sv\/produkt\/truusk-kontorsstol-lutbar-hojdjusterbar-med-armstod-fotstod-hog-ryggstod-75-x-77-x-110-118-cm-gra\/#breadcrumb"},"inLanguage":"sv-SE","potentialAction":[{"@type":"ReadAction","target":["https:\/\/truusk.store\/sv\/produkt\/truusk-kontorsstol-lutbar-hojdjusterbar-med-armstod-fotstod-hog-ryggstod-75-x-77-x-110-118-cm-gra\/"]}]},{"@type":"ImageObject","inLanguage":"sv-SE","@id":"https:\/\/truusk.store\/sv\/produkt\/truusk-kontorsstol-lutbar-hojdjusterbar-med-armstod-fotstod-hog-ryggstod-75-x-77-x-110-118-cm-gra\/#primaryimage","url":"https:\/\/i0.wp.com\/truusk.store\/wp-content\/uploads\/2026\/03\/kontorsstol-lutbar-hojdjusterbar-skrivbordsstol-med-armstod-fotstod-hog-ryggstod-75-x-77-x-110-118-cm-gra-1.webp?fit=2000%2C2000&ssl=1","contentUrl":"https:\/\/i0.wp.com\/truusk.store\/wp-content\/uploads\/2026\/03\/kontorsstol-lutbar-hojdjusterbar-skrivbordsstol-med-armstod-fotstod-hog-ryggstod-75-x-77-x-110-118-cm-gra-1.webp?fit=2000%2C2000&ssl=1","width":2000,"height":2000},{"@type":"BreadcrumbList","@id":"https:\/\/truusk.store\/sv\/produkt\/truusk-kontorsstol-lutbar-hojdjusterbar-med-armstod-fotstod-hog-ryggstod-75-x-77-x-110-118-cm-gra\/#breadcrumb","itemListElement":[{"@type":"ListItem","position":1,"name":"Home","item":"https:\/\/truusk.store\/sv\/"},{"@type":"ListItem","position":2,"name":"Shop","item":"https:\/\/truusk.store\/shop\/"},{"@type":"ListItem","position":3,"name":"TRUUSK Kontorsstol &#8211; Lutbar &#8211; H\u00f6jdjusterbar &#8211; Med Armst\u00f6d &#8211; Fotst\u00f6d &#8211; H\u00f6g Ryggst\u00f6d &#8211; 75 x 77 x 110-118 cm &#8211; Gr\u00e5"}]},{"@type":"WebSite","@id":"https:\/\/truusk.store\/sv\/#website","url":"https:\/\/truusk.store\/sv\/","name":"TRUUSK - Hem, Tr\u00e4dg\u00e5rd & Fritid","description":"","publisher":{"@id":"https:\/\/truusk.store\/sv\/#organization"},"potentialAction":[{"@type":"SearchAction","target":{"@type":"EntryPoint","urlTemplate":"https:\/\/truusk.store\/sv\/?s={search_term_string}"},"query-input":{"@type":"PropertyValueSpecification","valueRequired":true,"valueName":"search_term_string"}}],"inLanguage":"sv-SE"},{"@type":"Organization","@id":"https:\/\/truusk.store\/sv\/#organization","name":"TRUUSK - Hem, Tr\u00e4dg\u00e5rd & Fritid","url":"https:\/\/truusk.store\/sv\/","logo":{"@type":"ImageObject","inLanguage":"sv-SE","@id":"https:\/\/truusk.store\/sv\/#\/schema\/logo\/image\/","url":"https:\/\/i0.wp.com\/truusk.store\/wp-content\/uploads\/2026\/03\/cropped-TRUUSK.png?fit=2032%2C917&ssl=1","contentUrl":"https:\/\/i0.wp.com\/truusk.store\/wp-content\/uploads\/2026\/03\/cropped-TRUUSK.png?fit=2032%2C917&ssl=1","width":2032,"height":917,"caption":"TRUUSK - Hem, Tr\u00e4dg\u00e5rd & Fritid"},"image":{"@id":"https:\/\/truusk.store\/sv\/#\/schema\/logo\/image\/"}}]}},"jetpack_sharing_enabled":true,"_links":{"self":[{"href":"https:\/\/truusk.store\/sv\/wp-json\/wp\/v2\/product\/107023","targetHints":{"allow":["GET"]}}],"collection":[{"href":"https:\/\/truusk.store\/sv\/wp-json\/wp\/v2\/product"}],"about":[{"href":"https:\/\/truusk.store\/sv\/wp-json\/wp\/v2\/types\/product"}],"wp:featuredmedia":[{"embeddable":true,"href":"https:\/\/truusk.store\/sv\/wp-json\/wp\/v2\/media\/107014"}],"wp:attachment":[{"href":"https:\/\/truusk.store\/sv\/wp-json\/wp\/v2\/media?parent=107023"}],"wp:term":[{"taxonomy":"product_brand","embeddable":true,"href":"https:\/\/truusk.store\/sv\/wp-json\/wp\/v2\/product_brand?post=107023"},{"taxonomy":"product_cat","embeddable":true,"href":"https:\/\/truusk.store\/sv\/wp-json\/wp\/v2\/product_cat?post=107023"},{"taxonomy":"product_tag","embeddable":true,"href":"https:\/\/truusk.store\/sv\/wp-json\/wp\/v2\/product_tag?post=107023"}],"curies":[{"name":"wp","href":"https:\/\/api.w.org\/{rel}","templated":true}]}}