{"id":107034,"date":"2026-03-03T13:20:54","date_gmt":"2026-03-03T12:20:54","guid":{"rendered":"https:\/\/truusk.store\/product\/accentstol-360-graders-rotation-modern-snurrstol-med-rund-fot-for-vardagsrum-och-sovrum-gron\/"},"modified":"2026-03-12T08:49:00","modified_gmt":"2026-03-12T07:49:00","slug":"truusk-accentstol-360-graders-rotation-modern-snurrstol-med-rund-fot-for-vardagsrum-och-sovrum-gron","status":"publish","type":"product","link":"https:\/\/truusk.store\/sv\/produkt\/truusk-accentstol-360-graders-rotation-modern-snurrstol-med-rund-fot-for-vardagsrum-och-sovrum-gron\/","title":{"rendered":"TRUUSK Accentstol &#8211; 360-graders Rotation &#8211; Modern Snurrstol Med Rund Fot &#8211; F\u00f6r Vardagsrum Och Sovrum &#8211; Gr\u00f6n"},"content":{"rendered":"<p>Samtal i vardagsrummet k\u00e4nns osammanh\u00e4ngande om du sitter still. [BRAND NAME]-f\u00e5t\u00f6ljen l\u00f6ser detta: Vrid dig enkelt 360 grader, interagera med alla, sjunk in i den ergonomiska ryggst\u00f6det och njut av den mjuka manchestertygen. Hitta din bekv\u00e4ma position f\u00f6r komfort och anslutning i denna eleganta vardagsrumsf\u00e5t\u00f6lj.<\/p>\n<p>Beskrivning:<\/p>\n<ul>\n<li> Roterar enkelt 360 grader p\u00e5 sin stabila bas f\u00f6r flexibla r\u00f6relser<\/li>\n<li> Ergonomiskt b\u00f6jd ryggst\u00f6d p\u00e5 sminkstolen ger perfekt st\u00f6d f\u00f6r rygg och armar f\u00f6r avkoppling<\/li>\n<li> Vadderad med mjuk, slitstark manchestertyg f\u00f6r en mysig k\u00e4nsla<\/li>\n<li> Robust ram av flerskiktsplatta b\u00e4r upp till 120 kg<\/li>\n<li> Modern gr\u00f6n design p\u00e5 denna l\u00e4sf\u00e5t\u00f6lj ger varje rum en stilfull touch<\/li>\n<li> M\u00e5tt: 73,5B x 74,5D x 77H cm, idealisk f\u00f6r ditt vardagsrum eller arbetsrum<\/li>\n<li> Montering kr\u00e4vs<\/li>\n<\/ul>\n<p> Tekniska specifikationer:<\/p>\n<ul>\n<li> F\u00e4rg: Gr\u00f6n<\/li>\n<li> Material: Manchester (100 % polyester), skum, plywood, metall<\/li>\n<li> Totala dimensioner: 73,5B x 74,5D x 77H cm<\/li>\n<li> Sitsstorlek: 71B x 55D cm<\/li>\n<li> Sitskuddens tjocklek: 40 cm<\/li>\n<li> Ryggst\u00f6d: 74,5B x 39L cm<\/li>\n<li> Ryggkuddens tjocklek: 15 cm<\/li>\n<li> B\u00e4rkapacitet: 120 kg<\/li>\n<\/ul>\n<p>Leveransinneh\u00e5ll:<\/p>\n<ul>\n<li> 1 x F\u00e5t\u00f6lj<\/li>\n<li> 1 x Instruktioner<\/li>\n<\/ul>\n","protected":false},"excerpt":{"rendered":"<p>Samtal i vardagsrummet k\u00e4nns osammanh\u00e4ngande om du sitter still. [BRAND NAME]-f\u00e5t\u00f6ljen l\u00f6ser detta: Vrid dig enkelt 360 grader, interagera med&#8230;<\/p>\n","protected":false},"featured_media":107024,"template":"","meta":[],"product_brand":[],"product_cat":[938,871,937,910],"product_tag":[],"class_list":{"0":"post-107034","1":"product","2":"type-product","3":"status-publish","4":"has-post-thumbnail","6":"product_cat-einzelsofas","7":"product_cat-hus-hem","8":"product_cat-soffor","9":"product_cat-vardagsrum","11":"first","12":"instock","13":"sale","14":"taxable","15":"shipping-taxable","16":"purchasable","17":"product-type-simple"},"yoast_head":"<!-- This site is optimized with the Yoast SEO plugin v25.4 - https:\/\/yoast.com\/wordpress\/plugins\/seo\/ -->\n<title>TRUUSK Accentstol - 360-graders Rotation - Modern Snurrstol Med Rund Fot - F\u00f6r Vardagsrum Och Sovrum - Gr\u00f6n - TRUUSK - Hem, Tr\u00e4dg\u00e5rd &amp; Fritid<\/title>\n<meta name=\"robots\" content=\"index, follow, max-snippet:-1, max-image-preview:large, max-video-preview:-1\" \/>\n<link rel=\"canonical\" href=\"https:\/\/truusk.store\/sv\/produkt\/truusk-accentstol-360-graders-rotation-modern-snurrstol-med-rund-fot-for-vardagsrum-och-sovrum-gron\/\" \/>\n<meta property=\"og:locale\" content=\"sv_SE\" \/>\n<meta property=\"og:type\" content=\"article\" \/>\n<meta property=\"og:title\" content=\"TRUUSK Accentstol - 360-graders Rotation - Modern Snurrstol Med Rund Fot - F\u00f6r Vardagsrum Och Sovrum - Gr\u00f6n - TRUUSK - Hem, Tr\u00e4dg\u00e5rd &amp; Fritid\" \/>\n<meta property=\"og:description\" content=\"Samtal i vardagsrummet k\u00e4nns osammanh\u00e4ngande om du sitter still. [BRAND NAME]-f\u00e5t\u00f6ljen l\u00f6ser detta: Vrid dig enkelt 360 grader, interagera med...\" \/>\n<meta property=\"og:url\" content=\"https:\/\/truusk.store\/sv\/produkt\/truusk-accentstol-360-graders-rotation-modern-snurrstol-med-rund-fot-for-vardagsrum-och-sovrum-gron\/\" \/>\n<meta property=\"og:site_name\" content=\"TRUUSK - Hem, Tr\u00e4dg\u00e5rd &amp; Fritid\" \/>\n<meta property=\"article:modified_time\" content=\"2026-03-12T07:49:00+00:00\" \/>\n<meta property=\"og:image\" content=\"https:\/\/i0.wp.com\/truusk.se\/wp-content\/uploads\/2026\/03\/accentstol-360-graders-rotation-modern-snurrstol-med-rund-fot-for-vardagsrum-och-sovrum-gron-1.webp?fit=2000%2C2000&ssl=1\" \/>\n\t<meta property=\"og:image:width\" content=\"2000\" \/>\n\t<meta property=\"og:image:height\" content=\"2000\" \/>\n\t<meta property=\"og:image:type\" content=\"image\/webp\" \/>\n<meta name=\"twitter:card\" content=\"summary_large_image\" \/>\n<meta name=\"twitter:label1\" content=\"Ber\u00e4knad l\u00e4stid\" \/>\n\t<meta name=\"twitter:data1\" content=\"1 minut\" \/>\n<!-- \/ Yoast SEO plugin. -->","yoast_head_json":{"title":"TRUUSK Accentstol - 360-graders Rotation - Modern Snurrstol Med Rund Fot - F\u00f6r Vardagsrum Och Sovrum - Gr\u00f6n - TRUUSK - Hem, Tr\u00e4dg\u00e5rd &amp; Fritid","robots":{"index":"index","follow":"follow","max-snippet":"max-snippet:-1","max-image-preview":"max-image-preview:large","max-video-preview":"max-video-preview:-1"},"canonical":"https:\/\/truusk.store\/sv\/produkt\/truusk-accentstol-360-graders-rotation-modern-snurrstol-med-rund-fot-for-vardagsrum-och-sovrum-gron\/","og_locale":"sv_SE","og_type":"article","og_title":"TRUUSK Accentstol - 360-graders Rotation - Modern Snurrstol Med Rund Fot - F\u00f6r Vardagsrum Och Sovrum - Gr\u00f6n - TRUUSK - Hem, Tr\u00e4dg\u00e5rd &amp; Fritid","og_description":"Samtal i vardagsrummet k\u00e4nns osammanh\u00e4ngande om du sitter still. [BRAND NAME]-f\u00e5t\u00f6ljen l\u00f6ser detta: Vrid dig enkelt 360 grader, interagera med...","og_url":"https:\/\/truusk.store\/sv\/produkt\/truusk-accentstol-360-graders-rotation-modern-snurrstol-med-rund-fot-for-vardagsrum-och-sovrum-gron\/","og_site_name":"TRUUSK - Hem, Tr\u00e4dg\u00e5rd &amp; Fritid","article_modified_time":"2026-03-12T07:49:00+00:00","og_image":[{"width":2000,"height":2000,"url":"https:\/\/i0.wp.com\/truusk.se\/wp-content\/uploads\/2026\/03\/accentstol-360-graders-rotation-modern-snurrstol-med-rund-fot-for-vardagsrum-och-sovrum-gron-1.webp?fit=2000%2C2000&ssl=1","type":"image\/webp"}],"twitter_card":"summary_large_image","twitter_misc":{"Ber\u00e4knad l\u00e4stid":"1 minut"},"schema":{"@context":"https:\/\/schema.org","@graph":[{"@type":"WebPage","@id":"https:\/\/truusk.store\/sv\/produkt\/truusk-accentstol-360-graders-rotation-modern-snurrstol-med-rund-fot-for-vardagsrum-och-sovrum-gron\/","url":"https:\/\/truusk.store\/sv\/produkt\/truusk-accentstol-360-graders-rotation-modern-snurrstol-med-rund-fot-for-vardagsrum-och-sovrum-gron\/","name":"TRUUSK Accentstol - 360-graders Rotation - Modern Snurrstol Med Rund Fot - F\u00f6r Vardagsrum Och Sovrum - Gr\u00f6n - TRUUSK - Hem, Tr\u00e4dg\u00e5rd &amp; Fritid","isPartOf":{"@id":"https:\/\/truusk.store\/sv\/#website"},"primaryImageOfPage":{"@id":"https:\/\/truusk.store\/sv\/produkt\/truusk-accentstol-360-graders-rotation-modern-snurrstol-med-rund-fot-for-vardagsrum-och-sovrum-gron\/#primaryimage"},"image":{"@id":"https:\/\/truusk.store\/sv\/produkt\/truusk-accentstol-360-graders-rotation-modern-snurrstol-med-rund-fot-for-vardagsrum-och-sovrum-gron\/#primaryimage"},"thumbnailUrl":"https:\/\/i0.wp.com\/truusk.store\/wp-content\/uploads\/2026\/03\/accentstol-360-graders-rotation-modern-snurrstol-med-rund-fot-for-vardagsrum-och-sovrum-gron-1.webp?fit=2000%2C2000&ssl=1","datePublished":"2026-03-03T12:20:54+00:00","dateModified":"2026-03-12T07:49:00+00:00","breadcrumb":{"@id":"https:\/\/truusk.store\/sv\/produkt\/truusk-accentstol-360-graders-rotation-modern-snurrstol-med-rund-fot-for-vardagsrum-och-sovrum-gron\/#breadcrumb"},"inLanguage":"sv-SE","potentialAction":[{"@type":"ReadAction","target":["https:\/\/truusk.store\/sv\/produkt\/truusk-accentstol-360-graders-rotation-modern-snurrstol-med-rund-fot-for-vardagsrum-och-sovrum-gron\/"]}]},{"@type":"ImageObject","inLanguage":"sv-SE","@id":"https:\/\/truusk.store\/sv\/produkt\/truusk-accentstol-360-graders-rotation-modern-snurrstol-med-rund-fot-for-vardagsrum-och-sovrum-gron\/#primaryimage","url":"https:\/\/i0.wp.com\/truusk.store\/wp-content\/uploads\/2026\/03\/accentstol-360-graders-rotation-modern-snurrstol-med-rund-fot-for-vardagsrum-och-sovrum-gron-1.webp?fit=2000%2C2000&ssl=1","contentUrl":"https:\/\/i0.wp.com\/truusk.store\/wp-content\/uploads\/2026\/03\/accentstol-360-graders-rotation-modern-snurrstol-med-rund-fot-for-vardagsrum-och-sovrum-gron-1.webp?fit=2000%2C2000&ssl=1","width":2000,"height":2000},{"@type":"BreadcrumbList","@id":"https:\/\/truusk.store\/sv\/produkt\/truusk-accentstol-360-graders-rotation-modern-snurrstol-med-rund-fot-for-vardagsrum-och-sovrum-gron\/#breadcrumb","itemListElement":[{"@type":"ListItem","position":1,"name":"Home","item":"https:\/\/truusk.store\/sv\/"},{"@type":"ListItem","position":2,"name":"Shop","item":"https:\/\/truusk.store\/shop\/"},{"@type":"ListItem","position":3,"name":"TRUUSK Accentstol &#8211; 360-graders Rotation &#8211; Modern Snurrstol Med Rund Fot &#8211; F\u00f6r Vardagsrum Och Sovrum &#8211; Gr\u00f6n"}]},{"@type":"WebSite","@id":"https:\/\/truusk.store\/sv\/#website","url":"https:\/\/truusk.store\/sv\/","name":"TRUUSK - Hem, Tr\u00e4dg\u00e5rd & Fritid","description":"","publisher":{"@id":"https:\/\/truusk.store\/sv\/#organization"},"potentialAction":[{"@type":"SearchAction","target":{"@type":"EntryPoint","urlTemplate":"https:\/\/truusk.store\/sv\/?s={search_term_string}"},"query-input":{"@type":"PropertyValueSpecification","valueRequired":true,"valueName":"search_term_string"}}],"inLanguage":"sv-SE"},{"@type":"Organization","@id":"https:\/\/truusk.store\/sv\/#organization","name":"TRUUSK - Hem, Tr\u00e4dg\u00e5rd & Fritid","url":"https:\/\/truusk.store\/sv\/","logo":{"@type":"ImageObject","inLanguage":"sv-SE","@id":"https:\/\/truusk.store\/sv\/#\/schema\/logo\/image\/","url":"https:\/\/i0.wp.com\/truusk.store\/wp-content\/uploads\/2026\/03\/cropped-TRUUSK.png?fit=2032%2C917&ssl=1","contentUrl":"https:\/\/i0.wp.com\/truusk.store\/wp-content\/uploads\/2026\/03\/cropped-TRUUSK.png?fit=2032%2C917&ssl=1","width":2032,"height":917,"caption":"TRUUSK - Hem, Tr\u00e4dg\u00e5rd & Fritid"},"image":{"@id":"https:\/\/truusk.store\/sv\/#\/schema\/logo\/image\/"}}]}},"jetpack_sharing_enabled":true,"_links":{"self":[{"href":"https:\/\/truusk.store\/sv\/wp-json\/wp\/v2\/product\/107034","targetHints":{"allow":["GET"]}}],"collection":[{"href":"https:\/\/truusk.store\/sv\/wp-json\/wp\/v2\/product"}],"about":[{"href":"https:\/\/truusk.store\/sv\/wp-json\/wp\/v2\/types\/product"}],"wp:featuredmedia":[{"embeddable":true,"href":"https:\/\/truusk.store\/sv\/wp-json\/wp\/v2\/media\/107024"}],"wp:attachment":[{"href":"https:\/\/truusk.store\/sv\/wp-json\/wp\/v2\/media?parent=107034"}],"wp:term":[{"taxonomy":"product_brand","embeddable":true,"href":"https:\/\/truusk.store\/sv\/wp-json\/wp\/v2\/product_brand?post=107034"},{"taxonomy":"product_cat","embeddable":true,"href":"https:\/\/truusk.store\/sv\/wp-json\/wp\/v2\/product_cat?post=107034"},{"taxonomy":"product_tag","embeddable":true,"href":"https:\/\/truusk.store\/sv\/wp-json\/wp\/v2\/product_tag?post=107034"}],"curies":[{"name":"wp","href":"https:\/\/api.w.org\/{rel}","templated":true}]}}