{"id":107043,"date":"2026-03-03T13:22:04","date_gmt":"2026-03-03T12:22:04","guid":{"rendered":"https:\/\/truusk.store\/product\/vaderbestandigt-upphojt-hundhus-i-tra-med-asfalttak-terrass-for-medelstora-hundar-103x107x835cm-gra\/"},"modified":"2026-03-12T08:49:01","modified_gmt":"2026-03-12T07:49:01","slug":"truusk-hundhus-i-tra-med-terrass-vaderbestandigt-asfalttak-for-medelstora-hundar-gra-103x107x835cm","status":"publish","type":"product","link":"https:\/\/truusk.store\/sv\/produkt\/truusk-hundhus-i-tra-med-terrass-vaderbestandigt-asfalttak-for-medelstora-hundar-gra-103x107x835cm\/","title":{"rendered":"TRUUSK Hundhus i Tr\u00e4 med Terrass &#8211; V\u00e4derbest\u00e4ndigt &#8211; Asfalttak &#8211; F\u00f6r Medelstora Hundar &#8211; Gr\u00e5 &#8211; 103x107x83,5cm"},"content":{"rendered":"<p>\u00c4r du orolig f\u00f6r pl\u00f6tsliga regnskurar eller stark solstr\u00e5lning n\u00e4r din hund leker i tr\u00e4dg\u00e5rden? Det \u00e4r stressigt n\u00e4r dess tillflyktsort \u00e4r sv\u00e5r att reng\u00f6ra. [BRAND NAME] hundkoja f\u00f6r utomhusbruk erbjuder l\u00f6sningen. Dess asfalttak skyddar mot alla v\u00e4der, medan en rymlig veranda erbjuder en skuggig plats. Det uppf\u00e4llbara taket och den utdragbara botten p\u00e5 hundkojan underl\u00e4ttar reng\u00f6ring och ger din fyrbenta v\u00e4n en bekv\u00e4m, torr tillflyktsort.<\/p>\n<p>Beskrivning:<\/p>\n<ul>\n<li> Tillverkad av grantr\u00e4 och ett vattent\u00e4tt tak f\u00f6r v\u00e4derskydd<\/li>\n<li> Ett uppf\u00e4llbart tak och en avtagbar botten underl\u00e4ttar reng\u00f6ring och ventilation<\/li>\n<li> Har en stor t\u00e4ckt veranda f\u00f6r avkoppling i solen eller i skuggan<\/li>\n<li> Erbjuder inomhus- och utomhusomr\u00e5den som uppfyller din hunds dubbelrumbehov<\/li>\n<li> Det rymliga huvudrummet erbjuder en privat, varm och mysig tillflyktsort<\/li>\n<li> Tillverkad av tjockt tr\u00e4 med en robust ram f\u00f6r l\u00e5ngvarig anv\u00e4ndning<\/li>\n<li> L\u00e4mplig f\u00f6r medelstora hundar upp till maximalt 20 kg, som t.ex. en tax<\/li>\n<li> Montering kr\u00e4vs<\/li>\n<\/ul>\n<p> Tekniska specifikationer:<\/p>\n<ul>\n<li> F\u00e4rg: Gr\u00e5+Vit+Svart<\/li>\n<li> Material: Grantr\u00e4, Asfalt<\/li>\n<li> Totala dimensioner: 103B x 107D x 83,5H cm<\/li>\n<li> Huvudhusstorlek: 98B x 59D x 74H cm<\/li>\n<li> Intern huvudhusstorlek: 94B x 55D x 71H cm<\/li>\n<li> F\u00f6nsterramstorlek: 22B x 28H cm<\/li>\n<li> D\u00f6rrstorlek: 43B x 50H cm<\/li>\n<li> Plattformsstorlek: 94L x 40B cm<\/li>\n<li> Fotens h\u00f6jd: 6H cm<\/li>\n<li> Maximal belastning: 20 kg<\/li>\n<\/ul>\n<p>Leveransinneh\u00e5ll:<\/p>\n<ul>\n<li> 1 x Utomhushundkoja<\/li>\n<li> 1 x Instruktioner<\/li>\n<\/ul>\n","protected":false},"excerpt":{"rendered":"<p>\u00c4r du orolig f\u00f6r pl\u00f6tsliga regnskurar eller stark solstr\u00e5lning n\u00e4r din hund leker i tr\u00e4dg\u00e5rden? Det \u00e4r stressigt n\u00e4r dess&#8230;<\/p>\n","protected":false},"featured_media":107032,"template":"","meta":[],"product_brand":[],"product_cat":[878,584,574],"product_tag":[],"class_list":{"0":"post-107043","1":"product","2":"type-product","3":"status-publish","4":"has-post-thumbnail","6":"product_cat-djurbehov","7":"product_cat-hundkojor","8":"product_cat-hundtillbehor","10":"first","11":"instock","12":"sale","13":"taxable","14":"shipping-taxable","15":"purchasable","16":"product-type-simple"},"yoast_head":"<!-- This site is optimized with the Yoast SEO plugin v25.4 - https:\/\/yoast.com\/wordpress\/plugins\/seo\/ -->\n<title>TRUUSK Hundhus i Tr\u00e4 med Terrass - V\u00e4derbest\u00e4ndigt - Asfalttak - F\u00f6r Medelstora Hundar - Gr\u00e5 - 103x107x83,5cm - TRUUSK - Hem, Tr\u00e4dg\u00e5rd &amp; Fritid<\/title>\n<meta name=\"robots\" content=\"index, follow, max-snippet:-1, max-image-preview:large, max-video-preview:-1\" \/>\n<link rel=\"canonical\" href=\"https:\/\/truusk.store\/sv\/produkt\/truusk-hundhus-i-tra-med-terrass-vaderbestandigt-asfalttak-for-medelstora-hundar-gra-103x107x835cm\/\" \/>\n<meta property=\"og:locale\" content=\"sv_SE\" \/>\n<meta property=\"og:type\" content=\"article\" \/>\n<meta property=\"og:title\" content=\"TRUUSK Hundhus i Tr\u00e4 med Terrass - V\u00e4derbest\u00e4ndigt - Asfalttak - F\u00f6r Medelstora Hundar - Gr\u00e5 - 103x107x83,5cm - TRUUSK - Hem, Tr\u00e4dg\u00e5rd &amp; Fritid\" \/>\n<meta property=\"og:description\" content=\"\u00c4r du orolig f\u00f6r pl\u00f6tsliga regnskurar eller stark solstr\u00e5lning n\u00e4r din hund leker i tr\u00e4dg\u00e5rden? Det \u00e4r stressigt n\u00e4r dess...\" \/>\n<meta property=\"og:url\" content=\"https:\/\/truusk.store\/sv\/produkt\/truusk-hundhus-i-tra-med-terrass-vaderbestandigt-asfalttak-for-medelstora-hundar-gra-103x107x835cm\/\" \/>\n<meta property=\"og:site_name\" content=\"TRUUSK - Hem, Tr\u00e4dg\u00e5rd &amp; Fritid\" \/>\n<meta property=\"article:modified_time\" content=\"2026-03-12T07:49:01+00:00\" \/>\n<meta property=\"og:image\" content=\"https:\/\/i0.wp.com\/truusk.se\/wp-content\/uploads\/2026\/03\/vaderbestandigt-upphojt-hundhus-i-tra-med-asfalttak-terrass-for-medelstora-hundar-103x107x835cm-gra-1.webp?fit=2000%2C2000&ssl=1\" \/>\n\t<meta property=\"og:image:width\" content=\"2000\" \/>\n\t<meta property=\"og:image:height\" content=\"2000\" \/>\n\t<meta property=\"og:image:type\" content=\"image\/webp\" \/>\n<meta name=\"twitter:card\" content=\"summary_large_image\" \/>\n<meta name=\"twitter:label1\" content=\"Ber\u00e4knad l\u00e4stid\" \/>\n\t<meta name=\"twitter:data1\" content=\"1 minut\" \/>\n<!-- \/ Yoast SEO plugin. -->","yoast_head_json":{"title":"TRUUSK Hundhus i Tr\u00e4 med Terrass - V\u00e4derbest\u00e4ndigt - Asfalttak - F\u00f6r Medelstora Hundar - Gr\u00e5 - 103x107x83,5cm - TRUUSK - Hem, Tr\u00e4dg\u00e5rd &amp; Fritid","robots":{"index":"index","follow":"follow","max-snippet":"max-snippet:-1","max-image-preview":"max-image-preview:large","max-video-preview":"max-video-preview:-1"},"canonical":"https:\/\/truusk.store\/sv\/produkt\/truusk-hundhus-i-tra-med-terrass-vaderbestandigt-asfalttak-for-medelstora-hundar-gra-103x107x835cm\/","og_locale":"sv_SE","og_type":"article","og_title":"TRUUSK Hundhus i Tr\u00e4 med Terrass - V\u00e4derbest\u00e4ndigt - Asfalttak - F\u00f6r Medelstora Hundar - Gr\u00e5 - 103x107x83,5cm - TRUUSK - Hem, Tr\u00e4dg\u00e5rd &amp; Fritid","og_description":"\u00c4r du orolig f\u00f6r pl\u00f6tsliga regnskurar eller stark solstr\u00e5lning n\u00e4r din hund leker i tr\u00e4dg\u00e5rden? Det \u00e4r stressigt n\u00e4r dess...","og_url":"https:\/\/truusk.store\/sv\/produkt\/truusk-hundhus-i-tra-med-terrass-vaderbestandigt-asfalttak-for-medelstora-hundar-gra-103x107x835cm\/","og_site_name":"TRUUSK - Hem, Tr\u00e4dg\u00e5rd &amp; Fritid","article_modified_time":"2026-03-12T07:49:01+00:00","og_image":[{"width":2000,"height":2000,"url":"https:\/\/i0.wp.com\/truusk.se\/wp-content\/uploads\/2026\/03\/vaderbestandigt-upphojt-hundhus-i-tra-med-asfalttak-terrass-for-medelstora-hundar-103x107x835cm-gra-1.webp?fit=2000%2C2000&ssl=1","type":"image\/webp"}],"twitter_card":"summary_large_image","twitter_misc":{"Ber\u00e4knad l\u00e4stid":"1 minut"},"schema":{"@context":"https:\/\/schema.org","@graph":[{"@type":"WebPage","@id":"https:\/\/truusk.store\/sv\/produkt\/truusk-hundhus-i-tra-med-terrass-vaderbestandigt-asfalttak-for-medelstora-hundar-gra-103x107x835cm\/","url":"https:\/\/truusk.store\/sv\/produkt\/truusk-hundhus-i-tra-med-terrass-vaderbestandigt-asfalttak-for-medelstora-hundar-gra-103x107x835cm\/","name":"TRUUSK Hundhus i Tr\u00e4 med Terrass - V\u00e4derbest\u00e4ndigt - Asfalttak - F\u00f6r Medelstora Hundar - Gr\u00e5 - 103x107x83,5cm - TRUUSK - Hem, Tr\u00e4dg\u00e5rd &amp; Fritid","isPartOf":{"@id":"https:\/\/truusk.store\/sv\/#website"},"primaryImageOfPage":{"@id":"https:\/\/truusk.store\/sv\/produkt\/truusk-hundhus-i-tra-med-terrass-vaderbestandigt-asfalttak-for-medelstora-hundar-gra-103x107x835cm\/#primaryimage"},"image":{"@id":"https:\/\/truusk.store\/sv\/produkt\/truusk-hundhus-i-tra-med-terrass-vaderbestandigt-asfalttak-for-medelstora-hundar-gra-103x107x835cm\/#primaryimage"},"thumbnailUrl":"https:\/\/i0.wp.com\/truusk.store\/wp-content\/uploads\/2026\/03\/vaderbestandigt-upphojt-hundhus-i-tra-med-asfalttak-terrass-for-medelstora-hundar-103x107x835cm-gra-1.webp?fit=2000%2C2000&ssl=1","datePublished":"2026-03-03T12:22:04+00:00","dateModified":"2026-03-12T07:49:01+00:00","breadcrumb":{"@id":"https:\/\/truusk.store\/sv\/produkt\/truusk-hundhus-i-tra-med-terrass-vaderbestandigt-asfalttak-for-medelstora-hundar-gra-103x107x835cm\/#breadcrumb"},"inLanguage":"sv-SE","potentialAction":[{"@type":"ReadAction","target":["https:\/\/truusk.store\/sv\/produkt\/truusk-hundhus-i-tra-med-terrass-vaderbestandigt-asfalttak-for-medelstora-hundar-gra-103x107x835cm\/"]}]},{"@type":"ImageObject","inLanguage":"sv-SE","@id":"https:\/\/truusk.store\/sv\/produkt\/truusk-hundhus-i-tra-med-terrass-vaderbestandigt-asfalttak-for-medelstora-hundar-gra-103x107x835cm\/#primaryimage","url":"https:\/\/i0.wp.com\/truusk.store\/wp-content\/uploads\/2026\/03\/vaderbestandigt-upphojt-hundhus-i-tra-med-asfalttak-terrass-for-medelstora-hundar-103x107x835cm-gra-1.webp?fit=2000%2C2000&ssl=1","contentUrl":"https:\/\/i0.wp.com\/truusk.store\/wp-content\/uploads\/2026\/03\/vaderbestandigt-upphojt-hundhus-i-tra-med-asfalttak-terrass-for-medelstora-hundar-103x107x835cm-gra-1.webp?fit=2000%2C2000&ssl=1","width":2000,"height":2000},{"@type":"BreadcrumbList","@id":"https:\/\/truusk.store\/sv\/produkt\/truusk-hundhus-i-tra-med-terrass-vaderbestandigt-asfalttak-for-medelstora-hundar-gra-103x107x835cm\/#breadcrumb","itemListElement":[{"@type":"ListItem","position":1,"name":"Home","item":"https:\/\/truusk.store\/sv\/"},{"@type":"ListItem","position":2,"name":"Shop","item":"https:\/\/truusk.store\/shop\/"},{"@type":"ListItem","position":3,"name":"TRUUSK Hundhus i Tr\u00e4 med Terrass &#8211; V\u00e4derbest\u00e4ndigt &#8211; Asfalttak &#8211; F\u00f6r Medelstora Hundar &#8211; Gr\u00e5 &#8211; 103x107x83,5cm"}]},{"@type":"WebSite","@id":"https:\/\/truusk.store\/sv\/#website","url":"https:\/\/truusk.store\/sv\/","name":"TRUUSK - Hem, Tr\u00e4dg\u00e5rd & Fritid","description":"","publisher":{"@id":"https:\/\/truusk.store\/sv\/#organization"},"potentialAction":[{"@type":"SearchAction","target":{"@type":"EntryPoint","urlTemplate":"https:\/\/truusk.store\/sv\/?s={search_term_string}"},"query-input":{"@type":"PropertyValueSpecification","valueRequired":true,"valueName":"search_term_string"}}],"inLanguage":"sv-SE"},{"@type":"Organization","@id":"https:\/\/truusk.store\/sv\/#organization","name":"TRUUSK - Hem, Tr\u00e4dg\u00e5rd & Fritid","url":"https:\/\/truusk.store\/sv\/","logo":{"@type":"ImageObject","inLanguage":"sv-SE","@id":"https:\/\/truusk.store\/sv\/#\/schema\/logo\/image\/","url":"https:\/\/i0.wp.com\/truusk.store\/wp-content\/uploads\/2026\/03\/cropped-TRUUSK.png?fit=2032%2C917&ssl=1","contentUrl":"https:\/\/i0.wp.com\/truusk.store\/wp-content\/uploads\/2026\/03\/cropped-TRUUSK.png?fit=2032%2C917&ssl=1","width":2032,"height":917,"caption":"TRUUSK - Hem, Tr\u00e4dg\u00e5rd & Fritid"},"image":{"@id":"https:\/\/truusk.store\/sv\/#\/schema\/logo\/image\/"}}]}},"jetpack_sharing_enabled":true,"_links":{"self":[{"href":"https:\/\/truusk.store\/sv\/wp-json\/wp\/v2\/product\/107043","targetHints":{"allow":["GET"]}}],"collection":[{"href":"https:\/\/truusk.store\/sv\/wp-json\/wp\/v2\/product"}],"about":[{"href":"https:\/\/truusk.store\/sv\/wp-json\/wp\/v2\/types\/product"}],"wp:featuredmedia":[{"embeddable":true,"href":"https:\/\/truusk.store\/sv\/wp-json\/wp\/v2\/media\/107032"}],"wp:attachment":[{"href":"https:\/\/truusk.store\/sv\/wp-json\/wp\/v2\/media?parent=107043"}],"wp:term":[{"taxonomy":"product_brand","embeddable":true,"href":"https:\/\/truusk.store\/sv\/wp-json\/wp\/v2\/product_brand?post=107043"},{"taxonomy":"product_cat","embeddable":true,"href":"https:\/\/truusk.store\/sv\/wp-json\/wp\/v2\/product_cat?post=107043"},{"taxonomy":"product_tag","embeddable":true,"href":"https:\/\/truusk.store\/sv\/wp-json\/wp\/v2\/product_tag?post=107043"}],"curies":[{"name":"wp","href":"https:\/\/api.w.org\/{rel}","templated":true}]}}