{"id":107059,"date":"2026-03-03T13:24:04","date_gmt":"2026-03-03T12:24:04","guid":{"rendered":"https:\/\/truusk.store\/product\/kommersiell-ismaskin-45-kg-24h-med-11-kg-lagring-lcd-display-for-restaurang\/"},"modified":"2026-03-12T08:50:51","modified_gmt":"2026-03-12T07:50:51","slug":"truusk-kommerciell-ismaskin-45-kg-24h-11-kg-lagring-lcd-display-for-restaurang","status":"publish","type":"product","link":"https:\/\/truusk.store\/sv\/produkt\/truusk-kommerciell-ismaskin-45-kg-24h-11-kg-lagring-lcd-display-for-restaurang\/","title":{"rendered":"TRUUSK Kommerciell Ismaskin 45 Kg\/24H &#8211; 11 Kg Lagring &#8211; LCD-display &#8211; F\u00f6r Restaurang"},"content":{"rendered":"<p>Tr\u00f6tt p\u00e5 att fylla p\u00e5 is mitt i festen? Med [BRAND NAME] kommersiella ismaskin h\u00e5lls drycker kalla och g\u00e4sterna n\u00f6jda &#8211; den producerar upp till 45 kg is per dag. Den intelligenta LCD-sk\u00e4rmen p\u00e5 ismaskinen visar nedr\u00e4kningen, enkel anv\u00e4ndning g\u00f6r det m\u00f6jligt att justera kubstorleken. Transparent f\u00f6nster, tyst drift, automatisk reng\u00f6ring och elegant design &#8211; perfekt f\u00f6r hemmet, barer, kontor, restauranger och mer.<\/p>\n<p>Beskrivning:<\/p>\n<ul>\n<li> Producerar dagligen 45 kg is med ett lager p\u00e5 11 kg f\u00f6r en o\u00e4ndlig f\u00f6rr\u00e5d<\/li>\n<li> En intelligent LCD-display p\u00e5 den kommersiella ismaskinen visar all information f\u00f6r en problemfri \u00f6vervakning av processen<\/li>\n<li> Justera istjockleken och anv\u00e4nd 24-timmars timern f\u00f6r is efter behov<\/li>\n<li> En sj\u00e4lvreng\u00f6ringsfunktion p\u00e5 ismaskinen f\u00f6renklar underh\u00e5llet och h\u00e5ller din is ren och fr\u00e4sch<\/li>\n<li> Byggd av rostfritt st\u00e5l, ger p\u00e5litlig prestanda f\u00f6r alla milj\u00f6er<\/li>\n<li> Tyst drift under 55 dB s\u00e4kerst\u00e4ller en lugn, ost\u00f6rd milj\u00f6<\/li>\n<li> Den medf\u00f6ljande isskeden underl\u00e4ttar hanteringen av iskuberna.<\/li>\n<\/ul>\n<p> Tekniska data:<\/p>\n<ul>\n<li> F\u00e4rg: Silver+Svart<\/li>\n<li> Material: Rostfritt st\u00e5l, ABS-plast<\/li>\n<li> Totala dimensioner: 39B x 37D x 80H cm<\/li>\n<li> Iskubstorlek: 21L x 21B x 21D mm<\/li>\n<li> Isf\u00f6rr\u00e5dskapacitet: 22 L<\/li>\n<li> Maximal islagring: 11 kg<\/li>\n<li> Maximal isproduktion: 45 kg\/24h, 45 st.\/12-20 Min.<\/li>\n<li> Kabell\u00e4ngd: 1,8 m<\/li>\n<li> Vattentankkapacitet: 1,6 L<\/li>\n<li> Vattenf\u00f6rbrukning: 50 L\/24h<\/li>\n<li> Driftljud: 55 dB<\/li>\n<li> Sp\u00e4nning\/Frekvens: AC 220-240V 50Hz<\/li>\n<li> Effekt: 300W (isproduktion), 310W (issm\u00e4ltning)<\/li>\n<li> Driftstemperatur: 10-38 \u2103<\/li>\n<li> Vattentemperaturinmatning: 5-35 \u2103<\/li>\n<\/ul>\n<p>Leveransinneh\u00e5ll:<\/p>\n<ul>\n<li> 1 x Kommersiell ismaskin<\/li>\n<li> 1 x Vattentillf\u00f6rselslang<\/li>\n<li> 1 x Vattenavloppsslang<\/li>\n<li> 1 x Isskopa<\/li>\n<li> 1 x Kl\u00e4mma<\/li>\n<li> 1 x Bruksanvisning<\/li>\n<\/ul>\n","protected":false},"excerpt":{"rendered":"<p>Tr\u00f6tt p\u00e5 att fylla p\u00e5 is mitt i festen? Med [BRAND NAME] kommersiella ismaskin h\u00e5lls drycker kalla och g\u00e4sterna n\u00f6jda&#8230;<\/p>\n","protected":false},"featured_media":107044,"template":"","meta":[],"product_brand":[],"product_cat":[1039,871,498,933],"product_tag":[],"class_list":{"0":"post-107059","1":"product","2":"type-product","3":"status-publish","4":"has-post-thumbnail","6":"product_cat-eiswurfelmaschinen","7":"product_cat-hus-hem","8":"product_cat-hushallsapparater","9":"product_cat-koksapparater","11":"first","12":"instock","13":"sale","14":"taxable","15":"shipping-taxable","16":"purchasable","17":"product-type-simple"},"yoast_head":"<!-- This site is optimized with the Yoast SEO plugin v25.4 - https:\/\/yoast.com\/wordpress\/plugins\/seo\/ -->\n<title>TRUUSK Kommerciell Ismaskin 45 Kg\/24H - 11 Kg Lagring - LCD-display - F\u00f6r Restaurang - TRUUSK - Hem, Tr\u00e4dg\u00e5rd &amp; Fritid<\/title>\n<meta name=\"robots\" content=\"index, follow, max-snippet:-1, max-image-preview:large, max-video-preview:-1\" \/>\n<link rel=\"canonical\" href=\"https:\/\/truusk.store\/sv\/produkt\/truusk-kommerciell-ismaskin-45-kg-24h-11-kg-lagring-lcd-display-for-restaurang\/\" \/>\n<meta property=\"og:locale\" content=\"sv_SE\" \/>\n<meta property=\"og:type\" content=\"article\" \/>\n<meta property=\"og:title\" content=\"TRUUSK Kommerciell Ismaskin 45 Kg\/24H - 11 Kg Lagring - LCD-display - F\u00f6r Restaurang - TRUUSK - Hem, Tr\u00e4dg\u00e5rd &amp; Fritid\" \/>\n<meta property=\"og:description\" content=\"Tr\u00f6tt p\u00e5 att fylla p\u00e5 is mitt i festen? Med [BRAND NAME] kommersiella ismaskin h\u00e5lls drycker kalla och g\u00e4sterna n\u00f6jda...\" \/>\n<meta property=\"og:url\" content=\"https:\/\/truusk.store\/sv\/produkt\/truusk-kommerciell-ismaskin-45-kg-24h-11-kg-lagring-lcd-display-for-restaurang\/\" \/>\n<meta property=\"og:site_name\" content=\"TRUUSK - Hem, Tr\u00e4dg\u00e5rd &amp; Fritid\" \/>\n<meta property=\"article:modified_time\" content=\"2026-03-12T07:50:51+00:00\" \/>\n<meta property=\"og:image\" content=\"https:\/\/i0.wp.com\/truusk.se\/wp-content\/uploads\/2026\/03\/kommersiell-ismaskin-45-kg-24h-med-11-kg-lagring-lcd-display-for-restaurang-1.webp?fit=2000%2C2000&ssl=1\" \/>\n\t<meta property=\"og:image:width\" content=\"2000\" \/>\n\t<meta property=\"og:image:height\" content=\"2000\" \/>\n\t<meta property=\"og:image:type\" content=\"image\/webp\" \/>\n<meta name=\"twitter:card\" content=\"summary_large_image\" \/>\n<meta name=\"twitter:label1\" content=\"Ber\u00e4knad l\u00e4stid\" \/>\n\t<meta name=\"twitter:data1\" content=\"1 minut\" \/>\n<!-- \/ Yoast SEO plugin. -->","yoast_head_json":{"title":"TRUUSK Kommerciell Ismaskin 45 Kg\/24H - 11 Kg Lagring - LCD-display - F\u00f6r Restaurang - TRUUSK - Hem, Tr\u00e4dg\u00e5rd &amp; Fritid","robots":{"index":"index","follow":"follow","max-snippet":"max-snippet:-1","max-image-preview":"max-image-preview:large","max-video-preview":"max-video-preview:-1"},"canonical":"https:\/\/truusk.store\/sv\/produkt\/truusk-kommerciell-ismaskin-45-kg-24h-11-kg-lagring-lcd-display-for-restaurang\/","og_locale":"sv_SE","og_type":"article","og_title":"TRUUSK Kommerciell Ismaskin 45 Kg\/24H - 11 Kg Lagring - LCD-display - F\u00f6r Restaurang - TRUUSK - Hem, Tr\u00e4dg\u00e5rd &amp; Fritid","og_description":"Tr\u00f6tt p\u00e5 att fylla p\u00e5 is mitt i festen? Med [BRAND NAME] kommersiella ismaskin h\u00e5lls drycker kalla och g\u00e4sterna n\u00f6jda...","og_url":"https:\/\/truusk.store\/sv\/produkt\/truusk-kommerciell-ismaskin-45-kg-24h-11-kg-lagring-lcd-display-for-restaurang\/","og_site_name":"TRUUSK - Hem, Tr\u00e4dg\u00e5rd &amp; Fritid","article_modified_time":"2026-03-12T07:50:51+00:00","og_image":[{"width":2000,"height":2000,"url":"https:\/\/i0.wp.com\/truusk.se\/wp-content\/uploads\/2026\/03\/kommersiell-ismaskin-45-kg-24h-med-11-kg-lagring-lcd-display-for-restaurang-1.webp?fit=2000%2C2000&ssl=1","type":"image\/webp"}],"twitter_card":"summary_large_image","twitter_misc":{"Ber\u00e4knad l\u00e4stid":"1 minut"},"schema":{"@context":"https:\/\/schema.org","@graph":[{"@type":"WebPage","@id":"https:\/\/truusk.store\/sv\/produkt\/truusk-kommerciell-ismaskin-45-kg-24h-11-kg-lagring-lcd-display-for-restaurang\/","url":"https:\/\/truusk.store\/sv\/produkt\/truusk-kommerciell-ismaskin-45-kg-24h-11-kg-lagring-lcd-display-for-restaurang\/","name":"TRUUSK Kommerciell Ismaskin 45 Kg\/24H - 11 Kg Lagring - LCD-display - F\u00f6r Restaurang - TRUUSK - Hem, Tr\u00e4dg\u00e5rd &amp; Fritid","isPartOf":{"@id":"https:\/\/truusk.store\/sv\/#website"},"primaryImageOfPage":{"@id":"https:\/\/truusk.store\/sv\/produkt\/truusk-kommerciell-ismaskin-45-kg-24h-11-kg-lagring-lcd-display-for-restaurang\/#primaryimage"},"image":{"@id":"https:\/\/truusk.store\/sv\/produkt\/truusk-kommerciell-ismaskin-45-kg-24h-11-kg-lagring-lcd-display-for-restaurang\/#primaryimage"},"thumbnailUrl":"https:\/\/i0.wp.com\/truusk.store\/wp-content\/uploads\/2026\/03\/kommersiell-ismaskin-45-kg-24h-med-11-kg-lagring-lcd-display-for-restaurang-1.webp?fit=2000%2C2000&ssl=1","datePublished":"2026-03-03T12:24:04+00:00","dateModified":"2026-03-12T07:50:51+00:00","breadcrumb":{"@id":"https:\/\/truusk.store\/sv\/produkt\/truusk-kommerciell-ismaskin-45-kg-24h-11-kg-lagring-lcd-display-for-restaurang\/#breadcrumb"},"inLanguage":"sv-SE","potentialAction":[{"@type":"ReadAction","target":["https:\/\/truusk.store\/sv\/produkt\/truusk-kommerciell-ismaskin-45-kg-24h-11-kg-lagring-lcd-display-for-restaurang\/"]}]},{"@type":"ImageObject","inLanguage":"sv-SE","@id":"https:\/\/truusk.store\/sv\/produkt\/truusk-kommerciell-ismaskin-45-kg-24h-11-kg-lagring-lcd-display-for-restaurang\/#primaryimage","url":"https:\/\/i0.wp.com\/truusk.store\/wp-content\/uploads\/2026\/03\/kommersiell-ismaskin-45-kg-24h-med-11-kg-lagring-lcd-display-for-restaurang-1.webp?fit=2000%2C2000&ssl=1","contentUrl":"https:\/\/i0.wp.com\/truusk.store\/wp-content\/uploads\/2026\/03\/kommersiell-ismaskin-45-kg-24h-med-11-kg-lagring-lcd-display-for-restaurang-1.webp?fit=2000%2C2000&ssl=1","width":2000,"height":2000},{"@type":"BreadcrumbList","@id":"https:\/\/truusk.store\/sv\/produkt\/truusk-kommerciell-ismaskin-45-kg-24h-11-kg-lagring-lcd-display-for-restaurang\/#breadcrumb","itemListElement":[{"@type":"ListItem","position":1,"name":"Home","item":"https:\/\/truusk.store\/sv\/"},{"@type":"ListItem","position":2,"name":"Shop","item":"https:\/\/truusk.store\/shop\/"},{"@type":"ListItem","position":3,"name":"TRUUSK Kommerciell Ismaskin 45 Kg\/24H &#8211; 11 Kg Lagring &#8211; LCD-display &#8211; F\u00f6r Restaurang"}]},{"@type":"WebSite","@id":"https:\/\/truusk.store\/sv\/#website","url":"https:\/\/truusk.store\/sv\/","name":"TRUUSK - Hem, Tr\u00e4dg\u00e5rd & Fritid","description":"","publisher":{"@id":"https:\/\/truusk.store\/sv\/#organization"},"potentialAction":[{"@type":"SearchAction","target":{"@type":"EntryPoint","urlTemplate":"https:\/\/truusk.store\/sv\/?s={search_term_string}"},"query-input":{"@type":"PropertyValueSpecification","valueRequired":true,"valueName":"search_term_string"}}],"inLanguage":"sv-SE"},{"@type":"Organization","@id":"https:\/\/truusk.store\/sv\/#organization","name":"TRUUSK - Hem, Tr\u00e4dg\u00e5rd & Fritid","url":"https:\/\/truusk.store\/sv\/","logo":{"@type":"ImageObject","inLanguage":"sv-SE","@id":"https:\/\/truusk.store\/sv\/#\/schema\/logo\/image\/","url":"https:\/\/i0.wp.com\/truusk.store\/wp-content\/uploads\/2026\/03\/cropped-TRUUSK.png?fit=2032%2C917&ssl=1","contentUrl":"https:\/\/i0.wp.com\/truusk.store\/wp-content\/uploads\/2026\/03\/cropped-TRUUSK.png?fit=2032%2C917&ssl=1","width":2032,"height":917,"caption":"TRUUSK - Hem, Tr\u00e4dg\u00e5rd & Fritid"},"image":{"@id":"https:\/\/truusk.store\/sv\/#\/schema\/logo\/image\/"}}]}},"jetpack_sharing_enabled":true,"_links":{"self":[{"href":"https:\/\/truusk.store\/sv\/wp-json\/wp\/v2\/product\/107059","targetHints":{"allow":["GET"]}}],"collection":[{"href":"https:\/\/truusk.store\/sv\/wp-json\/wp\/v2\/product"}],"about":[{"href":"https:\/\/truusk.store\/sv\/wp-json\/wp\/v2\/types\/product"}],"wp:featuredmedia":[{"embeddable":true,"href":"https:\/\/truusk.store\/sv\/wp-json\/wp\/v2\/media\/107044"}],"wp:attachment":[{"href":"https:\/\/truusk.store\/sv\/wp-json\/wp\/v2\/media?parent=107059"}],"wp:term":[{"taxonomy":"product_brand","embeddable":true,"href":"https:\/\/truusk.store\/sv\/wp-json\/wp\/v2\/product_brand?post=107059"},{"taxonomy":"product_cat","embeddable":true,"href":"https:\/\/truusk.store\/sv\/wp-json\/wp\/v2\/product_cat?post=107059"},{"taxonomy":"product_tag","embeddable":true,"href":"https:\/\/truusk.store\/sv\/wp-json\/wp\/v2\/product_tag?post=107059"}],"curies":[{"name":"wp","href":"https:\/\/api.w.org\/{rel}","templated":true}]}}