{"id":107073,"date":"2026-03-03T13:27:46","date_gmt":"2026-03-03T12:27:46","guid":{"rendered":"https:\/\/truusk.store\/product\/tradgardsstol-2-pack-vaderbestandiga-tradgardsstolar-med-armstod-sittdyna-metallram-belastbar-upp-till-120-kg-ljusgra\/"},"modified":"2026-03-12T08:52:33","modified_gmt":"2026-03-12T07:52:33","slug":"truusk-tradgardsstol-2-pack-vaderbestandiga-med-armstod-sittdyna-metallram-belastbar-upp-till-120-kg-ljusgra","status":"publish","type":"product","link":"https:\/\/truusk.store\/sv\/produkt\/truusk-tradgardsstol-2-pack-vaderbestandiga-med-armstod-sittdyna-metallram-belastbar-upp-till-120-kg-ljusgra\/","title":{"rendered":"TRUUSK Tr\u00e4dg\u00e5rdsstol 2-pack &#8211; V\u00e4derbest\u00e4ndiga Med Armst\u00f6d &#8211; Sittdyna &#8211; Metallram &#8211; Belastbar Upp Till 120 Kg &#8211; Ljusgr\u00e5"},"content":{"rendered":"<p>Din avkoppling utomhus st\u00f6rs ofta av vacklande balkongstolar och r\u00e4dslan f\u00f6r fl\u00e4ckar. Detta f\u00f6rvandlar dina lugna stunder p\u00e5 terrassen till stress. Tr\u00e4dg\u00e5rdsstolsetet fr\u00e5n [BRAND NAME] erbjuder l\u00f6sningen: en v\u00e4derbest\u00e4ndig st\u00e5lram och PE-rotting. De 5 cm tjocka kuddarna ger djup komfort och de vattenavvisande, avtagbara \u00f6verdragen med dragkedja g\u00f6r reng\u00f6ringen enkel. Njut av din terrass utan bekymmer med detta h\u00e5llbara tr\u00e4dg\u00e5rdsstolset.<\/p>\n<p>Beskrivning:<\/p>\n<ul>\n<li> Detta tv\u00e5delade set best\u00e5r av pulverlackerat st\u00e5l och UV-resistent PE-rotting<\/li>\n<li> Njut av l\u00e5ngvarig komfort p\u00e5 de 5 cm tjocka skumdynorna<\/li>\n<li> Erbjuder en gener\u00f6s 45 cm bred sittplats f\u00f6r en avslappnad sittupplevelse<\/li>\n<li> De vattenavvisande kudd\u00f6verdragen med dragkedja \u00e4r l\u00e4tta att ta av f\u00f6r enkel reng\u00f6ring<\/li>\n<li> Stilfulla koniska ben ger din utomhusmilj\u00f6 en modern touch<\/li>\n<li> Varje stol i detta tr\u00e4dg\u00e5rdsstolset b\u00e4r upp till 120 kg<\/li>\n<li> Montering kr\u00e4vs<\/li>\n<\/ul>\n<p> Tekniska data:<\/p>\n<ul>\n<li> F\u00e4rg: Ljusgr\u00e5+Ljusbrun<\/li>\n<li> Material: St\u00e5l, PE, Polyester, Skum<\/li>\n<li> Totala dimensioner: 54B x 65D x 80H cm<\/li>\n<li> Sittstorlek: 45B x 45D cm<\/li>\n<li> Sitth\u00f6jd: 40 cm<\/li>\n<li> Ryggst\u00f6dsdimensioner: 45B x 44L cm<\/li>\n<li> B\u00e4rkapacitet: 120 kg<\/li>\n<\/ul>\n<p>Leveransinneh\u00e5ll:<\/p>\n<ul>\n<li> 2 x Terrassstolar<\/li>\n<li> 1 x Instruktioner<\/li>\n<\/ul>\n","protected":false},"excerpt":{"rendered":"<p>Din avkoppling utomhus st\u00f6rs ofta av vacklande balkongstolar och r\u00e4dslan f\u00f6r fl\u00e4ckar. Detta f\u00f6rvandlar dina lugna stunder p\u00e5 terrassen till&#8230;<\/p>\n","protected":false},"featured_media":107064,"template":"","meta":[],"product_brand":[],"product_cat":[858,450,456],"product_tag":[],"class_list":{"0":"post-107073","1":"product","2":"type-product","3":"status-publish","4":"has-post-thumbnail","6":"product_cat-tradgard-terrass","7":"product_cat-tradgardsmobler","8":"product_cat-tradgardsmobler-set","10":"first","11":"instock","12":"sale","13":"taxable","14":"shipping-taxable","15":"purchasable","16":"product-type-simple"},"yoast_head":"<!-- This site is optimized with the Yoast SEO plugin v25.4 - https:\/\/yoast.com\/wordpress\/plugins\/seo\/ -->\n<title>TRUUSK Tr\u00e4dg\u00e5rdsstol 2-pack - V\u00e4derbest\u00e4ndiga Med Armst\u00f6d - Sittdyna - Metallram - Belastbar Upp Till 120 Kg - Ljusgr\u00e5 - TRUUSK - Hem, Tr\u00e4dg\u00e5rd &amp; Fritid<\/title>\n<meta name=\"robots\" content=\"index, follow, max-snippet:-1, max-image-preview:large, max-video-preview:-1\" \/>\n<link rel=\"canonical\" href=\"https:\/\/truusk.store\/sv\/produkt\/truusk-tradgardsstol-2-pack-vaderbestandiga-med-armstod-sittdyna-metallram-belastbar-upp-till-120-kg-ljusgra\/\" \/>\n<meta property=\"og:locale\" content=\"sv_SE\" \/>\n<meta property=\"og:type\" content=\"article\" \/>\n<meta property=\"og:title\" content=\"TRUUSK Tr\u00e4dg\u00e5rdsstol 2-pack - V\u00e4derbest\u00e4ndiga Med Armst\u00f6d - Sittdyna - Metallram - Belastbar Upp Till 120 Kg - Ljusgr\u00e5 - TRUUSK - Hem, Tr\u00e4dg\u00e5rd &amp; Fritid\" \/>\n<meta property=\"og:description\" content=\"Din avkoppling utomhus st\u00f6rs ofta av vacklande balkongstolar och r\u00e4dslan f\u00f6r fl\u00e4ckar. Detta f\u00f6rvandlar dina lugna stunder p\u00e5 terrassen till...\" \/>\n<meta property=\"og:url\" content=\"https:\/\/truusk.store\/sv\/produkt\/truusk-tradgardsstol-2-pack-vaderbestandiga-med-armstod-sittdyna-metallram-belastbar-upp-till-120-kg-ljusgra\/\" \/>\n<meta property=\"og:site_name\" content=\"TRUUSK - Hem, Tr\u00e4dg\u00e5rd &amp; Fritid\" \/>\n<meta property=\"article:modified_time\" content=\"2026-03-12T07:52:33+00:00\" \/>\n<meta property=\"og:image\" content=\"https:\/\/i0.wp.com\/truusk.se\/wp-content\/uploads\/2026\/03\/tradgardsstol-2-pack-vaderbestandiga-tradgardsstolar-med-armstod-sittdyna-metallram-belastbar-upp-till-120-kg-ljusgra-1.webp?fit=2000%2C2000&ssl=1\" \/>\n\t<meta property=\"og:image:width\" content=\"2000\" \/>\n\t<meta property=\"og:image:height\" content=\"2000\" \/>\n\t<meta property=\"og:image:type\" content=\"image\/webp\" \/>\n<meta name=\"twitter:card\" content=\"summary_large_image\" \/>\n<meta name=\"twitter:label1\" content=\"Ber\u00e4knad l\u00e4stid\" \/>\n\t<meta name=\"twitter:data1\" content=\"1 minut\" \/>\n<!-- \/ Yoast SEO plugin. -->","yoast_head_json":{"title":"TRUUSK Tr\u00e4dg\u00e5rdsstol 2-pack - V\u00e4derbest\u00e4ndiga Med Armst\u00f6d - Sittdyna - Metallram - Belastbar Upp Till 120 Kg - Ljusgr\u00e5 - TRUUSK - Hem, Tr\u00e4dg\u00e5rd &amp; Fritid","robots":{"index":"index","follow":"follow","max-snippet":"max-snippet:-1","max-image-preview":"max-image-preview:large","max-video-preview":"max-video-preview:-1"},"canonical":"https:\/\/truusk.store\/sv\/produkt\/truusk-tradgardsstol-2-pack-vaderbestandiga-med-armstod-sittdyna-metallram-belastbar-upp-till-120-kg-ljusgra\/","og_locale":"sv_SE","og_type":"article","og_title":"TRUUSK Tr\u00e4dg\u00e5rdsstol 2-pack - V\u00e4derbest\u00e4ndiga Med Armst\u00f6d - Sittdyna - Metallram - Belastbar Upp Till 120 Kg - Ljusgr\u00e5 - TRUUSK - Hem, Tr\u00e4dg\u00e5rd &amp; Fritid","og_description":"Din avkoppling utomhus st\u00f6rs ofta av vacklande balkongstolar och r\u00e4dslan f\u00f6r fl\u00e4ckar. Detta f\u00f6rvandlar dina lugna stunder p\u00e5 terrassen till...","og_url":"https:\/\/truusk.store\/sv\/produkt\/truusk-tradgardsstol-2-pack-vaderbestandiga-med-armstod-sittdyna-metallram-belastbar-upp-till-120-kg-ljusgra\/","og_site_name":"TRUUSK - Hem, Tr\u00e4dg\u00e5rd &amp; Fritid","article_modified_time":"2026-03-12T07:52:33+00:00","og_image":[{"width":2000,"height":2000,"url":"https:\/\/i0.wp.com\/truusk.se\/wp-content\/uploads\/2026\/03\/tradgardsstol-2-pack-vaderbestandiga-tradgardsstolar-med-armstod-sittdyna-metallram-belastbar-upp-till-120-kg-ljusgra-1.webp?fit=2000%2C2000&ssl=1","type":"image\/webp"}],"twitter_card":"summary_large_image","twitter_misc":{"Ber\u00e4knad l\u00e4stid":"1 minut"},"schema":{"@context":"https:\/\/schema.org","@graph":[{"@type":"WebPage","@id":"https:\/\/truusk.store\/sv\/produkt\/truusk-tradgardsstol-2-pack-vaderbestandiga-med-armstod-sittdyna-metallram-belastbar-upp-till-120-kg-ljusgra\/","url":"https:\/\/truusk.store\/sv\/produkt\/truusk-tradgardsstol-2-pack-vaderbestandiga-med-armstod-sittdyna-metallram-belastbar-upp-till-120-kg-ljusgra\/","name":"TRUUSK Tr\u00e4dg\u00e5rdsstol 2-pack - V\u00e4derbest\u00e4ndiga Med Armst\u00f6d - Sittdyna - Metallram - Belastbar Upp Till 120 Kg - Ljusgr\u00e5 - TRUUSK - Hem, Tr\u00e4dg\u00e5rd &amp; Fritid","isPartOf":{"@id":"https:\/\/truusk.store\/sv\/#website"},"primaryImageOfPage":{"@id":"https:\/\/truusk.store\/sv\/produkt\/truusk-tradgardsstol-2-pack-vaderbestandiga-med-armstod-sittdyna-metallram-belastbar-upp-till-120-kg-ljusgra\/#primaryimage"},"image":{"@id":"https:\/\/truusk.store\/sv\/produkt\/truusk-tradgardsstol-2-pack-vaderbestandiga-med-armstod-sittdyna-metallram-belastbar-upp-till-120-kg-ljusgra\/#primaryimage"},"thumbnailUrl":"https:\/\/i0.wp.com\/truusk.store\/wp-content\/uploads\/2026\/03\/tradgardsstol-2-pack-vaderbestandiga-tradgardsstolar-med-armstod-sittdyna-metallram-belastbar-upp-till-120-kg-ljusgra-1.webp?fit=2000%2C2000&ssl=1","datePublished":"2026-03-03T12:27:46+00:00","dateModified":"2026-03-12T07:52:33+00:00","breadcrumb":{"@id":"https:\/\/truusk.store\/sv\/produkt\/truusk-tradgardsstol-2-pack-vaderbestandiga-med-armstod-sittdyna-metallram-belastbar-upp-till-120-kg-ljusgra\/#breadcrumb"},"inLanguage":"sv-SE","potentialAction":[{"@type":"ReadAction","target":["https:\/\/truusk.store\/sv\/produkt\/truusk-tradgardsstol-2-pack-vaderbestandiga-med-armstod-sittdyna-metallram-belastbar-upp-till-120-kg-ljusgra\/"]}]},{"@type":"ImageObject","inLanguage":"sv-SE","@id":"https:\/\/truusk.store\/sv\/produkt\/truusk-tradgardsstol-2-pack-vaderbestandiga-med-armstod-sittdyna-metallram-belastbar-upp-till-120-kg-ljusgra\/#primaryimage","url":"https:\/\/i0.wp.com\/truusk.store\/wp-content\/uploads\/2026\/03\/tradgardsstol-2-pack-vaderbestandiga-tradgardsstolar-med-armstod-sittdyna-metallram-belastbar-upp-till-120-kg-ljusgra-1.webp?fit=2000%2C2000&ssl=1","contentUrl":"https:\/\/i0.wp.com\/truusk.store\/wp-content\/uploads\/2026\/03\/tradgardsstol-2-pack-vaderbestandiga-tradgardsstolar-med-armstod-sittdyna-metallram-belastbar-upp-till-120-kg-ljusgra-1.webp?fit=2000%2C2000&ssl=1","width":2000,"height":2000},{"@type":"BreadcrumbList","@id":"https:\/\/truusk.store\/sv\/produkt\/truusk-tradgardsstol-2-pack-vaderbestandiga-med-armstod-sittdyna-metallram-belastbar-upp-till-120-kg-ljusgra\/#breadcrumb","itemListElement":[{"@type":"ListItem","position":1,"name":"Home","item":"https:\/\/truusk.store\/sv\/"},{"@type":"ListItem","position":2,"name":"Shop","item":"https:\/\/truusk.store\/shop\/"},{"@type":"ListItem","position":3,"name":"TRUUSK Tr\u00e4dg\u00e5rdsstol 2-pack &#8211; V\u00e4derbest\u00e4ndiga Med Armst\u00f6d &#8211; Sittdyna &#8211; Metallram &#8211; Belastbar Upp Till 120 Kg &#8211; Ljusgr\u00e5"}]},{"@type":"WebSite","@id":"https:\/\/truusk.store\/sv\/#website","url":"https:\/\/truusk.store\/sv\/","name":"TRUUSK - Hem, Tr\u00e4dg\u00e5rd & Fritid","description":"","publisher":{"@id":"https:\/\/truusk.store\/sv\/#organization"},"potentialAction":[{"@type":"SearchAction","target":{"@type":"EntryPoint","urlTemplate":"https:\/\/truusk.store\/sv\/?s={search_term_string}"},"query-input":{"@type":"PropertyValueSpecification","valueRequired":true,"valueName":"search_term_string"}}],"inLanguage":"sv-SE"},{"@type":"Organization","@id":"https:\/\/truusk.store\/sv\/#organization","name":"TRUUSK - Hem, Tr\u00e4dg\u00e5rd & Fritid","url":"https:\/\/truusk.store\/sv\/","logo":{"@type":"ImageObject","inLanguage":"sv-SE","@id":"https:\/\/truusk.store\/sv\/#\/schema\/logo\/image\/","url":"https:\/\/i0.wp.com\/truusk.store\/wp-content\/uploads\/2026\/03\/cropped-TRUUSK.png?fit=2032%2C917&ssl=1","contentUrl":"https:\/\/i0.wp.com\/truusk.store\/wp-content\/uploads\/2026\/03\/cropped-TRUUSK.png?fit=2032%2C917&ssl=1","width":2032,"height":917,"caption":"TRUUSK - Hem, Tr\u00e4dg\u00e5rd & Fritid"},"image":{"@id":"https:\/\/truusk.store\/sv\/#\/schema\/logo\/image\/"}}]}},"jetpack_sharing_enabled":true,"_links":{"self":[{"href":"https:\/\/truusk.store\/sv\/wp-json\/wp\/v2\/product\/107073","targetHints":{"allow":["GET"]}}],"collection":[{"href":"https:\/\/truusk.store\/sv\/wp-json\/wp\/v2\/product"}],"about":[{"href":"https:\/\/truusk.store\/sv\/wp-json\/wp\/v2\/types\/product"}],"wp:featuredmedia":[{"embeddable":true,"href":"https:\/\/truusk.store\/sv\/wp-json\/wp\/v2\/media\/107064"}],"wp:attachment":[{"href":"https:\/\/truusk.store\/sv\/wp-json\/wp\/v2\/media?parent=107073"}],"wp:term":[{"taxonomy":"product_brand","embeddable":true,"href":"https:\/\/truusk.store\/sv\/wp-json\/wp\/v2\/product_brand?post=107073"},{"taxonomy":"product_cat","embeddable":true,"href":"https:\/\/truusk.store\/sv\/wp-json\/wp\/v2\/product_cat?post=107073"},{"taxonomy":"product_tag","embeddable":true,"href":"https:\/\/truusk.store\/sv\/wp-json\/wp\/v2\/product_tag?post=107073"}],"curies":[{"name":"wp","href":"https:\/\/api.w.org\/{rel}","templated":true}]}}