{"id":107124,"date":"2026-03-03T13:32:47","date_gmt":"2026-03-03T12:32:47","guid":{"rendered":"https:\/\/truusk.store\/product\/rottan-soffbord-tvastegsbord-for-utomhusbruk-med-forvaringsfack-hardat-glasbord-och-stalram-svart\/"},"modified":"2026-03-12T08:53:05","modified_gmt":"2026-03-12T07:53:05","slug":"truusk-rattan-soffbord-for-utomhusbruk-tvastegsbord-med-forvaringsfack-hardat-glasbord-och-stalram-svart","status":"publish","type":"product","link":"https:\/\/truusk.store\/sv\/produkt\/truusk-rattan-soffbord-for-utomhusbruk-tvastegsbord-med-forvaringsfack-hardat-glasbord-och-stalram-svart\/","title":{"rendered":"TRUUSK Rattan soffbord f\u00f6r utomhusbruk &#8211; Tv\u00e5stegsbord med f\u00f6rvaringsfack &#8211; H\u00e4rdat glasbord och st\u00e5lram &#8211; Svart"},"content":{"rendered":"<p>Oordning p\u00e5 rottingsoffbordet kan st\u00f6ra avkopplande stunder med v\u00e4nner och f\u00e5 din uteplats att se kaotisk ut. Spillda drycker och utspridda tidningar g\u00f6r st\u00e4dningen besv\u00e4rlig. [BRAND NAME] rottingtr\u00e4dg\u00e5rdsbord erbjuder med sin tv\u00e5stegsdesign mycket utrymme f\u00f6r b\u00f6cker och drycker. Dess robusta, rostfria ram och l\u00e4ttsk\u00f6tta glasplatta garanterar stilfull, anstr\u00e4ngningsl\u00f6s avkoppling.<\/p>\n<p>Beskrivning:<\/p>\n<ul>\n<li> Tv\u00e5stegs rottingsoffbord med en glasplatta och en nedre hylla f\u00f6r f\u00f6rvaring<\/li>\n<li> V\u00e4derbest\u00e4ndigt plastrotting ger en stilfull touch och garanterar utomhush\u00e5llbarhet<\/li>\n<li> Robust, pulverlackerad st\u00e5lram f\u00f6r utomhusbordet f\u00f6r rostbest\u00e4ndighet<\/li>\n<li> Bordsskiva av h\u00e4rdat glas \u00e4r sl\u00e4t och l\u00e4tt att reng\u00f6ra<\/li>\n<li> Elegant design av rottingbordet kompletterar inomhus, uteplatser eller poolomr\u00e5den<\/li>\n<li> Skyddande fotdynor ing\u00e5r f\u00f6r att undvika repor p\u00e5 dina golv<\/li>\n<li> Montering kr\u00e4vs<\/li>\n<\/ul>\n<p> Tekniska specifikationer:<\/p>\n<ul>\n<li> F\u00e4rg: Svart<\/li>\n<li> Material: PE-rotting, st\u00e5l, h\u00e4rdat glas<\/li>\n<li> Totala dimensioner: 92B x 50T x 45H cm<\/li>\n<li> Nedre hylla: 92L x 43B cm<\/li>\n<li> B\u00e4rkapacitet: 80 kg (totalt), 50 kg (ovanp\u00e5), 30 kg (hylla)<\/li>\n<li> Artikelnummer: 867-305V00BK<\/li>\n<\/ul>\n<p>Leveransinneh\u00e5ll:<\/p>\n<ul>\n<li> 1 x Rottingkaffebord<\/li>\n<li> 1 x Instruktioner<\/li>\n<\/ul>\n","protected":false},"excerpt":{"rendered":"<p>Oordning p\u00e5 rottingsoffbordet kan st\u00f6ra avkopplande stunder med v\u00e4nner och f\u00e5 din uteplats att se kaotisk ut. Spillda drycker och&#8230;<\/p>\n","protected":false},"featured_media":107112,"template":"","meta":[],"product_brand":[],"product_cat":[858,457,450],"product_tag":[],"class_list":{"0":"post-107124","1":"product","2":"type-product","3":"status-publish","4":"has-post-thumbnail","6":"product_cat-tradgard-terrass","7":"product_cat-tradgardsbord","8":"product_cat-tradgardsmobler","10":"first","11":"instock","12":"sale","13":"taxable","14":"shipping-taxable","15":"purchasable","16":"product-type-simple"},"yoast_head":"<!-- This site is optimized with the Yoast SEO plugin v25.4 - https:\/\/yoast.com\/wordpress\/plugins\/seo\/ -->\n<title>TRUUSK Rattan soffbord f\u00f6r utomhusbruk - Tv\u00e5stegsbord med f\u00f6rvaringsfack - H\u00e4rdat glasbord och st\u00e5lram - Svart - TRUUSK - Hem, Tr\u00e4dg\u00e5rd &amp; Fritid<\/title>\n<meta name=\"robots\" content=\"index, follow, max-snippet:-1, max-image-preview:large, max-video-preview:-1\" \/>\n<link rel=\"canonical\" href=\"https:\/\/truusk.store\/sv\/produkt\/truusk-rattan-soffbord-for-utomhusbruk-tvastegsbord-med-forvaringsfack-hardat-glasbord-och-stalram-svart\/\" \/>\n<meta property=\"og:locale\" content=\"sv_SE\" \/>\n<meta property=\"og:type\" content=\"article\" \/>\n<meta property=\"og:title\" content=\"TRUUSK Rattan soffbord f\u00f6r utomhusbruk - Tv\u00e5stegsbord med f\u00f6rvaringsfack - H\u00e4rdat glasbord och st\u00e5lram - Svart - TRUUSK - Hem, Tr\u00e4dg\u00e5rd &amp; Fritid\" \/>\n<meta property=\"og:description\" content=\"Oordning p\u00e5 rottingsoffbordet kan st\u00f6ra avkopplande stunder med v\u00e4nner och f\u00e5 din uteplats att se kaotisk ut. Spillda drycker och...\" \/>\n<meta property=\"og:url\" content=\"https:\/\/truusk.store\/sv\/produkt\/truusk-rattan-soffbord-for-utomhusbruk-tvastegsbord-med-forvaringsfack-hardat-glasbord-och-stalram-svart\/\" \/>\n<meta property=\"og:site_name\" content=\"TRUUSK - Hem, Tr\u00e4dg\u00e5rd &amp; Fritid\" \/>\n<meta property=\"article:modified_time\" content=\"2026-03-12T07:53:05+00:00\" \/>\n<meta property=\"og:image\" content=\"https:\/\/i0.wp.com\/truusk.se\/wp-content\/uploads\/2026\/03\/rottan-soffbord-tvastegsbord-for-utomhusbruk-med-forvaringsfack-hardat-glasbord-och-stalram-svart-1.webp?fit=2000%2C2000&ssl=1\" \/>\n\t<meta property=\"og:image:width\" content=\"2000\" \/>\n\t<meta property=\"og:image:height\" content=\"2000\" \/>\n\t<meta property=\"og:image:type\" content=\"image\/webp\" \/>\n<meta name=\"twitter:card\" content=\"summary_large_image\" \/>\n<meta name=\"twitter:label1\" content=\"Ber\u00e4knad l\u00e4stid\" \/>\n\t<meta name=\"twitter:data1\" content=\"1 minut\" \/>\n<!-- \/ Yoast SEO plugin. -->","yoast_head_json":{"title":"TRUUSK Rattan soffbord f\u00f6r utomhusbruk - Tv\u00e5stegsbord med f\u00f6rvaringsfack - H\u00e4rdat glasbord och st\u00e5lram - Svart - TRUUSK - Hem, Tr\u00e4dg\u00e5rd &amp; Fritid","robots":{"index":"index","follow":"follow","max-snippet":"max-snippet:-1","max-image-preview":"max-image-preview:large","max-video-preview":"max-video-preview:-1"},"canonical":"https:\/\/truusk.store\/sv\/produkt\/truusk-rattan-soffbord-for-utomhusbruk-tvastegsbord-med-forvaringsfack-hardat-glasbord-och-stalram-svart\/","og_locale":"sv_SE","og_type":"article","og_title":"TRUUSK Rattan soffbord f\u00f6r utomhusbruk - Tv\u00e5stegsbord med f\u00f6rvaringsfack - H\u00e4rdat glasbord och st\u00e5lram - Svart - TRUUSK - Hem, Tr\u00e4dg\u00e5rd &amp; Fritid","og_description":"Oordning p\u00e5 rottingsoffbordet kan st\u00f6ra avkopplande stunder med v\u00e4nner och f\u00e5 din uteplats att se kaotisk ut. Spillda drycker och...","og_url":"https:\/\/truusk.store\/sv\/produkt\/truusk-rattan-soffbord-for-utomhusbruk-tvastegsbord-med-forvaringsfack-hardat-glasbord-och-stalram-svart\/","og_site_name":"TRUUSK - Hem, Tr\u00e4dg\u00e5rd &amp; Fritid","article_modified_time":"2026-03-12T07:53:05+00:00","og_image":[{"width":2000,"height":2000,"url":"https:\/\/i0.wp.com\/truusk.se\/wp-content\/uploads\/2026\/03\/rottan-soffbord-tvastegsbord-for-utomhusbruk-med-forvaringsfack-hardat-glasbord-och-stalram-svart-1.webp?fit=2000%2C2000&ssl=1","type":"image\/webp"}],"twitter_card":"summary_large_image","twitter_misc":{"Ber\u00e4knad l\u00e4stid":"1 minut"},"schema":{"@context":"https:\/\/schema.org","@graph":[{"@type":"WebPage","@id":"https:\/\/truusk.store\/sv\/produkt\/truusk-rattan-soffbord-for-utomhusbruk-tvastegsbord-med-forvaringsfack-hardat-glasbord-och-stalram-svart\/","url":"https:\/\/truusk.store\/sv\/produkt\/truusk-rattan-soffbord-for-utomhusbruk-tvastegsbord-med-forvaringsfack-hardat-glasbord-och-stalram-svart\/","name":"TRUUSK Rattan soffbord f\u00f6r utomhusbruk - Tv\u00e5stegsbord med f\u00f6rvaringsfack - H\u00e4rdat glasbord och st\u00e5lram - Svart - TRUUSK - Hem, Tr\u00e4dg\u00e5rd &amp; Fritid","isPartOf":{"@id":"https:\/\/truusk.store\/sv\/#website"},"primaryImageOfPage":{"@id":"https:\/\/truusk.store\/sv\/produkt\/truusk-rattan-soffbord-for-utomhusbruk-tvastegsbord-med-forvaringsfack-hardat-glasbord-och-stalram-svart\/#primaryimage"},"image":{"@id":"https:\/\/truusk.store\/sv\/produkt\/truusk-rattan-soffbord-for-utomhusbruk-tvastegsbord-med-forvaringsfack-hardat-glasbord-och-stalram-svart\/#primaryimage"},"thumbnailUrl":"https:\/\/i0.wp.com\/truusk.store\/wp-content\/uploads\/2026\/03\/rottan-soffbord-tvastegsbord-for-utomhusbruk-med-forvaringsfack-hardat-glasbord-och-stalram-svart-1.webp?fit=2000%2C2000&ssl=1","datePublished":"2026-03-03T12:32:47+00:00","dateModified":"2026-03-12T07:53:05+00:00","breadcrumb":{"@id":"https:\/\/truusk.store\/sv\/produkt\/truusk-rattan-soffbord-for-utomhusbruk-tvastegsbord-med-forvaringsfack-hardat-glasbord-och-stalram-svart\/#breadcrumb"},"inLanguage":"sv-SE","potentialAction":[{"@type":"ReadAction","target":["https:\/\/truusk.store\/sv\/produkt\/truusk-rattan-soffbord-for-utomhusbruk-tvastegsbord-med-forvaringsfack-hardat-glasbord-och-stalram-svart\/"]}]},{"@type":"ImageObject","inLanguage":"sv-SE","@id":"https:\/\/truusk.store\/sv\/produkt\/truusk-rattan-soffbord-for-utomhusbruk-tvastegsbord-med-forvaringsfack-hardat-glasbord-och-stalram-svart\/#primaryimage","url":"https:\/\/i0.wp.com\/truusk.store\/wp-content\/uploads\/2026\/03\/rottan-soffbord-tvastegsbord-for-utomhusbruk-med-forvaringsfack-hardat-glasbord-och-stalram-svart-1.webp?fit=2000%2C2000&ssl=1","contentUrl":"https:\/\/i0.wp.com\/truusk.store\/wp-content\/uploads\/2026\/03\/rottan-soffbord-tvastegsbord-for-utomhusbruk-med-forvaringsfack-hardat-glasbord-och-stalram-svart-1.webp?fit=2000%2C2000&ssl=1","width":2000,"height":2000},{"@type":"BreadcrumbList","@id":"https:\/\/truusk.store\/sv\/produkt\/truusk-rattan-soffbord-for-utomhusbruk-tvastegsbord-med-forvaringsfack-hardat-glasbord-och-stalram-svart\/#breadcrumb","itemListElement":[{"@type":"ListItem","position":1,"name":"Home","item":"https:\/\/truusk.store\/sv\/"},{"@type":"ListItem","position":2,"name":"Shop","item":"https:\/\/truusk.store\/shop\/"},{"@type":"ListItem","position":3,"name":"TRUUSK Rattan soffbord f\u00f6r utomhusbruk &#8211; Tv\u00e5stegsbord med f\u00f6rvaringsfack &#8211; H\u00e4rdat glasbord och st\u00e5lram &#8211; Svart"}]},{"@type":"WebSite","@id":"https:\/\/truusk.store\/sv\/#website","url":"https:\/\/truusk.store\/sv\/","name":"TRUUSK - Hem, Tr\u00e4dg\u00e5rd & Fritid","description":"","publisher":{"@id":"https:\/\/truusk.store\/sv\/#organization"},"potentialAction":[{"@type":"SearchAction","target":{"@type":"EntryPoint","urlTemplate":"https:\/\/truusk.store\/sv\/?s={search_term_string}"},"query-input":{"@type":"PropertyValueSpecification","valueRequired":true,"valueName":"search_term_string"}}],"inLanguage":"sv-SE"},{"@type":"Organization","@id":"https:\/\/truusk.store\/sv\/#organization","name":"TRUUSK - Hem, Tr\u00e4dg\u00e5rd & Fritid","url":"https:\/\/truusk.store\/sv\/","logo":{"@type":"ImageObject","inLanguage":"sv-SE","@id":"https:\/\/truusk.store\/sv\/#\/schema\/logo\/image\/","url":"https:\/\/i0.wp.com\/truusk.store\/wp-content\/uploads\/2026\/03\/cropped-TRUUSK.png?fit=2032%2C917&ssl=1","contentUrl":"https:\/\/i0.wp.com\/truusk.store\/wp-content\/uploads\/2026\/03\/cropped-TRUUSK.png?fit=2032%2C917&ssl=1","width":2032,"height":917,"caption":"TRUUSK - Hem, Tr\u00e4dg\u00e5rd & Fritid"},"image":{"@id":"https:\/\/truusk.store\/sv\/#\/schema\/logo\/image\/"}}]}},"jetpack_sharing_enabled":true,"_links":{"self":[{"href":"https:\/\/truusk.store\/sv\/wp-json\/wp\/v2\/product\/107124","targetHints":{"allow":["GET"]}}],"collection":[{"href":"https:\/\/truusk.store\/sv\/wp-json\/wp\/v2\/product"}],"about":[{"href":"https:\/\/truusk.store\/sv\/wp-json\/wp\/v2\/types\/product"}],"wp:featuredmedia":[{"embeddable":true,"href":"https:\/\/truusk.store\/sv\/wp-json\/wp\/v2\/media\/107112"}],"wp:attachment":[{"href":"https:\/\/truusk.store\/sv\/wp-json\/wp\/v2\/media?parent=107124"}],"wp:term":[{"taxonomy":"product_brand","embeddable":true,"href":"https:\/\/truusk.store\/sv\/wp-json\/wp\/v2\/product_brand?post=107124"},{"taxonomy":"product_cat","embeddable":true,"href":"https:\/\/truusk.store\/sv\/wp-json\/wp\/v2\/product_cat?post=107124"},{"taxonomy":"product_tag","embeddable":true,"href":"https:\/\/truusk.store\/sv\/wp-json\/wp\/v2\/product_tag?post=107124"}],"curies":[{"name":"wp","href":"https:\/\/api.w.org\/{rel}","templated":true}]}}