{"id":107154,"date":"2026-03-03T13:35:52","date_gmt":"2026-03-03T12:35:52","guid":{"rendered":"https:\/\/truusk.store\/product\/babyswing-3-i-1-justerbar-barnswing-med-ryggstod-sakerhetsbalte-128-x-155-x-157-cm-bla\/"},"modified":"2026-03-12T08:53:10","modified_gmt":"2026-03-12T07:53:10","slug":"truusk-babyswing-3-i-1-justerbar-med-ryggstod-sakerhetsbalte-bla-128-x-155-x-157-cm","status":"publish","type":"product","link":"https:\/\/truusk.store\/sv\/produkt\/truusk-babyswing-3-i-1-justerbar-med-ryggstod-sakerhetsbalte-bla-128-x-155-x-157-cm\/","title":{"rendered":"TRUUSK Babyswing 3-i-1 &#8211; Justerbar med Ryggst\u00f6d &#8211; S\u00e4kerhetsb\u00e4lte &#8211; Bl\u00e5 &#8211; 128 x 155 x 157 cm"},"content":{"rendered":"<p>Ge ditt barn utomhuskul med [BRAND NAME]-barnsvingssetet som v\u00e4xer med dem. Avtagbar sits, h\u00f6jdjusterbar konstruktion och f\u00e4llbart design g\u00f6r montering och lagring enklare. Stabil A-ram, halkfria kuddar, robusta rep och s\u00e4kerhetsb\u00e4lte ger s\u00e4kerhet. Fr\u00e4mjar aktivt spel, balans, koordination, styrka och skapar of\u00f6rgl\u00f6mliga, lyckliga stunder b\u00e5de inomhus och utomhus.<\/p>\n<p>Beskrivning:<\/p>\n<ul>\n<li> 3-i-1-svingsits v\u00e4xer med barn fr\u00e5n sm\u00e5barns\u00e5ldern upp till \u00e5tta \u00e5r<\/li>\n<li> Justerbart h\u00f6jdomr\u00e5de m\u00f6jligg\u00f6r l\u00e5ngvarig anv\u00e4ndning medan barnen v\u00e4xer<\/li>\n<li> Stabil A-ramdesign med halkfria fotdynor h\u00e5ller svingen s\u00e4ker<\/li>\n<li> Starka rep och s\u00e4kerhetsb\u00e4lte s\u00e4kerst\u00e4ller s\u00e4kert sv\u00e4ngande f\u00f6r barn<\/li>\n<li> F\u00e4llbar design m\u00f6jligg\u00f6r snabb montering och platsbesparande f\u00f6rvaring utan besv\u00e4r<\/li>\n<li> L\u00e4mplig f\u00f6r inomhus eller utomhus i tr\u00e4dg\u00e5rden eller p\u00e5 terrassen<\/li>\n<li> Rostbest\u00e4ndig, b\u00e4rbar ram g\u00f6r det enkelt att ta med svingsatsen \u00f6verallt<\/li>\n<li> Fr\u00e4mjar aktivt spel och utvecklar balans, koordination och styrka.<\/li>\n<\/ul>\n<p> Tekniska data:<\/p>\n<ul>\n<li> F\u00e4rg: Bl\u00e5+Gul<\/li>\n<li> Material: St\u00e5l, Plast<\/li>\n<li> Totala dimensioner: 128L x 155B x 157H cm<\/li>\n<li> Sv\u00e4ngdimensioner: 42B x 33T x 38H cm<\/li>\n<li> Svingsits: 23B x 21T cm<\/li>\n<li> Ryggstorlek: 42B x 32H cm<\/li>\n<li> Sitth\u00f6jd: 35-55 cm (fr\u00e5n golvet)<\/li>\n<li> B\u00e4rf\u00f6rm\u00e5ga: 50 kg<\/li>\n<li> Rekommenderad \u00e5lder: 9 m\u00e5nader-8 \u00e5r<\/li>\n<\/ul>\n<p>Leveransinneh\u00e5ll:<\/p>\n<ul>\n<li> 1 x Barnsving<\/li>\n<li> 1 x Bruksanvisning<\/li>\n<\/ul>\n","protected":false},"excerpt":{"rendered":"<p>Ge ditt barn utomhuskul med [BRAND NAME]-barnsvingssetet som v\u00e4xer med dem. Avtagbar sits, h\u00f6jdjusterbar konstruktion och f\u00e4llbart design g\u00f6r montering&#8230;<\/p>\n","protected":false},"featured_media":107143,"template":"","meta":[],"product_brand":[],"product_cat":[880,619,616],"product_tag":[],"class_list":{"0":"post-107154","1":"product","2":"type-product","3":"status-publish","4":"has-post-thumbnail","6":"product_cat-baby-barn-2","7":"product_cat-barngungor","8":"product_cat-utomhusleksaker","10":"first","11":"instock","12":"sale","13":"taxable","14":"shipping-taxable","15":"purchasable","16":"product-type-simple"},"yoast_head":"<!-- This site is optimized with the Yoast SEO plugin v25.4 - https:\/\/yoast.com\/wordpress\/plugins\/seo\/ -->\n<title>TRUUSK Babyswing 3-i-1 - Justerbar med Ryggst\u00f6d - S\u00e4kerhetsb\u00e4lte - Bl\u00e5 - 128 x 155 x 157 cm - TRUUSK - Hem, Tr\u00e4dg\u00e5rd &amp; Fritid<\/title>\n<meta name=\"robots\" content=\"index, follow, max-snippet:-1, max-image-preview:large, max-video-preview:-1\" \/>\n<link rel=\"canonical\" href=\"https:\/\/truusk.store\/sv\/produkt\/truusk-babyswing-3-i-1-justerbar-med-ryggstod-sakerhetsbalte-bla-128-x-155-x-157-cm\/\" \/>\n<meta property=\"og:locale\" content=\"sv_SE\" \/>\n<meta property=\"og:type\" content=\"article\" \/>\n<meta property=\"og:title\" content=\"TRUUSK Babyswing 3-i-1 - Justerbar med Ryggst\u00f6d - S\u00e4kerhetsb\u00e4lte - Bl\u00e5 - 128 x 155 x 157 cm - TRUUSK - Hem, Tr\u00e4dg\u00e5rd &amp; Fritid\" \/>\n<meta property=\"og:description\" content=\"Ge ditt barn utomhuskul med [BRAND NAME]-barnsvingssetet som v\u00e4xer med dem. Avtagbar sits, h\u00f6jdjusterbar konstruktion och f\u00e4llbart design g\u00f6r montering...\" \/>\n<meta property=\"og:url\" content=\"https:\/\/truusk.store\/sv\/produkt\/truusk-babyswing-3-i-1-justerbar-med-ryggstod-sakerhetsbalte-bla-128-x-155-x-157-cm\/\" \/>\n<meta property=\"og:site_name\" content=\"TRUUSK - Hem, Tr\u00e4dg\u00e5rd &amp; Fritid\" \/>\n<meta property=\"article:modified_time\" content=\"2026-03-12T07:53:10+00:00\" \/>\n<meta property=\"og:image\" content=\"https:\/\/i0.wp.com\/truusk.se\/wp-content\/uploads\/2026\/03\/babyswing-3-i-1-justerbar-barnswing-med-ryggstod-sakerhetsbalte-128-x-155-x-157-cm-bla-1.webp?fit=2000%2C2000&ssl=1\" \/>\n\t<meta property=\"og:image:width\" content=\"2000\" \/>\n\t<meta property=\"og:image:height\" content=\"2000\" \/>\n\t<meta property=\"og:image:type\" content=\"image\/webp\" \/>\n<meta name=\"twitter:card\" content=\"summary_large_image\" \/>\n<meta name=\"twitter:label1\" content=\"Ber\u00e4knad l\u00e4stid\" \/>\n\t<meta name=\"twitter:data1\" content=\"1 minut\" \/>\n<!-- \/ Yoast SEO plugin. -->","yoast_head_json":{"title":"TRUUSK Babyswing 3-i-1 - Justerbar med Ryggst\u00f6d - S\u00e4kerhetsb\u00e4lte - Bl\u00e5 - 128 x 155 x 157 cm - TRUUSK - Hem, Tr\u00e4dg\u00e5rd &amp; Fritid","robots":{"index":"index","follow":"follow","max-snippet":"max-snippet:-1","max-image-preview":"max-image-preview:large","max-video-preview":"max-video-preview:-1"},"canonical":"https:\/\/truusk.store\/sv\/produkt\/truusk-babyswing-3-i-1-justerbar-med-ryggstod-sakerhetsbalte-bla-128-x-155-x-157-cm\/","og_locale":"sv_SE","og_type":"article","og_title":"TRUUSK Babyswing 3-i-1 - Justerbar med Ryggst\u00f6d - S\u00e4kerhetsb\u00e4lte - Bl\u00e5 - 128 x 155 x 157 cm - TRUUSK - Hem, Tr\u00e4dg\u00e5rd &amp; Fritid","og_description":"Ge ditt barn utomhuskul med [BRAND NAME]-barnsvingssetet som v\u00e4xer med dem. Avtagbar sits, h\u00f6jdjusterbar konstruktion och f\u00e4llbart design g\u00f6r montering...","og_url":"https:\/\/truusk.store\/sv\/produkt\/truusk-babyswing-3-i-1-justerbar-med-ryggstod-sakerhetsbalte-bla-128-x-155-x-157-cm\/","og_site_name":"TRUUSK - Hem, Tr\u00e4dg\u00e5rd &amp; Fritid","article_modified_time":"2026-03-12T07:53:10+00:00","og_image":[{"width":2000,"height":2000,"url":"https:\/\/i0.wp.com\/truusk.se\/wp-content\/uploads\/2026\/03\/babyswing-3-i-1-justerbar-barnswing-med-ryggstod-sakerhetsbalte-128-x-155-x-157-cm-bla-1.webp?fit=2000%2C2000&ssl=1","type":"image\/webp"}],"twitter_card":"summary_large_image","twitter_misc":{"Ber\u00e4knad l\u00e4stid":"1 minut"},"schema":{"@context":"https:\/\/schema.org","@graph":[{"@type":"WebPage","@id":"https:\/\/truusk.store\/sv\/produkt\/truusk-babyswing-3-i-1-justerbar-med-ryggstod-sakerhetsbalte-bla-128-x-155-x-157-cm\/","url":"https:\/\/truusk.store\/sv\/produkt\/truusk-babyswing-3-i-1-justerbar-med-ryggstod-sakerhetsbalte-bla-128-x-155-x-157-cm\/","name":"TRUUSK Babyswing 3-i-1 - Justerbar med Ryggst\u00f6d - S\u00e4kerhetsb\u00e4lte - Bl\u00e5 - 128 x 155 x 157 cm - TRUUSK - Hem, Tr\u00e4dg\u00e5rd &amp; Fritid","isPartOf":{"@id":"https:\/\/truusk.store\/sv\/#website"},"primaryImageOfPage":{"@id":"https:\/\/truusk.store\/sv\/produkt\/truusk-babyswing-3-i-1-justerbar-med-ryggstod-sakerhetsbalte-bla-128-x-155-x-157-cm\/#primaryimage"},"image":{"@id":"https:\/\/truusk.store\/sv\/produkt\/truusk-babyswing-3-i-1-justerbar-med-ryggstod-sakerhetsbalte-bla-128-x-155-x-157-cm\/#primaryimage"},"thumbnailUrl":"https:\/\/i0.wp.com\/truusk.store\/wp-content\/uploads\/2026\/03\/babyswing-3-i-1-justerbar-barnswing-med-ryggstod-sakerhetsbalte-128-x-155-x-157-cm-bla-1.webp?fit=2000%2C2000&ssl=1","datePublished":"2026-03-03T12:35:52+00:00","dateModified":"2026-03-12T07:53:10+00:00","breadcrumb":{"@id":"https:\/\/truusk.store\/sv\/produkt\/truusk-babyswing-3-i-1-justerbar-med-ryggstod-sakerhetsbalte-bla-128-x-155-x-157-cm\/#breadcrumb"},"inLanguage":"sv-SE","potentialAction":[{"@type":"ReadAction","target":["https:\/\/truusk.store\/sv\/produkt\/truusk-babyswing-3-i-1-justerbar-med-ryggstod-sakerhetsbalte-bla-128-x-155-x-157-cm\/"]}]},{"@type":"ImageObject","inLanguage":"sv-SE","@id":"https:\/\/truusk.store\/sv\/produkt\/truusk-babyswing-3-i-1-justerbar-med-ryggstod-sakerhetsbalte-bla-128-x-155-x-157-cm\/#primaryimage","url":"https:\/\/i0.wp.com\/truusk.store\/wp-content\/uploads\/2026\/03\/babyswing-3-i-1-justerbar-barnswing-med-ryggstod-sakerhetsbalte-128-x-155-x-157-cm-bla-1.webp?fit=2000%2C2000&ssl=1","contentUrl":"https:\/\/i0.wp.com\/truusk.store\/wp-content\/uploads\/2026\/03\/babyswing-3-i-1-justerbar-barnswing-med-ryggstod-sakerhetsbalte-128-x-155-x-157-cm-bla-1.webp?fit=2000%2C2000&ssl=1","width":2000,"height":2000},{"@type":"BreadcrumbList","@id":"https:\/\/truusk.store\/sv\/produkt\/truusk-babyswing-3-i-1-justerbar-med-ryggstod-sakerhetsbalte-bla-128-x-155-x-157-cm\/#breadcrumb","itemListElement":[{"@type":"ListItem","position":1,"name":"Home","item":"https:\/\/truusk.store\/sv\/"},{"@type":"ListItem","position":2,"name":"Shop","item":"https:\/\/truusk.store\/shop\/"},{"@type":"ListItem","position":3,"name":"TRUUSK Babyswing 3-i-1 &#8211; Justerbar med Ryggst\u00f6d &#8211; S\u00e4kerhetsb\u00e4lte &#8211; Bl\u00e5 &#8211; 128 x 155 x 157 cm"}]},{"@type":"WebSite","@id":"https:\/\/truusk.store\/sv\/#website","url":"https:\/\/truusk.store\/sv\/","name":"TRUUSK - Hem, Tr\u00e4dg\u00e5rd & Fritid","description":"","publisher":{"@id":"https:\/\/truusk.store\/sv\/#organization"},"potentialAction":[{"@type":"SearchAction","target":{"@type":"EntryPoint","urlTemplate":"https:\/\/truusk.store\/sv\/?s={search_term_string}"},"query-input":{"@type":"PropertyValueSpecification","valueRequired":true,"valueName":"search_term_string"}}],"inLanguage":"sv-SE"},{"@type":"Organization","@id":"https:\/\/truusk.store\/sv\/#organization","name":"TRUUSK - Hem, Tr\u00e4dg\u00e5rd & Fritid","url":"https:\/\/truusk.store\/sv\/","logo":{"@type":"ImageObject","inLanguage":"sv-SE","@id":"https:\/\/truusk.store\/sv\/#\/schema\/logo\/image\/","url":"https:\/\/i0.wp.com\/truusk.store\/wp-content\/uploads\/2026\/03\/cropped-TRUUSK.png?fit=2032%2C917&ssl=1","contentUrl":"https:\/\/i0.wp.com\/truusk.store\/wp-content\/uploads\/2026\/03\/cropped-TRUUSK.png?fit=2032%2C917&ssl=1","width":2032,"height":917,"caption":"TRUUSK - Hem, Tr\u00e4dg\u00e5rd & Fritid"},"image":{"@id":"https:\/\/truusk.store\/sv\/#\/schema\/logo\/image\/"}}]}},"jetpack_sharing_enabled":true,"_links":{"self":[{"href":"https:\/\/truusk.store\/sv\/wp-json\/wp\/v2\/product\/107154","targetHints":{"allow":["GET"]}}],"collection":[{"href":"https:\/\/truusk.store\/sv\/wp-json\/wp\/v2\/product"}],"about":[{"href":"https:\/\/truusk.store\/sv\/wp-json\/wp\/v2\/types\/product"}],"wp:featuredmedia":[{"embeddable":true,"href":"https:\/\/truusk.store\/sv\/wp-json\/wp\/v2\/media\/107143"}],"wp:attachment":[{"href":"https:\/\/truusk.store\/sv\/wp-json\/wp\/v2\/media?parent=107154"}],"wp:term":[{"taxonomy":"product_brand","embeddable":true,"href":"https:\/\/truusk.store\/sv\/wp-json\/wp\/v2\/product_brand?post=107154"},{"taxonomy":"product_cat","embeddable":true,"href":"https:\/\/truusk.store\/sv\/wp-json\/wp\/v2\/product_cat?post=107154"},{"taxonomy":"product_tag","embeddable":true,"href":"https:\/\/truusk.store\/sv\/wp-json\/wp\/v2\/product_tag?post=107154"}],"curies":[{"name":"wp","href":"https:\/\/api.w.org\/{rel}","templated":true}]}}