{"id":107165,"date":"2026-03-03T13:37:00","date_gmt":"2026-03-03T12:37:00","guid":{"rendered":"https:\/\/truusk.store\/product\/3-delat-tradgardsbistroset-med-runt-bistrobord-2-stolar-och-parasollhal-antik-i-gjuten-aluminium\/"},"modified":"2026-03-12T08:53:10","modified_gmt":"2026-03-12T07:53:10","slug":"truusk-tradgardsbistroset-runt-bistrobord-2-stolar-parasollhal-gjuten-aluminium-antik-look","status":"publish","type":"product","link":"https:\/\/truusk.store\/sv\/produkt\/truusk-tradgardsbistroset-runt-bistrobord-2-stolar-parasollhal-gjuten-aluminium-antik-look\/","title":{"rendered":"TRUUSK Tr\u00e4dg\u00e5rdsbistroset &#8211; Runt Bistrobord &#8211; 2 Stolar &#8211; Parasollh\u00e5l &#8211; Gjuten Aluminium &#8211; Antik Look"},"content":{"rendered":"<p>Vill du ge ditt balkong nytt liv? Det \u00e4r irriterande n\u00e4r ostadiga m\u00f6bler rostar och den starka solen st\u00f6r din avkoppling utomhus. Detta [BRAND NAME] balkongm\u00f6belset r\u00e5der bot p\u00e5 detta. Tillverkat av v\u00e4derbest\u00e4ndigt gjutaluminium med eleganta detaljer, erbjuder detta bistroset en h\u00e5llbar tillflyktsort. Bordets centrala parasollh\u00e5l s\u00e4kerst\u00e4ller att du kan njuta av otaliga soliga eftermiddagar bekv\u00e4mt med ditt personliga bistroset.<\/p>\n<p>Beskrivning:<\/p>\n<ul>\n<li> Inneh\u00e5ller ett bord och tv\u00e5 stolar med eleganta, vintage-inspirerade utstansade m\u00f6nster<\/li>\n<li> Tillverkat av gjutaluminium f\u00f6r v\u00e4derbest\u00e4ndig och h\u00e5llbar utomhusanv\u00e4ndning<\/li>\n<li> Bordet har ett h\u00e5l och en liten hylla f\u00f6r skugga och f\u00f6rvaring<\/li>\n<li> Stolar med b\u00f6jda armst\u00f6d erbjuder bekv\u00e4mt st\u00f6d f\u00f6r l\u00e4ngre sittande<\/li>\n<li> Detta balkongset passar f\u00f6r din terrass, din tr\u00e4dg\u00e5rd, balkong eller vintertr\u00e4dg\u00e5rd<\/li>\n<li> Robust gjutaluminiumstruktur b\u00e4r upp till 120 kg f\u00f6r stolarna, 50 kg f\u00f6r bordet<\/li>\n<li> Justerbara fotdynor p\u00e5 stolarna s\u00e4kerst\u00e4ller stabilitet p\u00e5 oj\u00e4mna utomhusytor<\/li>\n<li> Montering kr\u00e4vs<\/li>\n<\/ul>\n<p> Tekniska data:<\/p>\n<ul>\n<li> F\u00e4rg: Svart<\/li>\n<li> Material: Gjutaluminium<\/li>\n<li> Bordets dimensioner: \u00d860 x 70H cm<\/li>\n<li> Stolens dimensioner: 52B x 55D x 88H cm<\/li>\n<li> Sitsstorlek: 41B x 38D x 42H cm<\/li>\n<li> Ryggst\u00f6dets dimensioner: 43B x 46H cm<\/li>\n<li> Armst\u00f6dets h\u00f6jd (fr\u00e5n sitsen): 20 cm<\/li>\n<li> Maximal belastning: 50 kg (bord), 120 kg (stol)<\/li>\n<\/ul>\n<p>Leverans inneh\u00e5ller:<\/p>\n<ul>\n<li> 1 x Bord<\/li>\n<li> 2 x Stol<\/li>\n<li> 1 x Instruktioner<\/li>\n<\/ul>\n","protected":false},"excerpt":{"rendered":"<p>Vill du ge ditt balkong nytt liv? Det \u00e4r irriterande n\u00e4r ostadiga m\u00f6bler rostar och den starka solen st\u00f6r din&#8230;<\/p>\n","protected":false},"featured_media":107153,"template":"","meta":[],"product_brand":[],"product_cat":[858,450,456],"product_tag":[],"class_list":{"0":"post-107165","1":"product","2":"type-product","3":"status-publish","4":"has-post-thumbnail","6":"product_cat-tradgard-terrass","7":"product_cat-tradgardsmobler","8":"product_cat-tradgardsmobler-set","10":"first","11":"instock","12":"sale","13":"taxable","14":"shipping-taxable","15":"purchasable","16":"product-type-simple"},"yoast_head":"<!-- This site is optimized with the Yoast SEO plugin v25.4 - https:\/\/yoast.com\/wordpress\/plugins\/seo\/ -->\n<title>TRUUSK Tr\u00e4dg\u00e5rdsbistroset - Runt Bistrobord - 2 Stolar - Parasollh\u00e5l - Gjuten Aluminium - Antik Look - TRUUSK - Hem, Tr\u00e4dg\u00e5rd &amp; Fritid<\/title>\n<meta name=\"robots\" content=\"index, follow, max-snippet:-1, max-image-preview:large, max-video-preview:-1\" \/>\n<link rel=\"canonical\" href=\"https:\/\/truusk.store\/sv\/produkt\/truusk-tradgardsbistroset-runt-bistrobord-2-stolar-parasollhal-gjuten-aluminium-antik-look\/\" \/>\n<meta property=\"og:locale\" content=\"sv_SE\" \/>\n<meta property=\"og:type\" content=\"article\" \/>\n<meta property=\"og:title\" content=\"TRUUSK Tr\u00e4dg\u00e5rdsbistroset - Runt Bistrobord - 2 Stolar - Parasollh\u00e5l - Gjuten Aluminium - Antik Look - TRUUSK - Hem, Tr\u00e4dg\u00e5rd &amp; Fritid\" \/>\n<meta property=\"og:description\" content=\"Vill du ge ditt balkong nytt liv? Det \u00e4r irriterande n\u00e4r ostadiga m\u00f6bler rostar och den starka solen st\u00f6r din...\" \/>\n<meta property=\"og:url\" content=\"https:\/\/truusk.store\/sv\/produkt\/truusk-tradgardsbistroset-runt-bistrobord-2-stolar-parasollhal-gjuten-aluminium-antik-look\/\" \/>\n<meta property=\"og:site_name\" content=\"TRUUSK - Hem, Tr\u00e4dg\u00e5rd &amp; Fritid\" \/>\n<meta property=\"article:modified_time\" content=\"2026-03-12T07:53:10+00:00\" \/>\n<meta property=\"og:image\" content=\"https:\/\/i0.wp.com\/truusk.se\/wp-content\/uploads\/2026\/03\/3-delat-tradgardsbistroset-med-runt-bistrobord-2-stolar-och-parasollhal-antik-i-gjuten-aluminium-1.webp?fit=2000%2C2000&ssl=1\" \/>\n\t<meta property=\"og:image:width\" content=\"2000\" \/>\n\t<meta property=\"og:image:height\" content=\"2000\" \/>\n\t<meta property=\"og:image:type\" content=\"image\/webp\" \/>\n<meta name=\"twitter:card\" content=\"summary_large_image\" \/>\n<meta name=\"twitter:label1\" content=\"Ber\u00e4knad l\u00e4stid\" \/>\n\t<meta name=\"twitter:data1\" content=\"1 minut\" \/>\n<!-- \/ Yoast SEO plugin. -->","yoast_head_json":{"title":"TRUUSK Tr\u00e4dg\u00e5rdsbistroset - Runt Bistrobord - 2 Stolar - Parasollh\u00e5l - Gjuten Aluminium - Antik Look - TRUUSK - Hem, Tr\u00e4dg\u00e5rd &amp; Fritid","robots":{"index":"index","follow":"follow","max-snippet":"max-snippet:-1","max-image-preview":"max-image-preview:large","max-video-preview":"max-video-preview:-1"},"canonical":"https:\/\/truusk.store\/sv\/produkt\/truusk-tradgardsbistroset-runt-bistrobord-2-stolar-parasollhal-gjuten-aluminium-antik-look\/","og_locale":"sv_SE","og_type":"article","og_title":"TRUUSK Tr\u00e4dg\u00e5rdsbistroset - Runt Bistrobord - 2 Stolar - Parasollh\u00e5l - Gjuten Aluminium - Antik Look - TRUUSK - Hem, Tr\u00e4dg\u00e5rd &amp; Fritid","og_description":"Vill du ge ditt balkong nytt liv? Det \u00e4r irriterande n\u00e4r ostadiga m\u00f6bler rostar och den starka solen st\u00f6r din...","og_url":"https:\/\/truusk.store\/sv\/produkt\/truusk-tradgardsbistroset-runt-bistrobord-2-stolar-parasollhal-gjuten-aluminium-antik-look\/","og_site_name":"TRUUSK - Hem, Tr\u00e4dg\u00e5rd &amp; Fritid","article_modified_time":"2026-03-12T07:53:10+00:00","og_image":[{"width":2000,"height":2000,"url":"https:\/\/i0.wp.com\/truusk.se\/wp-content\/uploads\/2026\/03\/3-delat-tradgardsbistroset-med-runt-bistrobord-2-stolar-och-parasollhal-antik-i-gjuten-aluminium-1.webp?fit=2000%2C2000&ssl=1","type":"image\/webp"}],"twitter_card":"summary_large_image","twitter_misc":{"Ber\u00e4knad l\u00e4stid":"1 minut"},"schema":{"@context":"https:\/\/schema.org","@graph":[{"@type":"WebPage","@id":"https:\/\/truusk.store\/sv\/produkt\/truusk-tradgardsbistroset-runt-bistrobord-2-stolar-parasollhal-gjuten-aluminium-antik-look\/","url":"https:\/\/truusk.store\/sv\/produkt\/truusk-tradgardsbistroset-runt-bistrobord-2-stolar-parasollhal-gjuten-aluminium-antik-look\/","name":"TRUUSK Tr\u00e4dg\u00e5rdsbistroset - Runt Bistrobord - 2 Stolar - Parasollh\u00e5l - Gjuten Aluminium - Antik Look - TRUUSK - Hem, Tr\u00e4dg\u00e5rd &amp; Fritid","isPartOf":{"@id":"https:\/\/truusk.store\/sv\/#website"},"primaryImageOfPage":{"@id":"https:\/\/truusk.store\/sv\/produkt\/truusk-tradgardsbistroset-runt-bistrobord-2-stolar-parasollhal-gjuten-aluminium-antik-look\/#primaryimage"},"image":{"@id":"https:\/\/truusk.store\/sv\/produkt\/truusk-tradgardsbistroset-runt-bistrobord-2-stolar-parasollhal-gjuten-aluminium-antik-look\/#primaryimage"},"thumbnailUrl":"https:\/\/i0.wp.com\/truusk.store\/wp-content\/uploads\/2026\/03\/3-delat-tradgardsbistroset-med-runt-bistrobord-2-stolar-och-parasollhal-antik-i-gjuten-aluminium-1.webp?fit=2000%2C2000&ssl=1","datePublished":"2026-03-03T12:37:00+00:00","dateModified":"2026-03-12T07:53:10+00:00","breadcrumb":{"@id":"https:\/\/truusk.store\/sv\/produkt\/truusk-tradgardsbistroset-runt-bistrobord-2-stolar-parasollhal-gjuten-aluminium-antik-look\/#breadcrumb"},"inLanguage":"sv-SE","potentialAction":[{"@type":"ReadAction","target":["https:\/\/truusk.store\/sv\/produkt\/truusk-tradgardsbistroset-runt-bistrobord-2-stolar-parasollhal-gjuten-aluminium-antik-look\/"]}]},{"@type":"ImageObject","inLanguage":"sv-SE","@id":"https:\/\/truusk.store\/sv\/produkt\/truusk-tradgardsbistroset-runt-bistrobord-2-stolar-parasollhal-gjuten-aluminium-antik-look\/#primaryimage","url":"https:\/\/i0.wp.com\/truusk.store\/wp-content\/uploads\/2026\/03\/3-delat-tradgardsbistroset-med-runt-bistrobord-2-stolar-och-parasollhal-antik-i-gjuten-aluminium-1.webp?fit=2000%2C2000&ssl=1","contentUrl":"https:\/\/i0.wp.com\/truusk.store\/wp-content\/uploads\/2026\/03\/3-delat-tradgardsbistroset-med-runt-bistrobord-2-stolar-och-parasollhal-antik-i-gjuten-aluminium-1.webp?fit=2000%2C2000&ssl=1","width":2000,"height":2000},{"@type":"BreadcrumbList","@id":"https:\/\/truusk.store\/sv\/produkt\/truusk-tradgardsbistroset-runt-bistrobord-2-stolar-parasollhal-gjuten-aluminium-antik-look\/#breadcrumb","itemListElement":[{"@type":"ListItem","position":1,"name":"Home","item":"https:\/\/truusk.store\/sv\/"},{"@type":"ListItem","position":2,"name":"Shop","item":"https:\/\/truusk.store\/shop\/"},{"@type":"ListItem","position":3,"name":"TRUUSK Tr\u00e4dg\u00e5rdsbistroset &#8211; Runt Bistrobord &#8211; 2 Stolar &#8211; Parasollh\u00e5l &#8211; Gjuten Aluminium &#8211; Antik Look"}]},{"@type":"WebSite","@id":"https:\/\/truusk.store\/sv\/#website","url":"https:\/\/truusk.store\/sv\/","name":"TRUUSK - Hem, Tr\u00e4dg\u00e5rd & Fritid","description":"","publisher":{"@id":"https:\/\/truusk.store\/sv\/#organization"},"potentialAction":[{"@type":"SearchAction","target":{"@type":"EntryPoint","urlTemplate":"https:\/\/truusk.store\/sv\/?s={search_term_string}"},"query-input":{"@type":"PropertyValueSpecification","valueRequired":true,"valueName":"search_term_string"}}],"inLanguage":"sv-SE"},{"@type":"Organization","@id":"https:\/\/truusk.store\/sv\/#organization","name":"TRUUSK - Hem, Tr\u00e4dg\u00e5rd & Fritid","url":"https:\/\/truusk.store\/sv\/","logo":{"@type":"ImageObject","inLanguage":"sv-SE","@id":"https:\/\/truusk.store\/sv\/#\/schema\/logo\/image\/","url":"https:\/\/i0.wp.com\/truusk.store\/wp-content\/uploads\/2026\/03\/cropped-TRUUSK.png?fit=2032%2C917&ssl=1","contentUrl":"https:\/\/i0.wp.com\/truusk.store\/wp-content\/uploads\/2026\/03\/cropped-TRUUSK.png?fit=2032%2C917&ssl=1","width":2032,"height":917,"caption":"TRUUSK - Hem, Tr\u00e4dg\u00e5rd & Fritid"},"image":{"@id":"https:\/\/truusk.store\/sv\/#\/schema\/logo\/image\/"}}]}},"jetpack_sharing_enabled":true,"_links":{"self":[{"href":"https:\/\/truusk.store\/sv\/wp-json\/wp\/v2\/product\/107165","targetHints":{"allow":["GET"]}}],"collection":[{"href":"https:\/\/truusk.store\/sv\/wp-json\/wp\/v2\/product"}],"about":[{"href":"https:\/\/truusk.store\/sv\/wp-json\/wp\/v2\/types\/product"}],"wp:featuredmedia":[{"embeddable":true,"href":"https:\/\/truusk.store\/sv\/wp-json\/wp\/v2\/media\/107153"}],"wp:attachment":[{"href":"https:\/\/truusk.store\/sv\/wp-json\/wp\/v2\/media?parent=107165"}],"wp:term":[{"taxonomy":"product_brand","embeddable":true,"href":"https:\/\/truusk.store\/sv\/wp-json\/wp\/v2\/product_brand?post=107165"},{"taxonomy":"product_cat","embeddable":true,"href":"https:\/\/truusk.store\/sv\/wp-json\/wp\/v2\/product_cat?post=107165"},{"taxonomy":"product_tag","embeddable":true,"href":"https:\/\/truusk.store\/sv\/wp-json\/wp\/v2\/product_tag?post=107165"}],"curies":[{"name":"wp","href":"https:\/\/api.w.org\/{rel}","templated":true}]}}