{"id":107185,"date":"2026-03-03T13:38:53","date_gmt":"2026-03-03T12:38:53","guid":{"rendered":"https:\/\/truusk.store\/product\/gungstallning-gungset-med-nastgunga-baltesgunga-och-justerbart-rep-for-3-8-ar-265x160x178-cm-flerfargad\/"},"modified":"2026-03-12T08:53:11","modified_gmt":"2026-03-12T07:53:11","slug":"truusk-gungstallning-med-nastgunga-baltesgunga-justerbart-rep-for-3-8-ar-flerfargad","status":"publish","type":"product","link":"https:\/\/truusk.store\/sv\/produkt\/truusk-gungstallning-med-nastgunga-baltesgunga-justerbart-rep-for-3-8-ar-flerfargad\/","title":{"rendered":"TRUUSK Gungst\u00e4llning Med N\u00e4stgunga &#8211; B\u00e4ltesgunga &#8211; Justerbart Rep &#8211; F\u00f6r 3-8 \u00e5r &#8211; Flerf\u00e4rgad"},"content":{"rendered":"<p>Inf\u00f6r o\u00e4ndligt med skoj och utomhusn\u00f6je i din tr\u00e4dg\u00e5rd med detta [BRAND NAME] barn-gungset. Den tjocka A-ramen av st\u00e5l med triangul\u00e4rt st\u00f6d och markankare ger en s\u00e4ker och stabil bas. Med justerbara rep p\u00e5 sm\u00e5barnsgungan anpassar sig setet \u00f6ver \u00e5ren och erbjuder en p\u00e5litlig mittpunkt f\u00f6r v\u00e4rdefulla familjestunder och glada utomhuslekar n\u00e4r dina barn v\u00e4xer upp.<\/p>\n<p>Beskrivning:<\/p>\n<ul>\n<li> Robust A-ram med markspikar h\u00e5ller upp till 150 kg och ger absolut stabilitet<\/li>\n<li> Inneh\u00e5ller en stor n\u00e4stgunga och en klassisk gunga f\u00f6r gemensamt skoj<\/li>\n<li> Justerbara rep v\u00e4xer med ditt barn, idealiskt f\u00f6r barn fr\u00e5n 3 till 8 \u00e5r<\/li>\n<li> V\u00e4derbest\u00e4ndig ram och robusta tyger ger l\u00e5ngvarigt utomhusn\u00f6je och enkel sk\u00f6tsel<\/li>\n<li> Rymlig 100 cm utomhus n\u00e4stgunga erbjuder en mysig plats f\u00f6r barn att koppla av<\/li>\n<li> Livfulla f\u00e4rger f\u00f6rsk\u00f6nar din tr\u00e4dg\u00e5rd och stimulerar ditt barns gr\u00e4nsl\u00f6sa fantasi<\/li>\n<li> Med tydliga instruktioner som underl\u00e4ttar monteringen kan du b\u00f6rja leka direkt<\/li>\n<\/ul>\n<p> Tekniska specifikationer:<\/p>\n<ul>\n<li> F\u00e4rg: Flerf\u00e4rgad<\/li>\n<li> Material: St\u00e5l, Oxford, PE<\/li>\n<li> Totala dimensioner: 265L x 160B x 178H cm<\/li>\n<li> Tallrikgungans storlek: \u00d8100 cm<\/li>\n<li> B\u00e4ltesgungans storlek: 67L x 14B x 1H cm<\/li>\n<li> Gungans h\u00f6jd: 45-65 cm<\/li>\n<li> B\u00e4rkapacitet: 150 kg (totalt), 100 kg (tallrikgunga), 50 kg (b\u00e4ltesgunga)<\/li>\n<li> Rekommenderad \u00e5lder: 3-8 \u00e5r<\/li>\n<li> Godk\u00e4nd \u00e5lder: 3+ \u00e5r<\/li>\n<\/ul>\n<p>Leveransinneh\u00e5ll:<\/p>\n<ul>\n<li> 1 x Barn-gungset<\/li>\n<li> 1 x Instruktion<\/li>\n<\/ul>\n","protected":false},"excerpt":{"rendered":"<p>Inf\u00f6r o\u00e4ndligt med skoj och utomhusn\u00f6je i din tr\u00e4dg\u00e5rd med detta [BRAND NAME] barn-gungset. Den tjocka A-ramen av st\u00e5l med&#8230;<\/p>\n","protected":false},"featured_media":107173,"template":"","meta":[],"product_brand":[],"product_cat":[880,619,616],"product_tag":[],"class_list":{"0":"post-107185","1":"product","2":"type-product","3":"status-publish","4":"has-post-thumbnail","6":"product_cat-baby-barn-2","7":"product_cat-barngungor","8":"product_cat-utomhusleksaker","10":"first","11":"instock","12":"sale","13":"taxable","14":"shipping-taxable","15":"purchasable","16":"product-type-simple"},"yoast_head":"<!-- This site is optimized with the Yoast SEO plugin v25.4 - https:\/\/yoast.com\/wordpress\/plugins\/seo\/ -->\n<title>TRUUSK Gungst\u00e4llning Med N\u00e4stgunga - B\u00e4ltesgunga - Justerbart Rep - F\u00f6r 3-8 \u00e5r - Flerf\u00e4rgad - TRUUSK - Hem, Tr\u00e4dg\u00e5rd &amp; Fritid<\/title>\n<meta name=\"robots\" content=\"index, follow, max-snippet:-1, max-image-preview:large, max-video-preview:-1\" \/>\n<link rel=\"canonical\" href=\"https:\/\/truusk.store\/sv\/produkt\/truusk-gungstallning-med-nastgunga-baltesgunga-justerbart-rep-for-3-8-ar-flerfargad\/\" \/>\n<meta property=\"og:locale\" content=\"sv_SE\" \/>\n<meta property=\"og:type\" content=\"article\" \/>\n<meta property=\"og:title\" content=\"TRUUSK Gungst\u00e4llning Med N\u00e4stgunga - B\u00e4ltesgunga - Justerbart Rep - F\u00f6r 3-8 \u00e5r - Flerf\u00e4rgad - TRUUSK - Hem, Tr\u00e4dg\u00e5rd &amp; Fritid\" \/>\n<meta property=\"og:description\" content=\"Inf\u00f6r o\u00e4ndligt med skoj och utomhusn\u00f6je i din tr\u00e4dg\u00e5rd med detta [BRAND NAME] barn-gungset. Den tjocka A-ramen av st\u00e5l med...\" \/>\n<meta property=\"og:url\" content=\"https:\/\/truusk.store\/sv\/produkt\/truusk-gungstallning-med-nastgunga-baltesgunga-justerbart-rep-for-3-8-ar-flerfargad\/\" \/>\n<meta property=\"og:site_name\" content=\"TRUUSK - Hem, Tr\u00e4dg\u00e5rd &amp; Fritid\" \/>\n<meta property=\"article:modified_time\" content=\"2026-03-12T07:53:11+00:00\" \/>\n<meta property=\"og:image\" content=\"https:\/\/i0.wp.com\/truusk.se\/wp-content\/uploads\/2026\/03\/gungstallning-gungset-med-nastgunga-baltesgunga-och-justerbart-rep-for-3-8-ar-265x160x178-cm-flerfargad-1.webp?fit=2000%2C2000&ssl=1\" \/>\n\t<meta property=\"og:image:width\" content=\"2000\" \/>\n\t<meta property=\"og:image:height\" content=\"2000\" \/>\n\t<meta property=\"og:image:type\" content=\"image\/webp\" \/>\n<meta name=\"twitter:card\" content=\"summary_large_image\" \/>\n<meta name=\"twitter:label1\" content=\"Ber\u00e4knad l\u00e4stid\" \/>\n\t<meta name=\"twitter:data1\" content=\"1 minut\" \/>\n<!-- \/ Yoast SEO plugin. -->","yoast_head_json":{"title":"TRUUSK Gungst\u00e4llning Med N\u00e4stgunga - B\u00e4ltesgunga - Justerbart Rep - F\u00f6r 3-8 \u00e5r - Flerf\u00e4rgad - TRUUSK - Hem, Tr\u00e4dg\u00e5rd &amp; Fritid","robots":{"index":"index","follow":"follow","max-snippet":"max-snippet:-1","max-image-preview":"max-image-preview:large","max-video-preview":"max-video-preview:-1"},"canonical":"https:\/\/truusk.store\/sv\/produkt\/truusk-gungstallning-med-nastgunga-baltesgunga-justerbart-rep-for-3-8-ar-flerfargad\/","og_locale":"sv_SE","og_type":"article","og_title":"TRUUSK Gungst\u00e4llning Med N\u00e4stgunga - B\u00e4ltesgunga - Justerbart Rep - F\u00f6r 3-8 \u00e5r - Flerf\u00e4rgad - TRUUSK - Hem, Tr\u00e4dg\u00e5rd &amp; Fritid","og_description":"Inf\u00f6r o\u00e4ndligt med skoj och utomhusn\u00f6je i din tr\u00e4dg\u00e5rd med detta [BRAND NAME] barn-gungset. Den tjocka A-ramen av st\u00e5l med...","og_url":"https:\/\/truusk.store\/sv\/produkt\/truusk-gungstallning-med-nastgunga-baltesgunga-justerbart-rep-for-3-8-ar-flerfargad\/","og_site_name":"TRUUSK - Hem, Tr\u00e4dg\u00e5rd &amp; Fritid","article_modified_time":"2026-03-12T07:53:11+00:00","og_image":[{"width":2000,"height":2000,"url":"https:\/\/i0.wp.com\/truusk.se\/wp-content\/uploads\/2026\/03\/gungstallning-gungset-med-nastgunga-baltesgunga-och-justerbart-rep-for-3-8-ar-265x160x178-cm-flerfargad-1.webp?fit=2000%2C2000&ssl=1","type":"image\/webp"}],"twitter_card":"summary_large_image","twitter_misc":{"Ber\u00e4knad l\u00e4stid":"1 minut"},"schema":{"@context":"https:\/\/schema.org","@graph":[{"@type":"WebPage","@id":"https:\/\/truusk.store\/sv\/produkt\/truusk-gungstallning-med-nastgunga-baltesgunga-justerbart-rep-for-3-8-ar-flerfargad\/","url":"https:\/\/truusk.store\/sv\/produkt\/truusk-gungstallning-med-nastgunga-baltesgunga-justerbart-rep-for-3-8-ar-flerfargad\/","name":"TRUUSK Gungst\u00e4llning Med N\u00e4stgunga - B\u00e4ltesgunga - Justerbart Rep - F\u00f6r 3-8 \u00e5r - Flerf\u00e4rgad - TRUUSK - Hem, Tr\u00e4dg\u00e5rd &amp; Fritid","isPartOf":{"@id":"https:\/\/truusk.store\/sv\/#website"},"primaryImageOfPage":{"@id":"https:\/\/truusk.store\/sv\/produkt\/truusk-gungstallning-med-nastgunga-baltesgunga-justerbart-rep-for-3-8-ar-flerfargad\/#primaryimage"},"image":{"@id":"https:\/\/truusk.store\/sv\/produkt\/truusk-gungstallning-med-nastgunga-baltesgunga-justerbart-rep-for-3-8-ar-flerfargad\/#primaryimage"},"thumbnailUrl":"https:\/\/i0.wp.com\/truusk.store\/wp-content\/uploads\/2026\/03\/gungstallning-gungset-med-nastgunga-baltesgunga-och-justerbart-rep-for-3-8-ar-265x160x178-cm-flerfargad-1.webp?fit=2000%2C2000&ssl=1","datePublished":"2026-03-03T12:38:53+00:00","dateModified":"2026-03-12T07:53:11+00:00","breadcrumb":{"@id":"https:\/\/truusk.store\/sv\/produkt\/truusk-gungstallning-med-nastgunga-baltesgunga-justerbart-rep-for-3-8-ar-flerfargad\/#breadcrumb"},"inLanguage":"sv-SE","potentialAction":[{"@type":"ReadAction","target":["https:\/\/truusk.store\/sv\/produkt\/truusk-gungstallning-med-nastgunga-baltesgunga-justerbart-rep-for-3-8-ar-flerfargad\/"]}]},{"@type":"ImageObject","inLanguage":"sv-SE","@id":"https:\/\/truusk.store\/sv\/produkt\/truusk-gungstallning-med-nastgunga-baltesgunga-justerbart-rep-for-3-8-ar-flerfargad\/#primaryimage","url":"https:\/\/i0.wp.com\/truusk.store\/wp-content\/uploads\/2026\/03\/gungstallning-gungset-med-nastgunga-baltesgunga-och-justerbart-rep-for-3-8-ar-265x160x178-cm-flerfargad-1.webp?fit=2000%2C2000&ssl=1","contentUrl":"https:\/\/i0.wp.com\/truusk.store\/wp-content\/uploads\/2026\/03\/gungstallning-gungset-med-nastgunga-baltesgunga-och-justerbart-rep-for-3-8-ar-265x160x178-cm-flerfargad-1.webp?fit=2000%2C2000&ssl=1","width":2000,"height":2000},{"@type":"BreadcrumbList","@id":"https:\/\/truusk.store\/sv\/produkt\/truusk-gungstallning-med-nastgunga-baltesgunga-justerbart-rep-for-3-8-ar-flerfargad\/#breadcrumb","itemListElement":[{"@type":"ListItem","position":1,"name":"Home","item":"https:\/\/truusk.store\/sv\/"},{"@type":"ListItem","position":2,"name":"Shop","item":"https:\/\/truusk.store\/shop\/"},{"@type":"ListItem","position":3,"name":"TRUUSK Gungst\u00e4llning Med N\u00e4stgunga &#8211; B\u00e4ltesgunga &#8211; Justerbart Rep &#8211; F\u00f6r 3-8 \u00e5r &#8211; Flerf\u00e4rgad"}]},{"@type":"WebSite","@id":"https:\/\/truusk.store\/sv\/#website","url":"https:\/\/truusk.store\/sv\/","name":"TRUUSK - Hem, Tr\u00e4dg\u00e5rd & Fritid","description":"","publisher":{"@id":"https:\/\/truusk.store\/sv\/#organization"},"potentialAction":[{"@type":"SearchAction","target":{"@type":"EntryPoint","urlTemplate":"https:\/\/truusk.store\/sv\/?s={search_term_string}"},"query-input":{"@type":"PropertyValueSpecification","valueRequired":true,"valueName":"search_term_string"}}],"inLanguage":"sv-SE"},{"@type":"Organization","@id":"https:\/\/truusk.store\/sv\/#organization","name":"TRUUSK - Hem, Tr\u00e4dg\u00e5rd & Fritid","url":"https:\/\/truusk.store\/sv\/","logo":{"@type":"ImageObject","inLanguage":"sv-SE","@id":"https:\/\/truusk.store\/sv\/#\/schema\/logo\/image\/","url":"https:\/\/i0.wp.com\/truusk.store\/wp-content\/uploads\/2026\/03\/cropped-TRUUSK.png?fit=2032%2C917&ssl=1","contentUrl":"https:\/\/i0.wp.com\/truusk.store\/wp-content\/uploads\/2026\/03\/cropped-TRUUSK.png?fit=2032%2C917&ssl=1","width":2032,"height":917,"caption":"TRUUSK - Hem, Tr\u00e4dg\u00e5rd & Fritid"},"image":{"@id":"https:\/\/truusk.store\/sv\/#\/schema\/logo\/image\/"}}]}},"jetpack_sharing_enabled":true,"_links":{"self":[{"href":"https:\/\/truusk.store\/sv\/wp-json\/wp\/v2\/product\/107185","targetHints":{"allow":["GET"]}}],"collection":[{"href":"https:\/\/truusk.store\/sv\/wp-json\/wp\/v2\/product"}],"about":[{"href":"https:\/\/truusk.store\/sv\/wp-json\/wp\/v2\/types\/product"}],"wp:featuredmedia":[{"embeddable":true,"href":"https:\/\/truusk.store\/sv\/wp-json\/wp\/v2\/media\/107173"}],"wp:attachment":[{"href":"https:\/\/truusk.store\/sv\/wp-json\/wp\/v2\/media?parent=107185"}],"wp:term":[{"taxonomy":"product_brand","embeddable":true,"href":"https:\/\/truusk.store\/sv\/wp-json\/wp\/v2\/product_brand?post=107185"},{"taxonomy":"product_cat","embeddable":true,"href":"https:\/\/truusk.store\/sv\/wp-json\/wp\/v2\/product_cat?post=107185"},{"taxonomy":"product_tag","embeddable":true,"href":"https:\/\/truusk.store\/sv\/wp-json\/wp\/v2\/product_tag?post=107185"}],"curies":[{"name":"wp","href":"https:\/\/api.w.org\/{rel}","templated":true}]}}