{"id":107195,"date":"2026-03-03T13:39:55","date_gmt":"2026-03-03T12:39:55","guid":{"rendered":"https:\/\/truusk.store\/product\/2-sits-rattansoffa-med-kuddar-fallbara-sidobord-loungesoffa-sittgrupp-ljusgra\/"},"modified":"2026-03-12T08:53:12","modified_gmt":"2026-03-12T07:53:12","slug":"truusk-rattansoffa-med-kuddar-fallbara-sidobord-loungesoffa-sittgrupp-ljusgra","status":"publish","type":"product","link":"https:\/\/truusk.store\/sv\/produkt\/truusk-rattansoffa-med-kuddar-fallbara-sidobord-loungesoffa-sittgrupp-ljusgra\/","title":{"rendered":"TRUUSK Rattansoffa med Kuddar &#8211; F\u00e4llbara Sidobord &#8211; Loungesoffa &#8211; Sittgrupp &#8211; Ljusgr\u00e5"},"content":{"rendered":"<p>Att underh\u00e5lla g\u00e4ster p\u00e5 en liten balkong kan k\u00e4nnas tr\u00e5ngt. Denna 2-sits rottingsoffa fr\u00e5n [BRAND NAME] anpassar sig: Den kan delas upp i tv\u00e5 stolar och har dolda utdragbara hyllor. Den robusta st\u00e5lramen ger stabilitet, m\u00e5ngsidighet och komfort utan att \u00f6verbelasta det begr\u00e4nsade utrymmet.<\/p>\n<p>Beskrivning:<\/p>\n<ul>\n<li> Denna 2-sits rottingsoffa kan delas upp i tv\u00e5 stolar och erbjuder flexibla layoutalternativ<\/li>\n<li> Har tv\u00e5 dolda, utf\u00e4llbara sidobord f\u00f6r drycker och b\u00f6cker<\/li>\n<li> Tillverkad med en pulverlackerad st\u00e5lram och PE-rotting f\u00f6r h\u00e5llbarhet<\/li>\n<li> B\u00e4r upp till 240 kg och erbjuder en stabil och s\u00e4ker sittupplevelse<\/li>\n<li> Sitt- och ryggkuddar p\u00e5 utomhussoffan f\u00f6r extra komfort<\/li>\n<li> Sittkuddar med avtagbara, tv\u00e4ttbara \u00f6verdrag f\u00f6r enkel v\u00e5rd<\/li>\n<li> Justerbara f\u00f6tter ger stabilitet p\u00e5 oj\u00e4mna ytor<\/li>\n<li> Montering kr\u00e4vs<\/li>\n<\/ul>\n<p> Tekniska data:<\/p>\n<ul>\n<li> F\u00e4rg: Ljusgr\u00e5+M\u00f6rkgr\u00e5+Svart<\/li>\n<li> Material: PE-rotting, st\u00e5l, polyester, vertikal bomull, PP-bomull<\/li>\n<li> Soffdimensioner: 124B x 63T x 68H cm<\/li>\n<li> Sittstorlek: 110B x 56T cm<\/li>\n<li> Sidobordsstorlek: 35B x 22T cm<\/li>\n<li> Sitth\u00f6jd: (utan kudde) 33 cm<\/li>\n<li> Kuddtjocklek: (sitt) 5 cm, (rygg) 10 cm<\/li>\n<li> B\u00e4rkapacitet: 240 kg<\/li>\n<\/ul>\n<p>Leveransinneh\u00e5ll:<\/p>\n<ul>\n<li> 1 x Tv\u00e5sits<\/li>\n<li> 2 x Sittkuddar<\/li>\n<li> 2 x Ryggkuddar<\/li>\n<li> 1 x Bruksanvisning<\/li>\n<\/ul>\n","protected":false},"excerpt":{"rendered":"<p>Att underh\u00e5lla g\u00e4ster p\u00e5 en liten balkong kan k\u00e4nnas tr\u00e5ngt. Denna 2-sits rottingsoffa fr\u00e5n [BRAND NAME] anpassar sig: Den kan&#8230;<\/p>\n","protected":false},"featured_media":107182,"template":"","meta":[],"product_brand":[],"product_cat":[858,454,450],"product_tag":[],"class_list":{"0":"post-107195","1":"product","2":"type-product","3":"status-publish","4":"has-post-thumbnail","6":"product_cat-tradgard-terrass","7":"product_cat-tradgardsbankar","8":"product_cat-tradgardsmobler","10":"first","11":"instock","12":"sale","13":"taxable","14":"shipping-taxable","15":"purchasable","16":"product-type-simple"},"yoast_head":"<!-- This site is optimized with the Yoast SEO plugin v25.4 - https:\/\/yoast.com\/wordpress\/plugins\/seo\/ -->\n<title>TRUUSK Rattansoffa med Kuddar - F\u00e4llbara Sidobord - Loungesoffa - Sittgrupp - Ljusgr\u00e5 - TRUUSK - Hem, Tr\u00e4dg\u00e5rd &amp; Fritid<\/title>\n<meta name=\"robots\" content=\"index, follow, max-snippet:-1, max-image-preview:large, max-video-preview:-1\" \/>\n<link rel=\"canonical\" href=\"https:\/\/truusk.store\/sv\/produkt\/truusk-rattansoffa-med-kuddar-fallbara-sidobord-loungesoffa-sittgrupp-ljusgra\/\" \/>\n<meta property=\"og:locale\" content=\"sv_SE\" \/>\n<meta property=\"og:type\" content=\"article\" \/>\n<meta property=\"og:title\" content=\"TRUUSK Rattansoffa med Kuddar - F\u00e4llbara Sidobord - Loungesoffa - Sittgrupp - Ljusgr\u00e5 - TRUUSK - Hem, Tr\u00e4dg\u00e5rd &amp; Fritid\" \/>\n<meta property=\"og:description\" content=\"Att underh\u00e5lla g\u00e4ster p\u00e5 en liten balkong kan k\u00e4nnas tr\u00e5ngt. Denna 2-sits rottingsoffa fr\u00e5n [BRAND NAME] anpassar sig: Den kan...\" \/>\n<meta property=\"og:url\" content=\"https:\/\/truusk.store\/sv\/produkt\/truusk-rattansoffa-med-kuddar-fallbara-sidobord-loungesoffa-sittgrupp-ljusgra\/\" \/>\n<meta property=\"og:site_name\" content=\"TRUUSK - Hem, Tr\u00e4dg\u00e5rd &amp; Fritid\" \/>\n<meta property=\"article:modified_time\" content=\"2026-03-12T07:53:12+00:00\" \/>\n<meta property=\"og:image\" content=\"https:\/\/i0.wp.com\/truusk.se\/wp-content\/uploads\/2026\/03\/2-sits-rattansoffa-med-kuddar-fallbara-sidobord-loungesoffa-sittgrupp-ljusgra-1.webp?fit=2000%2C2000&ssl=1\" \/>\n\t<meta property=\"og:image:width\" content=\"2000\" \/>\n\t<meta property=\"og:image:height\" content=\"2000\" \/>\n\t<meta property=\"og:image:type\" content=\"image\/webp\" \/>\n<meta name=\"twitter:card\" content=\"summary_large_image\" \/>\n<meta name=\"twitter:label1\" content=\"Ber\u00e4knad l\u00e4stid\" \/>\n\t<meta name=\"twitter:data1\" content=\"1 minut\" \/>\n<!-- \/ Yoast SEO plugin. -->","yoast_head_json":{"title":"TRUUSK Rattansoffa med Kuddar - F\u00e4llbara Sidobord - Loungesoffa - Sittgrupp - Ljusgr\u00e5 - TRUUSK - Hem, Tr\u00e4dg\u00e5rd &amp; Fritid","robots":{"index":"index","follow":"follow","max-snippet":"max-snippet:-1","max-image-preview":"max-image-preview:large","max-video-preview":"max-video-preview:-1"},"canonical":"https:\/\/truusk.store\/sv\/produkt\/truusk-rattansoffa-med-kuddar-fallbara-sidobord-loungesoffa-sittgrupp-ljusgra\/","og_locale":"sv_SE","og_type":"article","og_title":"TRUUSK Rattansoffa med Kuddar - F\u00e4llbara Sidobord - Loungesoffa - Sittgrupp - Ljusgr\u00e5 - TRUUSK - Hem, Tr\u00e4dg\u00e5rd &amp; Fritid","og_description":"Att underh\u00e5lla g\u00e4ster p\u00e5 en liten balkong kan k\u00e4nnas tr\u00e5ngt. Denna 2-sits rottingsoffa fr\u00e5n [BRAND NAME] anpassar sig: Den kan...","og_url":"https:\/\/truusk.store\/sv\/produkt\/truusk-rattansoffa-med-kuddar-fallbara-sidobord-loungesoffa-sittgrupp-ljusgra\/","og_site_name":"TRUUSK - Hem, Tr\u00e4dg\u00e5rd &amp; Fritid","article_modified_time":"2026-03-12T07:53:12+00:00","og_image":[{"width":2000,"height":2000,"url":"https:\/\/i0.wp.com\/truusk.se\/wp-content\/uploads\/2026\/03\/2-sits-rattansoffa-med-kuddar-fallbara-sidobord-loungesoffa-sittgrupp-ljusgra-1.webp?fit=2000%2C2000&ssl=1","type":"image\/webp"}],"twitter_card":"summary_large_image","twitter_misc":{"Ber\u00e4knad l\u00e4stid":"1 minut"},"schema":{"@context":"https:\/\/schema.org","@graph":[{"@type":"WebPage","@id":"https:\/\/truusk.store\/sv\/produkt\/truusk-rattansoffa-med-kuddar-fallbara-sidobord-loungesoffa-sittgrupp-ljusgra\/","url":"https:\/\/truusk.store\/sv\/produkt\/truusk-rattansoffa-med-kuddar-fallbara-sidobord-loungesoffa-sittgrupp-ljusgra\/","name":"TRUUSK Rattansoffa med Kuddar - F\u00e4llbara Sidobord - Loungesoffa - Sittgrupp - Ljusgr\u00e5 - TRUUSK - Hem, Tr\u00e4dg\u00e5rd &amp; Fritid","isPartOf":{"@id":"https:\/\/truusk.store\/sv\/#website"},"primaryImageOfPage":{"@id":"https:\/\/truusk.store\/sv\/produkt\/truusk-rattansoffa-med-kuddar-fallbara-sidobord-loungesoffa-sittgrupp-ljusgra\/#primaryimage"},"image":{"@id":"https:\/\/truusk.store\/sv\/produkt\/truusk-rattansoffa-med-kuddar-fallbara-sidobord-loungesoffa-sittgrupp-ljusgra\/#primaryimage"},"thumbnailUrl":"https:\/\/i0.wp.com\/truusk.store\/wp-content\/uploads\/2026\/03\/2-sits-rattansoffa-med-kuddar-fallbara-sidobord-loungesoffa-sittgrupp-ljusgra-1.webp?fit=2000%2C2000&ssl=1","datePublished":"2026-03-03T12:39:55+00:00","dateModified":"2026-03-12T07:53:12+00:00","breadcrumb":{"@id":"https:\/\/truusk.store\/sv\/produkt\/truusk-rattansoffa-med-kuddar-fallbara-sidobord-loungesoffa-sittgrupp-ljusgra\/#breadcrumb"},"inLanguage":"sv-SE","potentialAction":[{"@type":"ReadAction","target":["https:\/\/truusk.store\/sv\/produkt\/truusk-rattansoffa-med-kuddar-fallbara-sidobord-loungesoffa-sittgrupp-ljusgra\/"]}]},{"@type":"ImageObject","inLanguage":"sv-SE","@id":"https:\/\/truusk.store\/sv\/produkt\/truusk-rattansoffa-med-kuddar-fallbara-sidobord-loungesoffa-sittgrupp-ljusgra\/#primaryimage","url":"https:\/\/i0.wp.com\/truusk.store\/wp-content\/uploads\/2026\/03\/2-sits-rattansoffa-med-kuddar-fallbara-sidobord-loungesoffa-sittgrupp-ljusgra-1.webp?fit=2000%2C2000&ssl=1","contentUrl":"https:\/\/i0.wp.com\/truusk.store\/wp-content\/uploads\/2026\/03\/2-sits-rattansoffa-med-kuddar-fallbara-sidobord-loungesoffa-sittgrupp-ljusgra-1.webp?fit=2000%2C2000&ssl=1","width":2000,"height":2000},{"@type":"BreadcrumbList","@id":"https:\/\/truusk.store\/sv\/produkt\/truusk-rattansoffa-med-kuddar-fallbara-sidobord-loungesoffa-sittgrupp-ljusgra\/#breadcrumb","itemListElement":[{"@type":"ListItem","position":1,"name":"Home","item":"https:\/\/truusk.store\/sv\/"},{"@type":"ListItem","position":2,"name":"Shop","item":"https:\/\/truusk.store\/shop\/"},{"@type":"ListItem","position":3,"name":"TRUUSK Rattansoffa med Kuddar &#8211; F\u00e4llbara Sidobord &#8211; Loungesoffa &#8211; Sittgrupp &#8211; Ljusgr\u00e5"}]},{"@type":"WebSite","@id":"https:\/\/truusk.store\/sv\/#website","url":"https:\/\/truusk.store\/sv\/","name":"TRUUSK - Hem, Tr\u00e4dg\u00e5rd & Fritid","description":"","publisher":{"@id":"https:\/\/truusk.store\/sv\/#organization"},"potentialAction":[{"@type":"SearchAction","target":{"@type":"EntryPoint","urlTemplate":"https:\/\/truusk.store\/sv\/?s={search_term_string}"},"query-input":{"@type":"PropertyValueSpecification","valueRequired":true,"valueName":"search_term_string"}}],"inLanguage":"sv-SE"},{"@type":"Organization","@id":"https:\/\/truusk.store\/sv\/#organization","name":"TRUUSK - Hem, Tr\u00e4dg\u00e5rd & Fritid","url":"https:\/\/truusk.store\/sv\/","logo":{"@type":"ImageObject","inLanguage":"sv-SE","@id":"https:\/\/truusk.store\/sv\/#\/schema\/logo\/image\/","url":"https:\/\/i0.wp.com\/truusk.store\/wp-content\/uploads\/2026\/03\/cropped-TRUUSK.png?fit=2032%2C917&ssl=1","contentUrl":"https:\/\/i0.wp.com\/truusk.store\/wp-content\/uploads\/2026\/03\/cropped-TRUUSK.png?fit=2032%2C917&ssl=1","width":2032,"height":917,"caption":"TRUUSK - Hem, Tr\u00e4dg\u00e5rd & Fritid"},"image":{"@id":"https:\/\/truusk.store\/sv\/#\/schema\/logo\/image\/"}}]}},"jetpack_sharing_enabled":true,"_links":{"self":[{"href":"https:\/\/truusk.store\/sv\/wp-json\/wp\/v2\/product\/107195","targetHints":{"allow":["GET"]}}],"collection":[{"href":"https:\/\/truusk.store\/sv\/wp-json\/wp\/v2\/product"}],"about":[{"href":"https:\/\/truusk.store\/sv\/wp-json\/wp\/v2\/types\/product"}],"wp:featuredmedia":[{"embeddable":true,"href":"https:\/\/truusk.store\/sv\/wp-json\/wp\/v2\/media\/107182"}],"wp:attachment":[{"href":"https:\/\/truusk.store\/sv\/wp-json\/wp\/v2\/media?parent=107195"}],"wp:term":[{"taxonomy":"product_brand","embeddable":true,"href":"https:\/\/truusk.store\/sv\/wp-json\/wp\/v2\/product_brand?post=107195"},{"taxonomy":"product_cat","embeddable":true,"href":"https:\/\/truusk.store\/sv\/wp-json\/wp\/v2\/product_cat?post=107195"},{"taxonomy":"product_tag","embeddable":true,"href":"https:\/\/truusk.store\/sv\/wp-json\/wp\/v2\/product_tag?post=107195"}],"curies":[{"name":"wp","href":"https:\/\/api.w.org\/{rel}","templated":true}]}}