{"id":107204,"date":"2026-03-03T13:40:57","date_gmt":"2026-03-03T12:40:57","guid":{"rendered":"https:\/\/truusk.store\/product\/gungstallning-i-stal-for-natgunga-barns-gunga-klatterstege-upp-till-150-kg-260-x-160-x-178-cm-bla\/"},"modified":"2026-03-12T08:53:12","modified_gmt":"2026-03-12T07:53:12","slug":"truusk-stal-gungstallning-for-natgunga-barns-gunga-klatterstege-150-kg-260-x-160-x-178-cm-bla","status":"publish","type":"product","link":"https:\/\/truusk.store\/sv\/produkt\/truusk-stal-gungstallning-for-natgunga-barns-gunga-klatterstege-150-kg-260-x-160-x-178-cm-bla\/","title":{"rendered":"TRUUSK St\u00e5l Gungst\u00e4llning f\u00f6r N\u00e4tgunga &#8211; Barns Gunga &#8211; Kl\u00e4tterstege 150 Kg &#8211; 260 x 160 x 178 cm &#8211; Bl\u00e5"},"content":{"rendered":"<p>F\u00f6rvandla din tr\u00e4dg\u00e5rd till ett \u00e4ventyr med [BRAND NAME] barn-gungst\u00e4llning. Den robusta A-ramen f\u00f6r upp till 150 kg g\u00f6r att tre barn kan gunga, kl\u00e4ttra och leka s\u00e4kert. Tillverkad av v\u00e4derbest\u00e4ndigt, pulverlackerat st\u00e5l, \u00e4r det h\u00e5llbart. Tack vare enkel montering b\u00f6rjar lektiden omedelbart. Skapa of\u00f6rgl\u00f6mliga minnen och utomhus skratt f\u00f6r dina barn!<\/p>\n<p>Beskrivning:<\/p>\n<ul>\n<li> Har en robust A-ram och markankare som b\u00e4r upp till 150 kg<\/li>\n<li> Stor 260 cm ram med 4 krokar, rymmer upp till 3 barn samtidigt<\/li>\n<li> Pulverlackerad st\u00e5lkonstruktion av gungst\u00e4llningen erbjuder v\u00e4derbest\u00e4ndig h\u00e5llbarhet mot rost och UV-str\u00e5lar<\/li>\n<li> Universell design av utomhus gungst\u00e4llningen passar olika gungor som n\u00e4st-, sitt- och repgungor<\/li>\n<li> L\u00e4mplig f\u00f6r inomhus och utomhus, erbjuder l\u00e5ngvarig h\u00e5llbarhet<\/li>\n<li> Inneh\u00e5ller all h\u00e5rdvara och tydliga instruktioner f\u00f6r snabb och enkel montering<\/li>\n<li> S\u00e4kert och roligt spel f\u00f6r barn, fr\u00e4mjar utomhusaktiviteter<\/li>\n<\/ul>\n<p> Tekniska specifikationer:<\/p>\n<ul>\n<li> F\u00e4rg: Bl\u00e5+Gul<\/li>\n<li> Material: St\u00e5l<\/li>\n<li> Totala dimensioner: 260L x 160B x 178H cm<\/li>\n<li> B\u00e4rkapacitet: 150 kg (totalt)<\/li>\n<li> Rekommenderad barnvikt: Upp till 50 kg (varje)<\/li>\n<li> Godk\u00e4nd \u00e5lder: fr\u00e5n 3 \u00e5r<\/li>\n<li> Rekommenderad \u00e5lder: 3-8 \u00e5r<\/li>\n<\/ul>\n<p>Leverans inneh\u00e5ller:<\/p>\n<ul>\n<li> 1 x Barn-gungst\u00e4llning<\/li>\n<li> 1 x Instruktioner<\/li>\n<\/ul>\n","protected":false},"excerpt":{"rendered":"<p>F\u00f6rvandla din tr\u00e4dg\u00e5rd till ett \u00e4ventyr med [BRAND NAME] barn-gungst\u00e4llning. Den robusta A-ramen f\u00f6r upp till 150 kg g\u00f6r att&#8230;<\/p>\n","protected":false},"featured_media":107192,"template":"","meta":[],"product_brand":[],"product_cat":[880,619,616],"product_tag":[],"class_list":{"0":"post-107204","1":"product","2":"type-product","3":"status-publish","4":"has-post-thumbnail","6":"product_cat-baby-barn-2","7":"product_cat-barngungor","8":"product_cat-utomhusleksaker","10":"first","11":"instock","12":"sale","13":"taxable","14":"shipping-taxable","15":"purchasable","16":"product-type-simple"},"yoast_head":"<!-- This site is optimized with the Yoast SEO plugin v25.4 - https:\/\/yoast.com\/wordpress\/plugins\/seo\/ -->\n<title>TRUUSK St\u00e5l Gungst\u00e4llning f\u00f6r N\u00e4tgunga - Barns Gunga - Kl\u00e4tterstege 150 Kg - 260 x 160 x 178 cm - Bl\u00e5 - TRUUSK - Hem, Tr\u00e4dg\u00e5rd &amp; Fritid<\/title>\n<meta name=\"robots\" content=\"index, follow, max-snippet:-1, max-image-preview:large, max-video-preview:-1\" \/>\n<link rel=\"canonical\" href=\"https:\/\/truusk.store\/sv\/produkt\/truusk-stal-gungstallning-for-natgunga-barns-gunga-klatterstege-150-kg-260-x-160-x-178-cm-bla\/\" \/>\n<meta property=\"og:locale\" content=\"sv_SE\" \/>\n<meta property=\"og:type\" content=\"article\" \/>\n<meta property=\"og:title\" content=\"TRUUSK St\u00e5l Gungst\u00e4llning f\u00f6r N\u00e4tgunga - Barns Gunga - Kl\u00e4tterstege 150 Kg - 260 x 160 x 178 cm - Bl\u00e5 - TRUUSK - Hem, Tr\u00e4dg\u00e5rd &amp; Fritid\" \/>\n<meta property=\"og:description\" content=\"F\u00f6rvandla din tr\u00e4dg\u00e5rd till ett \u00e4ventyr med [BRAND NAME] barn-gungst\u00e4llning. Den robusta A-ramen f\u00f6r upp till 150 kg g\u00f6r att...\" \/>\n<meta property=\"og:url\" content=\"https:\/\/truusk.store\/sv\/produkt\/truusk-stal-gungstallning-for-natgunga-barns-gunga-klatterstege-150-kg-260-x-160-x-178-cm-bla\/\" \/>\n<meta property=\"og:site_name\" content=\"TRUUSK - Hem, Tr\u00e4dg\u00e5rd &amp; Fritid\" \/>\n<meta property=\"article:modified_time\" content=\"2026-03-12T07:53:12+00:00\" \/>\n<meta property=\"og:image\" content=\"https:\/\/i0.wp.com\/truusk.se\/wp-content\/uploads\/2026\/03\/gungstallning-i-stal-for-natgunga-barns-gunga-klatterstege-upp-till-150-kg-260-x-160-x-178-cm-bla-1.webp?fit=2000%2C2000&ssl=1\" \/>\n\t<meta property=\"og:image:width\" content=\"2000\" \/>\n\t<meta property=\"og:image:height\" content=\"2000\" \/>\n\t<meta property=\"og:image:type\" content=\"image\/webp\" \/>\n<meta name=\"twitter:card\" content=\"summary_large_image\" \/>\n<meta name=\"twitter:label1\" content=\"Ber\u00e4knad l\u00e4stid\" \/>\n\t<meta name=\"twitter:data1\" content=\"1 minut\" \/>\n<!-- \/ Yoast SEO plugin. -->","yoast_head_json":{"title":"TRUUSK St\u00e5l Gungst\u00e4llning f\u00f6r N\u00e4tgunga - Barns Gunga - Kl\u00e4tterstege 150 Kg - 260 x 160 x 178 cm - Bl\u00e5 - TRUUSK - Hem, Tr\u00e4dg\u00e5rd &amp; Fritid","robots":{"index":"index","follow":"follow","max-snippet":"max-snippet:-1","max-image-preview":"max-image-preview:large","max-video-preview":"max-video-preview:-1"},"canonical":"https:\/\/truusk.store\/sv\/produkt\/truusk-stal-gungstallning-for-natgunga-barns-gunga-klatterstege-150-kg-260-x-160-x-178-cm-bla\/","og_locale":"sv_SE","og_type":"article","og_title":"TRUUSK St\u00e5l Gungst\u00e4llning f\u00f6r N\u00e4tgunga - Barns Gunga - Kl\u00e4tterstege 150 Kg - 260 x 160 x 178 cm - Bl\u00e5 - TRUUSK - Hem, Tr\u00e4dg\u00e5rd &amp; Fritid","og_description":"F\u00f6rvandla din tr\u00e4dg\u00e5rd till ett \u00e4ventyr med [BRAND NAME] barn-gungst\u00e4llning. Den robusta A-ramen f\u00f6r upp till 150 kg g\u00f6r att...","og_url":"https:\/\/truusk.store\/sv\/produkt\/truusk-stal-gungstallning-for-natgunga-barns-gunga-klatterstege-150-kg-260-x-160-x-178-cm-bla\/","og_site_name":"TRUUSK - Hem, Tr\u00e4dg\u00e5rd &amp; Fritid","article_modified_time":"2026-03-12T07:53:12+00:00","og_image":[{"width":2000,"height":2000,"url":"https:\/\/i0.wp.com\/truusk.se\/wp-content\/uploads\/2026\/03\/gungstallning-i-stal-for-natgunga-barns-gunga-klatterstege-upp-till-150-kg-260-x-160-x-178-cm-bla-1.webp?fit=2000%2C2000&ssl=1","type":"image\/webp"}],"twitter_card":"summary_large_image","twitter_misc":{"Ber\u00e4knad l\u00e4stid":"1 minut"},"schema":{"@context":"https:\/\/schema.org","@graph":[{"@type":"WebPage","@id":"https:\/\/truusk.store\/sv\/produkt\/truusk-stal-gungstallning-for-natgunga-barns-gunga-klatterstege-150-kg-260-x-160-x-178-cm-bla\/","url":"https:\/\/truusk.store\/sv\/produkt\/truusk-stal-gungstallning-for-natgunga-barns-gunga-klatterstege-150-kg-260-x-160-x-178-cm-bla\/","name":"TRUUSK St\u00e5l Gungst\u00e4llning f\u00f6r N\u00e4tgunga - Barns Gunga - Kl\u00e4tterstege 150 Kg - 260 x 160 x 178 cm - Bl\u00e5 - TRUUSK - Hem, Tr\u00e4dg\u00e5rd &amp; Fritid","isPartOf":{"@id":"https:\/\/truusk.store\/sv\/#website"},"primaryImageOfPage":{"@id":"https:\/\/truusk.store\/sv\/produkt\/truusk-stal-gungstallning-for-natgunga-barns-gunga-klatterstege-150-kg-260-x-160-x-178-cm-bla\/#primaryimage"},"image":{"@id":"https:\/\/truusk.store\/sv\/produkt\/truusk-stal-gungstallning-for-natgunga-barns-gunga-klatterstege-150-kg-260-x-160-x-178-cm-bla\/#primaryimage"},"thumbnailUrl":"https:\/\/i0.wp.com\/truusk.store\/wp-content\/uploads\/2026\/03\/gungstallning-i-stal-for-natgunga-barns-gunga-klatterstege-upp-till-150-kg-260-x-160-x-178-cm-bla-1.webp?fit=2000%2C2000&ssl=1","datePublished":"2026-03-03T12:40:57+00:00","dateModified":"2026-03-12T07:53:12+00:00","breadcrumb":{"@id":"https:\/\/truusk.store\/sv\/produkt\/truusk-stal-gungstallning-for-natgunga-barns-gunga-klatterstege-150-kg-260-x-160-x-178-cm-bla\/#breadcrumb"},"inLanguage":"sv-SE","potentialAction":[{"@type":"ReadAction","target":["https:\/\/truusk.store\/sv\/produkt\/truusk-stal-gungstallning-for-natgunga-barns-gunga-klatterstege-150-kg-260-x-160-x-178-cm-bla\/"]}]},{"@type":"ImageObject","inLanguage":"sv-SE","@id":"https:\/\/truusk.store\/sv\/produkt\/truusk-stal-gungstallning-for-natgunga-barns-gunga-klatterstege-150-kg-260-x-160-x-178-cm-bla\/#primaryimage","url":"https:\/\/i0.wp.com\/truusk.store\/wp-content\/uploads\/2026\/03\/gungstallning-i-stal-for-natgunga-barns-gunga-klatterstege-upp-till-150-kg-260-x-160-x-178-cm-bla-1.webp?fit=2000%2C2000&ssl=1","contentUrl":"https:\/\/i0.wp.com\/truusk.store\/wp-content\/uploads\/2026\/03\/gungstallning-i-stal-for-natgunga-barns-gunga-klatterstege-upp-till-150-kg-260-x-160-x-178-cm-bla-1.webp?fit=2000%2C2000&ssl=1","width":2000,"height":2000},{"@type":"BreadcrumbList","@id":"https:\/\/truusk.store\/sv\/produkt\/truusk-stal-gungstallning-for-natgunga-barns-gunga-klatterstege-150-kg-260-x-160-x-178-cm-bla\/#breadcrumb","itemListElement":[{"@type":"ListItem","position":1,"name":"Home","item":"https:\/\/truusk.store\/sv\/"},{"@type":"ListItem","position":2,"name":"Shop","item":"https:\/\/truusk.store\/shop\/"},{"@type":"ListItem","position":3,"name":"TRUUSK St\u00e5l Gungst\u00e4llning f\u00f6r N\u00e4tgunga &#8211; Barns Gunga &#8211; Kl\u00e4tterstege 150 Kg &#8211; 260 x 160 x 178 cm &#8211; Bl\u00e5"}]},{"@type":"WebSite","@id":"https:\/\/truusk.store\/sv\/#website","url":"https:\/\/truusk.store\/sv\/","name":"TRUUSK - Hem, Tr\u00e4dg\u00e5rd & Fritid","description":"","publisher":{"@id":"https:\/\/truusk.store\/sv\/#organization"},"potentialAction":[{"@type":"SearchAction","target":{"@type":"EntryPoint","urlTemplate":"https:\/\/truusk.store\/sv\/?s={search_term_string}"},"query-input":{"@type":"PropertyValueSpecification","valueRequired":true,"valueName":"search_term_string"}}],"inLanguage":"sv-SE"},{"@type":"Organization","@id":"https:\/\/truusk.store\/sv\/#organization","name":"TRUUSK - Hem, Tr\u00e4dg\u00e5rd & Fritid","url":"https:\/\/truusk.store\/sv\/","logo":{"@type":"ImageObject","inLanguage":"sv-SE","@id":"https:\/\/truusk.store\/sv\/#\/schema\/logo\/image\/","url":"https:\/\/i0.wp.com\/truusk.store\/wp-content\/uploads\/2026\/03\/cropped-TRUUSK.png?fit=2032%2C917&ssl=1","contentUrl":"https:\/\/i0.wp.com\/truusk.store\/wp-content\/uploads\/2026\/03\/cropped-TRUUSK.png?fit=2032%2C917&ssl=1","width":2032,"height":917,"caption":"TRUUSK - Hem, Tr\u00e4dg\u00e5rd & Fritid"},"image":{"@id":"https:\/\/truusk.store\/sv\/#\/schema\/logo\/image\/"}}]}},"jetpack_sharing_enabled":true,"_links":{"self":[{"href":"https:\/\/truusk.store\/sv\/wp-json\/wp\/v2\/product\/107204","targetHints":{"allow":["GET"]}}],"collection":[{"href":"https:\/\/truusk.store\/sv\/wp-json\/wp\/v2\/product"}],"about":[{"href":"https:\/\/truusk.store\/sv\/wp-json\/wp\/v2\/types\/product"}],"wp:featuredmedia":[{"embeddable":true,"href":"https:\/\/truusk.store\/sv\/wp-json\/wp\/v2\/media\/107192"}],"wp:attachment":[{"href":"https:\/\/truusk.store\/sv\/wp-json\/wp\/v2\/media?parent=107204"}],"wp:term":[{"taxonomy":"product_brand","embeddable":true,"href":"https:\/\/truusk.store\/sv\/wp-json\/wp\/v2\/product_brand?post=107204"},{"taxonomy":"product_cat","embeddable":true,"href":"https:\/\/truusk.store\/sv\/wp-json\/wp\/v2\/product_cat?post=107204"},{"taxonomy":"product_tag","embeddable":true,"href":"https:\/\/truusk.store\/sv\/wp-json\/wp\/v2\/product_tag?post=107204"}],"curies":[{"name":"wp","href":"https:\/\/api.w.org\/{rel}","templated":true}]}}