{"id":107223,"date":"2026-03-03T13:42:54","date_gmt":"2026-03-03T12:42:54","guid":{"rendered":"https:\/\/truusk.store\/product\/2-sits-rattan-tradgardsoffa-pe-rattan-utomhus-terrasssoffa-med-kuddar-anti-slip-mattor-stalram-ljusgra\/"},"modified":"2026-03-12T08:53:15","modified_gmt":"2026-03-12T07:53:15","slug":"truusk-rattan-tradgardsoffa-pe-rattan-utomhus-terrasssoffa-med-kuddar-anti-slip-mattor-stalram-ljusgra","status":"publish","type":"product","link":"https:\/\/truusk.store\/sv\/produkt\/truusk-rattan-tradgardsoffa-pe-rattan-utomhus-terrasssoffa-med-kuddar-anti-slip-mattor-stalram-ljusgra\/","title":{"rendered":"TRUUSK Rattan Tr\u00e4dg\u00e5rdsoffa &#8211; PE-Rattan &#8211; Utomhus Terrasssoffa &#8211; Med Kuddar &#8211; Anti-slip Mattor &#8211; St\u00e5lram &#8211; Ljusgr\u00e5"},"content":{"rendered":"<p>En bra 2-sits tr\u00e4dg\u00e5rdssoffa som erbjuder komfort och stabilitet \u00e4r ofta sv\u00e5r att hitta. [BRAND NAME] 2-sits Rattansoffa skapar en mysig trivselzon med skumdynor. Perfekt f\u00f6r att koppla av, prata eller njuta av solen med en f\u00f6ljeslagare &#8211; idealisk f\u00f6r att f\u00f6rvandla terrassen eller tr\u00e4dg\u00e5rden till en inbjudande oas.<\/p>\n<p>Beskrivning:<\/p>\n<ul>\n<li> 2-sits Rattansoffa f\u00f6r mysiga utomhussamtal<\/li>\n<li> Tjockt skumdyna f\u00f6r h\u00f6g sittkomfort p\u00e5 din 2-sits tr\u00e4dg\u00e5rdssoffa<\/li>\n<li> Avtagbart och tv\u00e4ttbart dyn\u00f6verdrag f\u00f6r enkel v\u00e5rd<\/li>\n<li> Halkfria mattor ing\u00e5r f\u00f6r att h\u00e5lla dynan p\u00e5 plats<\/li>\n<li> Pulverlackerad galvaniserad st\u00e5lram som inte l\u00e4tt rostar, skrapar eller deformeras<\/li>\n<li> PE-rattan imiterar traditionell rattan, men \u00e4r mer v\u00e4derbest\u00e4ndig<\/li>\n<li> Enkel att montera s\u00e5 att du snabbt kan njuta av din nya 2-sits Rattansoffa<\/li>\n<\/ul>\n<p> Tekniska specifikationer:<\/p>\n<ul>\n<li> F\u00e4rg: M\u00f6rkgr\u00e5+Ljusgr\u00e5<\/li>\n<li> Material: PE-rattan, st\u00e5l, polyester, skum<\/li>\n<li> Totala dimensioner: 115B x 63D x 85H cm<\/li>\n<li> Sitsstorlek: 102B x 44D cm<\/li>\n<li> Sitth\u00f6jd: (utan dyna) 41 cm<\/li>\n<li> Ryggstorlek: 103L x 45B cm<\/li>\n<li> Dynans tjocklek: 5 cm<\/li>\n<li> B\u00e4rkapacitet: 240 kg<\/li>\n<\/ul>\n<p>Leveransinneh\u00e5ll:<\/p>\n<ul>\n<li> 1 x Rattan-tr\u00e4dg\u00e5rdssoffa<\/li>\n<li> 1 x Sitsdyna<\/li>\n<li> Anti-halkmattor<\/li>\n<li> 1 x Bruksanvisning<\/li>\n<\/ul>\n","protected":false},"excerpt":{"rendered":"<p>En bra 2-sits tr\u00e4dg\u00e5rdssoffa som erbjuder komfort och stabilitet \u00e4r ofta sv\u00e5r att hitta. [BRAND NAME] 2-sits Rattansoffa skapar en&#8230;<\/p>\n","protected":false},"featured_media":107212,"template":"","meta":[],"product_brand":[],"product_cat":[858,454,450],"product_tag":[],"class_list":{"0":"post-107223","1":"product","2":"type-product","3":"status-publish","4":"has-post-thumbnail","6":"product_cat-tradgard-terrass","7":"product_cat-tradgardsbankar","8":"product_cat-tradgardsmobler","10":"first","11":"instock","12":"sale","13":"taxable","14":"shipping-taxable","15":"purchasable","16":"product-type-simple"},"yoast_head":"<!-- This site is optimized with the Yoast SEO plugin v25.4 - https:\/\/yoast.com\/wordpress\/plugins\/seo\/ -->\n<title>TRUUSK Rattan Tr\u00e4dg\u00e5rdsoffa - PE-Rattan - Utomhus Terrasssoffa - Med Kuddar - Anti-slip Mattor - St\u00e5lram - Ljusgr\u00e5 - TRUUSK - Hem, Tr\u00e4dg\u00e5rd &amp; Fritid<\/title>\n<meta name=\"robots\" content=\"index, follow, max-snippet:-1, max-image-preview:large, max-video-preview:-1\" \/>\n<link rel=\"canonical\" href=\"https:\/\/truusk.store\/sv\/produkt\/truusk-rattan-tradgardsoffa-pe-rattan-utomhus-terrasssoffa-med-kuddar-anti-slip-mattor-stalram-ljusgra\/\" \/>\n<meta property=\"og:locale\" content=\"sv_SE\" \/>\n<meta property=\"og:type\" content=\"article\" \/>\n<meta property=\"og:title\" content=\"TRUUSK Rattan Tr\u00e4dg\u00e5rdsoffa - PE-Rattan - Utomhus Terrasssoffa - Med Kuddar - Anti-slip Mattor - St\u00e5lram - Ljusgr\u00e5 - TRUUSK - Hem, Tr\u00e4dg\u00e5rd &amp; Fritid\" \/>\n<meta property=\"og:description\" content=\"En bra 2-sits tr\u00e4dg\u00e5rdssoffa som erbjuder komfort och stabilitet \u00e4r ofta sv\u00e5r att hitta. [BRAND NAME] 2-sits Rattansoffa skapar en...\" \/>\n<meta property=\"og:url\" content=\"https:\/\/truusk.store\/sv\/produkt\/truusk-rattan-tradgardsoffa-pe-rattan-utomhus-terrasssoffa-med-kuddar-anti-slip-mattor-stalram-ljusgra\/\" \/>\n<meta property=\"og:site_name\" content=\"TRUUSK - Hem, Tr\u00e4dg\u00e5rd &amp; Fritid\" \/>\n<meta property=\"article:modified_time\" content=\"2026-03-12T07:53:15+00:00\" \/>\n<meta property=\"og:image\" content=\"https:\/\/i0.wp.com\/truusk.se\/wp-content\/uploads\/2026\/03\/2-sits-rattan-tradgardsoffa-pe-rattan-utomhus-terrasssoffa-med-kuddar-anti-slip-mattor-stalram-ljusgra-1.webp?fit=2000%2C2000&ssl=1\" \/>\n\t<meta property=\"og:image:width\" content=\"2000\" \/>\n\t<meta property=\"og:image:height\" content=\"2000\" \/>\n\t<meta property=\"og:image:type\" content=\"image\/webp\" \/>\n<meta name=\"twitter:card\" content=\"summary_large_image\" \/>\n<meta name=\"twitter:label1\" content=\"Ber\u00e4knad l\u00e4stid\" \/>\n\t<meta name=\"twitter:data1\" content=\"1 minut\" \/>\n<!-- \/ Yoast SEO plugin. -->","yoast_head_json":{"title":"TRUUSK Rattan Tr\u00e4dg\u00e5rdsoffa - PE-Rattan - Utomhus Terrasssoffa - Med Kuddar - Anti-slip Mattor - St\u00e5lram - Ljusgr\u00e5 - TRUUSK - Hem, Tr\u00e4dg\u00e5rd &amp; Fritid","robots":{"index":"index","follow":"follow","max-snippet":"max-snippet:-1","max-image-preview":"max-image-preview:large","max-video-preview":"max-video-preview:-1"},"canonical":"https:\/\/truusk.store\/sv\/produkt\/truusk-rattan-tradgardsoffa-pe-rattan-utomhus-terrasssoffa-med-kuddar-anti-slip-mattor-stalram-ljusgra\/","og_locale":"sv_SE","og_type":"article","og_title":"TRUUSK Rattan Tr\u00e4dg\u00e5rdsoffa - PE-Rattan - Utomhus Terrasssoffa - Med Kuddar - Anti-slip Mattor - St\u00e5lram - Ljusgr\u00e5 - TRUUSK - Hem, Tr\u00e4dg\u00e5rd &amp; Fritid","og_description":"En bra 2-sits tr\u00e4dg\u00e5rdssoffa som erbjuder komfort och stabilitet \u00e4r ofta sv\u00e5r att hitta. [BRAND NAME] 2-sits Rattansoffa skapar en...","og_url":"https:\/\/truusk.store\/sv\/produkt\/truusk-rattan-tradgardsoffa-pe-rattan-utomhus-terrasssoffa-med-kuddar-anti-slip-mattor-stalram-ljusgra\/","og_site_name":"TRUUSK - Hem, Tr\u00e4dg\u00e5rd &amp; Fritid","article_modified_time":"2026-03-12T07:53:15+00:00","og_image":[{"width":2000,"height":2000,"url":"https:\/\/i0.wp.com\/truusk.se\/wp-content\/uploads\/2026\/03\/2-sits-rattan-tradgardsoffa-pe-rattan-utomhus-terrasssoffa-med-kuddar-anti-slip-mattor-stalram-ljusgra-1.webp?fit=2000%2C2000&ssl=1","type":"image\/webp"}],"twitter_card":"summary_large_image","twitter_misc":{"Ber\u00e4knad l\u00e4stid":"1 minut"},"schema":{"@context":"https:\/\/schema.org","@graph":[{"@type":"WebPage","@id":"https:\/\/truusk.store\/sv\/produkt\/truusk-rattan-tradgardsoffa-pe-rattan-utomhus-terrasssoffa-med-kuddar-anti-slip-mattor-stalram-ljusgra\/","url":"https:\/\/truusk.store\/sv\/produkt\/truusk-rattan-tradgardsoffa-pe-rattan-utomhus-terrasssoffa-med-kuddar-anti-slip-mattor-stalram-ljusgra\/","name":"TRUUSK Rattan Tr\u00e4dg\u00e5rdsoffa - PE-Rattan - Utomhus Terrasssoffa - Med Kuddar - Anti-slip Mattor - St\u00e5lram - Ljusgr\u00e5 - TRUUSK - Hem, Tr\u00e4dg\u00e5rd &amp; Fritid","isPartOf":{"@id":"https:\/\/truusk.store\/sv\/#website"},"primaryImageOfPage":{"@id":"https:\/\/truusk.store\/sv\/produkt\/truusk-rattan-tradgardsoffa-pe-rattan-utomhus-terrasssoffa-med-kuddar-anti-slip-mattor-stalram-ljusgra\/#primaryimage"},"image":{"@id":"https:\/\/truusk.store\/sv\/produkt\/truusk-rattan-tradgardsoffa-pe-rattan-utomhus-terrasssoffa-med-kuddar-anti-slip-mattor-stalram-ljusgra\/#primaryimage"},"thumbnailUrl":"https:\/\/i0.wp.com\/truusk.store\/wp-content\/uploads\/2026\/03\/2-sits-rattan-tradgardsoffa-pe-rattan-utomhus-terrasssoffa-med-kuddar-anti-slip-mattor-stalram-ljusgra-1.webp?fit=2000%2C2000&ssl=1","datePublished":"2026-03-03T12:42:54+00:00","dateModified":"2026-03-12T07:53:15+00:00","breadcrumb":{"@id":"https:\/\/truusk.store\/sv\/produkt\/truusk-rattan-tradgardsoffa-pe-rattan-utomhus-terrasssoffa-med-kuddar-anti-slip-mattor-stalram-ljusgra\/#breadcrumb"},"inLanguage":"sv-SE","potentialAction":[{"@type":"ReadAction","target":["https:\/\/truusk.store\/sv\/produkt\/truusk-rattan-tradgardsoffa-pe-rattan-utomhus-terrasssoffa-med-kuddar-anti-slip-mattor-stalram-ljusgra\/"]}]},{"@type":"ImageObject","inLanguage":"sv-SE","@id":"https:\/\/truusk.store\/sv\/produkt\/truusk-rattan-tradgardsoffa-pe-rattan-utomhus-terrasssoffa-med-kuddar-anti-slip-mattor-stalram-ljusgra\/#primaryimage","url":"https:\/\/i0.wp.com\/truusk.store\/wp-content\/uploads\/2026\/03\/2-sits-rattan-tradgardsoffa-pe-rattan-utomhus-terrasssoffa-med-kuddar-anti-slip-mattor-stalram-ljusgra-1.webp?fit=2000%2C2000&ssl=1","contentUrl":"https:\/\/i0.wp.com\/truusk.store\/wp-content\/uploads\/2026\/03\/2-sits-rattan-tradgardsoffa-pe-rattan-utomhus-terrasssoffa-med-kuddar-anti-slip-mattor-stalram-ljusgra-1.webp?fit=2000%2C2000&ssl=1","width":2000,"height":2000},{"@type":"BreadcrumbList","@id":"https:\/\/truusk.store\/sv\/produkt\/truusk-rattan-tradgardsoffa-pe-rattan-utomhus-terrasssoffa-med-kuddar-anti-slip-mattor-stalram-ljusgra\/#breadcrumb","itemListElement":[{"@type":"ListItem","position":1,"name":"Home","item":"https:\/\/truusk.store\/sv\/"},{"@type":"ListItem","position":2,"name":"Shop","item":"https:\/\/truusk.store\/shop\/"},{"@type":"ListItem","position":3,"name":"TRUUSK Rattan Tr\u00e4dg\u00e5rdsoffa &#8211; PE-Rattan &#8211; Utomhus Terrasssoffa &#8211; Med Kuddar &#8211; Anti-slip Mattor &#8211; St\u00e5lram &#8211; Ljusgr\u00e5"}]},{"@type":"WebSite","@id":"https:\/\/truusk.store\/sv\/#website","url":"https:\/\/truusk.store\/sv\/","name":"TRUUSK - Hem, Tr\u00e4dg\u00e5rd & Fritid","description":"","publisher":{"@id":"https:\/\/truusk.store\/sv\/#organization"},"potentialAction":[{"@type":"SearchAction","target":{"@type":"EntryPoint","urlTemplate":"https:\/\/truusk.store\/sv\/?s={search_term_string}"},"query-input":{"@type":"PropertyValueSpecification","valueRequired":true,"valueName":"search_term_string"}}],"inLanguage":"sv-SE"},{"@type":"Organization","@id":"https:\/\/truusk.store\/sv\/#organization","name":"TRUUSK - Hem, Tr\u00e4dg\u00e5rd & Fritid","url":"https:\/\/truusk.store\/sv\/","logo":{"@type":"ImageObject","inLanguage":"sv-SE","@id":"https:\/\/truusk.store\/sv\/#\/schema\/logo\/image\/","url":"https:\/\/i0.wp.com\/truusk.store\/wp-content\/uploads\/2026\/03\/cropped-TRUUSK.png?fit=2032%2C917&ssl=1","contentUrl":"https:\/\/i0.wp.com\/truusk.store\/wp-content\/uploads\/2026\/03\/cropped-TRUUSK.png?fit=2032%2C917&ssl=1","width":2032,"height":917,"caption":"TRUUSK - Hem, Tr\u00e4dg\u00e5rd & Fritid"},"image":{"@id":"https:\/\/truusk.store\/sv\/#\/schema\/logo\/image\/"}}]}},"jetpack_sharing_enabled":true,"_links":{"self":[{"href":"https:\/\/truusk.store\/sv\/wp-json\/wp\/v2\/product\/107223","targetHints":{"allow":["GET"]}}],"collection":[{"href":"https:\/\/truusk.store\/sv\/wp-json\/wp\/v2\/product"}],"about":[{"href":"https:\/\/truusk.store\/sv\/wp-json\/wp\/v2\/types\/product"}],"wp:featuredmedia":[{"embeddable":true,"href":"https:\/\/truusk.store\/sv\/wp-json\/wp\/v2\/media\/107212"}],"wp:attachment":[{"href":"https:\/\/truusk.store\/sv\/wp-json\/wp\/v2\/media?parent=107223"}],"wp:term":[{"taxonomy":"product_brand","embeddable":true,"href":"https:\/\/truusk.store\/sv\/wp-json\/wp\/v2\/product_brand?post=107223"},{"taxonomy":"product_cat","embeddable":true,"href":"https:\/\/truusk.store\/sv\/wp-json\/wp\/v2\/product_cat?post=107223"},{"taxonomy":"product_tag","embeddable":true,"href":"https:\/\/truusk.store\/sv\/wp-json\/wp\/v2\/product_tag?post=107223"}],"curies":[{"name":"wp","href":"https:\/\/api.w.org\/{rel}","templated":true}]}}