{"id":107234,"date":"2026-03-03T13:43:59","date_gmt":"2026-03-03T12:43:59","guid":{"rendered":"https:\/\/truusk.store\/product\/tradgardsmobelset-sittgrupp-119-x-68cm-glasbord-med-6-hopfallbara-stolar-parasoll-vagmonster-gra\/"},"modified":"2026-03-12T08:53:20","modified_gmt":"2026-03-12T07:53:20","slug":"truusk-tradgardsmobelset-119-x-68cm-glasbord-6-hopfallbara-stolar-parasoll-vagmonster-gra","status":"publish","type":"product","link":"https:\/\/truusk.store\/sv\/produkt\/truusk-tradgardsmobelset-119-x-68cm-glasbord-6-hopfallbara-stolar-parasoll-vagmonster-gra\/","title":{"rendered":"TRUUSK Tr\u00e4dg\u00e5rdsm\u00f6belset &#8211; 119 X 68cm Glasbord &#8211; 6 Hopf\u00e4llbara Stolar &#8211; Parasoll &#8211; V\u00e5gm\u00f6nster Gr\u00e5"},"content":{"rendered":"<p>Dr\u00f6mmer du om avkopplande utomhustr\u00e4ffar, men skyr besv\u00e4ret? [BRAND NAME] tr\u00e4dg\u00e5rdsm\u00f6belset g\u00f6r det enkelt. Detta 8-delade balkongm\u00f6belset erbjuder omedelbart den perfekta m\u00f6tesplatsen. Efter festen kan stolarna f\u00e4llas ihop platt f\u00f6r att spara utrymme. Byggd med en stabil st\u00e5lram och v\u00e4derbest\u00e4ndiga material, garanterar detta set \u00e5rs minnen och bekymmersfri avkoppling.<\/p>\n<p>Beskrivning:<\/p>\n<ul>\n<li> Detta kompletta 8-delade set rymmer sex personer med ett bord, stolar och en parasoll<\/li>\n<li> Alla sex stolar kan f\u00e4llas ihop till endast 8 cm tjocklek f\u00f6r kompakt f\u00f6rvaring under vintern<\/li>\n<li> St\u00e5lram och h\u00e4rdat glas skapar en robust, v\u00e4derbest\u00e4ndig l\u00f6sning f\u00f6r att \u00e4ta i tr\u00e4dg\u00e5rden<\/li>\n<li> Andningsbart n\u00e4ttyg p\u00e5 sittplatser och ryggst\u00f6d ger svalka p\u00e5 sommaren<\/li>\n<li> Tillverkad av pulverlackerat st\u00e5l och h\u00e4rdat glas f\u00f6r l\u00e5ngvarig stabilitet i utomhusgruppen<\/li>\n<li> En stor 180 cm parasoll ing\u00e5r f\u00f6r omedelbar skugga p\u00e5 soliga dagar<\/li>\n<li> B\u00e5de glasplattan och tyget kan torkas av f\u00f6r enkel, enkel v\u00e5rd<\/li>\n<li> Montering kr\u00e4vs<\/li>\n<\/ul>\n<p> Tekniska data:<\/p>\n<ul>\n<li> F\u00e4rg: Svart+Gr\u00e5<\/li>\n<li> Material: St\u00e5l, n\u00e4ttyg, polyester, h\u00e4rdat glas<\/li>\n<li> Bordm\u00e5tt: 119L x 68B x 70H cm<\/li>\n<li> Stolm\u00e5tt: 58B x 65D x 81H cm<\/li>\n<li> F\u00e4llm\u00e5tt: 75L x 58B x 8H cm<\/li>\n<li> Sittstorlek: 50B x 42D x 42H cm<\/li>\n<li> Ryggst\u00f6dsm\u00e5tt: 50B x 49L cm<\/li>\n<li> Parasollm\u00e5tt: \u00d8180 x 220H cm<\/li>\n<li> Parasollh\u00e5ldiameter: \u00d842 mm<\/li>\n<li> Maximal belastning: 50 kg (bord), 120 kg (stol)<\/li>\n<\/ul>\n<p>Leveransinneh\u00e5ll:<\/p>\n<ul>\n<li> 6 x Stol<\/li>\n<li> 1 x Bord<\/li>\n<li> 1 x Parasoll<\/li>\n<li> 1 x Instruktioner<\/li>\n<\/ul>\n","protected":false},"excerpt":{"rendered":"<p>Dr\u00f6mmer du om avkopplande utomhustr\u00e4ffar, men skyr besv\u00e4ret? [BRAND NAME] tr\u00e4dg\u00e5rdsm\u00f6belset g\u00f6r det enkelt. Detta 8-delade balkongm\u00f6belset erbjuder omedelbart den&#8230;<\/p>\n","protected":false},"featured_media":107224,"template":"","meta":[],"product_brand":[],"product_cat":[858,450,456],"product_tag":[],"class_list":{"0":"post-107234","1":"product","2":"type-product","3":"status-publish","4":"has-post-thumbnail","6":"product_cat-tradgard-terrass","7":"product_cat-tradgardsmobler","8":"product_cat-tradgardsmobler-set","10":"first","11":"instock","12":"sale","13":"taxable","14":"shipping-taxable","15":"purchasable","16":"product-type-simple"},"yoast_head":"<!-- This site is optimized with the Yoast SEO plugin v25.4 - https:\/\/yoast.com\/wordpress\/plugins\/seo\/ -->\n<title>TRUUSK Tr\u00e4dg\u00e5rdsm\u00f6belset - 119 X 68cm Glasbord - 6 Hopf\u00e4llbara Stolar - Parasoll - V\u00e5gm\u00f6nster Gr\u00e5 - TRUUSK - Hem, Tr\u00e4dg\u00e5rd &amp; Fritid<\/title>\n<meta name=\"robots\" content=\"index, follow, max-snippet:-1, max-image-preview:large, max-video-preview:-1\" \/>\n<link rel=\"canonical\" href=\"https:\/\/truusk.store\/sv\/produkt\/truusk-tradgardsmobelset-119-x-68cm-glasbord-6-hopfallbara-stolar-parasoll-vagmonster-gra\/\" \/>\n<meta property=\"og:locale\" content=\"sv_SE\" \/>\n<meta property=\"og:type\" content=\"article\" \/>\n<meta property=\"og:title\" content=\"TRUUSK Tr\u00e4dg\u00e5rdsm\u00f6belset - 119 X 68cm Glasbord - 6 Hopf\u00e4llbara Stolar - Parasoll - V\u00e5gm\u00f6nster Gr\u00e5 - TRUUSK - Hem, Tr\u00e4dg\u00e5rd &amp; Fritid\" \/>\n<meta property=\"og:description\" content=\"Dr\u00f6mmer du om avkopplande utomhustr\u00e4ffar, men skyr besv\u00e4ret? [BRAND NAME] tr\u00e4dg\u00e5rdsm\u00f6belset g\u00f6r det enkelt. Detta 8-delade balkongm\u00f6belset erbjuder omedelbart den...\" \/>\n<meta property=\"og:url\" content=\"https:\/\/truusk.store\/sv\/produkt\/truusk-tradgardsmobelset-119-x-68cm-glasbord-6-hopfallbara-stolar-parasoll-vagmonster-gra\/\" \/>\n<meta property=\"og:site_name\" content=\"TRUUSK - Hem, Tr\u00e4dg\u00e5rd &amp; Fritid\" \/>\n<meta property=\"article:modified_time\" content=\"2026-03-12T07:53:20+00:00\" \/>\n<meta property=\"og:image\" content=\"https:\/\/i0.wp.com\/truusk.se\/wp-content\/uploads\/2026\/03\/tradgardsmobelset-sittgrupp-119-x-68cm-glasbord-med-6-hopfallbara-stolar-parasoll-vagmonster-gra-1.webp?fit=2000%2C2000&ssl=1\" \/>\n\t<meta property=\"og:image:width\" content=\"2000\" \/>\n\t<meta property=\"og:image:height\" content=\"2000\" \/>\n\t<meta property=\"og:image:type\" content=\"image\/webp\" \/>\n<meta name=\"twitter:card\" content=\"summary_large_image\" \/>\n<meta name=\"twitter:label1\" content=\"Ber\u00e4knad l\u00e4stid\" \/>\n\t<meta name=\"twitter:data1\" content=\"1 minut\" \/>\n<!-- \/ Yoast SEO plugin. -->","yoast_head_json":{"title":"TRUUSK Tr\u00e4dg\u00e5rdsm\u00f6belset - 119 X 68cm Glasbord - 6 Hopf\u00e4llbara Stolar - Parasoll - V\u00e5gm\u00f6nster Gr\u00e5 - TRUUSK - Hem, Tr\u00e4dg\u00e5rd &amp; Fritid","robots":{"index":"index","follow":"follow","max-snippet":"max-snippet:-1","max-image-preview":"max-image-preview:large","max-video-preview":"max-video-preview:-1"},"canonical":"https:\/\/truusk.store\/sv\/produkt\/truusk-tradgardsmobelset-119-x-68cm-glasbord-6-hopfallbara-stolar-parasoll-vagmonster-gra\/","og_locale":"sv_SE","og_type":"article","og_title":"TRUUSK Tr\u00e4dg\u00e5rdsm\u00f6belset - 119 X 68cm Glasbord - 6 Hopf\u00e4llbara Stolar - Parasoll - V\u00e5gm\u00f6nster Gr\u00e5 - TRUUSK - Hem, Tr\u00e4dg\u00e5rd &amp; Fritid","og_description":"Dr\u00f6mmer du om avkopplande utomhustr\u00e4ffar, men skyr besv\u00e4ret? [BRAND NAME] tr\u00e4dg\u00e5rdsm\u00f6belset g\u00f6r det enkelt. Detta 8-delade balkongm\u00f6belset erbjuder omedelbart den...","og_url":"https:\/\/truusk.store\/sv\/produkt\/truusk-tradgardsmobelset-119-x-68cm-glasbord-6-hopfallbara-stolar-parasoll-vagmonster-gra\/","og_site_name":"TRUUSK - Hem, Tr\u00e4dg\u00e5rd &amp; Fritid","article_modified_time":"2026-03-12T07:53:20+00:00","og_image":[{"width":2000,"height":2000,"url":"https:\/\/i0.wp.com\/truusk.se\/wp-content\/uploads\/2026\/03\/tradgardsmobelset-sittgrupp-119-x-68cm-glasbord-med-6-hopfallbara-stolar-parasoll-vagmonster-gra-1.webp?fit=2000%2C2000&ssl=1","type":"image\/webp"}],"twitter_card":"summary_large_image","twitter_misc":{"Ber\u00e4knad l\u00e4stid":"1 minut"},"schema":{"@context":"https:\/\/schema.org","@graph":[{"@type":"WebPage","@id":"https:\/\/truusk.store\/sv\/produkt\/truusk-tradgardsmobelset-119-x-68cm-glasbord-6-hopfallbara-stolar-parasoll-vagmonster-gra\/","url":"https:\/\/truusk.store\/sv\/produkt\/truusk-tradgardsmobelset-119-x-68cm-glasbord-6-hopfallbara-stolar-parasoll-vagmonster-gra\/","name":"TRUUSK Tr\u00e4dg\u00e5rdsm\u00f6belset - 119 X 68cm Glasbord - 6 Hopf\u00e4llbara Stolar - Parasoll - V\u00e5gm\u00f6nster Gr\u00e5 - TRUUSK - Hem, Tr\u00e4dg\u00e5rd &amp; Fritid","isPartOf":{"@id":"https:\/\/truusk.store\/sv\/#website"},"primaryImageOfPage":{"@id":"https:\/\/truusk.store\/sv\/produkt\/truusk-tradgardsmobelset-119-x-68cm-glasbord-6-hopfallbara-stolar-parasoll-vagmonster-gra\/#primaryimage"},"image":{"@id":"https:\/\/truusk.store\/sv\/produkt\/truusk-tradgardsmobelset-119-x-68cm-glasbord-6-hopfallbara-stolar-parasoll-vagmonster-gra\/#primaryimage"},"thumbnailUrl":"https:\/\/i0.wp.com\/truusk.store\/wp-content\/uploads\/2026\/03\/tradgardsmobelset-sittgrupp-119-x-68cm-glasbord-med-6-hopfallbara-stolar-parasoll-vagmonster-gra-1.webp?fit=2000%2C2000&ssl=1","datePublished":"2026-03-03T12:43:59+00:00","dateModified":"2026-03-12T07:53:20+00:00","breadcrumb":{"@id":"https:\/\/truusk.store\/sv\/produkt\/truusk-tradgardsmobelset-119-x-68cm-glasbord-6-hopfallbara-stolar-parasoll-vagmonster-gra\/#breadcrumb"},"inLanguage":"sv-SE","potentialAction":[{"@type":"ReadAction","target":["https:\/\/truusk.store\/sv\/produkt\/truusk-tradgardsmobelset-119-x-68cm-glasbord-6-hopfallbara-stolar-parasoll-vagmonster-gra\/"]}]},{"@type":"ImageObject","inLanguage":"sv-SE","@id":"https:\/\/truusk.store\/sv\/produkt\/truusk-tradgardsmobelset-119-x-68cm-glasbord-6-hopfallbara-stolar-parasoll-vagmonster-gra\/#primaryimage","url":"https:\/\/i0.wp.com\/truusk.store\/wp-content\/uploads\/2026\/03\/tradgardsmobelset-sittgrupp-119-x-68cm-glasbord-med-6-hopfallbara-stolar-parasoll-vagmonster-gra-1.webp?fit=2000%2C2000&ssl=1","contentUrl":"https:\/\/i0.wp.com\/truusk.store\/wp-content\/uploads\/2026\/03\/tradgardsmobelset-sittgrupp-119-x-68cm-glasbord-med-6-hopfallbara-stolar-parasoll-vagmonster-gra-1.webp?fit=2000%2C2000&ssl=1","width":2000,"height":2000},{"@type":"BreadcrumbList","@id":"https:\/\/truusk.store\/sv\/produkt\/truusk-tradgardsmobelset-119-x-68cm-glasbord-6-hopfallbara-stolar-parasoll-vagmonster-gra\/#breadcrumb","itemListElement":[{"@type":"ListItem","position":1,"name":"Home","item":"https:\/\/truusk.store\/sv\/"},{"@type":"ListItem","position":2,"name":"Shop","item":"https:\/\/truusk.store\/shop\/"},{"@type":"ListItem","position":3,"name":"TRUUSK Tr\u00e4dg\u00e5rdsm\u00f6belset &#8211; 119 X 68cm Glasbord &#8211; 6 Hopf\u00e4llbara Stolar &#8211; Parasoll &#8211; V\u00e5gm\u00f6nster Gr\u00e5"}]},{"@type":"WebSite","@id":"https:\/\/truusk.store\/sv\/#website","url":"https:\/\/truusk.store\/sv\/","name":"TRUUSK - Hem, Tr\u00e4dg\u00e5rd & Fritid","description":"","publisher":{"@id":"https:\/\/truusk.store\/sv\/#organization"},"potentialAction":[{"@type":"SearchAction","target":{"@type":"EntryPoint","urlTemplate":"https:\/\/truusk.store\/sv\/?s={search_term_string}"},"query-input":{"@type":"PropertyValueSpecification","valueRequired":true,"valueName":"search_term_string"}}],"inLanguage":"sv-SE"},{"@type":"Organization","@id":"https:\/\/truusk.store\/sv\/#organization","name":"TRUUSK - Hem, Tr\u00e4dg\u00e5rd & Fritid","url":"https:\/\/truusk.store\/sv\/","logo":{"@type":"ImageObject","inLanguage":"sv-SE","@id":"https:\/\/truusk.store\/sv\/#\/schema\/logo\/image\/","url":"https:\/\/i0.wp.com\/truusk.store\/wp-content\/uploads\/2026\/03\/cropped-TRUUSK.png?fit=2032%2C917&ssl=1","contentUrl":"https:\/\/i0.wp.com\/truusk.store\/wp-content\/uploads\/2026\/03\/cropped-TRUUSK.png?fit=2032%2C917&ssl=1","width":2032,"height":917,"caption":"TRUUSK - Hem, Tr\u00e4dg\u00e5rd & Fritid"},"image":{"@id":"https:\/\/truusk.store\/sv\/#\/schema\/logo\/image\/"}}]}},"jetpack_sharing_enabled":true,"_links":{"self":[{"href":"https:\/\/truusk.store\/sv\/wp-json\/wp\/v2\/product\/107234","targetHints":{"allow":["GET"]}}],"collection":[{"href":"https:\/\/truusk.store\/sv\/wp-json\/wp\/v2\/product"}],"about":[{"href":"https:\/\/truusk.store\/sv\/wp-json\/wp\/v2\/types\/product"}],"wp:featuredmedia":[{"embeddable":true,"href":"https:\/\/truusk.store\/sv\/wp-json\/wp\/v2\/media\/107224"}],"wp:attachment":[{"href":"https:\/\/truusk.store\/sv\/wp-json\/wp\/v2\/media?parent=107234"}],"wp:term":[{"taxonomy":"product_brand","embeddable":true,"href":"https:\/\/truusk.store\/sv\/wp-json\/wp\/v2\/product_brand?post=107234"},{"taxonomy":"product_cat","embeddable":true,"href":"https:\/\/truusk.store\/sv\/wp-json\/wp\/v2\/product_cat?post=107234"},{"taxonomy":"product_tag","embeddable":true,"href":"https:\/\/truusk.store\/sv\/wp-json\/wp\/v2\/product_tag?post=107234"}],"curies":[{"name":"wp","href":"https:\/\/api.w.org\/{rel}","templated":true}]}}