{"id":107246,"date":"2026-03-03T13:45:05","date_gmt":"2026-03-03T12:45:05","guid":{"rendered":"https:\/\/truusk.store\/product\/rattan-bistro-set-3-delat-tradgardsmobelset-med-runt-glasbord-stolar-och-kuddar-kramvit\/"},"modified":"2026-03-12T08:53:24","modified_gmt":"2026-03-12T07:53:24","slug":"truusk-rattan-bistro-set-3-delat-tradgardsmobelset-runt-glasbord-stolar-med-kuddar-kramvit","status":"publish","type":"product","link":"https:\/\/truusk.store\/sv\/produkt\/truusk-rattan-bistro-set-3-delat-tradgardsmobelset-runt-glasbord-stolar-med-kuddar-kramvit\/","title":{"rendered":"TRUUSK Rattan Bistro-set &#8211; 3-delat Tr\u00e4dg\u00e5rdsm\u00f6belset &#8211; Runt Glasbord &#8211; Stolar Med Kuddar &#8211; Kr\u00e4mvit"},"content":{"rendered":"<p>Att hitta en tillflyktsort i tr\u00e4dg\u00e5rden \u00e4r sv\u00e5rt med kortlivade m\u00f6bler. Rattan-tr\u00e4dg\u00e5rdsm\u00f6belsetet fr\u00e5n [BRAND NAME] f\u00f6rvandlar terrassen eller balkongen till en oas. Tillverkat av v\u00e4derbest\u00e4ndig plastrotting och robust st\u00e5l, erbjuder det komfort med sitt- och ryggkuddar. Perfekt f\u00f6r att lindra stress och njuta av elementen.<\/p>\n<p>Beskrivning:<\/p>\n<ul>\n<li> Rattan-bistrosetet inkluderar ett runt bord och tv\u00e5 stolar, idealiskt som balkongm\u00f6bler f\u00f6r sm\u00e5 utrymmen<\/li>\n<li> Vackert balkongset ger naturlig elegans, perfekt som moderna balkongm\u00f6bler<\/li>\n<li> Pulverlackerade st\u00e5lramar f\u00f6r rattansittgruppen f\u00f6r en stark och robust k\u00e4rna i dessa balkongm\u00f6bler<\/li>\n<li> Sittkuddar och vadderade ryggkuddar f\u00f6r optimal komfort<\/li>\n<li> Kudd\u00f6verdrag med dragkedjor f\u00f6r enkel avtagning och tv\u00e4tt<\/li>\n<li> Runt glasbord, elegant, s\u00e4kert och l\u00e4tt att reng\u00f6ra<\/li>\n<li> Skyddsf\u00f6tter ger stabilitet och f\u00f6rhindrar l\u00e4tta repor<\/li>\n<li> Montering kr\u00e4vs<\/li>\n<\/ul>\n<p> Tekniska data:<\/p>\n<ul>\n<li> F\u00e4rg: Natur+Cremevit<\/li>\n<li> Material: PE-rattan, galvaniserat st\u00e5l, polyester, glas<\/li>\n<li> Stolm\u00e5tt: 65B x 62D x 76H cm<\/li>\n<li> Bordm\u00e5tt: 45L x 45B x 38H cm<\/li>\n<li> Sittstorlek: 56B x 50D cm<\/li>\n<li> Sitth\u00f6jd: 39 cm<\/li>\n<li> Ryggst\u00f6d: 50B x 38H cm<\/li>\n<li> Kuddtjocklek: 5 cm (sitt\/rygg)<\/li>\n<li> Belastningskapacitet: 120 kg (stol), 30 kg (bord)<\/li>\n<li> Artikelnummer: 863-209V00CW<\/li>\n<\/ul>\n<p>Leveransinneh\u00e5ll:<\/p>\n<ul>\n<li> 1 x Bord<\/li>\n<li> 2 x F\u00e5t\u00f6ljer<\/li>\n<li> 2 x Sittkuddar<\/li>\n<li> 2 x Ryggkuddar<\/li>\n<li> 1 x Instruktioner<\/li>\n<\/ul>\n","protected":false},"excerpt":{"rendered":"<p>Att hitta en tillflyktsort i tr\u00e4dg\u00e5rden \u00e4r sv\u00e5rt med kortlivade m\u00f6bler. Rattan-tr\u00e4dg\u00e5rdsm\u00f6belsetet fr\u00e5n [BRAND NAME] f\u00f6rvandlar terrassen eller balkongen till&#8230;<\/p>\n","protected":false},"featured_media":107233,"template":"","meta":[],"product_brand":[],"product_cat":[858,450,456],"product_tag":[],"class_list":{"0":"post-107246","1":"product","2":"type-product","3":"status-publish","4":"has-post-thumbnail","6":"product_cat-tradgard-terrass","7":"product_cat-tradgardsmobler","8":"product_cat-tradgardsmobler-set","10":"first","11":"instock","12":"sale","13":"taxable","14":"shipping-taxable","15":"purchasable","16":"product-type-simple"},"yoast_head":"<!-- This site is optimized with the Yoast SEO plugin v25.4 - https:\/\/yoast.com\/wordpress\/plugins\/seo\/ -->\n<title>TRUUSK Rattan Bistro-set - 3-delat Tr\u00e4dg\u00e5rdsm\u00f6belset - Runt Glasbord - Stolar Med Kuddar - Kr\u00e4mvit - TRUUSK - Hem, Tr\u00e4dg\u00e5rd &amp; Fritid<\/title>\n<meta name=\"robots\" content=\"index, follow, max-snippet:-1, max-image-preview:large, max-video-preview:-1\" \/>\n<link rel=\"canonical\" href=\"https:\/\/truusk.store\/sv\/produkt\/truusk-rattan-bistro-set-3-delat-tradgardsmobelset-runt-glasbord-stolar-med-kuddar-kramvit\/\" \/>\n<meta property=\"og:locale\" content=\"sv_SE\" \/>\n<meta property=\"og:type\" content=\"article\" \/>\n<meta property=\"og:title\" content=\"TRUUSK Rattan Bistro-set - 3-delat Tr\u00e4dg\u00e5rdsm\u00f6belset - Runt Glasbord - Stolar Med Kuddar - Kr\u00e4mvit - TRUUSK - Hem, Tr\u00e4dg\u00e5rd &amp; Fritid\" \/>\n<meta property=\"og:description\" content=\"Att hitta en tillflyktsort i tr\u00e4dg\u00e5rden \u00e4r sv\u00e5rt med kortlivade m\u00f6bler. Rattan-tr\u00e4dg\u00e5rdsm\u00f6belsetet fr\u00e5n [BRAND NAME] f\u00f6rvandlar terrassen eller balkongen till...\" \/>\n<meta property=\"og:url\" content=\"https:\/\/truusk.store\/sv\/produkt\/truusk-rattan-bistro-set-3-delat-tradgardsmobelset-runt-glasbord-stolar-med-kuddar-kramvit\/\" \/>\n<meta property=\"og:site_name\" content=\"TRUUSK - Hem, Tr\u00e4dg\u00e5rd &amp; Fritid\" \/>\n<meta property=\"article:modified_time\" content=\"2026-03-12T07:53:24+00:00\" \/>\n<meta property=\"og:image\" content=\"https:\/\/i0.wp.com\/truusk.se\/wp-content\/uploads\/2026\/03\/rattan-bistro-set-3-delat-tradgardsmobelset-med-runt-glasbord-stolar-och-kuddar-kramvit-1.webp?fit=2000%2C2000&ssl=1\" \/>\n\t<meta property=\"og:image:width\" content=\"2000\" \/>\n\t<meta property=\"og:image:height\" content=\"2000\" \/>\n\t<meta property=\"og:image:type\" content=\"image\/webp\" \/>\n<meta name=\"twitter:card\" content=\"summary_large_image\" \/>\n<meta name=\"twitter:label1\" content=\"Ber\u00e4knad l\u00e4stid\" \/>\n\t<meta name=\"twitter:data1\" content=\"1 minut\" \/>\n<!-- \/ Yoast SEO plugin. -->","yoast_head_json":{"title":"TRUUSK Rattan Bistro-set - 3-delat Tr\u00e4dg\u00e5rdsm\u00f6belset - Runt Glasbord - Stolar Med Kuddar - Kr\u00e4mvit - TRUUSK - Hem, Tr\u00e4dg\u00e5rd &amp; Fritid","robots":{"index":"index","follow":"follow","max-snippet":"max-snippet:-1","max-image-preview":"max-image-preview:large","max-video-preview":"max-video-preview:-1"},"canonical":"https:\/\/truusk.store\/sv\/produkt\/truusk-rattan-bistro-set-3-delat-tradgardsmobelset-runt-glasbord-stolar-med-kuddar-kramvit\/","og_locale":"sv_SE","og_type":"article","og_title":"TRUUSK Rattan Bistro-set - 3-delat Tr\u00e4dg\u00e5rdsm\u00f6belset - Runt Glasbord - Stolar Med Kuddar - Kr\u00e4mvit - TRUUSK - Hem, Tr\u00e4dg\u00e5rd &amp; Fritid","og_description":"Att hitta en tillflyktsort i tr\u00e4dg\u00e5rden \u00e4r sv\u00e5rt med kortlivade m\u00f6bler. Rattan-tr\u00e4dg\u00e5rdsm\u00f6belsetet fr\u00e5n [BRAND NAME] f\u00f6rvandlar terrassen eller balkongen till...","og_url":"https:\/\/truusk.store\/sv\/produkt\/truusk-rattan-bistro-set-3-delat-tradgardsmobelset-runt-glasbord-stolar-med-kuddar-kramvit\/","og_site_name":"TRUUSK - Hem, Tr\u00e4dg\u00e5rd &amp; Fritid","article_modified_time":"2026-03-12T07:53:24+00:00","og_image":[{"width":2000,"height":2000,"url":"https:\/\/i0.wp.com\/truusk.se\/wp-content\/uploads\/2026\/03\/rattan-bistro-set-3-delat-tradgardsmobelset-med-runt-glasbord-stolar-och-kuddar-kramvit-1.webp?fit=2000%2C2000&ssl=1","type":"image\/webp"}],"twitter_card":"summary_large_image","twitter_misc":{"Ber\u00e4knad l\u00e4stid":"1 minut"},"schema":{"@context":"https:\/\/schema.org","@graph":[{"@type":"WebPage","@id":"https:\/\/truusk.store\/sv\/produkt\/truusk-rattan-bistro-set-3-delat-tradgardsmobelset-runt-glasbord-stolar-med-kuddar-kramvit\/","url":"https:\/\/truusk.store\/sv\/produkt\/truusk-rattan-bistro-set-3-delat-tradgardsmobelset-runt-glasbord-stolar-med-kuddar-kramvit\/","name":"TRUUSK Rattan Bistro-set - 3-delat Tr\u00e4dg\u00e5rdsm\u00f6belset - Runt Glasbord - Stolar Med Kuddar - Kr\u00e4mvit - TRUUSK - Hem, Tr\u00e4dg\u00e5rd &amp; Fritid","isPartOf":{"@id":"https:\/\/truusk.store\/sv\/#website"},"primaryImageOfPage":{"@id":"https:\/\/truusk.store\/sv\/produkt\/truusk-rattan-bistro-set-3-delat-tradgardsmobelset-runt-glasbord-stolar-med-kuddar-kramvit\/#primaryimage"},"image":{"@id":"https:\/\/truusk.store\/sv\/produkt\/truusk-rattan-bistro-set-3-delat-tradgardsmobelset-runt-glasbord-stolar-med-kuddar-kramvit\/#primaryimage"},"thumbnailUrl":"https:\/\/i0.wp.com\/truusk.store\/wp-content\/uploads\/2026\/03\/rattan-bistro-set-3-delat-tradgardsmobelset-med-runt-glasbord-stolar-och-kuddar-kramvit-1.webp?fit=2000%2C2000&ssl=1","datePublished":"2026-03-03T12:45:05+00:00","dateModified":"2026-03-12T07:53:24+00:00","breadcrumb":{"@id":"https:\/\/truusk.store\/sv\/produkt\/truusk-rattan-bistro-set-3-delat-tradgardsmobelset-runt-glasbord-stolar-med-kuddar-kramvit\/#breadcrumb"},"inLanguage":"sv-SE","potentialAction":[{"@type":"ReadAction","target":["https:\/\/truusk.store\/sv\/produkt\/truusk-rattan-bistro-set-3-delat-tradgardsmobelset-runt-glasbord-stolar-med-kuddar-kramvit\/"]}]},{"@type":"ImageObject","inLanguage":"sv-SE","@id":"https:\/\/truusk.store\/sv\/produkt\/truusk-rattan-bistro-set-3-delat-tradgardsmobelset-runt-glasbord-stolar-med-kuddar-kramvit\/#primaryimage","url":"https:\/\/i0.wp.com\/truusk.store\/wp-content\/uploads\/2026\/03\/rattan-bistro-set-3-delat-tradgardsmobelset-med-runt-glasbord-stolar-och-kuddar-kramvit-1.webp?fit=2000%2C2000&ssl=1","contentUrl":"https:\/\/i0.wp.com\/truusk.store\/wp-content\/uploads\/2026\/03\/rattan-bistro-set-3-delat-tradgardsmobelset-med-runt-glasbord-stolar-och-kuddar-kramvit-1.webp?fit=2000%2C2000&ssl=1","width":2000,"height":2000},{"@type":"BreadcrumbList","@id":"https:\/\/truusk.store\/sv\/produkt\/truusk-rattan-bistro-set-3-delat-tradgardsmobelset-runt-glasbord-stolar-med-kuddar-kramvit\/#breadcrumb","itemListElement":[{"@type":"ListItem","position":1,"name":"Home","item":"https:\/\/truusk.store\/sv\/"},{"@type":"ListItem","position":2,"name":"Shop","item":"https:\/\/truusk.store\/shop\/"},{"@type":"ListItem","position":3,"name":"TRUUSK Rattan Bistro-set &#8211; 3-delat Tr\u00e4dg\u00e5rdsm\u00f6belset &#8211; Runt Glasbord &#8211; Stolar Med Kuddar &#8211; Kr\u00e4mvit"}]},{"@type":"WebSite","@id":"https:\/\/truusk.store\/sv\/#website","url":"https:\/\/truusk.store\/sv\/","name":"TRUUSK - Hem, Tr\u00e4dg\u00e5rd & Fritid","description":"","publisher":{"@id":"https:\/\/truusk.store\/sv\/#organization"},"potentialAction":[{"@type":"SearchAction","target":{"@type":"EntryPoint","urlTemplate":"https:\/\/truusk.store\/sv\/?s={search_term_string}"},"query-input":{"@type":"PropertyValueSpecification","valueRequired":true,"valueName":"search_term_string"}}],"inLanguage":"sv-SE"},{"@type":"Organization","@id":"https:\/\/truusk.store\/sv\/#organization","name":"TRUUSK - Hem, Tr\u00e4dg\u00e5rd & Fritid","url":"https:\/\/truusk.store\/sv\/","logo":{"@type":"ImageObject","inLanguage":"sv-SE","@id":"https:\/\/truusk.store\/sv\/#\/schema\/logo\/image\/","url":"https:\/\/i0.wp.com\/truusk.store\/wp-content\/uploads\/2026\/03\/cropped-TRUUSK.png?fit=2032%2C917&ssl=1","contentUrl":"https:\/\/i0.wp.com\/truusk.store\/wp-content\/uploads\/2026\/03\/cropped-TRUUSK.png?fit=2032%2C917&ssl=1","width":2032,"height":917,"caption":"TRUUSK - Hem, Tr\u00e4dg\u00e5rd & Fritid"},"image":{"@id":"https:\/\/truusk.store\/sv\/#\/schema\/logo\/image\/"}}]}},"jetpack_sharing_enabled":true,"_links":{"self":[{"href":"https:\/\/truusk.store\/sv\/wp-json\/wp\/v2\/product\/107246","targetHints":{"allow":["GET"]}}],"collection":[{"href":"https:\/\/truusk.store\/sv\/wp-json\/wp\/v2\/product"}],"about":[{"href":"https:\/\/truusk.store\/sv\/wp-json\/wp\/v2\/types\/product"}],"wp:featuredmedia":[{"embeddable":true,"href":"https:\/\/truusk.store\/sv\/wp-json\/wp\/v2\/media\/107233"}],"wp:attachment":[{"href":"https:\/\/truusk.store\/sv\/wp-json\/wp\/v2\/media?parent=107246"}],"wp:term":[{"taxonomy":"product_brand","embeddable":true,"href":"https:\/\/truusk.store\/sv\/wp-json\/wp\/v2\/product_brand?post=107246"},{"taxonomy":"product_cat","embeddable":true,"href":"https:\/\/truusk.store\/sv\/wp-json\/wp\/v2\/product_cat?post=107246"},{"taxonomy":"product_tag","embeddable":true,"href":"https:\/\/truusk.store\/sv\/wp-json\/wp\/v2\/product_tag?post=107246"}],"curies":[{"name":"wp","href":"https:\/\/api.w.org\/{rel}","templated":true}]}}